{"id":48036,"date":"2026-04-03T14:54:33","date_gmt":"2026-04-03T12:54:33","guid":{"rendered":"https:\/\/naturalpoland.com\/produkty\/uncategorized\/%ed%9e%88%eb%a7%90%eb%9d%bc%ec%95%bc-%ec%8b%9c%eb%8d%94%ec%9a%b0%eb%93%9c-%ec%98%a4%ec%9d%bc\/"},"modified":"2026-04-28T12:20:39","modified_gmt":"2026-04-28T10:20:39","slug":"%ed%9e%88%eb%a7%90%eb%9d%bc%ec%95%bc-%ec%8b%9c%eb%8d%94%ec%9a%b0%eb%93%9c-%ec%98%a4%ec%9d%bc","status":"publish","type":"product","link":"https:\/\/naturalpoland.com\/ko\/je-pum\/hwa-jang-pum-won-ryo\/e-sen-syeol-o-il\/%ed%9e%88%eb%a7%90%eb%9d%bc%ec%95%bc-%ec%8b%9c%eb%8d%94%ec%9a%b0%eb%93%9c-%ec%98%a4%ec%9d%bc\/","title":{"rendered":"\ud788\ub9d0\ub77c\uc57c \uc2dc\ub354\uc6b0\ub4dc \uc624\uc77c"},"content":{"rendered":"<h2>\ud788\ub9d0\ub77c\uc57c \uc2dc\ub354\uc6b0\ub4dc \uc624\uc77c\uc758 \ud2b9\uc131 \ubc0f \ud6a8\ub2a5:<\/h2>\n<p>\ud788\ub9d0\ub77c\uc57c \uc2dc\ub354\uc6b0\ub4dc \uc624\uc77c\uc740 \ud2b9\uc720\uc758 \ud5a5\uae30 \ud504\ub85c\ud544\uacfc \ud5a5\ub8cc \uc801\uc6a9 \uc2dc \uae30\ub2a5\uc801 \ud2b9\uc131\uc744 \ub2f4\ub2f9\ud558\ub294 <strong>\uc138\uc2a4\ud034\ud14c\ub974\ud39c \uacc4\uc5f4<\/strong>\uc758 \ucc9c\uc5f0 \ubc29\ud5a5\uc871 \ud654\ud569\ubb3c\uc744 \ud568\uc720\ud558\uace0 \uc788\uc2b5\ub2c8\ub2e4. <strong>\uac15\ub82c\ud55c \uc6b0\ub514 \uc544\ub85c\ub9c8<\/strong> \ub355\ubd84\uc5d0 \uc774 \uc6d0\ub8cc\ub294 \uae4a\uace0 \ubc1c\uc0ac\ubbf9\ud55c \ud5a5\uc870\ub97c \uad6c\ucd95\ud558\ub294 \ub370 \uc911\uc810\uc744 \ub454 \uc81c\ud615\uc5d0 \ud65c\uc6a9\ub429\ub2c8\ub2e4. <\/p>\n<p>\uc544\ub85c\ub9c8\ud14c\ub77c\ud53c\uc5d0\uc11c \uc774 \uc624\uc77c\uc740 \ud734\uc2dd\uc744 \ucd09\uc9c4\ud558\uace0 \ud3c9\uc628\ud568\uacfc \uc9d1\uc911\ub825\uc744 \ub192\uc774\ub294 \ubd84\uc704\uae30\ub97c \uc870\uc131\ud558\ub294 \ud5a5\uae30 \uc870\uc131\ubb3c\uc5d0 \uc0ac\uc6a9\ub429\ub2c8\ub2e4. \ud5a5\uae30 \ud504\ub85c\ud544 \ub355\ubd84\uc5d0 \uc2dc\ud2b8\ub7ec\uc2a4, \ub808\uc9c4, \uc2a4\ud30c\uc774\uc2dc \uc624\uc77c\uacfc \uc798 \uc5b4\uc6b8\ub9bd\ub2c8\ub2e4. <\/p>\n<p>\ud788\ub9d0\ub77c\uc57c \uc2dc\ub354\uc6b0\ub4dc \uc624\uc77c\uc740 \ud654\uc7a5\ud488\uc758 \ud5a5\ub8cc \uc131\ubd84\uc73c\ub85c\ub3c4 \uc0ac\uc6a9\ub420 \uc218 \uc788\uc9c0\ub9cc, \ud53c\ubd80\uc5d0 \uc9c1\uc811 \ubc14\ub974\ub294 \uc81c\ud488\uc5d0 \uc801\uc6a9\ud560 \uacbd\uc6b0 \ud56d\uc0c1 \ud574\ub2f9 \uaddc\ubc94 \ubc0f \uc81c\ud615 \uc694\uad6c \uc0ac\ud56d\uc5d0 \ub9de\ucdb0\uc57c \ud569\ub2c8\ub2e4.<\/p>\n<h2>\ud788\ub9d0\ub77c\uc57c \uc2dc\ub354\uc6b0\ub4dc \uc624\uc77c\uc758 \uc801\uc6a9 \ubd84\uc57c:<\/h2>\n<p>\ud788\ub9d0\ub77c\uc57c \uc2dc\ub354\uc6b0\ub4dc \uc624\uc77c\uc740 \uc8fc\ub85c \ub2e4\uc74c \ubd84\uc57c\uc5d0 \uc0ac\uc6a9\ub429\ub2c8\ub2e4:<\/p>\n<ul>\n<li>\uc544\ub85c\ub9c8\ud14c\ub77c\ud53c \ubc0f \ud5a5 \uc81c\ud488,<\/li>\n<li>\ud5a5\ucd08 \ubc0f \ub514\ud4e8\uc800,<\/li>\n<li>\ud5a5\uc218 \ubc0f \ud5a5\uae30 \uc870\uc131\ubb3c,<\/li>\n<li>\ud654\uc7a5\ud488\uc758 \ud5a5\ub8cc \uc131\ubd84.<\/li>\n<\/ul>\n","protected":false},"excerpt":{"rendered":"<p><strong>\ud788\ub9d0\ub77c\uc57c \uc2dc\ub354\uc6b0\ub4dc \uc624\uc77c<\/strong>\uc740 <em><strong>Cedrus deodara<\/strong><\/em> \uc0bc\ub098\ubb34 \ubaa9\uc7ac\uc5d0\uc11c \uc218\uc99d\uae30 \uc99d\ub958\ubc95\uc73c\ub85c \ucd94\ucd9c\ub429\ub2c8\ub2e4. \uc774 \uc6d0\ub8cc\ub294 \uc778\ub3c4\uc0b0\uc774\uba70, \uc544\ub85c\ub9c8\ud14c\ub77c\ud53c \ubc0f \ud5a5\ub8cc \uc81c\ud615\uc5d0 \uc0ac\uc6a9\ub418\ub294 \uace0\uc804\uc801\uc778 \uc5d0\uc13c\uc15c \uc624\uc77c \uc911 \ud558\ub098\uc785\ub2c8\ub2e4. <\/p>\n","protected":false},"featured_media":48037,"template":"","meta":{"_acf_changed":false},"product_brand":[],"product_cat":[8155],"product_tag":[],"class_list":{"0":"post-48036","1":"product","2":"type-product","3":"status-publish","4":"has-post-thumbnail","6":"product_cat-e-sen-syeol-o-il","7":"pa_czesc-rosliny-12045","8":"pa_metoda-pozyskiwania-12046","10":"first","11":"instock","12":"shipping-taxable","13":"product-type-simple"},"acf":[],"yoast_head":"<!-- This site is optimized with the Yoast SEO plugin v27.5 - https:\/\/yoast.com\/product\/yoast-seo-wordpress\/ -->\n<title>\ud788\ub9d0\ub77c\uc57c \uc2dc\ub354\uc6b0\ub4dc \uc624\uc77c - Hurtowy Dystrybutor<\/title>\n<meta name=\"description\" content=\"\ud788\ub9d0\ub77c\uc57c \uc2dc\ub354\uc6b0\ub4dc \uc624\uc77c(Cedrus deodara)\uc740 \uc6b0\ub514\ud558\uace0 \ubc1c\uc0ac\ubbf9\ud55c \ud5a5\uc744 \uc9c0\ub2c8\uace0 \uc788\uc2b5\ub2c8\ub2e4. \uc544\ub85c\ub9c8\ud14c\ub77c\ud53c, \ud5a5\uc218 \ubc0f \ud5a5 \uc81c\ud488\uc5d0 \uc0ac\uc6a9\ub429\ub2c8\ub2e4.\" \/>\n<meta name=\"robots\" content=\"index, follow, max-snippet:-1, max-image-preview:large, max-video-preview:-1\" \/>\n<link rel=\"canonical\" href=\"https:\/\/naturalpoland.com\/ko\/je-pum\/hwa-jang-pum-won-ryo\/e-sen-syeol-o-il\/%ed%9e%88%eb%a7%90%eb%9d%bc%ec%95%bc-%ec%8b%9c%eb%8d%94%ec%9a%b0%eb%93%9c-%ec%98%a4%ec%9d%bc\/\" \/>\n<meta property=\"og:locale\" content=\"ko_KR\" \/>\n<meta property=\"og:type\" content=\"article\" \/>\n<meta property=\"og:title\" content=\"\ud788\ub9d0\ub77c\uc57c \uc2dc\ub354\uc6b0\ub4dc \uc624\uc77c - Hurtowy Dystrybutor\" \/>\n<meta property=\"og:description\" content=\"\ud788\ub9d0\ub77c\uc57c \uc2dc\ub354\uc6b0\ub4dc \uc624\uc77c(Cedrus deodara)\uc740 \uc6b0\ub514\ud558\uace0 \ubc1c\uc0ac\ubbf9\ud55c \ud5a5\uc744 \uc9c0\ub2c8\uace0 \uc788\uc2b5\ub2c8\ub2e4. \uc544\ub85c\ub9c8\ud14c\ub77c\ud53c, \ud5a5\uc218 \ubc0f \ud5a5 \uc81c\ud488\uc5d0 \uc0ac\uc6a9\ub429\ub2c8\ub2e4.\" \/>\n<meta property=\"og:url\" content=\"https:\/\/naturalpoland.com\/ko\/je-pum\/hwa-jang-pum-won-ryo\/e-sen-syeol-o-il\/%ed%9e%88%eb%a7%90%eb%9d%bc%ec%95%bc-%ec%8b%9c%eb%8d%94%ec%9a%b0%eb%93%9c-%ec%98%a4%ec%9d%bc\/\" \/>\n<meta property=\"og:site_name\" content=\"NATURAL POLAND - Hurtowy Dystrybutor Surowc\u00f3w\" \/>\n<meta property=\"article:publisher\" content=\"https:\/\/www.facebook.com\/naturalpoland.b2b\" \/>\n<meta property=\"article:modified_time\" content=\"2026-04-28T10:20:39+00:00\" \/>\n<meta property=\"og:image\" content=\"https:\/\/naturalpoland.com\/wp-content\/uploads\/olejek-cedrowy-himalajski.png\" \/>\n\t<meta property=\"og:image:width\" content=\"1024\" \/>\n\t<meta property=\"og:image:height\" content=\"1024\" \/>\n\t<meta property=\"og:image:type\" content=\"image\/png\" \/>\n<script type=\"application\/ld+json\" class=\"yoast-schema-graph\">{\"@context\":\"https:\\\/\\\/schema.org\",\"@graph\":[{\"@type\":\"WebPage\",\"@id\":\"https:\\\/\\\/naturalpoland.com\\\/ko\\\/je-pum\\\/hwa-jang-pum-won-ryo\\\/e-sen-syeol-o-il\\\/%ed%9e%88%eb%a7%90%eb%9d%bc%ec%95%bc-%ec%8b%9c%eb%8d%94%ec%9a%b0%eb%93%9c-%ec%98%a4%ec%9d%bc\\\/\",\"url\":\"https:\\\/\\\/naturalpoland.com\\\/ko\\\/je-pum\\\/hwa-jang-pum-won-ryo\\\/e-sen-syeol-o-il\\\/%ed%9e%88%eb%a7%90%eb%9d%bc%ec%95%bc-%ec%8b%9c%eb%8d%94%ec%9a%b0%eb%93%9c-%ec%98%a4%ec%9d%bc\\\/\",\"name\":\"\ud788\ub9d0\ub77c\uc57c \uc2dc\ub354\uc6b0\ub4dc \uc624\uc77c - Hurtowy Dystrybutor\",\"isPartOf\":{\"@id\":\"https:\\\/\\\/naturalpoland.com\\\/ko\\\/#website\"},\"primaryImageOfPage\":{\"@id\":\"https:\\\/\\\/naturalpoland.com\\\/ko\\\/je-pum\\\/hwa-jang-pum-won-ryo\\\/e-sen-syeol-o-il\\\/%ed%9e%88%eb%a7%90%eb%9d%bc%ec%95%bc-%ec%8b%9c%eb%8d%94%ec%9a%b0%eb%93%9c-%ec%98%a4%ec%9d%bc\\\/#primaryimage\"},\"image\":{\"@id\":\"https:\\\/\\\/naturalpoland.com\\\/ko\\\/je-pum\\\/hwa-jang-pum-won-ryo\\\/e-sen-syeol-o-il\\\/%ed%9e%88%eb%a7%90%eb%9d%bc%ec%95%bc-%ec%8b%9c%eb%8d%94%ec%9a%b0%eb%93%9c-%ec%98%a4%ec%9d%bc\\\/#primaryimage\"},\"thumbnailUrl\":\"https:\\\/\\\/naturalpoland.com\\\/wp-content\\\/uploads\\\/olejek-cedrowy-himalajski.png\",\"datePublished\":\"2026-04-03T12:54:33+00:00\",\"dateModified\":\"2026-04-28T10:20:39+00:00\",\"description\":\"\ud788\ub9d0\ub77c\uc57c \uc2dc\ub354\uc6b0\ub4dc \uc624\uc77c(Cedrus deodara)\uc740 \uc6b0\ub514\ud558\uace0 \ubc1c\uc0ac\ubbf9\ud55c \ud5a5\uc744 \uc9c0\ub2c8\uace0 \uc788\uc2b5\ub2c8\ub2e4. \uc544\ub85c\ub9c8\ud14c\ub77c\ud53c, \ud5a5\uc218 \ubc0f \ud5a5 \uc81c\ud488\uc5d0 \uc0ac\uc6a9\ub429\ub2c8\ub2e4.\",\"breadcrumb\":{\"@id\":\"https:\\\/\\\/naturalpoland.com\\\/ko\\\/je-pum\\\/hwa-jang-pum-won-ryo\\\/e-sen-syeol-o-il\\\/%ed%9e%88%eb%a7%90%eb%9d%bc%ec%95%bc-%ec%8b%9c%eb%8d%94%ec%9a%b0%eb%93%9c-%ec%98%a4%ec%9d%bc\\\/#breadcrumb\"},\"inLanguage\":\"ko-KR\",\"potentialAction\":[{\"@type\":\"ReadAction\",\"target\":[\"https:\\\/\\\/naturalpoland.com\\\/ko\\\/je-pum\\\/hwa-jang-pum-won-ryo\\\/e-sen-syeol-o-il\\\/%ed%9e%88%eb%a7%90%eb%9d%bc%ec%95%bc-%ec%8b%9c%eb%8d%94%ec%9a%b0%eb%93%9c-%ec%98%a4%ec%9d%bc\\\/\"]}]},{\"@type\":\"ImageObject\",\"inLanguage\":\"ko-KR\",\"@id\":\"https:\\\/\\\/naturalpoland.com\\\/ko\\\/je-pum\\\/hwa-jang-pum-won-ryo\\\/e-sen-syeol-o-il\\\/%ed%9e%88%eb%a7%90%eb%9d%bc%ec%95%bc-%ec%8b%9c%eb%8d%94%ec%9a%b0%eb%93%9c-%ec%98%a4%ec%9d%bc\\\/#primaryimage\",\"url\":\"https:\\\/\\\/naturalpoland.com\\\/wp-content\\\/uploads\\\/olejek-cedrowy-himalajski.png\",\"contentUrl\":\"https:\\\/\\\/naturalpoland.com\\\/wp-content\\\/uploads\\\/olejek-cedrowy-himalajski.png\",\"width\":1024,\"height\":1024,\"caption\":\"\ud788\ub9d0\ub77c\uc57c \uc2dc\ub354\uc6b0\ub4dc \uc5d0\uc13c\uc15c \uc624\uc77c\"},{\"@type\":\"BreadcrumbList\",\"@id\":\"https:\\\/\\\/naturalpoland.com\\\/ko\\\/je-pum\\\/hwa-jang-pum-won-ryo\\\/e-sen-syeol-o-il\\\/%ed%9e%88%eb%a7%90%eb%9d%bc%ec%95%bc-%ec%8b%9c%eb%8d%94%ec%9a%b0%eb%93%9c-%ec%98%a4%ec%9d%bc\\\/#breadcrumb\",\"itemListElement\":[{\"@type\":\"ListItem\",\"position\":1,\"name\":\"\ud648\",\"item\":\"https:\\\/\\\/naturalpoland.com\\\/ko\\\/\"},{\"@type\":\"ListItem\",\"position\":2,\"name\":\"\uc81c\ud488\",\"item\":\"https:\\\/\\\/naturalpoland.com\\\/ko\\\/%ec%a0%9c%ed%92%88\\\/\"},{\"@type\":\"ListItem\",\"position\":3,\"name\":\"\ud788\ub9d0\ub77c\uc57c \uc2dc\ub354\uc6b0\ub4dc \uc624\uc77c\"}]},{\"@type\":\"WebSite\",\"@id\":\"https:\\\/\\\/naturalpoland.com\\\/ko\\\/#website\",\"url\":\"https:\\\/\\\/naturalpoland.com\\\/ko\\\/\",\"name\":\"NATURAL POLAND - Hurtowy Dystrybutor Surowc\u00f3w\",\"description\":\"Surowce dla przemys\u0142u spo\u017cywczego, kosmetycznego i farmaceutycznego\",\"publisher\":{\"@id\":\"https:\\\/\\\/naturalpoland.com\\\/ko\\\/#organization\"},\"potentialAction\":[{\"@type\":\"SearchAction\",\"target\":{\"@type\":\"EntryPoint\",\"urlTemplate\":\"https:\\\/\\\/naturalpoland.com\\\/ko\\\/?s={search_term_string}\"},\"query-input\":{\"@type\":\"PropertyValueSpecification\",\"valueRequired\":true,\"valueName\":\"search_term_string\"}}],\"inLanguage\":\"ko-KR\"},{\"@type\":\"Organization\",\"@id\":\"https:\\\/\\\/naturalpoland.com\\\/ko\\\/#organization\",\"name\":\"Natural Poland\",\"url\":\"https:\\\/\\\/naturalpoland.com\\\/ko\\\/\",\"logo\":{\"@type\":\"ImageObject\",\"inLanguage\":\"ko-KR\",\"@id\":\"https:\\\/\\\/naturalpoland.com\\\/ko\\\/#\\\/schema\\\/logo\\\/image\\\/\",\"url\":\"https:\\\/\\\/naturalpoland.com\\\/wp-content\\\/uploads\\\/2021\\\/05\\\/natural-poland-icon.png\",\"contentUrl\":\"https:\\\/\\\/naturalpoland.com\\\/wp-content\\\/uploads\\\/2021\\\/05\\\/natural-poland-icon.png\",\"width\":512,\"height\":512,\"caption\":\"Natural Poland\"},\"image\":{\"@id\":\"https:\\\/\\\/naturalpoland.com\\\/ko\\\/#\\\/schema\\\/logo\\\/image\\\/\"},\"sameAs\":[\"https:\\\/\\\/www.facebook.com\\\/naturalpoland.b2b\",\"https:\\\/\\\/pl.linkedin.com\\\/company\\\/natural-poland\",\"https:\\\/\\\/www.youtube.com\\\/channel\\\/UCgeGGkvOMahZo-xu_MSEWxg\"]}]}<\/script>\n<!-- \/ Yoast SEO plugin. -->","yoast_head_json":{"title":"\ud788\ub9d0\ub77c\uc57c \uc2dc\ub354\uc6b0\ub4dc \uc624\uc77c - Hurtowy Dystrybutor","description":"\ud788\ub9d0\ub77c\uc57c \uc2dc\ub354\uc6b0\ub4dc \uc624\uc77c(Cedrus deodara)\uc740 \uc6b0\ub514\ud558\uace0 \ubc1c\uc0ac\ubbf9\ud55c \ud5a5\uc744 \uc9c0\ub2c8\uace0 \uc788\uc2b5\ub2c8\ub2e4. \uc544\ub85c\ub9c8\ud14c\ub77c\ud53c, \ud5a5\uc218 \ubc0f \ud5a5 \uc81c\ud488\uc5d0 \uc0ac\uc6a9\ub429\ub2c8\ub2e4.","robots":{"index":"index","follow":"follow","max-snippet":"max-snippet:-1","max-image-preview":"max-image-preview:large","max-video-preview":"max-video-preview:-1"},"canonical":"https:\/\/naturalpoland.com\/ko\/je-pum\/hwa-jang-pum-won-ryo\/e-sen-syeol-o-il\/%ed%9e%88%eb%a7%90%eb%9d%bc%ec%95%bc-%ec%8b%9c%eb%8d%94%ec%9a%b0%eb%93%9c-%ec%98%a4%ec%9d%bc\/","og_locale":"ko_KR","og_type":"article","og_title":"\ud788\ub9d0\ub77c\uc57c \uc2dc\ub354\uc6b0\ub4dc \uc624\uc77c - Hurtowy Dystrybutor","og_description":"\ud788\ub9d0\ub77c\uc57c \uc2dc\ub354\uc6b0\ub4dc \uc624\uc77c(Cedrus deodara)\uc740 \uc6b0\ub514\ud558\uace0 \ubc1c\uc0ac\ubbf9\ud55c \ud5a5\uc744 \uc9c0\ub2c8\uace0 \uc788\uc2b5\ub2c8\ub2e4. \uc544\ub85c\ub9c8\ud14c\ub77c\ud53c, \ud5a5\uc218 \ubc0f \ud5a5 \uc81c\ud488\uc5d0 \uc0ac\uc6a9\ub429\ub2c8\ub2e4.","og_url":"https:\/\/naturalpoland.com\/ko\/je-pum\/hwa-jang-pum-won-ryo\/e-sen-syeol-o-il\/%ed%9e%88%eb%a7%90%eb%9d%bc%ec%95%bc-%ec%8b%9c%eb%8d%94%ec%9a%b0%eb%93%9c-%ec%98%a4%ec%9d%bc\/","og_site_name":"NATURAL POLAND - Hurtowy Dystrybutor Surowc\u00f3w","article_publisher":"https:\/\/www.facebook.com\/naturalpoland.b2b","article_modified_time":"2026-04-28T10:20:39+00:00","og_image":[{"width":1024,"height":1024,"url":"https:\/\/naturalpoland.com\/wp-content\/uploads\/olejek-cedrowy-himalajski.png","type":"image\/png"}],"schema":{"@context":"https:\/\/schema.org","@graph":[{"@type":"WebPage","@id":"https:\/\/naturalpoland.com\/ko\/je-pum\/hwa-jang-pum-won-ryo\/e-sen-syeol-o-il\/%ed%9e%88%eb%a7%90%eb%9d%bc%ec%95%bc-%ec%8b%9c%eb%8d%94%ec%9a%b0%eb%93%9c-%ec%98%a4%ec%9d%bc\/","url":"https:\/\/naturalpoland.com\/ko\/je-pum\/hwa-jang-pum-won-ryo\/e-sen-syeol-o-il\/%ed%9e%88%eb%a7%90%eb%9d%bc%ec%95%bc-%ec%8b%9c%eb%8d%94%ec%9a%b0%eb%93%9c-%ec%98%a4%ec%9d%bc\/","name":"\ud788\ub9d0\ub77c\uc57c \uc2dc\ub354\uc6b0\ub4dc \uc624\uc77c - Hurtowy Dystrybutor","isPartOf":{"@id":"https:\/\/naturalpoland.com\/ko\/#website"},"primaryImageOfPage":{"@id":"https:\/\/naturalpoland.com\/ko\/je-pum\/hwa-jang-pum-won-ryo\/e-sen-syeol-o-il\/%ed%9e%88%eb%a7%90%eb%9d%bc%ec%95%bc-%ec%8b%9c%eb%8d%94%ec%9a%b0%eb%93%9c-%ec%98%a4%ec%9d%bc\/#primaryimage"},"image":{"@id":"https:\/\/naturalpoland.com\/ko\/je-pum\/hwa-jang-pum-won-ryo\/e-sen-syeol-o-il\/%ed%9e%88%eb%a7%90%eb%9d%bc%ec%95%bc-%ec%8b%9c%eb%8d%94%ec%9a%b0%eb%93%9c-%ec%98%a4%ec%9d%bc\/#primaryimage"},"thumbnailUrl":"https:\/\/naturalpoland.com\/wp-content\/uploads\/olejek-cedrowy-himalajski.png","datePublished":"2026-04-03T12:54:33+00:00","dateModified":"2026-04-28T10:20:39+00:00","description":"\ud788\ub9d0\ub77c\uc57c \uc2dc\ub354\uc6b0\ub4dc \uc624\uc77c(Cedrus deodara)\uc740 \uc6b0\ub514\ud558\uace0 \ubc1c\uc0ac\ubbf9\ud55c \ud5a5\uc744 \uc9c0\ub2c8\uace0 \uc788\uc2b5\ub2c8\ub2e4. \uc544\ub85c\ub9c8\ud14c\ub77c\ud53c, \ud5a5\uc218 \ubc0f \ud5a5 \uc81c\ud488\uc5d0 \uc0ac\uc6a9\ub429\ub2c8\ub2e4.","breadcrumb":{"@id":"https:\/\/naturalpoland.com\/ko\/je-pum\/hwa-jang-pum-won-ryo\/e-sen-syeol-o-il\/%ed%9e%88%eb%a7%90%eb%9d%bc%ec%95%bc-%ec%8b%9c%eb%8d%94%ec%9a%b0%eb%93%9c-%ec%98%a4%ec%9d%bc\/#breadcrumb"},"inLanguage":"ko-KR","potentialAction":[{"@type":"ReadAction","target":["https:\/\/naturalpoland.com\/ko\/je-pum\/hwa-jang-pum-won-ryo\/e-sen-syeol-o-il\/%ed%9e%88%eb%a7%90%eb%9d%bc%ec%95%bc-%ec%8b%9c%eb%8d%94%ec%9a%b0%eb%93%9c-%ec%98%a4%ec%9d%bc\/"]}]},{"@type":"ImageObject","inLanguage":"ko-KR","@id":"https:\/\/naturalpoland.com\/ko\/je-pum\/hwa-jang-pum-won-ryo\/e-sen-syeol-o-il\/%ed%9e%88%eb%a7%90%eb%9d%bc%ec%95%bc-%ec%8b%9c%eb%8d%94%ec%9a%b0%eb%93%9c-%ec%98%a4%ec%9d%bc\/#primaryimage","url":"https:\/\/naturalpoland.com\/wp-content\/uploads\/olejek-cedrowy-himalajski.png","contentUrl":"https:\/\/naturalpoland.com\/wp-content\/uploads\/olejek-cedrowy-himalajski.png","width":1024,"height":1024,"caption":"\ud788\ub9d0\ub77c\uc57c \uc2dc\ub354\uc6b0\ub4dc \uc5d0\uc13c\uc15c \uc624\uc77c"},{"@type":"BreadcrumbList","@id":"https:\/\/naturalpoland.com\/ko\/je-pum\/hwa-jang-pum-won-ryo\/e-sen-syeol-o-il\/%ed%9e%88%eb%a7%90%eb%9d%bc%ec%95%bc-%ec%8b%9c%eb%8d%94%ec%9a%b0%eb%93%9c-%ec%98%a4%ec%9d%bc\/#breadcrumb","itemListElement":[{"@type":"ListItem","position":1,"name":"\ud648","item":"https:\/\/naturalpoland.com\/ko\/"},{"@type":"ListItem","position":2,"name":"\uc81c\ud488","item":"https:\/\/naturalpoland.com\/ko\/%ec%a0%9c%ed%92%88\/"},{"@type":"ListItem","position":3,"name":"\ud788\ub9d0\ub77c\uc57c \uc2dc\ub354\uc6b0\ub4dc \uc624\uc77c"}]},{"@type":"WebSite","@id":"https:\/\/naturalpoland.com\/ko\/#website","url":"https:\/\/naturalpoland.com\/ko\/","name":"NATURAL POLAND - Hurtowy Dystrybutor Surowc\u00f3w","description":"Surowce dla przemys\u0142u spo\u017cywczego, kosmetycznego i farmaceutycznego","publisher":{"@id":"https:\/\/naturalpoland.com\/ko\/#organization"},"potentialAction":[{"@type":"SearchAction","target":{"@type":"EntryPoint","urlTemplate":"https:\/\/naturalpoland.com\/ko\/?s={search_term_string}"},"query-input":{"@type":"PropertyValueSpecification","valueRequired":true,"valueName":"search_term_string"}}],"inLanguage":"ko-KR"},{"@type":"Organization","@id":"https:\/\/naturalpoland.com\/ko\/#organization","name":"Natural Poland","url":"https:\/\/naturalpoland.com\/ko\/","logo":{"@type":"ImageObject","inLanguage":"ko-KR","@id":"https:\/\/naturalpoland.com\/ko\/#\/schema\/logo\/image\/","url":"https:\/\/naturalpoland.com\/wp-content\/uploads\/2021\/05\/natural-poland-icon.png","contentUrl":"https:\/\/naturalpoland.com\/wp-content\/uploads\/2021\/05\/natural-poland-icon.png","width":512,"height":512,"caption":"Natural Poland"},"image":{"@id":"https:\/\/naturalpoland.com\/ko\/#\/schema\/logo\/image\/"},"sameAs":["https:\/\/www.facebook.com\/naturalpoland.b2b","https:\/\/pl.linkedin.com\/company\/natural-poland","https:\/\/www.youtube.com\/channel\/UCgeGGkvOMahZo-xu_MSEWxg"]}]}},"_links":{"self":[{"href":"https:\/\/naturalpoland.com\/ko\/wp-json\/wp\/v2\/product\/48036","targetHints":{"allow":["GET"]}}],"collection":[{"href":"https:\/\/naturalpoland.com\/ko\/wp-json\/wp\/v2\/product"}],"about":[{"href":"https:\/\/naturalpoland.com\/ko\/wp-json\/wp\/v2\/types\/product"}],"wp:featuredmedia":[{"embeddable":true,"href":"https:\/\/naturalpoland.com\/ko\/wp-json\/wp\/v2\/media\/48037"}],"wp:attachment":[{"href":"https:\/\/naturalpoland.com\/ko\/wp-json\/wp\/v2\/media?parent=48036"}],"wp:term":[{"taxonomy":"product_brand","embeddable":true,"href":"https:\/\/naturalpoland.com\/ko\/wp-json\/wp\/v2\/product_brand?post=48036"},{"taxonomy":"product_cat","embeddable":true,"href":"https:\/\/naturalpoland.com\/ko\/wp-json\/wp\/v2\/product_cat?post=48036"},{"taxonomy":"product_tag","embeddable":true,"href":"https:\/\/naturalpoland.com\/ko\/wp-json\/wp\/v2\/product_tag?post=48036"}],"curies":[{"name":"wp","href":"https:\/\/api.w.org\/{rel}","templated":true}]}}