{"id":47561,"date":"2026-04-23T16:09:54","date_gmt":"2026-04-23T14:09:54","guid":{"rendered":"https:\/\/naturalpoland.com\/%e0%b8%95%e0%b8%b4%e0%b8%94%e0%b8%95%e0%b9%88%e0%b8%ad%e0%b9%80%e0%b8%a3%e0%b8%b2\/"},"modified":"2026-04-24T14:21:41","modified_gmt":"2026-04-24T12:21:41","slug":"kiao-kap-rao","status":"publish","type":"page","link":"https:\/\/naturalpoland.com\/th\/kiao-kap-rao\/","title":{"rendered":"\u0e15\u0e34\u0e14\u0e15\u0e48\u0e2d\u0e40\u0e23\u0e32"},"content":{"rendered":"\n\n\t<section class=\"section dark\" id=\"section_1513551963\">\n\t\t<div class=\"section-bg fill\" >\n\t\t\t<img decoding=\"async\" width=\"2560\" height=\"2532\" src=\"https:\/\/naturalpoland.com\/wp-content\/uploads\/17-scaled.jpeg\" class=\"bg attachment- size-\" alt=\"\" \/>\t\t\t\t\t\t<div class=\"section-bg-overlay absolute fill\"><\/div>\n\t\t\t\n\n\t\t<\/div>\n\n\t\t\n\n\t\t<div class=\"section-content relative\">\n\t\t\t\n\n<div class=\"row\"  id=\"row-1694014456\">\n\n\n\t<div id=\"col-1473882457\" class=\"col small-12 large-12\"  >\n\t\t\t\t<div class=\"col-inner text-center\"  >\n\t\t\t\n\t\t\t\n\n<h2 style=\"font-size: 200%;\">\u0e15\u0e34\u0e14\u0e15\u0e48\u0e2d\u0e40\u0e23\u0e32<\/h2>\n\n\t\t<\/div>\n\t\t\t\t\n<style>\n#col-1473882457 > .col-inner {\n  padding: 20px 0px 0px 0px;\n}\n<\/style>\n\t<\/div>\n\n\t\n\n<\/div>\n\n\t\t<\/div>\n\n\t\t\n<style>\n#section_1513551963 {\n  padding-top: 140px;\n  padding-bottom: 140px;\n  background-color: rgb(40, 40, 40);\n}\n#section_1513551963 .section-bg-overlay {\n  background-color: rgba(0, 0, 0, 0.535);\n}\n#section_1513551963 .section-bg img {\n  object-position: 46% 71%;\n}\n<\/style>\n\t<\/section>\n\t\n\n\t<section class=\"section\" id=\"section_1855932005\">\n\t\t<div class=\"section-bg fill\" >\n\t\t\t\t\t\t\t\t\t\n\t\t\t\n\n\t\t<\/div>\n\n\t\t\n\n\t\t<div class=\"section-content relative\">\n\t\t\t\n\n<div class=\"row\"  id=\"row-1880062260\">\n\n\n\t<div id=\"col-1924763845\" class=\"col small-12 large-12\"  >\n\t\t\t\t<div class=\"col-inner\"  >\n\t\t\t\n\t\t\t\n\n<div class=\"row align-equal\"  id=\"row-1771590401\">\n\n\n\t<div id=\"col-2021342162\" class=\"col medium-4 small-12 large-4\"  >\n\t\t\t\t<div class=\"col-inner text-center\"  >\n\t\t\t\n\t\t\t\n\n\n\t\t<div class=\"icon-box featured-box icon-box-center text-center\"  >\n\t\t\t\t\t<div class=\"icon-box-img\" style=\"width: 60px\">\n\t\t\t\t<div class=\"icon\">\n\t\t\t\t\t<div class=\"icon-inner\" >\n\t\t\t\t\t\t<img decoding=\"async\" width=\"300\" height=\"300\" src=\"https:\/\/naturalpoland.com\/wp-content\/uploads\/contact-page-for-flatsome-wordpress-theme-pointed-icon-phone-300x300.png\" class=\"attachment-medium size-medium\" alt=\"\" srcset=\"https:\/\/naturalpoland.com\/wp-content\/uploads\/contact-page-for-flatsome-wordpress-theme-pointed-icon-phone-300x300.png 300w, https:\/\/naturalpoland.com\/wp-content\/uploads\/contact-page-for-flatsome-wordpress-theme-pointed-icon-phone-150x150.png 150w, https:\/\/naturalpoland.com\/wp-content\/uploads\/contact-page-for-flatsome-wordpress-theme-pointed-icon-phone-247x247.png 247w, https:\/\/naturalpoland.com\/wp-content\/uploads\/contact-page-for-flatsome-wordpress-theme-pointed-icon-phone-510x510.png 510w, https:\/\/naturalpoland.com\/wp-content\/uploads\/contact-page-for-flatsome-wordpress-theme-pointed-icon-phone-100x100.png 100w, https:\/\/naturalpoland.com\/wp-content\/uploads\/contact-page-for-flatsome-wordpress-theme-pointed-icon-phone.png 512w\" sizes=\"(max-width: 300px) 100vw, 300px\" \/>\t\t\t\t\t<\/div>\n\t\t\t\t<\/div>\n\t\t\t<\/div>\n\t\t\t\t<div class=\"icon-box-text last-reset\">\n\t\t\t\t\t\t\t\t\t\n\n<h4>\u0e15\u0e34\u0e14\u0e15\u0e48\u0e2d\u0e17\u0e32\u0e07\u0e42\u0e17\u0e23\u0e28\u0e31\u0e1e\u0e17\u0e4c<\/h4>\n\t<div id=\"gap-237024558\" class=\"gap-element clearfix\" style=\"display:block; height:auto;\">\n\t\t\n<style>\n#gap-237024558 {\n  padding-top: 20px;\n}\n<\/style>\n\t<\/div>\n\t\n\n<a href=\"tel:0048221121097\" class=\"button secondary\" >\n\t\t<span>0048 22 112 10 97<\/span>\n\t<\/a>\n\n\n\n\t\t<\/div>\n\t<\/div>\n\t\n\t\n\n\t\t<\/div>\n\t\t\t\t\t<\/div>\n\n\t\n\n\t<div id=\"col-1505285099\" class=\"col medium-4 small-12 large-4\"  >\n\t\t\t\t<div class=\"col-inner text-center\"  >\n\t\t\t\n\t\t\t\n\n\n\t\t<div class=\"icon-box featured-box icon-box-center text-center\"  >\n\t\t\t\t\t<div class=\"icon-box-img\" style=\"width: 60px\">\n\t\t\t\t<div class=\"icon\">\n\t\t\t\t\t<div class=\"icon-inner\" >\n\t\t\t\t\t\t<img decoding=\"async\" width=\"300\" height=\"300\" src=\"https:\/\/naturalpoland.com\/wp-content\/uploads\/contact-page-for-flatsome-wordpress-theme-pointed-icon-chat-300x300.png\" class=\"attachment-medium size-medium\" alt=\"\" srcset=\"https:\/\/naturalpoland.com\/wp-content\/uploads\/contact-page-for-flatsome-wordpress-theme-pointed-icon-chat-300x300.png 300w, https:\/\/naturalpoland.com\/wp-content\/uploads\/contact-page-for-flatsome-wordpress-theme-pointed-icon-chat-150x150.png 150w, https:\/\/naturalpoland.com\/wp-content\/uploads\/contact-page-for-flatsome-wordpress-theme-pointed-icon-chat-247x247.png 247w, https:\/\/naturalpoland.com\/wp-content\/uploads\/contact-page-for-flatsome-wordpress-theme-pointed-icon-chat-510x510.png 510w, https:\/\/naturalpoland.com\/wp-content\/uploads\/contact-page-for-flatsome-wordpress-theme-pointed-icon-chat-100x100.png 100w, https:\/\/naturalpoland.com\/wp-content\/uploads\/contact-page-for-flatsome-wordpress-theme-pointed-icon-chat.png 512w\" sizes=\"(max-width: 300px) 100vw, 300px\" \/>\t\t\t\t\t<\/div>\n\t\t\t\t<\/div>\n\t\t\t<\/div>\n\t\t\t\t<div class=\"icon-box-text last-reset\">\n\t\t\t\t\t\t\t\t\t\n\n<h4>WhatsApp<\/h4>\n\t<div id=\"gap-1880289850\" class=\"gap-element clearfix\" style=\"display:block; height:auto;\">\n\t\t\n<style>\n#gap-1880289850 {\n  padding-top: 20px;\n}\n<\/style>\n\t<\/div>\n\t\n\n\n\t\t<\/div>\n\t<\/div>\n\t\n\t\n<a href=\"https:\/\/wa.me\/48221121097\" class=\"button secondary\" >\n\t\t<span>0048221121097<\/span>\n\t<\/a>\n\n\n\n\t\t<\/div>\n\t\t\t\t\t<\/div>\n\n\t\n\n\t<div id=\"col-786338468\" class=\"col medium-4 small-12 large-4\"  >\n\t\t\t\t<div class=\"col-inner text-center\"  >\n\t\t\t\n\t\t\t\n\n\n\t\t<div class=\"icon-box featured-box icon-box-center text-center\"  >\n\t\t\t\t\t<div class=\"icon-box-img\" style=\"width: 60px\">\n\t\t\t\t<div class=\"icon\">\n\t\t\t\t\t<div class=\"icon-inner\" >\n\t\t\t\t\t\t<img decoding=\"async\" width=\"300\" height=\"300\" src=\"https:\/\/naturalpoland.com\/wp-content\/uploads\/contact-page-for-flatsome-wordpress-theme-pointed-icon-chat-300x300.png\" class=\"attachment-medium size-medium\" alt=\"\" srcset=\"https:\/\/naturalpoland.com\/wp-content\/uploads\/contact-page-for-flatsome-wordpress-theme-pointed-icon-chat-300x300.png 300w, https:\/\/naturalpoland.com\/wp-content\/uploads\/contact-page-for-flatsome-wordpress-theme-pointed-icon-chat-150x150.png 150w, https:\/\/naturalpoland.com\/wp-content\/uploads\/contact-page-for-flatsome-wordpress-theme-pointed-icon-chat-247x247.png 247w, https:\/\/naturalpoland.com\/wp-content\/uploads\/contact-page-for-flatsome-wordpress-theme-pointed-icon-chat-510x510.png 510w, https:\/\/naturalpoland.com\/wp-content\/uploads\/contact-page-for-flatsome-wordpress-theme-pointed-icon-chat-100x100.png 100w, https:\/\/naturalpoland.com\/wp-content\/uploads\/contact-page-for-flatsome-wordpress-theme-pointed-icon-chat.png 512w\" sizes=\"(max-width: 300px) 100vw, 300px\" \/>\t\t\t\t\t<\/div>\n\t\t\t\t<\/div>\n\t\t\t<\/div>\n\t\t\t\t<div class=\"icon-box-text last-reset\">\n\t\t\t\t\t\t\t\t\t\n\n<h4>\u0e2d\u0e35\u0e40\u0e21\u0e25<\/h4>\n\t<div id=\"gap-1971961564\" class=\"gap-element clearfix\" style=\"display:block; height:auto;\">\n\t\t\n<style>\n#gap-1971961564 {\n  padding-top: 20px;\n}\n<\/style>\n\t<\/div>\n\t\n\n\n\t\t<\/div>\n\t<\/div>\n\t\n\t\n<a href=\"mailto:kontakt@naturalpoland.com\" class=\"button secondary is-small lowercase\" >\n\t\t<span>kontakt@naturalpoland.com<\/span>\n\t<\/a>\n\n\n\n\t\t<\/div>\n\t\t\t\t\t<\/div>\n\n\t\n\n\t<div id=\"col-895918115\" class=\"col small-12 large-12\"  >\n\t\t\t\t<div class=\"col-inner text-center\" style=\"background-color:rgb(255,255,255);\" >\n\t\t\t\n\t\t\t\n\n<h3>\u0e2a\u0e48\u0e07\u0e41\u0e1a\u0e1a\u0e1f\u0e2d\u0e23\u0e4c\u0e21<\/h3>\n<p>\u0e2b\u0e32\u0e01\u0e17\u0e48\u0e32\u0e19\u0e2a\u0e19\u0e43\u0e08\u0e1c\u0e25\u0e34\u0e15\u0e20\u0e31\u0e13\u0e11\u0e4c\u0e02\u0e2d\u0e07\u0e40\u0e23\u0e32 \u0e02\u0e2d\u0e40\u0e0a\u0e34\u0e0d\u0e15\u0e34\u0e14\u0e15\u0e48\u0e2d\u0e40\u0e23\u0e32 \u0e01\u0e23\u0e38\u0e13\u0e32\u0e15\u0e34\u0e14\u0e15\u0e48\u0e2d\u0e40\u0e23\u0e32\u0e14\u0e49\u0e27\u0e22\u0e2b\u0e32\u0e01\u0e17\u0e48\u0e32\u0e19\u0e01\u0e33\u0e25\u0e31\u0e07\u0e21\u0e2d\u0e07\u0e2b\u0e32\u0e27\u0e31\u0e15\u0e16\u0e38\u0e14\u0e34\u0e1a\u0e17\u0e35\u0e48\u0e44\u0e21\u0e48\u0e21\u0e35\u0e43\u0e19\u0e10\u0e32\u0e19\u0e02\u0e49\u0e2d\u0e21\u0e39\u0e25\u0e02\u0e2d\u0e07\u0e40\u0e23\u0e32 \u0e40\u0e23\u0e32\u0e08\u0e30\u0e1e\u0e22\u0e32\u0e22\u0e32\u0e21\u0e08\u0e31\u0e14\u0e2b\u0e32\u0e08\u0e32\u0e01\u0e0b\u0e31\u0e1e\u0e1e\u0e25\u0e32\u0e22\u0e40\u0e2d\u0e2d\u0e23\u0e4c\u0e02\u0e2d\u0e07\u0e40\u0e23\u0e32\u0e43\u0e2b\u0e49\u0e40\u0e23\u0e47\u0e27\u0e17\u0e35\u0e48\u0e2a\u0e38\u0e14\u0e40\u0e17\u0e48\u0e32\u0e17\u0e35\u0e48\u0e08\u0e30\u0e40\u0e1b\u0e47\u0e19\u0e44\u0e1b\u0e44\u0e14\u0e49 <\/p>\n<div class=\"is-divider divider clearfix\" ><\/div>\n\n<div class=\"row align-center\"  id=\"row-707185301\">\n\n\n\t<div id=\"col-548420894\" class=\"col medium-11 small-12 large-10\"  >\n\t\t\t\t<div class=\"col-inner text-left\"  >\n\t\t\t\n\t\t\t\n\n\n\n<div class=\"pipedriveWebForms\" data-pd-webforms=\"https:\/\/webforms.pipedrive.com\/f\/c6zzxyRKARif9hTQeODRLwqqIQLYnLhDNuaEXatbR5q0ZP45dbj5sTTtJ8hHrpjLZp\"><script src=\"https:\/\/webforms.pipedrive.com\/f\/loader\"><\/script><\/div>\n\n\n\t\t<\/div>\n\t\t\t\t\t<\/div>\n\n\t\n\n<\/div>\n\n\t\t<\/div>\n\t\t\t\t\t<\/div>\n\n\t\n\n\t<div id=\"col-567300537\" class=\"col small-12 large-12\"  >\n\t\t\t\t<div class=\"col-inner text-left\"  >\n\t\t\t\n\t\t\t\n\n\n\t<script type=\"text\/javascript\">\n  jQuery( document ).ready(function() {\n    function initialize() {\n        var styles = {\n            'flatsome':  [{\n            \"featureType\": \"administrative\",\n            \"stylers\": [\n              { \"visibility\": \"on\" }\n            ]\n          },\n          {\n            \"featureType\": \"road\",\n            \"stylers\": [\n              { \"visibility\": \"on\" },\n              { \"hue\": \"#000000\" }\n            ]\n          },\n          {\n            \"stylers\": [\n\t\t\t  { \"visibility\": \"on\" },\n\t\t\t  { \"hue\": \"#000000\" },\n\t\t\t  { \"saturation\": -100 }\n            ]\n          }\n        ]};\n\n        var myLatlng = new google.maps.LatLng(52.22409, 21.01618);\n        var myOptions = {\n            zoom: 17,\n            center: myLatlng,\n            mapTypeId: google.maps.MapTypeId.ROADMAP,\n            disableDefaultUI: true,\n            mapTypeId: 'flatsome',\n            draggable: true,\n            zoomControl: true,\n            zoomControlOptions: {\n              position: google.maps.ControlPosition.TOP_LEFT\n            },\n      \t\t\tmapTypeControl: true,\n            mapTypeControlOptions: {\n              position: google.maps.ControlPosition.TOP_LEFT\n            },\n      \t\t\tstreetViewControl: false,\n            streetViewControlOptions: {\n              position: google.maps.ControlPosition.TOP_LEFT\n            },\n            scrollwheel: false,\n            disableDoubleClickZoom: true\n        }\n        var map = new google.maps.Map(document.getElementById(\"map-3424336398-inner\"), myOptions);\n        var styledMapType = new google.maps.StyledMapType(styles['flatsome'], {name: 'flatsome'});\n        map.mapTypes.set('flatsome', styledMapType);\n\n        var marker = new google.maps.Marker({\n            position: myLatlng,\n            map: map,\n            title:\"\"\n        });\n    }\n\n    \/\/ Required to proceed\n    if (!(typeof google === 'object' && typeof google.maps === 'object')) {\n      return\n    }\n\n    initialize()\n    google.maps.event.addDomListener(window, 'resize', initialize);\n    });\n    <\/script>\n\n    <div class=\"google-map relative mb\" id=\"map-3424336398\">\n        <div class=\"map-height\" id=\"map-3424336398-inner\"><\/div>\n        <div id=\"map_overlay_top\"><\/div>\n        <div id=\"map_overlay_bottom\"><\/div>\n                  <div class=\"map_inner map-inner last-reset absolute x100 md-x95 lg-x95 y100 md-y95 lg-y95\">\n              \n\n<h4>Lokalizacja<\/h4>\n<p>ul. Marsza\u0142kowska 58 lok. 11<br \/>\n00-545 Warszawa<\/p>\n<a href=\"https:\/\/www.google.com\/maps\/dir\/\/natural+poland\/\" class=\"button primary is-small expand\" >\n\t\t<span>\u0e01\u0e32\u0e23\u0e40\u0e14\u0e34\u0e19\u0e17\u0e32\u0e07<\/span>\n\t<i class=\"icon-map-pin-fill\" aria-hidden=\"true\"><\/i><\/a>\n\n\n\n         <\/div>\n       \n       \n<style>\n#map-3424336398 .map-inner {\n  background-color: #fff;\n  max-width: 100%;\n}\n#map-3424336398 .map-height {\n  height: 400px;\n}\n@media (min-width:550px) {\n  #map-3424336398 .map-inner {\n    max-width: 40%;\n  }\n}\n@media (min-width:850px) {\n  #map-3424336398 .map-inner {\n    max-width: 30%;\n  }\n}\n<\/style>\n    <\/div>\n\n\t\n\n\t\t<\/div>\n\t\t\t\t\t<\/div>\n\n\t\n\n\n<style>\n#row-1771590401 > .col > .col-inner {\n  padding: 40px 40px 40px 40px;\n  background-color: rgb(255,255,255);\n}\n<\/style>\n<\/div>\n\n\t\t<\/div>\n\t\t\t\t\n<style>\n#col-1924763845 > .col-inner {\n  margin: -100px 0px 0px 0px;\n}\n<\/style>\n\t<\/div>\n\n\t\n\n<\/div>\n<div class=\"row\"  id=\"row-758567568\">\n\n\n\t<div id=\"col-959196055\" class=\"col small-12 large-12\"  >\n\t\t\t\t<div class=\"col-inner text-center\"  >\n\t\t\t\n\t\t\t\n\n<h4>\u0e02\u0e49\u0e2d\u0e21\u0e39\u0e25\u0e1a\u0e23\u0e34\u0e29\u0e31\u0e17<\/h4>\n<p><strong>STRZELCZYK Sp. z o.o. <\/strong> <br \/>ul. Marsza\u0142kowska 58\/11 i 12<br \/> 00-545 Warszawa<br \/>KRS: 0001055409<br \/>NIP: 7011162661<br \/>REGON: 526266110 <\/p>\n<p><small><a href=\"\/plan-polaczenia\/\">\u0e41\u0e1c\u0e19\u0e01\u0e32\u0e23\u0e40\u0e14\u0e34\u0e19\u0e17\u0e32\u0e07<\/a><\/small><\/p>\n\n\t\t<\/div>\n\t\t\t\t\t<\/div>\n\n\t\n\n<\/div>\n\n\t\t<\/div>\n\n\t\t\n<style>\n#section_1855932005 {\n  padding-top: 30px;\n  padding-bottom: 30px;\n  background-color: rgb(244, 244, 244);\n}\n<\/style>\n\t<\/section>\n\t\n\n","protected":false},"excerpt":{"rendered":"","protected":false},"author":1,"featured_media":0,"parent":0,"menu_order":6,"comment_status":"closed","ping_status":"closed","template":"","meta":{"_acf_changed":false,"footnotes":""},"class_list":["post-47561","page","type-page","status-publish","hentry"],"acf":[],"yoast_head":"<!-- This site is optimized with the Yoast SEO plugin v27.4 - https:\/\/yoast.com\/product\/yoast-seo-wordpress\/ -->\n<title>\u0e15\u0e34\u0e14\u0e15\u0e48\u0e2d\u0e40\u0e23\u0e32 - NATURAL POLAND - Hurtowy Dystrybutor Surowc\u00f3w<\/title>\n<meta name=\"description\" content=\"\u0e15\u0e34\u0e14\u0e15\u0e48\u0e2d Natural Poland - \u0e1c\u0e39\u0e49\u0e08\u0e31\u0e14\u0e08\u0e33\u0e2b\u0e19\u0e48\u0e32\u0e22\u0e27\u0e31\u0e15\u0e16\u0e38\u0e14\u0e34\u0e1a\u0e2d\u0e32\u0e2b\u0e32\u0e23 \u0e40\u0e04\u0e23\u0e37\u0e48\u0e2d\u0e07\u0e2a\u0e33\u0e2d\u0e32\u0e07 \u0e41\u0e25\u0e30\u0e40\u0e20\u0e2a\u0e31\u0e0a\u0e20\u0e31\u0e13\u0e11\u0e4c\" \/>\n<meta name=\"robots\" content=\"index, follow, max-snippet:-1, max-image-preview:large, max-video-preview:-1\" \/>\n<link rel=\"canonical\" href=\"https:\/\/naturalpoland.com\/th\/kiao-kap-rao\/\" \/>\n<meta property=\"og:locale\" content=\"th_TH\" \/>\n<meta property=\"og:type\" content=\"article\" \/>\n<meta property=\"og:title\" content=\"\u0e15\u0e34\u0e14\u0e15\u0e48\u0e2d\u0e40\u0e23\u0e32 - NATURAL POLAND - Hurtowy Dystrybutor Surowc\u00f3w\" \/>\n<meta property=\"og:description\" content=\"\u0e15\u0e34\u0e14\u0e15\u0e48\u0e2d Natural Poland - \u0e1c\u0e39\u0e49\u0e08\u0e31\u0e14\u0e08\u0e33\u0e2b\u0e19\u0e48\u0e32\u0e22\u0e27\u0e31\u0e15\u0e16\u0e38\u0e14\u0e34\u0e1a\u0e2d\u0e32\u0e2b\u0e32\u0e23 \u0e40\u0e04\u0e23\u0e37\u0e48\u0e2d\u0e07\u0e2a\u0e33\u0e2d\u0e32\u0e07 \u0e41\u0e25\u0e30\u0e40\u0e20\u0e2a\u0e31\u0e0a\u0e20\u0e31\u0e13\u0e11\u0e4c\" \/>\n<meta property=\"og:url\" content=\"https:\/\/naturalpoland.com\/th\/kiao-kap-rao\/\" \/>\n<meta property=\"og:site_name\" content=\"NATURAL POLAND - Hurtowy Dystrybutor Surowc\u00f3w\" \/>\n<meta property=\"article:publisher\" content=\"https:\/\/www.facebook.com\/naturalpoland.b2b\" \/>\n<meta property=\"article:modified_time\" content=\"2026-04-24T12:21:41+00:00\" \/>\n<meta property=\"og:image\" content=\"https:\/\/naturalpoland.com\/wp-content\/uploads\/2021\/05\/natural-poland-icon.png\" \/>\n\t<meta property=\"og:image:width\" content=\"512\" \/>\n\t<meta property=\"og:image:height\" content=\"512\" \/>\n\t<meta property=\"og:image:type\" content=\"image\/png\" \/>\n<script type=\"application\/ld+json\" class=\"yoast-schema-graph\">{\"@context\":\"https:\\\/\\\/schema.org\",\"@graph\":[{\"@type\":\"WebPage\",\"@id\":\"https:\\\/\\\/naturalpoland.com\\\/th\\\/kiao-kap-rao\\\/\",\"url\":\"https:\\\/\\\/naturalpoland.com\\\/th\\\/kiao-kap-rao\\\/\",\"name\":\"\u0e15\u0e34\u0e14\u0e15\u0e48\u0e2d\u0e40\u0e23\u0e32 - NATURAL POLAND - Hurtowy Dystrybutor Surowc\u00f3w\",\"isPartOf\":{\"@id\":\"https:\\\/\\\/naturalpoland.com\\\/th\\\/#website\"},\"datePublished\":\"2026-04-23T14:09:54+00:00\",\"dateModified\":\"2026-04-24T12:21:41+00:00\",\"description\":\"\u0e15\u0e34\u0e14\u0e15\u0e48\u0e2d Natural Poland - \u0e1c\u0e39\u0e49\u0e08\u0e31\u0e14\u0e08\u0e33\u0e2b\u0e19\u0e48\u0e32\u0e22\u0e27\u0e31\u0e15\u0e16\u0e38\u0e14\u0e34\u0e1a\u0e2d\u0e32\u0e2b\u0e32\u0e23 \u0e40\u0e04\u0e23\u0e37\u0e48\u0e2d\u0e07\u0e2a\u0e33\u0e2d\u0e32\u0e07 \u0e41\u0e25\u0e30\u0e40\u0e20\u0e2a\u0e31\u0e0a\u0e20\u0e31\u0e13\u0e11\u0e4c\",\"breadcrumb\":{\"@id\":\"https:\\\/\\\/naturalpoland.com\\\/th\\\/kiao-kap-rao\\\/#breadcrumb\"},\"inLanguage\":\"th\",\"potentialAction\":[{\"@type\":\"ReadAction\",\"target\":[\"https:\\\/\\\/naturalpoland.com\\\/th\\\/kiao-kap-rao\\\/\"]}]},{\"@type\":\"BreadcrumbList\",\"@id\":\"https:\\\/\\\/naturalpoland.com\\\/th\\\/kiao-kap-rao\\\/#breadcrumb\",\"itemListElement\":[{\"@type\":\"ListItem\",\"position\":1,\"name\":\"\u0e2b\u0e19\u0e49\u0e32\u0e41\u0e23\u0e01\",\"item\":\"https:\\\/\\\/naturalpoland.com\\\/th\\\/\"},{\"@type\":\"ListItem\",\"position\":2,\"name\":\"\u0e15\u0e34\u0e14\u0e15\u0e48\u0e2d\u0e40\u0e23\u0e32\"}]},{\"@type\":\"WebSite\",\"@id\":\"https:\\\/\\\/naturalpoland.com\\\/th\\\/#website\",\"url\":\"https:\\\/\\\/naturalpoland.com\\\/th\\\/\",\"name\":\"NATURAL POLAND - Hurtowy Dystrybutor Surowc\u00f3w\",\"description\":\"Surowce dla przemys\u0142u spo\u017cywczego, kosmetycznego i farmaceutycznego\",\"publisher\":{\"@id\":\"https:\\\/\\\/naturalpoland.com\\\/th\\\/#organization\"},\"potentialAction\":[{\"@type\":\"SearchAction\",\"target\":{\"@type\":\"EntryPoint\",\"urlTemplate\":\"https:\\\/\\\/naturalpoland.com\\\/th\\\/?s={search_term_string}\"},\"query-input\":{\"@type\":\"PropertyValueSpecification\",\"valueRequired\":true,\"valueName\":\"search_term_string\"}}],\"inLanguage\":\"th\"},{\"@type\":\"Organization\",\"@id\":\"https:\\\/\\\/naturalpoland.com\\\/th\\\/#organization\",\"name\":\"Natural Poland\",\"url\":\"https:\\\/\\\/naturalpoland.com\\\/th\\\/\",\"logo\":{\"@type\":\"ImageObject\",\"inLanguage\":\"th\",\"@id\":\"https:\\\/\\\/naturalpoland.com\\\/th\\\/#\\\/schema\\\/logo\\\/image\\\/\",\"url\":\"https:\\\/\\\/naturalpoland.com\\\/wp-content\\\/uploads\\\/2021\\\/05\\\/natural-poland-icon.png\",\"contentUrl\":\"https:\\\/\\\/naturalpoland.com\\\/wp-content\\\/uploads\\\/2021\\\/05\\\/natural-poland-icon.png\",\"width\":512,\"height\":512,\"caption\":\"Natural Poland\"},\"image\":{\"@id\":\"https:\\\/\\\/naturalpoland.com\\\/th\\\/#\\\/schema\\\/logo\\\/image\\\/\"},\"sameAs\":[\"https:\\\/\\\/www.facebook.com\\\/naturalpoland.b2b\",\"https:\\\/\\\/pl.linkedin.com\\\/company\\\/natural-poland\",\"https:\\\/\\\/www.youtube.com\\\/channel\\\/UCgeGGkvOMahZo-xu_MSEWxg\"]}]}<\/script>\n<!-- \/ Yoast SEO plugin. -->","yoast_head_json":{"title":"\u0e15\u0e34\u0e14\u0e15\u0e48\u0e2d\u0e40\u0e23\u0e32 - NATURAL POLAND - Hurtowy Dystrybutor Surowc\u00f3w","description":"\u0e15\u0e34\u0e14\u0e15\u0e48\u0e2d Natural Poland - \u0e1c\u0e39\u0e49\u0e08\u0e31\u0e14\u0e08\u0e33\u0e2b\u0e19\u0e48\u0e32\u0e22\u0e27\u0e31\u0e15\u0e16\u0e38\u0e14\u0e34\u0e1a\u0e2d\u0e32\u0e2b\u0e32\u0e23 \u0e40\u0e04\u0e23\u0e37\u0e48\u0e2d\u0e07\u0e2a\u0e33\u0e2d\u0e32\u0e07 \u0e41\u0e25\u0e30\u0e40\u0e20\u0e2a\u0e31\u0e0a\u0e20\u0e31\u0e13\u0e11\u0e4c","robots":{"index":"index","follow":"follow","max-snippet":"max-snippet:-1","max-image-preview":"max-image-preview:large","max-video-preview":"max-video-preview:-1"},"canonical":"https:\/\/naturalpoland.com\/th\/kiao-kap-rao\/","og_locale":"th_TH","og_type":"article","og_title":"\u0e15\u0e34\u0e14\u0e15\u0e48\u0e2d\u0e40\u0e23\u0e32 - NATURAL POLAND - Hurtowy Dystrybutor Surowc\u00f3w","og_description":"\u0e15\u0e34\u0e14\u0e15\u0e48\u0e2d Natural Poland - \u0e1c\u0e39\u0e49\u0e08\u0e31\u0e14\u0e08\u0e33\u0e2b\u0e19\u0e48\u0e32\u0e22\u0e27\u0e31\u0e15\u0e16\u0e38\u0e14\u0e34\u0e1a\u0e2d\u0e32\u0e2b\u0e32\u0e23 \u0e40\u0e04\u0e23\u0e37\u0e48\u0e2d\u0e07\u0e2a\u0e33\u0e2d\u0e32\u0e07 \u0e41\u0e25\u0e30\u0e40\u0e20\u0e2a\u0e31\u0e0a\u0e20\u0e31\u0e13\u0e11\u0e4c","og_url":"https:\/\/naturalpoland.com\/th\/kiao-kap-rao\/","og_site_name":"NATURAL POLAND - Hurtowy Dystrybutor Surowc\u00f3w","article_publisher":"https:\/\/www.facebook.com\/naturalpoland.b2b","article_modified_time":"2026-04-24T12:21:41+00:00","og_image":[{"width":512,"height":512,"url":"https:\/\/naturalpoland.com\/wp-content\/uploads\/2021\/05\/natural-poland-icon.png","type":"image\/png"}],"schema":{"@context":"https:\/\/schema.org","@graph":[{"@type":"WebPage","@id":"https:\/\/naturalpoland.com\/th\/kiao-kap-rao\/","url":"https:\/\/naturalpoland.com\/th\/kiao-kap-rao\/","name":"\u0e15\u0e34\u0e14\u0e15\u0e48\u0e2d\u0e40\u0e23\u0e32 - NATURAL POLAND - Hurtowy Dystrybutor Surowc\u00f3w","isPartOf":{"@id":"https:\/\/naturalpoland.com\/th\/#website"},"datePublished":"2026-04-23T14:09:54+00:00","dateModified":"2026-04-24T12:21:41+00:00","description":"\u0e15\u0e34\u0e14\u0e15\u0e48\u0e2d Natural Poland - \u0e1c\u0e39\u0e49\u0e08\u0e31\u0e14\u0e08\u0e33\u0e2b\u0e19\u0e48\u0e32\u0e22\u0e27\u0e31\u0e15\u0e16\u0e38\u0e14\u0e34\u0e1a\u0e2d\u0e32\u0e2b\u0e32\u0e23 \u0e40\u0e04\u0e23\u0e37\u0e48\u0e2d\u0e07\u0e2a\u0e33\u0e2d\u0e32\u0e07 \u0e41\u0e25\u0e30\u0e40\u0e20\u0e2a\u0e31\u0e0a\u0e20\u0e31\u0e13\u0e11\u0e4c","breadcrumb":{"@id":"https:\/\/naturalpoland.com\/th\/kiao-kap-rao\/#breadcrumb"},"inLanguage":"th","potentialAction":[{"@type":"ReadAction","target":["https:\/\/naturalpoland.com\/th\/kiao-kap-rao\/"]}]},{"@type":"BreadcrumbList","@id":"https:\/\/naturalpoland.com\/th\/kiao-kap-rao\/#breadcrumb","itemListElement":[{"@type":"ListItem","position":1,"name":"\u0e2b\u0e19\u0e49\u0e32\u0e41\u0e23\u0e01","item":"https:\/\/naturalpoland.com\/th\/"},{"@type":"ListItem","position":2,"name":"\u0e15\u0e34\u0e14\u0e15\u0e48\u0e2d\u0e40\u0e23\u0e32"}]},{"@type":"WebSite","@id":"https:\/\/naturalpoland.com\/th\/#website","url":"https:\/\/naturalpoland.com\/th\/","name":"NATURAL POLAND - Hurtowy Dystrybutor Surowc\u00f3w","description":"Surowce dla przemys\u0142u spo\u017cywczego, kosmetycznego i farmaceutycznego","publisher":{"@id":"https:\/\/naturalpoland.com\/th\/#organization"},"potentialAction":[{"@type":"SearchAction","target":{"@type":"EntryPoint","urlTemplate":"https:\/\/naturalpoland.com\/th\/?s={search_term_string}"},"query-input":{"@type":"PropertyValueSpecification","valueRequired":true,"valueName":"search_term_string"}}],"inLanguage":"th"},{"@type":"Organization","@id":"https:\/\/naturalpoland.com\/th\/#organization","name":"Natural Poland","url":"https:\/\/naturalpoland.com\/th\/","logo":{"@type":"ImageObject","inLanguage":"th","@id":"https:\/\/naturalpoland.com\/th\/#\/schema\/logo\/image\/","url":"https:\/\/naturalpoland.com\/wp-content\/uploads\/2021\/05\/natural-poland-icon.png","contentUrl":"https:\/\/naturalpoland.com\/wp-content\/uploads\/2021\/05\/natural-poland-icon.png","width":512,"height":512,"caption":"Natural Poland"},"image":{"@id":"https:\/\/naturalpoland.com\/th\/#\/schema\/logo\/image\/"},"sameAs":["https:\/\/www.facebook.com\/naturalpoland.b2b","https:\/\/pl.linkedin.com\/company\/natural-poland","https:\/\/www.youtube.com\/channel\/UCgeGGkvOMahZo-xu_MSEWxg"]}]}},"_links":{"self":[{"href":"https:\/\/naturalpoland.com\/th\/wp-json\/wp\/v2\/pages\/47561","targetHints":{"allow":["GET"]}}],"collection":[{"href":"https:\/\/naturalpoland.com\/th\/wp-json\/wp\/v2\/pages"}],"about":[{"href":"https:\/\/naturalpoland.com\/th\/wp-json\/wp\/v2\/types\/page"}],"author":[{"embeddable":true,"href":"https:\/\/naturalpoland.com\/th\/wp-json\/wp\/v2\/users\/1"}],"replies":[{"embeddable":true,"href":"https:\/\/naturalpoland.com\/th\/wp-json\/wp\/v2\/comments?post=47561"}],"version-history":[{"count":4,"href":"https:\/\/naturalpoland.com\/th\/wp-json\/wp\/v2\/pages\/47561\/revisions"}],"predecessor-version":[{"id":47718,"href":"https:\/\/naturalpoland.com\/th\/wp-json\/wp\/v2\/pages\/47561\/revisions\/47718"}],"wp:attachment":[{"href":"https:\/\/naturalpoland.com\/th\/wp-json\/wp\/v2\/media?parent=47561"}],"curies":[{"name":"wp","href":"https:\/\/api.w.org\/{rel}","templated":true}]}}