{"id":47825,"date":"2021-05-11T13:52:08","date_gmt":"2021-05-11T11:52:08","guid":{"rendered":"https:\/\/naturalpoland.com\/produkty\/uncategorized\/%e0%b8%99%e0%b9%89%e0%b8%b3%e0%b8%a1%e0%b8%b1%e0%b8%99%e0%b9%82%e0%b8%a3%e0%b8%aa%e0%b8%ae%e0%b8%b4%e0%b8%9b\/"},"modified":"2026-04-24T15:51:25","modified_gmt":"2026-04-24T13:51:25","slug":"%e0%b8%99%e0%b9%89%e0%b8%b3%e0%b8%a1%e0%b8%b1%e0%b8%99%e0%b9%82%e0%b8%a3%e0%b8%aa%e0%b8%ae%e0%b8%b4%e0%b8%9b","status":"publish","type":"product","link":"https:\/\/naturalpoland.com\/th\/produkty\/watthu-dip-ahan\/nam-man-samrap-ahan\/%e0%b8%99%e0%b9%89%e0%b8%b3%e0%b8%a1%e0%b8%b1%e0%b8%99%e0%b9%82%e0%b8%a3%e0%b8%aa%e0%b8%ae%e0%b8%b4%e0%b8%9b\/","title":{"rendered":"\u0e19\u0e49\u0e33\u0e21\u0e31\u0e19\u0e42\u0e23\u0e2a\u0e2e\u0e34\u0e1b"},"content":{"rendered":"<h2>\u0e2a\u0e48\u0e27\u0e19\u0e1b\u0e23\u0e30\u0e01\u0e2d\u0e1a\u0e02\u0e2d\u0e07\u0e19\u0e49\u0e33\u0e21\u0e31\u0e19\u0e42\u0e23\u0e2a\u0e2e\u0e34\u0e1b<\/h2>\n<p>\u0e19\u0e49\u0e33\u0e21\u0e31\u0e19\u0e19\u0e35\u0e49\u0e2d\u0e38\u0e14\u0e21\u0e44\u0e1b\u0e14\u0e49\u0e27\u0e22\u0e2a\u0e48\u0e27\u0e19\u0e1b\u0e23\u0e30\u0e01\u0e2d\u0e1a\u0e08\u0e32\u0e01\u0e18\u0e23\u0e23\u0e21\u0e0a\u0e32\u0e15\u0e34 \u0e40\u0e0a\u0e48\u0e19 \u0e01\u0e23\u0e14\u0e44\u0e02\u0e21\u0e31\u0e19\u0e44\u0e21\u0e48\u0e2d\u0e34\u0e48\u0e21\u0e15\u0e31\u0e27\u0e08\u0e33\u0e40\u0e1b\u0e47\u0e19 (NNKT), \u0e27\u0e34\u0e15\u0e32\u0e21\u0e34\u0e19 C, A \u0e41\u0e25\u0e30 E, \u0e1f\u0e25\u0e32\u0e42\u0e27\u0e19\u0e2d\u0e22\u0e14\u0e4c \u0e41\u0e25\u0e30\u0e01\u0e23\u0e14\u0e40\u0e23\u0e15\u0e34\u0e19\u0e2d\u0e22\u0e14\u0e4c \u0e2a\u0e31\u0e14\u0e2a\u0e48\u0e27\u0e19\u0e21\u0e27\u0e25\u0e2a\u0e31\u0e21\u0e1e\u0e31\u0e17\u0e18\u0e4c\u0e02\u0e2d\u0e07\u0e01\u0e23\u0e14\u0e44\u0e02\u0e21\u0e31\u0e19\u0e21\u0e35\u0e14\u0e31\u0e07\u0e19\u0e35\u0e49: <\/p>\n<table>\n<tbody>\n<tr>\n<td>\u0e01\u0e23\u0e14\u0e1b\u0e32\u0e25\u0e4c\u0e21\u0e34\u0e15\u0e34\u0e01 (C 16:0)<\/td>\n<td>6.9%<\/td>\n<\/tr>\n<tr>\n<td>\u0e01\u0e23\u0e14\u0e1b\u0e32\u0e25\u0e4c\u0e21\u0e21\u0e34\u0e42\u0e15\u0e40\u0e25\u0e2d\u0e34\u0e01 (C 16:1)<\/td>\n<td>0.12%<\/td>\n<\/tr>\n<tr>\n<td>\u0e01\u0e23\u0e14\u0e2a\u0e40\u0e15\u0e35\u0e22\u0e23\u0e34\u0e01 (C 18:0)<\/td>\n<td>4.5%<\/td>\n<\/tr>\n<tr>\n<td>\u0e01\u0e23\u0e14\u0e42\u0e2d\u0e40\u0e25\u0e2d\u0e34\u0e01 (C 18:1)<\/td>\n<td>22.3%<\/td>\n<\/tr>\n<tr>\n<td>\u0e01\u0e23\u0e14\u0e25\u0e34\u0e42\u0e19\u0e40\u0e25\u0e2d\u0e34\u0e01 (C 18:2)<\/td>\n<td>47.1%<\/td>\n<\/tr>\n<tr>\n<td>\u0e01\u0e23\u0e14\u0e25\u0e34\u0e42\u0e19\u0e40\u0e25\u0e19\u0e34\u0e01 (C 18:3)<\/td>\n<td>17.0%<\/td>\n<\/tr>\n<tr>\n<td>\u0e01\u0e23\u0e14\u0e2d\u0e32\u0e23\u0e32\u0e04\u0e34\u0e14\u0e34\u0e01 (C 20:0)<\/td>\n<td>0.22%<\/td>\n<\/tr>\n<tr>\n<td>\u0e01\u0e23\u0e14\u0e44\u0e2d\u0e42\u0e04\u0e0b\u0e35\u0e42\u0e19\u0e2d\u0e34\u0e01 (C 20:1)<\/td>\n<td>0.12%<\/td>\n<\/tr>\n<tr>\n<td>\u0e01\u0e23\u0e14\u0e40\u0e1a\u0e40\u0e2e\u0e19\u0e34\u0e01 (C 22:0)<\/td>\n<td>0.4%<\/td>\n<\/tr>\n<tr>\n<td>\u0e01\u0e23\u0e14\u0e25\u0e34\u0e01\u0e42\u0e19\u0e40\u0e0b\u0e23\u0e34\u0e01 (C 24:0)<\/td>\n<td>0.3%<\/td>\n<\/tr>\n<\/tbody>\n<\/table>\n<p>&nbsp;<\/p>\n<h2>\u0e04\u0e38\u0e13\u0e2a\u0e21\u0e1a\u0e31\u0e15\u0e34:<\/h2>\n<p>\u0e19\u0e49\u0e33\u0e21\u0e31\u0e19\u0e42\u0e23\u0e2a\u0e2e\u0e34\u0e1b\u0e21\u0e35<strong>\u0e04\u0e38\u0e13\u0e2a\u0e21\u0e1a\u0e31\u0e15\u0e34\u0e43\u0e19\u0e01\u0e32\u0e23\u0e1f\u0e37\u0e49\u0e19\u0e1f\u0e39<\/strong> <strong>\u0e43\u0e2b\u0e49\u0e04\u0e27\u0e32\u0e21\u0e0a\u0e38\u0e48\u0e21\u0e0a\u0e37\u0e49\u0e19<\/strong> \u0e41\u0e25\u0e30<strong>\u0e15\u0e48\u0e2d\u0e15\u0e49\u0e32\u0e19\u0e23\u0e34\u0e49\u0e27\u0e23\u0e2d\u0e22<\/strong> \u0e01\u0e23\u0e14\u0e44\u0e02\u0e21\u0e31\u0e19\u0e25\u0e34\u0e42\u0e19\u0e40\u0e25\u0e2d\u0e34\u0e01\u0e41\u0e25\u0e30\u0e25\u0e34\u0e42\u0e19\u0e40\u0e25\u0e19\u0e34\u0e01\u0e43\u0e19\u0e1b\u0e23\u0e34\u0e21\u0e32\u0e13\u0e2a\u0e39\u0e07\u0e0a\u0e48\u0e27\u0e22\u0e40\u0e2a\u0e23\u0e34\u0e21\u0e2a\u0e23\u0e49\u0e32\u0e07\u0e40\u0e01\u0e23\u0e32\u0e30\u0e1b\u0e49\u0e2d\u0e07\u0e01\u0e31\u0e19\u0e1c\u0e34\u0e27 \u0e40\u0e23\u0e48\u0e07\u0e01\u0e32\u0e23\u0e2a\u0e21\u0e32\u0e19\u0e41\u0e1c\u0e25\u0e40\u0e1b\u0e47\u0e19 \u0e25\u0e14\u0e23\u0e2d\u0e22\u0e41\u0e15\u0e01\u0e25\u0e32\u0e22 \u0e41\u0e25\u0e30\u0e25\u0e14\u0e40\u0e25\u0e37\u0e2d\u0e19\u0e23\u0e34\u0e49\u0e27\u0e23\u0e2d\u0e22 \u0e27\u0e34\u0e15\u0e32\u0e21\u0e34\u0e19 C \u0e0b\u0e36\u0e48\u0e07\u0e2d\u0e38\u0e14\u0e21\u0e44\u0e1b\u0e14\u0e49\u0e27\u0e22\u0e2a\u0e32\u0e23\u0e15\u0e49\u0e32\u0e19\u0e2d\u0e19\u0e38\u0e21\u0e39\u0e25\u0e2d\u0e34\u0e2a\u0e23\u0e30\u0e0a\u0e48\u0e27\u0e22\u0e1b\u0e49\u0e2d\u0e07\u0e01\u0e31\u0e19\u0e01\u0e32\u0e23\u0e40\u0e01\u0e34\u0e14\u0e23\u0e34\u0e49\u0e27\u0e23\u0e2d\u0e22\u0e41\u0e2b\u0e48\u0e07\u0e27\u0e31\u0e22 \u0e41\u0e25\u0e30\u0e23\u0e39\u0e1b\u0e41\u0e1a\u0e1a\u0e18\u0e23\u0e23\u0e21\u0e0a\u0e32\u0e15\u0e34\u0e17\u0e35\u0e48\u0e44\u0e21\u0e48\u0e17\u0e33\u0e1b\u0e0f\u0e34\u0e01\u0e34\u0e23\u0e34\u0e22\u0e32\u0e01\u0e31\u0e1a\u0e18\u0e32\u0e15\u0e38\u0e40\u0e2b\u0e25\u0e47\u0e01\u0e0a\u0e48\u0e27\u0e22\u0e1b\u0e01\u0e1b\u0e49\u0e2d\u0e07\u0e1c\u0e34\u0e27\u0e08\u0e32\u0e01\u0e2d\u0e19\u0e38\u0e21\u0e39\u0e25\u0e2d\u0e34\u0e2a\u0e23\u0e30\u0e17\u0e35\u0e48\u0e40\u0e1b\u0e47\u0e19\u0e1e\u0e34\u0e29 \u0e14\u0e49\u0e27\u0e22\u0e40\u0e2b\u0e15\u0e38\u0e19\u0e35\u0e49 \u0e19\u0e49\u0e33\u0e21\u0e31\u0e19\u0e08\u0e36\u0e07\u0e1b\u0e25\u0e2d\u0e14\u0e20\u0e31\u0e22\u0e15\u0e48\u0e2d\u0e1c\u0e34\u0e27\u0e40\u0e1b\u0e47\u0e19\u0e1e\u0e34\u0e40\u0e28\u0e29\u0e41\u0e25\u0e30\u0e44\u0e21\u0e48\u0e01\u0e48\u0e2d\u0e43\u0e2b\u0e49\u0e40\u0e01\u0e34\u0e14\u0e01\u0e32\u0e23\u0e23\u0e30\u0e04\u0e32\u0e22\u0e40\u0e04\u0e37\u0e2d\u0e07   <\/p>\n<p>&nbsp;<\/p>\n<h2>\u0e01\u0e32\u0e23\u0e43\u0e0a\u0e49\u0e07\u0e32\u0e19:<\/h2>\n<p>\u0e1c\u0e25\u0e34\u0e15\u0e20\u0e31\u0e13\u0e11\u0e4c\u0e19\u0e35\u0e49\u0e40\u0e2b\u0e21\u0e32\u0e30\u0e2d\u0e22\u0e48\u0e32\u0e07\u0e22\u0e34\u0e48\u0e07\u0e2a\u0e33\u0e2b\u0e23\u0e31\u0e1a\u0e01\u0e32\u0e23<strong>\u0e14\u0e39\u0e41\u0e25\u0e1c\u0e34\u0e27\u0e17\u0e38\u0e01\u0e1b\u0e23\u0e30\u0e40\u0e20\u0e17<\/strong> \u0e42\u0e14\u0e22\u0e40\u0e09\u0e1e\u0e32\u0e30\u0e1c\u0e34\u0e27\u0e41\u0e2b\u0e49\u0e07 \u0e1c\u0e34\u0e27\u0e1c\u0e39\u0e49\u0e43\u0e2b\u0e0d\u0e48 \u0e41\u0e25\u0e30\u0e1c\u0e34\u0e27\u0e41\u0e1e\u0e49\u0e07\u0e48\u0e32\u0e22 \u0e44\u0e21\u0e48\u0e01\u0e48\u0e2d\u0e43\u0e2b\u0e49\u0e40\u0e01\u0e34\u0e14\u0e01\u0e32\u0e23\u0e2d\u0e38\u0e14\u0e15\u0e31\u0e19\u0e23\u0e39\u0e02\u0e38\u0e21\u0e02\u0e19 \u0e08\u0e36\u0e07\u0e40\u0e2b\u0e21\u0e32\u0e30\u0e2a\u0e33\u0e2b\u0e23\u0e31\u0e1a\u0e1c\u0e34\u0e27\u0e21\u0e31\u0e19\u0e41\u0e25\u0e30\u0e1c\u0e34\u0e27\u0e17\u0e35\u0e48\u0e40\u0e1b\u0e47\u0e19\u0e2a\u0e34\u0e27 \u0e01\u0e32\u0e23\u0e43\u0e0a\u0e49\u0e40\u0e1b\u0e47\u0e19\u0e1b\u0e23\u0e30\u0e08\u0e33\u0e08\u0e30\u0e0a\u0e48\u0e27\u0e22\u0e40\u0e1e\u0e34\u0e48\u0e21\u0e04\u0e27\u0e32\u0e21\u0e22\u0e37\u0e14\u0e2b\u0e22\u0e38\u0e48\u0e19\u0e02\u0e2d\u0e07\u0e1c\u0e34\u0e27 \u0e1b\u0e23\u0e31\u0e1a\u0e2a\u0e35\u0e1c\u0e34\u0e27\u0e43\u0e2b\u0e49\u0e2a\u0e21\u0e48\u0e33\u0e40\u0e2a\u0e21\u0e2d \u0e23\u0e27\u0e21\u0e16\u0e36\u0e07\u0e25\u0e14\u0e40\u0e25\u0e37\u0e2d\u0e19\u0e08\u0e38\u0e14\u0e14\u0e48\u0e32\u0e07\u0e14\u0e33\u0e41\u0e25\u0e30\u0e23\u0e2d\u0e22\u0e41\u0e1c\u0e25\u0e40\u0e1b\u0e47\u0e19  <\/p>\n<p>\u0e19\u0e49\u0e33\u0e21\u0e31\u0e19\u0e19\u0e35\u0e49\u0e22\u0e31\u0e07\u0e40\u0e2b\u0e21\u0e32\u0e30\u0e2a\u0e33\u0e2b\u0e23\u0e31\u0e1a\u0e01\u0e32\u0e23<strong>\u0e1a\u0e33\u0e23\u0e38\u0e07\u0e40\u0e2a\u0e49\u0e19\u0e1c\u0e21<\/strong> \u2013 \u0e0a\u0e48\u0e27\u0e22\u0e43\u0e2b\u0e49\u0e04\u0e27\u0e32\u0e21\u0e0a\u0e38\u0e48\u0e21\u0e0a\u0e37\u0e49\u0e19 \u0e40\u0e2a\u0e23\u0e34\u0e21\u0e2a\u0e23\u0e49\u0e32\u0e07 \u0e41\u0e25\u0e30\u0e1b\u0e23\u0e31\u0e1a\u0e1b\u0e23\u0e38\u0e07\u0e04\u0e27\u0e32\u0e21\u0e22\u0e37\u0e14\u0e2b\u0e22\u0e38\u0e48\u0e19 \u0e2a\u0e32\u0e21\u0e32\u0e23\u0e16\u0e43\u0e0a\u0e49\u0e42\u0e14\u0e22\u0e15\u0e23\u0e07\u0e01\u0e31\u0e1a\u0e1c\u0e34\u0e27 \u0e1c\u0e21 \u0e2b\u0e23\u0e37\u0e2d\u0e40\u0e1b\u0e47\u0e19\u0e2a\u0e48\u0e27\u0e19\u0e1c\u0e2a\u0e21\u0e43\u0e19\u0e1c\u0e25\u0e34\u0e15\u0e20\u0e31\u0e13\u0e11\u0e4c\u0e14\u0e39\u0e41\u0e25\u0e1c\u0e34\u0e27 \u0e40\u0e0a\u0e48\u0e19 \u0e04\u0e23\u0e35\u0e21 \u0e42\u0e25\u0e0a\u0e31\u0e48\u0e19 \u0e41\u0e25\u0e30\u0e21\u0e32\u0e2a\u0e01\u0e4c \u0e21\u0e35\u0e24\u0e17\u0e18\u0e34\u0e4c\u0e2d\u0e48\u0e2d\u0e19\u0e42\u0e22\u0e19\u0e41\u0e25\u0e30\u0e2a\u0e32\u0e21\u0e32\u0e23\u0e16\u0e43\u0e0a\u0e49\u0e44\u0e14\u0e49\u0e41\u0e21\u0e49\u0e43\u0e19\u0e1a\u0e23\u0e34\u0e40\u0e27\u0e13\u0e17\u0e35\u0e48\u0e1a\u0e2d\u0e1a\u0e1a\u0e32\u0e07 \u0e40\u0e0a\u0e48\u0e19 \u0e23\u0e2d\u0e1a\u0e14\u0e27\u0e07\u0e15\u0e32  <\/p>\n<p>\u0e19\u0e49\u0e33\u0e21\u0e31\u0e19\u0e42\u0e23\u0e2a\u0e2e\u0e34\u0e1b\u0e21\u0e31\u0e01\u0e16\u0e39\u0e01\u0e40\u0e23\u0e35\u0e22\u0e01\u0e27\u0e48\u0e32 \u201c\u0e19\u0e49\u0e33\u0e21\u0e31\u0e19\u0e41\u0e2b\u0e48\u0e07\u0e04\u0e27\u0e32\u0e21\u0e40\u0e22\u0e32\u0e27\u0e4c\u0e27\u0e31\u0e22\u201d \u0e40\u0e1e\u0e23\u0e32\u0e30\u0e0a\u0e48\u0e27\u0e22\u0e43\u0e2b\u0e49\u0e1c\u0e34\u0e27\u0e40\u0e1b\u0e25\u0e48\u0e07\u0e1b\u0e25\u0e31\u0e48\u0e07 \u0e2a\u0e38\u0e02\u0e20\u0e32\u0e1e\u0e14\u0e35 \u0e41\u0e25\u0e30\u0e2d\u0e48\u0e2d\u0e19\u0e40\u0e22\u0e32\u0e27\u0e4c\u0e44\u0e14\u0e49\u0e2d\u0e22\u0e48\u0e32\u0e07\u0e21\u0e35\u0e1b\u0e23\u0e30\u0e2a\u0e34\u0e17\u0e18\u0e34\u0e20\u0e32\u0e1e<\/p>\n","protected":false},"excerpt":{"rendered":"<p><strong>\u0e19\u0e49\u0e33\u0e21\u0e31\u0e19\u0e42\u0e23\u0e2a\u0e2e\u0e34\u0e1b Rosa Canina<\/strong> \u0e2a\u0e01\u0e31\u0e14\u0e40\u0e22\u0e47\u0e19\u0e08\u0e32\u0e01\u0e1c\u0e25\u0e01\u0e38\u0e2b\u0e25\u0e32\u0e1a\u0e1b\u0e48\u0e32\u0e17\u0e35\u0e48\u0e40\u0e15\u0e34\u0e1a\u0e42\u0e15\u0e15\u0e32\u0e21\u0e18\u0e23\u0e23\u0e21\u0e0a\u0e32\u0e15\u0e34\u0e17\u0e31\u0e49\u0e07\u0e1c\u0e25 \u0e21\u0e35\u0e25\u0e31\u0e01\u0e29\u0e13\u0e30\u0e2a\u0e35\u0e2a\u0e49\u0e21\u0e2d\u0e48\u0e2d\u0e19\u0e41\u0e25\u0e30\u0e01\u0e25\u0e34\u0e48\u0e19\u0e2b\u0e2d\u0e21\u0e2d\u0e48\u0e2d\u0e19\u0e46 \u0e02\u0e2d\u0e07\u0e1c\u0e25\u0e44\u0e21\u0e49 <\/p>\n","protected":false},"featured_media":47827,"template":"","meta":{"_acf_changed":false},"product_brand":[],"product_cat":[11712,11665,11682],"product_tag":[],"class_list":{"0":"post-47825","1":"product","2":"type-product","3":"status-publish","4":"has-post-thumbnail","6":"product_cat-nam-man-samrap-ahan","7":"product_cat-nam-man-ahan-lae-khrueang-sam-ang","8":"product_cat-nam-man-khrueang-sam-ang","10":"first","11":"instock","12":"shipping-taxable","13":"product-type-simple"},"acf":[],"yoast_head":"<!-- This site is optimized with the Yoast SEO plugin v27.4 - https:\/\/yoast.com\/product\/yoast-seo-wordpress\/ -->\n<title>\u0e19\u0e49\u0e33\u0e21\u0e31\u0e19\u0e42\u0e23\u0e2a\u0e2e\u0e34\u0e1b - NATURAL POLAND - Hurtowy Dystrybutor Surowc\u00f3w<\/title>\n<meta name=\"description\" content=\"\u0e19\u0e49\u0e33\u0e21\u0e31\u0e19\u0e42\u0e23\u0e2a\u0e2e\u0e34\u0e1b Rosa Canina \u0e40\u0e1b\u0e47\u0e19\u0e1c\u0e25\u0e34\u0e15\u0e20\u0e31\u0e13\u0e11\u0e4c\u0e04\u0e38\u0e13\u0e20\u0e32\u0e1e\u0e2a\u0e39\u0e07\u0e2a\u0e38\u0e14 \u0e2a\u0e01\u0e31\u0e14\u0e40\u0e22\u0e47\u0e19\u0e08\u0e32\u0e01\u0e1c\u0e25\u0e01\u0e38\u0e2b\u0e25\u0e32\u0e1a\u0e1b\u0e48\u0e32\u0e17\u0e35\u0e48\u0e40\u0e15\u0e34\u0e1a\u0e42\u0e15\u0e15\u0e32\u0e21\u0e18\u0e23\u0e23\u0e21\u0e0a\u0e32\u0e15\u0e34\u0e17\u0e31\u0e49\u0e07\u0e1c\u0e25\" \/>\n<meta name=\"robots\" content=\"index, follow, max-snippet:-1, max-image-preview:large, max-video-preview:-1\" \/>\n<link rel=\"canonical\" href=\"https:\/\/naturalpoland.com\/th\/produkty\/watthu-dip-ahan\/nam-man-samrap-ahan\/%e0%b8%99%e0%b9%89%e0%b8%b3%e0%b8%a1%e0%b8%b1%e0%b8%99%e0%b9%82%e0%b8%a3%e0%b8%aa%e0%b8%ae%e0%b8%b4%e0%b8%9b\/\" \/>\n<meta property=\"og:locale\" content=\"th_TH\" \/>\n<meta property=\"og:type\" content=\"article\" \/>\n<meta property=\"og:title\" content=\"\u0e19\u0e49\u0e33\u0e21\u0e31\u0e19\u0e42\u0e23\u0e2a\u0e2e\u0e34\u0e1b - NATURAL POLAND - Hurtowy Dystrybutor Surowc\u00f3w\" \/>\n<meta property=\"og:description\" content=\"\u0e19\u0e49\u0e33\u0e21\u0e31\u0e19\u0e42\u0e23\u0e2a\u0e2e\u0e34\u0e1b Rosa Canina \u0e40\u0e1b\u0e47\u0e19\u0e1c\u0e25\u0e34\u0e15\u0e20\u0e31\u0e13\u0e11\u0e4c\u0e04\u0e38\u0e13\u0e20\u0e32\u0e1e\u0e2a\u0e39\u0e07\u0e2a\u0e38\u0e14 \u0e2a\u0e01\u0e31\u0e14\u0e40\u0e22\u0e47\u0e19\u0e08\u0e32\u0e01\u0e1c\u0e25\u0e01\u0e38\u0e2b\u0e25\u0e32\u0e1a\u0e1b\u0e48\u0e32\u0e17\u0e35\u0e48\u0e40\u0e15\u0e34\u0e1a\u0e42\u0e15\u0e15\u0e32\u0e21\u0e18\u0e23\u0e23\u0e21\u0e0a\u0e32\u0e15\u0e34\u0e17\u0e31\u0e49\u0e07\u0e1c\u0e25\" \/>\n<meta property=\"og:url\" content=\"https:\/\/naturalpoland.com\/th\/produkty\/watthu-dip-ahan\/nam-man-samrap-ahan\/%e0%b8%99%e0%b9%89%e0%b8%b3%e0%b8%a1%e0%b8%b1%e0%b8%99%e0%b9%82%e0%b8%a3%e0%b8%aa%e0%b8%ae%e0%b8%b4%e0%b8%9b\/\" \/>\n<meta property=\"og:site_name\" content=\"NATURAL POLAND - Hurtowy Dystrybutor Surowc\u00f3w\" \/>\n<meta property=\"article:publisher\" content=\"https:\/\/www.facebook.com\/naturalpoland.b2b\" \/>\n<meta property=\"article:modified_time\" content=\"2026-04-24T13:51:25+00:00\" \/>\n<meta property=\"og:image\" content=\"https:\/\/naturalpoland.com\/wp-content\/uploads\/olej-z-owocow-dzikiej-rozy.webp\" \/>\n\t<meta property=\"og:image:width\" content=\"619\" \/>\n\t<meta property=\"og:image:height\" content=\"619\" \/>\n\t<meta property=\"og:image:type\" content=\"image\/webp\" \/>\n<script type=\"application\/ld+json\" class=\"yoast-schema-graph\">{\"@context\":\"https:\\\/\\\/schema.org\",\"@graph\":[{\"@type\":\"WebPage\",\"@id\":\"https:\\\/\\\/naturalpoland.com\\\/th\\\/produkty\\\/watthu-dip-ahan\\\/nam-man-samrap-ahan\\\/%e0%b8%99%e0%b9%89%e0%b8%b3%e0%b8%a1%e0%b8%b1%e0%b8%99%e0%b9%82%e0%b8%a3%e0%b8%aa%e0%b8%ae%e0%b8%b4%e0%b8%9b\\\/\",\"url\":\"https:\\\/\\\/naturalpoland.com\\\/th\\\/produkty\\\/watthu-dip-ahan\\\/nam-man-samrap-ahan\\\/%e0%b8%99%e0%b9%89%e0%b8%b3%e0%b8%a1%e0%b8%b1%e0%b8%99%e0%b9%82%e0%b8%a3%e0%b8%aa%e0%b8%ae%e0%b8%b4%e0%b8%9b\\\/\",\"name\":\"\u0e19\u0e49\u0e33\u0e21\u0e31\u0e19\u0e42\u0e23\u0e2a\u0e2e\u0e34\u0e1b - NATURAL POLAND - Hurtowy Dystrybutor Surowc\u00f3w\",\"isPartOf\":{\"@id\":\"https:\\\/\\\/naturalpoland.com\\\/th\\\/#website\"},\"primaryImageOfPage\":{\"@id\":\"https:\\\/\\\/naturalpoland.com\\\/th\\\/produkty\\\/watthu-dip-ahan\\\/nam-man-samrap-ahan\\\/%e0%b8%99%e0%b9%89%e0%b8%b3%e0%b8%a1%e0%b8%b1%e0%b8%99%e0%b9%82%e0%b8%a3%e0%b8%aa%e0%b8%ae%e0%b8%b4%e0%b8%9b\\\/#primaryimage\"},\"image\":{\"@id\":\"https:\\\/\\\/naturalpoland.com\\\/th\\\/produkty\\\/watthu-dip-ahan\\\/nam-man-samrap-ahan\\\/%e0%b8%99%e0%b9%89%e0%b8%b3%e0%b8%a1%e0%b8%b1%e0%b8%99%e0%b9%82%e0%b8%a3%e0%b8%aa%e0%b8%ae%e0%b8%b4%e0%b8%9b\\\/#primaryimage\"},\"thumbnailUrl\":\"https:\\\/\\\/naturalpoland.com\\\/wp-content\\\/uploads\\\/olej-z-owocow-dzikiej-rozy.webp\",\"datePublished\":\"2021-05-11T11:52:08+00:00\",\"dateModified\":\"2026-04-24T13:51:25+00:00\",\"description\":\"\u0e19\u0e49\u0e33\u0e21\u0e31\u0e19\u0e42\u0e23\u0e2a\u0e2e\u0e34\u0e1b Rosa Canina \u0e40\u0e1b\u0e47\u0e19\u0e1c\u0e25\u0e34\u0e15\u0e20\u0e31\u0e13\u0e11\u0e4c\u0e04\u0e38\u0e13\u0e20\u0e32\u0e1e\u0e2a\u0e39\u0e07\u0e2a\u0e38\u0e14 \u0e2a\u0e01\u0e31\u0e14\u0e40\u0e22\u0e47\u0e19\u0e08\u0e32\u0e01\u0e1c\u0e25\u0e01\u0e38\u0e2b\u0e25\u0e32\u0e1a\u0e1b\u0e48\u0e32\u0e17\u0e35\u0e48\u0e40\u0e15\u0e34\u0e1a\u0e42\u0e15\u0e15\u0e32\u0e21\u0e18\u0e23\u0e23\u0e21\u0e0a\u0e32\u0e15\u0e34\u0e17\u0e31\u0e49\u0e07\u0e1c\u0e25\",\"breadcrumb\":{\"@id\":\"https:\\\/\\\/naturalpoland.com\\\/th\\\/produkty\\\/watthu-dip-ahan\\\/nam-man-samrap-ahan\\\/%e0%b8%99%e0%b9%89%e0%b8%b3%e0%b8%a1%e0%b8%b1%e0%b8%99%e0%b9%82%e0%b8%a3%e0%b8%aa%e0%b8%ae%e0%b8%b4%e0%b8%9b\\\/#breadcrumb\"},\"inLanguage\":\"th\",\"potentialAction\":[{\"@type\":\"ReadAction\",\"target\":[\"https:\\\/\\\/naturalpoland.com\\\/th\\\/produkty\\\/watthu-dip-ahan\\\/nam-man-samrap-ahan\\\/%e0%b8%99%e0%b9%89%e0%b8%b3%e0%b8%a1%e0%b8%b1%e0%b8%99%e0%b9%82%e0%b8%a3%e0%b8%aa%e0%b8%ae%e0%b8%b4%e0%b8%9b\\\/\"]}]},{\"@type\":\"ImageObject\",\"inLanguage\":\"th\",\"@id\":\"https:\\\/\\\/naturalpoland.com\\\/th\\\/produkty\\\/watthu-dip-ahan\\\/nam-man-samrap-ahan\\\/%e0%b8%99%e0%b9%89%e0%b8%b3%e0%b8%a1%e0%b8%b1%e0%b8%99%e0%b9%82%e0%b8%a3%e0%b8%aa%e0%b8%ae%e0%b8%b4%e0%b8%9b\\\/#primaryimage\",\"url\":\"https:\\\/\\\/naturalpoland.com\\\/wp-content\\\/uploads\\\/olej-z-owocow-dzikiej-rozy.webp\",\"contentUrl\":\"https:\\\/\\\/naturalpoland.com\\\/wp-content\\\/uploads\\\/olej-z-owocow-dzikiej-rozy.webp\",\"width\":619,\"height\":619,\"caption\":\"\u0e19\u0e49\u0e33\u0e21\u0e31\u0e19\u0e42\u0e23\u0e2a\u0e2e\u0e34\u0e1b Rosa Canina\"},{\"@type\":\"BreadcrumbList\",\"@id\":\"https:\\\/\\\/naturalpoland.com\\\/th\\\/produkty\\\/watthu-dip-ahan\\\/nam-man-samrap-ahan\\\/%e0%b8%99%e0%b9%89%e0%b8%b3%e0%b8%a1%e0%b8%b1%e0%b8%99%e0%b9%82%e0%b8%a3%e0%b8%aa%e0%b8%ae%e0%b8%b4%e0%b8%9b\\\/#breadcrumb\",\"itemListElement\":[{\"@type\":\"ListItem\",\"position\":1,\"name\":\"\u0e2b\u0e19\u0e49\u0e32\u0e41\u0e23\u0e01\",\"item\":\"https:\\\/\\\/naturalpoland.com\\\/th\\\/\"},{\"@type\":\"ListItem\",\"position\":2,\"name\":\"\u0e1c\u0e25\u0e34\u0e15\u0e20\u0e31\u0e13\u0e11\u0e4c\",\"item\":\"https:\\\/\\\/naturalpoland.com\\\/th\\\/phalit-phan\\\/\"},{\"@type\":\"ListItem\",\"position\":3,\"name\":\"\u0e19\u0e49\u0e33\u0e21\u0e31\u0e19\u0e42\u0e23\u0e2a\u0e2e\u0e34\u0e1b\"}]},{\"@type\":\"WebSite\",\"@id\":\"https:\\\/\\\/naturalpoland.com\\\/th\\\/#website\",\"url\":\"https:\\\/\\\/naturalpoland.com\\\/th\\\/\",\"name\":\"NATURAL POLAND - Hurtowy Dystrybutor Surowc\u00f3w\",\"description\":\"Surowce dla przemys\u0142u spo\u017cywczego, kosmetycznego i farmaceutycznego\",\"publisher\":{\"@id\":\"https:\\\/\\\/naturalpoland.com\\\/th\\\/#organization\"},\"potentialAction\":[{\"@type\":\"SearchAction\",\"target\":{\"@type\":\"EntryPoint\",\"urlTemplate\":\"https:\\\/\\\/naturalpoland.com\\\/th\\\/?s={search_term_string}\"},\"query-input\":{\"@type\":\"PropertyValueSpecification\",\"valueRequired\":true,\"valueName\":\"search_term_string\"}}],\"inLanguage\":\"th\"},{\"@type\":\"Organization\",\"@id\":\"https:\\\/\\\/naturalpoland.com\\\/th\\\/#organization\",\"name\":\"Natural Poland\",\"url\":\"https:\\\/\\\/naturalpoland.com\\\/th\\\/\",\"logo\":{\"@type\":\"ImageObject\",\"inLanguage\":\"th\",\"@id\":\"https:\\\/\\\/naturalpoland.com\\\/th\\\/#\\\/schema\\\/logo\\\/image\\\/\",\"url\":\"https:\\\/\\\/naturalpoland.com\\\/wp-content\\\/uploads\\\/2021\\\/05\\\/natural-poland-icon.png\",\"contentUrl\":\"https:\\\/\\\/naturalpoland.com\\\/wp-content\\\/uploads\\\/2021\\\/05\\\/natural-poland-icon.png\",\"width\":512,\"height\":512,\"caption\":\"Natural Poland\"},\"image\":{\"@id\":\"https:\\\/\\\/naturalpoland.com\\\/th\\\/#\\\/schema\\\/logo\\\/image\\\/\"},\"sameAs\":[\"https:\\\/\\\/www.facebook.com\\\/naturalpoland.b2b\",\"https:\\\/\\\/pl.linkedin.com\\\/company\\\/natural-poland\",\"https:\\\/\\\/www.youtube.com\\\/channel\\\/UCgeGGkvOMahZo-xu_MSEWxg\"]}]}<\/script>\n<!-- \/ Yoast SEO plugin. -->","yoast_head_json":{"title":"\u0e19\u0e49\u0e33\u0e21\u0e31\u0e19\u0e42\u0e23\u0e2a\u0e2e\u0e34\u0e1b - NATURAL POLAND - Hurtowy Dystrybutor Surowc\u00f3w","description":"\u0e19\u0e49\u0e33\u0e21\u0e31\u0e19\u0e42\u0e23\u0e2a\u0e2e\u0e34\u0e1b Rosa Canina \u0e40\u0e1b\u0e47\u0e19\u0e1c\u0e25\u0e34\u0e15\u0e20\u0e31\u0e13\u0e11\u0e4c\u0e04\u0e38\u0e13\u0e20\u0e32\u0e1e\u0e2a\u0e39\u0e07\u0e2a\u0e38\u0e14 \u0e2a\u0e01\u0e31\u0e14\u0e40\u0e22\u0e47\u0e19\u0e08\u0e32\u0e01\u0e1c\u0e25\u0e01\u0e38\u0e2b\u0e25\u0e32\u0e1a\u0e1b\u0e48\u0e32\u0e17\u0e35\u0e48\u0e40\u0e15\u0e34\u0e1a\u0e42\u0e15\u0e15\u0e32\u0e21\u0e18\u0e23\u0e23\u0e21\u0e0a\u0e32\u0e15\u0e34\u0e17\u0e31\u0e49\u0e07\u0e1c\u0e25","robots":{"index":"index","follow":"follow","max-snippet":"max-snippet:-1","max-image-preview":"max-image-preview:large","max-video-preview":"max-video-preview:-1"},"canonical":"https:\/\/naturalpoland.com\/th\/produkty\/watthu-dip-ahan\/nam-man-samrap-ahan\/%e0%b8%99%e0%b9%89%e0%b8%b3%e0%b8%a1%e0%b8%b1%e0%b8%99%e0%b9%82%e0%b8%a3%e0%b8%aa%e0%b8%ae%e0%b8%b4%e0%b8%9b\/","og_locale":"th_TH","og_type":"article","og_title":"\u0e19\u0e49\u0e33\u0e21\u0e31\u0e19\u0e42\u0e23\u0e2a\u0e2e\u0e34\u0e1b - NATURAL POLAND - Hurtowy Dystrybutor Surowc\u00f3w","og_description":"\u0e19\u0e49\u0e33\u0e21\u0e31\u0e19\u0e42\u0e23\u0e2a\u0e2e\u0e34\u0e1b Rosa Canina \u0e40\u0e1b\u0e47\u0e19\u0e1c\u0e25\u0e34\u0e15\u0e20\u0e31\u0e13\u0e11\u0e4c\u0e04\u0e38\u0e13\u0e20\u0e32\u0e1e\u0e2a\u0e39\u0e07\u0e2a\u0e38\u0e14 \u0e2a\u0e01\u0e31\u0e14\u0e40\u0e22\u0e47\u0e19\u0e08\u0e32\u0e01\u0e1c\u0e25\u0e01\u0e38\u0e2b\u0e25\u0e32\u0e1a\u0e1b\u0e48\u0e32\u0e17\u0e35\u0e48\u0e40\u0e15\u0e34\u0e1a\u0e42\u0e15\u0e15\u0e32\u0e21\u0e18\u0e23\u0e23\u0e21\u0e0a\u0e32\u0e15\u0e34\u0e17\u0e31\u0e49\u0e07\u0e1c\u0e25","og_url":"https:\/\/naturalpoland.com\/th\/produkty\/watthu-dip-ahan\/nam-man-samrap-ahan\/%e0%b8%99%e0%b9%89%e0%b8%b3%e0%b8%a1%e0%b8%b1%e0%b8%99%e0%b9%82%e0%b8%a3%e0%b8%aa%e0%b8%ae%e0%b8%b4%e0%b8%9b\/","og_site_name":"NATURAL POLAND - Hurtowy Dystrybutor Surowc\u00f3w","article_publisher":"https:\/\/www.facebook.com\/naturalpoland.b2b","article_modified_time":"2026-04-24T13:51:25+00:00","og_image":[{"width":619,"height":619,"url":"https:\/\/naturalpoland.com\/wp-content\/uploads\/olej-z-owocow-dzikiej-rozy.webp","type":"image\/webp"}],"schema":{"@context":"https:\/\/schema.org","@graph":[{"@type":"WebPage","@id":"https:\/\/naturalpoland.com\/th\/produkty\/watthu-dip-ahan\/nam-man-samrap-ahan\/%e0%b8%99%e0%b9%89%e0%b8%b3%e0%b8%a1%e0%b8%b1%e0%b8%99%e0%b9%82%e0%b8%a3%e0%b8%aa%e0%b8%ae%e0%b8%b4%e0%b8%9b\/","url":"https:\/\/naturalpoland.com\/th\/produkty\/watthu-dip-ahan\/nam-man-samrap-ahan\/%e0%b8%99%e0%b9%89%e0%b8%b3%e0%b8%a1%e0%b8%b1%e0%b8%99%e0%b9%82%e0%b8%a3%e0%b8%aa%e0%b8%ae%e0%b8%b4%e0%b8%9b\/","name":"\u0e19\u0e49\u0e33\u0e21\u0e31\u0e19\u0e42\u0e23\u0e2a\u0e2e\u0e34\u0e1b - NATURAL POLAND - Hurtowy Dystrybutor Surowc\u00f3w","isPartOf":{"@id":"https:\/\/naturalpoland.com\/th\/#website"},"primaryImageOfPage":{"@id":"https:\/\/naturalpoland.com\/th\/produkty\/watthu-dip-ahan\/nam-man-samrap-ahan\/%e0%b8%99%e0%b9%89%e0%b8%b3%e0%b8%a1%e0%b8%b1%e0%b8%99%e0%b9%82%e0%b8%a3%e0%b8%aa%e0%b8%ae%e0%b8%b4%e0%b8%9b\/#primaryimage"},"image":{"@id":"https:\/\/naturalpoland.com\/th\/produkty\/watthu-dip-ahan\/nam-man-samrap-ahan\/%e0%b8%99%e0%b9%89%e0%b8%b3%e0%b8%a1%e0%b8%b1%e0%b8%99%e0%b9%82%e0%b8%a3%e0%b8%aa%e0%b8%ae%e0%b8%b4%e0%b8%9b\/#primaryimage"},"thumbnailUrl":"https:\/\/naturalpoland.com\/wp-content\/uploads\/olej-z-owocow-dzikiej-rozy.webp","datePublished":"2021-05-11T11:52:08+00:00","dateModified":"2026-04-24T13:51:25+00:00","description":"\u0e19\u0e49\u0e33\u0e21\u0e31\u0e19\u0e42\u0e23\u0e2a\u0e2e\u0e34\u0e1b Rosa Canina \u0e40\u0e1b\u0e47\u0e19\u0e1c\u0e25\u0e34\u0e15\u0e20\u0e31\u0e13\u0e11\u0e4c\u0e04\u0e38\u0e13\u0e20\u0e32\u0e1e\u0e2a\u0e39\u0e07\u0e2a\u0e38\u0e14 \u0e2a\u0e01\u0e31\u0e14\u0e40\u0e22\u0e47\u0e19\u0e08\u0e32\u0e01\u0e1c\u0e25\u0e01\u0e38\u0e2b\u0e25\u0e32\u0e1a\u0e1b\u0e48\u0e32\u0e17\u0e35\u0e48\u0e40\u0e15\u0e34\u0e1a\u0e42\u0e15\u0e15\u0e32\u0e21\u0e18\u0e23\u0e23\u0e21\u0e0a\u0e32\u0e15\u0e34\u0e17\u0e31\u0e49\u0e07\u0e1c\u0e25","breadcrumb":{"@id":"https:\/\/naturalpoland.com\/th\/produkty\/watthu-dip-ahan\/nam-man-samrap-ahan\/%e0%b8%99%e0%b9%89%e0%b8%b3%e0%b8%a1%e0%b8%b1%e0%b8%99%e0%b9%82%e0%b8%a3%e0%b8%aa%e0%b8%ae%e0%b8%b4%e0%b8%9b\/#breadcrumb"},"inLanguage":"th","potentialAction":[{"@type":"ReadAction","target":["https:\/\/naturalpoland.com\/th\/produkty\/watthu-dip-ahan\/nam-man-samrap-ahan\/%e0%b8%99%e0%b9%89%e0%b8%b3%e0%b8%a1%e0%b8%b1%e0%b8%99%e0%b9%82%e0%b8%a3%e0%b8%aa%e0%b8%ae%e0%b8%b4%e0%b8%9b\/"]}]},{"@type":"ImageObject","inLanguage":"th","@id":"https:\/\/naturalpoland.com\/th\/produkty\/watthu-dip-ahan\/nam-man-samrap-ahan\/%e0%b8%99%e0%b9%89%e0%b8%b3%e0%b8%a1%e0%b8%b1%e0%b8%99%e0%b9%82%e0%b8%a3%e0%b8%aa%e0%b8%ae%e0%b8%b4%e0%b8%9b\/#primaryimage","url":"https:\/\/naturalpoland.com\/wp-content\/uploads\/olej-z-owocow-dzikiej-rozy.webp","contentUrl":"https:\/\/naturalpoland.com\/wp-content\/uploads\/olej-z-owocow-dzikiej-rozy.webp","width":619,"height":619,"caption":"\u0e19\u0e49\u0e33\u0e21\u0e31\u0e19\u0e42\u0e23\u0e2a\u0e2e\u0e34\u0e1b Rosa Canina"},{"@type":"BreadcrumbList","@id":"https:\/\/naturalpoland.com\/th\/produkty\/watthu-dip-ahan\/nam-man-samrap-ahan\/%e0%b8%99%e0%b9%89%e0%b8%b3%e0%b8%a1%e0%b8%b1%e0%b8%99%e0%b9%82%e0%b8%a3%e0%b8%aa%e0%b8%ae%e0%b8%b4%e0%b8%9b\/#breadcrumb","itemListElement":[{"@type":"ListItem","position":1,"name":"\u0e2b\u0e19\u0e49\u0e32\u0e41\u0e23\u0e01","item":"https:\/\/naturalpoland.com\/th\/"},{"@type":"ListItem","position":2,"name":"\u0e1c\u0e25\u0e34\u0e15\u0e20\u0e31\u0e13\u0e11\u0e4c","item":"https:\/\/naturalpoland.com\/th\/phalit-phan\/"},{"@type":"ListItem","position":3,"name":"\u0e19\u0e49\u0e33\u0e21\u0e31\u0e19\u0e42\u0e23\u0e2a\u0e2e\u0e34\u0e1b"}]},{"@type":"WebSite","@id":"https:\/\/naturalpoland.com\/th\/#website","url":"https:\/\/naturalpoland.com\/th\/","name":"NATURAL POLAND - Hurtowy Dystrybutor Surowc\u00f3w","description":"Surowce dla przemys\u0142u spo\u017cywczego, kosmetycznego i farmaceutycznego","publisher":{"@id":"https:\/\/naturalpoland.com\/th\/#organization"},"potentialAction":[{"@type":"SearchAction","target":{"@type":"EntryPoint","urlTemplate":"https:\/\/naturalpoland.com\/th\/?s={search_term_string}"},"query-input":{"@type":"PropertyValueSpecification","valueRequired":true,"valueName":"search_term_string"}}],"inLanguage":"th"},{"@type":"Organization","@id":"https:\/\/naturalpoland.com\/th\/#organization","name":"Natural Poland","url":"https:\/\/naturalpoland.com\/th\/","logo":{"@type":"ImageObject","inLanguage":"th","@id":"https:\/\/naturalpoland.com\/th\/#\/schema\/logo\/image\/","url":"https:\/\/naturalpoland.com\/wp-content\/uploads\/2021\/05\/natural-poland-icon.png","contentUrl":"https:\/\/naturalpoland.com\/wp-content\/uploads\/2021\/05\/natural-poland-icon.png","width":512,"height":512,"caption":"Natural Poland"},"image":{"@id":"https:\/\/naturalpoland.com\/th\/#\/schema\/logo\/image\/"},"sameAs":["https:\/\/www.facebook.com\/naturalpoland.b2b","https:\/\/pl.linkedin.com\/company\/natural-poland","https:\/\/www.youtube.com\/channel\/UCgeGGkvOMahZo-xu_MSEWxg"]}]}},"_links":{"self":[{"href":"https:\/\/naturalpoland.com\/th\/wp-json\/wp\/v2\/product\/47825","targetHints":{"allow":["GET"]}}],"collection":[{"href":"https:\/\/naturalpoland.com\/th\/wp-json\/wp\/v2\/product"}],"about":[{"href":"https:\/\/naturalpoland.com\/th\/wp-json\/wp\/v2\/types\/product"}],"wp:featuredmedia":[{"embeddable":true,"href":"https:\/\/naturalpoland.com\/th\/wp-json\/wp\/v2\/media\/47827"}],"wp:attachment":[{"href":"https:\/\/naturalpoland.com\/th\/wp-json\/wp\/v2\/media?parent=47825"}],"wp:term":[{"taxonomy":"product_brand","embeddable":true,"href":"https:\/\/naturalpoland.com\/th\/wp-json\/wp\/v2\/product_brand?post=47825"},{"taxonomy":"product_cat","embeddable":true,"href":"https:\/\/naturalpoland.com\/th\/wp-json\/wp\/v2\/product_cat?post=47825"},{"taxonomy":"product_tag","embeddable":true,"href":"https:\/\/naturalpoland.com\/th\/wp-json\/wp\/v2\/product_tag?post=47825"}],"curies":[{"name":"wp","href":"https:\/\/api.w.org\/{rel}","templated":true}]}}