{"id":47878,"date":"2021-05-21T10:53:52","date_gmt":"2021-05-21T08:53:52","guid":{"rendered":"https:\/\/naturalpoland.com\/produkty\/uncategorized\/%e0%b8%81%e0%b8%a3%e0%b8%94%e0%b9%80%e0%b8%ad%e0%b8%97%e0%b8%b4%e0%b8%a5%e0%b9%81%e0%b8%ad%e0%b8%aa%e0%b8%84%e0%b8%ad%e0%b8%a3%e0%b9%8c%e0%b8%9a%e0%b8%b4%e0%b8%81\/"},"modified":"2026-04-24T16:04:24","modified_gmt":"2026-04-24T14:04:24","slug":"%e0%b8%81%e0%b8%a3%e0%b8%94%e0%b9%80%e0%b8%ad%e0%b8%97%e0%b8%b4%e0%b8%a5%e0%b9%81%e0%b8%ad%e0%b8%aa%e0%b8%84%e0%b8%ad%e0%b8%a3%e0%b9%8c%e0%b8%9a%e0%b8%b4%e0%b8%81","status":"publish","type":"product","link":"https:\/\/naturalpoland.com\/th\/produkty\/watthu-dip-khrueang-sam-ang\/watthu-dip-khrueang-sam-ang-2\/%e0%b8%81%e0%b8%a3%e0%b8%94%e0%b9%80%e0%b8%ad%e0%b8%97%e0%b8%b4%e0%b8%a5%e0%b9%81%e0%b8%ad%e0%b8%aa%e0%b8%84%e0%b8%ad%e0%b8%a3%e0%b9%8c%e0%b8%9a%e0%b8%b4%e0%b8%81\/","title":{"rendered":"\u0e01\u0e23\u0e14\u0e40\u0e2d\u0e17\u0e34\u0e25\u0e41\u0e2d\u0e2a\u0e04\u0e2d\u0e23\u0e4c\u0e1a\u0e34\u0e01"},"content":{"rendered":"<p>\u0e01\u0e23\u0e14\u0e40\u0e2d\u0e17\u0e34\u0e25\u0e41\u0e2d\u0e2a\u0e04\u0e2d\u0e23\u0e4c\u0e1a\u0e34\u0e01\u0e21\u0e35\u0e1b\u0e23\u0e30\u0e2a\u0e34\u0e17\u0e18\u0e34\u0e20\u0e32\u0e1e\u0e2d\u0e22\u0e48\u0e32\u0e07\u0e22\u0e2d\u0e14\u0e40\u0e22\u0e35\u0e48\u0e22\u0e21\u0e43\u0e19\u0e01\u0e32\u0e23\u0e14\u0e39\u0e41\u0e25\u0e1c\u0e34\u0e27\u0e1b\u0e23\u0e30\u0e08\u0e33\u0e27\u0e31\u0e19 \u0e23\u0e27\u0e21\u0e16\u0e36\u0e07\u0e1c\u0e21\u0e41\u0e25\u0e30\u0e40\u0e25\u0e47\u0e1a \u0e0a\u0e48\u0e27\u0e22\u0e2a\u0e48\u0e07\u0e40\u0e2a\u0e23\u0e34\u0e21\u0e01\u0e32\u0e23\u0e40\u0e08\u0e23\u0e34\u0e0d\u0e40\u0e15\u0e34\u0e1a\u0e42\u0e15 \u0e0a\u0e48\u0e27\u0e22\u0e1a\u0e33\u0e23\u0e38\u0e07\u0e41\u0e25\u0e30\u0e40\u0e2a\u0e23\u0e34\u0e21\u0e2a\u0e23\u0e49\u0e32\u0e07\u0e04\u0e27\u0e32\u0e21\u0e41\u0e02\u0e47\u0e07\u0e41\u0e23\u0e07\u0e2d\u0e22\u0e48\u0e32\u0e07\u0e21\u0e35\u0e1b\u0e23\u0e30\u0e2a\u0e34\u0e17\u0e18\u0e34\u0e20\u0e32\u0e1e \u0e42\u0e14\u0e22\u0e0b\u0e36\u0e21\u0e25\u0e36\u0e01\u0e40\u0e02\u0e49\u0e32\u0e2a\u0e39\u0e48\u0e0a\u0e31\u0e49\u0e19\u0e1c\u0e34\u0e27\u0e0a\u0e31\u0e49\u0e19\u0e43\u0e19 \u0e19\u0e2d\u0e01\u0e08\u0e32\u0e01\u0e19\u0e35\u0e49\u0e22\u0e31\u0e07\u0e21\u0e35\u0e04\u0e38\u0e13\u0e2a\u0e21\u0e1a\u0e31\u0e15\u0e34\u0e0a\u0e30\u0e25\u0e2d\u0e27\u0e31\u0e22\u0e41\u0e25\u0e30\u0e1b\u0e49\u0e2d\u0e07\u0e01\u0e31\u0e19\u0e01\u0e23\u0e30\u0e1a\u0e27\u0e19\u0e01\u0e32\u0e23\u0e0a\u0e23\u0e32 \u0e14\u0e49\u0e27\u0e22\u0e04\u0e38\u0e13\u0e2a\u0e21\u0e1a\u0e31\u0e15\u0e34\u0e1e\u0e34\u0e40\u0e28\u0e29\u0e02\u0e2d\u0e07\u0e01\u0e23\u0e14\u0e0a\u0e19\u0e34\u0e14\u0e19\u0e35\u0e49 \u0e08\u0e36\u0e07\u0e2a\u0e32\u0e21\u0e32\u0e23\u0e16\u0e43\u0e0a\u0e49\u0e43\u0e19\u0e01\u0e32\u0e23\u0e14\u0e39\u0e41\u0e25\u0e1c\u0e34\u0e27\u0e2a\u0e34\u0e27\u0e44\u0e14\u0e49 \u0e40\u0e19\u0e37\u0e48\u0e2d\u0e07\u0e08\u0e32\u0e01\u0e0a\u0e48\u0e27\u0e22\u0e2a\u0e19\u0e31\u0e1a\u0e2a\u0e19\u0e38\u0e19\u0e01\u0e32\u0e23\u0e23\u0e31\u0e01\u0e29\u0e32\u0e2d\u0e32\u0e01\u0e32\u0e23\u0e2d\u0e31\u0e01\u0e40\u0e2a\u0e1a \u0e2d\u0e35\u0e01\u0e17\u0e31\u0e49\u0e07\u0e22\u0e31\u0e07\u0e21\u0e35\u0e04\u0e38\u0e13\u0e2a\u0e21\u0e1a\u0e31\u0e15\u0e34\u0e25\u0e14\u0e40\u0e21\u0e47\u0e14\u0e2a\u0e35\u0e1c\u0e34\u0e27 \u0e0a\u0e48\u0e27\u0e22\u0e02\u0e08\u0e31\u0e14\u0e08\u0e38\u0e14\u0e14\u0e48\u0e32\u0e07\u0e14\u0e33\u0e41\u0e25\u0e30\u0e1b\u0e49\u0e2d\u0e07\u0e01\u0e31\u0e19\u0e01\u0e32\u0e23\u0e40\u0e01\u0e34\u0e14\u0e08\u0e38\u0e14\u0e14\u0e48\u0e32\u0e07\u0e14\u0e33\u0e43\u0e2b\u0e21\u0e48    <\/p>\n","protected":false},"excerpt":{"rendered":"<p><strong>\u0e01\u0e23\u0e14 3-O-\u0e40\u0e2d\u0e17\u0e34\u0e25-L-\u0e41\u0e2d\u0e2a\u0e04\u0e2d\u0e23\u0e4c\u0e1a\u0e34\u0e01<\/strong> <strong>(3-O-Ethyl-L-ascorbic acid)<\/strong> \u0e40\u0e1b\u0e47\u0e19\u0e27\u0e34\u0e15\u0e32\u0e21\u0e34\u0e19\u0e0b\u0e35\u0e23\u0e39\u0e1b\u0e41\u0e1a\u0e1a\u0e2b\u0e19\u0e36\u0e48\u0e07 \u0e2a\u0e32\u0e23\u0e19\u0e35\u0e49\u0e21\u0e35\u0e04\u0e27\u0e32\u0e21\u0e04\u0e07\u0e15\u0e31\u0e27\u0e15\u0e48\u0e2d\u0e2d\u0e38\u0e13\u0e2b\u0e20\u0e39\u0e21\u0e34\u0e2a\u0e39\u0e07\u0e41\u0e25\u0e30\u0e25\u0e30\u0e25\u0e32\u0e22\u0e19\u0e49\u0e33\u0e44\u0e14\u0e49<\/p>\n","protected":false},"featured_media":47881,"template":"","meta":{"_acf_changed":false},"product_brand":[],"product_cat":[11689,11633],"product_tag":[],"class_list":{"0":"post-47878","1":"product","2":"type-product","3":"status-publish","4":"has-post-thumbnail","6":"product_cat-watthu-dip-khrueang-sam-ang-2","7":"product_cat-11633","9":"first","10":"instock","11":"shipping-taxable","12":"product-type-simple"},"acf":[],"yoast_head":"<!-- This site is optimized with the Yoast SEO plugin v27.4 - https:\/\/yoast.com\/product\/yoast-seo-wordpress\/ -->\n<title>\u0e01\u0e23\u0e14\u0e40\u0e2d\u0e17\u0e34\u0e25\u0e41\u0e2d\u0e2a\u0e04\u0e2d\u0e23\u0e4c\u0e1a\u0e34\u0e01 - Hurtowy Dystrybutor<\/title>\n<meta name=\"robots\" content=\"index, follow, max-snippet:-1, max-image-preview:large, max-video-preview:-1\" \/>\n<link rel=\"canonical\" href=\"https:\/\/naturalpoland.com\/th\/produkty\/watthu-dip-khrueang-sam-ang\/watthu-dip-khrueang-sam-ang-2\/%e0%b8%81%e0%b8%a3%e0%b8%94%e0%b9%80%e0%b8%ad%e0%b8%97%e0%b8%b4%e0%b8%a5%e0%b9%81%e0%b8%ad%e0%b8%aa%e0%b8%84%e0%b8%ad%e0%b8%a3%e0%b9%8c%e0%b8%9a%e0%b8%b4%e0%b8%81\/\" \/>\n<meta property=\"og:locale\" content=\"th_TH\" \/>\n<meta property=\"og:type\" content=\"article\" \/>\n<meta property=\"og:title\" content=\"\u0e01\u0e23\u0e14\u0e40\u0e2d\u0e17\u0e34\u0e25\u0e41\u0e2d\u0e2a\u0e04\u0e2d\u0e23\u0e4c\u0e1a\u0e34\u0e01 - Hurtowy Dystrybutor\" \/>\n<meta property=\"og:description\" content=\"\u0e01\u0e23\u0e14 3-O-\u0e40\u0e2d\u0e17\u0e34\u0e25-L-\u0e41\u0e2d\u0e2a\u0e04\u0e2d\u0e23\u0e4c\u0e1a\u0e34\u0e01 (3-O-Ethyl-L-ascorbic acid) \u0e40\u0e1b\u0e47\u0e19\u0e27\u0e34\u0e15\u0e32\u0e21\u0e34\u0e19\u0e0b\u0e35\u0e23\u0e39\u0e1b\u0e41\u0e1a\u0e1a\u0e2b\u0e19\u0e36\u0e48\u0e07 \u0e2a\u0e32\u0e23\u0e19\u0e35\u0e49\u0e21\u0e35\u0e04\u0e27\u0e32\u0e21\u0e04\u0e07\u0e15\u0e31\u0e27\u0e15\u0e48\u0e2d\u0e2d\u0e38\u0e13\u0e2b\u0e20\u0e39\u0e21\u0e34\u0e2a\u0e39\u0e07\u0e41\u0e25\u0e30\u0e25\u0e30\u0e25\u0e32\u0e22\u0e19\u0e49\u0e33\u0e44\u0e14\u0e49\" \/>\n<meta property=\"og:url\" content=\"https:\/\/naturalpoland.com\/th\/produkty\/watthu-dip-khrueang-sam-ang\/watthu-dip-khrueang-sam-ang-2\/%e0%b8%81%e0%b8%a3%e0%b8%94%e0%b9%80%e0%b8%ad%e0%b8%97%e0%b8%b4%e0%b8%a5%e0%b9%81%e0%b8%ad%e0%b8%aa%e0%b8%84%e0%b8%ad%e0%b8%a3%e0%b9%8c%e0%b8%9a%e0%b8%b4%e0%b8%81\/\" \/>\n<meta property=\"og:site_name\" content=\"NATURAL POLAND - Hurtowy Dystrybutor Surowc\u00f3w\" \/>\n<meta property=\"article:publisher\" content=\"https:\/\/www.facebook.com\/naturalpoland.b2b\" \/>\n<meta property=\"article:modified_time\" content=\"2026-04-24T14:04:24+00:00\" \/>\n<meta property=\"og:image\" content=\"https:\/\/naturalpoland.com\/wp-content\/uploads\/2021\/05\/kwas-etyloaskorbinowy.jpg\" \/>\n\t<meta property=\"og:image:width\" content=\"800\" \/>\n\t<meta property=\"og:image:height\" content=\"800\" \/>\n\t<meta property=\"og:image:type\" content=\"image\/jpeg\" \/>\n<script type=\"application\/ld+json\" class=\"yoast-schema-graph\">{\"@context\":\"https:\\\/\\\/schema.org\",\"@graph\":[{\"@type\":\"WebPage\",\"@id\":\"https:\\\/\\\/naturalpoland.com\\\/th\\\/produkty\\\/watthu-dip-khrueang-sam-ang\\\/watthu-dip-khrueang-sam-ang-2\\\/%e0%b8%81%e0%b8%a3%e0%b8%94%e0%b9%80%e0%b8%ad%e0%b8%97%e0%b8%b4%e0%b8%a5%e0%b9%81%e0%b8%ad%e0%b8%aa%e0%b8%84%e0%b8%ad%e0%b8%a3%e0%b9%8c%e0%b8%9a%e0%b8%b4%e0%b8%81\\\/\",\"url\":\"https:\\\/\\\/naturalpoland.com\\\/th\\\/produkty\\\/watthu-dip-khrueang-sam-ang\\\/watthu-dip-khrueang-sam-ang-2\\\/%e0%b8%81%e0%b8%a3%e0%b8%94%e0%b9%80%e0%b8%ad%e0%b8%97%e0%b8%b4%e0%b8%a5%e0%b9%81%e0%b8%ad%e0%b8%aa%e0%b8%84%e0%b8%ad%e0%b8%a3%e0%b9%8c%e0%b8%9a%e0%b8%b4%e0%b8%81\\\/\",\"name\":\"\u0e01\u0e23\u0e14\u0e40\u0e2d\u0e17\u0e34\u0e25\u0e41\u0e2d\u0e2a\u0e04\u0e2d\u0e23\u0e4c\u0e1a\u0e34\u0e01 - Hurtowy Dystrybutor\",\"isPartOf\":{\"@id\":\"https:\\\/\\\/naturalpoland.com\\\/th\\\/#website\"},\"primaryImageOfPage\":{\"@id\":\"https:\\\/\\\/naturalpoland.com\\\/th\\\/produkty\\\/watthu-dip-khrueang-sam-ang\\\/watthu-dip-khrueang-sam-ang-2\\\/%e0%b8%81%e0%b8%a3%e0%b8%94%e0%b9%80%e0%b8%ad%e0%b8%97%e0%b8%b4%e0%b8%a5%e0%b9%81%e0%b8%ad%e0%b8%aa%e0%b8%84%e0%b8%ad%e0%b8%a3%e0%b9%8c%e0%b8%9a%e0%b8%b4%e0%b8%81\\\/#primaryimage\"},\"image\":{\"@id\":\"https:\\\/\\\/naturalpoland.com\\\/th\\\/produkty\\\/watthu-dip-khrueang-sam-ang\\\/watthu-dip-khrueang-sam-ang-2\\\/%e0%b8%81%e0%b8%a3%e0%b8%94%e0%b9%80%e0%b8%ad%e0%b8%97%e0%b8%b4%e0%b8%a5%e0%b9%81%e0%b8%ad%e0%b8%aa%e0%b8%84%e0%b8%ad%e0%b8%a3%e0%b9%8c%e0%b8%9a%e0%b8%b4%e0%b8%81\\\/#primaryimage\"},\"thumbnailUrl\":\"https:\\\/\\\/naturalpoland.com\\\/wp-content\\\/uploads\\\/2021\\\/05\\\/kwas-etyloaskorbinowy.jpg\",\"datePublished\":\"2021-05-21T08:53:52+00:00\",\"dateModified\":\"2026-04-24T14:04:24+00:00\",\"breadcrumb\":{\"@id\":\"https:\\\/\\\/naturalpoland.com\\\/th\\\/produkty\\\/watthu-dip-khrueang-sam-ang\\\/watthu-dip-khrueang-sam-ang-2\\\/%e0%b8%81%e0%b8%a3%e0%b8%94%e0%b9%80%e0%b8%ad%e0%b8%97%e0%b8%b4%e0%b8%a5%e0%b9%81%e0%b8%ad%e0%b8%aa%e0%b8%84%e0%b8%ad%e0%b8%a3%e0%b9%8c%e0%b8%9a%e0%b8%b4%e0%b8%81\\\/#breadcrumb\"},\"inLanguage\":\"th\",\"potentialAction\":[{\"@type\":\"ReadAction\",\"target\":[\"https:\\\/\\\/naturalpoland.com\\\/th\\\/produkty\\\/watthu-dip-khrueang-sam-ang\\\/watthu-dip-khrueang-sam-ang-2\\\/%e0%b8%81%e0%b8%a3%e0%b8%94%e0%b9%80%e0%b8%ad%e0%b8%97%e0%b8%b4%e0%b8%a5%e0%b9%81%e0%b8%ad%e0%b8%aa%e0%b8%84%e0%b8%ad%e0%b8%a3%e0%b9%8c%e0%b8%9a%e0%b8%b4%e0%b8%81\\\/\"]}]},{\"@type\":\"ImageObject\",\"inLanguage\":\"th\",\"@id\":\"https:\\\/\\\/naturalpoland.com\\\/th\\\/produkty\\\/watthu-dip-khrueang-sam-ang\\\/watthu-dip-khrueang-sam-ang-2\\\/%e0%b8%81%e0%b8%a3%e0%b8%94%e0%b9%80%e0%b8%ad%e0%b8%97%e0%b8%b4%e0%b8%a5%e0%b9%81%e0%b8%ad%e0%b8%aa%e0%b8%84%e0%b8%ad%e0%b8%a3%e0%b9%8c%e0%b8%9a%e0%b8%b4%e0%b8%81\\\/#primaryimage\",\"url\":\"https:\\\/\\\/naturalpoland.com\\\/wp-content\\\/uploads\\\/2021\\\/05\\\/kwas-etyloaskorbinowy.jpg\",\"contentUrl\":\"https:\\\/\\\/naturalpoland.com\\\/wp-content\\\/uploads\\\/2021\\\/05\\\/kwas-etyloaskorbinowy.jpg\",\"width\":800,\"height\":800,\"caption\":\"\u0e01\u0e23\u0e14\u0e40\u0e2d\u0e17\u0e34\u0e25\u0e41\u0e2d\u0e2a\u0e04\u0e2d\u0e23\u0e4c\u0e1a\u0e34\u0e01\"},{\"@type\":\"BreadcrumbList\",\"@id\":\"https:\\\/\\\/naturalpoland.com\\\/th\\\/produkty\\\/watthu-dip-khrueang-sam-ang\\\/watthu-dip-khrueang-sam-ang-2\\\/%e0%b8%81%e0%b8%a3%e0%b8%94%e0%b9%80%e0%b8%ad%e0%b8%97%e0%b8%b4%e0%b8%a5%e0%b9%81%e0%b8%ad%e0%b8%aa%e0%b8%84%e0%b8%ad%e0%b8%a3%e0%b9%8c%e0%b8%9a%e0%b8%b4%e0%b8%81\\\/#breadcrumb\",\"itemListElement\":[{\"@type\":\"ListItem\",\"position\":1,\"name\":\"\u0e2b\u0e19\u0e49\u0e32\u0e41\u0e23\u0e01\",\"item\":\"https:\\\/\\\/naturalpoland.com\\\/th\\\/\"},{\"@type\":\"ListItem\",\"position\":2,\"name\":\"\u0e1c\u0e25\u0e34\u0e15\u0e20\u0e31\u0e13\u0e11\u0e4c\",\"item\":\"https:\\\/\\\/naturalpoland.com\\\/th\\\/phalit-phan\\\/\"},{\"@type\":\"ListItem\",\"position\":3,\"name\":\"\u0e01\u0e23\u0e14\u0e40\u0e2d\u0e17\u0e34\u0e25\u0e41\u0e2d\u0e2a\u0e04\u0e2d\u0e23\u0e4c\u0e1a\u0e34\u0e01\"}]},{\"@type\":\"WebSite\",\"@id\":\"https:\\\/\\\/naturalpoland.com\\\/th\\\/#website\",\"url\":\"https:\\\/\\\/naturalpoland.com\\\/th\\\/\",\"name\":\"NATURAL POLAND - Hurtowy Dystrybutor Surowc\u00f3w\",\"description\":\"Surowce dla przemys\u0142u spo\u017cywczego, kosmetycznego i farmaceutycznego\",\"publisher\":{\"@id\":\"https:\\\/\\\/naturalpoland.com\\\/th\\\/#organization\"},\"potentialAction\":[{\"@type\":\"SearchAction\",\"target\":{\"@type\":\"EntryPoint\",\"urlTemplate\":\"https:\\\/\\\/naturalpoland.com\\\/th\\\/?s={search_term_string}\"},\"query-input\":{\"@type\":\"PropertyValueSpecification\",\"valueRequired\":true,\"valueName\":\"search_term_string\"}}],\"inLanguage\":\"th\"},{\"@type\":\"Organization\",\"@id\":\"https:\\\/\\\/naturalpoland.com\\\/th\\\/#organization\",\"name\":\"Natural Poland\",\"url\":\"https:\\\/\\\/naturalpoland.com\\\/th\\\/\",\"logo\":{\"@type\":\"ImageObject\",\"inLanguage\":\"th\",\"@id\":\"https:\\\/\\\/naturalpoland.com\\\/th\\\/#\\\/schema\\\/logo\\\/image\\\/\",\"url\":\"https:\\\/\\\/naturalpoland.com\\\/wp-content\\\/uploads\\\/2021\\\/05\\\/natural-poland-icon.png\",\"contentUrl\":\"https:\\\/\\\/naturalpoland.com\\\/wp-content\\\/uploads\\\/2021\\\/05\\\/natural-poland-icon.png\",\"width\":512,\"height\":512,\"caption\":\"Natural Poland\"},\"image\":{\"@id\":\"https:\\\/\\\/naturalpoland.com\\\/th\\\/#\\\/schema\\\/logo\\\/image\\\/\"},\"sameAs\":[\"https:\\\/\\\/www.facebook.com\\\/naturalpoland.b2b\",\"https:\\\/\\\/pl.linkedin.com\\\/company\\\/natural-poland\",\"https:\\\/\\\/www.youtube.com\\\/channel\\\/UCgeGGkvOMahZo-xu_MSEWxg\"]}]}<\/script>\n<!-- \/ Yoast SEO plugin. -->","yoast_head_json":{"title":"\u0e01\u0e23\u0e14\u0e40\u0e2d\u0e17\u0e34\u0e25\u0e41\u0e2d\u0e2a\u0e04\u0e2d\u0e23\u0e4c\u0e1a\u0e34\u0e01 - Hurtowy Dystrybutor","robots":{"index":"index","follow":"follow","max-snippet":"max-snippet:-1","max-image-preview":"max-image-preview:large","max-video-preview":"max-video-preview:-1"},"canonical":"https:\/\/naturalpoland.com\/th\/produkty\/watthu-dip-khrueang-sam-ang\/watthu-dip-khrueang-sam-ang-2\/%e0%b8%81%e0%b8%a3%e0%b8%94%e0%b9%80%e0%b8%ad%e0%b8%97%e0%b8%b4%e0%b8%a5%e0%b9%81%e0%b8%ad%e0%b8%aa%e0%b8%84%e0%b8%ad%e0%b8%a3%e0%b9%8c%e0%b8%9a%e0%b8%b4%e0%b8%81\/","og_locale":"th_TH","og_type":"article","og_title":"\u0e01\u0e23\u0e14\u0e40\u0e2d\u0e17\u0e34\u0e25\u0e41\u0e2d\u0e2a\u0e04\u0e2d\u0e23\u0e4c\u0e1a\u0e34\u0e01 - Hurtowy Dystrybutor","og_description":"\u0e01\u0e23\u0e14 3-O-\u0e40\u0e2d\u0e17\u0e34\u0e25-L-\u0e41\u0e2d\u0e2a\u0e04\u0e2d\u0e23\u0e4c\u0e1a\u0e34\u0e01 (3-O-Ethyl-L-ascorbic acid) \u0e40\u0e1b\u0e47\u0e19\u0e27\u0e34\u0e15\u0e32\u0e21\u0e34\u0e19\u0e0b\u0e35\u0e23\u0e39\u0e1b\u0e41\u0e1a\u0e1a\u0e2b\u0e19\u0e36\u0e48\u0e07 \u0e2a\u0e32\u0e23\u0e19\u0e35\u0e49\u0e21\u0e35\u0e04\u0e27\u0e32\u0e21\u0e04\u0e07\u0e15\u0e31\u0e27\u0e15\u0e48\u0e2d\u0e2d\u0e38\u0e13\u0e2b\u0e20\u0e39\u0e21\u0e34\u0e2a\u0e39\u0e07\u0e41\u0e25\u0e30\u0e25\u0e30\u0e25\u0e32\u0e22\u0e19\u0e49\u0e33\u0e44\u0e14\u0e49","og_url":"https:\/\/naturalpoland.com\/th\/produkty\/watthu-dip-khrueang-sam-ang\/watthu-dip-khrueang-sam-ang-2\/%e0%b8%81%e0%b8%a3%e0%b8%94%e0%b9%80%e0%b8%ad%e0%b8%97%e0%b8%b4%e0%b8%a5%e0%b9%81%e0%b8%ad%e0%b8%aa%e0%b8%84%e0%b8%ad%e0%b8%a3%e0%b9%8c%e0%b8%9a%e0%b8%b4%e0%b8%81\/","og_site_name":"NATURAL POLAND - Hurtowy Dystrybutor Surowc\u00f3w","article_publisher":"https:\/\/www.facebook.com\/naturalpoland.b2b","article_modified_time":"2026-04-24T14:04:24+00:00","og_image":[{"width":800,"height":800,"url":"https:\/\/naturalpoland.com\/wp-content\/uploads\/2021\/05\/kwas-etyloaskorbinowy.jpg","type":"image\/jpeg"}],"schema":{"@context":"https:\/\/schema.org","@graph":[{"@type":"WebPage","@id":"https:\/\/naturalpoland.com\/th\/produkty\/watthu-dip-khrueang-sam-ang\/watthu-dip-khrueang-sam-ang-2\/%e0%b8%81%e0%b8%a3%e0%b8%94%e0%b9%80%e0%b8%ad%e0%b8%97%e0%b8%b4%e0%b8%a5%e0%b9%81%e0%b8%ad%e0%b8%aa%e0%b8%84%e0%b8%ad%e0%b8%a3%e0%b9%8c%e0%b8%9a%e0%b8%b4%e0%b8%81\/","url":"https:\/\/naturalpoland.com\/th\/produkty\/watthu-dip-khrueang-sam-ang\/watthu-dip-khrueang-sam-ang-2\/%e0%b8%81%e0%b8%a3%e0%b8%94%e0%b9%80%e0%b8%ad%e0%b8%97%e0%b8%b4%e0%b8%a5%e0%b9%81%e0%b8%ad%e0%b8%aa%e0%b8%84%e0%b8%ad%e0%b8%a3%e0%b9%8c%e0%b8%9a%e0%b8%b4%e0%b8%81\/","name":"\u0e01\u0e23\u0e14\u0e40\u0e2d\u0e17\u0e34\u0e25\u0e41\u0e2d\u0e2a\u0e04\u0e2d\u0e23\u0e4c\u0e1a\u0e34\u0e01 - Hurtowy Dystrybutor","isPartOf":{"@id":"https:\/\/naturalpoland.com\/th\/#website"},"primaryImageOfPage":{"@id":"https:\/\/naturalpoland.com\/th\/produkty\/watthu-dip-khrueang-sam-ang\/watthu-dip-khrueang-sam-ang-2\/%e0%b8%81%e0%b8%a3%e0%b8%94%e0%b9%80%e0%b8%ad%e0%b8%97%e0%b8%b4%e0%b8%a5%e0%b9%81%e0%b8%ad%e0%b8%aa%e0%b8%84%e0%b8%ad%e0%b8%a3%e0%b9%8c%e0%b8%9a%e0%b8%b4%e0%b8%81\/#primaryimage"},"image":{"@id":"https:\/\/naturalpoland.com\/th\/produkty\/watthu-dip-khrueang-sam-ang\/watthu-dip-khrueang-sam-ang-2\/%e0%b8%81%e0%b8%a3%e0%b8%94%e0%b9%80%e0%b8%ad%e0%b8%97%e0%b8%b4%e0%b8%a5%e0%b9%81%e0%b8%ad%e0%b8%aa%e0%b8%84%e0%b8%ad%e0%b8%a3%e0%b9%8c%e0%b8%9a%e0%b8%b4%e0%b8%81\/#primaryimage"},"thumbnailUrl":"https:\/\/naturalpoland.com\/wp-content\/uploads\/2021\/05\/kwas-etyloaskorbinowy.jpg","datePublished":"2021-05-21T08:53:52+00:00","dateModified":"2026-04-24T14:04:24+00:00","breadcrumb":{"@id":"https:\/\/naturalpoland.com\/th\/produkty\/watthu-dip-khrueang-sam-ang\/watthu-dip-khrueang-sam-ang-2\/%e0%b8%81%e0%b8%a3%e0%b8%94%e0%b9%80%e0%b8%ad%e0%b8%97%e0%b8%b4%e0%b8%a5%e0%b9%81%e0%b8%ad%e0%b8%aa%e0%b8%84%e0%b8%ad%e0%b8%a3%e0%b9%8c%e0%b8%9a%e0%b8%b4%e0%b8%81\/#breadcrumb"},"inLanguage":"th","potentialAction":[{"@type":"ReadAction","target":["https:\/\/naturalpoland.com\/th\/produkty\/watthu-dip-khrueang-sam-ang\/watthu-dip-khrueang-sam-ang-2\/%e0%b8%81%e0%b8%a3%e0%b8%94%e0%b9%80%e0%b8%ad%e0%b8%97%e0%b8%b4%e0%b8%a5%e0%b9%81%e0%b8%ad%e0%b8%aa%e0%b8%84%e0%b8%ad%e0%b8%a3%e0%b9%8c%e0%b8%9a%e0%b8%b4%e0%b8%81\/"]}]},{"@type":"ImageObject","inLanguage":"th","@id":"https:\/\/naturalpoland.com\/th\/produkty\/watthu-dip-khrueang-sam-ang\/watthu-dip-khrueang-sam-ang-2\/%e0%b8%81%e0%b8%a3%e0%b8%94%e0%b9%80%e0%b8%ad%e0%b8%97%e0%b8%b4%e0%b8%a5%e0%b9%81%e0%b8%ad%e0%b8%aa%e0%b8%84%e0%b8%ad%e0%b8%a3%e0%b9%8c%e0%b8%9a%e0%b8%b4%e0%b8%81\/#primaryimage","url":"https:\/\/naturalpoland.com\/wp-content\/uploads\/2021\/05\/kwas-etyloaskorbinowy.jpg","contentUrl":"https:\/\/naturalpoland.com\/wp-content\/uploads\/2021\/05\/kwas-etyloaskorbinowy.jpg","width":800,"height":800,"caption":"\u0e01\u0e23\u0e14\u0e40\u0e2d\u0e17\u0e34\u0e25\u0e41\u0e2d\u0e2a\u0e04\u0e2d\u0e23\u0e4c\u0e1a\u0e34\u0e01"},{"@type":"BreadcrumbList","@id":"https:\/\/naturalpoland.com\/th\/produkty\/watthu-dip-khrueang-sam-ang\/watthu-dip-khrueang-sam-ang-2\/%e0%b8%81%e0%b8%a3%e0%b8%94%e0%b9%80%e0%b8%ad%e0%b8%97%e0%b8%b4%e0%b8%a5%e0%b9%81%e0%b8%ad%e0%b8%aa%e0%b8%84%e0%b8%ad%e0%b8%a3%e0%b9%8c%e0%b8%9a%e0%b8%b4%e0%b8%81\/#breadcrumb","itemListElement":[{"@type":"ListItem","position":1,"name":"\u0e2b\u0e19\u0e49\u0e32\u0e41\u0e23\u0e01","item":"https:\/\/naturalpoland.com\/th\/"},{"@type":"ListItem","position":2,"name":"\u0e1c\u0e25\u0e34\u0e15\u0e20\u0e31\u0e13\u0e11\u0e4c","item":"https:\/\/naturalpoland.com\/th\/phalit-phan\/"},{"@type":"ListItem","position":3,"name":"\u0e01\u0e23\u0e14\u0e40\u0e2d\u0e17\u0e34\u0e25\u0e41\u0e2d\u0e2a\u0e04\u0e2d\u0e23\u0e4c\u0e1a\u0e34\u0e01"}]},{"@type":"WebSite","@id":"https:\/\/naturalpoland.com\/th\/#website","url":"https:\/\/naturalpoland.com\/th\/","name":"NATURAL POLAND - Hurtowy Dystrybutor Surowc\u00f3w","description":"Surowce dla przemys\u0142u spo\u017cywczego, kosmetycznego i farmaceutycznego","publisher":{"@id":"https:\/\/naturalpoland.com\/th\/#organization"},"potentialAction":[{"@type":"SearchAction","target":{"@type":"EntryPoint","urlTemplate":"https:\/\/naturalpoland.com\/th\/?s={search_term_string}"},"query-input":{"@type":"PropertyValueSpecification","valueRequired":true,"valueName":"search_term_string"}}],"inLanguage":"th"},{"@type":"Organization","@id":"https:\/\/naturalpoland.com\/th\/#organization","name":"Natural Poland","url":"https:\/\/naturalpoland.com\/th\/","logo":{"@type":"ImageObject","inLanguage":"th","@id":"https:\/\/naturalpoland.com\/th\/#\/schema\/logo\/image\/","url":"https:\/\/naturalpoland.com\/wp-content\/uploads\/2021\/05\/natural-poland-icon.png","contentUrl":"https:\/\/naturalpoland.com\/wp-content\/uploads\/2021\/05\/natural-poland-icon.png","width":512,"height":512,"caption":"Natural Poland"},"image":{"@id":"https:\/\/naturalpoland.com\/th\/#\/schema\/logo\/image\/"},"sameAs":["https:\/\/www.facebook.com\/naturalpoland.b2b","https:\/\/pl.linkedin.com\/company\/natural-poland","https:\/\/www.youtube.com\/channel\/UCgeGGkvOMahZo-xu_MSEWxg"]}]}},"_links":{"self":[{"href":"https:\/\/naturalpoland.com\/th\/wp-json\/wp\/v2\/product\/47878","targetHints":{"allow":["GET"]}}],"collection":[{"href":"https:\/\/naturalpoland.com\/th\/wp-json\/wp\/v2\/product"}],"about":[{"href":"https:\/\/naturalpoland.com\/th\/wp-json\/wp\/v2\/types\/product"}],"wp:featuredmedia":[{"embeddable":true,"href":"https:\/\/naturalpoland.com\/th\/wp-json\/wp\/v2\/media\/47881"}],"wp:attachment":[{"href":"https:\/\/naturalpoland.com\/th\/wp-json\/wp\/v2\/media?parent=47878"}],"wp:term":[{"taxonomy":"product_brand","embeddable":true,"href":"https:\/\/naturalpoland.com\/th\/wp-json\/wp\/v2\/product_brand?post=47878"},{"taxonomy":"product_cat","embeddable":true,"href":"https:\/\/naturalpoland.com\/th\/wp-json\/wp\/v2\/product_cat?post=47878"},{"taxonomy":"product_tag","embeddable":true,"href":"https:\/\/naturalpoland.com\/th\/wp-json\/wp\/v2\/product_tag?post=47878"}],"curies":[{"name":"wp","href":"https:\/\/api.w.org\/{rel}","templated":true}]}}