{"id":47900,"date":"2024-01-18T15:07:37","date_gmt":"2024-01-18T14:07:37","guid":{"rendered":"https:\/\/naturalpoland.com\/produkty\/uncategorized\/hexapeptide-2\/"},"modified":"2026-04-24T16:18:49","modified_gmt":"2026-04-24T14:18:49","slug":"hexapeptide-2","status":"publish","type":"product","link":"https:\/\/naturalpoland.com\/th\/produkty\/watthu-dip-khrueang-sam-ang\/peptide\/hexapeptide-2\/","title":{"rendered":"Hexapeptide-2"},"content":{"rendered":"<p>Hexapeptide-2 \u0e2d\u0e2d\u0e01\u0e24\u0e17\u0e18\u0e34\u0e4c\u0e42\u0e14\u0e22\u0e01\u0e32\u0e23\u0e22\u0e31\u0e1a\u0e22\u0e31\u0e49\u0e07\u0e2e\u0e2d\u0e23\u0e4c\u0e42\u0e21\u0e19 a-MSH \u0e41\u0e25\u0e30\u0e08\u0e33\u0e01\u0e31\u0e14\u0e01\u0e32\u0e23\u0e17\u0e33\u0e07\u0e32\u0e19\u0e02\u0e2d\u0e07\u0e44\u0e17\u0e42\u0e23\u0e0b\u0e34\u0e40\u0e19\u0e2a\u0e1c\u0e48\u0e32\u0e19\u0e01\u0e32\u0e23\u0e25\u0e14\u0e23\u0e30\u0e14\u0e31\u0e1a cAMP \u0e14\u0e49\u0e27\u0e22\u0e27\u0e34\u0e18\u0e35\u0e19\u0e35\u0e49\u0e08\u0e36\u0e07\u0e0a\u0e48\u0e27\u0e22\u0e25\u0e14\u0e01\u0e32\u0e23\u0e1c\u0e25\u0e34\u0e15\u0e40\u0e21\u0e47\u0e14\u0e2a\u0e35\u0e17\u0e35\u0e48\u0e44\u0e21\u0e48\u0e08\u0e33\u0e40\u0e1b\u0e47\u0e19\u0e44\u0e14\u0e49\u0e2d\u0e22\u0e48\u0e32\u0e07\u0e21\u0e35\u0e1b\u0e23\u0e30\u0e2a\u0e34\u0e17\u0e18\u0e34\u0e20\u0e32\u0e1e\u0e41\u0e25\u0e30<strong>\u0e0a\u0e48\u0e27\u0e22\u0e43\u0e19\u0e01\u0e32\u0e23\u0e1b\u0e23\u0e31\u0e1a\u0e1c\u0e34\u0e27\u0e43\u0e2b\u0e49\u0e01\u0e23\u0e30\u0e08\u0e48\u0e32\u0e07\u0e43\u0e2a<\/strong> <\/p>\n<p>Hexapeptide-2 \u0e16\u0e39\u0e01\u0e19\u0e33\u0e21\u0e32\u0e43\u0e0a\u0e49\u0e43\u0e19\u0e1c\u0e25\u0e34\u0e15\u0e20\u0e31\u0e13\u0e11\u0e4c\u0e40\u0e04\u0e23\u0e37\u0e48\u0e2d\u0e07\u0e2a\u0e33\u0e2d\u0e32\u0e07 \u0e40\u0e0a\u0e48\u0e19 \u0e04\u0e23\u0e35\u0e21\u0e1f\u0e2d\u0e01\u0e1c\u0e34\u0e27 \u0e40\u0e2d\u0e2a\u0e40\u0e0b\u0e19\u0e2a\u0e4c \u0e04\u0e23\u0e35\u0e21\u0e17\u0e32\u0e43\u0e15\u0e49\u0e15\u0e32 \u0e41\u0e25\u0e30\u0e21\u0e32\u0e2a\u0e4c\u0e01\u0e2b\u0e19\u0e49\u0e32 \u0e19\u0e2d\u0e01\u0e08\u0e32\u0e01\u0e24\u0e17\u0e18\u0e34\u0e4c\u0e1f\u0e2d\u0e01\u0e1c\u0e34\u0e27\u0e41\u0e25\u0e30\u0e1b\u0e23\u0e31\u0e1a\u0e1c\u0e34\u0e27\u0e43\u0e2b\u0e49\u0e01\u0e23\u0e30\u0e08\u0e48\u0e32\u0e07\u0e43\u0e2a\u0e41\u0e25\u0e49\u0e27 \u0e2a\u0e32\u0e23\u0e19\u0e35\u0e49\u0e22\u0e31\u0e07\u0e0a\u0e48\u0e27\u0e22\u0e2a\u0e48\u0e07\u0e40\u0e2a\u0e23\u0e34\u0e21\u0e01\u0e32\u0e23\u0e1c\u0e25\u0e34\u0e15\u0e04\u0e2d\u0e25\u0e25\u0e32\u0e40\u0e08\u0e19 \u0e0b\u0e36\u0e48\u0e07\u0e2a\u0e48\u0e07\u0e1c\u0e25\u0e43\u0e2b\u0e49\u0e21\u0e35\u0e24\u0e17\u0e18\u0e34\u0e4c\u0e15\u0e49\u0e32\u0e19\u0e23\u0e34\u0e49\u0e27\u0e23\u0e2d\u0e22 <\/p>\n<p>\u0e43\u0e19\u0e01\u0e32\u0e23\u0e28\u0e36\u0e01\u0e29\u0e32\u0e43\u0e19\u0e2b\u0e25\u0e2d\u0e14\u0e17\u0e14\u0e25\u0e2d\u0e07 hexapeptide-2 \u0e41\u0e2a\u0e14\u0e07\u0e1b\u0e23\u0e30\u0e2a\u0e34\u0e17\u0e18\u0e34\u0e20\u0e32\u0e1e\u0e43\u0e19\u0e01\u0e32\u0e23\u0e1b\u0e23\u0e31\u0e1a\u0e1c\u0e34\u0e27\u0e43\u0e2b\u0e49\u0e01\u0e23\u0e30\u0e08\u0e48\u0e32\u0e07\u0e43\u0e2a\u0e41\u0e25\u0e30\u0e2a\u0e48\u0e07\u0e40\u0e2a\u0e23\u0e34\u0e21\u0e01\u0e32\u0e23\u0e2a\u0e23\u0e49\u0e32\u0e07\u0e04\u0e2d\u0e25\u0e25\u0e32\u0e40\u0e08\u0e19 \u0e0b\u0e36\u0e48\u0e07\u0e21\u0e35\u0e04\u0e27\u0e32\u0e21\u0e2a\u0e33\u0e04\u0e31\u0e0d\u0e43\u0e19\u0e01\u0e32\u0e23\u0e1b\u0e23\u0e31\u0e1a\u0e1b\u0e23\u0e38\u0e07\u0e04\u0e27\u0e32\u0e21\u0e01\u0e23\u0e30\u0e0a\u0e31\u0e1a\u0e41\u0e25\u0e30\u0e04\u0e27\u0e32\u0e21\u0e22\u0e37\u0e14\u0e2b\u0e22\u0e38\u0e48\u0e19\u0e02\u0e2d\u0e07\u0e1c\u0e34\u0e27<\/p>\n","protected":false},"excerpt":{"rendered":"<p><strong>Hexapeptide-2<\/strong> \u0e2b\u0e23\u0e37\u0e2d\u0e17\u0e35\u0e48\u0e23\u0e39\u0e49\u0e08\u0e31\u0e01\u0e43\u0e19\u0e0a\u0e37\u0e48\u0e2d <strong>GHRP-Ghrelin-6<\/strong> \u0e40\u0e1b\u0e47\u0e19\u0e2a\u0e32\u0e23\u0e2d\u0e2d\u0e01\u0e24\u0e17\u0e18\u0e34\u0e4c\u0e02\u0e31\u0e49\u0e19\u0e2a\u0e39\u0e07\u0e17\u0e35\u0e48\u0e43\u0e0a\u0e49\u0e43\u0e19\u0e40\u0e04\u0e23\u0e37\u0e48\u0e2d\u0e07\u0e2a\u0e33\u0e2d\u0e32\u0e07 \u0e21\u0e35\u0e1b\u0e23\u0e30\u0e2a\u0e34\u0e17\u0e18\u0e34\u0e20\u0e32\u0e1e\u0e42\u0e14\u0e22\u0e40\u0e09\u0e1e\u0e32\u0e30\u0e43\u0e19\u0e01\u0e32\u0e23\u0e04\u0e27\u0e1a\u0e04\u0e38\u0e21\u0e01\u0e32\u0e23\u0e1c\u0e25\u0e34\u0e15\u0e40\u0e21\u0e25\u0e32\u0e19\u0e34\u0e19\u0e21\u0e32\u0e01\u0e40\u0e01\u0e34\u0e19\u0e44\u0e1b\u0e41\u0e25\u0e30\u0e25\u0e14\u0e01\u0e32\u0e23\u0e2a\u0e30\u0e2a\u0e21\u0e02\u0e2d\u0e07\u0e40\u0e21\u0e47\u0e14\u0e2a\u0e35\u0e1c\u0e34\u0e27<\/p>\n","protected":false},"featured_media":47901,"template":"","meta":{"_acf_changed":false},"product_brand":[],"product_cat":[11685],"product_tag":[],"class_list":{"0":"post-47900","1":"product","2":"type-product","3":"status-publish","4":"has-post-thumbnail","6":"product_cat-peptide","7":"pa_metoda-pozyskiwania-11782","9":"first","10":"instock","11":"shipping-taxable","12":"product-type-simple"},"acf":[],"yoast_head":"<!-- This site is optimized with the Yoast SEO plugin v27.4 - https:\/\/yoast.com\/product\/yoast-seo-wordpress\/ -->\n<title>Hexapeptide-2 - Hurtowy Dystrybutor<\/title>\n<meta name=\"description\" content=\"Hexapeptide-2 \u0e2b\u0e23\u0e37\u0e2d\u0e17\u0e35\u0e48\u0e23\u0e39\u0e49\u0e08\u0e31\u0e01\u0e43\u0e19\u0e0a\u0e37\u0e48\u0e2d GHRP-Ghrelin-6 \u0e40\u0e1b\u0e47\u0e19\u0e2a\u0e32\u0e23\u0e2d\u0e2d\u0e01\u0e24\u0e17\u0e18\u0e34\u0e4c\u0e02\u0e31\u0e49\u0e19\u0e2a\u0e39\u0e07\u0e17\u0e35\u0e48\u0e43\u0e0a\u0e49\u0e43\u0e19\u0e40\u0e04\u0e23\u0e37\u0e48\u0e2d\u0e07\u0e2a\u0e33\u0e2d\u0e32\u0e07 \u0e21\u0e35\u0e1b\u0e23\u0e30\u0e2a\u0e34\u0e17\u0e18\u0e34\u0e20\u0e32\u0e1e\u0e42\u0e14\u0e22\u0e40\u0e09\u0e1e\u0e32\u0e30\u0e43\u0e19\u0e01\u0e32\u0e23\u0e25\u0e14\u0e01\u0e32\u0e23\u0e2a\u0e30\u0e2a\u0e21\u0e02\u0e2d\u0e07\u0e40\u0e21\u0e47\u0e14\u0e2a\u0e35\u0e1c\u0e34\u0e27\" \/>\n<meta name=\"robots\" content=\"index, follow, max-snippet:-1, max-image-preview:large, max-video-preview:-1\" \/>\n<link rel=\"canonical\" href=\"https:\/\/naturalpoland.com\/th\/produkty\/watthu-dip-khrueang-sam-ang\/peptide\/hexapeptide-2\/\" \/>\n<meta property=\"og:locale\" content=\"th_TH\" \/>\n<meta property=\"og:type\" content=\"article\" \/>\n<meta property=\"og:title\" content=\"Hexapeptide-2 - Hurtowy Dystrybutor\" \/>\n<meta property=\"og:description\" content=\"Hexapeptide-2 \u0e2b\u0e23\u0e37\u0e2d\u0e17\u0e35\u0e48\u0e23\u0e39\u0e49\u0e08\u0e31\u0e01\u0e43\u0e19\u0e0a\u0e37\u0e48\u0e2d GHRP-Ghrelin-6 \u0e40\u0e1b\u0e47\u0e19\u0e2a\u0e32\u0e23\u0e2d\u0e2d\u0e01\u0e24\u0e17\u0e18\u0e34\u0e4c\u0e02\u0e31\u0e49\u0e19\u0e2a\u0e39\u0e07\u0e17\u0e35\u0e48\u0e43\u0e0a\u0e49\u0e43\u0e19\u0e40\u0e04\u0e23\u0e37\u0e48\u0e2d\u0e07\u0e2a\u0e33\u0e2d\u0e32\u0e07 \u0e21\u0e35\u0e1b\u0e23\u0e30\u0e2a\u0e34\u0e17\u0e18\u0e34\u0e20\u0e32\u0e1e\u0e42\u0e14\u0e22\u0e40\u0e09\u0e1e\u0e32\u0e30\u0e43\u0e19\u0e01\u0e32\u0e23\u0e25\u0e14\u0e01\u0e32\u0e23\u0e2a\u0e30\u0e2a\u0e21\u0e02\u0e2d\u0e07\u0e40\u0e21\u0e47\u0e14\u0e2a\u0e35\u0e1c\u0e34\u0e27\" \/>\n<meta property=\"og:url\" content=\"https:\/\/naturalpoland.com\/th\/produkty\/watthu-dip-khrueang-sam-ang\/peptide\/hexapeptide-2\/\" \/>\n<meta property=\"og:site_name\" content=\"NATURAL POLAND - Hurtowy Dystrybutor Surowc\u00f3w\" \/>\n<meta property=\"article:publisher\" content=\"https:\/\/www.facebook.com\/naturalpoland.b2b\" \/>\n<meta property=\"article:modified_time\" content=\"2026-04-24T14:18:49+00:00\" \/>\n<meta property=\"og:image\" content=\"https:\/\/naturalpoland.com\/wp-content\/uploads\/hexapeptide-2.webp\" \/>\n\t<meta property=\"og:image:width\" content=\"614\" \/>\n\t<meta property=\"og:image:height\" content=\"614\" \/>\n\t<meta property=\"og:image:type\" content=\"image\/webp\" \/>\n<script type=\"application\/ld+json\" class=\"yoast-schema-graph\">{\"@context\":\"https:\\\/\\\/schema.org\",\"@graph\":[{\"@type\":\"WebPage\",\"@id\":\"https:\\\/\\\/naturalpoland.com\\\/th\\\/produkty\\\/watthu-dip-khrueang-sam-ang\\\/peptide\\\/hexapeptide-2\\\/\",\"url\":\"https:\\\/\\\/naturalpoland.com\\\/th\\\/produkty\\\/watthu-dip-khrueang-sam-ang\\\/peptide\\\/hexapeptide-2\\\/\",\"name\":\"Hexapeptide-2 - Hurtowy Dystrybutor\",\"isPartOf\":{\"@id\":\"https:\\\/\\\/naturalpoland.com\\\/th\\\/#website\"},\"primaryImageOfPage\":{\"@id\":\"https:\\\/\\\/naturalpoland.com\\\/th\\\/produkty\\\/watthu-dip-khrueang-sam-ang\\\/peptide\\\/hexapeptide-2\\\/#primaryimage\"},\"image\":{\"@id\":\"https:\\\/\\\/naturalpoland.com\\\/th\\\/produkty\\\/watthu-dip-khrueang-sam-ang\\\/peptide\\\/hexapeptide-2\\\/#primaryimage\"},\"thumbnailUrl\":\"https:\\\/\\\/naturalpoland.com\\\/wp-content\\\/uploads\\\/hexapeptide-2.webp\",\"datePublished\":\"2024-01-18T14:07:37+00:00\",\"dateModified\":\"2026-04-24T14:18:49+00:00\",\"description\":\"Hexapeptide-2 \u0e2b\u0e23\u0e37\u0e2d\u0e17\u0e35\u0e48\u0e23\u0e39\u0e49\u0e08\u0e31\u0e01\u0e43\u0e19\u0e0a\u0e37\u0e48\u0e2d GHRP-Ghrelin-6 \u0e40\u0e1b\u0e47\u0e19\u0e2a\u0e32\u0e23\u0e2d\u0e2d\u0e01\u0e24\u0e17\u0e18\u0e34\u0e4c\u0e02\u0e31\u0e49\u0e19\u0e2a\u0e39\u0e07\u0e17\u0e35\u0e48\u0e43\u0e0a\u0e49\u0e43\u0e19\u0e40\u0e04\u0e23\u0e37\u0e48\u0e2d\u0e07\u0e2a\u0e33\u0e2d\u0e32\u0e07 \u0e21\u0e35\u0e1b\u0e23\u0e30\u0e2a\u0e34\u0e17\u0e18\u0e34\u0e20\u0e32\u0e1e\u0e42\u0e14\u0e22\u0e40\u0e09\u0e1e\u0e32\u0e30\u0e43\u0e19\u0e01\u0e32\u0e23\u0e25\u0e14\u0e01\u0e32\u0e23\u0e2a\u0e30\u0e2a\u0e21\u0e02\u0e2d\u0e07\u0e40\u0e21\u0e47\u0e14\u0e2a\u0e35\u0e1c\u0e34\u0e27\",\"breadcrumb\":{\"@id\":\"https:\\\/\\\/naturalpoland.com\\\/th\\\/produkty\\\/watthu-dip-khrueang-sam-ang\\\/peptide\\\/hexapeptide-2\\\/#breadcrumb\"},\"inLanguage\":\"th\",\"potentialAction\":[{\"@type\":\"ReadAction\",\"target\":[\"https:\\\/\\\/naturalpoland.com\\\/th\\\/produkty\\\/watthu-dip-khrueang-sam-ang\\\/peptide\\\/hexapeptide-2\\\/\"]}]},{\"@type\":\"ImageObject\",\"inLanguage\":\"th\",\"@id\":\"https:\\\/\\\/naturalpoland.com\\\/th\\\/produkty\\\/watthu-dip-khrueang-sam-ang\\\/peptide\\\/hexapeptide-2\\\/#primaryimage\",\"url\":\"https:\\\/\\\/naturalpoland.com\\\/wp-content\\\/uploads\\\/hexapeptide-2.webp\",\"contentUrl\":\"https:\\\/\\\/naturalpoland.com\\\/wp-content\\\/uploads\\\/hexapeptide-2.webp\",\"width\":614,\"height\":614,\"caption\":\"Hexapeptide-2\"},{\"@type\":\"BreadcrumbList\",\"@id\":\"https:\\\/\\\/naturalpoland.com\\\/th\\\/produkty\\\/watthu-dip-khrueang-sam-ang\\\/peptide\\\/hexapeptide-2\\\/#breadcrumb\",\"itemListElement\":[{\"@type\":\"ListItem\",\"position\":1,\"name\":\"\u0e2b\u0e19\u0e49\u0e32\u0e41\u0e23\u0e01\",\"item\":\"https:\\\/\\\/naturalpoland.com\\\/th\\\/\"},{\"@type\":\"ListItem\",\"position\":2,\"name\":\"\u0e1c\u0e25\u0e34\u0e15\u0e20\u0e31\u0e13\u0e11\u0e4c\",\"item\":\"https:\\\/\\\/naturalpoland.com\\\/th\\\/phalit-phan\\\/\"},{\"@type\":\"ListItem\",\"position\":3,\"name\":\"Hexapeptide-2\"}]},{\"@type\":\"WebSite\",\"@id\":\"https:\\\/\\\/naturalpoland.com\\\/th\\\/#website\",\"url\":\"https:\\\/\\\/naturalpoland.com\\\/th\\\/\",\"name\":\"NATURAL POLAND - Hurtowy Dystrybutor Surowc\u00f3w\",\"description\":\"Surowce dla przemys\u0142u spo\u017cywczego, kosmetycznego i farmaceutycznego\",\"publisher\":{\"@id\":\"https:\\\/\\\/naturalpoland.com\\\/th\\\/#organization\"},\"potentialAction\":[{\"@type\":\"SearchAction\",\"target\":{\"@type\":\"EntryPoint\",\"urlTemplate\":\"https:\\\/\\\/naturalpoland.com\\\/th\\\/?s={search_term_string}\"},\"query-input\":{\"@type\":\"PropertyValueSpecification\",\"valueRequired\":true,\"valueName\":\"search_term_string\"}}],\"inLanguage\":\"th\"},{\"@type\":\"Organization\",\"@id\":\"https:\\\/\\\/naturalpoland.com\\\/th\\\/#organization\",\"name\":\"Natural Poland\",\"url\":\"https:\\\/\\\/naturalpoland.com\\\/th\\\/\",\"logo\":{\"@type\":\"ImageObject\",\"inLanguage\":\"th\",\"@id\":\"https:\\\/\\\/naturalpoland.com\\\/th\\\/#\\\/schema\\\/logo\\\/image\\\/\",\"url\":\"https:\\\/\\\/naturalpoland.com\\\/wp-content\\\/uploads\\\/2021\\\/05\\\/natural-poland-icon.png\",\"contentUrl\":\"https:\\\/\\\/naturalpoland.com\\\/wp-content\\\/uploads\\\/2021\\\/05\\\/natural-poland-icon.png\",\"width\":512,\"height\":512,\"caption\":\"Natural Poland\"},\"image\":{\"@id\":\"https:\\\/\\\/naturalpoland.com\\\/th\\\/#\\\/schema\\\/logo\\\/image\\\/\"},\"sameAs\":[\"https:\\\/\\\/www.facebook.com\\\/naturalpoland.b2b\",\"https:\\\/\\\/pl.linkedin.com\\\/company\\\/natural-poland\",\"https:\\\/\\\/www.youtube.com\\\/channel\\\/UCgeGGkvOMahZo-xu_MSEWxg\"]}]}<\/script>\n<!-- \/ Yoast SEO plugin. -->","yoast_head_json":{"title":"Hexapeptide-2 - Hurtowy Dystrybutor","description":"Hexapeptide-2 \u0e2b\u0e23\u0e37\u0e2d\u0e17\u0e35\u0e48\u0e23\u0e39\u0e49\u0e08\u0e31\u0e01\u0e43\u0e19\u0e0a\u0e37\u0e48\u0e2d GHRP-Ghrelin-6 \u0e40\u0e1b\u0e47\u0e19\u0e2a\u0e32\u0e23\u0e2d\u0e2d\u0e01\u0e24\u0e17\u0e18\u0e34\u0e4c\u0e02\u0e31\u0e49\u0e19\u0e2a\u0e39\u0e07\u0e17\u0e35\u0e48\u0e43\u0e0a\u0e49\u0e43\u0e19\u0e40\u0e04\u0e23\u0e37\u0e48\u0e2d\u0e07\u0e2a\u0e33\u0e2d\u0e32\u0e07 \u0e21\u0e35\u0e1b\u0e23\u0e30\u0e2a\u0e34\u0e17\u0e18\u0e34\u0e20\u0e32\u0e1e\u0e42\u0e14\u0e22\u0e40\u0e09\u0e1e\u0e32\u0e30\u0e43\u0e19\u0e01\u0e32\u0e23\u0e25\u0e14\u0e01\u0e32\u0e23\u0e2a\u0e30\u0e2a\u0e21\u0e02\u0e2d\u0e07\u0e40\u0e21\u0e47\u0e14\u0e2a\u0e35\u0e1c\u0e34\u0e27","robots":{"index":"index","follow":"follow","max-snippet":"max-snippet:-1","max-image-preview":"max-image-preview:large","max-video-preview":"max-video-preview:-1"},"canonical":"https:\/\/naturalpoland.com\/th\/produkty\/watthu-dip-khrueang-sam-ang\/peptide\/hexapeptide-2\/","og_locale":"th_TH","og_type":"article","og_title":"Hexapeptide-2 - Hurtowy Dystrybutor","og_description":"Hexapeptide-2 \u0e2b\u0e23\u0e37\u0e2d\u0e17\u0e35\u0e48\u0e23\u0e39\u0e49\u0e08\u0e31\u0e01\u0e43\u0e19\u0e0a\u0e37\u0e48\u0e2d GHRP-Ghrelin-6 \u0e40\u0e1b\u0e47\u0e19\u0e2a\u0e32\u0e23\u0e2d\u0e2d\u0e01\u0e24\u0e17\u0e18\u0e34\u0e4c\u0e02\u0e31\u0e49\u0e19\u0e2a\u0e39\u0e07\u0e17\u0e35\u0e48\u0e43\u0e0a\u0e49\u0e43\u0e19\u0e40\u0e04\u0e23\u0e37\u0e48\u0e2d\u0e07\u0e2a\u0e33\u0e2d\u0e32\u0e07 \u0e21\u0e35\u0e1b\u0e23\u0e30\u0e2a\u0e34\u0e17\u0e18\u0e34\u0e20\u0e32\u0e1e\u0e42\u0e14\u0e22\u0e40\u0e09\u0e1e\u0e32\u0e30\u0e43\u0e19\u0e01\u0e32\u0e23\u0e25\u0e14\u0e01\u0e32\u0e23\u0e2a\u0e30\u0e2a\u0e21\u0e02\u0e2d\u0e07\u0e40\u0e21\u0e47\u0e14\u0e2a\u0e35\u0e1c\u0e34\u0e27","og_url":"https:\/\/naturalpoland.com\/th\/produkty\/watthu-dip-khrueang-sam-ang\/peptide\/hexapeptide-2\/","og_site_name":"NATURAL POLAND - Hurtowy Dystrybutor Surowc\u00f3w","article_publisher":"https:\/\/www.facebook.com\/naturalpoland.b2b","article_modified_time":"2026-04-24T14:18:49+00:00","og_image":[{"width":614,"height":614,"url":"https:\/\/naturalpoland.com\/wp-content\/uploads\/hexapeptide-2.webp","type":"image\/webp"}],"schema":{"@context":"https:\/\/schema.org","@graph":[{"@type":"WebPage","@id":"https:\/\/naturalpoland.com\/th\/produkty\/watthu-dip-khrueang-sam-ang\/peptide\/hexapeptide-2\/","url":"https:\/\/naturalpoland.com\/th\/produkty\/watthu-dip-khrueang-sam-ang\/peptide\/hexapeptide-2\/","name":"Hexapeptide-2 - Hurtowy Dystrybutor","isPartOf":{"@id":"https:\/\/naturalpoland.com\/th\/#website"},"primaryImageOfPage":{"@id":"https:\/\/naturalpoland.com\/th\/produkty\/watthu-dip-khrueang-sam-ang\/peptide\/hexapeptide-2\/#primaryimage"},"image":{"@id":"https:\/\/naturalpoland.com\/th\/produkty\/watthu-dip-khrueang-sam-ang\/peptide\/hexapeptide-2\/#primaryimage"},"thumbnailUrl":"https:\/\/naturalpoland.com\/wp-content\/uploads\/hexapeptide-2.webp","datePublished":"2024-01-18T14:07:37+00:00","dateModified":"2026-04-24T14:18:49+00:00","description":"Hexapeptide-2 \u0e2b\u0e23\u0e37\u0e2d\u0e17\u0e35\u0e48\u0e23\u0e39\u0e49\u0e08\u0e31\u0e01\u0e43\u0e19\u0e0a\u0e37\u0e48\u0e2d GHRP-Ghrelin-6 \u0e40\u0e1b\u0e47\u0e19\u0e2a\u0e32\u0e23\u0e2d\u0e2d\u0e01\u0e24\u0e17\u0e18\u0e34\u0e4c\u0e02\u0e31\u0e49\u0e19\u0e2a\u0e39\u0e07\u0e17\u0e35\u0e48\u0e43\u0e0a\u0e49\u0e43\u0e19\u0e40\u0e04\u0e23\u0e37\u0e48\u0e2d\u0e07\u0e2a\u0e33\u0e2d\u0e32\u0e07 \u0e21\u0e35\u0e1b\u0e23\u0e30\u0e2a\u0e34\u0e17\u0e18\u0e34\u0e20\u0e32\u0e1e\u0e42\u0e14\u0e22\u0e40\u0e09\u0e1e\u0e32\u0e30\u0e43\u0e19\u0e01\u0e32\u0e23\u0e25\u0e14\u0e01\u0e32\u0e23\u0e2a\u0e30\u0e2a\u0e21\u0e02\u0e2d\u0e07\u0e40\u0e21\u0e47\u0e14\u0e2a\u0e35\u0e1c\u0e34\u0e27","breadcrumb":{"@id":"https:\/\/naturalpoland.com\/th\/produkty\/watthu-dip-khrueang-sam-ang\/peptide\/hexapeptide-2\/#breadcrumb"},"inLanguage":"th","potentialAction":[{"@type":"ReadAction","target":["https:\/\/naturalpoland.com\/th\/produkty\/watthu-dip-khrueang-sam-ang\/peptide\/hexapeptide-2\/"]}]},{"@type":"ImageObject","inLanguage":"th","@id":"https:\/\/naturalpoland.com\/th\/produkty\/watthu-dip-khrueang-sam-ang\/peptide\/hexapeptide-2\/#primaryimage","url":"https:\/\/naturalpoland.com\/wp-content\/uploads\/hexapeptide-2.webp","contentUrl":"https:\/\/naturalpoland.com\/wp-content\/uploads\/hexapeptide-2.webp","width":614,"height":614,"caption":"Hexapeptide-2"},{"@type":"BreadcrumbList","@id":"https:\/\/naturalpoland.com\/th\/produkty\/watthu-dip-khrueang-sam-ang\/peptide\/hexapeptide-2\/#breadcrumb","itemListElement":[{"@type":"ListItem","position":1,"name":"\u0e2b\u0e19\u0e49\u0e32\u0e41\u0e23\u0e01","item":"https:\/\/naturalpoland.com\/th\/"},{"@type":"ListItem","position":2,"name":"\u0e1c\u0e25\u0e34\u0e15\u0e20\u0e31\u0e13\u0e11\u0e4c","item":"https:\/\/naturalpoland.com\/th\/phalit-phan\/"},{"@type":"ListItem","position":3,"name":"Hexapeptide-2"}]},{"@type":"WebSite","@id":"https:\/\/naturalpoland.com\/th\/#website","url":"https:\/\/naturalpoland.com\/th\/","name":"NATURAL POLAND - Hurtowy Dystrybutor Surowc\u00f3w","description":"Surowce dla przemys\u0142u spo\u017cywczego, kosmetycznego i farmaceutycznego","publisher":{"@id":"https:\/\/naturalpoland.com\/th\/#organization"},"potentialAction":[{"@type":"SearchAction","target":{"@type":"EntryPoint","urlTemplate":"https:\/\/naturalpoland.com\/th\/?s={search_term_string}"},"query-input":{"@type":"PropertyValueSpecification","valueRequired":true,"valueName":"search_term_string"}}],"inLanguage":"th"},{"@type":"Organization","@id":"https:\/\/naturalpoland.com\/th\/#organization","name":"Natural Poland","url":"https:\/\/naturalpoland.com\/th\/","logo":{"@type":"ImageObject","inLanguage":"th","@id":"https:\/\/naturalpoland.com\/th\/#\/schema\/logo\/image\/","url":"https:\/\/naturalpoland.com\/wp-content\/uploads\/2021\/05\/natural-poland-icon.png","contentUrl":"https:\/\/naturalpoland.com\/wp-content\/uploads\/2021\/05\/natural-poland-icon.png","width":512,"height":512,"caption":"Natural Poland"},"image":{"@id":"https:\/\/naturalpoland.com\/th\/#\/schema\/logo\/image\/"},"sameAs":["https:\/\/www.facebook.com\/naturalpoland.b2b","https:\/\/pl.linkedin.com\/company\/natural-poland","https:\/\/www.youtube.com\/channel\/UCgeGGkvOMahZo-xu_MSEWxg"]}]}},"_links":{"self":[{"href":"https:\/\/naturalpoland.com\/th\/wp-json\/wp\/v2\/product\/47900","targetHints":{"allow":["GET"]}}],"collection":[{"href":"https:\/\/naturalpoland.com\/th\/wp-json\/wp\/v2\/product"}],"about":[{"href":"https:\/\/naturalpoland.com\/th\/wp-json\/wp\/v2\/types\/product"}],"wp:featuredmedia":[{"embeddable":true,"href":"https:\/\/naturalpoland.com\/th\/wp-json\/wp\/v2\/media\/47901"}],"wp:attachment":[{"href":"https:\/\/naturalpoland.com\/th\/wp-json\/wp\/v2\/media?parent=47900"}],"wp:term":[{"taxonomy":"product_brand","embeddable":true,"href":"https:\/\/naturalpoland.com\/th\/wp-json\/wp\/v2\/product_brand?post=47900"},{"taxonomy":"product_cat","embeddable":true,"href":"https:\/\/naturalpoland.com\/th\/wp-json\/wp\/v2\/product_cat?post=47900"},{"taxonomy":"product_tag","embeddable":true,"href":"https:\/\/naturalpoland.com\/th\/wp-json\/wp\/v2\/product_tag?post=47900"}],"curies":[{"name":"wp","href":"https:\/\/api.w.org\/{rel}","templated":true}]}}