{"id":44202,"date":"2025-12-18T15:54:54","date_gmt":"2025-12-18T14:54:54","guid":{"rendered":"https:\/\/naturalpoland.com\/hakkimizda\/"},"modified":"2025-12-18T15:55:09","modified_gmt":"2025-12-18T14:55:09","slug":"hakkimizda","status":"publish","type":"page","link":"https:\/\/naturalpoland.com\/tr\/hakkimizda\/","title":{"rendered":"Hakk\u0131m\u0131zda"},"content":{"rendered":"\n\n  <div class=\"banner has-hover\" id=\"banner-354626988\">\n          <div class=\"banner-inner fill\">\n        <div class=\"banner-bg fill\" >\n            <img decoding=\"async\" width=\"1020\" height=\"680\" src=\"https:\/\/naturalpoland.com\/wp-content\/uploads\/2011\/07\/Fotolia_84309657_Subscription_Monthly_M_shadow.jpg\" class=\"bg attachment-large size-large\" alt=\"Global Spread NATURAL POLAND\" \/>                        <div class=\"overlay\"><\/div>            \n                    <\/div>\n\t\t\n        <div class=\"banner-layers container\">\n            <div class=\"fill banner-link\"><\/div>            \n\n   <div id=\"text-box-438113745\" class=\"text-box banner-layer x50 md-x50 lg-x50 y50 md-y50 lg-y50 res-text\">\n                                <div class=\"text-box-content text dark\">\n              \n              <div class=\"text-inner text-center\">\n                  \n\n<h1 class=\"uppercase\">Hakk\u0131m\u0131zda<\/h1>\n\n              <\/div>\n           <\/div>\n                            \n<style>\n#text-box-438113745 {\n  width: 60%;\n}\n#text-box-438113745 .text-box-content {\n  font-size: 100%;\n}\n@media (min-width:550px) {\n  #text-box-438113745 {\n    width: 60%;\n  }\n}\n<\/style>\n    <\/div>\n \n\n        <\/div>\n      <\/div>\n\n            \n<style>\n#banner-354626988 {\n  padding-top: 350px;\n}\n#banner-354626988 .overlay {\n  background-color: rgba(0,0,0,.5);\n}\n#banner-354626988 .banner-bg img {\n  object-position: 77% 24%;\n}\n<\/style>\n  <\/div>\n\n\n\n\t<section class=\"section\" id=\"section_633575099\">\n\t\t<div class=\"section-bg fill\" >\n\t\t\t\t\t\t\t\t\t\n\t\t\t\n\n\t\t<\/div>\n\n\t\t\n\n\t\t<div class=\"section-content relative\">\n\t\t\t\n\n\t<div id=\"gap-2036867717\" class=\"gap-element clearfix\" style=\"display:block; height:auto;\">\n\t\t\n<style>\n#gap-2036867717 {\n  padding-top: 40px;\n}\n<\/style>\n\t<\/div>\n\t\n\n<div class=\"row align-center\"  id=\"row-1302878772\">\n\n\n\t<div id=\"col-1406461901\" class=\"col medium-4 small-10 large-4\"  >\n\t\t\t\t<div class=\"col-inner\"  >\n\t\t\t\n\t\t\t\n\n\t<div id=\"text-281937375\" class=\"text\">\n\t\t\n\n<h2 class=\"uppercase\"><span style=\"font-size: 150%;\">Natural Poland<\/h2>\n<p>STRZELCZYK SP. Z O.O. <\/p>\n<p><\/span><\/p>\n\t\t\n<style>\n#text-281937375 {\n  color: rgb(0,0,0);\n}\n#text-281937375 > * {\n  color: rgb(0,0,0);\n}\n<\/style>\n\t<\/div>\n\t\n<a href=\"https:\/\/naturalpoland.com\/kontakt\/\" class=\"button primary is-link\" >\n\t\t<span>\u0130\u015f Birli\u011fine Davet<\/span>\n\t<i class=\"icon-angle-right\" aria-hidden=\"true\"><\/i><\/a>\n\n\n\t<div id=\"gap-1263848746\" class=\"gap-element clearfix\" style=\"display:block; height:auto;\">\n\t\t\n<style>\n#gap-1263848746 {\n  padding-top: 100px;\n}\n<\/style>\n\t<\/div>\n\t\n\n<h3><strong>\u00d6nceli\u011fimiz Kalite<\/strong><\/h3>\n<p>Kaliteye verdi\u011fimiz \u00f6nem, faaliyetlerimizin her a\u015famas\u0131n\u0131 kapsayan kalite y\u00f6netim sistemini do\u011frulayan <strong>ISO 9001:2015 sertifikas\u0131<\/strong> ile belgelenmi\u015ftir.<\/p>\n<p>\n    <img decoding=\"async\" src=\"\/wp-content\/uploads\/iso-209x300.png\" alt=\"Strzelczyk Sp. z o.o. i\u00e7in WAT Kalite Sertifikasyon Merkezi Sertifikas\u0131\" width=\"150\" height=\"230\" style=\"margin: 3px;\">   <a href=\"\/wp-content\/uploads\/certyfikat-iso-strzelczyk.jpg\" target=\"_blank\"> <img decoding=\"async\" src=\"\/wp-content\/uploads\/certyfikat-iso-strzelczyk.jpg\" width=\"150\" style=\"margin: 3px;\"><\/a><\/p>\n\n\t<div id=\"gap-1485448174\" class=\"gap-element clearfix\" style=\"display:block; height:auto;\">\n\t\t\n<style>\n#gap-1485448174 {\n  padding-top: 50px;\n}\n<\/style>\n\t<\/div>\n\t\n\n<h3><strong>EKO Sertifikas\u0131<\/strong><\/h3>\n<p>\u015eirketimiz ayr\u0131ca, organik hammaddelerin da\u011f\u0131t\u0131m\u0131, depolanmas\u0131, ithalat\u0131 ve ihracat\u0131n\u0131 kapsayan <strong>EKO sertifikas\u0131na<\/strong> sahiptir. Bu sertifika, \u00e7evreye duyarl\u0131l\u0131\u011f\u0131m\u0131z\u0131n ve y\u00fcksek pazar standartlar\u0131na uygunlu\u011fumuzun bir g\u00f6stergesidir. <\/p>\n\n\t<div class=\"img has-hover x md-x lg-x y md-y lg-y\" id=\"image_1294167977\">\n\t\t\t\t\t\t\t\t<div class=\"img-inner dark\" >\n\t\t\t<img decoding=\"async\" width=\"543\" height=\"533\" src=\"https:\/\/naturalpoland.com\/wp-content\/uploads\/eko.jpg\" class=\"attachment-large size-large\" alt=\"certyfikat eko\" srcset=\"https:\/\/naturalpoland.com\/wp-content\/uploads\/eko.jpg 543w, https:\/\/naturalpoland.com\/wp-content\/uploads\/eko-300x294.jpg 300w, https:\/\/naturalpoland.com\/wp-content\/uploads\/eko-510x501.jpg 510w\" sizes=\"(max-width: 543px) 100vw, 543px\" \/>\t\t\t\t\t\t\n\t\t\t\t\t<\/div>\n\t\t\t\t\t\t\t\t\n<style>\n#image_1294167977 {\n  width: 100%;\n}\n<\/style>\n\t<\/div>\n\t\n\n<p>Natural Poland; g\u0131da, ila\u00e7 ve kozmetik \u00fcretiminde kullan\u0131lan aktif maddeler, kimyasal hammaddeler ve fonksiyonel katk\u0131 maddelerinin sat\u0131\u015f\u0131nda uzmanla\u015fm\u0131\u015ft\u0131r. <\/p>\n<p>M\u00fc\u015fterilerimizin g\u00fcveni ve memnuniyeti bizim i\u00e7in her zaman en \u00f6nemli de\u011ferdir. \u0130\u015f birli\u011finiz i\u00e7in te\u015fekk\u00fcr ederiz \u2013 Natural Poland\u2019da y\u00fcksek kalite her zaman profesyonel yakla\u015f\u0131m ile birlikte sunulur. <\/p>\n\n\n\t\t<\/div>\n\t\t\t\t\t<\/div>\n\n\t\n\n\t<div id=\"col-345171696\" class=\"col medium-8 small-10 large-8\"  >\n\t\t\t\t<div class=\"col-inner\"  >\n\t\t\t\n\t\t\t\n\n\t<div id=\"text-4147207898\" class=\"text\">\n\t\t\n\n<p><strong data-start=\"389\" data-end=\"407\">Natural Poland<\/strong>, g\u0131da, kozmetik ve farmas\u00f6tik sekt\u00f6rlere y\u00f6nelik hammaddelerin da\u011f\u0131t\u0131m\u0131 alan\u0131nda faaliyet g\u00f6steren Polonya merkezli bir \u015firkettir. Y\u00fcksek kalite anlay\u0131\u015f\u0131 ve s\u00fcrekli geli\u015ftirilen yenilik\u00e7i \u00fcr\u00fcn portf\u00f6y\u00fc sayesinde marka, Avrupa\u2019n\u0131n \u00f6nde gelen uzman hammadde tedarik\u00e7ilerinden biri konumuna ula\u015fm\u0131\u015ft\u0131r. <\/p>\n<h3>Tarih\u00e7e<\/h3>\n<p><span style=\"font-weight: 400;\"><strong>Pocz\u0105tki firmy si\u0119gaj\u0105 1986 roku, kiedy powsta\u0142a <a href=\"https:\/\/www.strzelczyk.pl\">Agencja nieruchomo\u015bci &#8220;Bracia Strzelczyk&#8221;<\/a>.<\/strong> W 2014 roku podj\u0119to decyzj\u0119 o rozszerzeniu dzia\u0142alno\u015bci i stworzeniu nowej marki \u2013 <strong data-start=\"879\" data-end=\"897\">Natural Poland<\/strong>, skoncentrowanej na mi\u0119dzynarodowym handlu surowcami spo\u017cywczymi, kosmetycznymi i farmaceutycznymi. D\u00fcnya genelindeki g\u00fcvenilir \u00fcreticiler ve i\u015f ortaklar\u0131yla kurulan i\u015f birlikleri sayesinde Natural Poland, k\u0131sa s\u00fcrede hammadde pazar\u0131ndaki konumunu g\u00fc\u00e7lendirmi\u015ftir.<\/span><\/p>\n<h3>\u00dcr\u00fcn Portf\u00f6y\u00fc<\/h3>\n<p>Natural Poland\u2019\u0131n temel \u00fcr\u00fcnleri aras\u0131nda, ba\u015fta Polonya ve Ukrayna men\u015feli olmak \u00fczere, <b><a href=\"https:\/\/naturalpoland.com\/en\/category\/food-and-cosmetic-oils\/\">so\u011fuk pres y\u00f6ntemiyle elde edilen do\u011fal bitkisel ya\u011flar<\/a><\/b> yer almaktad\u0131r. Bu \u00fcr\u00fcnler, y\u00fcksek Avrupa kalite standartlar\u0131n\u0131 kar\u015f\u0131lamakta ve pek \u00e7ok farkl\u0131 uygulamada tercih edilen bile\u015fenler aras\u0131nda bulunmaktad\u0131r. <\/p>\n<p>Bununla birlikte \u015firketin teklifi \u00e7ok daha geni\u015ftir ve \u015funlar\u0131 da kapsamaktad\u0131r: bitkisel ekstraktlar, maseratlar, hidrolatlar, kozmetik killer, mumlar, bitkisel k\u00f6k h\u00fccreler, kozmetik yar\u0131 mamulleri ve g\u0131da, kozmetik ile takviye edici \u00fcr\u00fcn \u00fcreticileri taraf\u0131ndan kullan\u0131lan di\u011fer hammaddeler. <\/p>\n<h3>Uluslararas\u0131 Faaliyetler<\/h3>\n<p>Natural Poland, uluslararas\u0131 pazarlarda aktif olarak faaliyet g\u00f6stermektedir. \u015eirketin hammaddeleri Avrupa\u2019da 20\u2019den fazla \u00fclkeye ve ayr\u0131ca \u00c7in, G\u00fcney Kore ve Amerika Birle\u015fik Devletleri\u2019ne ihra\u00e7 edilmektedir.  <\/p>\n<p>Uluslararas\u0131 stratejinin bir par\u00e7as\u0131 olarak firma, <strong data-start=\"2005\" data-end=\"2013\">SIAL<\/strong>, <strong data-start=\"2015\" data-end=\"2030\">Food Taipei<\/strong>, <strong data-start=\"2032\" data-end=\"2055\">Hong Kong Food Expo<\/strong> ve <strong data-start=\"2060\" data-end=\"2073\">Fi Europe<\/strong> gibi sekt\u00f6r\u00fcn en \u00f6nemli fuarlar\u0131na d\u00fczenli olarak kat\u0131lmakta; bu etkinliklerde \u00fcr\u00fcnlerini tan\u0131tmakta ve yeni i\u015f ortakl\u0131klar\u0131 geli\u015ftirmektedir.<br><br><\/p>\n<p><img decoding=\"async\" class=\"aligncenter wp-image-30769 \" src=\"https:\/\/naturalpoland.com\/wp-content\/uploads\/\/cosmoprof1-300x197.jpg\" alt=\"\" width=\"370\" height=\"243\" srcset=\"https:\/\/naturalpoland.com\/wp-content\/uploads\/cosmoprof1-300x197.jpg 300w, https:\/\/naturalpoland.com\/wp-content\/uploads\/cosmoprof1-1024x672.jpg 1024w, https:\/\/naturalpoland.com\/wp-content\/uploads\/cosmoprof1-768x504.jpg 768w, https:\/\/naturalpoland.com\/wp-content\/uploads\/cosmoprof1-510x335.jpg 510w, https:\/\/naturalpoland.com\/wp-content\/uploads\/cosmoprof1.jpg 1200w\" sizes=\"(max-width: 370px) 100vw, 370px\" \/><\/p>\n<p> <\/p>\n<p>Natural Poland ekibi; \u0130ngilizce, Almanca, Frans\u0131zca, Ukraynaca, Rus\u00e7a ve \u00c7ince d\u00e2hil olmak \u00fczere bir\u00e7ok dili konu\u015fan profesyonellerden olu\u015fmaktad\u0131r. \u00c7in pazar\u0131 i\u00e7in, Mandarin \u00c7incesi konu\u015fan \u00e7al\u0131\u015fanlar ve yerel olarak faaliyet g\u00f6steren bir temsilci istihdam edilmekte olup, bu durum m\u00fc\u015fteri ileti\u015fimini ve i\u015f birli\u011fini \u00f6nemli \u00f6l\u00e7\u00fcde kolayla\u015ft\u0131rmaktad\u0131r.  <\/p>\n<h3>Kalite G\u00fcvencesi<\/h3>\n<p>\u015eirket, kalite kontrol\u00fcne ve tedarik zincirinin \u015feffafl\u0131\u011f\u0131na b\u00fcy\u00fck \u00f6nem vermektedir. Natural Poland temsilcileri, i\u015f ortaklar\u0131n\u0131n plantasyonlar\u0131n\u0131 ve \u00fcretim tesislerini yerinde ziyaret ederek, s\u00fcre\u00e7leri do\u011frudan de\u011ferlendirmekte ve gerekli standartlara uygunlu\u011fu teyit etmektedir. <\/p>\n<p>Firma yaln\u0131zca titizlikle denetlenmi\u015f tedarik\u00e7ilerle \u00e7al\u0131\u015fmakta olup, t\u00fcm hammaddeler gerekli sertifikalar ve teknik dok\u00fcmantasyon ile sunulmaktad\u0131r.<\/p>\n<h3>Ara\u015ft\u0131rma ve Geli\u015ftirme<\/h3>\n<p>Natural Poland, pazar trendlerini yak\u0131ndan takip ederek ve yeni, y\u00fcksek katma de\u011ferli hammaddeler ara\u015ft\u0131rarak \u00fcr\u00fcn portf\u00f6y\u00fcn\u00fc s\u00fcrekli geli\u015ftirmektedir.<\/p>\n<p>Belirli bir bile\u015fen mevcut portf\u00f6yde yer alm\u0131yorsa, \u015firket k\u00fcresel pazarda kapsaml\u0131 bir ara\u015ft\u0131rma ger\u00e7ekle\u015ftirerek uygun \u00fcr\u00fcn\u00fc temin etmektedir. Bu yakla\u015f\u0131m sayesinde Natural Poland, g\u0131da ve kozmetik sekt\u00f6rleri i\u00e7in sunulan en g\u00fcncel \u00e7\u00f6z\u00fcmlerle her zaman bir ad\u0131m \u00f6nde kalmaktad\u0131r. <\/p>\n\t\t\n<style>\n#text-4147207898 {\n  color: rgb(0,0,0);\n}\n#text-4147207898 > * {\n  color: rgb(0,0,0);\n}\n<\/style>\n\t<\/div>\n\t\n\n\t\t<\/div>\n\t\t\t\t\t<\/div>\n\n\t\n\n<\/div>\n\n\t\t<\/div>\n\n\t\t\n<style>\n#section_633575099 {\n  padding-top: 30px;\n  padding-bottom: 30px;\n}\n<\/style>\n\t<\/section>\n\t\n<div class=\"row\"  id=\"row-1759102016\">\n\n\n<\/div>\n\n","protected":false},"excerpt":{"rendered":"","protected":false},"author":1,"featured_media":0,"parent":0,"menu_order":1,"comment_status":"closed","ping_status":"open","template":"page-blank.php","meta":{"_acf_changed":false,"footnotes":""},"class_list":["post-44202","page","type-page","status-publish","hentry"],"acf":[],"yoast_head":"<!-- This site is optimized with the Yoast SEO plugin v27.5 - https:\/\/yoast.com\/product\/yoast-seo-wordpress\/ -->\n<title>Hakk\u0131m\u0131zda - NATURAL POLAND - Hurtowy Dystrybutor Surowc\u00f3w<\/title>\n<meta name=\"robots\" content=\"index, follow, max-snippet:-1, max-image-preview:large, max-video-preview:-1\" \/>\n<link rel=\"canonical\" href=\"https:\/\/naturalpoland.com\/tr\/hakkimizda\/\" \/>\n<meta property=\"og:locale\" content=\"tr_TR\" \/>\n<meta property=\"og:type\" content=\"article\" \/>\n<meta property=\"og:title\" content=\"Hakk\u0131m\u0131zda - NATURAL POLAND - Hurtowy Dystrybutor Surowc\u00f3w\" \/>\n<meta property=\"og:url\" content=\"https:\/\/naturalpoland.com\/tr\/hakkimizda\/\" \/>\n<meta property=\"og:site_name\" content=\"NATURAL POLAND - Hurtowy Dystrybutor Surowc\u00f3w\" \/>\n<meta property=\"article:publisher\" content=\"https:\/\/www.facebook.com\/naturalpoland.b2b\" \/>\n<meta property=\"article:modified_time\" content=\"2025-12-18T14:55:09+00:00\" \/>\n<meta property=\"og:image\" content=\"https:\/\/naturalpoland.com\/wp-content\/uploads\/\/cosmoprof1-300x197.jpg\" \/>\n<script type=\"application\/ld+json\" class=\"yoast-schema-graph\">{\"@context\":\"https:\\\/\\\/schema.org\",\"@graph\":[{\"@type\":\"WebPage\",\"@id\":\"https:\\\/\\\/naturalpoland.com\\\/tr\\\/hakkimizda\\\/\",\"url\":\"https:\\\/\\\/naturalpoland.com\\\/tr\\\/hakkimizda\\\/\",\"name\":\"Hakk\u0131m\u0131zda - NATURAL POLAND - Hurtowy Dystrybutor Surowc\u00f3w\",\"isPartOf\":{\"@id\":\"https:\\\/\\\/naturalpoland.com\\\/tr\\\/#website\"},\"primaryImageOfPage\":{\"@id\":\"https:\\\/\\\/naturalpoland.com\\\/tr\\\/hakkimizda\\\/#primaryimage\"},\"image\":{\"@id\":\"https:\\\/\\\/naturalpoland.com\\\/tr\\\/hakkimizda\\\/#primaryimage\"},\"thumbnailUrl\":\"https:\\\/\\\/naturalpoland.com\\\/wp-content\\\/uploads\\\/\\\/cosmoprof1-300x197.jpg\",\"datePublished\":\"2025-12-18T14:54:54+00:00\",\"dateModified\":\"2025-12-18T14:55:09+00:00\",\"breadcrumb\":{\"@id\":\"https:\\\/\\\/naturalpoland.com\\\/tr\\\/hakkimizda\\\/#breadcrumb\"},\"inLanguage\":\"tr\",\"potentialAction\":[{\"@type\":\"ReadAction\",\"target\":[\"https:\\\/\\\/naturalpoland.com\\\/tr\\\/hakkimizda\\\/\"]}]},{\"@type\":\"ImageObject\",\"inLanguage\":\"tr\",\"@id\":\"https:\\\/\\\/naturalpoland.com\\\/tr\\\/hakkimizda\\\/#primaryimage\",\"url\":\"https:\\\/\\\/naturalpoland.com\\\/wp-content\\\/uploads\\\/\\\/cosmoprof1-300x197.jpg\",\"contentUrl\":\"https:\\\/\\\/naturalpoland.com\\\/wp-content\\\/uploads\\\/\\\/cosmoprof1-300x197.jpg\"},{\"@type\":\"BreadcrumbList\",\"@id\":\"https:\\\/\\\/naturalpoland.com\\\/tr\\\/hakkimizda\\\/#breadcrumb\",\"itemListElement\":[{\"@type\":\"ListItem\",\"position\":1,\"name\":\"Ana Sayfa\",\"item\":\"https:\\\/\\\/naturalpoland.com\\\/tr\\\/\"},{\"@type\":\"ListItem\",\"position\":2,\"name\":\"Hakk\u0131m\u0131zda\"}]},{\"@type\":\"WebSite\",\"@id\":\"https:\\\/\\\/naturalpoland.com\\\/tr\\\/#website\",\"url\":\"https:\\\/\\\/naturalpoland.com\\\/tr\\\/\",\"name\":\"NATURAL POLAND - Hurtowy Dystrybutor Surowc\u00f3w\",\"description\":\"Surowce dla przemys\u0142u spo\u017cywczego, kosmetycznego i farmaceutycznego\",\"publisher\":{\"@id\":\"https:\\\/\\\/naturalpoland.com\\\/tr\\\/#organization\"},\"potentialAction\":[{\"@type\":\"SearchAction\",\"target\":{\"@type\":\"EntryPoint\",\"urlTemplate\":\"https:\\\/\\\/naturalpoland.com\\\/tr\\\/?s={search_term_string}\"},\"query-input\":{\"@type\":\"PropertyValueSpecification\",\"valueRequired\":true,\"valueName\":\"search_term_string\"}}],\"inLanguage\":\"tr\"},{\"@type\":\"Organization\",\"@id\":\"https:\\\/\\\/naturalpoland.com\\\/tr\\\/#organization\",\"name\":\"Natural Poland\",\"url\":\"https:\\\/\\\/naturalpoland.com\\\/tr\\\/\",\"logo\":{\"@type\":\"ImageObject\",\"inLanguage\":\"tr\",\"@id\":\"https:\\\/\\\/naturalpoland.com\\\/tr\\\/#\\\/schema\\\/logo\\\/image\\\/\",\"url\":\"https:\\\/\\\/naturalpoland.com\\\/wp-content\\\/uploads\\\/2021\\\/05\\\/natural-poland-icon.png\",\"contentUrl\":\"https:\\\/\\\/naturalpoland.com\\\/wp-content\\\/uploads\\\/2021\\\/05\\\/natural-poland-icon.png\",\"width\":512,\"height\":512,\"caption\":\"Natural Poland\"},\"image\":{\"@id\":\"https:\\\/\\\/naturalpoland.com\\\/tr\\\/#\\\/schema\\\/logo\\\/image\\\/\"},\"sameAs\":[\"https:\\\/\\\/www.facebook.com\\\/naturalpoland.b2b\",\"https:\\\/\\\/pl.linkedin.com\\\/company\\\/natural-poland\",\"https:\\\/\\\/www.youtube.com\\\/channel\\\/UCgeGGkvOMahZo-xu_MSEWxg\"]}]}<\/script>\n<!-- \/ Yoast SEO plugin. -->","yoast_head_json":{"title":"Hakk\u0131m\u0131zda - NATURAL POLAND - Hurtowy Dystrybutor Surowc\u00f3w","robots":{"index":"index","follow":"follow","max-snippet":"max-snippet:-1","max-image-preview":"max-image-preview:large","max-video-preview":"max-video-preview:-1"},"canonical":"https:\/\/naturalpoland.com\/tr\/hakkimizda\/","og_locale":"tr_TR","og_type":"article","og_title":"Hakk\u0131m\u0131zda - NATURAL POLAND - Hurtowy Dystrybutor Surowc\u00f3w","og_url":"https:\/\/naturalpoland.com\/tr\/hakkimizda\/","og_site_name":"NATURAL POLAND - Hurtowy Dystrybutor Surowc\u00f3w","article_publisher":"https:\/\/www.facebook.com\/naturalpoland.b2b","article_modified_time":"2025-12-18T14:55:09+00:00","og_image":[{"url":"https:\/\/naturalpoland.com\/wp-content\/uploads\/\/cosmoprof1-300x197.jpg","type":"","width":"","height":""}],"schema":{"@context":"https:\/\/schema.org","@graph":[{"@type":"WebPage","@id":"https:\/\/naturalpoland.com\/tr\/hakkimizda\/","url":"https:\/\/naturalpoland.com\/tr\/hakkimizda\/","name":"Hakk\u0131m\u0131zda - NATURAL POLAND - Hurtowy Dystrybutor Surowc\u00f3w","isPartOf":{"@id":"https:\/\/naturalpoland.com\/tr\/#website"},"primaryImageOfPage":{"@id":"https:\/\/naturalpoland.com\/tr\/hakkimizda\/#primaryimage"},"image":{"@id":"https:\/\/naturalpoland.com\/tr\/hakkimizda\/#primaryimage"},"thumbnailUrl":"https:\/\/naturalpoland.com\/wp-content\/uploads\/\/cosmoprof1-300x197.jpg","datePublished":"2025-12-18T14:54:54+00:00","dateModified":"2025-12-18T14:55:09+00:00","breadcrumb":{"@id":"https:\/\/naturalpoland.com\/tr\/hakkimizda\/#breadcrumb"},"inLanguage":"tr","potentialAction":[{"@type":"ReadAction","target":["https:\/\/naturalpoland.com\/tr\/hakkimizda\/"]}]},{"@type":"ImageObject","inLanguage":"tr","@id":"https:\/\/naturalpoland.com\/tr\/hakkimizda\/#primaryimage","url":"https:\/\/naturalpoland.com\/wp-content\/uploads\/\/cosmoprof1-300x197.jpg","contentUrl":"https:\/\/naturalpoland.com\/wp-content\/uploads\/\/cosmoprof1-300x197.jpg"},{"@type":"BreadcrumbList","@id":"https:\/\/naturalpoland.com\/tr\/hakkimizda\/#breadcrumb","itemListElement":[{"@type":"ListItem","position":1,"name":"Ana Sayfa","item":"https:\/\/naturalpoland.com\/tr\/"},{"@type":"ListItem","position":2,"name":"Hakk\u0131m\u0131zda"}]},{"@type":"WebSite","@id":"https:\/\/naturalpoland.com\/tr\/#website","url":"https:\/\/naturalpoland.com\/tr\/","name":"NATURAL POLAND - Hurtowy Dystrybutor Surowc\u00f3w","description":"Surowce dla przemys\u0142u spo\u017cywczego, kosmetycznego i farmaceutycznego","publisher":{"@id":"https:\/\/naturalpoland.com\/tr\/#organization"},"potentialAction":[{"@type":"SearchAction","target":{"@type":"EntryPoint","urlTemplate":"https:\/\/naturalpoland.com\/tr\/?s={search_term_string}"},"query-input":{"@type":"PropertyValueSpecification","valueRequired":true,"valueName":"search_term_string"}}],"inLanguage":"tr"},{"@type":"Organization","@id":"https:\/\/naturalpoland.com\/tr\/#organization","name":"Natural Poland","url":"https:\/\/naturalpoland.com\/tr\/","logo":{"@type":"ImageObject","inLanguage":"tr","@id":"https:\/\/naturalpoland.com\/tr\/#\/schema\/logo\/image\/","url":"https:\/\/naturalpoland.com\/wp-content\/uploads\/2021\/05\/natural-poland-icon.png","contentUrl":"https:\/\/naturalpoland.com\/wp-content\/uploads\/2021\/05\/natural-poland-icon.png","width":512,"height":512,"caption":"Natural Poland"},"image":{"@id":"https:\/\/naturalpoland.com\/tr\/#\/schema\/logo\/image\/"},"sameAs":["https:\/\/www.facebook.com\/naturalpoland.b2b","https:\/\/pl.linkedin.com\/company\/natural-poland","https:\/\/www.youtube.com\/channel\/UCgeGGkvOMahZo-xu_MSEWxg"]}]}},"_links":{"self":[{"href":"https:\/\/naturalpoland.com\/tr\/wp-json\/wp\/v2\/pages\/44202","targetHints":{"allow":["GET"]}}],"collection":[{"href":"https:\/\/naturalpoland.com\/tr\/wp-json\/wp\/v2\/pages"}],"about":[{"href":"https:\/\/naturalpoland.com\/tr\/wp-json\/wp\/v2\/types\/page"}],"author":[{"embeddable":true,"href":"https:\/\/naturalpoland.com\/tr\/wp-json\/wp\/v2\/users\/1"}],"replies":[{"embeddable":true,"href":"https:\/\/naturalpoland.com\/tr\/wp-json\/wp\/v2\/comments?post=44202"}],"version-history":[{"count":2,"href":"https:\/\/naturalpoland.com\/tr\/wp-json\/wp\/v2\/pages\/44202\/revisions"}],"predecessor-version":[{"id":44211,"href":"https:\/\/naturalpoland.com\/tr\/wp-json\/wp\/v2\/pages\/44202\/revisions\/44211"}],"wp:attachment":[{"href":"https:\/\/naturalpoland.com\/tr\/wp-json\/wp\/v2\/media?parent=44202"}],"curies":[{"name":"wp","href":"https:\/\/api.w.org\/{rel}","templated":true}]}}