{"id":44742,"date":"2025-12-22T14:13:45","date_gmt":"2025-12-22T13:13:45","guid":{"rendered":"https:\/\/naturalpoland.com\/basvurunuz-icin-tesekkur-ederiz\/"},"modified":"2025-12-22T14:13:58","modified_gmt":"2025-12-22T13:13:58","slug":"basvurunuz-icin-tesekkur-ederiz","status":"publish","type":"page","link":"https:\/\/naturalpoland.com\/tr\/basvurunuz-icin-tesekkur-ederiz\/","title":{"rendered":"Ba\u015fvurunuz i\u00e7in te\u015fekk\u00fcr ederiz"},"content":{"rendered":"\n\n\t<section class=\"section dark\" id=\"section_554621535\">\n\t\t<div class=\"section-bg fill\" >\n\t\t\t\t\t\t\t\t\t\n\t\t\t\n\n\t\t<\/div>\n\n\t\t\n\n\t\t<div class=\"section-content relative\">\n\t\t\t\n\n<div class=\"row align-center\"  id=\"row-255810043\">\n\n\n\t<div id=\"col-263977729\" class=\"col medium-10 small-12 large-8\"  >\n\t\t\t\t<div class=\"col-inner\"  >\n\t\t\t\n\t\t\t\n\n<div class=\"row align-center\"  id=\"row-1528866255\">\n\n\n\t<div id=\"col-1407033097\" class=\"col small-12 large-12\"  >\n\t\t\t\t<div class=\"col-inner text-center\"  >\n\t\t\t\n\t\t\t\n\n\t<div id=\"text-1287841501\" class=\"text\">\n\t\t\n\n<h1 class=\"uppercase\"><span style=\"font-size: 150%;\">BA\u015eVURUNUZ \u0130\u00c7\u0130N TE\u015eEKK\u00dcR EDER\u0130Z<\/span><\/h1>\n<p>En k\u0131sa s\u00fcrede sizinle ileti\u015fime ge\u00e7ece\u011fiz.<\/p>\n\n\t\t\n<style>\n#text-1287841501 {\n  font-size: 0.9rem;\n}\n@media (min-width:550px) {\n  #text-1287841501 {\n    font-size: 1.5rem;\n  }\n}\n<\/style>\n\t<\/div>\n\t\n\n\t\t<\/div>\n\t\t\t\t\n<style>\n#col-1407033097 > .col-inner {\n  margin: -40px 0px 0px 0px;\n}\n<\/style>\n\t<\/div>\n\n\t\n\n<\/div>\n\n\t\t<\/div>\n\t\t\t\t\n<style>\n#col-263977729 > .col-inner {\n  padding: 60px 0px 0px 0px;\n}\n<\/style>\n\t<\/div>\n\n\t\n\n<\/div>\n\n\t\t<\/div>\n\n\t\t\n<style>\n#section_554621535 {\n  padding-top: 30px;\n  padding-bottom: 30px;\n  margin-bottom: 60px;\n  background-color: rgb(32, 74, 79);\n}\n<\/style>\n\t<\/section>\n\t\n<div class=\"container section-title-container\" ><h3 class=\"section-title section-title-normal\"><b aria-hidden=\"true\"><\/b><span class=\"section-title-main\" >\u00fcr\u00fcnlerimizi inceleyin:<\/span><b aria-hidden=\"true\"><\/b><\/h3><\/div>\n\n\n  \n    <div class=\"row large-columns-4 medium-columns-3 small-columns-2 row-small slider row-slider slider-nav-reveal slider-nav-push\"  data-flickity-options='{&quot;imagesLoaded&quot;: true, &quot;groupCells&quot;: &quot;100%&quot;, &quot;dragThreshold&quot; : 5, &quot;cellAlign&quot;: &quot;left&quot;,&quot;wrapAround&quot;: true,&quot;prevNextButtons&quot;: true,&quot;percentPosition&quot;: true,&quot;pageDots&quot;: false, &quot;rightToLeft&quot;: false, &quot;autoPlay&quot; : false}' >\n\n  <div class=\"product-category col\" >\n            <div class=\"col-inner\">\n              <a aria-label=\"Bitki ekstraktlar\u0131 \u00fcr\u00fcn kategorisini ziyaret et\" href=\"https:\/\/naturalpoland.com\/tr\/kategori\/bitkisel-ekstraktlar\/\">                <div class=\"box box-category has-hover box-normal \">\n                <div class=\"box-image\" >\n                  <div class=\"\" >\n                  <img decoding=\"async\" src=\"https:\/\/naturalpoland.com\/wp-content\/uploads\/2021\/05\/ekstrakty-roslinne-247x247.jpg\" alt=\"Bitki ekstraktlar\u0131\" width=\"300\" height=\"300\" \/>                                                      <\/div>\n                <\/div>\n                <div class=\"box-text text-center\" >\n                  <div class=\"box-text-inner\">\n                      <h5 class=\"uppercase header-title\">\n                              Bitki ekstraktlar\u0131                      <\/h5>\n                                            <p class=\"is-xsmall uppercase count \">\n\t                      88 \u00dcr\u00fcnler                      <\/p>\n                                            \n                  <\/div>\n                <\/div>\n                <\/div>\n            <\/a>            <\/div>\n            <\/div><div class=\"product-category col\" >\n            <div class=\"col-inner\">\n              <a aria-label=\"Bitkisel \u00fcr\u00fcnler \u00fcr\u00fcn kategorisini ziyaret et\" href=\"https:\/\/naturalpoland.com\/tr\/kategori\/bitkisel-urunler\/\">                <div class=\"box box-category has-hover box-normal \">\n                <div class=\"box-image\" >\n                  <div class=\"\" >\n                  <img decoding=\"async\" src=\"https:\/\/naturalpoland.com\/wp-content\/uploads\/2021\/05\/produkty-roslinne-247x247.jpg\" alt=\"Bitkisel \u00fcr\u00fcnler\" width=\"300\" height=\"300\" \/>                                                      <\/div>\n                <\/div>\n                <div class=\"box-text text-center\" >\n                  <div class=\"box-text-inner\">\n                      <h5 class=\"uppercase header-title\">\n                              Bitkisel \u00fcr\u00fcnler                      <\/h5>\n                                            <p class=\"is-xsmall uppercase count \">\n\t                      2 \u00dcr\u00fcnler                      <\/p>\n                                            \n                  <\/div>\n                <\/div>\n                <\/div>\n            <\/a>            <\/div>\n            <\/div><div class=\"product-category col\" >\n            <div class=\"col-inner\">\n              <a aria-label=\"Farmas\u00f6tik hammaddeler \u00fcr\u00fcn kategorisini ziyaret et\" href=\"https:\/\/naturalpoland.com\/tr\/kategori\/farmasotik-hammaddeler\/\">                <div class=\"box box-category has-hover box-normal \">\n                <div class=\"box-image\" >\n                  <div class=\"\" >\n                  <img decoding=\"async\" src=\"https:\/\/naturalpoland.com\/wp-content\/uploads\/2021\/05\/produkty-dla-przemyslu-farmaceutycznego-i-medycznego-247x247.jpg\" alt=\"Farmas\u00f6tik hammaddeler\" width=\"300\" height=\"300\" \/>                                                      <\/div>\n                <\/div>\n                <div class=\"box-text text-center\" >\n                  <div class=\"box-text-inner\">\n                      <h5 class=\"uppercase header-title\">\n                              Farmas\u00f6tik hammaddeler                      <\/h5>\n                                            <p class=\"is-xsmall uppercase count \">\n\t                      137 \u00dcr\u00fcnler                      <\/p>\n                                            \n                  <\/div>\n                <\/div>\n                <\/div>\n            <\/a>            <\/div>\n            <\/div><div class=\"product-category col\" >\n            <div class=\"col-inner\">\n              <a aria-label=\"G\u0131da Hammaddeleri \u00fcr\u00fcn kategorisini ziyaret et\" href=\"https:\/\/naturalpoland.com\/tr\/kategori\/gida-hammaddeleri\/\">                <div class=\"box box-category has-hover box-normal \">\n                <div class=\"box-image\" >\n                  <div class=\"\" >\n                  <img decoding=\"async\" src=\"https:\/\/naturalpoland.com\/wp-content\/uploads\/2021\/05\/produkty-dla-przemyslu-spozywczego-247x247.jpg\" alt=\"G\u0131da Hammaddeleri\" width=\"300\" height=\"300\" \/>                                                      <\/div>\n                <\/div>\n                <div class=\"box-text text-center\" >\n                  <div class=\"box-text-inner\">\n                      <h5 class=\"uppercase header-title\">\n                              G\u0131da Hammaddeleri                      <\/h5>\n                                            <p class=\"is-xsmall uppercase count \">\n\t                      116 \u00dcr\u00fcnler                      <\/p>\n                                            \n                  <\/div>\n                <\/div>\n                <\/div>\n            <\/a>            <\/div>\n            <\/div><div class=\"product-category col\" >\n            <div class=\"col-inner\">\n              <a aria-label=\"Hayvan Hammaddeleri \u00fcr\u00fcn kategorisini ziyaret et\" href=\"https:\/\/naturalpoland.com\/tr\/kategori\/hayvanlar-icin-hammaddeler\/\">                <div class=\"box box-category has-hover box-normal \">\n                <div class=\"box-image\" >\n                  <div class=\"\" >\n                  <img decoding=\"async\" src=\"https:\/\/naturalpoland.com\/wp-content\/uploads\/surowce-do-karm-dla-zwierzat-247x247.jpg\" alt=\"Hayvan Hammaddeleri\" width=\"300\" height=\"300\" \/>                                                      <\/div>\n                <\/div>\n                <div class=\"box-text text-center\" >\n                  <div class=\"box-text-inner\">\n                      <h5 class=\"uppercase header-title\">\n                              Hayvan Hammaddeleri                      <\/h5>\n                                            <p class=\"is-xsmall uppercase count \">\n\t                      7 \u00dcr\u00fcnler                      <\/p>\n                                            \n                  <\/div>\n                <\/div>\n                <\/div>\n            <\/a>            <\/div>\n            <\/div><div class=\"product-category col\" >\n            <div class=\"col-inner\">\n              <a aria-label=\"Haz\u0131r \u00fcr\u00fcnler \u00fcr\u00fcn kategorisini ziyaret et\" href=\"https:\/\/naturalpoland.com\/tr\/kategori\/hazir-urunler\/\">                <div class=\"box box-category has-hover box-normal \">\n                <div class=\"box-image\" >\n                  <div class=\"\" >\n                  <img decoding=\"async\" src=\"https:\/\/naturalpoland.com\/wp-content\/uploads\/produkty-gotowe-247x247.jpg\" alt=\"Haz\u0131r \u00fcr\u00fcnler\" width=\"300\" height=\"300\" \/>                                                      <\/div>\n                <\/div>\n                <div class=\"box-text text-center\" >\n                  <div class=\"box-text-inner\">\n                      <h5 class=\"uppercase header-title\">\n                              Haz\u0131r \u00fcr\u00fcnler                      <\/h5>\n                                            <p class=\"is-xsmall uppercase count \">\n\t                      4 \u00dcr\u00fcnler                      <\/p>\n                                            \n                  <\/div>\n                <\/div>\n                <\/div>\n            <\/a>            <\/div>\n            <\/div><div class=\"product-category col\" >\n            <div class=\"col-inner\">\n              <a aria-label=\"Kozmetik hammaddeler \u00fcr\u00fcn kategorisini ziyaret et\" href=\"https:\/\/naturalpoland.com\/tr\/kategori\/kozmetik-hammaddeleri\/\">                <div class=\"box box-category has-hover box-normal \">\n                <div class=\"box-image\" >\n                  <div class=\"\" >\n                  <img decoding=\"async\" src=\"https:\/\/naturalpoland.com\/wp-content\/uploads\/2021\/05\/produkty-do-przemyslu-kosmetycznego-247x247.jpg\" alt=\"Kozmetik hammaddeler\" width=\"300\" height=\"300\" \/>                                                      <\/div>\n                <\/div>\n                <div class=\"box-text text-center\" >\n                  <div class=\"box-text-inner\">\n                      <h5 class=\"uppercase header-title\">\n                              Kozmetik hammaddeler                      <\/h5>\n                                            <p class=\"is-xsmall uppercase count \">\n\t                      276 \u00dcr\u00fcnler                      <\/p>\n                                            \n                  <\/div>\n                <\/div>\n                <\/div>\n            <\/a>            <\/div>\n            <\/div><div class=\"product-category col\" >\n            <div class=\"col-inner\">\n              <a aria-label=\"Mumlar \u00fcr\u00fcn kategorisini ziyaret et\" href=\"https:\/\/naturalpoland.com\/tr\/kategori\/mumlar\/\">                <div class=\"box box-category has-hover box-normal \">\n                <div class=\"box-image\" >\n                  <div class=\"\" >\n                  <img decoding=\"async\" src=\"https:\/\/naturalpoland.com\/wp-content\/uploads\/2021\/05\/woski-247x247.jpg\" alt=\"Mumlar\" width=\"300\" height=\"300\" \/>                                                      <\/div>\n                <\/div>\n                <div class=\"box-text text-center\" >\n                  <div class=\"box-text-inner\">\n                      <h5 class=\"uppercase header-title\">\n                              Mumlar                      <\/h5>\n                                            <p class=\"is-xsmall uppercase count \">\n\t                      12 \u00dcr\u00fcnler                      <\/p>\n                                            \n                  <\/div>\n                <\/div>\n                <\/div>\n            <\/a>            <\/div>\n            <\/div><div class=\"product-category col\" >\n            <div class=\"col-inner\">\n              <a aria-label=\"Yemeklik ve Kozmetik Ya\u011flar \u00fcr\u00fcn kategorisini ziyaret et\" href=\"https:\/\/naturalpoland.com\/tr\/kategori\/gida-ve-kozmetik-yaglari\/\">                <div class=\"box box-category has-hover box-normal \">\n                <div class=\"box-image\" >\n                  <div class=\"\" >\n                  <img decoding=\"async\" src=\"https:\/\/naturalpoland.com\/wp-content\/uploads\/2021\/05\/oleje-247x247.jpg\" alt=\"Yemeklik ve Kozmetik Ya\u011flar\" width=\"300\" height=\"300\" \/>                                                      <\/div>\n                <\/div>\n                <div class=\"box-text text-center\" >\n                  <div class=\"box-text-inner\">\n                      <h5 class=\"uppercase header-title\">\n                              Yemeklik ve Kozmetik Ya\u011flar                      <\/h5>\n                                            <p class=\"is-xsmall uppercase count \">\n\t                      64 \u00dcr\u00fcnler                      <\/p>\n                                            \n                  <\/div>\n                <\/div>\n                <\/div>\n            <\/a>            <\/div>\n            <\/div><\/div>\n","protected":false},"excerpt":{"rendered":"","protected":false},"author":1,"featured_media":0,"parent":0,"menu_order":0,"comment_status":"closed","ping_status":"closed","template":"","meta":{"footnotes":""},"class_list":["post-44742","page","type-page","status-publish","hentry"],"yoast_head":"<!-- This site is optimized with the Yoast SEO plugin v27.3 - https:\/\/yoast.com\/product\/yoast-seo-wordpress\/ -->\n<title>Ba\u015fvurunuz i\u00e7in te\u015fekk\u00fcr ederiz - NATURAL POLAND - Hurtowy Dystrybutor Surowc\u00f3w<\/title>\n<meta name=\"robots\" content=\"index, nofollow, max-snippet:-1, max-image-preview:large, max-video-preview:-1\" \/>\n<link rel=\"canonical\" href=\"https:\/\/naturalpoland.com\/tr\/basvurunuz-icin-tesekkur-ederiz\/\" \/>\n<meta property=\"og:locale\" content=\"tr_TR\" \/>\n<meta property=\"og:type\" content=\"article\" \/>\n<meta property=\"og:title\" content=\"Ba\u015fvurunuz i\u00e7in te\u015fekk\u00fcr ederiz - NATURAL POLAND - Hurtowy Dystrybutor Surowc\u00f3w\" \/>\n<meta property=\"og:url\" content=\"https:\/\/naturalpoland.com\/tr\/basvurunuz-icin-tesekkur-ederiz\/\" \/>\n<meta property=\"og:site_name\" content=\"NATURAL POLAND - Hurtowy Dystrybutor Surowc\u00f3w\" \/>\n<meta property=\"article:publisher\" content=\"https:\/\/www.facebook.com\/naturalpoland.b2b\" \/>\n<meta property=\"article:modified_time\" content=\"2025-12-22T13:13:58+00:00\" \/>\n<meta property=\"og:image\" content=\"https:\/\/naturalpoland.com\/wp-content\/uploads\/2021\/05\/natural-poland-icon.png\" \/>\n\t<meta property=\"og:image:width\" content=\"512\" \/>\n\t<meta property=\"og:image:height\" content=\"512\" \/>\n\t<meta property=\"og:image:type\" content=\"image\/png\" \/>\n<script type=\"application\/ld+json\" class=\"yoast-schema-graph\">{\"@context\":\"https:\\\/\\\/schema.org\",\"@graph\":[{\"@type\":\"WebPage\",\"@id\":\"https:\\\/\\\/naturalpoland.com\\\/tr\\\/basvurunuz-icin-tesekkur-ederiz\\\/\",\"url\":\"https:\\\/\\\/naturalpoland.com\\\/tr\\\/basvurunuz-icin-tesekkur-ederiz\\\/\",\"name\":\"Ba\u015fvurunuz i\u00e7in te\u015fekk\u00fcr ederiz - NATURAL POLAND - Hurtowy Dystrybutor Surowc\u00f3w\",\"isPartOf\":{\"@id\":\"https:\\\/\\\/naturalpoland.com\\\/tr\\\/#website\"},\"datePublished\":\"2025-12-22T13:13:45+00:00\",\"dateModified\":\"2025-12-22T13:13:58+00:00\",\"breadcrumb\":{\"@id\":\"https:\\\/\\\/naturalpoland.com\\\/tr\\\/basvurunuz-icin-tesekkur-ederiz\\\/#breadcrumb\"},\"inLanguage\":\"tr\",\"potentialAction\":[{\"@type\":\"ReadAction\",\"target\":[\"https:\\\/\\\/naturalpoland.com\\\/tr\\\/basvurunuz-icin-tesekkur-ederiz\\\/\"]}]},{\"@type\":\"BreadcrumbList\",\"@id\":\"https:\\\/\\\/naturalpoland.com\\\/tr\\\/basvurunuz-icin-tesekkur-ederiz\\\/#breadcrumb\",\"itemListElement\":[{\"@type\":\"ListItem\",\"position\":1,\"name\":\"Ana Sayfa\",\"item\":\"https:\\\/\\\/naturalpoland.com\\\/tr\\\/\"},{\"@type\":\"ListItem\",\"position\":2,\"name\":\"Ba\u015fvurunuz i\u00e7in te\u015fekk\u00fcr ederiz\"}]},{\"@type\":\"WebSite\",\"@id\":\"https:\\\/\\\/naturalpoland.com\\\/tr\\\/#website\",\"url\":\"https:\\\/\\\/naturalpoland.com\\\/tr\\\/\",\"name\":\"NATURAL POLAND - Hurtowy Dystrybutor Surowc\u00f3w\",\"description\":\"Surowce dla przemys\u0142u spo\u017cywczego, kosmetycznego i farmaceutycznego\",\"publisher\":{\"@id\":\"https:\\\/\\\/naturalpoland.com\\\/tr\\\/#organization\"},\"potentialAction\":[{\"@type\":\"SearchAction\",\"target\":{\"@type\":\"EntryPoint\",\"urlTemplate\":\"https:\\\/\\\/naturalpoland.com\\\/tr\\\/?s={search_term_string}\"},\"query-input\":{\"@type\":\"PropertyValueSpecification\",\"valueRequired\":true,\"valueName\":\"search_term_string\"}}],\"inLanguage\":\"tr\"},{\"@type\":\"Organization\",\"@id\":\"https:\\\/\\\/naturalpoland.com\\\/tr\\\/#organization\",\"name\":\"Natural Poland\",\"url\":\"https:\\\/\\\/naturalpoland.com\\\/tr\\\/\",\"logo\":{\"@type\":\"ImageObject\",\"inLanguage\":\"tr\",\"@id\":\"https:\\\/\\\/naturalpoland.com\\\/tr\\\/#\\\/schema\\\/logo\\\/image\\\/\",\"url\":\"https:\\\/\\\/naturalpoland.com\\\/wp-content\\\/uploads\\\/2021\\\/05\\\/natural-poland-icon.png\",\"contentUrl\":\"https:\\\/\\\/naturalpoland.com\\\/wp-content\\\/uploads\\\/2021\\\/05\\\/natural-poland-icon.png\",\"width\":512,\"height\":512,\"caption\":\"Natural Poland\"},\"image\":{\"@id\":\"https:\\\/\\\/naturalpoland.com\\\/tr\\\/#\\\/schema\\\/logo\\\/image\\\/\"},\"sameAs\":[\"https:\\\/\\\/www.facebook.com\\\/naturalpoland.b2b\",\"https:\\\/\\\/pl.linkedin.com\\\/company\\\/natural-poland\",\"https:\\\/\\\/www.youtube.com\\\/channel\\\/UCgeGGkvOMahZo-xu_MSEWxg\"]}]}<\/script>\n<!-- \/ Yoast SEO plugin. -->","yoast_head_json":{"title":"Ba\u015fvurunuz i\u00e7in te\u015fekk\u00fcr ederiz - NATURAL POLAND - Hurtowy Dystrybutor Surowc\u00f3w","robots":{"index":"index","follow":"nofollow","max-snippet":"max-snippet:-1","max-image-preview":"max-image-preview:large","max-video-preview":"max-video-preview:-1"},"canonical":"https:\/\/naturalpoland.com\/tr\/basvurunuz-icin-tesekkur-ederiz\/","og_locale":"tr_TR","og_type":"article","og_title":"Ba\u015fvurunuz i\u00e7in te\u015fekk\u00fcr ederiz - NATURAL POLAND - Hurtowy Dystrybutor Surowc\u00f3w","og_url":"https:\/\/naturalpoland.com\/tr\/basvurunuz-icin-tesekkur-ederiz\/","og_site_name":"NATURAL POLAND - Hurtowy Dystrybutor Surowc\u00f3w","article_publisher":"https:\/\/www.facebook.com\/naturalpoland.b2b","article_modified_time":"2025-12-22T13:13:58+00:00","og_image":[{"width":512,"height":512,"url":"https:\/\/naturalpoland.com\/wp-content\/uploads\/2021\/05\/natural-poland-icon.png","type":"image\/png"}],"schema":{"@context":"https:\/\/schema.org","@graph":[{"@type":"WebPage","@id":"https:\/\/naturalpoland.com\/tr\/basvurunuz-icin-tesekkur-ederiz\/","url":"https:\/\/naturalpoland.com\/tr\/basvurunuz-icin-tesekkur-ederiz\/","name":"Ba\u015fvurunuz i\u00e7in te\u015fekk\u00fcr ederiz - NATURAL POLAND - Hurtowy Dystrybutor Surowc\u00f3w","isPartOf":{"@id":"https:\/\/naturalpoland.com\/tr\/#website"},"datePublished":"2025-12-22T13:13:45+00:00","dateModified":"2025-12-22T13:13:58+00:00","breadcrumb":{"@id":"https:\/\/naturalpoland.com\/tr\/basvurunuz-icin-tesekkur-ederiz\/#breadcrumb"},"inLanguage":"tr","potentialAction":[{"@type":"ReadAction","target":["https:\/\/naturalpoland.com\/tr\/basvurunuz-icin-tesekkur-ederiz\/"]}]},{"@type":"BreadcrumbList","@id":"https:\/\/naturalpoland.com\/tr\/basvurunuz-icin-tesekkur-ederiz\/#breadcrumb","itemListElement":[{"@type":"ListItem","position":1,"name":"Ana Sayfa","item":"https:\/\/naturalpoland.com\/tr\/"},{"@type":"ListItem","position":2,"name":"Ba\u015fvurunuz i\u00e7in te\u015fekk\u00fcr ederiz"}]},{"@type":"WebSite","@id":"https:\/\/naturalpoland.com\/tr\/#website","url":"https:\/\/naturalpoland.com\/tr\/","name":"NATURAL POLAND - Hurtowy Dystrybutor Surowc\u00f3w","description":"Surowce dla przemys\u0142u spo\u017cywczego, kosmetycznego i farmaceutycznego","publisher":{"@id":"https:\/\/naturalpoland.com\/tr\/#organization"},"potentialAction":[{"@type":"SearchAction","target":{"@type":"EntryPoint","urlTemplate":"https:\/\/naturalpoland.com\/tr\/?s={search_term_string}"},"query-input":{"@type":"PropertyValueSpecification","valueRequired":true,"valueName":"search_term_string"}}],"inLanguage":"tr"},{"@type":"Organization","@id":"https:\/\/naturalpoland.com\/tr\/#organization","name":"Natural Poland","url":"https:\/\/naturalpoland.com\/tr\/","logo":{"@type":"ImageObject","inLanguage":"tr","@id":"https:\/\/naturalpoland.com\/tr\/#\/schema\/logo\/image\/","url":"https:\/\/naturalpoland.com\/wp-content\/uploads\/2021\/05\/natural-poland-icon.png","contentUrl":"https:\/\/naturalpoland.com\/wp-content\/uploads\/2021\/05\/natural-poland-icon.png","width":512,"height":512,"caption":"Natural Poland"},"image":{"@id":"https:\/\/naturalpoland.com\/tr\/#\/schema\/logo\/image\/"},"sameAs":["https:\/\/www.facebook.com\/naturalpoland.b2b","https:\/\/pl.linkedin.com\/company\/natural-poland","https:\/\/www.youtube.com\/channel\/UCgeGGkvOMahZo-xu_MSEWxg"]}]}},"_links":{"self":[{"href":"https:\/\/naturalpoland.com\/tr\/wp-json\/wp\/v2\/pages\/44742","targetHints":{"allow":["GET"]}}],"collection":[{"href":"https:\/\/naturalpoland.com\/tr\/wp-json\/wp\/v2\/pages"}],"about":[{"href":"https:\/\/naturalpoland.com\/tr\/wp-json\/wp\/v2\/types\/page"}],"author":[{"embeddable":true,"href":"https:\/\/naturalpoland.com\/tr\/wp-json\/wp\/v2\/users\/1"}],"replies":[{"embeddable":true,"href":"https:\/\/naturalpoland.com\/tr\/wp-json\/wp\/v2\/comments?post=44742"}],"version-history":[{"count":1,"href":"https:\/\/naturalpoland.com\/tr\/wp-json\/wp\/v2\/pages\/44742\/revisions"}],"predecessor-version":[{"id":44743,"href":"https:\/\/naturalpoland.com\/tr\/wp-json\/wp\/v2\/pages\/44742\/revisions\/44743"}],"wp:attachment":[{"href":"https:\/\/naturalpoland.com\/tr\/wp-json\/wp\/v2\/media?parent=44742"}],"curies":[{"name":"wp","href":"https:\/\/api.w.org\/{rel}","templated":true}]}}