{"id":44769,"date":"2025-12-23T13:05:08","date_gmt":"2025-12-23T12:05:08","guid":{"rendered":"https:\/\/naturalpoland.com\/ureticiler-ve-tedarikciler-icin\/"},"modified":"2025-12-23T13:39:13","modified_gmt":"2025-12-23T12:39:13","slug":"ureticiler-ve-tedarikciler-icin","status":"publish","type":"page","link":"https:\/\/naturalpoland.com\/tr\/ureticiler-ve-tedarikciler-icin\/","title":{"rendered":"\u00dcreticiler ve Tedarik\u00e7iler \u0130\u00e7in"},"content":{"rendered":"\n\n  <div class=\"banner has-hover\" id=\"banner-956413898\">\n          <div class=\"banner-inner fill\">\n        <div class=\"banner-bg fill\" >\n            <img decoding=\"async\" width=\"1020\" height=\"680\" src=\"https:\/\/naturalpoland.com\/wp-content\/uploads\/2011\/07\/Fotolia_84309657_Subscription_Monthly_M_shadow.jpg\" class=\"bg attachment-large size-large\" alt=\"Global Spread NATURAL POLAND\" \/>                        <div class=\"overlay\"><\/div>            \n                    <\/div>\n\t\t\n        <div class=\"banner-layers container\">\n            <div class=\"fill banner-link\"><\/div>            \n\n   <div id=\"text-box-129580692\" class=\"text-box banner-layer x50 md-x50 lg-x50 y50 md-y50 lg-y50 res-text\">\n                                <div class=\"text-box-content text dark\">\n              \n              <div class=\"text-inner text-center\">\n                  \n\n<h1 class=\"uppercase\">\u00dcRET\u0130C\u0130LER VE TEDAR\u0130K\u00c7\u0130LER \u0130\u00c7\u0130N<\/h1>\n\n              <\/div>\n           <\/div>\n                            \n<style>\n#text-box-129580692 {\n  width: 89%;\n}\n#text-box-129580692 .text-box-content {\n  font-size: 100%;\n}\n<\/style>\n    <\/div>\n \n\n        <\/div>\n      <\/div>\n\n            \n<style>\n#banner-956413898 {\n  padding-top: 350px;\n}\n#banner-956413898 .overlay {\n  background-color: rgba(0, 0, 0, 0.5);\n}\n#banner-956413898 .banner-bg img {\n  object-position: 77% 24%;\n}\n<\/style>\n  <\/div>\n\n\n\n\t<section class=\"section\" id=\"section_394721601\">\n\t\t<div class=\"section-bg fill\" >\n\t\t\t\t\t\t\t\t\t\n\t\t\t\n\n\t\t<\/div>\n\n\t\t\n\n\t\t<div class=\"section-content relative\">\n\t\t\t\n\n\t<div id=\"gap-1563955344\" class=\"gap-element clearfix\" style=\"display:block; height:auto;\">\n\t\t\n<style>\n#gap-1563955344 {\n  padding-top: 40px;\n}\n<\/style>\n\t<\/div>\n\t\n\n<div class=\"row\"  id=\"row-1905064523\">\n\n\n\t<div id=\"col-1981219470\" class=\"col medium-8 small-12 large-8\"  >\n\t\t\t\t<div class=\"col-inner\"  >\n\t\t\t\n\t\t\t\n\n<p><span style=\"font-size:150%\"><strong>Natural Poland markas\u0131, g\u0131da, kozmetik ve farmas\u00f6tik hammaddelerin g\u00fcvenilir ve sayg\u0131n bir tedarik\u00e7isi olarak d\u00fcnya genelinde tan\u0131nmaktad\u0131r. Geni\u015f bir sabit m\u00fc\u015fteri portf\u00f6y\u00fcne sahibiz ve s\u00fcrekli olarak yeni i\u015f ortaklar\u0131 kazanmaktay\u0131z. <\/strong><\/span><\/p>\n<p style=\"font-size:120%\">M\u00fc\u015fterilerimiz; a\u011f\u0131rl\u0131kl\u0131 olarak Asya ve Avrupa \u00fclkelerinden g\u0131da, kozmetik ve takviye edici g\u0131da \u00fcreticileridir. K\u00fclt\u00fcrel ve dilsel engeller bizim i\u00e7in bir s\u0131n\u0131rlama olu\u015fturmamaktad\u0131r; bu sayede d\u00fcnyan\u0131n en zorlu pazarlar\u0131nda dahi faaliyet g\u00f6steren firmalarla i\u015f birli\u011fi konusunda deneyim sahibiyiz. <\/p>\n<p style=\"font-size:120%\">Y\u0131llar i\u00e7inde in\u015fa etti\u011fimiz lider konumumuz sayesinde, bug\u00fcn d\u00fcnyan\u0131n d\u00f6rt bir yan\u0131ndaki \u015firketler, nadir bulunanlar da d\u00e2hil olmak \u00fczere \u00e7e\u015fitli hammaddelerin ve \u00fcr\u00fcnlerin tedariki i\u00e7in bize ba\u015fvurmaktad\u0131r.<\/p>\n\n\t\t<\/div>\n\t\t\t\t\t<\/div>\n\n\t\n\n\t<div id=\"col-699920616\" class=\"col medium-4 small-12 large-4\"  >\n\t\t\t\t<div class=\"col-inner\"  >\n\t\t\t\n\t\t\t\n\n\t<div class=\"img has-hover x md-x lg-x y md-y lg-y\" id=\"image_1233046904\">\n\t\t\t\t\t\t\t\t<div class=\"img-inner dark\" >\n\t\t\t<img decoding=\"async\" width=\"627\" height=\"1024\" src=\"https:\/\/naturalpoland.com\/wp-content\/uploads\/wspolpraca-natural-poland-627x1024.jpg\" class=\"attachment-large size-large\" alt=\"\" srcset=\"https:\/\/naturalpoland.com\/wp-content\/uploads\/wspolpraca-natural-poland-627x1024.jpg 627w, https:\/\/naturalpoland.com\/wp-content\/uploads\/wspolpraca-natural-poland-510x833.jpg 510w, https:\/\/naturalpoland.com\/wp-content\/uploads\/wspolpraca-natural-poland-184x300.jpg 184w, https:\/\/naturalpoland.com\/wp-content\/uploads\/wspolpraca-natural-poland.jpg 700w\" sizes=\"(max-width: 627px) 100vw, 627px\" \/>\t\t\t\t\t\t\n\t\t\t\t\t<\/div>\n\t\t\t\t\t\t\t\t\n<style>\n#image_1233046904 {\n  width: 100%;\n}\n<\/style>\n\t<\/div>\n\t\n\n\n\t\t<\/div>\n\t\t\t\t\t<\/div>\n\n\t\n\n<\/div>\n<div class=\"container section-title-container\" ><h3 class=\"section-title section-title-normal\"><b aria-hidden=\"true\"><\/b><span class=\"section-title-main\" >Hammadde \u00fcreticileri ve tedarik\u00e7ileriyle i\u015f birli\u011fi yapmaya a\u00e7\u0131\u011f\u0131z<\/span><b aria-hidden=\"true\"><\/b><\/h3><\/div>\n\n  <div class=\"banner-grid-wrapper\">\n  <div id=\"banner-grid-1568191524\" class=\"banner-grid row row-grid row-small\" data-packery-options=\"\">\n                      \n\n<div class=\"col grid-col large-6 grid-col-1\" ><div class=\"col-inner\">\n\n\n  <div class=\"banner has-hover\" id=\"banner-1940613172\">\n          <div class=\"banner-inner fill\">\n        <div class=\"banner-bg fill\" >\n                                    <div class=\"overlay\"><\/div>            \n                    <\/div>\n\t\t\n        <div class=\"banner-layers container\">\n            <div class=\"fill banner-link\"><\/div>            \n\n   <div id=\"text-box-588600621\" class=\"text-box banner-layer x50 md-x50 lg-x50 y50 md-y50 lg-y50 res-text\">\n                                <div class=\"text-box-content text dark\">\n              \n              <div class=\"text-inner text-center\">\n                  \n\n\n\n<div class=\"pipedriveWebForms\" data-pd-webforms=\"https:\/\/webforms.pipedrive.com\/f\/6b78czoqerkrZrUXD7Jm3MSuRRCZxWgc9kF2kmxcifKkAPR42XOaUEyW0g42RVdicX\"><script src=\"https:\/\/webforms.pipedrive.com\/f\/loader\"><\/script><\/div>\n\n\n              <\/div>\n           <\/div>\n                            \n<style>\n#text-box-588600621 {\n  width: 88%;\n}\n#text-box-588600621 .text-box-content {\n  font-size: 100%;\n}\n<\/style>\n    <\/div>\n \n\n        <\/div>\n      <\/div>\n\n            \n<style>\n#banner-1940613172 {\n  padding-top: 700px;\n  background-color: rgb(255,255,255);\n}\n#banner-1940613172 .overlay {\n  background-color: rgba(0, 0, 0, 0.17);\n}\n<\/style>\n  <\/div>\n\n\n\n<\/div><\/div>\n<div class=\"col grid-col large-6 grid-col-1\" ><div class=\"col-inner\">\n\n\n  <div class=\"banner has-hover\" id=\"banner-917529826\">\n          <div class=\"banner-inner fill\">\n        <div class=\"banner-bg fill\" >\n                                    <div class=\"overlay\"><\/div>            \n                    <\/div>\n\t\t\n        <div class=\"banner-layers container\">\n            <div class=\"fill banner-link\"><\/div>            \n\n   <div id=\"text-box-1220612206\" class=\"text-box banner-layer x5 md-x5 lg-x5 y50 md-y50 lg-y50 res-text\">\n                                <div class=\"text-box-content text \">\n              \n              <div class=\"text-inner text-left\">\n                  \n\n\t<div id=\"text-3181258663\" class=\"text\">\n\t\t\n\n<ul>\n<li><strong>Ekibimiz; biyoteknoloji, eczac\u0131l\u0131k, kozmetik alanlar\u0131nda e\u011fitim alm\u0131\u015f uzmanlar ile g\u0131da teknolojistlerinden olu\u015fmaktad\u0131r<\/strong>. Bir\u00e7ok durumda m\u00fc\u015fterilerimize, form\u00fclasyonlar\u0131 i\u00e7in en uygun bile\u015fenler konusunda profesyonel dan\u0131\u015fmanl\u0131k sunabilmekteyiz. <\/li>\n<li>Polonya\u2019da bulunan <strong>kendi depomuz<\/strong> sayesinde, tek seferde daha b\u00fcy\u00fck miktarlarda hammadde sipari\u015fi verebilme imk\u00e2n\u0131na sahibiz.<\/li>\n<li>Kara yolu, hava yolu ve deniz yolu ta\u015f\u0131mac\u0131l\u0131\u011f\u0131 hizmetleri sunan <strong>\u00e7e\u015fitli lojistik firmalar\u0131yla<\/strong> \u00e7al\u0131\u015fma konusunda geni\u015f bir deneyime sahibiz.<\/li>\n<li>Ayr\u0131ca, hammaddelerin farkl\u0131 \u00fclkelere teslimat\u0131nda ge\u00e7erli olan <strong>hukuki, g\u00fcmr\u00fck ve vergi gereklilikleri<\/strong> konusunda hukuk dan\u0131\u015fmanlar\u0131m\u0131zdan destek almaktay\u0131z.<\/li>\n<li>Sundu\u011fumuz \u00fcr\u00fcnlerin tan\u0131t\u0131m\u0131na aktif olarak yat\u0131r\u0131m yap\u0131yoruz. <strong>K\u00fcresel \u00f6l\u00e7ekte pazarlama faaliyetleri<\/strong> y\u00fcr\u00fctmek i\u00e7in gerekli bilgi birikimine, ara\u00e7lara ve b\u00fct\u00e7eye sahibiz. Yerel ve uluslararas\u0131 fuar ve ticaret etkinliklerinde d\u00fczenli olarak yer almaktay\u0131z. M\u00fcnhas\u0131rl\u0131k anla\u015fmalar\u0131 kapsam\u0131nda ise, se\u00e7ili \u00fcr\u00fcn gruplar\u0131 i\u00e7in \u00f6zel pazarlama materyalleri ve reklam kampanyalar\u0131 haz\u0131rlamaktay\u0131z.   <\/li>\n<\/ul>\n\t\t\n<style>\n#text-3181258663 {\n  font-size: 1rem;\n  line-height: 1.4;\n  color: rgb(255, 255, 255);\n}\n#text-3181258663 > * {\n  color: rgb(255, 255, 255);\n}\n<\/style>\n\t<\/div>\n\t\n\n              <\/div>\n           <\/div>\n                            \n<style>\n#text-box-1220612206 {\n  width: 60%;\n}\n#text-box-1220612206 .text-box-content {\n  font-size: 100%;\n}\n@media (min-width:550px) {\n  #text-box-1220612206 {\n    width: 93%;\n  }\n}\n<\/style>\n    <\/div>\n \n\n        <\/div>\n      <\/div>\n\n            \n<style>\n#banner-917529826 {\n  padding-top: 500px;\n  background-color: #204a4f;\n}\n#banner-917529826 .overlay {\n  background-color: rgba(190, 190, 190, 0.2);\n}\n<\/style>\n  <\/div>\n\n\n\n<\/div><\/div>\n\n            <\/div>\n    <style>\n    #banner-grid-1568191524 .grid-col-1{height: 842px}\n    #banner-grid-1568191524 .grid-col-1-2{height: 421px}\n    #banner-grid-1568191524 .grid-col-1-3{height:280.66666666667px}\n    #banner-grid-1568191524 .grid-col-2-3{height: 561.33333333333px}\n    #banner-grid-1568191524 .grid-col-1-4{height: 210.5px}\n    #banner-grid-1568191524 .grid-col-3-4{height: 631.5px}\n\n\n    \n    \n\n  <\/style>\n    <\/div>\n  \n\n\t\t<\/div>\n\n\t\t\n<style>\n#section_394721601 {\n  padding-top: 30px;\n  padding-bottom: 30px;\n}\n<\/style>\n\t<\/section>\n\t\n\n","protected":false},"excerpt":{"rendered":"","protected":false},"author":1,"featured_media":0,"parent":0,"menu_order":0,"comment_status":"closed","ping_status":"closed","template":"page-blank.php","meta":{"_acf_changed":false,"footnotes":""},"class_list":["post-44769","page","type-page","status-publish","hentry"],"acf":[],"yoast_head":"<!-- This site is optimized with the Yoast SEO plugin v27.5 - https:\/\/yoast.com\/product\/yoast-seo-wordpress\/ -->\n<title>\u00dcreticiler ve Tedarik\u00e7iler \u0130\u00e7in - NATURAL POLAND - Hurtowy Dystrybutor Surowc\u00f3w<\/title>\n<meta name=\"robots\" content=\"index, follow, max-snippet:-1, max-image-preview:large, max-video-preview:-1\" \/>\n<link rel=\"canonical\" href=\"https:\/\/naturalpoland.com\/tr\/ureticiler-ve-tedarikciler-icin\/\" \/>\n<meta property=\"og:locale\" content=\"tr_TR\" \/>\n<meta property=\"og:type\" content=\"article\" \/>\n<meta property=\"og:title\" content=\"\u00dcreticiler ve Tedarik\u00e7iler \u0130\u00e7in - NATURAL POLAND - Hurtowy Dystrybutor Surowc\u00f3w\" \/>\n<meta property=\"og:url\" content=\"https:\/\/naturalpoland.com\/tr\/ureticiler-ve-tedarikciler-icin\/\" \/>\n<meta property=\"og:site_name\" content=\"NATURAL POLAND - Hurtowy Dystrybutor Surowc\u00f3w\" \/>\n<meta property=\"article:publisher\" content=\"https:\/\/www.facebook.com\/naturalpoland.b2b\" \/>\n<meta property=\"article:modified_time\" content=\"2025-12-23T12:39:13+00:00\" \/>\n<meta property=\"og:image\" content=\"https:\/\/naturalpoland.com\/wp-content\/uploads\/2021\/05\/natural-poland-icon.png\" \/>\n\t<meta property=\"og:image:width\" content=\"512\" \/>\n\t<meta property=\"og:image:height\" content=\"512\" \/>\n\t<meta property=\"og:image:type\" content=\"image\/png\" \/>\n<script type=\"application\/ld+json\" class=\"yoast-schema-graph\">{\"@context\":\"https:\\\/\\\/schema.org\",\"@graph\":[{\"@type\":\"WebPage\",\"@id\":\"https:\\\/\\\/naturalpoland.com\\\/tr\\\/ureticiler-ve-tedarikciler-icin\\\/\",\"url\":\"https:\\\/\\\/naturalpoland.com\\\/tr\\\/ureticiler-ve-tedarikciler-icin\\\/\",\"name\":\"\u00dcreticiler ve Tedarik\u00e7iler \u0130\u00e7in - NATURAL POLAND - Hurtowy Dystrybutor Surowc\u00f3w\",\"isPartOf\":{\"@id\":\"https:\\\/\\\/naturalpoland.com\\\/tr\\\/#website\"},\"datePublished\":\"2025-12-23T12:05:08+00:00\",\"dateModified\":\"2025-12-23T12:39:13+00:00\",\"breadcrumb\":{\"@id\":\"https:\\\/\\\/naturalpoland.com\\\/tr\\\/ureticiler-ve-tedarikciler-icin\\\/#breadcrumb\"},\"inLanguage\":\"tr\",\"potentialAction\":[{\"@type\":\"ReadAction\",\"target\":[\"https:\\\/\\\/naturalpoland.com\\\/tr\\\/ureticiler-ve-tedarikciler-icin\\\/\"]}]},{\"@type\":\"BreadcrumbList\",\"@id\":\"https:\\\/\\\/naturalpoland.com\\\/tr\\\/ureticiler-ve-tedarikciler-icin\\\/#breadcrumb\",\"itemListElement\":[{\"@type\":\"ListItem\",\"position\":1,\"name\":\"Ana Sayfa\",\"item\":\"https:\\\/\\\/naturalpoland.com\\\/tr\\\/\"},{\"@type\":\"ListItem\",\"position\":2,\"name\":\"\u00dcreticiler ve Tedarik\u00e7iler \u0130\u00e7in\"}]},{\"@type\":\"WebSite\",\"@id\":\"https:\\\/\\\/naturalpoland.com\\\/tr\\\/#website\",\"url\":\"https:\\\/\\\/naturalpoland.com\\\/tr\\\/\",\"name\":\"NATURAL POLAND - Hurtowy Dystrybutor Surowc\u00f3w\",\"description\":\"Surowce dla przemys\u0142u spo\u017cywczego, kosmetycznego i farmaceutycznego\",\"publisher\":{\"@id\":\"https:\\\/\\\/naturalpoland.com\\\/tr\\\/#organization\"},\"potentialAction\":[{\"@type\":\"SearchAction\",\"target\":{\"@type\":\"EntryPoint\",\"urlTemplate\":\"https:\\\/\\\/naturalpoland.com\\\/tr\\\/?s={search_term_string}\"},\"query-input\":{\"@type\":\"PropertyValueSpecification\",\"valueRequired\":true,\"valueName\":\"search_term_string\"}}],\"inLanguage\":\"tr\"},{\"@type\":\"Organization\",\"@id\":\"https:\\\/\\\/naturalpoland.com\\\/tr\\\/#organization\",\"name\":\"Natural Poland\",\"url\":\"https:\\\/\\\/naturalpoland.com\\\/tr\\\/\",\"logo\":{\"@type\":\"ImageObject\",\"inLanguage\":\"tr\",\"@id\":\"https:\\\/\\\/naturalpoland.com\\\/tr\\\/#\\\/schema\\\/logo\\\/image\\\/\",\"url\":\"https:\\\/\\\/naturalpoland.com\\\/wp-content\\\/uploads\\\/2021\\\/05\\\/natural-poland-icon.png\",\"contentUrl\":\"https:\\\/\\\/naturalpoland.com\\\/wp-content\\\/uploads\\\/2021\\\/05\\\/natural-poland-icon.png\",\"width\":512,\"height\":512,\"caption\":\"Natural Poland\"},\"image\":{\"@id\":\"https:\\\/\\\/naturalpoland.com\\\/tr\\\/#\\\/schema\\\/logo\\\/image\\\/\"},\"sameAs\":[\"https:\\\/\\\/www.facebook.com\\\/naturalpoland.b2b\",\"https:\\\/\\\/pl.linkedin.com\\\/company\\\/natural-poland\",\"https:\\\/\\\/www.youtube.com\\\/channel\\\/UCgeGGkvOMahZo-xu_MSEWxg\"]}]}<\/script>\n<!-- \/ Yoast SEO plugin. -->","yoast_head_json":{"title":"\u00dcreticiler ve Tedarik\u00e7iler \u0130\u00e7in - NATURAL POLAND - Hurtowy Dystrybutor Surowc\u00f3w","robots":{"index":"index","follow":"follow","max-snippet":"max-snippet:-1","max-image-preview":"max-image-preview:large","max-video-preview":"max-video-preview:-1"},"canonical":"https:\/\/naturalpoland.com\/tr\/ureticiler-ve-tedarikciler-icin\/","og_locale":"tr_TR","og_type":"article","og_title":"\u00dcreticiler ve Tedarik\u00e7iler \u0130\u00e7in - NATURAL POLAND - Hurtowy Dystrybutor Surowc\u00f3w","og_url":"https:\/\/naturalpoland.com\/tr\/ureticiler-ve-tedarikciler-icin\/","og_site_name":"NATURAL POLAND - Hurtowy Dystrybutor Surowc\u00f3w","article_publisher":"https:\/\/www.facebook.com\/naturalpoland.b2b","article_modified_time":"2025-12-23T12:39:13+00:00","og_image":[{"width":512,"height":512,"url":"https:\/\/naturalpoland.com\/wp-content\/uploads\/2021\/05\/natural-poland-icon.png","type":"image\/png"}],"schema":{"@context":"https:\/\/schema.org","@graph":[{"@type":"WebPage","@id":"https:\/\/naturalpoland.com\/tr\/ureticiler-ve-tedarikciler-icin\/","url":"https:\/\/naturalpoland.com\/tr\/ureticiler-ve-tedarikciler-icin\/","name":"\u00dcreticiler ve Tedarik\u00e7iler \u0130\u00e7in - NATURAL POLAND - Hurtowy Dystrybutor Surowc\u00f3w","isPartOf":{"@id":"https:\/\/naturalpoland.com\/tr\/#website"},"datePublished":"2025-12-23T12:05:08+00:00","dateModified":"2025-12-23T12:39:13+00:00","breadcrumb":{"@id":"https:\/\/naturalpoland.com\/tr\/ureticiler-ve-tedarikciler-icin\/#breadcrumb"},"inLanguage":"tr","potentialAction":[{"@type":"ReadAction","target":["https:\/\/naturalpoland.com\/tr\/ureticiler-ve-tedarikciler-icin\/"]}]},{"@type":"BreadcrumbList","@id":"https:\/\/naturalpoland.com\/tr\/ureticiler-ve-tedarikciler-icin\/#breadcrumb","itemListElement":[{"@type":"ListItem","position":1,"name":"Ana Sayfa","item":"https:\/\/naturalpoland.com\/tr\/"},{"@type":"ListItem","position":2,"name":"\u00dcreticiler ve Tedarik\u00e7iler \u0130\u00e7in"}]},{"@type":"WebSite","@id":"https:\/\/naturalpoland.com\/tr\/#website","url":"https:\/\/naturalpoland.com\/tr\/","name":"NATURAL POLAND - Hurtowy Dystrybutor Surowc\u00f3w","description":"Surowce dla przemys\u0142u spo\u017cywczego, kosmetycznego i farmaceutycznego","publisher":{"@id":"https:\/\/naturalpoland.com\/tr\/#organization"},"potentialAction":[{"@type":"SearchAction","target":{"@type":"EntryPoint","urlTemplate":"https:\/\/naturalpoland.com\/tr\/?s={search_term_string}"},"query-input":{"@type":"PropertyValueSpecification","valueRequired":true,"valueName":"search_term_string"}}],"inLanguage":"tr"},{"@type":"Organization","@id":"https:\/\/naturalpoland.com\/tr\/#organization","name":"Natural Poland","url":"https:\/\/naturalpoland.com\/tr\/","logo":{"@type":"ImageObject","inLanguage":"tr","@id":"https:\/\/naturalpoland.com\/tr\/#\/schema\/logo\/image\/","url":"https:\/\/naturalpoland.com\/wp-content\/uploads\/2021\/05\/natural-poland-icon.png","contentUrl":"https:\/\/naturalpoland.com\/wp-content\/uploads\/2021\/05\/natural-poland-icon.png","width":512,"height":512,"caption":"Natural Poland"},"image":{"@id":"https:\/\/naturalpoland.com\/tr\/#\/schema\/logo\/image\/"},"sameAs":["https:\/\/www.facebook.com\/naturalpoland.b2b","https:\/\/pl.linkedin.com\/company\/natural-poland","https:\/\/www.youtube.com\/channel\/UCgeGGkvOMahZo-xu_MSEWxg"]}]}},"_links":{"self":[{"href":"https:\/\/naturalpoland.com\/tr\/wp-json\/wp\/v2\/pages\/44769","targetHints":{"allow":["GET"]}}],"collection":[{"href":"https:\/\/naturalpoland.com\/tr\/wp-json\/wp\/v2\/pages"}],"about":[{"href":"https:\/\/naturalpoland.com\/tr\/wp-json\/wp\/v2\/types\/page"}],"author":[{"embeddable":true,"href":"https:\/\/naturalpoland.com\/tr\/wp-json\/wp\/v2\/users\/1"}],"replies":[{"embeddable":true,"href":"https:\/\/naturalpoland.com\/tr\/wp-json\/wp\/v2\/comments?post=44769"}],"version-history":[{"count":3,"href":"https:\/\/naturalpoland.com\/tr\/wp-json\/wp\/v2\/pages\/44769\/revisions"}],"predecessor-version":[{"id":44777,"href":"https:\/\/naturalpoland.com\/tr\/wp-json\/wp\/v2\/pages\/44769\/revisions\/44777"}],"wp:attachment":[{"href":"https:\/\/naturalpoland.com\/tr\/wp-json\/wp\/v2\/media?parent=44769"}],"curies":[{"name":"wp","href":"https:\/\/api.w.org\/{rel}","templated":true}]}}