{"id":45243,"date":"2026-01-20T14:34:36","date_gmt":"2026-01-20T13:34:36","guid":{"rendered":"https:\/\/naturalpoland.com\/gizlilik-politikasi\/"},"modified":"2026-01-20T14:34:39","modified_gmt":"2026-01-20T13:34:39","slug":"gizlilik-politikasi","status":"publish","type":"page","link":"https:\/\/naturalpoland.com\/tr\/gizlilik-politikasi\/","title":{"rendered":"Gizlilik Politikas\u0131"},"content":{"rendered":"\n<h3 style=\"text-align: center;\">\u00a71 GENEL H\u00dcK\u00dcMLER<\/h3>\n<ol>\n<li>Bu gizlilik politikas\u0131, Var\u015fova&#8217;da bulunan STRZELCZYK Sp. z o.o. (\u00f6nceden: &#8220;BRACIA STRZELCZYK&#8221; WITOLD STRZELCZYK), ul. Marsza\u0142kowska 58\/11 ve 12, 00-545 Var\u015fova, NIP: 7011162661, KRS: 0001055409, bundan b\u00f6yle &#8220;Y\u00d6NET\u0130C\u0130&#8221; olarak an\u0131lacak olan \u015firket taraf\u0131ndan i\u015fletilen naturalpoland.com web sitesindeki (bundan b\u00f6yle &#8220;WEB S\u0130TES\u0130&#8221; olarak an\u0131lacakt\u0131r) ki\u015fisel verilerin i\u015flenmesinin t\u00fcm y\u00f6nlerini kapsamaktad\u0131r.   <\/li>\n<li>VER\u0130 SORUMLUSU ile ileti\u015fim \u015fu e-posta adresi \u00fczerinden sa\u011flanmaktad\u0131r: <a href=\"mailto:kontakt@naturalpoland.com\">kontakt@naturalpoland.com<\/a>.<\/li>\n<li>\u0130NTERNET S\u0130TES\u0130 Kullan\u0131c\u0131lar\u0131n\u0131n ki\u015fisel verileri, 27 Nisan 2016 tarihli ve ki\u015fisel verilerin i\u015flenmesi bak\u0131m\u0131ndan ger\u00e7ek ki\u015filerin korunmas\u0131<br>ve bu t\u00fcr verilerin serbest dola\u015f\u0131m\u0131 hakk\u0131nda ve 95\/46\/EC say\u0131l\u0131 Direktifin y\u00fcr\u00fcrl\u00fckten kald\u0131r\u0131lmas\u0131na dair<br>Avrupa Parlamentosu ve Konseyi (AB) 2016\/679 say\u0131l\u0131 T\u00fcz\u00fc\u011fe (Genel Veri Koruma T\u00fcz\u00fc\u011f\u00fc, GDPR; AB Resmi Gazetesi L. 2016 say\u0131 119, sayfa 1 ve sonraki de\u011fi\u015fiklikler) uygun olarak i\u015flenmektedir. <\/li>\n<\/ol>\n<p> <\/p>\n<p> <\/p>\n<h3 style=\"text-align: center;\">\u00a72 K\u0130\u015e\u0130SEL VER\u0130LER<\/h3>\n<ol>\n<li>\u0130NTERNET S\u0130TES\u0130 Kullan\u0131c\u0131lar\u0131n\u0131n ki\u015fisel verileri a\u015fa\u011f\u0131daki ama\u00e7larla i\u015flenmektedir:\n<ul>\n<li>&#8220;cookies&#8221; dosyalar\u0131n\u0131n i\u015flenmesi, yani Kullan\u0131c\u0131n\u0131n \u0130NTERNET S\u0130TES\u0130NDE gezinme ve kullan\u0131m \u015feklinin analiz edilmesi ve sitenin Kullan\u0131c\u0131lar\u0131n ihtiya\u00e7 ve davran\u0131\u015flar\u0131na uyarlanmas\u0131 amac\u0131yla \u2013 verilerin i\u015flenmesinin hukuki dayana\u011f\u0131, GDPR&#8217;nin 6. maddesinin 1. f\u0131kras\u0131n\u0131n (f) bendine uygun olarak &#8220;cookies&#8221; Politikas\u0131nda a\u00e7\u0131klanan VER\u0130 SORUMLUSUNUN me\u015fru menfaatidir;   <\/li>\n<li>ileti\u015fim formu arac\u0131l\u0131\u011f\u0131yla veya VER\u0130 SORUMLUSUNUN e-posta adresine g\u00f6nderilen mesaja yan\u0131t verilmesi veya teklif sunulmas\u0131 \u2013 verilerin i\u015flenmesinin hukuki dayana\u011f\u0131, GDPR&#8217;nin 6. maddesinin 1. f\u0131kras\u0131n\u0131n (f) bendine uygun olarak Kullan\u0131c\u0131 ile ileti\u015fim kurma amac\u0131yla verilerinin i\u015flenmesinden olu\u015fan VER\u0130 SORUMLUSUNUN me\u015fru menfaati ve GDPR&#8217;nin 6. maddesinin 1. f\u0131kras\u0131n\u0131n (b) bendine uygun olarak s\u00f6zle\u015fme \u00f6ncesi veri sahibinin talebi \u00fczerine i\u015flem yap\u0131lmas\u0131 i\u00e7in gerekli i\u015fleme karakteridir;    <\/li>\n<li>b\u00fclten g\u00f6nderimi \u2013 verilerin i\u015flenmesinin hukuki dayana\u011f\u0131, veri sahibinin verilerinin bir veya daha fazla belirli ama\u00e7la i\u015flenmesine y\u00f6nelik r\u0131zas\u0131d\u0131r (GDPR madde 6, f\u0131kra 1, bent a).<\/li>\n<\/ul>\n<\/li>\n<li>VER\u0130 SORUMLUSU, \u0130NTERNET S\u0130TES\u0130 Kullan\u0131c\u0131lar\u0131n\u0131n verilerini y\u00fcr\u00fcrl\u00fckteki mevzuat ve bilgi g\u00fcvenli\u011fi normlar\u0131na uygun olarak korudu\u011funu (SSL protokol\u00fc kullan\u0131m\u0131 gibi) garanti etmektedir.<\/li>\n<li>\u0130NTERNET S\u0130TES\u0130 Kullan\u0131c\u0131lar\u0131n\u0131n ki\u015fisel verilerinin al\u0131c\u0131lar\u0131, VER\u0130 SORUMLUSU ile organizasyonel yap\u0131s\u0131 \u00e7er\u00e7evesinde i\u015fbirli\u011fi yapan ortaklar ve ki\u015fisel veri i\u015fleme s\u00f6zle\u015fmeleri temelinde VER\u0130 SORUMLUSU ad\u0131na veri i\u015fleyen kurulu\u015flar olabilir.<\/li>\n<li>Google Analytics, Google Ads ve Google Tag Manager gibi harici ara\u00e7lar, \u0130NTERNET S\u0130TES\u0130N\u0130N kullan\u0131m\u0131na ili\u015fkin verileri Avrupa Ekonomik Alan\u0131 d\u0131\u015f\u0131nda hizmet sa\u011flay\u0131c\u0131s\u0131 olan Google LLC&#8217;ye aktarmaktad\u0131r. Veri transferi, baz\u0131 ulusal g\u00fcvenlik programlar\u0131 kapsam\u0131nda Amerikan kamu otoritelerinin verilerinize eri\u015fim sa\u011flayabilece\u011fi Amerika Birle\u015fik Devletleri&#8217;ne yap\u0131lmaktad\u0131r.  <\/li>\n<li>Ki\u015fisel veriler a\u015fa\u011f\u0131daki s\u00fcre boyunca saklanacakt\u0131r:\n<ul>\n<li>&#8220;cookies&#8221; dosyalar\u0131n\u0131n i\u015flenmesi amac\u0131yla i\u015flenen veriler &#8211; analitik ama\u00e7larla kullan\u0131lan &#8220;cookies&#8221; dosyalar\u0131n\u0131n ge\u00e7erlilik s\u00fcresinin dolmas\u0131 veya Kullan\u0131c\u0131 taraf\u0131ndan silinmesi an\u0131na kadar,<\/li>\n<li>yan\u0131t verme veya teklif sunma amac\u0131yla i\u015flenen veriler \u2013 r\u0131zan\u0131n geri \u00e7ekilmesi veya taleplerin zamana\u015f\u0131m\u0131na u\u011framas\u0131 an\u0131na kadar,<\/li>\n<li>b\u00fclten g\u00f6nderimi amac\u0131yla i\u015flenen veriler \u2013 r\u0131zan\u0131n geri \u00e7ekilmesi an\u0131na kadar.<\/li>\n<\/ul>\n<\/li>\n<li>Sizin (i\u015fleme temelinin sakl\u0131 tutulmas\u0131 kayd\u0131yla) sahip oldu\u011funuz haklar:\n<ul>\n<li>ki\u015fisel verilerinize eri\u015fim ve bunlar\u0131n kopyas\u0131n\u0131 alma hakk\u0131,<\/li>\n<li>verilerinizi d\u00fczeltme (iyile\u015ftirme) hakk\u0131,<\/li>\n<li>verilerin silinmesini veya i\u015flenmesinin k\u0131s\u0131tlanmas\u0131n\u0131 talep etme hakk\u0131,<\/li>\n<li>veri i\u015flemeye itiraz etme hakk\u0131,<\/li>\n<li>veri ta\u015f\u0131nabilirli\u011fi hakk\u0131,<\/li>\n<li>ki\u015fisel verilerinizin i\u015flenmesinin GDPR h\u00fck\u00fcmlerini ihlal etti\u011fini d\u00fc\u015f\u00fcnmeniz durumunda denetim organ\u0131 olan Ki\u015fisel Verileri Koruma Kurumu Ba\u015fkan\u0131na \u015fikayette bulunma hakk\u0131, <\/li>\n<li>r\u0131zay\u0131 herhangi bir zamanda geri \u00e7ekme hakk\u0131, bu durum r\u0131zan\u0131n geri \u00e7ekilmesinden \u00f6nce r\u0131za temelinde yap\u0131lan i\u015flemenin hukuka uygunlu\u011funu etkilemez; r\u0131zan\u0131n geri \u00e7ekilmesi \u015fu e-posta adresine mesaj g\u00f6nderilerek yap\u0131labilir: <a href=\"mailto:kontakt@naturalpoland.pl\">kontakt@naturalpoland.pl<\/a>.<\/li>\n<\/ul>\n<\/li>\n<li>Veri sa\u011flanmamas\u0131n\u0131n sonu\u00e7lar\u0131 \u015fu \u015fekildedir:\n<ul>\n<li>&#8220;cookies&#8221; dosyalar\u0131n\u0131n i\u015flenmesi amac\u0131yla i\u015flenen veriler s\u00f6z konusu oldu\u011funda &#8211; \u0130NTERNET S\u0130TES\u0130N\u0130N kullan\u0131m\u0131na ili\u015fkin tercihlerin dikkate al\u0131namamas\u0131<\/li>\n<li>yan\u0131t verme veya teklif sunma amac\u0131yla i\u015flenen veriler s\u00f6z konusu oldu\u011funda \u2013 g\u00f6nderilen sorguya yan\u0131t verilememesi,<\/li>\n<li>b\u00fclten g\u00f6nderimi amac\u0131yla i\u015flenen veriler s\u00f6z konusu oldu\u011funda &#8211; b\u00fclten g\u00f6nderilememesi.<\/li>\n<\/ul>\n<\/li>\n<\/ol>\n<h3 style=\"text-align: center;\">\u00a73 COOKIES POL\u0130T\u0130KASI<\/h3>\n<ol>\n<li>&#8220;Cookies&#8221; dosyalar\u0131, Kullan\u0131c\u0131n\u0131n \u0130NTERNET S\u0130TES\u0130N\u0130 kullan\u0131rken kulland\u0131\u011f\u0131 cihaza www sunucusu taraf\u0131ndan<br>g\u00f6nderilen metin bilgilerini olu\u015fturmaktad\u0131r.<\/li>\n<li>&#8220;Cookies&#8221; dosyalar\u0131 VER\u0130 SORUMLUSUNA \u0130NTERNET S\u0130TES\u0130N\u0130N d\u00fczg\u00fcn \u00e7al\u0131\u015fmas\u0131n\u0131 sa\u011flama, g\u00fcvenlik sa\u011flama,<br>\u0130NTERNET S\u0130TES\u0130 i\u00e7eri\u011fini Kullan\u0131c\u0131 tercihlerine uyarlama (\u00f6rn. dil versiyonu se\u00e7imi), istatistik olu\u015fturma ve<br>Kullan\u0131c\u0131lara ilgi alanlar\u0131na daha uygun reklam i\u00e7erikleri sunma amac\u0131yla hizmet etmektedir. <\/li>\n<li>\u0130NTERNET S\u0130TES\u0130 Kullan\u0131c\u0131lar\u0131 &#8220;cookies&#8221; dosyalar\u0131na ili\u015fkin ayarlar\u0131 her zaman de\u011fi\u015ftirebilirler.<\/li>\n<li>Cookies dosyalar\u0131n\u0131n i\u015flenmesinin olanaklar\u0131na ve y\u00f6ntemlerine ili\u015fkin ayr\u0131nt\u0131l\u0131 bilgiler internet taray\u0131c\u0131s\u0131n\u0131n<br>ayarlar\u0131nda mevcuttur.<\/li>\n<li>Ayr\u0131ca \u0130NTERNET S\u0130TES\u0130 Kullan\u0131c\u0131s\u0131 &#8220;cookies&#8221; dosyalar\u0131 Ayarlar\u0131nda www sunucusu taraf\u0131ndan &#8220;cookies&#8221;<br>dosyalar\u0131n\u0131n kaydedilme kapsam\u0131n\u0131 ayarlayabilir, ancak bunlar\u0131n kullan\u0131m\u0131ndaki k\u0131s\u0131tlamalar \u0130NTERNET S\u0130TES\u0130<br>internet sayfalar\u0131nda mevcut baz\u0131 fonksiyonlar\u0131 olumsuz etkileyebilir.<\/li>\n<li>\u0130NTERNET S\u0130TES\u0130N\u0130 kullanarak bu gizlilik politikas\u0131na uygun olarak &#8220;cookies&#8221; dosyalar\u0131n\u0131n kullan\u0131lmas\u0131na<br>r\u0131za g\u00f6stermi\u015f olursunuz.<\/li>\n<\/ol>\n<p> <\/p>\n\n\n","protected":false},"excerpt":{"rendered":"","protected":false},"author":1,"featured_media":0,"parent":0,"menu_order":0,"comment_status":"closed","ping_status":"closed","template":"","meta":{"_acf_changed":false,"footnotes":""},"class_list":["post-45243","page","type-page","status-publish","hentry"],"acf":[],"yoast_head":"<!-- This site is optimized with the Yoast SEO plugin v27.4 - https:\/\/yoast.com\/product\/yoast-seo-wordpress\/ -->\n<title>Gizlilik Politikas\u0131 - NATURAL POLAND - Hurtowy Dystrybutor Surowc\u00f3w<\/title>\n<meta name=\"robots\" content=\"index, follow, max-snippet:-1, max-image-preview:large, max-video-preview:-1\" \/>\n<link rel=\"canonical\" href=\"https:\/\/naturalpoland.com\/tr\/gizlilik-politikasi\/\" \/>\n<meta property=\"og:locale\" content=\"tr_TR\" \/>\n<meta property=\"og:type\" content=\"article\" \/>\n<meta property=\"og:title\" content=\"Gizlilik Politikas\u0131 - NATURAL POLAND - Hurtowy Dystrybutor Surowc\u00f3w\" \/>\n<meta property=\"og:url\" content=\"https:\/\/naturalpoland.com\/tr\/gizlilik-politikasi\/\" \/>\n<meta property=\"og:site_name\" content=\"NATURAL POLAND - Hurtowy Dystrybutor Surowc\u00f3w\" \/>\n<meta property=\"article:publisher\" content=\"https:\/\/www.facebook.com\/naturalpoland.b2b\" \/>\n<meta property=\"article:modified_time\" content=\"2026-01-20T13:34:39+00:00\" \/>\n<meta property=\"og:image\" content=\"https:\/\/naturalpoland.com\/wp-content\/uploads\/2021\/05\/natural-poland-icon.png\" \/>\n\t<meta property=\"og:image:width\" content=\"512\" \/>\n\t<meta property=\"og:image:height\" content=\"512\" \/>\n\t<meta property=\"og:image:type\" content=\"image\/png\" \/>\n<script type=\"application\/ld+json\" class=\"yoast-schema-graph\">{\"@context\":\"https:\\\/\\\/schema.org\",\"@graph\":[{\"@type\":\"WebPage\",\"@id\":\"https:\\\/\\\/naturalpoland.com\\\/tr\\\/gizlilik-politikasi\\\/\",\"url\":\"https:\\\/\\\/naturalpoland.com\\\/tr\\\/gizlilik-politikasi\\\/\",\"name\":\"Gizlilik Politikas\u0131 - NATURAL POLAND - Hurtowy Dystrybutor Surowc\u00f3w\",\"isPartOf\":{\"@id\":\"https:\\\/\\\/naturalpoland.com\\\/tr\\\/#website\"},\"datePublished\":\"2026-01-20T13:34:36+00:00\",\"dateModified\":\"2026-01-20T13:34:39+00:00\",\"breadcrumb\":{\"@id\":\"https:\\\/\\\/naturalpoland.com\\\/tr\\\/gizlilik-politikasi\\\/#breadcrumb\"},\"inLanguage\":\"tr\",\"potentialAction\":[{\"@type\":\"ReadAction\",\"target\":[\"https:\\\/\\\/naturalpoland.com\\\/tr\\\/gizlilik-politikasi\\\/\"]}]},{\"@type\":\"BreadcrumbList\",\"@id\":\"https:\\\/\\\/naturalpoland.com\\\/tr\\\/gizlilik-politikasi\\\/#breadcrumb\",\"itemListElement\":[{\"@type\":\"ListItem\",\"position\":1,\"name\":\"Ana Sayfa\",\"item\":\"https:\\\/\\\/naturalpoland.com\\\/tr\\\/\"},{\"@type\":\"ListItem\",\"position\":2,\"name\":\"Gizlilik Politikas\u0131\"}]},{\"@type\":\"WebSite\",\"@id\":\"https:\\\/\\\/naturalpoland.com\\\/tr\\\/#website\",\"url\":\"https:\\\/\\\/naturalpoland.com\\\/tr\\\/\",\"name\":\"NATURAL POLAND - Hurtowy Dystrybutor Surowc\u00f3w\",\"description\":\"Surowce dla przemys\u0142u spo\u017cywczego, kosmetycznego i farmaceutycznego\",\"publisher\":{\"@id\":\"https:\\\/\\\/naturalpoland.com\\\/tr\\\/#organization\"},\"potentialAction\":[{\"@type\":\"SearchAction\",\"target\":{\"@type\":\"EntryPoint\",\"urlTemplate\":\"https:\\\/\\\/naturalpoland.com\\\/tr\\\/?s={search_term_string}\"},\"query-input\":{\"@type\":\"PropertyValueSpecification\",\"valueRequired\":true,\"valueName\":\"search_term_string\"}}],\"inLanguage\":\"tr\"},{\"@type\":\"Organization\",\"@id\":\"https:\\\/\\\/naturalpoland.com\\\/tr\\\/#organization\",\"name\":\"Natural Poland\",\"url\":\"https:\\\/\\\/naturalpoland.com\\\/tr\\\/\",\"logo\":{\"@type\":\"ImageObject\",\"inLanguage\":\"tr\",\"@id\":\"https:\\\/\\\/naturalpoland.com\\\/tr\\\/#\\\/schema\\\/logo\\\/image\\\/\",\"url\":\"https:\\\/\\\/naturalpoland.com\\\/wp-content\\\/uploads\\\/2021\\\/05\\\/natural-poland-icon.png\",\"contentUrl\":\"https:\\\/\\\/naturalpoland.com\\\/wp-content\\\/uploads\\\/2021\\\/05\\\/natural-poland-icon.png\",\"width\":512,\"height\":512,\"caption\":\"Natural Poland\"},\"image\":{\"@id\":\"https:\\\/\\\/naturalpoland.com\\\/tr\\\/#\\\/schema\\\/logo\\\/image\\\/\"},\"sameAs\":[\"https:\\\/\\\/www.facebook.com\\\/naturalpoland.b2b\",\"https:\\\/\\\/pl.linkedin.com\\\/company\\\/natural-poland\",\"https:\\\/\\\/www.youtube.com\\\/channel\\\/UCgeGGkvOMahZo-xu_MSEWxg\"]}]}<\/script>\n<!-- \/ Yoast SEO plugin. -->","yoast_head_json":{"title":"Gizlilik Politikas\u0131 - NATURAL POLAND - Hurtowy Dystrybutor Surowc\u00f3w","robots":{"index":"index","follow":"follow","max-snippet":"max-snippet:-1","max-image-preview":"max-image-preview:large","max-video-preview":"max-video-preview:-1"},"canonical":"https:\/\/naturalpoland.com\/tr\/gizlilik-politikasi\/","og_locale":"tr_TR","og_type":"article","og_title":"Gizlilik Politikas\u0131 - NATURAL POLAND - Hurtowy Dystrybutor Surowc\u00f3w","og_url":"https:\/\/naturalpoland.com\/tr\/gizlilik-politikasi\/","og_site_name":"NATURAL POLAND - Hurtowy Dystrybutor Surowc\u00f3w","article_publisher":"https:\/\/www.facebook.com\/naturalpoland.b2b","article_modified_time":"2026-01-20T13:34:39+00:00","og_image":[{"width":512,"height":512,"url":"https:\/\/naturalpoland.com\/wp-content\/uploads\/2021\/05\/natural-poland-icon.png","type":"image\/png"}],"schema":{"@context":"https:\/\/schema.org","@graph":[{"@type":"WebPage","@id":"https:\/\/naturalpoland.com\/tr\/gizlilik-politikasi\/","url":"https:\/\/naturalpoland.com\/tr\/gizlilik-politikasi\/","name":"Gizlilik Politikas\u0131 - NATURAL POLAND - Hurtowy Dystrybutor Surowc\u00f3w","isPartOf":{"@id":"https:\/\/naturalpoland.com\/tr\/#website"},"datePublished":"2026-01-20T13:34:36+00:00","dateModified":"2026-01-20T13:34:39+00:00","breadcrumb":{"@id":"https:\/\/naturalpoland.com\/tr\/gizlilik-politikasi\/#breadcrumb"},"inLanguage":"tr","potentialAction":[{"@type":"ReadAction","target":["https:\/\/naturalpoland.com\/tr\/gizlilik-politikasi\/"]}]},{"@type":"BreadcrumbList","@id":"https:\/\/naturalpoland.com\/tr\/gizlilik-politikasi\/#breadcrumb","itemListElement":[{"@type":"ListItem","position":1,"name":"Ana Sayfa","item":"https:\/\/naturalpoland.com\/tr\/"},{"@type":"ListItem","position":2,"name":"Gizlilik Politikas\u0131"}]},{"@type":"WebSite","@id":"https:\/\/naturalpoland.com\/tr\/#website","url":"https:\/\/naturalpoland.com\/tr\/","name":"NATURAL POLAND - Hurtowy Dystrybutor Surowc\u00f3w","description":"Surowce dla przemys\u0142u spo\u017cywczego, kosmetycznego i farmaceutycznego","publisher":{"@id":"https:\/\/naturalpoland.com\/tr\/#organization"},"potentialAction":[{"@type":"SearchAction","target":{"@type":"EntryPoint","urlTemplate":"https:\/\/naturalpoland.com\/tr\/?s={search_term_string}"},"query-input":{"@type":"PropertyValueSpecification","valueRequired":true,"valueName":"search_term_string"}}],"inLanguage":"tr"},{"@type":"Organization","@id":"https:\/\/naturalpoland.com\/tr\/#organization","name":"Natural Poland","url":"https:\/\/naturalpoland.com\/tr\/","logo":{"@type":"ImageObject","inLanguage":"tr","@id":"https:\/\/naturalpoland.com\/tr\/#\/schema\/logo\/image\/","url":"https:\/\/naturalpoland.com\/wp-content\/uploads\/2021\/05\/natural-poland-icon.png","contentUrl":"https:\/\/naturalpoland.com\/wp-content\/uploads\/2021\/05\/natural-poland-icon.png","width":512,"height":512,"caption":"Natural Poland"},"image":{"@id":"https:\/\/naturalpoland.com\/tr\/#\/schema\/logo\/image\/"},"sameAs":["https:\/\/www.facebook.com\/naturalpoland.b2b","https:\/\/pl.linkedin.com\/company\/natural-poland","https:\/\/www.youtube.com\/channel\/UCgeGGkvOMahZo-xu_MSEWxg"]}]}},"_links":{"self":[{"href":"https:\/\/naturalpoland.com\/tr\/wp-json\/wp\/v2\/pages\/45243","targetHints":{"allow":["GET"]}}],"collection":[{"href":"https:\/\/naturalpoland.com\/tr\/wp-json\/wp\/v2\/pages"}],"about":[{"href":"https:\/\/naturalpoland.com\/tr\/wp-json\/wp\/v2\/types\/page"}],"author":[{"embeddable":true,"href":"https:\/\/naturalpoland.com\/tr\/wp-json\/wp\/v2\/users\/1"}],"replies":[{"embeddable":true,"href":"https:\/\/naturalpoland.com\/tr\/wp-json\/wp\/v2\/comments?post=45243"}],"version-history":[{"count":1,"href":"https:\/\/naturalpoland.com\/tr\/wp-json\/wp\/v2\/pages\/45243\/revisions"}],"predecessor-version":[{"id":45244,"href":"https:\/\/naturalpoland.com\/tr\/wp-json\/wp\/v2\/pages\/45243\/revisions\/45244"}],"wp:attachment":[{"href":"https:\/\/naturalpoland.com\/tr\/wp-json\/wp\/v2\/media?parent=45243"}],"curies":[{"name":"wp","href":"https:\/\/api.w.org\/{rel}","templated":true}]}}