{"id":44225,"date":"2021-05-11T13:51:43","date_gmt":"2021-05-11T11:51:43","guid":{"rendered":"https:\/\/naturalpoland.com\/produkty\/kategorilenmemis\/frenk-inciri-yagi\/"},"modified":"2025-12-22T11:16:39","modified_gmt":"2025-12-22T10:16:39","slug":"frenk-inciri-yagi","status":"publish","type":"product","link":"https:\/\/naturalpoland.com\/tr\/urunler\/kozmetik-hammaddeleri\/kozmetik-yaglari\/frenk-inciri-yagi\/","title":{"rendered":"Frenk \u0130nciri Ya\u011f\u0131"},"content":{"rendered":"<p>Bu ya\u011f\u0131n elde edilmesi son derece zaman al\u0131c\u0131 ve maliyetlidir, \u00e7\u00fcnk\u00fc bir litre ya\u011f \u00fcretmek i\u00e7in neredeyse yar\u0131m ton frenk inciri tohumu gerekir. Bu oranlar, bu ya\u011f\u0131 l\u00fcks ve nadir bulunan bir \u00fcr\u00fcn haline getirir. <\/p>\n<p>Frenk inciri ya\u011f\u0131, piyasadaki t\u00fcm kozmetik ya\u011flar aras\u0131nda en y\u00fcksek <a href=\"https:\/\/naturalpoland.com\/produkty\/produkty-dla-przemyslu-farmaceutycznego-i-medycznego\/witaminy\/witamina-e\/\">E vitamini<\/a> i\u00e7eri\u011fine sahiptir (<a href=\"https:\/\/naturalpoland.com\/produkty\/produkty-dla-przemyslu-kosmetycznego\/oleje-kosmetyczne\/olej-arganowy\/\">argan ya\u011f\u0131ndan<\/a> %150 daha fazla). Ayr\u0131ca, frenk inciri \u00e7ekirde\u011fi ya\u011f\u0131 %88 oran\u0131nda doymam\u0131\u015f ya\u011f asidi i\u00e7erir (t\u00fcm ya\u011flar aras\u0131nda en y\u00fcksek). <\/p>\n<h3><strong>Frenk \u0130nciri Ya\u011f\u0131n\u0131n Kullan\u0131m\u0131<\/strong><\/h3>\n<p>Benzersiz \u00f6zellikleri sayesinde frenk inciri ya\u011f\u0131, <strong>yo\u011fun rejenerasyon, beslenme ve cildin derinlemesine nemlendirilmesi<\/strong> i\u00e7in geli\u015fmi\u015f kozmetik form\u00fcllerde yayg\u0131n olarak kullan\u0131lmaktad\u0131r. Bu ya\u011f\u0131n d\u00fczenli kullan\u0131m\u0131, sadece iki hafta i\u00e7inde g\u00f6zle g\u00f6r\u00fcl\u00fcr sonu\u00e7lar verebilir, cilt elastikiyetini \u00f6nemli \u00f6l\u00e7\u00fcde art\u0131rabilir, k\u0131r\u0131\u015f\u0131kl\u0131klar\u0131 azaltabilir ve cildin genel g\u00f6r\u00fcn\u00fcm\u00fcn\u00fc ve durumunu iyile\u015ftirebilir. Bu ya\u011f \u00f6zellikle kuru, olgun veya hasarl\u0131 ciltler i\u00e7in \u00f6nerilir, ancak yumu\u015fak \u00f6zellikleri ve y\u00fcksek tolerans\u0131 sayesinde t\u00fcm cilt tipleri i\u00e7in uygundur.  <\/p>\n<p>Bu ola\u011fan\u00fcst\u00fc ya\u011fdan sadece cilt fayda sa\u011flamaz. Besleyici \u00f6zellikleri, sa\u00e7 bak\u0131m \u00fcr\u00fcnlerinde de de\u011ferli k\u0131lmaktad\u0131r. Frenk inciri \u00e7ekirde\u011fi ya\u011f\u0131 sa\u00e7lar\u0131 yo\u011fun bir \u015fekilde nemlendirir, g\u00fc\u00e7lendirir ve do\u011fal parlakl\u0131\u011f\u0131n\u0131 geri kazand\u0131r\u0131r. Kuru, hasar g\u00f6rm\u00fc\u015f ve cans\u0131z sa\u00e7lar i\u00e7in ideal bir bile\u015fendir.   <\/p>\n<p>&nbsp;<\/p>\n<h3>Ya\u011f Asidi Profili:<\/h3>\n<table>\n<tbody>\n<tr>\n<th>YA\u011e AS\u0130D\u0130<\/th>\n<th>BA\u011e<\/th>\n<th>NORM (%)<\/th>\n<th>SONU\u00c7 (%)<\/th>\n<\/tr>\n<tr>\n<td>Palmitik asit<\/td>\n<td>C16:0<\/td>\n<td>10.00-14.00<\/td>\n<td>10.50<\/td>\n<\/tr>\n<tr>\n<td>Stearik asit<\/td>\n<td>C18:0<\/td>\n<td>2.50-5.50<\/td>\n<td>2.90<\/td>\n<\/tr>\n<tr>\n<td>Oleik asit<\/td>\n<td>C18:1 (n-9)<\/td>\n<td>18.00-30.00<\/td>\n<td>23.40<\/td>\n<\/tr>\n<tr>\n<td>Linoleik asit<\/td>\n<td>C18:2 (n-6)<\/td>\n<td>55.00-65.00<\/td>\n<td>62.20<\/td>\n<\/tr>\n<tr>\n<td>Alfa-linolenik asit<\/td>\n<td>C18:3 (n-3)<\/td>\n<td>Maks 1.00<\/td>\n<td>0.50<\/td>\n<\/tr>\n<\/tbody>\n<\/table>\n","protected":false},"excerpt":{"rendered":"<p>Do\u011fal frenk inciri \u00e7ekirde\u011fi ya\u011f\u0131n\u0131n (<em>Frenk \u0130nciri Kakt\u00fcs\u00fc<\/em> <em>\u00c7ekirdek Ya\u011f\u0131<\/em>) toptan da\u011f\u0131t\u0131c\u0131s\u0131y\u0131z. Kozmetik end\u00fcstrisinde en de\u011ferli hammaddelerden biri olarak bilinen, ola\u011fan\u00fcst\u00fc etkinli\u011fi ile tan\u0131n\u0131r. <\/p>\n","protected":false},"featured_media":44226,"template":"","meta":{"_acf_changed":false},"product_brand":[],"product_cat":[9551,9532],"product_tag":[],"class_list":{"0":"post-44225","1":"product","2":"type-product","3":"status-publish","4":"has-post-thumbnail","6":"product_cat-kozmetik-yaglari","7":"product_cat-gida-ve-kozmetik-yaglari","8":"pa_czesc-rosliny-tohumlar","9":"pa_metoda-pozyskiwania-soguk-pres","11":"first","12":"instock","13":"shipping-taxable","14":"product-type-simple"},"acf":[],"yoast_head":"<!-- This site is optimized with the Yoast SEO plugin v27.5 - https:\/\/yoast.com\/product\/yoast-seo-wordpress\/ -->\n<title>Frenk \u0130nciri Ya\u011f\u0131 - NATURAL POLAND - Hurtowy Dystrybutor Surowc\u00f3w<\/title>\n<meta name=\"description\" content=\"Frenk inciri ya\u011f\u0131, kozmetik uygulamalarda do\u011fal botoks olarak kullan\u0131l\u0131r. Bir litre \u00fcretmek i\u00e7in neredeyse yar\u0131m ton tohum gerekir.\" \/>\n<meta name=\"robots\" content=\"index, follow, max-snippet:-1, max-image-preview:large, max-video-preview:-1\" \/>\n<link rel=\"canonical\" href=\"https:\/\/naturalpoland.com\/tr\/urunler\/kozmetik-hammaddeleri\/kozmetik-yaglari\/frenk-inciri-yagi\/\" \/>\n<meta property=\"og:locale\" content=\"tr_TR\" \/>\n<meta property=\"og:type\" content=\"article\" \/>\n<meta property=\"og:title\" content=\"Frenk \u0130nciri Ya\u011f\u0131 - NATURAL POLAND - Hurtowy Dystrybutor Surowc\u00f3w\" \/>\n<meta property=\"og:description\" content=\"Frenk inciri ya\u011f\u0131, kozmetik uygulamalarda do\u011fal botoks olarak kullan\u0131l\u0131r. Bir litre \u00fcretmek i\u00e7in neredeyse yar\u0131m ton tohum gerekir.\" \/>\n<meta property=\"og:url\" content=\"https:\/\/naturalpoland.com\/tr\/urunler\/kozmetik-hammaddeleri\/kozmetik-yaglari\/frenk-inciri-yagi\/\" \/>\n<meta property=\"og:site_name\" content=\"NATURAL POLAND - Hurtowy Dystrybutor Surowc\u00f3w\" \/>\n<meta property=\"article:publisher\" content=\"https:\/\/www.facebook.com\/naturalpoland.b2b\" \/>\n<meta property=\"article:modified_time\" content=\"2025-12-22T10:16:39+00:00\" \/>\n<meta property=\"og:image\" content=\"https:\/\/naturalpoland.com\/wp-content\/uploads\/2021\/05\/prickly-pear-seed-oil.jpg\" \/>\n\t<meta property=\"og:image:width\" content=\"800\" \/>\n\t<meta property=\"og:image:height\" content=\"800\" \/>\n\t<meta property=\"og:image:type\" content=\"image\/jpeg\" \/>\n<script type=\"application\/ld+json\" class=\"yoast-schema-graph\">{\"@context\":\"https:\\\/\\\/schema.org\",\"@graph\":[{\"@type\":\"WebPage\",\"@id\":\"https:\\\/\\\/naturalpoland.com\\\/tr\\\/urunler\\\/kozmetik-hammaddeleri\\\/kozmetik-yaglari\\\/frenk-inciri-yagi\\\/\",\"url\":\"https:\\\/\\\/naturalpoland.com\\\/tr\\\/urunler\\\/kozmetik-hammaddeleri\\\/kozmetik-yaglari\\\/frenk-inciri-yagi\\\/\",\"name\":\"Frenk \u0130nciri Ya\u011f\u0131 - NATURAL POLAND - Hurtowy Dystrybutor Surowc\u00f3w\",\"isPartOf\":{\"@id\":\"https:\\\/\\\/naturalpoland.com\\\/tr\\\/#website\"},\"primaryImageOfPage\":{\"@id\":\"https:\\\/\\\/naturalpoland.com\\\/tr\\\/urunler\\\/kozmetik-hammaddeleri\\\/kozmetik-yaglari\\\/frenk-inciri-yagi\\\/#primaryimage\"},\"image\":{\"@id\":\"https:\\\/\\\/naturalpoland.com\\\/tr\\\/urunler\\\/kozmetik-hammaddeleri\\\/kozmetik-yaglari\\\/frenk-inciri-yagi\\\/#primaryimage\"},\"thumbnailUrl\":\"https:\\\/\\\/naturalpoland.com\\\/wp-content\\\/uploads\\\/2021\\\/05\\\/prickly-pear-seed-oil.jpg\",\"datePublished\":\"2021-05-11T11:51:43+00:00\",\"dateModified\":\"2025-12-22T10:16:39+00:00\",\"description\":\"Frenk inciri ya\u011f\u0131, kozmetik uygulamalarda do\u011fal botoks olarak kullan\u0131l\u0131r. Bir litre \u00fcretmek i\u00e7in neredeyse yar\u0131m ton tohum gerekir.\",\"breadcrumb\":{\"@id\":\"https:\\\/\\\/naturalpoland.com\\\/tr\\\/urunler\\\/kozmetik-hammaddeleri\\\/kozmetik-yaglari\\\/frenk-inciri-yagi\\\/#breadcrumb\"},\"inLanguage\":\"tr\",\"potentialAction\":[{\"@type\":\"ReadAction\",\"target\":[\"https:\\\/\\\/naturalpoland.com\\\/tr\\\/urunler\\\/kozmetik-hammaddeleri\\\/kozmetik-yaglari\\\/frenk-inciri-yagi\\\/\"]}]},{\"@type\":\"ImageObject\",\"inLanguage\":\"tr\",\"@id\":\"https:\\\/\\\/naturalpoland.com\\\/tr\\\/urunler\\\/kozmetik-hammaddeleri\\\/kozmetik-yaglari\\\/frenk-inciri-yagi\\\/#primaryimage\",\"url\":\"https:\\\/\\\/naturalpoland.com\\\/wp-content\\\/uploads\\\/2021\\\/05\\\/prickly-pear-seed-oil.jpg\",\"contentUrl\":\"https:\\\/\\\/naturalpoland.com\\\/wp-content\\\/uploads\\\/2021\\\/05\\\/prickly-pear-seed-oil.jpg\",\"width\":800,\"height\":800,\"caption\":\"Frenk \u0130nciri Ya\u011f\u0131\"},{\"@type\":\"BreadcrumbList\",\"@id\":\"https:\\\/\\\/naturalpoland.com\\\/tr\\\/urunler\\\/kozmetik-hammaddeleri\\\/kozmetik-yaglari\\\/frenk-inciri-yagi\\\/#breadcrumb\",\"itemListElement\":[{\"@type\":\"ListItem\",\"position\":1,\"name\":\"Ana Sayfa\",\"item\":\"https:\\\/\\\/naturalpoland.com\\\/tr\\\/\"},{\"@type\":\"ListItem\",\"position\":2,\"name\":\"\u00dcr\u00fcnler\",\"item\":\"https:\\\/\\\/naturalpoland.com\\\/tr\\\/urunler\\\/\"},{\"@type\":\"ListItem\",\"position\":3,\"name\":\"Frenk \u0130nciri Ya\u011f\u0131\"}]},{\"@type\":\"WebSite\",\"@id\":\"https:\\\/\\\/naturalpoland.com\\\/tr\\\/#website\",\"url\":\"https:\\\/\\\/naturalpoland.com\\\/tr\\\/\",\"name\":\"NATURAL POLAND - Hurtowy Dystrybutor Surowc\u00f3w\",\"description\":\"Surowce dla przemys\u0142u spo\u017cywczego, kosmetycznego i farmaceutycznego\",\"publisher\":{\"@id\":\"https:\\\/\\\/naturalpoland.com\\\/tr\\\/#organization\"},\"potentialAction\":[{\"@type\":\"SearchAction\",\"target\":{\"@type\":\"EntryPoint\",\"urlTemplate\":\"https:\\\/\\\/naturalpoland.com\\\/tr\\\/?s={search_term_string}\"},\"query-input\":{\"@type\":\"PropertyValueSpecification\",\"valueRequired\":true,\"valueName\":\"search_term_string\"}}],\"inLanguage\":\"tr\"},{\"@type\":\"Organization\",\"@id\":\"https:\\\/\\\/naturalpoland.com\\\/tr\\\/#organization\",\"name\":\"Natural Poland\",\"url\":\"https:\\\/\\\/naturalpoland.com\\\/tr\\\/\",\"logo\":{\"@type\":\"ImageObject\",\"inLanguage\":\"tr\",\"@id\":\"https:\\\/\\\/naturalpoland.com\\\/tr\\\/#\\\/schema\\\/logo\\\/image\\\/\",\"url\":\"https:\\\/\\\/naturalpoland.com\\\/wp-content\\\/uploads\\\/2021\\\/05\\\/natural-poland-icon.png\",\"contentUrl\":\"https:\\\/\\\/naturalpoland.com\\\/wp-content\\\/uploads\\\/2021\\\/05\\\/natural-poland-icon.png\",\"width\":512,\"height\":512,\"caption\":\"Natural Poland\"},\"image\":{\"@id\":\"https:\\\/\\\/naturalpoland.com\\\/tr\\\/#\\\/schema\\\/logo\\\/image\\\/\"},\"sameAs\":[\"https:\\\/\\\/www.facebook.com\\\/naturalpoland.b2b\",\"https:\\\/\\\/pl.linkedin.com\\\/company\\\/natural-poland\",\"https:\\\/\\\/www.youtube.com\\\/channel\\\/UCgeGGkvOMahZo-xu_MSEWxg\"]}]}<\/script>\n<!-- \/ Yoast SEO plugin. -->","yoast_head_json":{"title":"Frenk \u0130nciri Ya\u011f\u0131 - NATURAL POLAND - Hurtowy Dystrybutor Surowc\u00f3w","description":"Frenk inciri ya\u011f\u0131, kozmetik uygulamalarda do\u011fal botoks olarak kullan\u0131l\u0131r. Bir litre \u00fcretmek i\u00e7in neredeyse yar\u0131m ton tohum gerekir.","robots":{"index":"index","follow":"follow","max-snippet":"max-snippet:-1","max-image-preview":"max-image-preview:large","max-video-preview":"max-video-preview:-1"},"canonical":"https:\/\/naturalpoland.com\/tr\/urunler\/kozmetik-hammaddeleri\/kozmetik-yaglari\/frenk-inciri-yagi\/","og_locale":"tr_TR","og_type":"article","og_title":"Frenk \u0130nciri Ya\u011f\u0131 - NATURAL POLAND - Hurtowy Dystrybutor Surowc\u00f3w","og_description":"Frenk inciri ya\u011f\u0131, kozmetik uygulamalarda do\u011fal botoks olarak kullan\u0131l\u0131r. Bir litre \u00fcretmek i\u00e7in neredeyse yar\u0131m ton tohum gerekir.","og_url":"https:\/\/naturalpoland.com\/tr\/urunler\/kozmetik-hammaddeleri\/kozmetik-yaglari\/frenk-inciri-yagi\/","og_site_name":"NATURAL POLAND - Hurtowy Dystrybutor Surowc\u00f3w","article_publisher":"https:\/\/www.facebook.com\/naturalpoland.b2b","article_modified_time":"2025-12-22T10:16:39+00:00","og_image":[{"width":800,"height":800,"url":"https:\/\/naturalpoland.com\/wp-content\/uploads\/2021\/05\/prickly-pear-seed-oil.jpg","type":"image\/jpeg"}],"schema":{"@context":"https:\/\/schema.org","@graph":[{"@type":"WebPage","@id":"https:\/\/naturalpoland.com\/tr\/urunler\/kozmetik-hammaddeleri\/kozmetik-yaglari\/frenk-inciri-yagi\/","url":"https:\/\/naturalpoland.com\/tr\/urunler\/kozmetik-hammaddeleri\/kozmetik-yaglari\/frenk-inciri-yagi\/","name":"Frenk \u0130nciri Ya\u011f\u0131 - NATURAL POLAND - Hurtowy Dystrybutor Surowc\u00f3w","isPartOf":{"@id":"https:\/\/naturalpoland.com\/tr\/#website"},"primaryImageOfPage":{"@id":"https:\/\/naturalpoland.com\/tr\/urunler\/kozmetik-hammaddeleri\/kozmetik-yaglari\/frenk-inciri-yagi\/#primaryimage"},"image":{"@id":"https:\/\/naturalpoland.com\/tr\/urunler\/kozmetik-hammaddeleri\/kozmetik-yaglari\/frenk-inciri-yagi\/#primaryimage"},"thumbnailUrl":"https:\/\/naturalpoland.com\/wp-content\/uploads\/2021\/05\/prickly-pear-seed-oil.jpg","datePublished":"2021-05-11T11:51:43+00:00","dateModified":"2025-12-22T10:16:39+00:00","description":"Frenk inciri ya\u011f\u0131, kozmetik uygulamalarda do\u011fal botoks olarak kullan\u0131l\u0131r. Bir litre \u00fcretmek i\u00e7in neredeyse yar\u0131m ton tohum gerekir.","breadcrumb":{"@id":"https:\/\/naturalpoland.com\/tr\/urunler\/kozmetik-hammaddeleri\/kozmetik-yaglari\/frenk-inciri-yagi\/#breadcrumb"},"inLanguage":"tr","potentialAction":[{"@type":"ReadAction","target":["https:\/\/naturalpoland.com\/tr\/urunler\/kozmetik-hammaddeleri\/kozmetik-yaglari\/frenk-inciri-yagi\/"]}]},{"@type":"ImageObject","inLanguage":"tr","@id":"https:\/\/naturalpoland.com\/tr\/urunler\/kozmetik-hammaddeleri\/kozmetik-yaglari\/frenk-inciri-yagi\/#primaryimage","url":"https:\/\/naturalpoland.com\/wp-content\/uploads\/2021\/05\/prickly-pear-seed-oil.jpg","contentUrl":"https:\/\/naturalpoland.com\/wp-content\/uploads\/2021\/05\/prickly-pear-seed-oil.jpg","width":800,"height":800,"caption":"Frenk \u0130nciri Ya\u011f\u0131"},{"@type":"BreadcrumbList","@id":"https:\/\/naturalpoland.com\/tr\/urunler\/kozmetik-hammaddeleri\/kozmetik-yaglari\/frenk-inciri-yagi\/#breadcrumb","itemListElement":[{"@type":"ListItem","position":1,"name":"Ana Sayfa","item":"https:\/\/naturalpoland.com\/tr\/"},{"@type":"ListItem","position":2,"name":"\u00dcr\u00fcnler","item":"https:\/\/naturalpoland.com\/tr\/urunler\/"},{"@type":"ListItem","position":3,"name":"Frenk \u0130nciri Ya\u011f\u0131"}]},{"@type":"WebSite","@id":"https:\/\/naturalpoland.com\/tr\/#website","url":"https:\/\/naturalpoland.com\/tr\/","name":"NATURAL POLAND - Hurtowy Dystrybutor Surowc\u00f3w","description":"Surowce dla przemys\u0142u spo\u017cywczego, kosmetycznego i farmaceutycznego","publisher":{"@id":"https:\/\/naturalpoland.com\/tr\/#organization"},"potentialAction":[{"@type":"SearchAction","target":{"@type":"EntryPoint","urlTemplate":"https:\/\/naturalpoland.com\/tr\/?s={search_term_string}"},"query-input":{"@type":"PropertyValueSpecification","valueRequired":true,"valueName":"search_term_string"}}],"inLanguage":"tr"},{"@type":"Organization","@id":"https:\/\/naturalpoland.com\/tr\/#organization","name":"Natural Poland","url":"https:\/\/naturalpoland.com\/tr\/","logo":{"@type":"ImageObject","inLanguage":"tr","@id":"https:\/\/naturalpoland.com\/tr\/#\/schema\/logo\/image\/","url":"https:\/\/naturalpoland.com\/wp-content\/uploads\/2021\/05\/natural-poland-icon.png","contentUrl":"https:\/\/naturalpoland.com\/wp-content\/uploads\/2021\/05\/natural-poland-icon.png","width":512,"height":512,"caption":"Natural Poland"},"image":{"@id":"https:\/\/naturalpoland.com\/tr\/#\/schema\/logo\/image\/"},"sameAs":["https:\/\/www.facebook.com\/naturalpoland.b2b","https:\/\/pl.linkedin.com\/company\/natural-poland","https:\/\/www.youtube.com\/channel\/UCgeGGkvOMahZo-xu_MSEWxg"]}]}},"_links":{"self":[{"href":"https:\/\/naturalpoland.com\/tr\/wp-json\/wp\/v2\/product\/44225","targetHints":{"allow":["GET"]}}],"collection":[{"href":"https:\/\/naturalpoland.com\/tr\/wp-json\/wp\/v2\/product"}],"about":[{"href":"https:\/\/naturalpoland.com\/tr\/wp-json\/wp\/v2\/types\/product"}],"wp:featuredmedia":[{"embeddable":true,"href":"https:\/\/naturalpoland.com\/tr\/wp-json\/wp\/v2\/media\/44226"}],"wp:attachment":[{"href":"https:\/\/naturalpoland.com\/tr\/wp-json\/wp\/v2\/media?parent=44225"}],"wp:term":[{"taxonomy":"product_brand","embeddable":true,"href":"https:\/\/naturalpoland.com\/tr\/wp-json\/wp\/v2\/product_brand?post=44225"},{"taxonomy":"product_cat","embeddable":true,"href":"https:\/\/naturalpoland.com\/tr\/wp-json\/wp\/v2\/product_cat?post=44225"},{"taxonomy":"product_tag","embeddable":true,"href":"https:\/\/naturalpoland.com\/tr\/wp-json\/wp\/v2\/product_tag?post=44225"}],"curies":[{"name":"wp","href":"https:\/\/api.w.org\/{rel}","templated":true}]}}