{"id":44229,"date":"2024-10-21T14:02:07","date_gmt":"2024-10-21T12:02:07","guid":{"rendered":"https:\/\/naturalpoland.com\/produkty\/kategorilenmemis\/sam-gulu-yagi\/"},"modified":"2025-12-22T11:17:41","modified_gmt":"2025-12-22T10:17:41","slug":"sam-gulu-yagi","status":"publish","type":"product","link":"https:\/\/naturalpoland.com\/tr\/urunler\/kozmetik-hammaddeleri\/ucucu-yaglar\/sam-gulu-yagi\/","title":{"rendered":"\u015eam g\u00fcl\u00fc ya\u011f\u0131"},"content":{"rendered":"<h2>\u015eam g\u00fcl\u00fc ya\u011f\u0131n\u0131n elde edilmesi<\/h2>\n<p>Ya\u011f elde etme s\u00fcreci son derece zorlu ve hassast\u0131r &#8211; <strong>1 kg ya\u011f \u00fcretmek i\u00e7in 5 tona kadar taze g\u00fcl yapra\u011f\u0131 gerekir<\/strong>. \u00c7i\u00e7ekler, ya\u011f i\u00e7eri\u011finin en y\u00fcksek oldu\u011fu sabah saatlerinde elle toplan\u0131r ve ard\u0131ndan buhar distilasyonuna tabi tutulur. Bu i\u015flem, bitkide bulunan do\u011fal aroma ve aktif bile\u015fenlerin tamam\u0131n\u0131 korur.  <\/p>\n<h2>\u00d6zellikleri ve etkileri<\/h2>\n<p>\u015eam g\u00fcl\u00fc ya\u011f\u0131, geni\u015f bir bak\u0131m ve terap\u00f6tik etki yelpazesine sahiptir. Aromaterapide <g id=\"gid_0\">uyumla\u015ft\u0131r\u0131c\u0131 ve rahatlat\u0131c\u0131 etkisi<\/g> i\u00e7in de\u011ferlidir &#8211; stresi, duygusal gerginli\u011fi, kayg\u0131 hallerini hafifletir ve uykuya dalmay\u0131 kolayla\u015ft\u0131r\u0131r. <strong>Hafif, s\u0131cak ve \u00e7i\u00e7eksi kokusu<\/strong> ayn\u0131 zamanda afrodizyak etkiye sahiptir ve ruh halini iyile\u015ftirir.  <\/p>\n<p>Cilt bak\u0131m\u0131nda g\u00fcl ya\u011f\u0131 <strong>premium s\u0131n\u0131f ya\u015flanma kar\u015f\u0131t\u0131 bir hammadde<\/strong> olarak kabul edilir. Cildin yenilenme s\u00fcre\u00e7lerini destekleyen, elastikiyetini art\u0131ran ve serbest radikallerin etkilerine kar\u015f\u0131 koruyan <g id=\"gid_1\">do\u011fal antioksidanlar, C vitamini, ya\u011f asitleri ve fitosteroller<\/g> i\u00e7erir. G\u00fcl ya\u011f\u0131 i\u00e7eren kozmetik \u00fcr\u00fcnlerin d\u00fczenli kullan\u0131m\u0131:  <\/p>\n<ul>\n<li>kan damarlar\u0131n\u0131 g\u00fc\u00e7lendirir ve k\u0131zar\u0131kl\u0131\u011f\u0131 azalt\u0131r,<\/li>\n<li>tahri\u015fi ve iltihab\u0131 hafifletir,<\/li>\n<li>akne ve hassas cildin iyile\u015fme s\u00fcrecini destekler,<\/li>\n<li>cilt tonunun e\u015fitlenmesine ve lekelerin ayd\u0131nlanmas\u0131na yard\u0131mc\u0131 olur.<\/li>\n<\/ul>\n<p>G\u00fcl ya\u011f\u0131, antienflamatuar ve antiseptik \u00f6zellikleri sayesinde sebum \u00fcretimini s\u0131n\u0131rlamaya ve cildin genel durumunu iyile\u015ftirmeye yard\u0131mc\u0131 olarak problemli ciltler i\u00e7in \u00fcr\u00fcnlerde de etkilidir.<\/p>\n<h2>Kozmetik \u00fcr\u00fcnlerde kullan\u0131m\u0131<\/h2>\n<p>\u015eam g\u00fcl\u00fc ya\u011f\u0131, kuru, olgun, hassas ve k\u0131lcal damarl\u0131 ciltler i\u00e7in tasarlanm\u0131\u015f <strong>l\u00fcks bir kozmetik form\u00fclasyon bile\u015fenidir<\/strong>. Kullan\u0131m alanlar\u0131 \u015funlard\u0131r:  <\/p>\n<ul>\n<li>yenileyici ve k\u0131r\u0131\u015f\u0131kl\u0131k kar\u015f\u0131t\u0131 etkili y\u00fcz kremleri ve serumlar\u0131,<\/li>\n<li>yat\u0131\u015ft\u0131r\u0131c\u0131 etkili tonik ve hidrolatlar,<\/li>\n<li>masaj ya\u011flar\u0131 ve aromaterapi banyolar\u0131,<\/li>\n<li>maskeler ve SPA \u00fcr\u00fcnleri,<\/li>\n<li>do\u011fal parf\u00fcmler ve sa\u00e7 bak\u0131m \u00fcr\u00fcnleri.<\/li>\n<\/ul>\n<p><a href=\"https:\/\/naturalpoland.com\/tr\/urunler\/kozmetik-hammaddeleri\/ucucu-yaglar\/lavanta-yagi\/\"><strong>lavanta<\/strong><\/a>, <a href=\"https:\/\/naturalpoland.com\/tr\/urunler\/kozmetik-hammaddeleri\/ucucu-yaglar\/geranyum-yagi\/\"><strong>sardunya<\/strong><\/a> veya <strong>sandal a\u011fac\u0131<\/strong> gibi di\u011fer u\u00e7ucu ya\u011flarla birle\u015ftirildi\u011finde, derin ve kal\u0131c\u0131 karaktere sahip uyumlu aromatik kompozisyonlar olu\u015fturur.<\/p>\n<h2>S\u00fcrd\u00fcr\u00fclebilir kaynak<\/h2>\n<p><strong>UEBT Attestation (2023\u20132026)<\/strong> belgesine g\u00f6re, Galen-N g\u00fcl ya\u011f\u0131 ve g\u00fcl suyu, toplam 180 hektarl\u0131k 17 sertifikal\u0131 \u00e7iftlikten elde edilmektedir. Bu \u00e7iftliklerde s\u00fcrd\u00fcr\u00fclebilir hasat ve etik \u00fcretim uygulamalar\u0131na uyulmaktad\u0131r. Bu sayede hammadde, \u00e7evre ve yerel topluluklar \u00fczerindeki olumsuz etkiyi en aza indiren &#8220;sorumlu kaynakl\u0131&#8221; fikrine uygundur. <\/p>\n","protected":false},"excerpt":{"rendered":"<p><strong>\u015eam g\u00fcl\u00fc u\u00e7ucu ya\u011f\u0131<\/strong>, kozmetik ve aromaterapide kullan\u0131lan en soylu do\u011fal hammaddelerden biridir. D\u00fcnya g\u00fcl aromal\u0131 hammadde \u00fcretiminin merkezi olarak bilinen Bulgaristan&#8217;\u0131n Eski Plovdiv b\u00f6lgesindeki G\u00fcller Vadisi&#8217;nde yeti\u015ftirilen <g id=\"gid_1\">Rosa damascena Mill.<\/g> yapraklar\u0131ndan elde edilir. Hammadde, <strong>UEBT (Union for Ethical BioTrade)<\/strong> sertifikal\u0131, sorumlu yeti\u015ftiricili\u011fe sahip \u00e7iftliklerden gelmektedir.  <\/p>\n","protected":false},"featured_media":44230,"template":"","meta":{"_acf_changed":false},"product_brand":[],"product_cat":[9552],"product_tag":[],"class_list":{"0":"post-44229","1":"product","2":"type-product","3":"status-publish","4":"has-post-thumbnail","6":"product_cat-ucucu-yaglar","7":"pa_metoda-pozyskiwania-distilasyon","9":"first","10":"instock","11":"shipping-taxable","12":"product-type-simple"},"acf":[],"yoast_head":"<!-- This site is optimized with the Yoast SEO plugin v27.5 - https:\/\/yoast.com\/product\/yoast-seo-wordpress\/ -->\n<title>\u015eam g\u00fcl\u00fc ya\u011f\u0131 - NATURAL POLAND - Hurtowy Dystrybutor Surowc\u00f3w<\/title>\n<meta name=\"description\" content=\"\u015eam g\u00fcl\u00fc (Rosa damascena) u\u00e7ucu ya\u011f\u0131, e\u015fsiz kokusu nedeniyle aromaterapi ve kozmetik d\u00fcnyas\u0131nda ger\u00e7ek bir l\u00fckst\u00fcr.\" \/>\n<meta name=\"robots\" content=\"index, follow, max-snippet:-1, max-image-preview:large, max-video-preview:-1\" \/>\n<link rel=\"canonical\" href=\"https:\/\/naturalpoland.com\/tr\/urunler\/kozmetik-hammaddeleri\/ucucu-yaglar\/sam-gulu-yagi\/\" \/>\n<meta property=\"og:locale\" content=\"tr_TR\" \/>\n<meta property=\"og:type\" content=\"article\" \/>\n<meta property=\"og:title\" content=\"\u015eam g\u00fcl\u00fc ya\u011f\u0131 - NATURAL POLAND - Hurtowy Dystrybutor Surowc\u00f3w\" \/>\n<meta property=\"og:description\" content=\"\u015eam g\u00fcl\u00fc (Rosa damascena) u\u00e7ucu ya\u011f\u0131, e\u015fsiz kokusu nedeniyle aromaterapi ve kozmetik d\u00fcnyas\u0131nda ger\u00e7ek bir l\u00fckst\u00fcr.\" \/>\n<meta property=\"og:url\" content=\"https:\/\/naturalpoland.com\/tr\/urunler\/kozmetik-hammaddeleri\/ucucu-yaglar\/sam-gulu-yagi\/\" \/>\n<meta property=\"og:site_name\" content=\"NATURAL POLAND - Hurtowy Dystrybutor Surowc\u00f3w\" \/>\n<meta property=\"article:publisher\" content=\"https:\/\/www.facebook.com\/naturalpoland.b2b\" \/>\n<meta property=\"article:modified_time\" content=\"2025-12-22T10:17:41+00:00\" \/>\n<meta property=\"og:image\" content=\"https:\/\/naturalpoland.com\/wp-content\/uploads\/olejek-z-rozy-damascenskiej.webp\" \/>\n\t<meta property=\"og:image:width\" content=\"426\" \/>\n\t<meta property=\"og:image:height\" content=\"426\" \/>\n\t<meta property=\"og:image:type\" content=\"image\/webp\" \/>\n<script type=\"application\/ld+json\" class=\"yoast-schema-graph\">{\"@context\":\"https:\\\/\\\/schema.org\",\"@graph\":[{\"@type\":\"WebPage\",\"@id\":\"https:\\\/\\\/naturalpoland.com\\\/tr\\\/urunler\\\/kozmetik-hammaddeleri\\\/ucucu-yaglar\\\/sam-gulu-yagi\\\/\",\"url\":\"https:\\\/\\\/naturalpoland.com\\\/tr\\\/urunler\\\/kozmetik-hammaddeleri\\\/ucucu-yaglar\\\/sam-gulu-yagi\\\/\",\"name\":\"\u015eam g\u00fcl\u00fc ya\u011f\u0131 - NATURAL POLAND - Hurtowy Dystrybutor Surowc\u00f3w\",\"isPartOf\":{\"@id\":\"https:\\\/\\\/naturalpoland.com\\\/tr\\\/#website\"},\"primaryImageOfPage\":{\"@id\":\"https:\\\/\\\/naturalpoland.com\\\/tr\\\/urunler\\\/kozmetik-hammaddeleri\\\/ucucu-yaglar\\\/sam-gulu-yagi\\\/#primaryimage\"},\"image\":{\"@id\":\"https:\\\/\\\/naturalpoland.com\\\/tr\\\/urunler\\\/kozmetik-hammaddeleri\\\/ucucu-yaglar\\\/sam-gulu-yagi\\\/#primaryimage\"},\"thumbnailUrl\":\"https:\\\/\\\/naturalpoland.com\\\/wp-content\\\/uploads\\\/olejek-z-rozy-damascenskiej.webp\",\"datePublished\":\"2024-10-21T12:02:07+00:00\",\"dateModified\":\"2025-12-22T10:17:41+00:00\",\"description\":\"\u015eam g\u00fcl\u00fc (Rosa damascena) u\u00e7ucu ya\u011f\u0131, e\u015fsiz kokusu nedeniyle aromaterapi ve kozmetik d\u00fcnyas\u0131nda ger\u00e7ek bir l\u00fckst\u00fcr.\",\"breadcrumb\":{\"@id\":\"https:\\\/\\\/naturalpoland.com\\\/tr\\\/urunler\\\/kozmetik-hammaddeleri\\\/ucucu-yaglar\\\/sam-gulu-yagi\\\/#breadcrumb\"},\"inLanguage\":\"tr\",\"potentialAction\":[{\"@type\":\"ReadAction\",\"target\":[\"https:\\\/\\\/naturalpoland.com\\\/tr\\\/urunler\\\/kozmetik-hammaddeleri\\\/ucucu-yaglar\\\/sam-gulu-yagi\\\/\"]}]},{\"@type\":\"ImageObject\",\"inLanguage\":\"tr\",\"@id\":\"https:\\\/\\\/naturalpoland.com\\\/tr\\\/urunler\\\/kozmetik-hammaddeleri\\\/ucucu-yaglar\\\/sam-gulu-yagi\\\/#primaryimage\",\"url\":\"https:\\\/\\\/naturalpoland.com\\\/wp-content\\\/uploads\\\/olejek-z-rozy-damascenskiej.webp\",\"contentUrl\":\"https:\\\/\\\/naturalpoland.com\\\/wp-content\\\/uploads\\\/olejek-z-rozy-damascenskiej.webp\",\"width\":426,\"height\":426,\"caption\":\"\u015eam g\u00fcl\u00fc (Rosa damascena) u\u00e7ucu ya\u011f\u0131\"},{\"@type\":\"BreadcrumbList\",\"@id\":\"https:\\\/\\\/naturalpoland.com\\\/tr\\\/urunler\\\/kozmetik-hammaddeleri\\\/ucucu-yaglar\\\/sam-gulu-yagi\\\/#breadcrumb\",\"itemListElement\":[{\"@type\":\"ListItem\",\"position\":1,\"name\":\"Ana Sayfa\",\"item\":\"https:\\\/\\\/naturalpoland.com\\\/tr\\\/\"},{\"@type\":\"ListItem\",\"position\":2,\"name\":\"\u00dcr\u00fcnler\",\"item\":\"https:\\\/\\\/naturalpoland.com\\\/tr\\\/urunler\\\/\"},{\"@type\":\"ListItem\",\"position\":3,\"name\":\"\u015eam g\u00fcl\u00fc ya\u011f\u0131\"}]},{\"@type\":\"WebSite\",\"@id\":\"https:\\\/\\\/naturalpoland.com\\\/tr\\\/#website\",\"url\":\"https:\\\/\\\/naturalpoland.com\\\/tr\\\/\",\"name\":\"NATURAL POLAND - Hurtowy Dystrybutor Surowc\u00f3w\",\"description\":\"Surowce dla przemys\u0142u spo\u017cywczego, kosmetycznego i farmaceutycznego\",\"publisher\":{\"@id\":\"https:\\\/\\\/naturalpoland.com\\\/tr\\\/#organization\"},\"potentialAction\":[{\"@type\":\"SearchAction\",\"target\":{\"@type\":\"EntryPoint\",\"urlTemplate\":\"https:\\\/\\\/naturalpoland.com\\\/tr\\\/?s={search_term_string}\"},\"query-input\":{\"@type\":\"PropertyValueSpecification\",\"valueRequired\":true,\"valueName\":\"search_term_string\"}}],\"inLanguage\":\"tr\"},{\"@type\":\"Organization\",\"@id\":\"https:\\\/\\\/naturalpoland.com\\\/tr\\\/#organization\",\"name\":\"Natural Poland\",\"url\":\"https:\\\/\\\/naturalpoland.com\\\/tr\\\/\",\"logo\":{\"@type\":\"ImageObject\",\"inLanguage\":\"tr\",\"@id\":\"https:\\\/\\\/naturalpoland.com\\\/tr\\\/#\\\/schema\\\/logo\\\/image\\\/\",\"url\":\"https:\\\/\\\/naturalpoland.com\\\/wp-content\\\/uploads\\\/2021\\\/05\\\/natural-poland-icon.png\",\"contentUrl\":\"https:\\\/\\\/naturalpoland.com\\\/wp-content\\\/uploads\\\/2021\\\/05\\\/natural-poland-icon.png\",\"width\":512,\"height\":512,\"caption\":\"Natural Poland\"},\"image\":{\"@id\":\"https:\\\/\\\/naturalpoland.com\\\/tr\\\/#\\\/schema\\\/logo\\\/image\\\/\"},\"sameAs\":[\"https:\\\/\\\/www.facebook.com\\\/naturalpoland.b2b\",\"https:\\\/\\\/pl.linkedin.com\\\/company\\\/natural-poland\",\"https:\\\/\\\/www.youtube.com\\\/channel\\\/UCgeGGkvOMahZo-xu_MSEWxg\"]}]}<\/script>\n<!-- \/ Yoast SEO plugin. -->","yoast_head_json":{"title":"\u015eam g\u00fcl\u00fc ya\u011f\u0131 - NATURAL POLAND - Hurtowy Dystrybutor Surowc\u00f3w","description":"\u015eam g\u00fcl\u00fc (Rosa damascena) u\u00e7ucu ya\u011f\u0131, e\u015fsiz kokusu nedeniyle aromaterapi ve kozmetik d\u00fcnyas\u0131nda ger\u00e7ek bir l\u00fckst\u00fcr.","robots":{"index":"index","follow":"follow","max-snippet":"max-snippet:-1","max-image-preview":"max-image-preview:large","max-video-preview":"max-video-preview:-1"},"canonical":"https:\/\/naturalpoland.com\/tr\/urunler\/kozmetik-hammaddeleri\/ucucu-yaglar\/sam-gulu-yagi\/","og_locale":"tr_TR","og_type":"article","og_title":"\u015eam g\u00fcl\u00fc ya\u011f\u0131 - NATURAL POLAND - Hurtowy Dystrybutor Surowc\u00f3w","og_description":"\u015eam g\u00fcl\u00fc (Rosa damascena) u\u00e7ucu ya\u011f\u0131, e\u015fsiz kokusu nedeniyle aromaterapi ve kozmetik d\u00fcnyas\u0131nda ger\u00e7ek bir l\u00fckst\u00fcr.","og_url":"https:\/\/naturalpoland.com\/tr\/urunler\/kozmetik-hammaddeleri\/ucucu-yaglar\/sam-gulu-yagi\/","og_site_name":"NATURAL POLAND - Hurtowy Dystrybutor Surowc\u00f3w","article_publisher":"https:\/\/www.facebook.com\/naturalpoland.b2b","article_modified_time":"2025-12-22T10:17:41+00:00","og_image":[{"width":426,"height":426,"url":"https:\/\/naturalpoland.com\/wp-content\/uploads\/olejek-z-rozy-damascenskiej.webp","type":"image\/webp"}],"schema":{"@context":"https:\/\/schema.org","@graph":[{"@type":"WebPage","@id":"https:\/\/naturalpoland.com\/tr\/urunler\/kozmetik-hammaddeleri\/ucucu-yaglar\/sam-gulu-yagi\/","url":"https:\/\/naturalpoland.com\/tr\/urunler\/kozmetik-hammaddeleri\/ucucu-yaglar\/sam-gulu-yagi\/","name":"\u015eam g\u00fcl\u00fc ya\u011f\u0131 - NATURAL POLAND - Hurtowy Dystrybutor Surowc\u00f3w","isPartOf":{"@id":"https:\/\/naturalpoland.com\/tr\/#website"},"primaryImageOfPage":{"@id":"https:\/\/naturalpoland.com\/tr\/urunler\/kozmetik-hammaddeleri\/ucucu-yaglar\/sam-gulu-yagi\/#primaryimage"},"image":{"@id":"https:\/\/naturalpoland.com\/tr\/urunler\/kozmetik-hammaddeleri\/ucucu-yaglar\/sam-gulu-yagi\/#primaryimage"},"thumbnailUrl":"https:\/\/naturalpoland.com\/wp-content\/uploads\/olejek-z-rozy-damascenskiej.webp","datePublished":"2024-10-21T12:02:07+00:00","dateModified":"2025-12-22T10:17:41+00:00","description":"\u015eam g\u00fcl\u00fc (Rosa damascena) u\u00e7ucu ya\u011f\u0131, e\u015fsiz kokusu nedeniyle aromaterapi ve kozmetik d\u00fcnyas\u0131nda ger\u00e7ek bir l\u00fckst\u00fcr.","breadcrumb":{"@id":"https:\/\/naturalpoland.com\/tr\/urunler\/kozmetik-hammaddeleri\/ucucu-yaglar\/sam-gulu-yagi\/#breadcrumb"},"inLanguage":"tr","potentialAction":[{"@type":"ReadAction","target":["https:\/\/naturalpoland.com\/tr\/urunler\/kozmetik-hammaddeleri\/ucucu-yaglar\/sam-gulu-yagi\/"]}]},{"@type":"ImageObject","inLanguage":"tr","@id":"https:\/\/naturalpoland.com\/tr\/urunler\/kozmetik-hammaddeleri\/ucucu-yaglar\/sam-gulu-yagi\/#primaryimage","url":"https:\/\/naturalpoland.com\/wp-content\/uploads\/olejek-z-rozy-damascenskiej.webp","contentUrl":"https:\/\/naturalpoland.com\/wp-content\/uploads\/olejek-z-rozy-damascenskiej.webp","width":426,"height":426,"caption":"\u015eam g\u00fcl\u00fc (Rosa damascena) u\u00e7ucu ya\u011f\u0131"},{"@type":"BreadcrumbList","@id":"https:\/\/naturalpoland.com\/tr\/urunler\/kozmetik-hammaddeleri\/ucucu-yaglar\/sam-gulu-yagi\/#breadcrumb","itemListElement":[{"@type":"ListItem","position":1,"name":"Ana Sayfa","item":"https:\/\/naturalpoland.com\/tr\/"},{"@type":"ListItem","position":2,"name":"\u00dcr\u00fcnler","item":"https:\/\/naturalpoland.com\/tr\/urunler\/"},{"@type":"ListItem","position":3,"name":"\u015eam g\u00fcl\u00fc ya\u011f\u0131"}]},{"@type":"WebSite","@id":"https:\/\/naturalpoland.com\/tr\/#website","url":"https:\/\/naturalpoland.com\/tr\/","name":"NATURAL POLAND - Hurtowy Dystrybutor Surowc\u00f3w","description":"Surowce dla przemys\u0142u spo\u017cywczego, kosmetycznego i farmaceutycznego","publisher":{"@id":"https:\/\/naturalpoland.com\/tr\/#organization"},"potentialAction":[{"@type":"SearchAction","target":{"@type":"EntryPoint","urlTemplate":"https:\/\/naturalpoland.com\/tr\/?s={search_term_string}"},"query-input":{"@type":"PropertyValueSpecification","valueRequired":true,"valueName":"search_term_string"}}],"inLanguage":"tr"},{"@type":"Organization","@id":"https:\/\/naturalpoland.com\/tr\/#organization","name":"Natural Poland","url":"https:\/\/naturalpoland.com\/tr\/","logo":{"@type":"ImageObject","inLanguage":"tr","@id":"https:\/\/naturalpoland.com\/tr\/#\/schema\/logo\/image\/","url":"https:\/\/naturalpoland.com\/wp-content\/uploads\/2021\/05\/natural-poland-icon.png","contentUrl":"https:\/\/naturalpoland.com\/wp-content\/uploads\/2021\/05\/natural-poland-icon.png","width":512,"height":512,"caption":"Natural Poland"},"image":{"@id":"https:\/\/naturalpoland.com\/tr\/#\/schema\/logo\/image\/"},"sameAs":["https:\/\/www.facebook.com\/naturalpoland.b2b","https:\/\/pl.linkedin.com\/company\/natural-poland","https:\/\/www.youtube.com\/channel\/UCgeGGkvOMahZo-xu_MSEWxg"]}]}},"_links":{"self":[{"href":"https:\/\/naturalpoland.com\/tr\/wp-json\/wp\/v2\/product\/44229","targetHints":{"allow":["GET"]}}],"collection":[{"href":"https:\/\/naturalpoland.com\/tr\/wp-json\/wp\/v2\/product"}],"about":[{"href":"https:\/\/naturalpoland.com\/tr\/wp-json\/wp\/v2\/types\/product"}],"wp:featuredmedia":[{"embeddable":true,"href":"https:\/\/naturalpoland.com\/tr\/wp-json\/wp\/v2\/media\/44230"}],"wp:attachment":[{"href":"https:\/\/naturalpoland.com\/tr\/wp-json\/wp\/v2\/media?parent=44229"}],"wp:term":[{"taxonomy":"product_brand","embeddable":true,"href":"https:\/\/naturalpoland.com\/tr\/wp-json\/wp\/v2\/product_brand?post=44229"},{"taxonomy":"product_cat","embeddable":true,"href":"https:\/\/naturalpoland.com\/tr\/wp-json\/wp\/v2\/product_cat?post=44229"},{"taxonomy":"product_tag","embeddable":true,"href":"https:\/\/naturalpoland.com\/tr\/wp-json\/wp\/v2\/product_tag?post=44229"}],"curies":[{"name":"wp","href":"https:\/\/api.w.org\/{rel}","templated":true}]}}