{"id":44231,"date":"2021-05-11T13:52:08","date_gmt":"2021-05-11T11:52:08","guid":{"rendered":"https:\/\/naturalpoland.com\/produkty\/kategorilenmemis\/kusburnu-yagi\/"},"modified":"2025-12-22T11:17:59","modified_gmt":"2025-12-22T10:17:59","slug":"kusburnu-yagi","status":"publish","type":"product","link":"https:\/\/naturalpoland.com\/tr\/urunler\/gida-hammaddeleri\/gida-yaglari\/kusburnu-yagi\/","title":{"rendered":"Ku\u015fburnu Ya\u011f\u0131"},"content":{"rendered":"<h2>Ku\u015fburnu Ya\u011f\u0131n\u0131n Bile\u015fimi<\/h2>\n<p>Bu ya\u011f, esansiyel doymam\u0131\u015f ya\u011f asitleri (EFA), C, A ve E vitaminleri, flavonoidler ve retinoik asit gibi do\u011fal bile\u015fenler a\u00e7\u0131s\u0131ndan zengindir. Ya\u011f asitlerinin nispi k\u00fctle oran\u0131 \u015fu \u015fekildedir: <\/p>\n<table>\n<tbody>\n<tr>\n<td>Palmitik Asit (C 16:0)<\/td>\n<td>%6,9<\/td>\n<\/tr>\n<tr>\n<td>Palmitoleik (C 16:1)<\/td>\n<td>%0,12<\/td>\n<\/tr>\n<tr>\n<td>Stearik Asit (C 18:0)<\/td>\n<td>%4,5<\/td>\n<\/tr>\n<tr>\n<td>Oleik Asit (C 18:1)<\/td>\n<td>%22,3<\/td>\n<\/tr>\n<tr>\n<td>Linoleik Asit (C 18:2)<\/td>\n<td>%47,1<\/td>\n<\/tr>\n<tr>\n<td>Linolenik Asit (C 18:3)<\/td>\n<td>%17,0<\/td>\n<\/tr>\n<tr>\n<td>Ara\u015fidik asit (C 20:0)<\/td>\n<td>%0,22<\/td>\n<\/tr>\n<tr>\n<td>Eikosenoik asit (C 20:1)<\/td>\n<td>%0,12<\/td>\n<\/tr>\n<tr>\n<td>Behenik asit (C 22:0)<\/td>\n<td>%0,4<\/td>\n<\/tr>\n<tr>\n<td>Lignosenik asit (C 24:0)<\/td>\n<td>%0,3<\/td>\n<\/tr>\n<\/tbody>\n<\/table>\n<p>&nbsp;<\/p>\n<h2>\u00d6zellikler:<\/h2>\n<p>Ku\u015fburnu ya\u011f\u0131 <strong>yenileyici<\/strong>, <strong>nemlendirici<\/strong> ve <strong>ya\u015flanma kar\u015f\u0131t\u0131<\/strong> \u00f6zelliklere sahiptir. Y\u00fcksek linoleik ve linolenik asit i\u00e7eri\u011fi cildin koruyucu bariyerinin yenilenmesini destekler, yara izlerinin iyile\u015fmesini h\u0131zland\u0131r\u0131r, \u00e7atlaklar\u0131 giderir ve k\u0131r\u0131\u015f\u0131kl\u0131klar\u0131n g\u00f6r\u00fcn\u00fcm\u00fcn\u00fc azalt\u0131r. Antioksidan a\u00e7\u0131s\u0131ndan zengin C vitamini cildin ya\u015flanmas\u0131na kar\u015f\u0131 koyar ve demir ile reaksiyona girmeyen do\u011fal formu toksik serbest radikallere kar\u015f\u0131 koruma sa\u011flar. Bu sayede ya\u011f cilt i\u00e7in son derece g\u00fcvenlidir ve tahri\u015f yapmaz.   <\/p>\n<p>&nbsp;<\/p>\n<h2>Kullan\u0131m:<\/h2>\n<p>\u00dcr\u00fcn <strong>her cilt tipinin bak\u0131m\u0131nda<\/strong> m\u00fckemmel sonu\u00e7 verir, \u00f6zellikle kuru, olgun ve hassas ciltlerde. G\u00f6zenekleri t\u0131kamad\u0131\u011f\u0131 i\u00e7in ya\u011fl\u0131 ve akneye e\u011filimli ciltler i\u00e7in de uygundur. D\u00fczenli kullan\u0131m\u0131 cildin elastikiyetini art\u0131r\u0131r, renk tonunu e\u015fitler, ayr\u0131ca lekeleri ve izleri azalt\u0131r.  <\/p>\n<p>Bu ya\u011f ayn\u0131 zamanda <strong>sa\u00e7 bak\u0131m\u0131<\/strong> i\u00e7in de idealdir \u2013 nemlendirir, g\u00fc\u00e7lendirir ve esnekli\u011fi art\u0131r\u0131r. Do\u011frudan cilt ve sa\u00e7lara uygulanabilir veya krem, balsam ve maskeler gibi bak\u0131m kozmetiklerine katk\u0131 olarak kullan\u0131labilir. Nazik etkiye sahiptir ve g\u00f6z \u00e7evresi gibi hassas b\u00f6lgelerde bile kullan\u0131labilir.  <\/p>\n<p>Ku\u015fburnu ya\u011f\u0131 genellikle &#8220;gen\u00e7lik ya\u011f\u0131&#8221; olarak adland\u0131r\u0131l\u0131r \u00e7\u00fcnk\u00fc parlak, sa\u011fl\u0131kl\u0131 ve gen\u00e7 cildi korumada etkili bir \u015fekilde yard\u0131mc\u0131 olur.<\/p>\n","protected":false},"excerpt":{"rendered":"<p><strong>Rosa Canina ku\u015fburnu ya\u011f\u0131<\/strong> yabani g\u00fcl \u00e7al\u0131lar\u0131n\u0131n t\u00fcm meyvelerinden so\u011fuk s\u0131k\u0131m y\u00f6ntemiyle elde edilir. A\u00e7\u0131k turuncu rengi ve nazik, meyveli aromas\u0131 ile karakterize edilir. <\/p>\n","protected":false},"featured_media":44233,"template":"","meta":{"_acf_changed":false},"product_brand":[],"product_cat":[9551,9532,9571],"product_tag":[],"class_list":{"0":"post-44231","1":"product","2":"type-product","3":"status-publish","4":"has-post-thumbnail","6":"product_cat-kozmetik-yaglari","7":"product_cat-gida-ve-kozmetik-yaglari","8":"product_cat-gida-yaglari","10":"first","11":"instock","12":"shipping-taxable","13":"product-type-simple"},"acf":[],"yoast_head":"<!-- This site is optimized with the Yoast SEO plugin v27.5 - https:\/\/yoast.com\/product\/yoast-seo-wordpress\/ -->\n<title>Ku\u015fburnu Ya\u011f\u0131 - NATURAL POLAND - Hurtowy Dystrybutor Surowc\u00f3w<\/title>\n<meta name=\"description\" content=\"Rosa Canina ku\u015fburnu ya\u011f\u0131, yabani g\u00fcl \u00e7al\u0131lar\u0131n\u0131n t\u00fcm meyvelerinden so\u011fuk s\u0131k\u0131m y\u00f6ntemiyle elde edilen en y\u00fcksek kalitede bir \u00fcr\u00fcnd\u00fcr.\" \/>\n<meta name=\"robots\" content=\"index, follow, max-snippet:-1, max-image-preview:large, max-video-preview:-1\" \/>\n<link rel=\"canonical\" href=\"https:\/\/naturalpoland.com\/tr\/urunler\/gida-hammaddeleri\/gida-yaglari\/kusburnu-yagi\/\" \/>\n<meta property=\"og:locale\" content=\"tr_TR\" \/>\n<meta property=\"og:type\" content=\"article\" \/>\n<meta property=\"og:title\" content=\"Ku\u015fburnu Ya\u011f\u0131 - NATURAL POLAND - Hurtowy Dystrybutor Surowc\u00f3w\" \/>\n<meta property=\"og:description\" content=\"Rosa Canina ku\u015fburnu ya\u011f\u0131, yabani g\u00fcl \u00e7al\u0131lar\u0131n\u0131n t\u00fcm meyvelerinden so\u011fuk s\u0131k\u0131m y\u00f6ntemiyle elde edilen en y\u00fcksek kalitede bir \u00fcr\u00fcnd\u00fcr.\" \/>\n<meta property=\"og:url\" content=\"https:\/\/naturalpoland.com\/tr\/urunler\/gida-hammaddeleri\/gida-yaglari\/kusburnu-yagi\/\" \/>\n<meta property=\"og:site_name\" content=\"NATURAL POLAND - Hurtowy Dystrybutor Surowc\u00f3w\" \/>\n<meta property=\"article:publisher\" content=\"https:\/\/www.facebook.com\/naturalpoland.b2b\" \/>\n<meta property=\"article:modified_time\" content=\"2025-12-22T10:17:59+00:00\" \/>\n<meta property=\"og:image\" content=\"https:\/\/naturalpoland.com\/wp-content\/uploads\/olej-z-owocow-dzikiej-rozy.webp\" \/>\n\t<meta property=\"og:image:width\" content=\"619\" \/>\n\t<meta property=\"og:image:height\" content=\"619\" \/>\n\t<meta property=\"og:image:type\" content=\"image\/webp\" \/>\n<script type=\"application\/ld+json\" class=\"yoast-schema-graph\">{\"@context\":\"https:\\\/\\\/schema.org\",\"@graph\":[{\"@type\":\"WebPage\",\"@id\":\"https:\\\/\\\/naturalpoland.com\\\/tr\\\/urunler\\\/gida-hammaddeleri\\\/gida-yaglari\\\/kusburnu-yagi\\\/\",\"url\":\"https:\\\/\\\/naturalpoland.com\\\/tr\\\/urunler\\\/gida-hammaddeleri\\\/gida-yaglari\\\/kusburnu-yagi\\\/\",\"name\":\"Ku\u015fburnu Ya\u011f\u0131 - NATURAL POLAND - Hurtowy Dystrybutor Surowc\u00f3w\",\"isPartOf\":{\"@id\":\"https:\\\/\\\/naturalpoland.com\\\/tr\\\/#website\"},\"primaryImageOfPage\":{\"@id\":\"https:\\\/\\\/naturalpoland.com\\\/tr\\\/urunler\\\/gida-hammaddeleri\\\/gida-yaglari\\\/kusburnu-yagi\\\/#primaryimage\"},\"image\":{\"@id\":\"https:\\\/\\\/naturalpoland.com\\\/tr\\\/urunler\\\/gida-hammaddeleri\\\/gida-yaglari\\\/kusburnu-yagi\\\/#primaryimage\"},\"thumbnailUrl\":\"https:\\\/\\\/naturalpoland.com\\\/wp-content\\\/uploads\\\/olej-z-owocow-dzikiej-rozy.webp\",\"datePublished\":\"2021-05-11T11:52:08+00:00\",\"dateModified\":\"2025-12-22T10:17:59+00:00\",\"description\":\"Rosa Canina ku\u015fburnu ya\u011f\u0131, yabani g\u00fcl \u00e7al\u0131lar\u0131n\u0131n t\u00fcm meyvelerinden so\u011fuk s\u0131k\u0131m y\u00f6ntemiyle elde edilen en y\u00fcksek kalitede bir \u00fcr\u00fcnd\u00fcr.\",\"breadcrumb\":{\"@id\":\"https:\\\/\\\/naturalpoland.com\\\/tr\\\/urunler\\\/gida-hammaddeleri\\\/gida-yaglari\\\/kusburnu-yagi\\\/#breadcrumb\"},\"inLanguage\":\"tr\",\"potentialAction\":[{\"@type\":\"ReadAction\",\"target\":[\"https:\\\/\\\/naturalpoland.com\\\/tr\\\/urunler\\\/gida-hammaddeleri\\\/gida-yaglari\\\/kusburnu-yagi\\\/\"]}]},{\"@type\":\"ImageObject\",\"inLanguage\":\"tr\",\"@id\":\"https:\\\/\\\/naturalpoland.com\\\/tr\\\/urunler\\\/gida-hammaddeleri\\\/gida-yaglari\\\/kusburnu-yagi\\\/#primaryimage\",\"url\":\"https:\\\/\\\/naturalpoland.com\\\/wp-content\\\/uploads\\\/olej-z-owocow-dzikiej-rozy.webp\",\"contentUrl\":\"https:\\\/\\\/naturalpoland.com\\\/wp-content\\\/uploads\\\/olej-z-owocow-dzikiej-rozy.webp\",\"width\":619,\"height\":619,\"caption\":\"Rosa Canina Ku\u015fburnu Ya\u011f\u0131\"},{\"@type\":\"BreadcrumbList\",\"@id\":\"https:\\\/\\\/naturalpoland.com\\\/tr\\\/urunler\\\/gida-hammaddeleri\\\/gida-yaglari\\\/kusburnu-yagi\\\/#breadcrumb\",\"itemListElement\":[{\"@type\":\"ListItem\",\"position\":1,\"name\":\"Ana Sayfa\",\"item\":\"https:\\\/\\\/naturalpoland.com\\\/tr\\\/\"},{\"@type\":\"ListItem\",\"position\":2,\"name\":\"\u00dcr\u00fcnler\",\"item\":\"https:\\\/\\\/naturalpoland.com\\\/tr\\\/urunler\\\/\"},{\"@type\":\"ListItem\",\"position\":3,\"name\":\"Ku\u015fburnu Ya\u011f\u0131\"}]},{\"@type\":\"WebSite\",\"@id\":\"https:\\\/\\\/naturalpoland.com\\\/tr\\\/#website\",\"url\":\"https:\\\/\\\/naturalpoland.com\\\/tr\\\/\",\"name\":\"NATURAL POLAND - Hurtowy Dystrybutor Surowc\u00f3w\",\"description\":\"Surowce dla przemys\u0142u spo\u017cywczego, kosmetycznego i farmaceutycznego\",\"publisher\":{\"@id\":\"https:\\\/\\\/naturalpoland.com\\\/tr\\\/#organization\"},\"potentialAction\":[{\"@type\":\"SearchAction\",\"target\":{\"@type\":\"EntryPoint\",\"urlTemplate\":\"https:\\\/\\\/naturalpoland.com\\\/tr\\\/?s={search_term_string}\"},\"query-input\":{\"@type\":\"PropertyValueSpecification\",\"valueRequired\":true,\"valueName\":\"search_term_string\"}}],\"inLanguage\":\"tr\"},{\"@type\":\"Organization\",\"@id\":\"https:\\\/\\\/naturalpoland.com\\\/tr\\\/#organization\",\"name\":\"Natural Poland\",\"url\":\"https:\\\/\\\/naturalpoland.com\\\/tr\\\/\",\"logo\":{\"@type\":\"ImageObject\",\"inLanguage\":\"tr\",\"@id\":\"https:\\\/\\\/naturalpoland.com\\\/tr\\\/#\\\/schema\\\/logo\\\/image\\\/\",\"url\":\"https:\\\/\\\/naturalpoland.com\\\/wp-content\\\/uploads\\\/2021\\\/05\\\/natural-poland-icon.png\",\"contentUrl\":\"https:\\\/\\\/naturalpoland.com\\\/wp-content\\\/uploads\\\/2021\\\/05\\\/natural-poland-icon.png\",\"width\":512,\"height\":512,\"caption\":\"Natural Poland\"},\"image\":{\"@id\":\"https:\\\/\\\/naturalpoland.com\\\/tr\\\/#\\\/schema\\\/logo\\\/image\\\/\"},\"sameAs\":[\"https:\\\/\\\/www.facebook.com\\\/naturalpoland.b2b\",\"https:\\\/\\\/pl.linkedin.com\\\/company\\\/natural-poland\",\"https:\\\/\\\/www.youtube.com\\\/channel\\\/UCgeGGkvOMahZo-xu_MSEWxg\"]}]}<\/script>\n<!-- \/ Yoast SEO plugin. -->","yoast_head_json":{"title":"Ku\u015fburnu Ya\u011f\u0131 - NATURAL POLAND - Hurtowy Dystrybutor Surowc\u00f3w","description":"Rosa Canina ku\u015fburnu ya\u011f\u0131, yabani g\u00fcl \u00e7al\u0131lar\u0131n\u0131n t\u00fcm meyvelerinden so\u011fuk s\u0131k\u0131m y\u00f6ntemiyle elde edilen en y\u00fcksek kalitede bir \u00fcr\u00fcnd\u00fcr.","robots":{"index":"index","follow":"follow","max-snippet":"max-snippet:-1","max-image-preview":"max-image-preview:large","max-video-preview":"max-video-preview:-1"},"canonical":"https:\/\/naturalpoland.com\/tr\/urunler\/gida-hammaddeleri\/gida-yaglari\/kusburnu-yagi\/","og_locale":"tr_TR","og_type":"article","og_title":"Ku\u015fburnu Ya\u011f\u0131 - NATURAL POLAND - Hurtowy Dystrybutor Surowc\u00f3w","og_description":"Rosa Canina ku\u015fburnu ya\u011f\u0131, yabani g\u00fcl \u00e7al\u0131lar\u0131n\u0131n t\u00fcm meyvelerinden so\u011fuk s\u0131k\u0131m y\u00f6ntemiyle elde edilen en y\u00fcksek kalitede bir \u00fcr\u00fcnd\u00fcr.","og_url":"https:\/\/naturalpoland.com\/tr\/urunler\/gida-hammaddeleri\/gida-yaglari\/kusburnu-yagi\/","og_site_name":"NATURAL POLAND - Hurtowy Dystrybutor Surowc\u00f3w","article_publisher":"https:\/\/www.facebook.com\/naturalpoland.b2b","article_modified_time":"2025-12-22T10:17:59+00:00","og_image":[{"width":619,"height":619,"url":"https:\/\/naturalpoland.com\/wp-content\/uploads\/olej-z-owocow-dzikiej-rozy.webp","type":"image\/webp"}],"schema":{"@context":"https:\/\/schema.org","@graph":[{"@type":"WebPage","@id":"https:\/\/naturalpoland.com\/tr\/urunler\/gida-hammaddeleri\/gida-yaglari\/kusburnu-yagi\/","url":"https:\/\/naturalpoland.com\/tr\/urunler\/gida-hammaddeleri\/gida-yaglari\/kusburnu-yagi\/","name":"Ku\u015fburnu Ya\u011f\u0131 - NATURAL POLAND - Hurtowy Dystrybutor Surowc\u00f3w","isPartOf":{"@id":"https:\/\/naturalpoland.com\/tr\/#website"},"primaryImageOfPage":{"@id":"https:\/\/naturalpoland.com\/tr\/urunler\/gida-hammaddeleri\/gida-yaglari\/kusburnu-yagi\/#primaryimage"},"image":{"@id":"https:\/\/naturalpoland.com\/tr\/urunler\/gida-hammaddeleri\/gida-yaglari\/kusburnu-yagi\/#primaryimage"},"thumbnailUrl":"https:\/\/naturalpoland.com\/wp-content\/uploads\/olej-z-owocow-dzikiej-rozy.webp","datePublished":"2021-05-11T11:52:08+00:00","dateModified":"2025-12-22T10:17:59+00:00","description":"Rosa Canina ku\u015fburnu ya\u011f\u0131, yabani g\u00fcl \u00e7al\u0131lar\u0131n\u0131n t\u00fcm meyvelerinden so\u011fuk s\u0131k\u0131m y\u00f6ntemiyle elde edilen en y\u00fcksek kalitede bir \u00fcr\u00fcnd\u00fcr.","breadcrumb":{"@id":"https:\/\/naturalpoland.com\/tr\/urunler\/gida-hammaddeleri\/gida-yaglari\/kusburnu-yagi\/#breadcrumb"},"inLanguage":"tr","potentialAction":[{"@type":"ReadAction","target":["https:\/\/naturalpoland.com\/tr\/urunler\/gida-hammaddeleri\/gida-yaglari\/kusburnu-yagi\/"]}]},{"@type":"ImageObject","inLanguage":"tr","@id":"https:\/\/naturalpoland.com\/tr\/urunler\/gida-hammaddeleri\/gida-yaglari\/kusburnu-yagi\/#primaryimage","url":"https:\/\/naturalpoland.com\/wp-content\/uploads\/olej-z-owocow-dzikiej-rozy.webp","contentUrl":"https:\/\/naturalpoland.com\/wp-content\/uploads\/olej-z-owocow-dzikiej-rozy.webp","width":619,"height":619,"caption":"Rosa Canina Ku\u015fburnu Ya\u011f\u0131"},{"@type":"BreadcrumbList","@id":"https:\/\/naturalpoland.com\/tr\/urunler\/gida-hammaddeleri\/gida-yaglari\/kusburnu-yagi\/#breadcrumb","itemListElement":[{"@type":"ListItem","position":1,"name":"Ana Sayfa","item":"https:\/\/naturalpoland.com\/tr\/"},{"@type":"ListItem","position":2,"name":"\u00dcr\u00fcnler","item":"https:\/\/naturalpoland.com\/tr\/urunler\/"},{"@type":"ListItem","position":3,"name":"Ku\u015fburnu Ya\u011f\u0131"}]},{"@type":"WebSite","@id":"https:\/\/naturalpoland.com\/tr\/#website","url":"https:\/\/naturalpoland.com\/tr\/","name":"NATURAL POLAND - Hurtowy Dystrybutor Surowc\u00f3w","description":"Surowce dla przemys\u0142u spo\u017cywczego, kosmetycznego i farmaceutycznego","publisher":{"@id":"https:\/\/naturalpoland.com\/tr\/#organization"},"potentialAction":[{"@type":"SearchAction","target":{"@type":"EntryPoint","urlTemplate":"https:\/\/naturalpoland.com\/tr\/?s={search_term_string}"},"query-input":{"@type":"PropertyValueSpecification","valueRequired":true,"valueName":"search_term_string"}}],"inLanguage":"tr"},{"@type":"Organization","@id":"https:\/\/naturalpoland.com\/tr\/#organization","name":"Natural Poland","url":"https:\/\/naturalpoland.com\/tr\/","logo":{"@type":"ImageObject","inLanguage":"tr","@id":"https:\/\/naturalpoland.com\/tr\/#\/schema\/logo\/image\/","url":"https:\/\/naturalpoland.com\/wp-content\/uploads\/2021\/05\/natural-poland-icon.png","contentUrl":"https:\/\/naturalpoland.com\/wp-content\/uploads\/2021\/05\/natural-poland-icon.png","width":512,"height":512,"caption":"Natural Poland"},"image":{"@id":"https:\/\/naturalpoland.com\/tr\/#\/schema\/logo\/image\/"},"sameAs":["https:\/\/www.facebook.com\/naturalpoland.b2b","https:\/\/pl.linkedin.com\/company\/natural-poland","https:\/\/www.youtube.com\/channel\/UCgeGGkvOMahZo-xu_MSEWxg"]}]}},"_links":{"self":[{"href":"https:\/\/naturalpoland.com\/tr\/wp-json\/wp\/v2\/product\/44231","targetHints":{"allow":["GET"]}}],"collection":[{"href":"https:\/\/naturalpoland.com\/tr\/wp-json\/wp\/v2\/product"}],"about":[{"href":"https:\/\/naturalpoland.com\/tr\/wp-json\/wp\/v2\/types\/product"}],"wp:featuredmedia":[{"embeddable":true,"href":"https:\/\/naturalpoland.com\/tr\/wp-json\/wp\/v2\/media\/44233"}],"wp:attachment":[{"href":"https:\/\/naturalpoland.com\/tr\/wp-json\/wp\/v2\/media?parent=44231"}],"wp:term":[{"taxonomy":"product_brand","embeddable":true,"href":"https:\/\/naturalpoland.com\/tr\/wp-json\/wp\/v2\/product_brand?post=44231"},{"taxonomy":"product_cat","embeddable":true,"href":"https:\/\/naturalpoland.com\/tr\/wp-json\/wp\/v2\/product_cat?post=44231"},{"taxonomy":"product_tag","embeddable":true,"href":"https:\/\/naturalpoland.com\/tr\/wp-json\/wp\/v2\/product_tag?post=44231"}],"curies":[{"name":"wp","href":"https:\/\/api.w.org\/{rel}","templated":true}]}}