{"id":44234,"date":"2021-05-11T13:50:10","date_gmt":"2021-05-11T11:50:10","guid":{"rendered":"https:\/\/naturalpoland.com\/produkty\/kategorilenmemis\/soguk-sikim-yabani-gul-tohumu-yagi\/"},"modified":"2025-12-22T11:18:45","modified_gmt":"2025-12-22T10:18:45","slug":"soguk-sikim-yabani-gul-tohumu-yagi","status":"publish","type":"product","link":"https:\/\/naturalpoland.com\/tr\/urunler\/gida-hammaddeleri\/gida-yaglari\/soguk-sikim-yabani-gul-tohumu-yagi\/","title":{"rendered":"So\u011fuk s\u0131k\u0131m yabani g\u00fcl tohumu ya\u011f\u0131"},"content":{"rendered":"<p>G\u00fcl genellikle <strong>meyveleri<\/strong> ve <strong>\u00e7i\u00e7eklerinden<\/strong> elde edilen bile\u015fenlerle ili\u015fkilendirilse de (<strong><a href=\"https:\/\/naturalpoland.com\/tr\/urunler\/gida-hammaddeleri\/gida-yaglari\/kusburnu-yagi\/\">yabani g\u00fcl meyvesi ya\u011f\u0131<\/a><\/strong>, <strong><a href=\"https:\/\/naturalpoland.pl\/artykuly\/produkty-naturalne\/hydrolat-rozany-wlasciwosci-i-zastosowanie\/\">g\u00fcl hidrolat<\/a><\/strong>, <strong><a href=\"https:\/\/naturalpoland.com\/produkty\/produkty-dla-przemyslu-kosmetycznego\/maceraty\/macerat-z-platkow-rozy\/\">g\u00fcl yapra\u011f\u0131 maserat\u0131<\/a><\/strong>, g\u00fcl suyu), <a href=\"https:\/\/naturalpoland.com\/produkty\/produkty-roslinne\/pestki-z-owocow-dzikiej-rozy\/\"><strong>tohumlar\u0131n\u0131<\/strong><\/a> unutmamak gerekir. Genellikle \u00fcretim at\u0131\u011f\u0131 olarak g\u00f6r\u00fclseler de, bu tohumlar \u00e7ok say\u0131da \u00f6zelli\u011fe sahip bir ya\u011f \u00fcretmek i\u00e7in kullan\u0131labilir. <\/p>\n<h2 class=\"wp-block-heading\">Yabani g\u00fcl tohumlar\u0131 &#8211; \u00f6zellikleri<\/h2>\n<p><strong><a href=\"https:\/\/naturalpoland.com\/tr\/urunler\/gida-hammaddeleri\/gida-yaglari\/soguk-sikim-yabani-gul-tohumu-yagi\/\">Yabani g\u00fcl tohumu ya\u011f\u0131<\/a><\/strong> so\u011fuk s\u0131k\u0131m y\u00f6ntemiyle elde edilir. A\u00e7\u0131k sar\u0131 veya turuncu renge sahiptir ve hammaddedeki nispeten d\u00fc\u015f\u00fck i\u00e7eri\u011fine ra\u011fmen \u00e7ok verimli bir \u00fcr\u00fcnd\u00fcr. Sadece birka\u00e7 damla eklemek bile bir kozmeti\u011fin etkisini g\u00f6zle g\u00f6r\u00fcl\u00fcr \u015fekilde iyile\u015ftirebilir.  <\/p>\n<p>Bile\u015fiminde ya\u011f asitleri bask\u0131nd\u0131r &#8211; linoleik asit, linolenik asit, oleik asit ve daha d\u00fc\u015f\u00fck konsantrasyonlarda bulunan stearik asit, palmitik asit, ara\u015fidik asit ve fitosteroller (\u03b2-sitosterol, stigmasterol, kampesterol, \u03947-stigmastenol, \u03945-avenasterol). Ayr\u0131ca, yabani g\u00fcl tohumlar\u0131 ve bunlardan elde edilen ya\u011f, vitaminler (A, C, E), mineraller (\u00e7inko, manganez, sodyum, potasyum, demir) ve karotenoidler (<a href=\"https:\/\/naturalpoland.com\/produkty\/produkty-dla-przemyslu-farmaceutycznego-i-medycznego\/witaminy\/beta-karoten-100-naturalny\/\"><strong>beta-karoten<\/strong><\/a>) a\u00e7\u0131s\u0131ndan da zengin bir kaynakt\u0131r. <\/p>\n<h2 class=\"wp-block-heading\">Yabani g\u00fcl tohumu ya\u011f\u0131n\u0131n \u00f6zellikleri<\/h2>\n<p>Y\u00fcksek esansiyel ya\u011f asidi, karotenoid ve vitamin i\u00e7eri\u011fi sayesinde, yabani g\u00fcl tohumu ya\u011f\u0131 sa\u011fl\u0131\u011f\u0131m\u0131z, \u00f6zellikle de cilt sa\u011fl\u0131\u011f\u0131m\u0131z i\u00e7in \u00e7ok say\u0131da fayda sa\u011flar, \u00f6zellikle olgun cilt i\u00e7in. <g id=\"gid_0\">Cilt bak\u0131m\u0131n\u0131 destekler, gen\u00e7le\u015ftirici<\/g> (anti-aging), <strong>nemlendirici, p\u00fcr\u00fczs\u00fczle\u015ftirici<\/strong> etki g\u00f6sterir ve ayr\u0131ca  <strong>  yara izlerinin iyile\u015fmesine yard\u0131mc\u0131 olur, k\u0131r\u0131\u015f\u0131kl\u0131klar\u0131 d\u00fczeltir ve cildin foto-ya\u015flanmas\u0131n\u0131 azalt\u0131r.<\/strong><\/p>\n<p>Yabani g\u00fcl tohumu ya\u011f\u0131nda bulunan g\u00fc\u00e7l\u00fc antioksidan etkiye sahip bile\u015fikler (karotenoidler, vitaminler) <strong>cilt tonunu iyile\u015ftirir ve lekeleri azalt\u0131r, kolajen \u00fcretimini art\u0131r\u0131r, h\u00fccre yenilenmesini destekler ve onlar\u0131 oksidatif stresin olumsuz etkilerinden korur<\/strong>. Ayn\u0131 zamanda, ya\u011fda bulunan ya\u011f asitleri g\u00fc\u00e7l\u00fc bir <strong>nemlendirici etki<\/strong> g\u00f6sterir ve cildi a\u015f\u0131r\u0131 su kayb\u0131na kar\u015f\u0131 korur. Dahas\u0131, yabani g\u00fcl tohumu ya\u011f\u0131 <strong>anti-enflamatuar ve yat\u0131\u015ft\u0131r\u0131c\u0131<\/strong> \u00f6zelliklere de sahiptir.  <\/p>\n<p>&nbsp;<\/p>\n<p><img decoding=\"async\" class=\"aligncenter size-full wp-image-20381\" src=\"https:\/\/naturalpoland.com\/wp-content\/uploads\/zastosowanie-oleju-z-pestek-dzikiej-rozy.jpg\" alt=\"yabani g\u00fcl \u00e7ekirde\u011fi ya\u011f\u0131n\u0131n kullan\u0131m\u0131\" width=\"1000\" height=\"522\" srcset=\"https:\/\/naturalpoland.com\/wp-content\/uploads\/zastosowanie-oleju-z-pestek-dzikiej-rozy.jpg 1000w, https:\/\/naturalpoland.com\/wp-content\/uploads\/zastosowanie-oleju-z-pestek-dzikiej-rozy-510x266.jpg 510w, https:\/\/naturalpoland.com\/wp-content\/uploads\/zastosowanie-oleju-z-pestek-dzikiej-rozy-300x157.jpg 300w, https:\/\/naturalpoland.com\/wp-content\/uploads\/zastosowanie-oleju-z-pestek-dzikiej-rozy-768x401.jpg 768w\" sizes=\"(max-width: 1000px) 100vw, 1000px\" \/><\/p>\n<h2><\/h2>\n<h2 class=\"wp-block-heading\">Yabani g\u00fcl tohumu ya\u011f\u0131n\u0131n kullan\u0131m alanlar\u0131<\/h2>\n<p>Bahsedilen \u00f6zellikler, yabani g\u00fcl ya\u011f\u0131n\u0131n \u00e7ok say\u0131da kozmetik uygulamaya sahip olmas\u0131n\u0131 sa\u011flar. <strong>Kuru cilt bak\u0131m\u0131nda<\/strong> (nemlendirici, tahri\u015f giderici etki), <strong>hassas ciltlerde<\/strong> (kan damarlar\u0131n\u0131 g\u00fc\u00e7lendirir), <strong>olgun ciltlerde<\/strong> (ya\u015flanma kar\u015f\u0131t\u0131 etki) kullan\u0131labilir ve ayn\u0131 zamanda lekeler, kusurlar ve akne ile m\u00fccadele eden ki\u015filer taraf\u0131ndan da takdir edilecektir. <\/p>\n<p>Yabani g\u00fcl tohumu ya\u011f\u0131 sadece <strong>k\u0131r\u0131\u015f\u0131kl\u0131klar\u0131 etkili bir \u015fekilde d\u00fczeltmekle ve \u00e7atlaklar\u0131 azaltmakla<\/strong> kalmaz, ayn\u0131 zamanda cilt hasar\u0131n\u0131n etkilerini gidermek i\u00e7in de ba\u015far\u0131yla kullan\u0131labilir. <strong>Yara iyile\u015fmesini h\u0131zland\u0131r\u0131r ve yara izi olu\u015fumunu \u00f6nler<\/strong>, ayr\u0131ca mevcut yara izlerinin g\u00f6r\u00fcn\u00fcrl\u00fc\u011f\u00fcn\u00fc azalt\u0131r.<\/p>\n<p>Nemlendirici, besleyici ve bak\u0131m \u00f6zellikleri sayesinde, yabani g\u00fcl tohumu ya\u011f\u0131 sa\u00e7 bak\u0131m \u00fcr\u00fcnlerinde de kullan\u0131labilir. <strong>Hasar g\u00f6rm\u00fc\u015f sa\u00e7lar\u0131n durumunu iyile\u015ftirir, yenilenmelerini destekler<\/strong>, ekstra parlakl\u0131k verir ve taranmay\u0131 kolayla\u015ft\u0131r\u0131r. Ayn\u0131 zamanda g\u00f6zenekleri t\u0131kamaz ve sa\u00e7lar\u0131 a\u011f\u0131rla\u015ft\u0131rmaz. <\/p>\n<h2 class=\"wp-block-heading\">Yabani g\u00fcl tohumu ya\u011f\u0131 nas\u0131l kullan\u0131l\u0131r?<\/h2>\n<p>Yabani g\u00fcl tohumu ya\u011f\u0131 <strong>do\u011frudan cilde, sa\u00e7lara ve t\u0131rnaklara<\/strong> uygulanabilir &#8211; birka\u00e7 damla uygulamak ve iyice masaj yapmak yeterlidir. Yabani g\u00fcl tohumu ya\u011f\u0131n\u0131n \u00f6zelliklerinden yararlanman\u0131n bir di\u011fer yolu da <strong>onu bir kozmeti\u011fe, baza veya maskeye eklemektir<\/strong>. Y\u00fcksek ya\u011f asidi i\u00e7eri\u011fi sayesinde ya\u011fl\u0131 bazlar taraf\u0131ndan kolayca emilir. G\u00fc\u00e7l\u00fc \u00f6zellikleri sayesinde sadece birka\u00e7 damla preparat eklemek yeterlidir, bu da onu \u00e7ok verimli bir \u00fcr\u00fcn haline getirir.   <\/p>\n<hr>\n<h5 class=\"author-name uppercase pt-half\"><strong>Dr. Katarzyna Kimel, Eczac\u0131l\u0131k Bilimleri Doktoru  <\/strong><\/h5>\n<p class=\"author-desc small\">Bilimsel ilgi alanlar\u0131 bitkisel ila\u00e7lar ve do\u011fal kaynakl\u0131 biyoaktif maddeler \u00fczerine ara\u015ft\u0131rmalara odaklanan Eczac\u0131l\u0131k Bilimleri Doktoru. Seyahat etmeyi ve bo\u015f zamanlar\u0131n\u0131 do\u011fada ge\u00e7irmeyi seven biri. <\/p>\n","protected":false},"excerpt":{"rendered":"<p>Yabani g\u00fcl ya\u011f\u0131, yabani g\u00fcl tohumlar\u0131n\u0131n so\u011fuk s\u0131k\u0131m\u0131yla elde edilir. Bu \u00fcr\u00fcn \u00e7e\u015fitli cilt tiplerinin bak\u0131m\u0131nda kullan\u0131l\u0131r. <\/p>\n","protected":false},"featured_media":44239,"template":"","meta":{"_acf_changed":false},"product_brand":[],"product_cat":[9551,9532,9571],"product_tag":[],"class_list":{"0":"post-44234","1":"product","2":"type-product","3":"status-publish","4":"has-post-thumbnail","6":"product_cat-kozmetik-yaglari","7":"product_cat-gida-ve-kozmetik-yaglari","8":"product_cat-gida-yaglari","9":"pa_metoda-pozyskiwania-soguk-pres","11":"first","12":"instock","13":"shipping-taxable","14":"product-type-simple"},"acf":[],"yoast_head":"<!-- This site is optimized with the Yoast SEO plugin v27.5 - https:\/\/yoast.com\/product\/yoast-seo-wordpress\/ -->\n<title>So\u011fuk s\u0131k\u0131m yabani g\u00fcl tohumu ya\u011f\u0131 - NATURAL POLAND - Hurtowy Dystrybutor Surowc\u00f3w<\/title>\n<meta name=\"description\" content=\"Yabani g\u00fcl ya\u011f\u0131, yabani g\u00fcl tohumlar\u0131n\u0131n so\u011fuk s\u0131k\u0131m\u0131yla elde edilir. Bu \u00fcr\u00fcn \u00e7e\u015fitli cilt tiplerinin bak\u0131m\u0131nda kullan\u0131l\u0131r.\" \/>\n<meta name=\"robots\" content=\"index, follow, max-snippet:-1, max-image-preview:large, max-video-preview:-1\" \/>\n<link rel=\"canonical\" href=\"https:\/\/naturalpoland.com\/tr\/urunler\/gida-hammaddeleri\/gida-yaglari\/soguk-sikim-yabani-gul-tohumu-yagi\/\" \/>\n<meta property=\"og:locale\" content=\"tr_TR\" \/>\n<meta property=\"og:type\" content=\"article\" \/>\n<meta property=\"og:title\" content=\"So\u011fuk s\u0131k\u0131m yabani g\u00fcl tohumu ya\u011f\u0131 - NATURAL POLAND - Hurtowy Dystrybutor Surowc\u00f3w\" \/>\n<meta property=\"og:description\" content=\"Yabani g\u00fcl ya\u011f\u0131, yabani g\u00fcl tohumlar\u0131n\u0131n so\u011fuk s\u0131k\u0131m\u0131yla elde edilir. Bu \u00fcr\u00fcn \u00e7e\u015fitli cilt tiplerinin bak\u0131m\u0131nda kullan\u0131l\u0131r.\" \/>\n<meta property=\"og:url\" content=\"https:\/\/naturalpoland.com\/tr\/urunler\/gida-hammaddeleri\/gida-yaglari\/soguk-sikim-yabani-gul-tohumu-yagi\/\" \/>\n<meta property=\"og:site_name\" content=\"NATURAL POLAND - Hurtowy Dystrybutor Surowc\u00f3w\" \/>\n<meta property=\"article:publisher\" content=\"https:\/\/www.facebook.com\/naturalpoland.b2b\" \/>\n<meta property=\"article:modified_time\" content=\"2025-12-22T10:18:45+00:00\" \/>\n<meta property=\"og:image\" content=\"https:\/\/naturalpoland.com\/wp-content\/uploads\/olej-z-nasion-dzikiej-rozy.webp\" \/>\n\t<meta property=\"og:image:width\" content=\"1024\" \/>\n\t<meta property=\"og:image:height\" content=\"1024\" \/>\n\t<meta property=\"og:image:type\" content=\"image\/webp\" \/>\n<script type=\"application\/ld+json\" class=\"yoast-schema-graph\">{\"@context\":\"https:\\\/\\\/schema.org\",\"@graph\":[{\"@type\":\"WebPage\",\"@id\":\"https:\\\/\\\/naturalpoland.com\\\/tr\\\/urunler\\\/gida-hammaddeleri\\\/gida-yaglari\\\/soguk-sikim-yabani-gul-tohumu-yagi\\\/\",\"url\":\"https:\\\/\\\/naturalpoland.com\\\/tr\\\/urunler\\\/gida-hammaddeleri\\\/gida-yaglari\\\/soguk-sikim-yabani-gul-tohumu-yagi\\\/\",\"name\":\"So\u011fuk s\u0131k\u0131m yabani g\u00fcl tohumu ya\u011f\u0131 - NATURAL POLAND - Hurtowy Dystrybutor Surowc\u00f3w\",\"isPartOf\":{\"@id\":\"https:\\\/\\\/naturalpoland.com\\\/tr\\\/#website\"},\"primaryImageOfPage\":{\"@id\":\"https:\\\/\\\/naturalpoland.com\\\/tr\\\/urunler\\\/gida-hammaddeleri\\\/gida-yaglari\\\/soguk-sikim-yabani-gul-tohumu-yagi\\\/#primaryimage\"},\"image\":{\"@id\":\"https:\\\/\\\/naturalpoland.com\\\/tr\\\/urunler\\\/gida-hammaddeleri\\\/gida-yaglari\\\/soguk-sikim-yabani-gul-tohumu-yagi\\\/#primaryimage\"},\"thumbnailUrl\":\"https:\\\/\\\/naturalpoland.com\\\/wp-content\\\/uploads\\\/olej-z-nasion-dzikiej-rozy.webp\",\"datePublished\":\"2021-05-11T11:50:10+00:00\",\"dateModified\":\"2025-12-22T10:18:45+00:00\",\"description\":\"Yabani g\u00fcl ya\u011f\u0131, yabani g\u00fcl tohumlar\u0131n\u0131n so\u011fuk s\u0131k\u0131m\u0131yla elde edilir. Bu \u00fcr\u00fcn \u00e7e\u015fitli cilt tiplerinin bak\u0131m\u0131nda kullan\u0131l\u0131r.\",\"breadcrumb\":{\"@id\":\"https:\\\/\\\/naturalpoland.com\\\/tr\\\/urunler\\\/gida-hammaddeleri\\\/gida-yaglari\\\/soguk-sikim-yabani-gul-tohumu-yagi\\\/#breadcrumb\"},\"inLanguage\":\"tr\",\"potentialAction\":[{\"@type\":\"ReadAction\",\"target\":[\"https:\\\/\\\/naturalpoland.com\\\/tr\\\/urunler\\\/gida-hammaddeleri\\\/gida-yaglari\\\/soguk-sikim-yabani-gul-tohumu-yagi\\\/\"]}]},{\"@type\":\"ImageObject\",\"inLanguage\":\"tr\",\"@id\":\"https:\\\/\\\/naturalpoland.com\\\/tr\\\/urunler\\\/gida-hammaddeleri\\\/gida-yaglari\\\/soguk-sikim-yabani-gul-tohumu-yagi\\\/#primaryimage\",\"url\":\"https:\\\/\\\/naturalpoland.com\\\/wp-content\\\/uploads\\\/olej-z-nasion-dzikiej-rozy.webp\",\"contentUrl\":\"https:\\\/\\\/naturalpoland.com\\\/wp-content\\\/uploads\\\/olej-z-nasion-dzikiej-rozy.webp\",\"width\":1024,\"height\":1024,\"caption\":\"yabani g\u00fcl tohumu ya\u011f\u0131\"},{\"@type\":\"BreadcrumbList\",\"@id\":\"https:\\\/\\\/naturalpoland.com\\\/tr\\\/urunler\\\/gida-hammaddeleri\\\/gida-yaglari\\\/soguk-sikim-yabani-gul-tohumu-yagi\\\/#breadcrumb\",\"itemListElement\":[{\"@type\":\"ListItem\",\"position\":1,\"name\":\"Ana Sayfa\",\"item\":\"https:\\\/\\\/naturalpoland.com\\\/tr\\\/\"},{\"@type\":\"ListItem\",\"position\":2,\"name\":\"\u00dcr\u00fcnler\",\"item\":\"https:\\\/\\\/naturalpoland.com\\\/tr\\\/urunler\\\/\"},{\"@type\":\"ListItem\",\"position\":3,\"name\":\"So\u011fuk s\u0131k\u0131m yabani g\u00fcl tohumu ya\u011f\u0131\"}]},{\"@type\":\"WebSite\",\"@id\":\"https:\\\/\\\/naturalpoland.com\\\/tr\\\/#website\",\"url\":\"https:\\\/\\\/naturalpoland.com\\\/tr\\\/\",\"name\":\"NATURAL POLAND - Hurtowy Dystrybutor Surowc\u00f3w\",\"description\":\"Surowce dla przemys\u0142u spo\u017cywczego, kosmetycznego i farmaceutycznego\",\"publisher\":{\"@id\":\"https:\\\/\\\/naturalpoland.com\\\/tr\\\/#organization\"},\"potentialAction\":[{\"@type\":\"SearchAction\",\"target\":{\"@type\":\"EntryPoint\",\"urlTemplate\":\"https:\\\/\\\/naturalpoland.com\\\/tr\\\/?s={search_term_string}\"},\"query-input\":{\"@type\":\"PropertyValueSpecification\",\"valueRequired\":true,\"valueName\":\"search_term_string\"}}],\"inLanguage\":\"tr\"},{\"@type\":\"Organization\",\"@id\":\"https:\\\/\\\/naturalpoland.com\\\/tr\\\/#organization\",\"name\":\"Natural Poland\",\"url\":\"https:\\\/\\\/naturalpoland.com\\\/tr\\\/\",\"logo\":{\"@type\":\"ImageObject\",\"inLanguage\":\"tr\",\"@id\":\"https:\\\/\\\/naturalpoland.com\\\/tr\\\/#\\\/schema\\\/logo\\\/image\\\/\",\"url\":\"https:\\\/\\\/naturalpoland.com\\\/wp-content\\\/uploads\\\/2021\\\/05\\\/natural-poland-icon.png\",\"contentUrl\":\"https:\\\/\\\/naturalpoland.com\\\/wp-content\\\/uploads\\\/2021\\\/05\\\/natural-poland-icon.png\",\"width\":512,\"height\":512,\"caption\":\"Natural Poland\"},\"image\":{\"@id\":\"https:\\\/\\\/naturalpoland.com\\\/tr\\\/#\\\/schema\\\/logo\\\/image\\\/\"},\"sameAs\":[\"https:\\\/\\\/www.facebook.com\\\/naturalpoland.b2b\",\"https:\\\/\\\/pl.linkedin.com\\\/company\\\/natural-poland\",\"https:\\\/\\\/www.youtube.com\\\/channel\\\/UCgeGGkvOMahZo-xu_MSEWxg\"]}]}<\/script>\n<!-- \/ Yoast SEO plugin. -->","yoast_head_json":{"title":"So\u011fuk s\u0131k\u0131m yabani g\u00fcl tohumu ya\u011f\u0131 - NATURAL POLAND - Hurtowy Dystrybutor Surowc\u00f3w","description":"Yabani g\u00fcl ya\u011f\u0131, yabani g\u00fcl tohumlar\u0131n\u0131n so\u011fuk s\u0131k\u0131m\u0131yla elde edilir. Bu \u00fcr\u00fcn \u00e7e\u015fitli cilt tiplerinin bak\u0131m\u0131nda kullan\u0131l\u0131r.","robots":{"index":"index","follow":"follow","max-snippet":"max-snippet:-1","max-image-preview":"max-image-preview:large","max-video-preview":"max-video-preview:-1"},"canonical":"https:\/\/naturalpoland.com\/tr\/urunler\/gida-hammaddeleri\/gida-yaglari\/soguk-sikim-yabani-gul-tohumu-yagi\/","og_locale":"tr_TR","og_type":"article","og_title":"So\u011fuk s\u0131k\u0131m yabani g\u00fcl tohumu ya\u011f\u0131 - NATURAL POLAND - Hurtowy Dystrybutor Surowc\u00f3w","og_description":"Yabani g\u00fcl ya\u011f\u0131, yabani g\u00fcl tohumlar\u0131n\u0131n so\u011fuk s\u0131k\u0131m\u0131yla elde edilir. Bu \u00fcr\u00fcn \u00e7e\u015fitli cilt tiplerinin bak\u0131m\u0131nda kullan\u0131l\u0131r.","og_url":"https:\/\/naturalpoland.com\/tr\/urunler\/gida-hammaddeleri\/gida-yaglari\/soguk-sikim-yabani-gul-tohumu-yagi\/","og_site_name":"NATURAL POLAND - Hurtowy Dystrybutor Surowc\u00f3w","article_publisher":"https:\/\/www.facebook.com\/naturalpoland.b2b","article_modified_time":"2025-12-22T10:18:45+00:00","og_image":[{"width":1024,"height":1024,"url":"https:\/\/naturalpoland.com\/wp-content\/uploads\/olej-z-nasion-dzikiej-rozy.webp","type":"image\/webp"}],"schema":{"@context":"https:\/\/schema.org","@graph":[{"@type":"WebPage","@id":"https:\/\/naturalpoland.com\/tr\/urunler\/gida-hammaddeleri\/gida-yaglari\/soguk-sikim-yabani-gul-tohumu-yagi\/","url":"https:\/\/naturalpoland.com\/tr\/urunler\/gida-hammaddeleri\/gida-yaglari\/soguk-sikim-yabani-gul-tohumu-yagi\/","name":"So\u011fuk s\u0131k\u0131m yabani g\u00fcl tohumu ya\u011f\u0131 - NATURAL POLAND - Hurtowy Dystrybutor Surowc\u00f3w","isPartOf":{"@id":"https:\/\/naturalpoland.com\/tr\/#website"},"primaryImageOfPage":{"@id":"https:\/\/naturalpoland.com\/tr\/urunler\/gida-hammaddeleri\/gida-yaglari\/soguk-sikim-yabani-gul-tohumu-yagi\/#primaryimage"},"image":{"@id":"https:\/\/naturalpoland.com\/tr\/urunler\/gida-hammaddeleri\/gida-yaglari\/soguk-sikim-yabani-gul-tohumu-yagi\/#primaryimage"},"thumbnailUrl":"https:\/\/naturalpoland.com\/wp-content\/uploads\/olej-z-nasion-dzikiej-rozy.webp","datePublished":"2021-05-11T11:50:10+00:00","dateModified":"2025-12-22T10:18:45+00:00","description":"Yabani g\u00fcl ya\u011f\u0131, yabani g\u00fcl tohumlar\u0131n\u0131n so\u011fuk s\u0131k\u0131m\u0131yla elde edilir. Bu \u00fcr\u00fcn \u00e7e\u015fitli cilt tiplerinin bak\u0131m\u0131nda kullan\u0131l\u0131r.","breadcrumb":{"@id":"https:\/\/naturalpoland.com\/tr\/urunler\/gida-hammaddeleri\/gida-yaglari\/soguk-sikim-yabani-gul-tohumu-yagi\/#breadcrumb"},"inLanguage":"tr","potentialAction":[{"@type":"ReadAction","target":["https:\/\/naturalpoland.com\/tr\/urunler\/gida-hammaddeleri\/gida-yaglari\/soguk-sikim-yabani-gul-tohumu-yagi\/"]}]},{"@type":"ImageObject","inLanguage":"tr","@id":"https:\/\/naturalpoland.com\/tr\/urunler\/gida-hammaddeleri\/gida-yaglari\/soguk-sikim-yabani-gul-tohumu-yagi\/#primaryimage","url":"https:\/\/naturalpoland.com\/wp-content\/uploads\/olej-z-nasion-dzikiej-rozy.webp","contentUrl":"https:\/\/naturalpoland.com\/wp-content\/uploads\/olej-z-nasion-dzikiej-rozy.webp","width":1024,"height":1024,"caption":"yabani g\u00fcl tohumu ya\u011f\u0131"},{"@type":"BreadcrumbList","@id":"https:\/\/naturalpoland.com\/tr\/urunler\/gida-hammaddeleri\/gida-yaglari\/soguk-sikim-yabani-gul-tohumu-yagi\/#breadcrumb","itemListElement":[{"@type":"ListItem","position":1,"name":"Ana Sayfa","item":"https:\/\/naturalpoland.com\/tr\/"},{"@type":"ListItem","position":2,"name":"\u00dcr\u00fcnler","item":"https:\/\/naturalpoland.com\/tr\/urunler\/"},{"@type":"ListItem","position":3,"name":"So\u011fuk s\u0131k\u0131m yabani g\u00fcl tohumu ya\u011f\u0131"}]},{"@type":"WebSite","@id":"https:\/\/naturalpoland.com\/tr\/#website","url":"https:\/\/naturalpoland.com\/tr\/","name":"NATURAL POLAND - Hurtowy Dystrybutor Surowc\u00f3w","description":"Surowce dla przemys\u0142u spo\u017cywczego, kosmetycznego i farmaceutycznego","publisher":{"@id":"https:\/\/naturalpoland.com\/tr\/#organization"},"potentialAction":[{"@type":"SearchAction","target":{"@type":"EntryPoint","urlTemplate":"https:\/\/naturalpoland.com\/tr\/?s={search_term_string}"},"query-input":{"@type":"PropertyValueSpecification","valueRequired":true,"valueName":"search_term_string"}}],"inLanguage":"tr"},{"@type":"Organization","@id":"https:\/\/naturalpoland.com\/tr\/#organization","name":"Natural Poland","url":"https:\/\/naturalpoland.com\/tr\/","logo":{"@type":"ImageObject","inLanguage":"tr","@id":"https:\/\/naturalpoland.com\/tr\/#\/schema\/logo\/image\/","url":"https:\/\/naturalpoland.com\/wp-content\/uploads\/2021\/05\/natural-poland-icon.png","contentUrl":"https:\/\/naturalpoland.com\/wp-content\/uploads\/2021\/05\/natural-poland-icon.png","width":512,"height":512,"caption":"Natural Poland"},"image":{"@id":"https:\/\/naturalpoland.com\/tr\/#\/schema\/logo\/image\/"},"sameAs":["https:\/\/www.facebook.com\/naturalpoland.b2b","https:\/\/pl.linkedin.com\/company\/natural-poland","https:\/\/www.youtube.com\/channel\/UCgeGGkvOMahZo-xu_MSEWxg"]}]}},"_links":{"self":[{"href":"https:\/\/naturalpoland.com\/tr\/wp-json\/wp\/v2\/product\/44234","targetHints":{"allow":["GET"]}}],"collection":[{"href":"https:\/\/naturalpoland.com\/tr\/wp-json\/wp\/v2\/product"}],"about":[{"href":"https:\/\/naturalpoland.com\/tr\/wp-json\/wp\/v2\/types\/product"}],"wp:featuredmedia":[{"embeddable":true,"href":"https:\/\/naturalpoland.com\/tr\/wp-json\/wp\/v2\/media\/44239"}],"wp:attachment":[{"href":"https:\/\/naturalpoland.com\/tr\/wp-json\/wp\/v2\/media?parent=44234"}],"wp:term":[{"taxonomy":"product_brand","embeddable":true,"href":"https:\/\/naturalpoland.com\/tr\/wp-json\/wp\/v2\/product_brand?post=44234"},{"taxonomy":"product_cat","embeddable":true,"href":"https:\/\/naturalpoland.com\/tr\/wp-json\/wp\/v2\/product_cat?post=44234"},{"taxonomy":"product_tag","embeddable":true,"href":"https:\/\/naturalpoland.com\/tr\/wp-json\/wp\/v2\/product_tag?post=44234"}],"curies":[{"name":"wp","href":"https:\/\/api.w.org\/{rel}","templated":true}]}}