{"id":44241,"date":"2021-05-11T13:48:55","date_gmt":"2021-05-11T11:48:55","guid":{"rendered":"https:\/\/naturalpoland.com\/produkty\/kategorilenmemis\/argan-yagi\/"},"modified":"2025-12-22T11:20:06","modified_gmt":"2025-12-22T10:20:06","slug":"argan-yagi","status":"publish","type":"product","link":"https:\/\/naturalpoland.com\/tr\/urunler\/kozmetik-hammaddeleri\/kozmetik-yaglari\/argan-yagi\/","title":{"rendered":"Argan Ya\u011f\u0131"},"content":{"rendered":"<p>Argan ya\u011f\u0131, <em>Argania spinosa<\/em> argan a\u011fac\u0131n\u0131n \u00fcretti\u011fi meyvelerin \u00e7ekirdeklerinden elde edilir. Ya\u011f, bir\u00e7ok kozmetik ve t\u0131bbi sorunu tedavi etmek i\u00e7in nadir ve de\u011ferli bir hammaddedir. Y\u00fcksek oranda esansiyel ya\u011f asitleri ve fenoller i\u00e7erir. Zeytinya\u011f\u0131ndan daha oksidasyona dayan\u0131kl\u0131d\u0131r.   <\/p>\n<p>Argan ya\u011f\u0131, organizma \u00fczerinde <strong>yenileyici<\/strong> ve <strong>h\u00fccre ya\u015flanma s\u00fcrecini engelleyici<\/strong> etki g\u00f6steren E vitamini a\u00e7\u0131s\u0131ndan b\u00fcy\u00fck rezervlere sahiptir. Her t\u00fcrl\u00fc cilt veya sa\u00e7a uygulanabilen do\u011fal bir \u00fcr\u00fcnd\u00fcr. Ayr\u0131ca alerjik e\u011filimleri olan ki\u015filer i\u00e7in de uygun bir ya\u011fd\u0131r. Argan ya\u011f\u0131 sel\u00fclit ve \u00e7atlaklara kar\u015f\u0131 m\u00fccadelede de destek sa\u011flar. Tek ba\u015f\u0131na bak\u0131m \u00fcr\u00fcn\u00fc olarak veya di\u011fer kozmetiklere katk\u0131 maddesi olarak son derece de\u011ferlidir. D\u00fczenli kullan\u0131m k\u0131sa s\u00fcrede sonu\u00e7 verir.     <\/p>\n<p>G\u00fcnl\u00fck dilde s\u0131kl\u0131kla Fas&#8217;\u0131n s\u0131v\u0131 alt\u0131n\u0131 veya gen\u00e7lik iksiri olarak adland\u0131r\u0131l\u0131r.<\/p>\n<p>&nbsp;<\/p>\n<h2>Argan ya\u011f\u0131n\u0131n kimyasal bile\u015fimi<\/h2>\n<p>Argan ya\u011f\u0131n\u0131n ya\u011f fraksiyonu esas olarak kozmetikte de\u011ferli olan <strong>doymam\u0131\u015f ya\u011f asitlerinden<\/strong> olu\u015fur: oleik asit (%42-55) ve linoleik asit (%27-40), doymu\u015f palmitik asit (%6-16) ilavesiyle.<\/p>\n<table>\n<tbody>\n<tr>\n<td>Palmitik<\/td>\n<td>C16:0<\/td>\n<td>6 \u2013 16<\/td>\n<\/tr>\n<tr>\n<td>Stearik<\/td>\n<td>C18:0<\/td>\n<td>3 \u2013 8<\/td>\n<\/tr>\n<tr>\n<td>Oleik<\/td>\n<td>C18:1<\/td>\n<td>42 \u2013 55<\/td>\n<\/tr>\n<tr>\n<td>Linoleik<\/td>\n<td>C18:2<\/td>\n<td>27 \u2013 40<\/td>\n<\/tr>\n<\/tbody>\n<\/table>\n<p>&nbsp;<\/p>\n<p>Ya\u011f\u0131n yakla\u015f\u0131k %1&#8217;ini olu\u015fturan sabunla\u015fmayan fraksiyonda ise spinasterol ve \u015fotenol\u00fcn bask\u0131n oldu\u011fu <strong>steroller<\/strong> ile triterpen alkolleri, ksantofiller, tokoferoller ve di\u011fer fenolik bile\u015fikler bulunur.<\/p>\n<p>Ya\u011f bile\u015fenlerinin yan\u0131 s\u0131ra, \u00e7ok g\u00fc\u00e7l\u00fc antioksidan \u00f6zelliklerine sahip E vitamini t\u00fcrevleri olan <strong>tokoferoller<\/strong> \u00f6zel dikkat hak eder. Argan ya\u011f\u0131nda \u03b3-tokoferol bask\u0131nd\u0131r, \u03b1-tokoferol, \u03b2-tokoferol ve \u03b4-tokoferol de mevcuttur. <\/p>\n<h1>Argan ya\u011f\u0131 nas\u0131l kullan\u0131l\u0131r?<\/h1>\n<p><strong>Argan ya\u011f\u0131n\u0131n<\/strong> Fas&#8217;\u0131n s\u0131v\u0131 alt\u0131n\u0131 olarak adland\u0131r\u0131lmas\u0131 bo\u015funa de\u011fildir. Fas&#8217;a \u00f6zg\u00fc argan a\u011fa\u00e7lar\u0131n\u0131n (<g id=\"gid_1\">Argania spinosa<\/g>) meyvelerinden elde edilen bu e\u015fsiz hammadde, d\u00fcnyadaki en zor ula\u015f\u0131labilir bitkisel ya\u011flardan biridir. Ayn\u0131 zamanda sa\u011fl\u0131k yararlar\u0131 nedeniyle argan ya\u011f\u0131 kozmetikte \u00e7ok aranan, s\u0131kl\u0131kla &#8220;gen\u00e7lik iksiri&#8221; olarak adland\u0131r\u0131lan bir hammaddedir.  <\/p>\n<h3>Kozmetikte argan ya\u011f\u0131<\/h3>\n<p>Argan ya\u011f\u0131 \u00f6ncelikle kozmetikte kullan\u0131l\u0131r &#8211; hem tek ba\u015f\u0131na hem de bile\u015fik preparatlar\u0131n bile\u015feni olarak. Hem doymam\u0131\u015f ya\u011f asitlerini hem de g\u00fc\u00e7l\u00fc antioksidan etkili bile\u015fikleri i\u00e7eren kimyasal kompozisyonu, bak\u0131m edici, besleyici, yenileyici etki g\u00f6stermesini ve sebum salg\u0131s\u0131n\u0131 azaltmas\u0131n\u0131 sa\u011flar. <\/p>\n<h3>Cilde uygulanan argan ya\u011f\u0131<\/h3>\n<p>Y\u00fczlerce y\u0131l \u00f6nce Fasl\u0131 kad\u0131nlar argan ya\u011f\u0131n\u0131 cilt bak\u0131m\u0131nda, \u00f6zellikle akne, sivilce, \u00e7i\u00e7ek hastal\u0131\u011f\u0131 izleri ve cilt \u00e7atlaklar\u0131yla m\u00fccadelede kullan\u0131yorlard\u0131. G\u00fcn\u00fcm\u00fczde bu kullan\u0131m sadece devam etmekle kalmay\u0131p bilimsel olarak da do\u011frulanm\u0131\u015ft\u0131r. <\/p>\n<p>Ayr\u0131ca argan ya\u011f\u0131 \u00f6zellikle <strong>nemlendirici ve ya\u015flanma kar\u015f\u0131t\u0131 \u00f6zellikleri<\/strong> nedeniyle de\u011ferlidir &#8211; cildi nemlendirir, serbest radikalleri n\u00f6tralize eder, besleyici etki g\u00f6sterir, yenilenmeyi destekler ve epidermis esnekli\u011fini art\u0131r\u0131r. Kozmetik kullan\u0131m\u0131nda hammaddenin fiziko-kimyasal \u00f6zellikleri de \u00f6nemlidir &#8211; ho\u015f kokuya sahiptir, cilt taraf\u0131ndan m\u00fckemmel emilir ve h\u0131zla absorbe olur. <\/p>\n<p>A\u00e7\u0131klanan \u00f6zellikler nedeniyle argan ya\u011f\u0131 hem akne cildine hem de hasarl\u0131 ve olgun cilde y\u00f6nelik kozmetik preparatlar\u0131n bile\u015feni olarak kullan\u0131labilir. Nemlendirici, k\u0131r\u0131\u015f\u0131kl\u0131k kar\u015f\u0131t\u0131, besleyici etkili krem, balsam ve serumlar\u0131n yan\u0131 s\u0131ra sabun, t\u0131ra\u015f losyonu bile\u015feni olabilir ve tek ba\u015f\u0131na masaj ya\u011f\u0131 olarak da kullan\u0131labilir. <\/p>\n<h3>Sa\u00e7 ve t\u0131rnaklara uygulanan argan ya\u011f\u0131<\/h3>\n<p>Kozmetikte argan ya\u011f\u0131 sa\u00e7 ve t\u0131rnaklara da uygulanabilir, bunlar\u0131 besler ve g\u00fc\u00e7lendirir. Argan ya\u011f\u0131n\u0131n sa\u00e7lara uygulanmas\u0131 ek faydal\u0131 \u00f6zelliklerle de ili\u015fkilidir &#8211; sa\u00e7lara parlakl\u0131k verir, yumu\u015fakl\u0131k kazand\u0131r\u0131r, sa\u00e7 derisini canland\u0131r\u0131r ve sebum salg\u0131s\u0131n\u0131 s\u0131n\u0131rlayarak sa\u00e7lar\u0131 a\u015f\u0131r\u0131 ya\u011flanmaya kar\u015f\u0131 korur. Bu ama\u00e7la hem sa\u00e7 ya\u011f\u0131 olarak hem de \u015fampuan ve sa\u00e7 kremi bile\u015feni olarak kullan\u0131labilir.  <\/p>\n<h2>Argan ya\u011f\u0131n\u0131n g\u0131da kullan\u0131m\u0131<\/h2>\n<p><strong>Argan ya\u011f\u0131n\u0131 kullanman\u0131n<\/strong> ba\u015fka bir yolu da diyetinize dahil etmektir. Y\u00fcksek fiyat\u0131na ra\u011fmen bu hammadde g\u0131da kullan\u0131m\u0131 da bulur. \u00d6zg\u00fcn f\u0131nd\u0131ks\u0131 tad\u0131 ve kokusu yemeklere do\u011fulu karakter katar, ayr\u0131ca diyet bile\u015feni olarak sa\u011fl\u0131k \u00fczerinde de olumlu etki g\u00f6sterir.  <\/p>\n<p>G\u00fc\u00e7l\u00fc antioksidan etkisi ve y\u00fcksek doymam\u0131\u015f ya\u011f asidi i\u00e7eri\u011fi nedeniyle zeytinya\u011f\u0131 gibi argan ya\u011f\u0131 da <strong>kardiyovask\u00fcler hastal\u0131klar\u0131n \u00f6nlenmesinde<\/strong> etkilidir. Ara\u015ft\u0131rmalar kandaki kolesterol ve trigliserit seviyelerini d\u00fc\u015f\u00fcrme, hipotansif ve ateroskleroz kar\u015f\u0131t\u0131 etkisini do\u011frulamaktad\u0131r. <\/p>\n<hr>\n<p><small><strong>Kaynak\u00e7a:<\/strong><\/small><\/p>\n<p><small>Charrouf Z, Guillaume D. (2008). Argan oil: Occurrence, composition and impact on human health. Eur. J. Lipid Sci. Technol. 110: 632\u2013636 https:\/\/doi.org\/10.1002\/ejlt.200700220<br \/>\nCisowski W, Fecka I, W\u0142odarczyk M. (2017). Owoce arganii (Argania spinosa (L.) Skeels) \u017ar\u00f3d\u0142em oleju t\u0142ustego. Post\u0119py Fitoter. 6: 47-53 http:\/\/www.postepyfitoterapii.pl\/wp-content\/uploads\/2017\/06\/pf_2017_047-053.pdf<br \/>\nGuillaume D, Charrouf Z. (2011). Argan oil and other argan products: Use in dermocosmetology. Eur. J. Lipid Sci. Technol. 113: 403\u2013408 https:\/\/doi.org\/10.1002\/ejlt.201000417<br \/>\nMat\u0142awska I, \u0141ajs I. (2010). Znaczenie spo\u017cywcze, lecznicze i kosmetyczne oleju arganowego. Post\u0119py Fitoter. 2: 106-113 https:\/\/www.czytelniamedyczna.pl\/3547,znaczenie-spozywcze-lecznicze-i-kosmetyczne-oleju-arganowego.html                <\/small><\/p>\n<hr>\n<h5 class=\"author-name uppercase pt-half\">Dr. Katarzyna Kimel, Eczac\u0131l\u0131k Bilimleri Doktoru  <\/h5>\n<p class=\"author-desc small\">Bilimsel ilgi alanlar\u0131 bitkisel ila\u00e7lar ve do\u011fal kaynakl\u0131 biyoaktif maddeler \u00fczerine ara\u015ft\u0131rmalara odaklanan Eczac\u0131l\u0131k Bilimleri Doktoru. Seyahat etmeyi ve bo\u015f zamanlar\u0131n\u0131 do\u011fada ge\u00e7irmeyi seven biri. <\/p>\n","protected":false},"excerpt":{"rendered":"<p>G\u00fcvenilir tedarik\u00e7iden Fas&#8217;tan temin edilen <strong>rafine edilmemi\u015f argan ya\u011f\u0131<\/strong>. <strong>Ho\u015f olmayan kokuya sahip de\u011fildir!<\/strong> Her t\u00fcrl\u00fc kozmetik \u00fcretiminde sorunsuzca kullan\u0131labilir. Bizden argan ya\u011f\u0131 sat\u0131n al\u0131rken <strong>seyreltilmemi\u015f<\/strong> ve \u00f6zellikle <strong>taze<\/strong>, y\u00fcksek <strong>E vitamini<\/strong> i\u00e7erikli \u00fcr\u00fcn ald\u0131\u011f\u0131n\u0131zdan emin olabilirsiniz.  <\/p>\n","protected":false},"featured_media":44245,"template":"","meta":{"_acf_changed":false},"product_brand":[],"product_cat":[9551,9532],"product_tag":[],"class_list":{"0":"post-44241","1":"product","2":"type-product","3":"status-publish","4":"has-post-thumbnail","6":"product_cat-kozmetik-yaglari","7":"product_cat-gida-ve-kozmetik-yaglari","8":"pa_czesc-rosliny-findik","9":"pa_grupa-substancji-emolyenler","10":"pa_metoda-pozyskiwania-soguk-pres","12":"first","13":"instock","14":"shipping-taxable","15":"product-type-simple"},"acf":[],"yoast_head":"<!-- This site is optimized with the Yoast SEO plugin v27.5 - https:\/\/yoast.com\/product\/yoast-seo-wordpress\/ -->\n<title>Argan Ya\u011f\u0131 - NATURAL POLAND - Hurtowy Dystrybutor Surowc\u00f3w<\/title>\n<meta name=\"description\" content=\"G\u00fcvenilir tedarik\u00e7iden Fas&#039;tan argan ya\u011f\u0131. Ho\u015f olmayan kokuya sahip de\u011fildir! Kozmetik \u00fcretiminde sorunsuzca kullan\u0131labilir.\" \/>\n<meta name=\"robots\" content=\"index, follow, max-snippet:-1, max-image-preview:large, max-video-preview:-1\" \/>\n<link rel=\"canonical\" href=\"https:\/\/naturalpoland.com\/tr\/urunler\/kozmetik-hammaddeleri\/kozmetik-yaglari\/argan-yagi\/\" \/>\n<meta property=\"og:locale\" content=\"tr_TR\" \/>\n<meta property=\"og:type\" content=\"article\" \/>\n<meta property=\"og:title\" content=\"Argan Ya\u011f\u0131 - NATURAL POLAND - Hurtowy Dystrybutor Surowc\u00f3w\" \/>\n<meta property=\"og:description\" content=\"G\u00fcvenilir tedarik\u00e7iden Fas&#039;tan argan ya\u011f\u0131. Ho\u015f olmayan kokuya sahip de\u011fildir! Kozmetik \u00fcretiminde sorunsuzca kullan\u0131labilir.\" \/>\n<meta property=\"og:url\" content=\"https:\/\/naturalpoland.com\/tr\/urunler\/kozmetik-hammaddeleri\/kozmetik-yaglari\/argan-yagi\/\" \/>\n<meta property=\"og:site_name\" content=\"NATURAL POLAND - Hurtowy Dystrybutor Surowc\u00f3w\" \/>\n<meta property=\"article:publisher\" content=\"https:\/\/www.facebook.com\/naturalpoland.b2b\" \/>\n<meta property=\"article:modified_time\" content=\"2025-12-22T10:20:06+00:00\" \/>\n<meta property=\"og:image\" content=\"https:\/\/naturalpoland.com\/wp-content\/uploads\/argan-oil.webp\" \/>\n\t<meta property=\"og:image:width\" content=\"619\" \/>\n\t<meta property=\"og:image:height\" content=\"619\" \/>\n\t<meta property=\"og:image:type\" content=\"image\/webp\" \/>\n<script type=\"application\/ld+json\" class=\"yoast-schema-graph\">{\"@context\":\"https:\\\/\\\/schema.org\",\"@graph\":[{\"@type\":\"WebPage\",\"@id\":\"https:\\\/\\\/naturalpoland.com\\\/tr\\\/urunler\\\/kozmetik-hammaddeleri\\\/kozmetik-yaglari\\\/argan-yagi\\\/\",\"url\":\"https:\\\/\\\/naturalpoland.com\\\/tr\\\/urunler\\\/kozmetik-hammaddeleri\\\/kozmetik-yaglari\\\/argan-yagi\\\/\",\"name\":\"Argan Ya\u011f\u0131 - NATURAL POLAND - Hurtowy Dystrybutor Surowc\u00f3w\",\"isPartOf\":{\"@id\":\"https:\\\/\\\/naturalpoland.com\\\/tr\\\/#website\"},\"primaryImageOfPage\":{\"@id\":\"https:\\\/\\\/naturalpoland.com\\\/tr\\\/urunler\\\/kozmetik-hammaddeleri\\\/kozmetik-yaglari\\\/argan-yagi\\\/#primaryimage\"},\"image\":{\"@id\":\"https:\\\/\\\/naturalpoland.com\\\/tr\\\/urunler\\\/kozmetik-hammaddeleri\\\/kozmetik-yaglari\\\/argan-yagi\\\/#primaryimage\"},\"thumbnailUrl\":\"https:\\\/\\\/naturalpoland.com\\\/wp-content\\\/uploads\\\/argan-oil.webp\",\"datePublished\":\"2021-05-11T11:48:55+00:00\",\"dateModified\":\"2025-12-22T10:20:06+00:00\",\"description\":\"G\u00fcvenilir tedarik\u00e7iden Fas'tan argan ya\u011f\u0131. Ho\u015f olmayan kokuya sahip de\u011fildir! Kozmetik \u00fcretiminde sorunsuzca kullan\u0131labilir.\",\"breadcrumb\":{\"@id\":\"https:\\\/\\\/naturalpoland.com\\\/tr\\\/urunler\\\/kozmetik-hammaddeleri\\\/kozmetik-yaglari\\\/argan-yagi\\\/#breadcrumb\"},\"inLanguage\":\"tr\",\"potentialAction\":[{\"@type\":\"ReadAction\",\"target\":[\"https:\\\/\\\/naturalpoland.com\\\/tr\\\/urunler\\\/kozmetik-hammaddeleri\\\/kozmetik-yaglari\\\/argan-yagi\\\/\"]}]},{\"@type\":\"ImageObject\",\"inLanguage\":\"tr\",\"@id\":\"https:\\\/\\\/naturalpoland.com\\\/tr\\\/urunler\\\/kozmetik-hammaddeleri\\\/kozmetik-yaglari\\\/argan-yagi\\\/#primaryimage\",\"url\":\"https:\\\/\\\/naturalpoland.com\\\/wp-content\\\/uploads\\\/argan-oil.webp\",\"contentUrl\":\"https:\\\/\\\/naturalpoland.com\\\/wp-content\\\/uploads\\\/argan-oil.webp\",\"width\":619,\"height\":619,\"caption\":\"argan ya\u011f\u0131\"},{\"@type\":\"BreadcrumbList\",\"@id\":\"https:\\\/\\\/naturalpoland.com\\\/tr\\\/urunler\\\/kozmetik-hammaddeleri\\\/kozmetik-yaglari\\\/argan-yagi\\\/#breadcrumb\",\"itemListElement\":[{\"@type\":\"ListItem\",\"position\":1,\"name\":\"Ana Sayfa\",\"item\":\"https:\\\/\\\/naturalpoland.com\\\/tr\\\/\"},{\"@type\":\"ListItem\",\"position\":2,\"name\":\"\u00dcr\u00fcnler\",\"item\":\"https:\\\/\\\/naturalpoland.com\\\/tr\\\/urunler\\\/\"},{\"@type\":\"ListItem\",\"position\":3,\"name\":\"Argan Ya\u011f\u0131\"}]},{\"@type\":\"WebSite\",\"@id\":\"https:\\\/\\\/naturalpoland.com\\\/tr\\\/#website\",\"url\":\"https:\\\/\\\/naturalpoland.com\\\/tr\\\/\",\"name\":\"NATURAL POLAND - Hurtowy Dystrybutor Surowc\u00f3w\",\"description\":\"Surowce dla przemys\u0142u spo\u017cywczego, kosmetycznego i farmaceutycznego\",\"publisher\":{\"@id\":\"https:\\\/\\\/naturalpoland.com\\\/tr\\\/#organization\"},\"potentialAction\":[{\"@type\":\"SearchAction\",\"target\":{\"@type\":\"EntryPoint\",\"urlTemplate\":\"https:\\\/\\\/naturalpoland.com\\\/tr\\\/?s={search_term_string}\"},\"query-input\":{\"@type\":\"PropertyValueSpecification\",\"valueRequired\":true,\"valueName\":\"search_term_string\"}}],\"inLanguage\":\"tr\"},{\"@type\":\"Organization\",\"@id\":\"https:\\\/\\\/naturalpoland.com\\\/tr\\\/#organization\",\"name\":\"Natural Poland\",\"url\":\"https:\\\/\\\/naturalpoland.com\\\/tr\\\/\",\"logo\":{\"@type\":\"ImageObject\",\"inLanguage\":\"tr\",\"@id\":\"https:\\\/\\\/naturalpoland.com\\\/tr\\\/#\\\/schema\\\/logo\\\/image\\\/\",\"url\":\"https:\\\/\\\/naturalpoland.com\\\/wp-content\\\/uploads\\\/2021\\\/05\\\/natural-poland-icon.png\",\"contentUrl\":\"https:\\\/\\\/naturalpoland.com\\\/wp-content\\\/uploads\\\/2021\\\/05\\\/natural-poland-icon.png\",\"width\":512,\"height\":512,\"caption\":\"Natural Poland\"},\"image\":{\"@id\":\"https:\\\/\\\/naturalpoland.com\\\/tr\\\/#\\\/schema\\\/logo\\\/image\\\/\"},\"sameAs\":[\"https:\\\/\\\/www.facebook.com\\\/naturalpoland.b2b\",\"https:\\\/\\\/pl.linkedin.com\\\/company\\\/natural-poland\",\"https:\\\/\\\/www.youtube.com\\\/channel\\\/UCgeGGkvOMahZo-xu_MSEWxg\"]}]}<\/script>\n<!-- \/ Yoast SEO plugin. -->","yoast_head_json":{"title":"Argan Ya\u011f\u0131 - NATURAL POLAND - Hurtowy Dystrybutor Surowc\u00f3w","description":"G\u00fcvenilir tedarik\u00e7iden Fas'tan argan ya\u011f\u0131. Ho\u015f olmayan kokuya sahip de\u011fildir! Kozmetik \u00fcretiminde sorunsuzca kullan\u0131labilir.","robots":{"index":"index","follow":"follow","max-snippet":"max-snippet:-1","max-image-preview":"max-image-preview:large","max-video-preview":"max-video-preview:-1"},"canonical":"https:\/\/naturalpoland.com\/tr\/urunler\/kozmetik-hammaddeleri\/kozmetik-yaglari\/argan-yagi\/","og_locale":"tr_TR","og_type":"article","og_title":"Argan Ya\u011f\u0131 - NATURAL POLAND - Hurtowy Dystrybutor Surowc\u00f3w","og_description":"G\u00fcvenilir tedarik\u00e7iden Fas'tan argan ya\u011f\u0131. Ho\u015f olmayan kokuya sahip de\u011fildir! Kozmetik \u00fcretiminde sorunsuzca kullan\u0131labilir.","og_url":"https:\/\/naturalpoland.com\/tr\/urunler\/kozmetik-hammaddeleri\/kozmetik-yaglari\/argan-yagi\/","og_site_name":"NATURAL POLAND - Hurtowy Dystrybutor Surowc\u00f3w","article_publisher":"https:\/\/www.facebook.com\/naturalpoland.b2b","article_modified_time":"2025-12-22T10:20:06+00:00","og_image":[{"width":619,"height":619,"url":"https:\/\/naturalpoland.com\/wp-content\/uploads\/argan-oil.webp","type":"image\/webp"}],"schema":{"@context":"https:\/\/schema.org","@graph":[{"@type":"WebPage","@id":"https:\/\/naturalpoland.com\/tr\/urunler\/kozmetik-hammaddeleri\/kozmetik-yaglari\/argan-yagi\/","url":"https:\/\/naturalpoland.com\/tr\/urunler\/kozmetik-hammaddeleri\/kozmetik-yaglari\/argan-yagi\/","name":"Argan Ya\u011f\u0131 - NATURAL POLAND - Hurtowy Dystrybutor Surowc\u00f3w","isPartOf":{"@id":"https:\/\/naturalpoland.com\/tr\/#website"},"primaryImageOfPage":{"@id":"https:\/\/naturalpoland.com\/tr\/urunler\/kozmetik-hammaddeleri\/kozmetik-yaglari\/argan-yagi\/#primaryimage"},"image":{"@id":"https:\/\/naturalpoland.com\/tr\/urunler\/kozmetik-hammaddeleri\/kozmetik-yaglari\/argan-yagi\/#primaryimage"},"thumbnailUrl":"https:\/\/naturalpoland.com\/wp-content\/uploads\/argan-oil.webp","datePublished":"2021-05-11T11:48:55+00:00","dateModified":"2025-12-22T10:20:06+00:00","description":"G\u00fcvenilir tedarik\u00e7iden Fas'tan argan ya\u011f\u0131. Ho\u015f olmayan kokuya sahip de\u011fildir! Kozmetik \u00fcretiminde sorunsuzca kullan\u0131labilir.","breadcrumb":{"@id":"https:\/\/naturalpoland.com\/tr\/urunler\/kozmetik-hammaddeleri\/kozmetik-yaglari\/argan-yagi\/#breadcrumb"},"inLanguage":"tr","potentialAction":[{"@type":"ReadAction","target":["https:\/\/naturalpoland.com\/tr\/urunler\/kozmetik-hammaddeleri\/kozmetik-yaglari\/argan-yagi\/"]}]},{"@type":"ImageObject","inLanguage":"tr","@id":"https:\/\/naturalpoland.com\/tr\/urunler\/kozmetik-hammaddeleri\/kozmetik-yaglari\/argan-yagi\/#primaryimage","url":"https:\/\/naturalpoland.com\/wp-content\/uploads\/argan-oil.webp","contentUrl":"https:\/\/naturalpoland.com\/wp-content\/uploads\/argan-oil.webp","width":619,"height":619,"caption":"argan ya\u011f\u0131"},{"@type":"BreadcrumbList","@id":"https:\/\/naturalpoland.com\/tr\/urunler\/kozmetik-hammaddeleri\/kozmetik-yaglari\/argan-yagi\/#breadcrumb","itemListElement":[{"@type":"ListItem","position":1,"name":"Ana Sayfa","item":"https:\/\/naturalpoland.com\/tr\/"},{"@type":"ListItem","position":2,"name":"\u00dcr\u00fcnler","item":"https:\/\/naturalpoland.com\/tr\/urunler\/"},{"@type":"ListItem","position":3,"name":"Argan Ya\u011f\u0131"}]},{"@type":"WebSite","@id":"https:\/\/naturalpoland.com\/tr\/#website","url":"https:\/\/naturalpoland.com\/tr\/","name":"NATURAL POLAND - Hurtowy Dystrybutor Surowc\u00f3w","description":"Surowce dla przemys\u0142u spo\u017cywczego, kosmetycznego i farmaceutycznego","publisher":{"@id":"https:\/\/naturalpoland.com\/tr\/#organization"},"potentialAction":[{"@type":"SearchAction","target":{"@type":"EntryPoint","urlTemplate":"https:\/\/naturalpoland.com\/tr\/?s={search_term_string}"},"query-input":{"@type":"PropertyValueSpecification","valueRequired":true,"valueName":"search_term_string"}}],"inLanguage":"tr"},{"@type":"Organization","@id":"https:\/\/naturalpoland.com\/tr\/#organization","name":"Natural Poland","url":"https:\/\/naturalpoland.com\/tr\/","logo":{"@type":"ImageObject","inLanguage":"tr","@id":"https:\/\/naturalpoland.com\/tr\/#\/schema\/logo\/image\/","url":"https:\/\/naturalpoland.com\/wp-content\/uploads\/2021\/05\/natural-poland-icon.png","contentUrl":"https:\/\/naturalpoland.com\/wp-content\/uploads\/2021\/05\/natural-poland-icon.png","width":512,"height":512,"caption":"Natural Poland"},"image":{"@id":"https:\/\/naturalpoland.com\/tr\/#\/schema\/logo\/image\/"},"sameAs":["https:\/\/www.facebook.com\/naturalpoland.b2b","https:\/\/pl.linkedin.com\/company\/natural-poland","https:\/\/www.youtube.com\/channel\/UCgeGGkvOMahZo-xu_MSEWxg"]}]}},"_links":{"self":[{"href":"https:\/\/naturalpoland.com\/tr\/wp-json\/wp\/v2\/product\/44241","targetHints":{"allow":["GET"]}}],"collection":[{"href":"https:\/\/naturalpoland.com\/tr\/wp-json\/wp\/v2\/product"}],"about":[{"href":"https:\/\/naturalpoland.com\/tr\/wp-json\/wp\/v2\/types\/product"}],"wp:featuredmedia":[{"embeddable":true,"href":"https:\/\/naturalpoland.com\/tr\/wp-json\/wp\/v2\/media\/44245"}],"wp:attachment":[{"href":"https:\/\/naturalpoland.com\/tr\/wp-json\/wp\/v2\/media?parent=44241"}],"wp:term":[{"taxonomy":"product_brand","embeddable":true,"href":"https:\/\/naturalpoland.com\/tr\/wp-json\/wp\/v2\/product_brand?post=44241"},{"taxonomy":"product_cat","embeddable":true,"href":"https:\/\/naturalpoland.com\/tr\/wp-json\/wp\/v2\/product_cat?post=44241"},{"taxonomy":"product_tag","embeddable":true,"href":"https:\/\/naturalpoland.com\/tr\/wp-json\/wp\/v2\/product_tag?post=44241"}],"curies":[{"name":"wp","href":"https:\/\/api.w.org\/{rel}","templated":true}]}}