{"id":44251,"date":"2021-06-09T11:36:59","date_gmt":"2021-06-09T09:36:59","guid":{"rendered":"https:\/\/naturalpoland.com\/produkty\/kategorilenmemis\/seker-kamisi-skualan\/"},"modified":"2025-12-22T11:26:15","modified_gmt":"2025-12-22T10:26:15","slug":"seker-kamisi-skualan","status":"publish","type":"product","link":"https:\/\/naturalpoland.com\/tr\/urunler\/kozmetik-hammaddeleri\/kozmetik-hammaddeleri-2\/seker-kamisi-skualan\/","title":{"rendered":"\u015eeker kam\u0131\u015f\u0131 skualan"},"content":{"rendered":"<p>\u015eeker kam\u0131\u015f\u0131ndan elde edilen skualan, bu maddenin en saf ve en stabil formudur. Cildin derinliklerine n\u00fcfuz etme yetene\u011fine sahiptir, aktif maddelerin ta\u015f\u0131nmas\u0131n\u0131 kolayla\u015ft\u0131r\u0131r, bu \u00f6zellikle ya\u015flanma kar\u015f\u0131t\u0131 \u00fcr\u00fcnlerde ve yo\u011fun yenilenme gerektiren cilt bak\u0131m\u0131nda \u00f6nemlidir. <\/p>\n<h3>Skualan\u0131n kozmetik \u00f6zellikleri<\/h3>\n<p>\u015eeker kam\u0131\u015f\u0131 skualan\u0131, \u00e7ok y\u00f6nl\u00fc etkiye sahip hafif, hipoalerjenik bir emolyand\u0131r. \u00d6ncelikle c <span style=\"color: #333333;\">ildi derinlemesine nemlendirir ve besler, lipit bariyerini g\u00fc\u00e7lendirir. Bu sayede nem kayb\u0131na ve d\u0131\u015f etkenlere kar\u015f\u0131 korur, epidermisin yenilenmesine yard\u0131mc\u0131 olur. Ayr\u0131ca s  <\/span>kualan cildi yo\u011fun bir \u015fekilde p\u00fcr\u00fczs\u00fczle\u015ftirir ve ayd\u0131nlat\u0131r, parlak bir g\u00f6r\u00fcn\u00fcm kazand\u0131r\u0131r. Bu bir <span style=\"color: #333333;\">  &#8220;kuru ya\u011f&#8221;d\u0131r, ciltte ya\u011fl\u0131 bir film tabakas\u0131 b\u0131rakmadan an\u0131nda emilir. Bu nedenle makyaj alt\u0131na uygundur ve ya\u011fl\u0131 ve akneye e\u011filimli ciltler dahil her cilt tipiyle m\u00fckemmel uyum sa\u011flar, g\u00f6zenekleri t\u0131kamaz ve sebum d\u00fczenlemesini destekler. Y  <\/span>at\u0131\u015ft\u0131r\u0131c\u0131 ve antienflamatuar \u00f6zelliklere sahiptir.<\/p>\n<h3>Kullan\u0131m alanlar\u0131<\/h3>\n<p>\u015eeker kam\u0131\u015f\u0131 skualan\u0131 bir\u00e7ok kozmetik form\u00fclasyonda kullan\u0131labilir. \u00d6zellikle \u00f6nceden nemlendirilmi\u015f cilde g\u00fcnd\u00fcz veya gece serumu olarak m\u00fckemmel sonu\u00e7 verir. Nemlendirici ve p\u00fcr\u00fczs\u00fczle\u015ftirici \u00f6zelliklerini art\u0131rmak i\u00e7in y\u00fcz ve v\u00fccut kremlerine ve losyonlar\u0131na eklenebilir. Ayr\u0131ca sa\u00e7 u\u00e7lar\u0131nda k\u0131r\u0131lmalar\u0131 \u00f6nlemek i\u00e7in idealdir. Sa\u00e7 kremlerine ve maskelere katk\u0131 maddesi olarak uygulanabilir. G\u00f6z alt\u0131 serumu olarak ise hafif\u00e7e p\u00fcr\u00fczs\u00fczle\u015ftirir, g\u00f6lgeleri ayd\u0131nlat\u0131r ve \u015fi\u015fkinli\u011fi azalt\u0131r.     <\/p>\n","protected":false},"excerpt":{"rendered":"<p><strong>\u015eeker kam\u0131\u015f\u0131 skualan\u0131<\/strong> saf ve stabil bir skualan formudur. Tortu i\u00e7ermeyen \u015feffaf bir k\u0131vama sahiptir. <\/p>\n","protected":false},"featured_media":44253,"template":"","meta":{"_acf_changed":false},"product_brand":[],"product_cat":[9557],"product_tag":[],"class_list":{"0":"post-44251","1":"product","2":"type-product","3":"status-publish","4":"has-post-thumbnail","6":"product_cat-kozmetik-hammaddeleri-2","7":"pa_grupa-substancji-emolyenler","9":"first","10":"instock","11":"shipping-taxable","12":"product-type-simple"},"acf":[],"yoast_head":"<!-- This site is optimized with the Yoast SEO plugin v27.5 - https:\/\/yoast.com\/product\/yoast-seo-wordpress\/ -->\n<title>\u015eeker kam\u0131\u015f\u0131 skualan - Hurtowy Dystrybutor<\/title>\n<meta name=\"description\" content=\"\u015eeker kam\u0131\u015f\u0131 skualan\u0131, bu maddenin en saf ve en stabil formudur, EcoCert standartlar\u0131na uygun ve sertifikal\u0131d\u0131r.\" \/>\n<meta name=\"robots\" content=\"index, follow, max-snippet:-1, max-image-preview:large, max-video-preview:-1\" \/>\n<link rel=\"canonical\" href=\"https:\/\/naturalpoland.com\/tr\/urunler\/kozmetik-hammaddeleri\/kozmetik-hammaddeleri-2\/seker-kamisi-skualan\/\" \/>\n<meta property=\"og:locale\" content=\"tr_TR\" \/>\n<meta property=\"og:type\" content=\"article\" \/>\n<meta property=\"og:title\" content=\"\u015eeker kam\u0131\u015f\u0131 skualan - Hurtowy Dystrybutor\" \/>\n<meta property=\"og:description\" content=\"\u015eeker kam\u0131\u015f\u0131 skualan\u0131, bu maddenin en saf ve en stabil formudur, EcoCert standartlar\u0131na uygun ve sertifikal\u0131d\u0131r.\" \/>\n<meta property=\"og:url\" content=\"https:\/\/naturalpoland.com\/tr\/urunler\/kozmetik-hammaddeleri\/kozmetik-hammaddeleri-2\/seker-kamisi-skualan\/\" \/>\n<meta property=\"og:site_name\" content=\"NATURAL POLAND - Hurtowy Dystrybutor Surowc\u00f3w\" \/>\n<meta property=\"article:publisher\" content=\"https:\/\/www.facebook.com\/naturalpoland.b2b\" \/>\n<meta property=\"article:modified_time\" content=\"2025-12-22T10:26:15+00:00\" \/>\n<meta property=\"og:image\" content=\"https:\/\/naturalpoland.com\/wp-content\/uploads\/skwalan.webp\" \/>\n\t<meta property=\"og:image:width\" content=\"700\" \/>\n\t<meta property=\"og:image:height\" content=\"700\" \/>\n\t<meta property=\"og:image:type\" content=\"image\/webp\" \/>\n<script type=\"application\/ld+json\" class=\"yoast-schema-graph\">{\"@context\":\"https:\\\/\\\/schema.org\",\"@graph\":[{\"@type\":\"WebPage\",\"@id\":\"https:\\\/\\\/naturalpoland.com\\\/tr\\\/urunler\\\/kozmetik-hammaddeleri\\\/kozmetik-hammaddeleri-2\\\/seker-kamisi-skualan\\\/\",\"url\":\"https:\\\/\\\/naturalpoland.com\\\/tr\\\/urunler\\\/kozmetik-hammaddeleri\\\/kozmetik-hammaddeleri-2\\\/seker-kamisi-skualan\\\/\",\"name\":\"\u015eeker kam\u0131\u015f\u0131 skualan - Hurtowy Dystrybutor\",\"isPartOf\":{\"@id\":\"https:\\\/\\\/naturalpoland.com\\\/tr\\\/#website\"},\"primaryImageOfPage\":{\"@id\":\"https:\\\/\\\/naturalpoland.com\\\/tr\\\/urunler\\\/kozmetik-hammaddeleri\\\/kozmetik-hammaddeleri-2\\\/seker-kamisi-skualan\\\/#primaryimage\"},\"image\":{\"@id\":\"https:\\\/\\\/naturalpoland.com\\\/tr\\\/urunler\\\/kozmetik-hammaddeleri\\\/kozmetik-hammaddeleri-2\\\/seker-kamisi-skualan\\\/#primaryimage\"},\"thumbnailUrl\":\"https:\\\/\\\/naturalpoland.com\\\/wp-content\\\/uploads\\\/skwalan.webp\",\"datePublished\":\"2021-06-09T09:36:59+00:00\",\"dateModified\":\"2025-12-22T10:26:15+00:00\",\"description\":\"\u015eeker kam\u0131\u015f\u0131 skualan\u0131, bu maddenin en saf ve en stabil formudur, EcoCert standartlar\u0131na uygun ve sertifikal\u0131d\u0131r.\",\"breadcrumb\":{\"@id\":\"https:\\\/\\\/naturalpoland.com\\\/tr\\\/urunler\\\/kozmetik-hammaddeleri\\\/kozmetik-hammaddeleri-2\\\/seker-kamisi-skualan\\\/#breadcrumb\"},\"inLanguage\":\"tr\",\"potentialAction\":[{\"@type\":\"ReadAction\",\"target\":[\"https:\\\/\\\/naturalpoland.com\\\/tr\\\/urunler\\\/kozmetik-hammaddeleri\\\/kozmetik-hammaddeleri-2\\\/seker-kamisi-skualan\\\/\"]}]},{\"@type\":\"ImageObject\",\"inLanguage\":\"tr\",\"@id\":\"https:\\\/\\\/naturalpoland.com\\\/tr\\\/urunler\\\/kozmetik-hammaddeleri\\\/kozmetik-hammaddeleri-2\\\/seker-kamisi-skualan\\\/#primaryimage\",\"url\":\"https:\\\/\\\/naturalpoland.com\\\/wp-content\\\/uploads\\\/skwalan.webp\",\"contentUrl\":\"https:\\\/\\\/naturalpoland.com\\\/wp-content\\\/uploads\\\/skwalan.webp\",\"width\":700,\"height\":700,\"caption\":\"\u015eeker kam\u0131\u015f\u0131 skualan\u0131\"},{\"@type\":\"BreadcrumbList\",\"@id\":\"https:\\\/\\\/naturalpoland.com\\\/tr\\\/urunler\\\/kozmetik-hammaddeleri\\\/kozmetik-hammaddeleri-2\\\/seker-kamisi-skualan\\\/#breadcrumb\",\"itemListElement\":[{\"@type\":\"ListItem\",\"position\":1,\"name\":\"Ana Sayfa\",\"item\":\"https:\\\/\\\/naturalpoland.com\\\/tr\\\/\"},{\"@type\":\"ListItem\",\"position\":2,\"name\":\"\u00dcr\u00fcnler\",\"item\":\"https:\\\/\\\/naturalpoland.com\\\/tr\\\/urunler\\\/\"},{\"@type\":\"ListItem\",\"position\":3,\"name\":\"\u015eeker kam\u0131\u015f\u0131 skualan\"}]},{\"@type\":\"WebSite\",\"@id\":\"https:\\\/\\\/naturalpoland.com\\\/tr\\\/#website\",\"url\":\"https:\\\/\\\/naturalpoland.com\\\/tr\\\/\",\"name\":\"NATURAL POLAND - Hurtowy Dystrybutor Surowc\u00f3w\",\"description\":\"Surowce dla przemys\u0142u spo\u017cywczego, kosmetycznego i farmaceutycznego\",\"publisher\":{\"@id\":\"https:\\\/\\\/naturalpoland.com\\\/tr\\\/#organization\"},\"potentialAction\":[{\"@type\":\"SearchAction\",\"target\":{\"@type\":\"EntryPoint\",\"urlTemplate\":\"https:\\\/\\\/naturalpoland.com\\\/tr\\\/?s={search_term_string}\"},\"query-input\":{\"@type\":\"PropertyValueSpecification\",\"valueRequired\":true,\"valueName\":\"search_term_string\"}}],\"inLanguage\":\"tr\"},{\"@type\":\"Organization\",\"@id\":\"https:\\\/\\\/naturalpoland.com\\\/tr\\\/#organization\",\"name\":\"Natural Poland\",\"url\":\"https:\\\/\\\/naturalpoland.com\\\/tr\\\/\",\"logo\":{\"@type\":\"ImageObject\",\"inLanguage\":\"tr\",\"@id\":\"https:\\\/\\\/naturalpoland.com\\\/tr\\\/#\\\/schema\\\/logo\\\/image\\\/\",\"url\":\"https:\\\/\\\/naturalpoland.com\\\/wp-content\\\/uploads\\\/2021\\\/05\\\/natural-poland-icon.png\",\"contentUrl\":\"https:\\\/\\\/naturalpoland.com\\\/wp-content\\\/uploads\\\/2021\\\/05\\\/natural-poland-icon.png\",\"width\":512,\"height\":512,\"caption\":\"Natural Poland\"},\"image\":{\"@id\":\"https:\\\/\\\/naturalpoland.com\\\/tr\\\/#\\\/schema\\\/logo\\\/image\\\/\"},\"sameAs\":[\"https:\\\/\\\/www.facebook.com\\\/naturalpoland.b2b\",\"https:\\\/\\\/pl.linkedin.com\\\/company\\\/natural-poland\",\"https:\\\/\\\/www.youtube.com\\\/channel\\\/UCgeGGkvOMahZo-xu_MSEWxg\"]}]}<\/script>\n<!-- \/ Yoast SEO plugin. -->","yoast_head_json":{"title":"\u015eeker kam\u0131\u015f\u0131 skualan - Hurtowy Dystrybutor","description":"\u015eeker kam\u0131\u015f\u0131 skualan\u0131, bu maddenin en saf ve en stabil formudur, EcoCert standartlar\u0131na uygun ve sertifikal\u0131d\u0131r.","robots":{"index":"index","follow":"follow","max-snippet":"max-snippet:-1","max-image-preview":"max-image-preview:large","max-video-preview":"max-video-preview:-1"},"canonical":"https:\/\/naturalpoland.com\/tr\/urunler\/kozmetik-hammaddeleri\/kozmetik-hammaddeleri-2\/seker-kamisi-skualan\/","og_locale":"tr_TR","og_type":"article","og_title":"\u015eeker kam\u0131\u015f\u0131 skualan - Hurtowy Dystrybutor","og_description":"\u015eeker kam\u0131\u015f\u0131 skualan\u0131, bu maddenin en saf ve en stabil formudur, EcoCert standartlar\u0131na uygun ve sertifikal\u0131d\u0131r.","og_url":"https:\/\/naturalpoland.com\/tr\/urunler\/kozmetik-hammaddeleri\/kozmetik-hammaddeleri-2\/seker-kamisi-skualan\/","og_site_name":"NATURAL POLAND - Hurtowy Dystrybutor Surowc\u00f3w","article_publisher":"https:\/\/www.facebook.com\/naturalpoland.b2b","article_modified_time":"2025-12-22T10:26:15+00:00","og_image":[{"width":700,"height":700,"url":"https:\/\/naturalpoland.com\/wp-content\/uploads\/skwalan.webp","type":"image\/webp"}],"schema":{"@context":"https:\/\/schema.org","@graph":[{"@type":"WebPage","@id":"https:\/\/naturalpoland.com\/tr\/urunler\/kozmetik-hammaddeleri\/kozmetik-hammaddeleri-2\/seker-kamisi-skualan\/","url":"https:\/\/naturalpoland.com\/tr\/urunler\/kozmetik-hammaddeleri\/kozmetik-hammaddeleri-2\/seker-kamisi-skualan\/","name":"\u015eeker kam\u0131\u015f\u0131 skualan - Hurtowy Dystrybutor","isPartOf":{"@id":"https:\/\/naturalpoland.com\/tr\/#website"},"primaryImageOfPage":{"@id":"https:\/\/naturalpoland.com\/tr\/urunler\/kozmetik-hammaddeleri\/kozmetik-hammaddeleri-2\/seker-kamisi-skualan\/#primaryimage"},"image":{"@id":"https:\/\/naturalpoland.com\/tr\/urunler\/kozmetik-hammaddeleri\/kozmetik-hammaddeleri-2\/seker-kamisi-skualan\/#primaryimage"},"thumbnailUrl":"https:\/\/naturalpoland.com\/wp-content\/uploads\/skwalan.webp","datePublished":"2021-06-09T09:36:59+00:00","dateModified":"2025-12-22T10:26:15+00:00","description":"\u015eeker kam\u0131\u015f\u0131 skualan\u0131, bu maddenin en saf ve en stabil formudur, EcoCert standartlar\u0131na uygun ve sertifikal\u0131d\u0131r.","breadcrumb":{"@id":"https:\/\/naturalpoland.com\/tr\/urunler\/kozmetik-hammaddeleri\/kozmetik-hammaddeleri-2\/seker-kamisi-skualan\/#breadcrumb"},"inLanguage":"tr","potentialAction":[{"@type":"ReadAction","target":["https:\/\/naturalpoland.com\/tr\/urunler\/kozmetik-hammaddeleri\/kozmetik-hammaddeleri-2\/seker-kamisi-skualan\/"]}]},{"@type":"ImageObject","inLanguage":"tr","@id":"https:\/\/naturalpoland.com\/tr\/urunler\/kozmetik-hammaddeleri\/kozmetik-hammaddeleri-2\/seker-kamisi-skualan\/#primaryimage","url":"https:\/\/naturalpoland.com\/wp-content\/uploads\/skwalan.webp","contentUrl":"https:\/\/naturalpoland.com\/wp-content\/uploads\/skwalan.webp","width":700,"height":700,"caption":"\u015eeker kam\u0131\u015f\u0131 skualan\u0131"},{"@type":"BreadcrumbList","@id":"https:\/\/naturalpoland.com\/tr\/urunler\/kozmetik-hammaddeleri\/kozmetik-hammaddeleri-2\/seker-kamisi-skualan\/#breadcrumb","itemListElement":[{"@type":"ListItem","position":1,"name":"Ana Sayfa","item":"https:\/\/naturalpoland.com\/tr\/"},{"@type":"ListItem","position":2,"name":"\u00dcr\u00fcnler","item":"https:\/\/naturalpoland.com\/tr\/urunler\/"},{"@type":"ListItem","position":3,"name":"\u015eeker kam\u0131\u015f\u0131 skualan"}]},{"@type":"WebSite","@id":"https:\/\/naturalpoland.com\/tr\/#website","url":"https:\/\/naturalpoland.com\/tr\/","name":"NATURAL POLAND - Hurtowy Dystrybutor Surowc\u00f3w","description":"Surowce dla przemys\u0142u spo\u017cywczego, kosmetycznego i farmaceutycznego","publisher":{"@id":"https:\/\/naturalpoland.com\/tr\/#organization"},"potentialAction":[{"@type":"SearchAction","target":{"@type":"EntryPoint","urlTemplate":"https:\/\/naturalpoland.com\/tr\/?s={search_term_string}"},"query-input":{"@type":"PropertyValueSpecification","valueRequired":true,"valueName":"search_term_string"}}],"inLanguage":"tr"},{"@type":"Organization","@id":"https:\/\/naturalpoland.com\/tr\/#organization","name":"Natural Poland","url":"https:\/\/naturalpoland.com\/tr\/","logo":{"@type":"ImageObject","inLanguage":"tr","@id":"https:\/\/naturalpoland.com\/tr\/#\/schema\/logo\/image\/","url":"https:\/\/naturalpoland.com\/wp-content\/uploads\/2021\/05\/natural-poland-icon.png","contentUrl":"https:\/\/naturalpoland.com\/wp-content\/uploads\/2021\/05\/natural-poland-icon.png","width":512,"height":512,"caption":"Natural Poland"},"image":{"@id":"https:\/\/naturalpoland.com\/tr\/#\/schema\/logo\/image\/"},"sameAs":["https:\/\/www.facebook.com\/naturalpoland.b2b","https:\/\/pl.linkedin.com\/company\/natural-poland","https:\/\/www.youtube.com\/channel\/UCgeGGkvOMahZo-xu_MSEWxg"]}]}},"_links":{"self":[{"href":"https:\/\/naturalpoland.com\/tr\/wp-json\/wp\/v2\/product\/44251","targetHints":{"allow":["GET"]}}],"collection":[{"href":"https:\/\/naturalpoland.com\/tr\/wp-json\/wp\/v2\/product"}],"about":[{"href":"https:\/\/naturalpoland.com\/tr\/wp-json\/wp\/v2\/types\/product"}],"wp:featuredmedia":[{"embeddable":true,"href":"https:\/\/naturalpoland.com\/tr\/wp-json\/wp\/v2\/media\/44253"}],"wp:attachment":[{"href":"https:\/\/naturalpoland.com\/tr\/wp-json\/wp\/v2\/media?parent=44251"}],"wp:term":[{"taxonomy":"product_brand","embeddable":true,"href":"https:\/\/naturalpoland.com\/tr\/wp-json\/wp\/v2\/product_brand?post=44251"},{"taxonomy":"product_cat","embeddable":true,"href":"https:\/\/naturalpoland.com\/tr\/wp-json\/wp\/v2\/product_cat?post=44251"},{"taxonomy":"product_tag","embeddable":true,"href":"https:\/\/naturalpoland.com\/tr\/wp-json\/wp\/v2\/product_tag?post=44251"}],"curies":[{"name":"wp","href":"https:\/\/api.w.org\/{rel}","templated":true}]}}