{"id":44256,"date":"2024-04-11T14:35:36","date_gmt":"2024-04-11T12:35:36","guid":{"rendered":"https:\/\/naturalpoland.com\/produkty\/kategorilenmemis\/lavanta-hidrolati\/"},"modified":"2025-12-22T11:29:03","modified_gmt":"2025-12-22T10:29:03","slug":"lavanta-hidrolati","status":"publish","type":"product","link":"https:\/\/naturalpoland.com\/tr\/urunler\/kozmetik-hammaddeleri\/hidrolatlar\/lavanta-hidrolati\/","title":{"rendered":"Lavanta Hidrolat\u0131"},"content":{"rendered":"<p><strong>\u00d6zellikler ve Etkileri:<\/strong><\/p>\n<p>Lavanta hidrolat\u0131 <strong>cilt \u00fczerinde yat\u0131\u015ft\u0131r\u0131c\u0131 etkiye<\/strong> sahiptir. Tahri\u015f, k\u0131zar\u0131kl\u0131k ve her t\u00fcrl\u00fc cilt stresinin belirtilerini m\u00fckemmel \u015fekilde hafifletir. En hassas ciltlere bile rahatlama sa\u011flar. Anti-enflamatuar \u00f6zellikleri ciltteki k\u00fc\u00e7\u00fck enflamasyonlarla m\u00fccadelede yard\u0131mc\u0131 olur ve epidermisin yenilenme s\u00fcre\u00e7lerini destekler.   <\/p>\n<p>Lavanta hidrolat\u0131 ayr\u0131ca <strong>sebum salg\u0131s\u0131n\u0131 d\u00fczenlemede ola\u011fan\u00fcst\u00fc yeteneklere<\/strong> sahiptir, bu da onu ya\u011fl\u0131 ve karma ciltli ki\u015filer i\u00e7in m\u00fckemmel bir se\u00e7im haline getirir. Cildin dengesini korumaya yard\u0131mc\u0131 olur, a\u015f\u0131r\u0131 parlakl\u0131\u011f\u0131 azalt\u0131r ve kusurlar\u0131n olu\u015fma e\u011filimini \u00f6nler. <\/p>\n<p>Zarif ve rahatlat\u0131c\u0131 kokusu aromaterapide <strong>sakinle\u015ftirici \u00f6zellikleri, stres ve gerginli\u011fi azaltmaya yard\u0131mc\u0131 olmas\u0131<\/strong> nedeniyle de\u011fer g\u00f6r\u00fcr. Hidrolat\u0131 y\u00fcz spreyi olarak kullanmak veya banyoya eklemek derin rahatlama ve uyku kalitesinin artmas\u0131na katk\u0131da bulunabilir. <\/p>\n<p><strong>Kullan\u0131m:<\/strong><\/p>\n<p>Hidrolat temizlik sonras\u0131 tonik olarak tek ba\u015f\u0131na, ev yap\u0131m\u0131 bak\u0131m maskelerinin bir par\u00e7as\u0131 olarak ve g\u00fcn i\u00e7inde ferahlat\u0131c\u0131 sprey olarak kullan\u0131labilir.<\/p>\n<p>\u00dcr\u00fcn hassas ciltli ki\u015filer dahil olmak \u00fczere t\u00fcm cilt tipleri i\u00e7in uygundur. Yat\u0131\u015ft\u0131r\u0131c\u0131, d\u00fczenleyici ve rahatlat\u0131c\u0131 \u00f6zellikleri sayesinde cilt sa\u011fl\u0131\u011f\u0131 ve g\u00fczelli\u011fi ile genel refah i\u00e7in m\u00fckemmel destek sa\u011flar. <\/p>\n","protected":false},"excerpt":{"rendered":"<p>Lavanta hidrolat\u0131, lavanta \u00e7i\u00e7eklerinden buhar distilasyonu y\u00f6ntemiyle elde edilir.<\/p>\n","protected":false},"featured_media":44257,"template":"","meta":{"_acf_changed":false},"product_brand":[],"product_cat":[9547],"product_tag":[],"class_list":{"0":"post-44256","1":"product","2":"type-product","3":"status-publish","4":"has-post-thumbnail","6":"product_cat-hidrolatlar","7":"pa_grupa-substancji-distilatlar","9":"first","10":"instock","11":"shipping-taxable","12":"product-type-simple"},"acf":[],"yoast_head":"<!-- This site is optimized with the Yoast SEO plugin v27.5 - https:\/\/yoast.com\/product\/yoast-seo-wordpress\/ -->\n<title>Lavanta Hidrolat\u0131 - Hurtowy Dystrybutor<\/title>\n<meta name=\"description\" content=\"Lavanta hidrolat\u0131, lavanta \u00e7i\u00e7eklerinden buhar distilasyonu y\u00f6ntemiyle elde edilir ve bu sayede biyolojik olarak aktif bile\u015fenlerinin tamam\u0131n\u0131 korur.\" \/>\n<meta name=\"robots\" content=\"index, follow, max-snippet:-1, max-image-preview:large, max-video-preview:-1\" \/>\n<link rel=\"canonical\" href=\"https:\/\/naturalpoland.com\/tr\/urunler\/kozmetik-hammaddeleri\/hidrolatlar\/lavanta-hidrolati\/\" \/>\n<meta property=\"og:locale\" content=\"tr_TR\" \/>\n<meta property=\"og:type\" content=\"article\" \/>\n<meta property=\"og:title\" content=\"Lavanta Hidrolat\u0131 - Hurtowy Dystrybutor\" \/>\n<meta property=\"og:description\" content=\"Lavanta hidrolat\u0131, lavanta \u00e7i\u00e7eklerinden buhar distilasyonu y\u00f6ntemiyle elde edilir ve bu sayede biyolojik olarak aktif bile\u015fenlerinin tamam\u0131n\u0131 korur.\" \/>\n<meta property=\"og:url\" content=\"https:\/\/naturalpoland.com\/tr\/urunler\/kozmetik-hammaddeleri\/hidrolatlar\/lavanta-hidrolati\/\" \/>\n<meta property=\"og:site_name\" content=\"NATURAL POLAND - Hurtowy Dystrybutor Surowc\u00f3w\" \/>\n<meta property=\"article:publisher\" content=\"https:\/\/www.facebook.com\/naturalpoland.b2b\" \/>\n<meta property=\"article:modified_time\" content=\"2025-12-22T10:29:03+00:00\" \/>\n<meta property=\"og:image\" content=\"https:\/\/naturalpoland.com\/wp-content\/uploads\/hydrolat-lawendowy.webp\" \/>\n\t<meta property=\"og:image:width\" content=\"618\" \/>\n\t<meta property=\"og:image:height\" content=\"618\" \/>\n\t<meta property=\"og:image:type\" content=\"image\/webp\" \/>\n<script type=\"application\/ld+json\" class=\"yoast-schema-graph\">{\"@context\":\"https:\\\/\\\/schema.org\",\"@graph\":[{\"@type\":\"WebPage\",\"@id\":\"https:\\\/\\\/naturalpoland.com\\\/tr\\\/urunler\\\/kozmetik-hammaddeleri\\\/hidrolatlar\\\/lavanta-hidrolati\\\/\",\"url\":\"https:\\\/\\\/naturalpoland.com\\\/tr\\\/urunler\\\/kozmetik-hammaddeleri\\\/hidrolatlar\\\/lavanta-hidrolati\\\/\",\"name\":\"Lavanta Hidrolat\u0131 - Hurtowy Dystrybutor\",\"isPartOf\":{\"@id\":\"https:\\\/\\\/naturalpoland.com\\\/tr\\\/#website\"},\"primaryImageOfPage\":{\"@id\":\"https:\\\/\\\/naturalpoland.com\\\/tr\\\/urunler\\\/kozmetik-hammaddeleri\\\/hidrolatlar\\\/lavanta-hidrolati\\\/#primaryimage\"},\"image\":{\"@id\":\"https:\\\/\\\/naturalpoland.com\\\/tr\\\/urunler\\\/kozmetik-hammaddeleri\\\/hidrolatlar\\\/lavanta-hidrolati\\\/#primaryimage\"},\"thumbnailUrl\":\"https:\\\/\\\/naturalpoland.com\\\/wp-content\\\/uploads\\\/hydrolat-lawendowy.webp\",\"datePublished\":\"2024-04-11T12:35:36+00:00\",\"dateModified\":\"2025-12-22T10:29:03+00:00\",\"description\":\"Lavanta hidrolat\u0131, lavanta \u00e7i\u00e7eklerinden buhar distilasyonu y\u00f6ntemiyle elde edilir ve bu sayede biyolojik olarak aktif bile\u015fenlerinin tamam\u0131n\u0131 korur.\",\"breadcrumb\":{\"@id\":\"https:\\\/\\\/naturalpoland.com\\\/tr\\\/urunler\\\/kozmetik-hammaddeleri\\\/hidrolatlar\\\/lavanta-hidrolati\\\/#breadcrumb\"},\"inLanguage\":\"tr\",\"potentialAction\":[{\"@type\":\"ReadAction\",\"target\":[\"https:\\\/\\\/naturalpoland.com\\\/tr\\\/urunler\\\/kozmetik-hammaddeleri\\\/hidrolatlar\\\/lavanta-hidrolati\\\/\"]}]},{\"@type\":\"ImageObject\",\"inLanguage\":\"tr\",\"@id\":\"https:\\\/\\\/naturalpoland.com\\\/tr\\\/urunler\\\/kozmetik-hammaddeleri\\\/hidrolatlar\\\/lavanta-hidrolati\\\/#primaryimage\",\"url\":\"https:\\\/\\\/naturalpoland.com\\\/wp-content\\\/uploads\\\/hydrolat-lawendowy.webp\",\"contentUrl\":\"https:\\\/\\\/naturalpoland.com\\\/wp-content\\\/uploads\\\/hydrolat-lawendowy.webp\",\"width\":618,\"height\":618,\"caption\":\"lavanta hidrolat\u0131\"},{\"@type\":\"BreadcrumbList\",\"@id\":\"https:\\\/\\\/naturalpoland.com\\\/tr\\\/urunler\\\/kozmetik-hammaddeleri\\\/hidrolatlar\\\/lavanta-hidrolati\\\/#breadcrumb\",\"itemListElement\":[{\"@type\":\"ListItem\",\"position\":1,\"name\":\"Ana Sayfa\",\"item\":\"https:\\\/\\\/naturalpoland.com\\\/tr\\\/\"},{\"@type\":\"ListItem\",\"position\":2,\"name\":\"\u00dcr\u00fcnler\",\"item\":\"https:\\\/\\\/naturalpoland.com\\\/tr\\\/urunler\\\/\"},{\"@type\":\"ListItem\",\"position\":3,\"name\":\"Lavanta Hidrolat\u0131\"}]},{\"@type\":\"WebSite\",\"@id\":\"https:\\\/\\\/naturalpoland.com\\\/tr\\\/#website\",\"url\":\"https:\\\/\\\/naturalpoland.com\\\/tr\\\/\",\"name\":\"NATURAL POLAND - Hurtowy Dystrybutor Surowc\u00f3w\",\"description\":\"Surowce dla przemys\u0142u spo\u017cywczego, kosmetycznego i farmaceutycznego\",\"publisher\":{\"@id\":\"https:\\\/\\\/naturalpoland.com\\\/tr\\\/#organization\"},\"potentialAction\":[{\"@type\":\"SearchAction\",\"target\":{\"@type\":\"EntryPoint\",\"urlTemplate\":\"https:\\\/\\\/naturalpoland.com\\\/tr\\\/?s={search_term_string}\"},\"query-input\":{\"@type\":\"PropertyValueSpecification\",\"valueRequired\":true,\"valueName\":\"search_term_string\"}}],\"inLanguage\":\"tr\"},{\"@type\":\"Organization\",\"@id\":\"https:\\\/\\\/naturalpoland.com\\\/tr\\\/#organization\",\"name\":\"Natural Poland\",\"url\":\"https:\\\/\\\/naturalpoland.com\\\/tr\\\/\",\"logo\":{\"@type\":\"ImageObject\",\"inLanguage\":\"tr\",\"@id\":\"https:\\\/\\\/naturalpoland.com\\\/tr\\\/#\\\/schema\\\/logo\\\/image\\\/\",\"url\":\"https:\\\/\\\/naturalpoland.com\\\/wp-content\\\/uploads\\\/2021\\\/05\\\/natural-poland-icon.png\",\"contentUrl\":\"https:\\\/\\\/naturalpoland.com\\\/wp-content\\\/uploads\\\/2021\\\/05\\\/natural-poland-icon.png\",\"width\":512,\"height\":512,\"caption\":\"Natural Poland\"},\"image\":{\"@id\":\"https:\\\/\\\/naturalpoland.com\\\/tr\\\/#\\\/schema\\\/logo\\\/image\\\/\"},\"sameAs\":[\"https:\\\/\\\/www.facebook.com\\\/naturalpoland.b2b\",\"https:\\\/\\\/pl.linkedin.com\\\/company\\\/natural-poland\",\"https:\\\/\\\/www.youtube.com\\\/channel\\\/UCgeGGkvOMahZo-xu_MSEWxg\"]}]}<\/script>\n<!-- \/ Yoast SEO plugin. -->","yoast_head_json":{"title":"Lavanta Hidrolat\u0131 - Hurtowy Dystrybutor","description":"Lavanta hidrolat\u0131, lavanta \u00e7i\u00e7eklerinden buhar distilasyonu y\u00f6ntemiyle elde edilir ve bu sayede biyolojik olarak aktif bile\u015fenlerinin tamam\u0131n\u0131 korur.","robots":{"index":"index","follow":"follow","max-snippet":"max-snippet:-1","max-image-preview":"max-image-preview:large","max-video-preview":"max-video-preview:-1"},"canonical":"https:\/\/naturalpoland.com\/tr\/urunler\/kozmetik-hammaddeleri\/hidrolatlar\/lavanta-hidrolati\/","og_locale":"tr_TR","og_type":"article","og_title":"Lavanta Hidrolat\u0131 - Hurtowy Dystrybutor","og_description":"Lavanta hidrolat\u0131, lavanta \u00e7i\u00e7eklerinden buhar distilasyonu y\u00f6ntemiyle elde edilir ve bu sayede biyolojik olarak aktif bile\u015fenlerinin tamam\u0131n\u0131 korur.","og_url":"https:\/\/naturalpoland.com\/tr\/urunler\/kozmetik-hammaddeleri\/hidrolatlar\/lavanta-hidrolati\/","og_site_name":"NATURAL POLAND - Hurtowy Dystrybutor Surowc\u00f3w","article_publisher":"https:\/\/www.facebook.com\/naturalpoland.b2b","article_modified_time":"2025-12-22T10:29:03+00:00","og_image":[{"width":618,"height":618,"url":"https:\/\/naturalpoland.com\/wp-content\/uploads\/hydrolat-lawendowy.webp","type":"image\/webp"}],"schema":{"@context":"https:\/\/schema.org","@graph":[{"@type":"WebPage","@id":"https:\/\/naturalpoland.com\/tr\/urunler\/kozmetik-hammaddeleri\/hidrolatlar\/lavanta-hidrolati\/","url":"https:\/\/naturalpoland.com\/tr\/urunler\/kozmetik-hammaddeleri\/hidrolatlar\/lavanta-hidrolati\/","name":"Lavanta Hidrolat\u0131 - Hurtowy Dystrybutor","isPartOf":{"@id":"https:\/\/naturalpoland.com\/tr\/#website"},"primaryImageOfPage":{"@id":"https:\/\/naturalpoland.com\/tr\/urunler\/kozmetik-hammaddeleri\/hidrolatlar\/lavanta-hidrolati\/#primaryimage"},"image":{"@id":"https:\/\/naturalpoland.com\/tr\/urunler\/kozmetik-hammaddeleri\/hidrolatlar\/lavanta-hidrolati\/#primaryimage"},"thumbnailUrl":"https:\/\/naturalpoland.com\/wp-content\/uploads\/hydrolat-lawendowy.webp","datePublished":"2024-04-11T12:35:36+00:00","dateModified":"2025-12-22T10:29:03+00:00","description":"Lavanta hidrolat\u0131, lavanta \u00e7i\u00e7eklerinden buhar distilasyonu y\u00f6ntemiyle elde edilir ve bu sayede biyolojik olarak aktif bile\u015fenlerinin tamam\u0131n\u0131 korur.","breadcrumb":{"@id":"https:\/\/naturalpoland.com\/tr\/urunler\/kozmetik-hammaddeleri\/hidrolatlar\/lavanta-hidrolati\/#breadcrumb"},"inLanguage":"tr","potentialAction":[{"@type":"ReadAction","target":["https:\/\/naturalpoland.com\/tr\/urunler\/kozmetik-hammaddeleri\/hidrolatlar\/lavanta-hidrolati\/"]}]},{"@type":"ImageObject","inLanguage":"tr","@id":"https:\/\/naturalpoland.com\/tr\/urunler\/kozmetik-hammaddeleri\/hidrolatlar\/lavanta-hidrolati\/#primaryimage","url":"https:\/\/naturalpoland.com\/wp-content\/uploads\/hydrolat-lawendowy.webp","contentUrl":"https:\/\/naturalpoland.com\/wp-content\/uploads\/hydrolat-lawendowy.webp","width":618,"height":618,"caption":"lavanta hidrolat\u0131"},{"@type":"BreadcrumbList","@id":"https:\/\/naturalpoland.com\/tr\/urunler\/kozmetik-hammaddeleri\/hidrolatlar\/lavanta-hidrolati\/#breadcrumb","itemListElement":[{"@type":"ListItem","position":1,"name":"Ana Sayfa","item":"https:\/\/naturalpoland.com\/tr\/"},{"@type":"ListItem","position":2,"name":"\u00dcr\u00fcnler","item":"https:\/\/naturalpoland.com\/tr\/urunler\/"},{"@type":"ListItem","position":3,"name":"Lavanta Hidrolat\u0131"}]},{"@type":"WebSite","@id":"https:\/\/naturalpoland.com\/tr\/#website","url":"https:\/\/naturalpoland.com\/tr\/","name":"NATURAL POLAND - Hurtowy Dystrybutor Surowc\u00f3w","description":"Surowce dla przemys\u0142u spo\u017cywczego, kosmetycznego i farmaceutycznego","publisher":{"@id":"https:\/\/naturalpoland.com\/tr\/#organization"},"potentialAction":[{"@type":"SearchAction","target":{"@type":"EntryPoint","urlTemplate":"https:\/\/naturalpoland.com\/tr\/?s={search_term_string}"},"query-input":{"@type":"PropertyValueSpecification","valueRequired":true,"valueName":"search_term_string"}}],"inLanguage":"tr"},{"@type":"Organization","@id":"https:\/\/naturalpoland.com\/tr\/#organization","name":"Natural Poland","url":"https:\/\/naturalpoland.com\/tr\/","logo":{"@type":"ImageObject","inLanguage":"tr","@id":"https:\/\/naturalpoland.com\/tr\/#\/schema\/logo\/image\/","url":"https:\/\/naturalpoland.com\/wp-content\/uploads\/2021\/05\/natural-poland-icon.png","contentUrl":"https:\/\/naturalpoland.com\/wp-content\/uploads\/2021\/05\/natural-poland-icon.png","width":512,"height":512,"caption":"Natural Poland"},"image":{"@id":"https:\/\/naturalpoland.com\/tr\/#\/schema\/logo\/image\/"},"sameAs":["https:\/\/www.facebook.com\/naturalpoland.b2b","https:\/\/pl.linkedin.com\/company\/natural-poland","https:\/\/www.youtube.com\/channel\/UCgeGGkvOMahZo-xu_MSEWxg"]}]}},"_links":{"self":[{"href":"https:\/\/naturalpoland.com\/tr\/wp-json\/wp\/v2\/product\/44256","targetHints":{"allow":["GET"]}}],"collection":[{"href":"https:\/\/naturalpoland.com\/tr\/wp-json\/wp\/v2\/product"}],"about":[{"href":"https:\/\/naturalpoland.com\/tr\/wp-json\/wp\/v2\/types\/product"}],"wp:featuredmedia":[{"embeddable":true,"href":"https:\/\/naturalpoland.com\/tr\/wp-json\/wp\/v2\/media\/44257"}],"wp:attachment":[{"href":"https:\/\/naturalpoland.com\/tr\/wp-json\/wp\/v2\/media?parent=44256"}],"wp:term":[{"taxonomy":"product_brand","embeddable":true,"href":"https:\/\/naturalpoland.com\/tr\/wp-json\/wp\/v2\/product_brand?post=44256"},{"taxonomy":"product_cat","embeddable":true,"href":"https:\/\/naturalpoland.com\/tr\/wp-json\/wp\/v2\/product_cat?post=44256"},{"taxonomy":"product_tag","embeddable":true,"href":"https:\/\/naturalpoland.com\/tr\/wp-json\/wp\/v2\/product_tag?post=44256"}],"curies":[{"name":"wp","href":"https:\/\/api.w.org\/{rel}","templated":true}]}}