{"id":44258,"date":"2021-05-11T13:43:23","date_gmt":"2021-05-11T11:43:23","guid":{"rendered":"https:\/\/naturalpoland.com\/produkty\/kategorilenmemis\/gul-hidrolat\/"},"modified":"2025-12-22T11:29:18","modified_gmt":"2025-12-22T10:29:18","slug":"gul-hidrolat","status":"publish","type":"product","link":"https:\/\/naturalpoland.com\/tr\/urunler\/kozmetik-hammaddeleri\/hidrolatlar\/gul-hidrolat\/","title":{"rendered":"G\u00fcl Hidrolat"},"content":{"rendered":"<h2>Bu \u00fcr\u00fcn\u00fcn di\u011fer isimleri:<\/h2>\n<ul>\n<li>\u015eam g\u00fcl\u00fc destilat\u0131,<\/li>\n<li>\u00c7i\u00e7ek suyu,<\/li>\n<li>G\u00fcl destilat\u0131,<\/li>\n<li>\u015eam g\u00fcl\u00fc suyu,<\/li>\n<li>\u015eam g\u00fcl\u00fc suyu,<\/li>\n<li>\u015eam g\u00fcl\u00fc hidrolat\u0131,<\/li>\n<li>Rosa Damascena Distillate,<\/li>\n<li>Rosa Damascena (Rose) Distillate,<\/li>\n<li>Rosa Damascena Water,<\/li>\n<li>Rosa Damascena Aqua,<\/li>\n<li>Rosa (Rosa Damascena) Flower Distillate,<\/li>\n<li>Rosa Damascena (Bulgarian Rose) Flower Water<\/li>\n<\/ul>\n<h2>\u015eam g\u00fcl\u00fc hidrolat\u0131n\u0131n \u00f6zellikleri:<\/h2>\n<p>G\u00fcl hidrolat\u0131 kuru, hassas, olgun ve k\u0131lcal damarl\u0131 cilt bak\u0131m\u0131 i\u00e7in \u00f6nerilir. Bu kozmetik \u00fcr\u00fcn nemlendirici, yat\u0131\u015ft\u0131r\u0131c\u0131 ve anti-inflamatuar etki g\u00f6sterir. K\u0131zar\u0131kl\u0131k ve tahri\u015f azalt\u0131r.  <\/p>\n<h2>Kullan\u0131m:<\/h2>\n<p>\u015eam g\u00fcl\u00fc hidrolat\u0131 son derece \u00e7ok y\u00f6nl\u00fcd\u00fcr ve \u015fu alanlarda geni\u015f kullan\u0131m bulur:<\/p>\n<ul>\n<li>nemlendirici ve canland\u0131r\u0131c\u0131 tonik<\/li>\n<li>g\u00fczel aromal\u0131 y\u00fcz ve v\u00fccut spreyi<\/li>\n<li>krem, maske, misel su, sa\u00e7 durulama suyu gibi kozmetiklere katk\u0131<\/li>\n<li>Sa\u00e7lara parlakl\u0131k veren bak\u0131m \u00fcr\u00fcn\u00fc veya ya\u011flama \u00f6ncesi baz<\/li>\n<\/ul>\n","protected":false},"excerpt":{"rendered":"<p>Orijinal <strong>\u015eam g\u00fcl\u00fc hidrolat\u0131n\u0131n<\/strong> toptan distrib\u00fct\u00f6r\u00fcy\u00fcz, %100 do\u011fal, katk\u0131s\u0131z. \u00dcreticiden direkt taze \u00fcr\u00fcn tedarik ediyoruz. <\/p>\n","protected":false},"featured_media":44260,"template":"","meta":{"_acf_changed":false},"product_brand":[],"product_cat":[9531,9547],"product_tag":[],"class_list":{"0":"post-44258","1":"product","2":"type-product","3":"status-publish","4":"has-post-thumbnail","6":"product_cat-bitkisel-ekstraktlar","7":"product_cat-hidrolatlar","8":"pa_certyfikaty-helal","9":"pa_certyfikaty-koser-sertifikasi","10":"pa_czesc-rosliny-yapraklar","11":"pa_grupa-substancji-distilatlar","12":"pa_metoda-pozyskiwania-distilasyon","14":"first","15":"instock","16":"shipping-taxable","17":"product-type-simple"},"acf":[],"yoast_head":"<!-- This site is optimized with the Yoast SEO plugin v27.5 - https:\/\/yoast.com\/product\/yoast-seo-wordpress\/ -->\n<title>G\u00fcl Hidrolat - NATURAL POLAND - Hurtowy Dystrybutor Surowc\u00f3w<\/title>\n<meta name=\"description\" content=\"\u015eam g\u00fcl\u00fc hidrolat\u0131, cilt ve sa\u00e7 bak\u0131m\u0131nda do\u011fal ve etkili \u00e7\u00f6z\u00fcmler arayan ki\u015filer i\u00e7in ideal bir se\u00e7imdir.\" \/>\n<meta name=\"robots\" content=\"index, follow, max-snippet:-1, max-image-preview:large, max-video-preview:-1\" \/>\n<link rel=\"canonical\" href=\"https:\/\/naturalpoland.com\/tr\/urunler\/kozmetik-hammaddeleri\/hidrolatlar\/gul-hidrolat\/\" \/>\n<meta property=\"og:locale\" content=\"tr_TR\" \/>\n<meta property=\"og:type\" content=\"article\" \/>\n<meta property=\"og:title\" content=\"G\u00fcl Hidrolat - NATURAL POLAND - Hurtowy Dystrybutor Surowc\u00f3w\" \/>\n<meta property=\"og:description\" content=\"\u015eam g\u00fcl\u00fc hidrolat\u0131, cilt ve sa\u00e7 bak\u0131m\u0131nda do\u011fal ve etkili \u00e7\u00f6z\u00fcmler arayan ki\u015filer i\u00e7in ideal bir se\u00e7imdir.\" \/>\n<meta property=\"og:url\" content=\"https:\/\/naturalpoland.com\/tr\/urunler\/kozmetik-hammaddeleri\/hidrolatlar\/gul-hidrolat\/\" \/>\n<meta property=\"og:site_name\" content=\"NATURAL POLAND - Hurtowy Dystrybutor Surowc\u00f3w\" \/>\n<meta property=\"article:publisher\" content=\"https:\/\/www.facebook.com\/naturalpoland.b2b\" \/>\n<meta property=\"article:modified_time\" content=\"2025-12-22T10:29:18+00:00\" \/>\n<meta property=\"og:image\" content=\"https:\/\/naturalpoland.com\/wp-content\/uploads\/hydrolat-z-rozy-damascenskiej.webp\" \/>\n\t<meta property=\"og:image:width\" content=\"614\" \/>\n\t<meta property=\"og:image:height\" content=\"614\" \/>\n\t<meta property=\"og:image:type\" content=\"image\/webp\" \/>\n<script type=\"application\/ld+json\" class=\"yoast-schema-graph\">{\"@context\":\"https:\\\/\\\/schema.org\",\"@graph\":[{\"@type\":\"WebPage\",\"@id\":\"https:\\\/\\\/naturalpoland.com\\\/tr\\\/urunler\\\/kozmetik-hammaddeleri\\\/hidrolatlar\\\/gul-hidrolat\\\/\",\"url\":\"https:\\\/\\\/naturalpoland.com\\\/tr\\\/urunler\\\/kozmetik-hammaddeleri\\\/hidrolatlar\\\/gul-hidrolat\\\/\",\"name\":\"G\u00fcl Hidrolat - NATURAL POLAND - Hurtowy Dystrybutor Surowc\u00f3w\",\"isPartOf\":{\"@id\":\"https:\\\/\\\/naturalpoland.com\\\/tr\\\/#website\"},\"primaryImageOfPage\":{\"@id\":\"https:\\\/\\\/naturalpoland.com\\\/tr\\\/urunler\\\/kozmetik-hammaddeleri\\\/hidrolatlar\\\/gul-hidrolat\\\/#primaryimage\"},\"image\":{\"@id\":\"https:\\\/\\\/naturalpoland.com\\\/tr\\\/urunler\\\/kozmetik-hammaddeleri\\\/hidrolatlar\\\/gul-hidrolat\\\/#primaryimage\"},\"thumbnailUrl\":\"https:\\\/\\\/naturalpoland.com\\\/wp-content\\\/uploads\\\/hydrolat-z-rozy-damascenskiej.webp\",\"datePublished\":\"2021-05-11T11:43:23+00:00\",\"dateModified\":\"2025-12-22T10:29:18+00:00\",\"description\":\"\u015eam g\u00fcl\u00fc hidrolat\u0131, cilt ve sa\u00e7 bak\u0131m\u0131nda do\u011fal ve etkili \u00e7\u00f6z\u00fcmler arayan ki\u015filer i\u00e7in ideal bir se\u00e7imdir.\",\"breadcrumb\":{\"@id\":\"https:\\\/\\\/naturalpoland.com\\\/tr\\\/urunler\\\/kozmetik-hammaddeleri\\\/hidrolatlar\\\/gul-hidrolat\\\/#breadcrumb\"},\"inLanguage\":\"tr\",\"potentialAction\":[{\"@type\":\"ReadAction\",\"target\":[\"https:\\\/\\\/naturalpoland.com\\\/tr\\\/urunler\\\/kozmetik-hammaddeleri\\\/hidrolatlar\\\/gul-hidrolat\\\/\"]}]},{\"@type\":\"ImageObject\",\"inLanguage\":\"tr\",\"@id\":\"https:\\\/\\\/naturalpoland.com\\\/tr\\\/urunler\\\/kozmetik-hammaddeleri\\\/hidrolatlar\\\/gul-hidrolat\\\/#primaryimage\",\"url\":\"https:\\\/\\\/naturalpoland.com\\\/wp-content\\\/uploads\\\/hydrolat-z-rozy-damascenskiej.webp\",\"contentUrl\":\"https:\\\/\\\/naturalpoland.com\\\/wp-content\\\/uploads\\\/hydrolat-z-rozy-damascenskiej.webp\",\"width\":614,\"height\":614,\"caption\":\"\u015eam g\u00fcl\u00fc g\u00fcl hidrolat\u0131\"},{\"@type\":\"BreadcrumbList\",\"@id\":\"https:\\\/\\\/naturalpoland.com\\\/tr\\\/urunler\\\/kozmetik-hammaddeleri\\\/hidrolatlar\\\/gul-hidrolat\\\/#breadcrumb\",\"itemListElement\":[{\"@type\":\"ListItem\",\"position\":1,\"name\":\"Ana Sayfa\",\"item\":\"https:\\\/\\\/naturalpoland.com\\\/tr\\\/\"},{\"@type\":\"ListItem\",\"position\":2,\"name\":\"\u00dcr\u00fcnler\",\"item\":\"https:\\\/\\\/naturalpoland.com\\\/tr\\\/urunler\\\/\"},{\"@type\":\"ListItem\",\"position\":3,\"name\":\"G\u00fcl Hidrolat\"}]},{\"@type\":\"WebSite\",\"@id\":\"https:\\\/\\\/naturalpoland.com\\\/tr\\\/#website\",\"url\":\"https:\\\/\\\/naturalpoland.com\\\/tr\\\/\",\"name\":\"NATURAL POLAND - Hurtowy Dystrybutor Surowc\u00f3w\",\"description\":\"Surowce dla przemys\u0142u spo\u017cywczego, kosmetycznego i farmaceutycznego\",\"publisher\":{\"@id\":\"https:\\\/\\\/naturalpoland.com\\\/tr\\\/#organization\"},\"potentialAction\":[{\"@type\":\"SearchAction\",\"target\":{\"@type\":\"EntryPoint\",\"urlTemplate\":\"https:\\\/\\\/naturalpoland.com\\\/tr\\\/?s={search_term_string}\"},\"query-input\":{\"@type\":\"PropertyValueSpecification\",\"valueRequired\":true,\"valueName\":\"search_term_string\"}}],\"inLanguage\":\"tr\"},{\"@type\":\"Organization\",\"@id\":\"https:\\\/\\\/naturalpoland.com\\\/tr\\\/#organization\",\"name\":\"Natural Poland\",\"url\":\"https:\\\/\\\/naturalpoland.com\\\/tr\\\/\",\"logo\":{\"@type\":\"ImageObject\",\"inLanguage\":\"tr\",\"@id\":\"https:\\\/\\\/naturalpoland.com\\\/tr\\\/#\\\/schema\\\/logo\\\/image\\\/\",\"url\":\"https:\\\/\\\/naturalpoland.com\\\/wp-content\\\/uploads\\\/2021\\\/05\\\/natural-poland-icon.png\",\"contentUrl\":\"https:\\\/\\\/naturalpoland.com\\\/wp-content\\\/uploads\\\/2021\\\/05\\\/natural-poland-icon.png\",\"width\":512,\"height\":512,\"caption\":\"Natural Poland\"},\"image\":{\"@id\":\"https:\\\/\\\/naturalpoland.com\\\/tr\\\/#\\\/schema\\\/logo\\\/image\\\/\"},\"sameAs\":[\"https:\\\/\\\/www.facebook.com\\\/naturalpoland.b2b\",\"https:\\\/\\\/pl.linkedin.com\\\/company\\\/natural-poland\",\"https:\\\/\\\/www.youtube.com\\\/channel\\\/UCgeGGkvOMahZo-xu_MSEWxg\"]}]}<\/script>\n<!-- \/ Yoast SEO plugin. -->","yoast_head_json":{"title":"G\u00fcl Hidrolat - NATURAL POLAND - Hurtowy Dystrybutor Surowc\u00f3w","description":"\u015eam g\u00fcl\u00fc hidrolat\u0131, cilt ve sa\u00e7 bak\u0131m\u0131nda do\u011fal ve etkili \u00e7\u00f6z\u00fcmler arayan ki\u015filer i\u00e7in ideal bir se\u00e7imdir.","robots":{"index":"index","follow":"follow","max-snippet":"max-snippet:-1","max-image-preview":"max-image-preview:large","max-video-preview":"max-video-preview:-1"},"canonical":"https:\/\/naturalpoland.com\/tr\/urunler\/kozmetik-hammaddeleri\/hidrolatlar\/gul-hidrolat\/","og_locale":"tr_TR","og_type":"article","og_title":"G\u00fcl Hidrolat - NATURAL POLAND - Hurtowy Dystrybutor Surowc\u00f3w","og_description":"\u015eam g\u00fcl\u00fc hidrolat\u0131, cilt ve sa\u00e7 bak\u0131m\u0131nda do\u011fal ve etkili \u00e7\u00f6z\u00fcmler arayan ki\u015filer i\u00e7in ideal bir se\u00e7imdir.","og_url":"https:\/\/naturalpoland.com\/tr\/urunler\/kozmetik-hammaddeleri\/hidrolatlar\/gul-hidrolat\/","og_site_name":"NATURAL POLAND - Hurtowy Dystrybutor Surowc\u00f3w","article_publisher":"https:\/\/www.facebook.com\/naturalpoland.b2b","article_modified_time":"2025-12-22T10:29:18+00:00","og_image":[{"width":614,"height":614,"url":"https:\/\/naturalpoland.com\/wp-content\/uploads\/hydrolat-z-rozy-damascenskiej.webp","type":"image\/webp"}],"schema":{"@context":"https:\/\/schema.org","@graph":[{"@type":"WebPage","@id":"https:\/\/naturalpoland.com\/tr\/urunler\/kozmetik-hammaddeleri\/hidrolatlar\/gul-hidrolat\/","url":"https:\/\/naturalpoland.com\/tr\/urunler\/kozmetik-hammaddeleri\/hidrolatlar\/gul-hidrolat\/","name":"G\u00fcl Hidrolat - NATURAL POLAND - Hurtowy Dystrybutor Surowc\u00f3w","isPartOf":{"@id":"https:\/\/naturalpoland.com\/tr\/#website"},"primaryImageOfPage":{"@id":"https:\/\/naturalpoland.com\/tr\/urunler\/kozmetik-hammaddeleri\/hidrolatlar\/gul-hidrolat\/#primaryimage"},"image":{"@id":"https:\/\/naturalpoland.com\/tr\/urunler\/kozmetik-hammaddeleri\/hidrolatlar\/gul-hidrolat\/#primaryimage"},"thumbnailUrl":"https:\/\/naturalpoland.com\/wp-content\/uploads\/hydrolat-z-rozy-damascenskiej.webp","datePublished":"2021-05-11T11:43:23+00:00","dateModified":"2025-12-22T10:29:18+00:00","description":"\u015eam g\u00fcl\u00fc hidrolat\u0131, cilt ve sa\u00e7 bak\u0131m\u0131nda do\u011fal ve etkili \u00e7\u00f6z\u00fcmler arayan ki\u015filer i\u00e7in ideal bir se\u00e7imdir.","breadcrumb":{"@id":"https:\/\/naturalpoland.com\/tr\/urunler\/kozmetik-hammaddeleri\/hidrolatlar\/gul-hidrolat\/#breadcrumb"},"inLanguage":"tr","potentialAction":[{"@type":"ReadAction","target":["https:\/\/naturalpoland.com\/tr\/urunler\/kozmetik-hammaddeleri\/hidrolatlar\/gul-hidrolat\/"]}]},{"@type":"ImageObject","inLanguage":"tr","@id":"https:\/\/naturalpoland.com\/tr\/urunler\/kozmetik-hammaddeleri\/hidrolatlar\/gul-hidrolat\/#primaryimage","url":"https:\/\/naturalpoland.com\/wp-content\/uploads\/hydrolat-z-rozy-damascenskiej.webp","contentUrl":"https:\/\/naturalpoland.com\/wp-content\/uploads\/hydrolat-z-rozy-damascenskiej.webp","width":614,"height":614,"caption":"\u015eam g\u00fcl\u00fc g\u00fcl hidrolat\u0131"},{"@type":"BreadcrumbList","@id":"https:\/\/naturalpoland.com\/tr\/urunler\/kozmetik-hammaddeleri\/hidrolatlar\/gul-hidrolat\/#breadcrumb","itemListElement":[{"@type":"ListItem","position":1,"name":"Ana Sayfa","item":"https:\/\/naturalpoland.com\/tr\/"},{"@type":"ListItem","position":2,"name":"\u00dcr\u00fcnler","item":"https:\/\/naturalpoland.com\/tr\/urunler\/"},{"@type":"ListItem","position":3,"name":"G\u00fcl Hidrolat"}]},{"@type":"WebSite","@id":"https:\/\/naturalpoland.com\/tr\/#website","url":"https:\/\/naturalpoland.com\/tr\/","name":"NATURAL POLAND - Hurtowy Dystrybutor Surowc\u00f3w","description":"Surowce dla przemys\u0142u spo\u017cywczego, kosmetycznego i farmaceutycznego","publisher":{"@id":"https:\/\/naturalpoland.com\/tr\/#organization"},"potentialAction":[{"@type":"SearchAction","target":{"@type":"EntryPoint","urlTemplate":"https:\/\/naturalpoland.com\/tr\/?s={search_term_string}"},"query-input":{"@type":"PropertyValueSpecification","valueRequired":true,"valueName":"search_term_string"}}],"inLanguage":"tr"},{"@type":"Organization","@id":"https:\/\/naturalpoland.com\/tr\/#organization","name":"Natural Poland","url":"https:\/\/naturalpoland.com\/tr\/","logo":{"@type":"ImageObject","inLanguage":"tr","@id":"https:\/\/naturalpoland.com\/tr\/#\/schema\/logo\/image\/","url":"https:\/\/naturalpoland.com\/wp-content\/uploads\/2021\/05\/natural-poland-icon.png","contentUrl":"https:\/\/naturalpoland.com\/wp-content\/uploads\/2021\/05\/natural-poland-icon.png","width":512,"height":512,"caption":"Natural Poland"},"image":{"@id":"https:\/\/naturalpoland.com\/tr\/#\/schema\/logo\/image\/"},"sameAs":["https:\/\/www.facebook.com\/naturalpoland.b2b","https:\/\/pl.linkedin.com\/company\/natural-poland","https:\/\/www.youtube.com\/channel\/UCgeGGkvOMahZo-xu_MSEWxg"]}]}},"_links":{"self":[{"href":"https:\/\/naturalpoland.com\/tr\/wp-json\/wp\/v2\/product\/44258","targetHints":{"allow":["GET"]}}],"collection":[{"href":"https:\/\/naturalpoland.com\/tr\/wp-json\/wp\/v2\/product"}],"about":[{"href":"https:\/\/naturalpoland.com\/tr\/wp-json\/wp\/v2\/types\/product"}],"wp:featuredmedia":[{"embeddable":true,"href":"https:\/\/naturalpoland.com\/tr\/wp-json\/wp\/v2\/media\/44260"}],"wp:attachment":[{"href":"https:\/\/naturalpoland.com\/tr\/wp-json\/wp\/v2\/media?parent=44258"}],"wp:term":[{"taxonomy":"product_brand","embeddable":true,"href":"https:\/\/naturalpoland.com\/tr\/wp-json\/wp\/v2\/product_brand?post=44258"},{"taxonomy":"product_cat","embeddable":true,"href":"https:\/\/naturalpoland.com\/tr\/wp-json\/wp\/v2\/product_cat?post=44258"},{"taxonomy":"product_tag","embeddable":true,"href":"https:\/\/naturalpoland.com\/tr\/wp-json\/wp\/v2\/product_tag?post=44258"}],"curies":[{"name":"wp","href":"https:\/\/api.w.org\/{rel}","templated":true}]}}