{"id":44261,"date":"2024-04-11T14:07:01","date_gmt":"2024-04-11T12:07:01","guid":{"rendered":"https:\/\/naturalpoland.com\/produkty\/kategorilenmemis\/aloe-vera-hidrolati\/"},"modified":"2025-12-22T11:30:21","modified_gmt":"2025-12-22T10:30:21","slug":"aloe-vera-hidrolati","status":"publish","type":"product","link":"https:\/\/naturalpoland.com\/tr\/urunler\/kozmetik-hammaddeleri\/hidrolatlar\/aloe-vera-hidrolati\/","title":{"rendered":"Aloe vera hidrolat\u0131"},"content":{"rendered":"<p><strong>\u00d6zellikleri<\/strong>:<\/p>\n<p>Aloe vera hidrolat\u0131 son derece yumu\u015fak ve ayn\u0131 zamanda etkilidir, bu da onu \u00f6zellikle hassas, kuru ve tahri\u015f olmu\u015f ciltler ba\u015fta olmak \u00fczere her cilt tipinin bak\u0131m\u0131 i\u00e7in uygun hale getirir. Ana avantaj\u0131, cildi yumu\u015fak, esnek ve parlak tutarak gerekli nemlendirici bile\u015fenleri sa\u011flayan <strong>derin nemlendirmedir<\/strong>. <\/p>\n<p>Aloe vera hidrolat\u0131n\u0131n yat\u0131\u015ft\u0131r\u0131c\u0131 etkisi, r\u00fczgar, g\u00fcne\u015f veya kirlilik gibi d\u0131\u015f fakt\u00f6rler taraf\u0131ndan k\u0131zar\u0131kl\u0131k ve tahri\u015f olmu\u015f ciltler i\u00e7in ve yo\u011fun kozmetik i\u015flemlerden sonra paha bi\u00e7ilmezdir. <strong>Yanma ve ka\u015f\u0131nt\u0131 hissini hafifletmeye<\/strong> yard\u0131mc\u0131 olur ve k\u0131zar\u0131kl\u0131\u011f\u0131 etkili bir \u015fekilde azaltarak cilde konfor hissi verir. <\/p>\n<p>Aloe vera hidrolat\u0131n\u0131n <strong>yenileyici \u00f6zellikleri<\/strong>, h\u00fccre yenilenmesi s\u00fcre\u00e7lerini destekleyerek s\u0131yr\u0131klar veya mikro yaralar gibi k\u00fc\u00e7\u00fck epidermis hasarlar\u0131n\u0131n iyile\u015fmesini h\u0131zland\u0131r\u0131r. Ayr\u0131ca, antioksidanlar\u0131n varl\u0131\u011f\u0131 sayesinde bu hidrolat, cildi serbest radikallerin zararl\u0131 etkilerine kar\u015f\u0131 korumaya katk\u0131da bulunarak gen\u00e7 g\u00f6r\u00fcn\u00fcm\u00fcn daha uzun s\u00fcre korunmas\u0131n\u0131 destekler. <\/p>\n<p><strong>Kullan\u0131m<\/strong>:<\/p>\n<p>Hafif, sulu k\u0131vam\u0131 sayesinde hidrolat h\u0131zla emilir ve ciltte yap\u0131\u015fkan bir tabaka b\u0131rakmaz, bu da onu y\u00fcz toni\u011fi, ferahlat\u0131c\u0131 sprey veya ev yap\u0131m\u0131 maskelerin bir bile\u015feni olarak m\u00fckemmel bir se\u00e7im haline getirir.<\/p>\n<p>&nbsp;<\/p>\n","protected":false},"excerpt":{"rendered":"<p>Aloe vera hidrolat\u0131, sa\u011fl\u0131k ve bak\u0131m faydalar\u0131 ile bilinen ve de\u011fer verilen aloe bitkisinin yapraklar\u0131ndan elde edilir. Cildi besleyen, nemlendiren ve yenilenmesine yard\u0131mc\u0131 olan \u00f6zellikleriyle tan\u0131n\u0131r. <\/p>\n","protected":false},"featured_media":44262,"template":"","meta":{"_acf_changed":false},"product_brand":[],"product_cat":[9547],"product_tag":[],"class_list":{"0":"post-44261","1":"product","2":"type-product","3":"status-publish","4":"has-post-thumbnail","6":"product_cat-hidrolatlar","7":"pa_grupa-substancji-distilatlar","9":"first","10":"instock","11":"shipping-taxable","12":"product-type-simple"},"acf":[],"yoast_head":"<!-- This site is optimized with the Yoast SEO plugin v27.5 - https:\/\/yoast.com\/product\/yoast-seo-wordpress\/ -->\n<title>Aloe vera hidrolat\u0131 - Hurtowy Dystrybutor<\/title>\n<meta name=\"description\" content=\"Aloe vera hidrolat\u0131, nemlendirici, yat\u0131\u015ft\u0131r\u0131c\u0131 ve yenileyici \u00f6zellikleri sayesinde cilt bak\u0131m\u0131nda \u00e7ok y\u00f6nl\u00fc ve vazge\u00e7ilmez bir \u00fcr\u00fcnd\u00fcr.\" \/>\n<meta name=\"robots\" content=\"index, follow, max-snippet:-1, max-image-preview:large, max-video-preview:-1\" \/>\n<link rel=\"canonical\" href=\"https:\/\/naturalpoland.com\/tr\/urunler\/kozmetik-hammaddeleri\/hidrolatlar\/aloe-vera-hidrolati\/\" \/>\n<meta property=\"og:locale\" content=\"tr_TR\" \/>\n<meta property=\"og:type\" content=\"article\" \/>\n<meta property=\"og:title\" content=\"Aloe vera hidrolat\u0131 - Hurtowy Dystrybutor\" \/>\n<meta property=\"og:description\" content=\"Aloe vera hidrolat\u0131, nemlendirici, yat\u0131\u015ft\u0131r\u0131c\u0131 ve yenileyici \u00f6zellikleri sayesinde cilt bak\u0131m\u0131nda \u00e7ok y\u00f6nl\u00fc ve vazge\u00e7ilmez bir \u00fcr\u00fcnd\u00fcr.\" \/>\n<meta property=\"og:url\" content=\"https:\/\/naturalpoland.com\/tr\/urunler\/kozmetik-hammaddeleri\/hidrolatlar\/aloe-vera-hidrolati\/\" \/>\n<meta property=\"og:site_name\" content=\"NATURAL POLAND - Hurtowy Dystrybutor Surowc\u00f3w\" \/>\n<meta property=\"article:publisher\" content=\"https:\/\/www.facebook.com\/naturalpoland.b2b\" \/>\n<meta property=\"article:modified_time\" content=\"2025-12-22T10:30:21+00:00\" \/>\n<meta property=\"og:image\" content=\"https:\/\/naturalpoland.com\/wp-content\/uploads\/hydrolat-aloesowy.webp\" \/>\n\t<meta property=\"og:image:width\" content=\"618\" \/>\n\t<meta property=\"og:image:height\" content=\"618\" \/>\n\t<meta property=\"og:image:type\" content=\"image\/webp\" \/>\n<script type=\"application\/ld+json\" class=\"yoast-schema-graph\">{\"@context\":\"https:\\\/\\\/schema.org\",\"@graph\":[{\"@type\":\"WebPage\",\"@id\":\"https:\\\/\\\/naturalpoland.com\\\/tr\\\/urunler\\\/kozmetik-hammaddeleri\\\/hidrolatlar\\\/aloe-vera-hidrolati\\\/\",\"url\":\"https:\\\/\\\/naturalpoland.com\\\/tr\\\/urunler\\\/kozmetik-hammaddeleri\\\/hidrolatlar\\\/aloe-vera-hidrolati\\\/\",\"name\":\"Aloe vera hidrolat\u0131 - Hurtowy Dystrybutor\",\"isPartOf\":{\"@id\":\"https:\\\/\\\/naturalpoland.com\\\/tr\\\/#website\"},\"primaryImageOfPage\":{\"@id\":\"https:\\\/\\\/naturalpoland.com\\\/tr\\\/urunler\\\/kozmetik-hammaddeleri\\\/hidrolatlar\\\/aloe-vera-hidrolati\\\/#primaryimage\"},\"image\":{\"@id\":\"https:\\\/\\\/naturalpoland.com\\\/tr\\\/urunler\\\/kozmetik-hammaddeleri\\\/hidrolatlar\\\/aloe-vera-hidrolati\\\/#primaryimage\"},\"thumbnailUrl\":\"https:\\\/\\\/naturalpoland.com\\\/wp-content\\\/uploads\\\/hydrolat-aloesowy.webp\",\"datePublished\":\"2024-04-11T12:07:01+00:00\",\"dateModified\":\"2025-12-22T10:30:21+00:00\",\"description\":\"Aloe vera hidrolat\u0131, nemlendirici, yat\u0131\u015ft\u0131r\u0131c\u0131 ve yenileyici \u00f6zellikleri sayesinde cilt bak\u0131m\u0131nda \u00e7ok y\u00f6nl\u00fc ve vazge\u00e7ilmez bir \u00fcr\u00fcnd\u00fcr.\",\"breadcrumb\":{\"@id\":\"https:\\\/\\\/naturalpoland.com\\\/tr\\\/urunler\\\/kozmetik-hammaddeleri\\\/hidrolatlar\\\/aloe-vera-hidrolati\\\/#breadcrumb\"},\"inLanguage\":\"tr\",\"potentialAction\":[{\"@type\":\"ReadAction\",\"target\":[\"https:\\\/\\\/naturalpoland.com\\\/tr\\\/urunler\\\/kozmetik-hammaddeleri\\\/hidrolatlar\\\/aloe-vera-hidrolati\\\/\"]}]},{\"@type\":\"ImageObject\",\"inLanguage\":\"tr\",\"@id\":\"https:\\\/\\\/naturalpoland.com\\\/tr\\\/urunler\\\/kozmetik-hammaddeleri\\\/hidrolatlar\\\/aloe-vera-hidrolati\\\/#primaryimage\",\"url\":\"https:\\\/\\\/naturalpoland.com\\\/wp-content\\\/uploads\\\/hydrolat-aloesowy.webp\",\"contentUrl\":\"https:\\\/\\\/naturalpoland.com\\\/wp-content\\\/uploads\\\/hydrolat-aloesowy.webp\",\"width\":618,\"height\":618,\"caption\":\"aloe vera hidrolat\u0131\"},{\"@type\":\"BreadcrumbList\",\"@id\":\"https:\\\/\\\/naturalpoland.com\\\/tr\\\/urunler\\\/kozmetik-hammaddeleri\\\/hidrolatlar\\\/aloe-vera-hidrolati\\\/#breadcrumb\",\"itemListElement\":[{\"@type\":\"ListItem\",\"position\":1,\"name\":\"Ana Sayfa\",\"item\":\"https:\\\/\\\/naturalpoland.com\\\/tr\\\/\"},{\"@type\":\"ListItem\",\"position\":2,\"name\":\"\u00dcr\u00fcnler\",\"item\":\"https:\\\/\\\/naturalpoland.com\\\/tr\\\/urunler\\\/\"},{\"@type\":\"ListItem\",\"position\":3,\"name\":\"Aloe vera hidrolat\u0131\"}]},{\"@type\":\"WebSite\",\"@id\":\"https:\\\/\\\/naturalpoland.com\\\/tr\\\/#website\",\"url\":\"https:\\\/\\\/naturalpoland.com\\\/tr\\\/\",\"name\":\"NATURAL POLAND - Hurtowy Dystrybutor Surowc\u00f3w\",\"description\":\"Surowce dla przemys\u0142u spo\u017cywczego, kosmetycznego i farmaceutycznego\",\"publisher\":{\"@id\":\"https:\\\/\\\/naturalpoland.com\\\/tr\\\/#organization\"},\"potentialAction\":[{\"@type\":\"SearchAction\",\"target\":{\"@type\":\"EntryPoint\",\"urlTemplate\":\"https:\\\/\\\/naturalpoland.com\\\/tr\\\/?s={search_term_string}\"},\"query-input\":{\"@type\":\"PropertyValueSpecification\",\"valueRequired\":true,\"valueName\":\"search_term_string\"}}],\"inLanguage\":\"tr\"},{\"@type\":\"Organization\",\"@id\":\"https:\\\/\\\/naturalpoland.com\\\/tr\\\/#organization\",\"name\":\"Natural Poland\",\"url\":\"https:\\\/\\\/naturalpoland.com\\\/tr\\\/\",\"logo\":{\"@type\":\"ImageObject\",\"inLanguage\":\"tr\",\"@id\":\"https:\\\/\\\/naturalpoland.com\\\/tr\\\/#\\\/schema\\\/logo\\\/image\\\/\",\"url\":\"https:\\\/\\\/naturalpoland.com\\\/wp-content\\\/uploads\\\/2021\\\/05\\\/natural-poland-icon.png\",\"contentUrl\":\"https:\\\/\\\/naturalpoland.com\\\/wp-content\\\/uploads\\\/2021\\\/05\\\/natural-poland-icon.png\",\"width\":512,\"height\":512,\"caption\":\"Natural Poland\"},\"image\":{\"@id\":\"https:\\\/\\\/naturalpoland.com\\\/tr\\\/#\\\/schema\\\/logo\\\/image\\\/\"},\"sameAs\":[\"https:\\\/\\\/www.facebook.com\\\/naturalpoland.b2b\",\"https:\\\/\\\/pl.linkedin.com\\\/company\\\/natural-poland\",\"https:\\\/\\\/www.youtube.com\\\/channel\\\/UCgeGGkvOMahZo-xu_MSEWxg\"]}]}<\/script>\n<!-- \/ Yoast SEO plugin. -->","yoast_head_json":{"title":"Aloe vera hidrolat\u0131 - Hurtowy Dystrybutor","description":"Aloe vera hidrolat\u0131, nemlendirici, yat\u0131\u015ft\u0131r\u0131c\u0131 ve yenileyici \u00f6zellikleri sayesinde cilt bak\u0131m\u0131nda \u00e7ok y\u00f6nl\u00fc ve vazge\u00e7ilmez bir \u00fcr\u00fcnd\u00fcr.","robots":{"index":"index","follow":"follow","max-snippet":"max-snippet:-1","max-image-preview":"max-image-preview:large","max-video-preview":"max-video-preview:-1"},"canonical":"https:\/\/naturalpoland.com\/tr\/urunler\/kozmetik-hammaddeleri\/hidrolatlar\/aloe-vera-hidrolati\/","og_locale":"tr_TR","og_type":"article","og_title":"Aloe vera hidrolat\u0131 - Hurtowy Dystrybutor","og_description":"Aloe vera hidrolat\u0131, nemlendirici, yat\u0131\u015ft\u0131r\u0131c\u0131 ve yenileyici \u00f6zellikleri sayesinde cilt bak\u0131m\u0131nda \u00e7ok y\u00f6nl\u00fc ve vazge\u00e7ilmez bir \u00fcr\u00fcnd\u00fcr.","og_url":"https:\/\/naturalpoland.com\/tr\/urunler\/kozmetik-hammaddeleri\/hidrolatlar\/aloe-vera-hidrolati\/","og_site_name":"NATURAL POLAND - Hurtowy Dystrybutor Surowc\u00f3w","article_publisher":"https:\/\/www.facebook.com\/naturalpoland.b2b","article_modified_time":"2025-12-22T10:30:21+00:00","og_image":[{"width":618,"height":618,"url":"https:\/\/naturalpoland.com\/wp-content\/uploads\/hydrolat-aloesowy.webp","type":"image\/webp"}],"schema":{"@context":"https:\/\/schema.org","@graph":[{"@type":"WebPage","@id":"https:\/\/naturalpoland.com\/tr\/urunler\/kozmetik-hammaddeleri\/hidrolatlar\/aloe-vera-hidrolati\/","url":"https:\/\/naturalpoland.com\/tr\/urunler\/kozmetik-hammaddeleri\/hidrolatlar\/aloe-vera-hidrolati\/","name":"Aloe vera hidrolat\u0131 - Hurtowy Dystrybutor","isPartOf":{"@id":"https:\/\/naturalpoland.com\/tr\/#website"},"primaryImageOfPage":{"@id":"https:\/\/naturalpoland.com\/tr\/urunler\/kozmetik-hammaddeleri\/hidrolatlar\/aloe-vera-hidrolati\/#primaryimage"},"image":{"@id":"https:\/\/naturalpoland.com\/tr\/urunler\/kozmetik-hammaddeleri\/hidrolatlar\/aloe-vera-hidrolati\/#primaryimage"},"thumbnailUrl":"https:\/\/naturalpoland.com\/wp-content\/uploads\/hydrolat-aloesowy.webp","datePublished":"2024-04-11T12:07:01+00:00","dateModified":"2025-12-22T10:30:21+00:00","description":"Aloe vera hidrolat\u0131, nemlendirici, yat\u0131\u015ft\u0131r\u0131c\u0131 ve yenileyici \u00f6zellikleri sayesinde cilt bak\u0131m\u0131nda \u00e7ok y\u00f6nl\u00fc ve vazge\u00e7ilmez bir \u00fcr\u00fcnd\u00fcr.","breadcrumb":{"@id":"https:\/\/naturalpoland.com\/tr\/urunler\/kozmetik-hammaddeleri\/hidrolatlar\/aloe-vera-hidrolati\/#breadcrumb"},"inLanguage":"tr","potentialAction":[{"@type":"ReadAction","target":["https:\/\/naturalpoland.com\/tr\/urunler\/kozmetik-hammaddeleri\/hidrolatlar\/aloe-vera-hidrolati\/"]}]},{"@type":"ImageObject","inLanguage":"tr","@id":"https:\/\/naturalpoland.com\/tr\/urunler\/kozmetik-hammaddeleri\/hidrolatlar\/aloe-vera-hidrolati\/#primaryimage","url":"https:\/\/naturalpoland.com\/wp-content\/uploads\/hydrolat-aloesowy.webp","contentUrl":"https:\/\/naturalpoland.com\/wp-content\/uploads\/hydrolat-aloesowy.webp","width":618,"height":618,"caption":"aloe vera hidrolat\u0131"},{"@type":"BreadcrumbList","@id":"https:\/\/naturalpoland.com\/tr\/urunler\/kozmetik-hammaddeleri\/hidrolatlar\/aloe-vera-hidrolati\/#breadcrumb","itemListElement":[{"@type":"ListItem","position":1,"name":"Ana Sayfa","item":"https:\/\/naturalpoland.com\/tr\/"},{"@type":"ListItem","position":2,"name":"\u00dcr\u00fcnler","item":"https:\/\/naturalpoland.com\/tr\/urunler\/"},{"@type":"ListItem","position":3,"name":"Aloe vera hidrolat\u0131"}]},{"@type":"WebSite","@id":"https:\/\/naturalpoland.com\/tr\/#website","url":"https:\/\/naturalpoland.com\/tr\/","name":"NATURAL POLAND - Hurtowy Dystrybutor Surowc\u00f3w","description":"Surowce dla przemys\u0142u spo\u017cywczego, kosmetycznego i farmaceutycznego","publisher":{"@id":"https:\/\/naturalpoland.com\/tr\/#organization"},"potentialAction":[{"@type":"SearchAction","target":{"@type":"EntryPoint","urlTemplate":"https:\/\/naturalpoland.com\/tr\/?s={search_term_string}"},"query-input":{"@type":"PropertyValueSpecification","valueRequired":true,"valueName":"search_term_string"}}],"inLanguage":"tr"},{"@type":"Organization","@id":"https:\/\/naturalpoland.com\/tr\/#organization","name":"Natural Poland","url":"https:\/\/naturalpoland.com\/tr\/","logo":{"@type":"ImageObject","inLanguage":"tr","@id":"https:\/\/naturalpoland.com\/tr\/#\/schema\/logo\/image\/","url":"https:\/\/naturalpoland.com\/wp-content\/uploads\/2021\/05\/natural-poland-icon.png","contentUrl":"https:\/\/naturalpoland.com\/wp-content\/uploads\/2021\/05\/natural-poland-icon.png","width":512,"height":512,"caption":"Natural Poland"},"image":{"@id":"https:\/\/naturalpoland.com\/tr\/#\/schema\/logo\/image\/"},"sameAs":["https:\/\/www.facebook.com\/naturalpoland.b2b","https:\/\/pl.linkedin.com\/company\/natural-poland","https:\/\/www.youtube.com\/channel\/UCgeGGkvOMahZo-xu_MSEWxg"]}]}},"_links":{"self":[{"href":"https:\/\/naturalpoland.com\/tr\/wp-json\/wp\/v2\/product\/44261","targetHints":{"allow":["GET"]}}],"collection":[{"href":"https:\/\/naturalpoland.com\/tr\/wp-json\/wp\/v2\/product"}],"about":[{"href":"https:\/\/naturalpoland.com\/tr\/wp-json\/wp\/v2\/types\/product"}],"wp:featuredmedia":[{"embeddable":true,"href":"https:\/\/naturalpoland.com\/tr\/wp-json\/wp\/v2\/media\/44262"}],"wp:attachment":[{"href":"https:\/\/naturalpoland.com\/tr\/wp-json\/wp\/v2\/media?parent=44261"}],"wp:term":[{"taxonomy":"product_brand","embeddable":true,"href":"https:\/\/naturalpoland.com\/tr\/wp-json\/wp\/v2\/product_brand?post=44261"},{"taxonomy":"product_cat","embeddable":true,"href":"https:\/\/naturalpoland.com\/tr\/wp-json\/wp\/v2\/product_cat?post=44261"},{"taxonomy":"product_tag","embeddable":true,"href":"https:\/\/naturalpoland.com\/tr\/wp-json\/wp\/v2\/product_tag?post=44261"}],"curies":[{"name":"wp","href":"https:\/\/api.w.org\/{rel}","templated":true}]}}