{"id":44263,"date":"2024-04-11T12:25:34","date_gmt":"2024-04-11T10:25:34","guid":{"rendered":"https:\/\/naturalpoland.com\/produkty\/kategorilenmemis\/papatya-hidrolat\/"},"modified":"2025-12-22T11:30:25","modified_gmt":"2025-12-22T10:30:25","slug":"papatya-hidrolat","status":"publish","type":"product","link":"https:\/\/naturalpoland.com\/tr\/urunler\/kozmetik-hammaddeleri\/hidrolatlar\/papatya-hidrolat\/","title":{"rendered":"Papatya Hidrolat"},"content":{"rendered":"<p><strong>\u00d6zellikler<\/strong><\/p>\n<p>Papatya hidrolat, antienflamatuar ve antiseptik \u00f6zellikleri sayesinde r\u00fczgar, so\u011fuk veya kirlilik gibi d\u0131\u015f etkenlere maruz kalan cilde rahatl\u0131k sa\u011flar. \u00d6zellikle hassas, k\u0131zar\u0131kl\u0131\u011fa ve tahri\u015fe e\u011filimli ciltler i\u00e7in ve ayr\u0131ca akne, egzama veya sedef hastal\u0131\u011f\u0131 gibi cilt sorunlar\u0131yla m\u00fccadele edenler i\u00e7in \u00f6nerilir. <\/p>\n<p><strong>Kullan\u0131m alanlar\u0131<\/strong><\/p>\n<p>Y\u00fcz toni\u011fi olarak kullan\u0131labilir, t\u0131ra\u015f sonras\u0131 cildi yat\u0131\u015ft\u0131r\u0131r ve ayr\u0131ca maske ve kompres i\u00e7in baz olarak kullan\u0131labilir. Yat\u0131\u015ft\u0131r\u0131c\u0131 \u00f6zellikleri sayesinde bebek ve k\u00fc\u00e7\u00fck \u00e7ocuklar\u0131n cilt bak\u0131m\u0131nda da de\u011ferlidir. <\/p>\n<p>Papatya hidrolat sadece tahri\u015fi yat\u0131\u015ft\u0131rmakla kalmaz, ayn\u0131 zamanda cildin yenilenme s\u00fcre\u00e7lerini destekleyerek epidermisin rejenerasyonuna katk\u0131da bulunur. Do\u011fal antioksidanlar i\u00e7ermesi sayesinde cildi erken ya\u015flanmaya kar\u015f\u0131 korumaya yard\u0131mc\u0131 olur ve d\u00fczenli kullan\u0131m\u0131 cildin genel durumunu iyile\u015ftirebilir. <\/p>\n","protected":false},"excerpt":{"rendered":"<p>Papatya hidrolat, yat\u0131\u015ft\u0131r\u0131c\u0131 ve rahatlat\u0131c\u0131 \u00f6zellikleri i\u00e7in de\u011fer g\u00f6r\u00fcr. Papatya \u00e7i\u00e7eklerinin buhar distilasyonu i\u015flemiyle elde edilir ve faydal\u0131 etkilerinden sorumlu olan biyolojik olarak aktif bitki bile\u015fenlerini tamamen korur. <\/p>\n","protected":false},"featured_media":44264,"template":"","meta":{"_acf_changed":false},"product_brand":[],"product_cat":[9547],"product_tag":[],"class_list":{"0":"post-44263","1":"product","2":"type-product","3":"status-publish","4":"has-post-thumbnail","6":"product_cat-hidrolatlar","7":"pa_grupa-substancji-distilatlar","9":"first","10":"instock","11":"shipping-taxable","12":"product-type-simple"},"acf":[],"yoast_head":"<!-- This site is optimized with the Yoast SEO plugin v27.5 - https:\/\/yoast.com\/product\/yoast-seo-wordpress\/ -->\n<title>Papatya Hidrolat - Hurtowy Dystrybutor<\/title>\n<meta name=\"description\" content=\"Papatya hidrolat, yat\u0131\u015ft\u0131r\u0131c\u0131 ve rahatlat\u0131c\u0131 \u00f6zelliklere sahip do\u011fal bir \u00fcr\u00fcnd\u00fcr ve her cilt tipinin bak\u0131m\u0131nda geni\u015f kullan\u0131m alan\u0131 bulur.\" \/>\n<meta name=\"robots\" content=\"index, follow, max-snippet:-1, max-image-preview:large, max-video-preview:-1\" \/>\n<link rel=\"canonical\" href=\"https:\/\/naturalpoland.com\/tr\/urunler\/kozmetik-hammaddeleri\/hidrolatlar\/papatya-hidrolat\/\" \/>\n<meta property=\"og:locale\" content=\"tr_TR\" \/>\n<meta property=\"og:type\" content=\"article\" \/>\n<meta property=\"og:title\" content=\"Papatya Hidrolat - Hurtowy Dystrybutor\" \/>\n<meta property=\"og:description\" content=\"Papatya hidrolat, yat\u0131\u015ft\u0131r\u0131c\u0131 ve rahatlat\u0131c\u0131 \u00f6zelliklere sahip do\u011fal bir \u00fcr\u00fcnd\u00fcr ve her cilt tipinin bak\u0131m\u0131nda geni\u015f kullan\u0131m alan\u0131 bulur.\" \/>\n<meta property=\"og:url\" content=\"https:\/\/naturalpoland.com\/tr\/urunler\/kozmetik-hammaddeleri\/hidrolatlar\/papatya-hidrolat\/\" \/>\n<meta property=\"og:site_name\" content=\"NATURAL POLAND - Hurtowy Dystrybutor Surowc\u00f3w\" \/>\n<meta property=\"article:publisher\" content=\"https:\/\/www.facebook.com\/naturalpoland.b2b\" \/>\n<meta property=\"article:modified_time\" content=\"2025-12-22T10:30:25+00:00\" \/>\n<meta property=\"og:image\" content=\"https:\/\/naturalpoland.com\/wp-content\/uploads\/hydrolat-rumiankowy.webp\" \/>\n\t<meta property=\"og:image:width\" content=\"618\" \/>\n\t<meta property=\"og:image:height\" content=\"618\" \/>\n\t<meta property=\"og:image:type\" content=\"image\/webp\" \/>\n<script type=\"application\/ld+json\" class=\"yoast-schema-graph\">{\"@context\":\"https:\\\/\\\/schema.org\",\"@graph\":[{\"@type\":\"WebPage\",\"@id\":\"https:\\\/\\\/naturalpoland.com\\\/tr\\\/urunler\\\/kozmetik-hammaddeleri\\\/hidrolatlar\\\/papatya-hidrolat\\\/\",\"url\":\"https:\\\/\\\/naturalpoland.com\\\/tr\\\/urunler\\\/kozmetik-hammaddeleri\\\/hidrolatlar\\\/papatya-hidrolat\\\/\",\"name\":\"Papatya Hidrolat - Hurtowy Dystrybutor\",\"isPartOf\":{\"@id\":\"https:\\\/\\\/naturalpoland.com\\\/tr\\\/#website\"},\"primaryImageOfPage\":{\"@id\":\"https:\\\/\\\/naturalpoland.com\\\/tr\\\/urunler\\\/kozmetik-hammaddeleri\\\/hidrolatlar\\\/papatya-hidrolat\\\/#primaryimage\"},\"image\":{\"@id\":\"https:\\\/\\\/naturalpoland.com\\\/tr\\\/urunler\\\/kozmetik-hammaddeleri\\\/hidrolatlar\\\/papatya-hidrolat\\\/#primaryimage\"},\"thumbnailUrl\":\"https:\\\/\\\/naturalpoland.com\\\/wp-content\\\/uploads\\\/hydrolat-rumiankowy.webp\",\"datePublished\":\"2024-04-11T10:25:34+00:00\",\"dateModified\":\"2025-12-22T10:30:25+00:00\",\"description\":\"Papatya hidrolat, yat\u0131\u015ft\u0131r\u0131c\u0131 ve rahatlat\u0131c\u0131 \u00f6zelliklere sahip do\u011fal bir \u00fcr\u00fcnd\u00fcr ve her cilt tipinin bak\u0131m\u0131nda geni\u015f kullan\u0131m alan\u0131 bulur.\",\"breadcrumb\":{\"@id\":\"https:\\\/\\\/naturalpoland.com\\\/tr\\\/urunler\\\/kozmetik-hammaddeleri\\\/hidrolatlar\\\/papatya-hidrolat\\\/#breadcrumb\"},\"inLanguage\":\"tr\",\"potentialAction\":[{\"@type\":\"ReadAction\",\"target\":[\"https:\\\/\\\/naturalpoland.com\\\/tr\\\/urunler\\\/kozmetik-hammaddeleri\\\/hidrolatlar\\\/papatya-hidrolat\\\/\"]}]},{\"@type\":\"ImageObject\",\"inLanguage\":\"tr\",\"@id\":\"https:\\\/\\\/naturalpoland.com\\\/tr\\\/urunler\\\/kozmetik-hammaddeleri\\\/hidrolatlar\\\/papatya-hidrolat\\\/#primaryimage\",\"url\":\"https:\\\/\\\/naturalpoland.com\\\/wp-content\\\/uploads\\\/hydrolat-rumiankowy.webp\",\"contentUrl\":\"https:\\\/\\\/naturalpoland.com\\\/wp-content\\\/uploads\\\/hydrolat-rumiankowy.webp\",\"width\":618,\"height\":618,\"caption\":\"papatya hidrolat\"},{\"@type\":\"BreadcrumbList\",\"@id\":\"https:\\\/\\\/naturalpoland.com\\\/tr\\\/urunler\\\/kozmetik-hammaddeleri\\\/hidrolatlar\\\/papatya-hidrolat\\\/#breadcrumb\",\"itemListElement\":[{\"@type\":\"ListItem\",\"position\":1,\"name\":\"Ana Sayfa\",\"item\":\"https:\\\/\\\/naturalpoland.com\\\/tr\\\/\"},{\"@type\":\"ListItem\",\"position\":2,\"name\":\"\u00dcr\u00fcnler\",\"item\":\"https:\\\/\\\/naturalpoland.com\\\/tr\\\/urunler\\\/\"},{\"@type\":\"ListItem\",\"position\":3,\"name\":\"Papatya Hidrolat\"}]},{\"@type\":\"WebSite\",\"@id\":\"https:\\\/\\\/naturalpoland.com\\\/tr\\\/#website\",\"url\":\"https:\\\/\\\/naturalpoland.com\\\/tr\\\/\",\"name\":\"NATURAL POLAND - Hurtowy Dystrybutor Surowc\u00f3w\",\"description\":\"Surowce dla przemys\u0142u spo\u017cywczego, kosmetycznego i farmaceutycznego\",\"publisher\":{\"@id\":\"https:\\\/\\\/naturalpoland.com\\\/tr\\\/#organization\"},\"potentialAction\":[{\"@type\":\"SearchAction\",\"target\":{\"@type\":\"EntryPoint\",\"urlTemplate\":\"https:\\\/\\\/naturalpoland.com\\\/tr\\\/?s={search_term_string}\"},\"query-input\":{\"@type\":\"PropertyValueSpecification\",\"valueRequired\":true,\"valueName\":\"search_term_string\"}}],\"inLanguage\":\"tr\"},{\"@type\":\"Organization\",\"@id\":\"https:\\\/\\\/naturalpoland.com\\\/tr\\\/#organization\",\"name\":\"Natural Poland\",\"url\":\"https:\\\/\\\/naturalpoland.com\\\/tr\\\/\",\"logo\":{\"@type\":\"ImageObject\",\"inLanguage\":\"tr\",\"@id\":\"https:\\\/\\\/naturalpoland.com\\\/tr\\\/#\\\/schema\\\/logo\\\/image\\\/\",\"url\":\"https:\\\/\\\/naturalpoland.com\\\/wp-content\\\/uploads\\\/2021\\\/05\\\/natural-poland-icon.png\",\"contentUrl\":\"https:\\\/\\\/naturalpoland.com\\\/wp-content\\\/uploads\\\/2021\\\/05\\\/natural-poland-icon.png\",\"width\":512,\"height\":512,\"caption\":\"Natural Poland\"},\"image\":{\"@id\":\"https:\\\/\\\/naturalpoland.com\\\/tr\\\/#\\\/schema\\\/logo\\\/image\\\/\"},\"sameAs\":[\"https:\\\/\\\/www.facebook.com\\\/naturalpoland.b2b\",\"https:\\\/\\\/pl.linkedin.com\\\/company\\\/natural-poland\",\"https:\\\/\\\/www.youtube.com\\\/channel\\\/UCgeGGkvOMahZo-xu_MSEWxg\"]}]}<\/script>\n<!-- \/ Yoast SEO plugin. -->","yoast_head_json":{"title":"Papatya Hidrolat - Hurtowy Dystrybutor","description":"Papatya hidrolat, yat\u0131\u015ft\u0131r\u0131c\u0131 ve rahatlat\u0131c\u0131 \u00f6zelliklere sahip do\u011fal bir \u00fcr\u00fcnd\u00fcr ve her cilt tipinin bak\u0131m\u0131nda geni\u015f kullan\u0131m alan\u0131 bulur.","robots":{"index":"index","follow":"follow","max-snippet":"max-snippet:-1","max-image-preview":"max-image-preview:large","max-video-preview":"max-video-preview:-1"},"canonical":"https:\/\/naturalpoland.com\/tr\/urunler\/kozmetik-hammaddeleri\/hidrolatlar\/papatya-hidrolat\/","og_locale":"tr_TR","og_type":"article","og_title":"Papatya Hidrolat - Hurtowy Dystrybutor","og_description":"Papatya hidrolat, yat\u0131\u015ft\u0131r\u0131c\u0131 ve rahatlat\u0131c\u0131 \u00f6zelliklere sahip do\u011fal bir \u00fcr\u00fcnd\u00fcr ve her cilt tipinin bak\u0131m\u0131nda geni\u015f kullan\u0131m alan\u0131 bulur.","og_url":"https:\/\/naturalpoland.com\/tr\/urunler\/kozmetik-hammaddeleri\/hidrolatlar\/papatya-hidrolat\/","og_site_name":"NATURAL POLAND - Hurtowy Dystrybutor Surowc\u00f3w","article_publisher":"https:\/\/www.facebook.com\/naturalpoland.b2b","article_modified_time":"2025-12-22T10:30:25+00:00","og_image":[{"width":618,"height":618,"url":"https:\/\/naturalpoland.com\/wp-content\/uploads\/hydrolat-rumiankowy.webp","type":"image\/webp"}],"schema":{"@context":"https:\/\/schema.org","@graph":[{"@type":"WebPage","@id":"https:\/\/naturalpoland.com\/tr\/urunler\/kozmetik-hammaddeleri\/hidrolatlar\/papatya-hidrolat\/","url":"https:\/\/naturalpoland.com\/tr\/urunler\/kozmetik-hammaddeleri\/hidrolatlar\/papatya-hidrolat\/","name":"Papatya Hidrolat - Hurtowy Dystrybutor","isPartOf":{"@id":"https:\/\/naturalpoland.com\/tr\/#website"},"primaryImageOfPage":{"@id":"https:\/\/naturalpoland.com\/tr\/urunler\/kozmetik-hammaddeleri\/hidrolatlar\/papatya-hidrolat\/#primaryimage"},"image":{"@id":"https:\/\/naturalpoland.com\/tr\/urunler\/kozmetik-hammaddeleri\/hidrolatlar\/papatya-hidrolat\/#primaryimage"},"thumbnailUrl":"https:\/\/naturalpoland.com\/wp-content\/uploads\/hydrolat-rumiankowy.webp","datePublished":"2024-04-11T10:25:34+00:00","dateModified":"2025-12-22T10:30:25+00:00","description":"Papatya hidrolat, yat\u0131\u015ft\u0131r\u0131c\u0131 ve rahatlat\u0131c\u0131 \u00f6zelliklere sahip do\u011fal bir \u00fcr\u00fcnd\u00fcr ve her cilt tipinin bak\u0131m\u0131nda geni\u015f kullan\u0131m alan\u0131 bulur.","breadcrumb":{"@id":"https:\/\/naturalpoland.com\/tr\/urunler\/kozmetik-hammaddeleri\/hidrolatlar\/papatya-hidrolat\/#breadcrumb"},"inLanguage":"tr","potentialAction":[{"@type":"ReadAction","target":["https:\/\/naturalpoland.com\/tr\/urunler\/kozmetik-hammaddeleri\/hidrolatlar\/papatya-hidrolat\/"]}]},{"@type":"ImageObject","inLanguage":"tr","@id":"https:\/\/naturalpoland.com\/tr\/urunler\/kozmetik-hammaddeleri\/hidrolatlar\/papatya-hidrolat\/#primaryimage","url":"https:\/\/naturalpoland.com\/wp-content\/uploads\/hydrolat-rumiankowy.webp","contentUrl":"https:\/\/naturalpoland.com\/wp-content\/uploads\/hydrolat-rumiankowy.webp","width":618,"height":618,"caption":"papatya hidrolat"},{"@type":"BreadcrumbList","@id":"https:\/\/naturalpoland.com\/tr\/urunler\/kozmetik-hammaddeleri\/hidrolatlar\/papatya-hidrolat\/#breadcrumb","itemListElement":[{"@type":"ListItem","position":1,"name":"Ana Sayfa","item":"https:\/\/naturalpoland.com\/tr\/"},{"@type":"ListItem","position":2,"name":"\u00dcr\u00fcnler","item":"https:\/\/naturalpoland.com\/tr\/urunler\/"},{"@type":"ListItem","position":3,"name":"Papatya Hidrolat"}]},{"@type":"WebSite","@id":"https:\/\/naturalpoland.com\/tr\/#website","url":"https:\/\/naturalpoland.com\/tr\/","name":"NATURAL POLAND - Hurtowy Dystrybutor Surowc\u00f3w","description":"Surowce dla przemys\u0142u spo\u017cywczego, kosmetycznego i farmaceutycznego","publisher":{"@id":"https:\/\/naturalpoland.com\/tr\/#organization"},"potentialAction":[{"@type":"SearchAction","target":{"@type":"EntryPoint","urlTemplate":"https:\/\/naturalpoland.com\/tr\/?s={search_term_string}"},"query-input":{"@type":"PropertyValueSpecification","valueRequired":true,"valueName":"search_term_string"}}],"inLanguage":"tr"},{"@type":"Organization","@id":"https:\/\/naturalpoland.com\/tr\/#organization","name":"Natural Poland","url":"https:\/\/naturalpoland.com\/tr\/","logo":{"@type":"ImageObject","inLanguage":"tr","@id":"https:\/\/naturalpoland.com\/tr\/#\/schema\/logo\/image\/","url":"https:\/\/naturalpoland.com\/wp-content\/uploads\/2021\/05\/natural-poland-icon.png","contentUrl":"https:\/\/naturalpoland.com\/wp-content\/uploads\/2021\/05\/natural-poland-icon.png","width":512,"height":512,"caption":"Natural Poland"},"image":{"@id":"https:\/\/naturalpoland.com\/tr\/#\/schema\/logo\/image\/"},"sameAs":["https:\/\/www.facebook.com\/naturalpoland.b2b","https:\/\/pl.linkedin.com\/company\/natural-poland","https:\/\/www.youtube.com\/channel\/UCgeGGkvOMahZo-xu_MSEWxg"]}]}},"_links":{"self":[{"href":"https:\/\/naturalpoland.com\/tr\/wp-json\/wp\/v2\/product\/44263","targetHints":{"allow":["GET"]}}],"collection":[{"href":"https:\/\/naturalpoland.com\/tr\/wp-json\/wp\/v2\/product"}],"about":[{"href":"https:\/\/naturalpoland.com\/tr\/wp-json\/wp\/v2\/types\/product"}],"wp:featuredmedia":[{"embeddable":true,"href":"https:\/\/naturalpoland.com\/tr\/wp-json\/wp\/v2\/media\/44264"}],"wp:attachment":[{"href":"https:\/\/naturalpoland.com\/tr\/wp-json\/wp\/v2\/media?parent=44263"}],"wp:term":[{"taxonomy":"product_brand","embeddable":true,"href":"https:\/\/naturalpoland.com\/tr\/wp-json\/wp\/v2\/product_brand?post=44263"},{"taxonomy":"product_cat","embeddable":true,"href":"https:\/\/naturalpoland.com\/tr\/wp-json\/wp\/v2\/product_cat?post=44263"},{"taxonomy":"product_tag","embeddable":true,"href":"https:\/\/naturalpoland.com\/tr\/wp-json\/wp\/v2\/product_tag?post=44263"}],"curies":[{"name":"wp","href":"https:\/\/api.w.org\/{rel}","templated":true}]}}