{"id":44265,"date":"2024-04-11T13:18:07","date_gmt":"2024-04-11T11:18:07","guid":{"rendered":"https:\/\/naturalpoland.com\/produkty\/kategorilenmemis\/aynisefa-hidrolati\/"},"modified":"2025-12-22T11:30:46","modified_gmt":"2025-12-22T10:30:46","slug":"aynisefa-hidrolati","status":"publish","type":"product","link":"https:\/\/naturalpoland.com\/tr\/urunler\/kozmetik-hammaddeleri\/hidrolatlar\/aynisefa-hidrolati\/","title":{"rendered":"Ayn\u0131sefa Hidrolat\u0131"},"content":{"rendered":"<h2>\u00d6zellikler<\/h2>\n<p>Ayn\u0131sefa hidrolat\u0131, problemli, tahri\u015f olmaya yatk\u0131n, iltihapl\u0131 ve akne e\u011filimli ciltler i\u00e7in m\u00fckemmel bir destektir. Nemlendirici etkisi cildin uygun nem seviyesini korumas\u0131na yard\u0131mc\u0131 olur ve i\u00e7erdi\u011fi yenileyici bile\u015fikler epidermisteki k\u00fc\u00e7\u00fck hasarlar\u0131n do\u011fal iyile\u015fme s\u00fcre\u00e7lerini destekler. Saponinler, <a href=\"https:\/\/naturalpoland.com\/artykuly\/produkty-naturalne\/czym-sa-i-jak-dzialaja-flawonoidy\/\">flavonoidler<\/a>, <a href=\"https:\/\/naturalpoland.com\/artykuly\/produkty-naturalne\/karotenoidy-skladniki-ktore-nadaja-olejowi-z-rokitnika-jego-charakterystyczny-blysk\/\">karotenoidler<\/a> ve u\u00e7ucu ya\u011f gibi de\u011ferli bitki bile\u015fikleri i\u00e7erir; bunlar anti-inflamatuar, antibakteriyel ve yenileyici etki g\u00f6sterir.  <\/p>\n<h2>Kullan\u0131m alanlar\u0131<\/h2>\n<p>\u00dcr\u00fcn, cildin pH dengesini restore eden tonik olarak g\u00fcnl\u00fck bak\u0131mda kullan\u0131labilir. Hidrolat cildi ferahlat\u0131r ve bak\u0131m\u0131n sonraki a\u015famalar\u0131na haz\u0131rlar. <\/p>\n<p>Ayr\u0131ca maske, balsam, makyaj temizleyici s\u0131v\u0131 bile\u015feni olarak ve banyo i\u00e7in yat\u0131\u015ft\u0131r\u0131c\u0131 katk\u0131 olarak kendi kozmetiklerinizi yaratmak i\u00e7in baz olarak da kullan\u0131labilir.<\/p>\n<p>Yat\u0131\u015ft\u0131r\u0131c\u0131 \u00f6zellikleri sayesinde ayn\u0131sefa hidrolat\u0131, hassas, kuru ve a\u015f\u0131r\u0131 g\u00fcne\u015f maruziyeti veya kozmetik i\u015flemler sonras\u0131 tahri\u015f olmu\u015f cilt bak\u0131m\u0131 i\u00e7in de \u00f6nerilir. Sakinle\u015ftirici etki g\u00f6sterir ve k\u0131zar\u0131kl\u0131klar\u0131 hafifletir, rahatlama ve konfor hissi sa\u011flar. <\/p>\n<p>Sa\u00e7 kozmetiklerinde \u00fcr\u00fcn, sa\u00e7 derisi tahri\u015f ve ka\u015f\u0131nt\u0131s\u0131n\u0131 gidermeye yard\u0131mc\u0131 olur, kepekle m\u00fccadele eder ve sa\u00e7 ya\u011flama i\u015flemi \u00f6ncesi baz olarak kullan\u0131labilir.<\/p>\n","protected":false},"excerpt":{"rendered":"<p><strong>Ayn\u0131sefa \u00e7i\u00e7e\u011fi hidrolat\u0131<\/strong>, organik ayn\u0131sefa \u00e7i\u00e7eklerinin buhar distilasyonu sonucu elde edilir. \u00d6zellikle nemlendirici \u00f6zellikleri ve cilt yenileme s\u00fcre\u00e7lerini desteklemesi nedeniyle takdir edilir. <\/p>\n","protected":false},"featured_media":44266,"template":"","meta":{"_acf_changed":false},"product_brand":[],"product_cat":[9547],"product_tag":[],"class_list":{"0":"post-44265","1":"product","2":"type-product","3":"status-publish","4":"has-post-thumbnail","6":"product_cat-hidrolatlar","7":"pa_grupa-substancji-distilatlar","9":"first","10":"instock","11":"shipping-taxable","12":"product-type-simple"},"acf":[],"yoast_head":"<!-- This site is optimized with the Yoast SEO plugin v27.5 - https:\/\/yoast.com\/product\/yoast-seo-wordpress\/ -->\n<title>Ayn\u0131sefa Hidrolat\u0131 - NATURAL POLAND - Hurtowy Dystrybutor Surowc\u00f3w<\/title>\n<meta name=\"description\" content=\"Ayn\u0131sefa hidrolat\u0131, problemli cilt bak\u0131m\u0131nda vazge\u00e7ilmez bir \u00fcr\u00fcnd\u00fcr; cildi nemlendirir ve yenilenmesini destekler.\" \/>\n<meta name=\"robots\" content=\"index, follow, max-snippet:-1, max-image-preview:large, max-video-preview:-1\" \/>\n<link rel=\"canonical\" href=\"https:\/\/naturalpoland.com\/tr\/urunler\/kozmetik-hammaddeleri\/hidrolatlar\/aynisefa-hidrolati\/\" \/>\n<meta property=\"og:locale\" content=\"tr_TR\" \/>\n<meta property=\"og:type\" content=\"article\" \/>\n<meta property=\"og:title\" content=\"Ayn\u0131sefa Hidrolat\u0131 - NATURAL POLAND - Hurtowy Dystrybutor Surowc\u00f3w\" \/>\n<meta property=\"og:description\" content=\"Ayn\u0131sefa hidrolat\u0131, problemli cilt bak\u0131m\u0131nda vazge\u00e7ilmez bir \u00fcr\u00fcnd\u00fcr; cildi nemlendirir ve yenilenmesini destekler.\" \/>\n<meta property=\"og:url\" content=\"https:\/\/naturalpoland.com\/tr\/urunler\/kozmetik-hammaddeleri\/hidrolatlar\/aynisefa-hidrolati\/\" \/>\n<meta property=\"og:site_name\" content=\"NATURAL POLAND - Hurtowy Dystrybutor Surowc\u00f3w\" \/>\n<meta property=\"article:publisher\" content=\"https:\/\/www.facebook.com\/naturalpoland.b2b\" \/>\n<meta property=\"article:modified_time\" content=\"2025-12-22T10:30:46+00:00\" \/>\n<meta property=\"og:image\" content=\"https:\/\/naturalpoland.com\/wp-content\/uploads\/hydrolat-z-nagietka.webp\" \/>\n\t<meta property=\"og:image:width\" content=\"618\" \/>\n\t<meta property=\"og:image:height\" content=\"618\" \/>\n\t<meta property=\"og:image:type\" content=\"image\/webp\" \/>\n<script type=\"application\/ld+json\" class=\"yoast-schema-graph\">{\"@context\":\"https:\\\/\\\/schema.org\",\"@graph\":[{\"@type\":\"WebPage\",\"@id\":\"https:\\\/\\\/naturalpoland.com\\\/tr\\\/urunler\\\/kozmetik-hammaddeleri\\\/hidrolatlar\\\/aynisefa-hidrolati\\\/\",\"url\":\"https:\\\/\\\/naturalpoland.com\\\/tr\\\/urunler\\\/kozmetik-hammaddeleri\\\/hidrolatlar\\\/aynisefa-hidrolati\\\/\",\"name\":\"Ayn\u0131sefa Hidrolat\u0131 - NATURAL POLAND - Hurtowy Dystrybutor Surowc\u00f3w\",\"isPartOf\":{\"@id\":\"https:\\\/\\\/naturalpoland.com\\\/tr\\\/#website\"},\"primaryImageOfPage\":{\"@id\":\"https:\\\/\\\/naturalpoland.com\\\/tr\\\/urunler\\\/kozmetik-hammaddeleri\\\/hidrolatlar\\\/aynisefa-hidrolati\\\/#primaryimage\"},\"image\":{\"@id\":\"https:\\\/\\\/naturalpoland.com\\\/tr\\\/urunler\\\/kozmetik-hammaddeleri\\\/hidrolatlar\\\/aynisefa-hidrolati\\\/#primaryimage\"},\"thumbnailUrl\":\"https:\\\/\\\/naturalpoland.com\\\/wp-content\\\/uploads\\\/hydrolat-z-nagietka.webp\",\"datePublished\":\"2024-04-11T11:18:07+00:00\",\"dateModified\":\"2025-12-22T10:30:46+00:00\",\"description\":\"Ayn\u0131sefa hidrolat\u0131, problemli cilt bak\u0131m\u0131nda vazge\u00e7ilmez bir \u00fcr\u00fcnd\u00fcr; cildi nemlendirir ve yenilenmesini destekler.\",\"breadcrumb\":{\"@id\":\"https:\\\/\\\/naturalpoland.com\\\/tr\\\/urunler\\\/kozmetik-hammaddeleri\\\/hidrolatlar\\\/aynisefa-hidrolati\\\/#breadcrumb\"},\"inLanguage\":\"tr\",\"potentialAction\":[{\"@type\":\"ReadAction\",\"target\":[\"https:\\\/\\\/naturalpoland.com\\\/tr\\\/urunler\\\/kozmetik-hammaddeleri\\\/hidrolatlar\\\/aynisefa-hidrolati\\\/\"]}]},{\"@type\":\"ImageObject\",\"inLanguage\":\"tr\",\"@id\":\"https:\\\/\\\/naturalpoland.com\\\/tr\\\/urunler\\\/kozmetik-hammaddeleri\\\/hidrolatlar\\\/aynisefa-hidrolati\\\/#primaryimage\",\"url\":\"https:\\\/\\\/naturalpoland.com\\\/wp-content\\\/uploads\\\/hydrolat-z-nagietka.webp\",\"contentUrl\":\"https:\\\/\\\/naturalpoland.com\\\/wp-content\\\/uploads\\\/hydrolat-z-nagietka.webp\",\"width\":618,\"height\":618,\"caption\":\"ayn\u0131sefa hidrolat\u0131\"},{\"@type\":\"BreadcrumbList\",\"@id\":\"https:\\\/\\\/naturalpoland.com\\\/tr\\\/urunler\\\/kozmetik-hammaddeleri\\\/hidrolatlar\\\/aynisefa-hidrolati\\\/#breadcrumb\",\"itemListElement\":[{\"@type\":\"ListItem\",\"position\":1,\"name\":\"Ana Sayfa\",\"item\":\"https:\\\/\\\/naturalpoland.com\\\/tr\\\/\"},{\"@type\":\"ListItem\",\"position\":2,\"name\":\"\u00dcr\u00fcnler\",\"item\":\"https:\\\/\\\/naturalpoland.com\\\/tr\\\/urunler\\\/\"},{\"@type\":\"ListItem\",\"position\":3,\"name\":\"Ayn\u0131sefa Hidrolat\u0131\"}]},{\"@type\":\"WebSite\",\"@id\":\"https:\\\/\\\/naturalpoland.com\\\/tr\\\/#website\",\"url\":\"https:\\\/\\\/naturalpoland.com\\\/tr\\\/\",\"name\":\"NATURAL POLAND - Hurtowy Dystrybutor Surowc\u00f3w\",\"description\":\"Surowce dla przemys\u0142u spo\u017cywczego, kosmetycznego i farmaceutycznego\",\"publisher\":{\"@id\":\"https:\\\/\\\/naturalpoland.com\\\/tr\\\/#organization\"},\"potentialAction\":[{\"@type\":\"SearchAction\",\"target\":{\"@type\":\"EntryPoint\",\"urlTemplate\":\"https:\\\/\\\/naturalpoland.com\\\/tr\\\/?s={search_term_string}\"},\"query-input\":{\"@type\":\"PropertyValueSpecification\",\"valueRequired\":true,\"valueName\":\"search_term_string\"}}],\"inLanguage\":\"tr\"},{\"@type\":\"Organization\",\"@id\":\"https:\\\/\\\/naturalpoland.com\\\/tr\\\/#organization\",\"name\":\"Natural Poland\",\"url\":\"https:\\\/\\\/naturalpoland.com\\\/tr\\\/\",\"logo\":{\"@type\":\"ImageObject\",\"inLanguage\":\"tr\",\"@id\":\"https:\\\/\\\/naturalpoland.com\\\/tr\\\/#\\\/schema\\\/logo\\\/image\\\/\",\"url\":\"https:\\\/\\\/naturalpoland.com\\\/wp-content\\\/uploads\\\/2021\\\/05\\\/natural-poland-icon.png\",\"contentUrl\":\"https:\\\/\\\/naturalpoland.com\\\/wp-content\\\/uploads\\\/2021\\\/05\\\/natural-poland-icon.png\",\"width\":512,\"height\":512,\"caption\":\"Natural Poland\"},\"image\":{\"@id\":\"https:\\\/\\\/naturalpoland.com\\\/tr\\\/#\\\/schema\\\/logo\\\/image\\\/\"},\"sameAs\":[\"https:\\\/\\\/www.facebook.com\\\/naturalpoland.b2b\",\"https:\\\/\\\/pl.linkedin.com\\\/company\\\/natural-poland\",\"https:\\\/\\\/www.youtube.com\\\/channel\\\/UCgeGGkvOMahZo-xu_MSEWxg\"]}]}<\/script>\n<!-- \/ Yoast SEO plugin. -->","yoast_head_json":{"title":"Ayn\u0131sefa Hidrolat\u0131 - NATURAL POLAND - Hurtowy Dystrybutor Surowc\u00f3w","description":"Ayn\u0131sefa hidrolat\u0131, problemli cilt bak\u0131m\u0131nda vazge\u00e7ilmez bir \u00fcr\u00fcnd\u00fcr; cildi nemlendirir ve yenilenmesini destekler.","robots":{"index":"index","follow":"follow","max-snippet":"max-snippet:-1","max-image-preview":"max-image-preview:large","max-video-preview":"max-video-preview:-1"},"canonical":"https:\/\/naturalpoland.com\/tr\/urunler\/kozmetik-hammaddeleri\/hidrolatlar\/aynisefa-hidrolati\/","og_locale":"tr_TR","og_type":"article","og_title":"Ayn\u0131sefa Hidrolat\u0131 - NATURAL POLAND - Hurtowy Dystrybutor Surowc\u00f3w","og_description":"Ayn\u0131sefa hidrolat\u0131, problemli cilt bak\u0131m\u0131nda vazge\u00e7ilmez bir \u00fcr\u00fcnd\u00fcr; cildi nemlendirir ve yenilenmesini destekler.","og_url":"https:\/\/naturalpoland.com\/tr\/urunler\/kozmetik-hammaddeleri\/hidrolatlar\/aynisefa-hidrolati\/","og_site_name":"NATURAL POLAND - Hurtowy Dystrybutor Surowc\u00f3w","article_publisher":"https:\/\/www.facebook.com\/naturalpoland.b2b","article_modified_time":"2025-12-22T10:30:46+00:00","og_image":[{"width":618,"height":618,"url":"https:\/\/naturalpoland.com\/wp-content\/uploads\/hydrolat-z-nagietka.webp","type":"image\/webp"}],"schema":{"@context":"https:\/\/schema.org","@graph":[{"@type":"WebPage","@id":"https:\/\/naturalpoland.com\/tr\/urunler\/kozmetik-hammaddeleri\/hidrolatlar\/aynisefa-hidrolati\/","url":"https:\/\/naturalpoland.com\/tr\/urunler\/kozmetik-hammaddeleri\/hidrolatlar\/aynisefa-hidrolati\/","name":"Ayn\u0131sefa Hidrolat\u0131 - NATURAL POLAND - Hurtowy Dystrybutor Surowc\u00f3w","isPartOf":{"@id":"https:\/\/naturalpoland.com\/tr\/#website"},"primaryImageOfPage":{"@id":"https:\/\/naturalpoland.com\/tr\/urunler\/kozmetik-hammaddeleri\/hidrolatlar\/aynisefa-hidrolati\/#primaryimage"},"image":{"@id":"https:\/\/naturalpoland.com\/tr\/urunler\/kozmetik-hammaddeleri\/hidrolatlar\/aynisefa-hidrolati\/#primaryimage"},"thumbnailUrl":"https:\/\/naturalpoland.com\/wp-content\/uploads\/hydrolat-z-nagietka.webp","datePublished":"2024-04-11T11:18:07+00:00","dateModified":"2025-12-22T10:30:46+00:00","description":"Ayn\u0131sefa hidrolat\u0131, problemli cilt bak\u0131m\u0131nda vazge\u00e7ilmez bir \u00fcr\u00fcnd\u00fcr; cildi nemlendirir ve yenilenmesini destekler.","breadcrumb":{"@id":"https:\/\/naturalpoland.com\/tr\/urunler\/kozmetik-hammaddeleri\/hidrolatlar\/aynisefa-hidrolati\/#breadcrumb"},"inLanguage":"tr","potentialAction":[{"@type":"ReadAction","target":["https:\/\/naturalpoland.com\/tr\/urunler\/kozmetik-hammaddeleri\/hidrolatlar\/aynisefa-hidrolati\/"]}]},{"@type":"ImageObject","inLanguage":"tr","@id":"https:\/\/naturalpoland.com\/tr\/urunler\/kozmetik-hammaddeleri\/hidrolatlar\/aynisefa-hidrolati\/#primaryimage","url":"https:\/\/naturalpoland.com\/wp-content\/uploads\/hydrolat-z-nagietka.webp","contentUrl":"https:\/\/naturalpoland.com\/wp-content\/uploads\/hydrolat-z-nagietka.webp","width":618,"height":618,"caption":"ayn\u0131sefa hidrolat\u0131"},{"@type":"BreadcrumbList","@id":"https:\/\/naturalpoland.com\/tr\/urunler\/kozmetik-hammaddeleri\/hidrolatlar\/aynisefa-hidrolati\/#breadcrumb","itemListElement":[{"@type":"ListItem","position":1,"name":"Ana Sayfa","item":"https:\/\/naturalpoland.com\/tr\/"},{"@type":"ListItem","position":2,"name":"\u00dcr\u00fcnler","item":"https:\/\/naturalpoland.com\/tr\/urunler\/"},{"@type":"ListItem","position":3,"name":"Ayn\u0131sefa Hidrolat\u0131"}]},{"@type":"WebSite","@id":"https:\/\/naturalpoland.com\/tr\/#website","url":"https:\/\/naturalpoland.com\/tr\/","name":"NATURAL POLAND - Hurtowy Dystrybutor Surowc\u00f3w","description":"Surowce dla przemys\u0142u spo\u017cywczego, kosmetycznego i farmaceutycznego","publisher":{"@id":"https:\/\/naturalpoland.com\/tr\/#organization"},"potentialAction":[{"@type":"SearchAction","target":{"@type":"EntryPoint","urlTemplate":"https:\/\/naturalpoland.com\/tr\/?s={search_term_string}"},"query-input":{"@type":"PropertyValueSpecification","valueRequired":true,"valueName":"search_term_string"}}],"inLanguage":"tr"},{"@type":"Organization","@id":"https:\/\/naturalpoland.com\/tr\/#organization","name":"Natural Poland","url":"https:\/\/naturalpoland.com\/tr\/","logo":{"@type":"ImageObject","inLanguage":"tr","@id":"https:\/\/naturalpoland.com\/tr\/#\/schema\/logo\/image\/","url":"https:\/\/naturalpoland.com\/wp-content\/uploads\/2021\/05\/natural-poland-icon.png","contentUrl":"https:\/\/naturalpoland.com\/wp-content\/uploads\/2021\/05\/natural-poland-icon.png","width":512,"height":512,"caption":"Natural Poland"},"image":{"@id":"https:\/\/naturalpoland.com\/tr\/#\/schema\/logo\/image\/"},"sameAs":["https:\/\/www.facebook.com\/naturalpoland.b2b","https:\/\/pl.linkedin.com\/company\/natural-poland","https:\/\/www.youtube.com\/channel\/UCgeGGkvOMahZo-xu_MSEWxg"]}]}},"_links":{"self":[{"href":"https:\/\/naturalpoland.com\/tr\/wp-json\/wp\/v2\/product\/44265","targetHints":{"allow":["GET"]}}],"collection":[{"href":"https:\/\/naturalpoland.com\/tr\/wp-json\/wp\/v2\/product"}],"about":[{"href":"https:\/\/naturalpoland.com\/tr\/wp-json\/wp\/v2\/types\/product"}],"wp:featuredmedia":[{"embeddable":true,"href":"https:\/\/naturalpoland.com\/tr\/wp-json\/wp\/v2\/media\/44266"}],"wp:attachment":[{"href":"https:\/\/naturalpoland.com\/tr\/wp-json\/wp\/v2\/media?parent=44265"}],"wp:term":[{"taxonomy":"product_brand","embeddable":true,"href":"https:\/\/naturalpoland.com\/tr\/wp-json\/wp\/v2\/product_brand?post=44265"},{"taxonomy":"product_cat","embeddable":true,"href":"https:\/\/naturalpoland.com\/tr\/wp-json\/wp\/v2\/product_cat?post=44265"},{"taxonomy":"product_tag","embeddable":true,"href":"https:\/\/naturalpoland.com\/tr\/wp-json\/wp\/v2\/product_tag?post=44265"}],"curies":[{"name":"wp","href":"https:\/\/api.w.org\/{rel}","templated":true}]}}