{"id":44267,"date":"2024-04-24T16:21:59","date_gmt":"2024-04-24T14:21:59","guid":{"rendered":"https:\/\/naturalpoland.com\/produkty\/kategorilenmemis\/aci-portakal-cicegi-suyu\/"},"modified":"2025-12-22T11:30:57","modified_gmt":"2025-12-22T10:30:57","slug":"aci-portakal-cicegi-suyu","status":"publish","type":"product","link":"https:\/\/naturalpoland.com\/tr\/urunler\/kozmetik-hammaddeleri\/hidrolatlar\/aci-portakal-cicegi-suyu\/","title":{"rendered":"Ac\u0131 portakal \u00e7i\u00e7e\u011fi suyu"},"content":{"rendered":"<p>Bu \u00fcr\u00fcn ayn\u0131 zamanda <strong>neroli hidrolat\u0131<\/strong> olarak da bilinir. Cilt h\u00fccrelerini yenilenmeye te\u015fvik etme yetene\u011fine sahiptir, bu da cildin yap\u0131s\u0131n\u0131 g\u00fc\u00e7lendirir ve s\u0131k\u0131l\u0131\u011f\u0131n\u0131 art\u0131r\u0131r. D\u00fczenli kullan\u0131m, ince \u00e7izgileri etkili bir \u015fekilde azaltabilir ve cilde gen\u00e7lik parlakl\u0131\u011f\u0131 kazand\u0131rabilir.  <\/p>\n<p>Ac\u0131 portakal \u00e7i\u00e7e\u011fi suyu, her cilt tipi i\u00e7in ideal olan hafif tonik \u00f6zelliklere sahiptir. \u00d6zellikle olgun, yorgun veya elastikiyetini kaybetmeye e\u011filimli ciltler i\u00e7in uygundur. Hidrolat, y\u00fcz toni\u011fi, maske bile\u015feni veya g\u00fcn boyunca y\u00fcz i\u00e7in ferahlat\u0131c\u0131 bir sprey olarak kullan\u0131labilir.  <\/p>\n<p>S\u0131k\u0131la\u015ft\u0131r\u0131c\u0131 etkisinin yan\u0131 s\u0131ra, bu hidrolat yat\u0131\u015ft\u0131r\u0131c\u0131 ve rahatlat\u0131c\u0131 \u00f6zellikleriyle de bilinir ve hafif narenciye kokusu duyular\u0131 sakinle\u015ftirerek g\u00fcnl\u00fck bak\u0131mda bir rahatlama an\u0131 sunar. S\u00fcrd\u00fcr\u00fclebilir cilt bak\u0131m\u0131 kapsam\u0131nda s\u0131k\u00e7a tercih edilen tamamen do\u011fal bir \u00fcr\u00fcnd\u00fcr. <\/p>\n","protected":false},"excerpt":{"rendered":"<p>Ac\u0131 portakal \u00e7i\u00e7e\u011fi suyu, ac\u0131 portakal \u00e7i\u00e7eklerinin su buhar\u0131 distilasyonu ile elde edilir. Hafif ve ferahlat\u0131c\u0131 form\u00fcl\u00fc sayesinde cilt daha parlak ve sa\u011fl\u0131kl\u0131 bir g\u00f6r\u00fcn\u00fcm kazan\u0131r. <\/p>\n","protected":false},"featured_media":44268,"template":"","meta":{"_acf_changed":false},"product_brand":[],"product_cat":[9547],"product_tag":[],"class_list":{"0":"post-44267","1":"product","2":"type-product","3":"status-publish","4":"has-post-thumbnail","6":"product_cat-hidrolatlar","7":"pa_grupa-substancji-distilatlar","9":"first","10":"instock","11":"shipping-taxable","12":"product-type-simple"},"acf":[],"yoast_head":"<!-- This site is optimized with the Yoast SEO plugin v27.5 - https:\/\/yoast.com\/product\/yoast-seo-wordpress\/ -->\n<title>Ac\u0131 portakal \u00e7i\u00e7e\u011fi suyu - Hurtowy Dystrybutor<\/title>\n<meta name=\"description\" content=\"Ac\u0131 portakal \u00e7i\u00e7eklerinin su buhar\u0131 distilasyonu ile elde edilen ac\u0131 portakal \u00e7i\u00e7e\u011fi suyu, de\u011ferli bir kozmetik bile\u015fendir.\" \/>\n<meta name=\"robots\" content=\"index, follow, max-snippet:-1, max-image-preview:large, max-video-preview:-1\" \/>\n<link rel=\"canonical\" href=\"https:\/\/naturalpoland.com\/tr\/urunler\/kozmetik-hammaddeleri\/hidrolatlar\/aci-portakal-cicegi-suyu\/\" \/>\n<meta property=\"og:locale\" content=\"tr_TR\" \/>\n<meta property=\"og:type\" content=\"article\" \/>\n<meta property=\"og:title\" content=\"Ac\u0131 portakal \u00e7i\u00e7e\u011fi suyu - Hurtowy Dystrybutor\" \/>\n<meta property=\"og:description\" content=\"Ac\u0131 portakal \u00e7i\u00e7eklerinin su buhar\u0131 distilasyonu ile elde edilen ac\u0131 portakal \u00e7i\u00e7e\u011fi suyu, de\u011ferli bir kozmetik bile\u015fendir.\" \/>\n<meta property=\"og:url\" content=\"https:\/\/naturalpoland.com\/tr\/urunler\/kozmetik-hammaddeleri\/hidrolatlar\/aci-portakal-cicegi-suyu\/\" \/>\n<meta property=\"og:site_name\" content=\"NATURAL POLAND - Hurtowy Dystrybutor Surowc\u00f3w\" \/>\n<meta property=\"article:publisher\" content=\"https:\/\/www.facebook.com\/naturalpoland.b2b\" \/>\n<meta property=\"article:modified_time\" content=\"2025-12-22T10:30:57+00:00\" \/>\n<meta property=\"og:image\" content=\"https:\/\/naturalpoland.com\/wp-content\/uploads\/hydrolat-z-gorzkiej-pomaranczy.webp\" \/>\n\t<meta property=\"og:image:width\" content=\"1024\" \/>\n\t<meta property=\"og:image:height\" content=\"1024\" \/>\n\t<meta property=\"og:image:type\" content=\"image\/webp\" \/>\n<script type=\"application\/ld+json\" class=\"yoast-schema-graph\">{\"@context\":\"https:\\\/\\\/schema.org\",\"@graph\":[{\"@type\":\"WebPage\",\"@id\":\"https:\\\/\\\/naturalpoland.com\\\/tr\\\/urunler\\\/kozmetik-hammaddeleri\\\/hidrolatlar\\\/aci-portakal-cicegi-suyu\\\/\",\"url\":\"https:\\\/\\\/naturalpoland.com\\\/tr\\\/urunler\\\/kozmetik-hammaddeleri\\\/hidrolatlar\\\/aci-portakal-cicegi-suyu\\\/\",\"name\":\"Ac\u0131 portakal \u00e7i\u00e7e\u011fi suyu - Hurtowy Dystrybutor\",\"isPartOf\":{\"@id\":\"https:\\\/\\\/naturalpoland.com\\\/tr\\\/#website\"},\"primaryImageOfPage\":{\"@id\":\"https:\\\/\\\/naturalpoland.com\\\/tr\\\/urunler\\\/kozmetik-hammaddeleri\\\/hidrolatlar\\\/aci-portakal-cicegi-suyu\\\/#primaryimage\"},\"image\":{\"@id\":\"https:\\\/\\\/naturalpoland.com\\\/tr\\\/urunler\\\/kozmetik-hammaddeleri\\\/hidrolatlar\\\/aci-portakal-cicegi-suyu\\\/#primaryimage\"},\"thumbnailUrl\":\"https:\\\/\\\/naturalpoland.com\\\/wp-content\\\/uploads\\\/hydrolat-z-gorzkiej-pomaranczy.webp\",\"datePublished\":\"2024-04-24T14:21:59+00:00\",\"dateModified\":\"2025-12-22T10:30:57+00:00\",\"description\":\"Ac\u0131 portakal \u00e7i\u00e7eklerinin su buhar\u0131 distilasyonu ile elde edilen ac\u0131 portakal \u00e7i\u00e7e\u011fi suyu, de\u011ferli bir kozmetik bile\u015fendir.\",\"breadcrumb\":{\"@id\":\"https:\\\/\\\/naturalpoland.com\\\/tr\\\/urunler\\\/kozmetik-hammaddeleri\\\/hidrolatlar\\\/aci-portakal-cicegi-suyu\\\/#breadcrumb\"},\"inLanguage\":\"tr\",\"potentialAction\":[{\"@type\":\"ReadAction\",\"target\":[\"https:\\\/\\\/naturalpoland.com\\\/tr\\\/urunler\\\/kozmetik-hammaddeleri\\\/hidrolatlar\\\/aci-portakal-cicegi-suyu\\\/\"]}]},{\"@type\":\"ImageObject\",\"inLanguage\":\"tr\",\"@id\":\"https:\\\/\\\/naturalpoland.com\\\/tr\\\/urunler\\\/kozmetik-hammaddeleri\\\/hidrolatlar\\\/aci-portakal-cicegi-suyu\\\/#primaryimage\",\"url\":\"https:\\\/\\\/naturalpoland.com\\\/wp-content\\\/uploads\\\/hydrolat-z-gorzkiej-pomaranczy.webp\",\"contentUrl\":\"https:\\\/\\\/naturalpoland.com\\\/wp-content\\\/uploads\\\/hydrolat-z-gorzkiej-pomaranczy.webp\",\"width\":1024,\"height\":1024,\"caption\":\"ac\u0131 portakal \u00e7i\u00e7e\u011fi suyu\"},{\"@type\":\"BreadcrumbList\",\"@id\":\"https:\\\/\\\/naturalpoland.com\\\/tr\\\/urunler\\\/kozmetik-hammaddeleri\\\/hidrolatlar\\\/aci-portakal-cicegi-suyu\\\/#breadcrumb\",\"itemListElement\":[{\"@type\":\"ListItem\",\"position\":1,\"name\":\"Ana Sayfa\",\"item\":\"https:\\\/\\\/naturalpoland.com\\\/tr\\\/\"},{\"@type\":\"ListItem\",\"position\":2,\"name\":\"\u00dcr\u00fcnler\",\"item\":\"https:\\\/\\\/naturalpoland.com\\\/tr\\\/urunler\\\/\"},{\"@type\":\"ListItem\",\"position\":3,\"name\":\"Ac\u0131 portakal \u00e7i\u00e7e\u011fi suyu\"}]},{\"@type\":\"WebSite\",\"@id\":\"https:\\\/\\\/naturalpoland.com\\\/tr\\\/#website\",\"url\":\"https:\\\/\\\/naturalpoland.com\\\/tr\\\/\",\"name\":\"NATURAL POLAND - Hurtowy Dystrybutor Surowc\u00f3w\",\"description\":\"Surowce dla przemys\u0142u spo\u017cywczego, kosmetycznego i farmaceutycznego\",\"publisher\":{\"@id\":\"https:\\\/\\\/naturalpoland.com\\\/tr\\\/#organization\"},\"potentialAction\":[{\"@type\":\"SearchAction\",\"target\":{\"@type\":\"EntryPoint\",\"urlTemplate\":\"https:\\\/\\\/naturalpoland.com\\\/tr\\\/?s={search_term_string}\"},\"query-input\":{\"@type\":\"PropertyValueSpecification\",\"valueRequired\":true,\"valueName\":\"search_term_string\"}}],\"inLanguage\":\"tr\"},{\"@type\":\"Organization\",\"@id\":\"https:\\\/\\\/naturalpoland.com\\\/tr\\\/#organization\",\"name\":\"Natural Poland\",\"url\":\"https:\\\/\\\/naturalpoland.com\\\/tr\\\/\",\"logo\":{\"@type\":\"ImageObject\",\"inLanguage\":\"tr\",\"@id\":\"https:\\\/\\\/naturalpoland.com\\\/tr\\\/#\\\/schema\\\/logo\\\/image\\\/\",\"url\":\"https:\\\/\\\/naturalpoland.com\\\/wp-content\\\/uploads\\\/2021\\\/05\\\/natural-poland-icon.png\",\"contentUrl\":\"https:\\\/\\\/naturalpoland.com\\\/wp-content\\\/uploads\\\/2021\\\/05\\\/natural-poland-icon.png\",\"width\":512,\"height\":512,\"caption\":\"Natural Poland\"},\"image\":{\"@id\":\"https:\\\/\\\/naturalpoland.com\\\/tr\\\/#\\\/schema\\\/logo\\\/image\\\/\"},\"sameAs\":[\"https:\\\/\\\/www.facebook.com\\\/naturalpoland.b2b\",\"https:\\\/\\\/pl.linkedin.com\\\/company\\\/natural-poland\",\"https:\\\/\\\/www.youtube.com\\\/channel\\\/UCgeGGkvOMahZo-xu_MSEWxg\"]}]}<\/script>\n<!-- \/ Yoast SEO plugin. -->","yoast_head_json":{"title":"Ac\u0131 portakal \u00e7i\u00e7e\u011fi suyu - Hurtowy Dystrybutor","description":"Ac\u0131 portakal \u00e7i\u00e7eklerinin su buhar\u0131 distilasyonu ile elde edilen ac\u0131 portakal \u00e7i\u00e7e\u011fi suyu, de\u011ferli bir kozmetik bile\u015fendir.","robots":{"index":"index","follow":"follow","max-snippet":"max-snippet:-1","max-image-preview":"max-image-preview:large","max-video-preview":"max-video-preview:-1"},"canonical":"https:\/\/naturalpoland.com\/tr\/urunler\/kozmetik-hammaddeleri\/hidrolatlar\/aci-portakal-cicegi-suyu\/","og_locale":"tr_TR","og_type":"article","og_title":"Ac\u0131 portakal \u00e7i\u00e7e\u011fi suyu - Hurtowy Dystrybutor","og_description":"Ac\u0131 portakal \u00e7i\u00e7eklerinin su buhar\u0131 distilasyonu ile elde edilen ac\u0131 portakal \u00e7i\u00e7e\u011fi suyu, de\u011ferli bir kozmetik bile\u015fendir.","og_url":"https:\/\/naturalpoland.com\/tr\/urunler\/kozmetik-hammaddeleri\/hidrolatlar\/aci-portakal-cicegi-suyu\/","og_site_name":"NATURAL POLAND - Hurtowy Dystrybutor Surowc\u00f3w","article_publisher":"https:\/\/www.facebook.com\/naturalpoland.b2b","article_modified_time":"2025-12-22T10:30:57+00:00","og_image":[{"width":1024,"height":1024,"url":"https:\/\/naturalpoland.com\/wp-content\/uploads\/hydrolat-z-gorzkiej-pomaranczy.webp","type":"image\/webp"}],"schema":{"@context":"https:\/\/schema.org","@graph":[{"@type":"WebPage","@id":"https:\/\/naturalpoland.com\/tr\/urunler\/kozmetik-hammaddeleri\/hidrolatlar\/aci-portakal-cicegi-suyu\/","url":"https:\/\/naturalpoland.com\/tr\/urunler\/kozmetik-hammaddeleri\/hidrolatlar\/aci-portakal-cicegi-suyu\/","name":"Ac\u0131 portakal \u00e7i\u00e7e\u011fi suyu - Hurtowy Dystrybutor","isPartOf":{"@id":"https:\/\/naturalpoland.com\/tr\/#website"},"primaryImageOfPage":{"@id":"https:\/\/naturalpoland.com\/tr\/urunler\/kozmetik-hammaddeleri\/hidrolatlar\/aci-portakal-cicegi-suyu\/#primaryimage"},"image":{"@id":"https:\/\/naturalpoland.com\/tr\/urunler\/kozmetik-hammaddeleri\/hidrolatlar\/aci-portakal-cicegi-suyu\/#primaryimage"},"thumbnailUrl":"https:\/\/naturalpoland.com\/wp-content\/uploads\/hydrolat-z-gorzkiej-pomaranczy.webp","datePublished":"2024-04-24T14:21:59+00:00","dateModified":"2025-12-22T10:30:57+00:00","description":"Ac\u0131 portakal \u00e7i\u00e7eklerinin su buhar\u0131 distilasyonu ile elde edilen ac\u0131 portakal \u00e7i\u00e7e\u011fi suyu, de\u011ferli bir kozmetik bile\u015fendir.","breadcrumb":{"@id":"https:\/\/naturalpoland.com\/tr\/urunler\/kozmetik-hammaddeleri\/hidrolatlar\/aci-portakal-cicegi-suyu\/#breadcrumb"},"inLanguage":"tr","potentialAction":[{"@type":"ReadAction","target":["https:\/\/naturalpoland.com\/tr\/urunler\/kozmetik-hammaddeleri\/hidrolatlar\/aci-portakal-cicegi-suyu\/"]}]},{"@type":"ImageObject","inLanguage":"tr","@id":"https:\/\/naturalpoland.com\/tr\/urunler\/kozmetik-hammaddeleri\/hidrolatlar\/aci-portakal-cicegi-suyu\/#primaryimage","url":"https:\/\/naturalpoland.com\/wp-content\/uploads\/hydrolat-z-gorzkiej-pomaranczy.webp","contentUrl":"https:\/\/naturalpoland.com\/wp-content\/uploads\/hydrolat-z-gorzkiej-pomaranczy.webp","width":1024,"height":1024,"caption":"ac\u0131 portakal \u00e7i\u00e7e\u011fi suyu"},{"@type":"BreadcrumbList","@id":"https:\/\/naturalpoland.com\/tr\/urunler\/kozmetik-hammaddeleri\/hidrolatlar\/aci-portakal-cicegi-suyu\/#breadcrumb","itemListElement":[{"@type":"ListItem","position":1,"name":"Ana Sayfa","item":"https:\/\/naturalpoland.com\/tr\/"},{"@type":"ListItem","position":2,"name":"\u00dcr\u00fcnler","item":"https:\/\/naturalpoland.com\/tr\/urunler\/"},{"@type":"ListItem","position":3,"name":"Ac\u0131 portakal \u00e7i\u00e7e\u011fi suyu"}]},{"@type":"WebSite","@id":"https:\/\/naturalpoland.com\/tr\/#website","url":"https:\/\/naturalpoland.com\/tr\/","name":"NATURAL POLAND - Hurtowy Dystrybutor Surowc\u00f3w","description":"Surowce dla przemys\u0142u spo\u017cywczego, kosmetycznego i farmaceutycznego","publisher":{"@id":"https:\/\/naturalpoland.com\/tr\/#organization"},"potentialAction":[{"@type":"SearchAction","target":{"@type":"EntryPoint","urlTemplate":"https:\/\/naturalpoland.com\/tr\/?s={search_term_string}"},"query-input":{"@type":"PropertyValueSpecification","valueRequired":true,"valueName":"search_term_string"}}],"inLanguage":"tr"},{"@type":"Organization","@id":"https:\/\/naturalpoland.com\/tr\/#organization","name":"Natural Poland","url":"https:\/\/naturalpoland.com\/tr\/","logo":{"@type":"ImageObject","inLanguage":"tr","@id":"https:\/\/naturalpoland.com\/tr\/#\/schema\/logo\/image\/","url":"https:\/\/naturalpoland.com\/wp-content\/uploads\/2021\/05\/natural-poland-icon.png","contentUrl":"https:\/\/naturalpoland.com\/wp-content\/uploads\/2021\/05\/natural-poland-icon.png","width":512,"height":512,"caption":"Natural Poland"},"image":{"@id":"https:\/\/naturalpoland.com\/tr\/#\/schema\/logo\/image\/"},"sameAs":["https:\/\/www.facebook.com\/naturalpoland.b2b","https:\/\/pl.linkedin.com\/company\/natural-poland","https:\/\/www.youtube.com\/channel\/UCgeGGkvOMahZo-xu_MSEWxg"]}]}},"_links":{"self":[{"href":"https:\/\/naturalpoland.com\/tr\/wp-json\/wp\/v2\/product\/44267","targetHints":{"allow":["GET"]}}],"collection":[{"href":"https:\/\/naturalpoland.com\/tr\/wp-json\/wp\/v2\/product"}],"about":[{"href":"https:\/\/naturalpoland.com\/tr\/wp-json\/wp\/v2\/types\/product"}],"wp:featuredmedia":[{"embeddable":true,"href":"https:\/\/naturalpoland.com\/tr\/wp-json\/wp\/v2\/media\/44268"}],"wp:attachment":[{"href":"https:\/\/naturalpoland.com\/tr\/wp-json\/wp\/v2\/media?parent=44267"}],"wp:term":[{"taxonomy":"product_brand","embeddable":true,"href":"https:\/\/naturalpoland.com\/tr\/wp-json\/wp\/v2\/product_brand?post=44267"},{"taxonomy":"product_cat","embeddable":true,"href":"https:\/\/naturalpoland.com\/tr\/wp-json\/wp\/v2\/product_cat?post=44267"},{"taxonomy":"product_tag","embeddable":true,"href":"https:\/\/naturalpoland.com\/tr\/wp-json\/wp\/v2\/product_tag?post=44267"}],"curies":[{"name":"wp","href":"https:\/\/api.w.org\/{rel}","templated":true}]}}