{"id":44279,"date":"2023-07-25T13:06:15","date_gmt":"2023-07-25T11:06:15","guid":{"rendered":"https:\/\/naturalpoland.com\/produkty\/kategorilenmemis\/tripeptit-10-sitrulin\/"},"modified":"2025-12-22T11:33:59","modified_gmt":"2025-12-22T10:33:59","slug":"tripeptit-10-sitrulin","status":"publish","type":"product","link":"https:\/\/naturalpoland.com\/tr\/urunler\/kozmetik-hammaddeleri\/peptitler\/tripeptit-10-sitrulin\/","title":{"rendered":"Tripeptit-10 Sitrulin"},"content":{"rendered":"<p>Benzersiz etki mekanizmas\u0131, kolajen lif olu\u015fumunun d\u00fczenlenmesinde kilit rol oynayan do\u011fal proteoglikanlar\u0131n (dekorin) etkisini sim\u00fcle etmesine dayan\u0131r. Kolajen, cildin s\u0131k\u0131l\u0131\u011f\u0131n\u0131, elastikiyetini ve gen\u00e7 g\u00f6r\u00fcn\u00fcm\u00fcn\u00fc etkileyen temel bir cilt bile\u015fenidir. Tripeptit-10 Sitrulin etkisi ile kolajen \u00fcretimini ve d\u00fczenlenmesini destekleyerek k\u0131r\u0131\u015f\u0131kl\u0131klar\u0131n azalmas\u0131na ve cilt g\u00f6r\u00fcn\u00fcm\u00fcn\u00fcn iyile\u015fmesine do\u011frudan katk\u0131da bulunur.  <\/p>\n<p>Tripeptit-10 Sitrulin i\u00e7eren kozmetik \u00fcr\u00fcnler, cilt ya\u015flanma belirtileriyle etkili \u015fekilde m\u00fccadele etmek isteyen ki\u015filer i\u00e7in m\u00fckemmel bir \u00e7\u00f6z\u00fcmd\u00fcr. Bu bile\u015feni i\u00e7eren kozmetiklerin d\u00fczenli kullan\u0131m\u0131 cildin gen\u00e7 g\u00f6r\u00fcn\u00fcm\u00fcn\u00fc, s\u0131k\u0131l\u0131\u011f\u0131n\u0131 ve \u0131\u015f\u0131lt\u0131l\u0131 parlakl\u0131\u011f\u0131n\u0131 geri kazanmas\u0131na katk\u0131da bulunur. <\/p>\n","protected":false},"excerpt":{"rendered":"<p>Tripeptit-10 Sitrulin (INCI: TRIPEPTIDE-10 CITRULLINE), k\u0131r\u0131\u015f\u0131kl\u0131klar\u0131 azaltmak ve cilt ya\u015flanma s\u00fcrecini geciktirmek olan temel g\u00f6revi ile e\u015fsiz bir kozmetik bile\u015fenidir.<\/p>\n","protected":false},"featured_media":44280,"template":"","meta":{"_acf_changed":false},"product_brand":[],"product_cat":[9554],"product_tag":[],"class_list":{"0":"post-44279","1":"product","2":"type-product","3":"status-publish","4":"has-post-thumbnail","6":"product_cat-peptitler","8":"first","9":"instock","10":"shipping-taxable","11":"product-type-simple"},"acf":[],"yoast_head":"<!-- This site is optimized with the Yoast SEO plugin v27.5 - https:\/\/yoast.com\/product\/yoast-seo-wordpress\/ -->\n<title>Tripeptit-10 Sitrulin - Hurtowy Dystrybutor<\/title>\n<meta name=\"description\" content=\"Tripeptit-10 Sitrulin, k\u0131r\u0131\u015f\u0131kl\u0131klar\u0131 azaltmak ve cilt ya\u015flanma s\u00fcrecini geciktirmek olan temel g\u00f6revi ile e\u015fsiz bir kozmetik bile\u015fenidir.\" \/>\n<meta name=\"robots\" content=\"index, follow, max-snippet:-1, max-image-preview:large, max-video-preview:-1\" \/>\n<link rel=\"canonical\" href=\"https:\/\/naturalpoland.com\/tr\/urunler\/kozmetik-hammaddeleri\/peptitler\/tripeptit-10-sitrulin\/\" \/>\n<meta property=\"og:locale\" content=\"tr_TR\" \/>\n<meta property=\"og:type\" content=\"article\" \/>\n<meta property=\"og:title\" content=\"Tripeptit-10 Sitrulin - Hurtowy Dystrybutor\" \/>\n<meta property=\"og:description\" content=\"Tripeptit-10 Sitrulin, k\u0131r\u0131\u015f\u0131kl\u0131klar\u0131 azaltmak ve cilt ya\u015flanma s\u00fcrecini geciktirmek olan temel g\u00f6revi ile e\u015fsiz bir kozmetik bile\u015fenidir.\" \/>\n<meta property=\"og:url\" content=\"https:\/\/naturalpoland.com\/tr\/urunler\/kozmetik-hammaddeleri\/peptitler\/tripeptit-10-sitrulin\/\" \/>\n<meta property=\"og:site_name\" content=\"NATURAL POLAND - Hurtowy Dystrybutor Surowc\u00f3w\" \/>\n<meta property=\"article:publisher\" content=\"https:\/\/www.facebook.com\/naturalpoland.b2b\" \/>\n<meta property=\"article:modified_time\" content=\"2025-12-22T10:33:59+00:00\" \/>\n<meta property=\"og:image\" content=\"https:\/\/naturalpoland.com\/wp-content\/uploads\/TRIPEPTIDE-10-CITRULLINE.png\" \/>\n\t<meta property=\"og:image:width\" content=\"599\" \/>\n\t<meta property=\"og:image:height\" content=\"599\" \/>\n\t<meta property=\"og:image:type\" content=\"image\/png\" \/>\n<script type=\"application\/ld+json\" class=\"yoast-schema-graph\">{\"@context\":\"https:\\\/\\\/schema.org\",\"@graph\":[{\"@type\":\"WebPage\",\"@id\":\"https:\\\/\\\/naturalpoland.com\\\/tr\\\/urunler\\\/kozmetik-hammaddeleri\\\/peptitler\\\/tripeptit-10-sitrulin\\\/\",\"url\":\"https:\\\/\\\/naturalpoland.com\\\/tr\\\/urunler\\\/kozmetik-hammaddeleri\\\/peptitler\\\/tripeptit-10-sitrulin\\\/\",\"name\":\"Tripeptit-10 Sitrulin - Hurtowy Dystrybutor\",\"isPartOf\":{\"@id\":\"https:\\\/\\\/naturalpoland.com\\\/tr\\\/#website\"},\"primaryImageOfPage\":{\"@id\":\"https:\\\/\\\/naturalpoland.com\\\/tr\\\/urunler\\\/kozmetik-hammaddeleri\\\/peptitler\\\/tripeptit-10-sitrulin\\\/#primaryimage\"},\"image\":{\"@id\":\"https:\\\/\\\/naturalpoland.com\\\/tr\\\/urunler\\\/kozmetik-hammaddeleri\\\/peptitler\\\/tripeptit-10-sitrulin\\\/#primaryimage\"},\"thumbnailUrl\":\"https:\\\/\\\/naturalpoland.com\\\/wp-content\\\/uploads\\\/TRIPEPTIDE-10-CITRULLINE.png\",\"datePublished\":\"2023-07-25T11:06:15+00:00\",\"dateModified\":\"2025-12-22T10:33:59+00:00\",\"description\":\"Tripeptit-10 Sitrulin, k\u0131r\u0131\u015f\u0131kl\u0131klar\u0131 azaltmak ve cilt ya\u015flanma s\u00fcrecini geciktirmek olan temel g\u00f6revi ile e\u015fsiz bir kozmetik bile\u015fenidir.\",\"breadcrumb\":{\"@id\":\"https:\\\/\\\/naturalpoland.com\\\/tr\\\/urunler\\\/kozmetik-hammaddeleri\\\/peptitler\\\/tripeptit-10-sitrulin\\\/#breadcrumb\"},\"inLanguage\":\"tr\",\"potentialAction\":[{\"@type\":\"ReadAction\",\"target\":[\"https:\\\/\\\/naturalpoland.com\\\/tr\\\/urunler\\\/kozmetik-hammaddeleri\\\/peptitler\\\/tripeptit-10-sitrulin\\\/\"]}]},{\"@type\":\"ImageObject\",\"inLanguage\":\"tr\",\"@id\":\"https:\\\/\\\/naturalpoland.com\\\/tr\\\/urunler\\\/kozmetik-hammaddeleri\\\/peptitler\\\/tripeptit-10-sitrulin\\\/#primaryimage\",\"url\":\"https:\\\/\\\/naturalpoland.com\\\/wp-content\\\/uploads\\\/TRIPEPTIDE-10-CITRULLINE.png\",\"contentUrl\":\"https:\\\/\\\/naturalpoland.com\\\/wp-content\\\/uploads\\\/TRIPEPTIDE-10-CITRULLINE.png\",\"width\":599,\"height\":599,\"caption\":\"Tripeptit-10 Sitrulin\"},{\"@type\":\"BreadcrumbList\",\"@id\":\"https:\\\/\\\/naturalpoland.com\\\/tr\\\/urunler\\\/kozmetik-hammaddeleri\\\/peptitler\\\/tripeptit-10-sitrulin\\\/#breadcrumb\",\"itemListElement\":[{\"@type\":\"ListItem\",\"position\":1,\"name\":\"Ana Sayfa\",\"item\":\"https:\\\/\\\/naturalpoland.com\\\/tr\\\/\"},{\"@type\":\"ListItem\",\"position\":2,\"name\":\"\u00dcr\u00fcnler\",\"item\":\"https:\\\/\\\/naturalpoland.com\\\/tr\\\/urunler\\\/\"},{\"@type\":\"ListItem\",\"position\":3,\"name\":\"Tripeptit-10 Sitrulin\"}]},{\"@type\":\"WebSite\",\"@id\":\"https:\\\/\\\/naturalpoland.com\\\/tr\\\/#website\",\"url\":\"https:\\\/\\\/naturalpoland.com\\\/tr\\\/\",\"name\":\"NATURAL POLAND - Hurtowy Dystrybutor Surowc\u00f3w\",\"description\":\"Surowce dla przemys\u0142u spo\u017cywczego, kosmetycznego i farmaceutycznego\",\"publisher\":{\"@id\":\"https:\\\/\\\/naturalpoland.com\\\/tr\\\/#organization\"},\"potentialAction\":[{\"@type\":\"SearchAction\",\"target\":{\"@type\":\"EntryPoint\",\"urlTemplate\":\"https:\\\/\\\/naturalpoland.com\\\/tr\\\/?s={search_term_string}\"},\"query-input\":{\"@type\":\"PropertyValueSpecification\",\"valueRequired\":true,\"valueName\":\"search_term_string\"}}],\"inLanguage\":\"tr\"},{\"@type\":\"Organization\",\"@id\":\"https:\\\/\\\/naturalpoland.com\\\/tr\\\/#organization\",\"name\":\"Natural Poland\",\"url\":\"https:\\\/\\\/naturalpoland.com\\\/tr\\\/\",\"logo\":{\"@type\":\"ImageObject\",\"inLanguage\":\"tr\",\"@id\":\"https:\\\/\\\/naturalpoland.com\\\/tr\\\/#\\\/schema\\\/logo\\\/image\\\/\",\"url\":\"https:\\\/\\\/naturalpoland.com\\\/wp-content\\\/uploads\\\/2021\\\/05\\\/natural-poland-icon.png\",\"contentUrl\":\"https:\\\/\\\/naturalpoland.com\\\/wp-content\\\/uploads\\\/2021\\\/05\\\/natural-poland-icon.png\",\"width\":512,\"height\":512,\"caption\":\"Natural Poland\"},\"image\":{\"@id\":\"https:\\\/\\\/naturalpoland.com\\\/tr\\\/#\\\/schema\\\/logo\\\/image\\\/\"},\"sameAs\":[\"https:\\\/\\\/www.facebook.com\\\/naturalpoland.b2b\",\"https:\\\/\\\/pl.linkedin.com\\\/company\\\/natural-poland\",\"https:\\\/\\\/www.youtube.com\\\/channel\\\/UCgeGGkvOMahZo-xu_MSEWxg\"]}]}<\/script>\n<!-- \/ Yoast SEO plugin. -->","yoast_head_json":{"title":"Tripeptit-10 Sitrulin - Hurtowy Dystrybutor","description":"Tripeptit-10 Sitrulin, k\u0131r\u0131\u015f\u0131kl\u0131klar\u0131 azaltmak ve cilt ya\u015flanma s\u00fcrecini geciktirmek olan temel g\u00f6revi ile e\u015fsiz bir kozmetik bile\u015fenidir.","robots":{"index":"index","follow":"follow","max-snippet":"max-snippet:-1","max-image-preview":"max-image-preview:large","max-video-preview":"max-video-preview:-1"},"canonical":"https:\/\/naturalpoland.com\/tr\/urunler\/kozmetik-hammaddeleri\/peptitler\/tripeptit-10-sitrulin\/","og_locale":"tr_TR","og_type":"article","og_title":"Tripeptit-10 Sitrulin - Hurtowy Dystrybutor","og_description":"Tripeptit-10 Sitrulin, k\u0131r\u0131\u015f\u0131kl\u0131klar\u0131 azaltmak ve cilt ya\u015flanma s\u00fcrecini geciktirmek olan temel g\u00f6revi ile e\u015fsiz bir kozmetik bile\u015fenidir.","og_url":"https:\/\/naturalpoland.com\/tr\/urunler\/kozmetik-hammaddeleri\/peptitler\/tripeptit-10-sitrulin\/","og_site_name":"NATURAL POLAND - Hurtowy Dystrybutor Surowc\u00f3w","article_publisher":"https:\/\/www.facebook.com\/naturalpoland.b2b","article_modified_time":"2025-12-22T10:33:59+00:00","og_image":[{"width":599,"height":599,"url":"https:\/\/naturalpoland.com\/wp-content\/uploads\/TRIPEPTIDE-10-CITRULLINE.png","type":"image\/png"}],"schema":{"@context":"https:\/\/schema.org","@graph":[{"@type":"WebPage","@id":"https:\/\/naturalpoland.com\/tr\/urunler\/kozmetik-hammaddeleri\/peptitler\/tripeptit-10-sitrulin\/","url":"https:\/\/naturalpoland.com\/tr\/urunler\/kozmetik-hammaddeleri\/peptitler\/tripeptit-10-sitrulin\/","name":"Tripeptit-10 Sitrulin - Hurtowy Dystrybutor","isPartOf":{"@id":"https:\/\/naturalpoland.com\/tr\/#website"},"primaryImageOfPage":{"@id":"https:\/\/naturalpoland.com\/tr\/urunler\/kozmetik-hammaddeleri\/peptitler\/tripeptit-10-sitrulin\/#primaryimage"},"image":{"@id":"https:\/\/naturalpoland.com\/tr\/urunler\/kozmetik-hammaddeleri\/peptitler\/tripeptit-10-sitrulin\/#primaryimage"},"thumbnailUrl":"https:\/\/naturalpoland.com\/wp-content\/uploads\/TRIPEPTIDE-10-CITRULLINE.png","datePublished":"2023-07-25T11:06:15+00:00","dateModified":"2025-12-22T10:33:59+00:00","description":"Tripeptit-10 Sitrulin, k\u0131r\u0131\u015f\u0131kl\u0131klar\u0131 azaltmak ve cilt ya\u015flanma s\u00fcrecini geciktirmek olan temel g\u00f6revi ile e\u015fsiz bir kozmetik bile\u015fenidir.","breadcrumb":{"@id":"https:\/\/naturalpoland.com\/tr\/urunler\/kozmetik-hammaddeleri\/peptitler\/tripeptit-10-sitrulin\/#breadcrumb"},"inLanguage":"tr","potentialAction":[{"@type":"ReadAction","target":["https:\/\/naturalpoland.com\/tr\/urunler\/kozmetik-hammaddeleri\/peptitler\/tripeptit-10-sitrulin\/"]}]},{"@type":"ImageObject","inLanguage":"tr","@id":"https:\/\/naturalpoland.com\/tr\/urunler\/kozmetik-hammaddeleri\/peptitler\/tripeptit-10-sitrulin\/#primaryimage","url":"https:\/\/naturalpoland.com\/wp-content\/uploads\/TRIPEPTIDE-10-CITRULLINE.png","contentUrl":"https:\/\/naturalpoland.com\/wp-content\/uploads\/TRIPEPTIDE-10-CITRULLINE.png","width":599,"height":599,"caption":"Tripeptit-10 Sitrulin"},{"@type":"BreadcrumbList","@id":"https:\/\/naturalpoland.com\/tr\/urunler\/kozmetik-hammaddeleri\/peptitler\/tripeptit-10-sitrulin\/#breadcrumb","itemListElement":[{"@type":"ListItem","position":1,"name":"Ana Sayfa","item":"https:\/\/naturalpoland.com\/tr\/"},{"@type":"ListItem","position":2,"name":"\u00dcr\u00fcnler","item":"https:\/\/naturalpoland.com\/tr\/urunler\/"},{"@type":"ListItem","position":3,"name":"Tripeptit-10 Sitrulin"}]},{"@type":"WebSite","@id":"https:\/\/naturalpoland.com\/tr\/#website","url":"https:\/\/naturalpoland.com\/tr\/","name":"NATURAL POLAND - Hurtowy Dystrybutor Surowc\u00f3w","description":"Surowce dla przemys\u0142u spo\u017cywczego, kosmetycznego i farmaceutycznego","publisher":{"@id":"https:\/\/naturalpoland.com\/tr\/#organization"},"potentialAction":[{"@type":"SearchAction","target":{"@type":"EntryPoint","urlTemplate":"https:\/\/naturalpoland.com\/tr\/?s={search_term_string}"},"query-input":{"@type":"PropertyValueSpecification","valueRequired":true,"valueName":"search_term_string"}}],"inLanguage":"tr"},{"@type":"Organization","@id":"https:\/\/naturalpoland.com\/tr\/#organization","name":"Natural Poland","url":"https:\/\/naturalpoland.com\/tr\/","logo":{"@type":"ImageObject","inLanguage":"tr","@id":"https:\/\/naturalpoland.com\/tr\/#\/schema\/logo\/image\/","url":"https:\/\/naturalpoland.com\/wp-content\/uploads\/2021\/05\/natural-poland-icon.png","contentUrl":"https:\/\/naturalpoland.com\/wp-content\/uploads\/2021\/05\/natural-poland-icon.png","width":512,"height":512,"caption":"Natural Poland"},"image":{"@id":"https:\/\/naturalpoland.com\/tr\/#\/schema\/logo\/image\/"},"sameAs":["https:\/\/www.facebook.com\/naturalpoland.b2b","https:\/\/pl.linkedin.com\/company\/natural-poland","https:\/\/www.youtube.com\/channel\/UCgeGGkvOMahZo-xu_MSEWxg"]}]}},"_links":{"self":[{"href":"https:\/\/naturalpoland.com\/tr\/wp-json\/wp\/v2\/product\/44279","targetHints":{"allow":["GET"]}}],"collection":[{"href":"https:\/\/naturalpoland.com\/tr\/wp-json\/wp\/v2\/product"}],"about":[{"href":"https:\/\/naturalpoland.com\/tr\/wp-json\/wp\/v2\/types\/product"}],"wp:featuredmedia":[{"embeddable":true,"href":"https:\/\/naturalpoland.com\/tr\/wp-json\/wp\/v2\/media\/44280"}],"wp:attachment":[{"href":"https:\/\/naturalpoland.com\/tr\/wp-json\/wp\/v2\/media?parent=44279"}],"wp:term":[{"taxonomy":"product_brand","embeddable":true,"href":"https:\/\/naturalpoland.com\/tr\/wp-json\/wp\/v2\/product_brand?post=44279"},{"taxonomy":"product_cat","embeddable":true,"href":"https:\/\/naturalpoland.com\/tr\/wp-json\/wp\/v2\/product_cat?post=44279"},{"taxonomy":"product_tag","embeddable":true,"href":"https:\/\/naturalpoland.com\/tr\/wp-json\/wp\/v2\/product_tag?post=44279"}],"curies":[{"name":"wp","href":"https:\/\/api.w.org\/{rel}","templated":true}]}}