{"id":44281,"date":"2024-01-18T15:27:26","date_gmt":"2024-01-18T14:27:26","guid":{"rendered":"https:\/\/naturalpoland.com\/produkty\/kategorilenmemis\/ergotiyonein\/"},"modified":"2025-12-22T11:34:03","modified_gmt":"2025-12-22T10:34:03","slug":"ergotiyonein","status":"publish","type":"product","link":"https:\/\/naturalpoland.com\/tr\/urunler\/kozmetik-hammaddeleri\/peptitler\/ergotiyonein\/","title":{"rendered":"Ergotiyonein"},"content":{"rendered":"<p>Ergotiyonein, keratinosit ve fibroblastlardaki OCTN-1 ta\u015f\u0131y\u0131c\u0131s\u0131 arac\u0131l\u0131\u011f\u0131yla h\u00fccrelere ve mitokondrilere girerek reaktif oksijen t\u00fcrlerini (ROS) do\u011frudan n\u00f6tralize eder. Bu sayede ergotiyonein sadece oksidatif stresi \u00f6nlemekle kalmaz, ayn\u0131 zamanda mitokondrileri ve mitokondriyal DNA&#8217;y\u0131 serbest radikallerin a\u015f\u0131r\u0131 miktar\u0131n\u0131n neden oldu\u011fu hasarlardan da korur. <\/p>\n<p>\u00d6zellikleri sayesinde, <strong>ergotiyonein cildi UV \u0131\u015f\u0131nlar\u0131n\u0131n zararl\u0131 etkilerine kar\u015f\u0131 korumada etkilidir<\/strong>, reaktif oksijen t\u00fcrlerinin olu\u015fumunu en aza indirerek radyasyonun neden oldu\u011fu cilt hasar\u0131n\u0131 azalt\u0131r. Bu, \u00f6zellikle cilt ya\u015flanmas\u0131 ve DNA hasar\u0131na kar\u015f\u0131 koruma ba\u011flam\u0131nda \u00f6nemlidir. Ergotiyonein ayr\u0131ca <strong>enflamatuar s\u00fcre\u00e7leri azaltma<\/strong> ve suda \u00e7\u00f6z\u00fcnen proteinleri oksidatif hasardan koruma yetene\u011fine sahiptir.  <\/p>\n<p>In vitro \u00e7al\u0131\u015fmalarda ergotiyonein, DPPH serbest radikallerini n\u00f6tralize etme yetene\u011fine ili\u015fkin fizikokimyasal testlerle do\u011fruland\u0131\u011f\u0131 \u00fczere, g\u00fc\u00e7l\u00fc bir <strong>antioksidan<\/strong> olarak etkinlik g\u00f6stermi\u015ftir. Zebra bal\u0131\u011f\u0131 deneylerinde belirgin antioksidan aktivitesi g\u00f6zlemlenmi\u015ftir. <\/p>\n<p>Ergotiyonein, g\u00f6z alt\u0131 serumu, krem ve jeller dahil olmak \u00fczere geni\u015f bir kozmetik \u00fcr\u00fcn yelpazesinde kullan\u0131l\u0131r ve ayd\u0131nlat\u0131c\u0131, g\u00f6z alt\u0131 morluklar\u0131n\u0131 azalt\u0131c\u0131, ya\u015flanma kar\u015f\u0131t\u0131 ve nemlendirici etkiler sa\u011flar. Cildi ya\u015flanmaya ve hasara neden olan i\u00e7 ve d\u0131\u015f fakt\u00f6rlerden koruyarak \u00e7e\u015fitli cilt ihtiya\u00e7lar\u0131na cevap veren \u00e7ok y\u00f6nl\u00fc bir bile\u015fiktir. <\/p>\n","protected":false},"excerpt":{"rendered":"<p><strong>Ergotiyonein<\/strong>, <strong>2-merkaptohisditin trimetilbetain<\/strong> veya <strong>Ergot Alkaloidi<\/strong> olarak da bilinen, benzersiz antioksidan ve koruyucu \u00f6zelliklere sahip kozmetikte e\u015fsiz bir aktif bile\u015fendir.<\/p>\n","protected":false},"featured_media":44282,"template":"","meta":{"_acf_changed":false},"product_brand":[],"product_cat":[9554],"product_tag":[],"class_list":{"0":"post-44281","1":"product","2":"type-product","3":"status-publish","4":"has-post-thumbnail","6":"product_cat-peptitler","7":"pa_metoda-pozyskiwania-biyosentez","9":"first","10":"instock","11":"shipping-taxable","12":"product-type-simple"},"acf":[],"yoast_head":"<!-- This site is optimized with the Yoast SEO plugin v27.5 - https:\/\/yoast.com\/product\/yoast-seo-wordpress\/ -->\n<title>Ergotiyonein - Hurtowy Dystrybutor<\/title>\n<meta name=\"description\" content=\"Ergotiyonein, 2-merkaptohisditin trimetilbetain veya Ergot Alkaloidi olarak da bilinen, kozmetikte benzersiz bir aktif bile\u015fendir.\" \/>\n<meta name=\"robots\" content=\"index, follow, max-snippet:-1, max-image-preview:large, max-video-preview:-1\" \/>\n<link rel=\"canonical\" href=\"https:\/\/naturalpoland.com\/tr\/urunler\/kozmetik-hammaddeleri\/peptitler\/ergotiyonein\/\" \/>\n<meta property=\"og:locale\" content=\"tr_TR\" \/>\n<meta property=\"og:type\" content=\"article\" \/>\n<meta property=\"og:title\" content=\"Ergotiyonein - Hurtowy Dystrybutor\" \/>\n<meta property=\"og:description\" content=\"Ergotiyonein, 2-merkaptohisditin trimetilbetain veya Ergot Alkaloidi olarak da bilinen, kozmetikte benzersiz bir aktif bile\u015fendir.\" \/>\n<meta property=\"og:url\" content=\"https:\/\/naturalpoland.com\/tr\/urunler\/kozmetik-hammaddeleri\/peptitler\/ergotiyonein\/\" \/>\n<meta property=\"og:site_name\" content=\"NATURAL POLAND - Hurtowy Dystrybutor Surowc\u00f3w\" \/>\n<meta property=\"article:publisher\" content=\"https:\/\/www.facebook.com\/naturalpoland.b2b\" \/>\n<meta property=\"article:modified_time\" content=\"2025-12-22T10:34:03+00:00\" \/>\n<meta property=\"og:image\" content=\"https:\/\/naturalpoland.com\/wp-content\/uploads\/ergothioneine.webp\" \/>\n\t<meta property=\"og:image:width\" content=\"614\" \/>\n\t<meta property=\"og:image:height\" content=\"614\" \/>\n\t<meta property=\"og:image:type\" content=\"image\/webp\" \/>\n<script type=\"application\/ld+json\" class=\"yoast-schema-graph\">{\"@context\":\"https:\\\/\\\/schema.org\",\"@graph\":[{\"@type\":\"WebPage\",\"@id\":\"https:\\\/\\\/naturalpoland.com\\\/tr\\\/urunler\\\/kozmetik-hammaddeleri\\\/peptitler\\\/ergotiyonein\\\/\",\"url\":\"https:\\\/\\\/naturalpoland.com\\\/tr\\\/urunler\\\/kozmetik-hammaddeleri\\\/peptitler\\\/ergotiyonein\\\/\",\"name\":\"Ergotiyonein - Hurtowy Dystrybutor\",\"isPartOf\":{\"@id\":\"https:\\\/\\\/naturalpoland.com\\\/tr\\\/#website\"},\"primaryImageOfPage\":{\"@id\":\"https:\\\/\\\/naturalpoland.com\\\/tr\\\/urunler\\\/kozmetik-hammaddeleri\\\/peptitler\\\/ergotiyonein\\\/#primaryimage\"},\"image\":{\"@id\":\"https:\\\/\\\/naturalpoland.com\\\/tr\\\/urunler\\\/kozmetik-hammaddeleri\\\/peptitler\\\/ergotiyonein\\\/#primaryimage\"},\"thumbnailUrl\":\"https:\\\/\\\/naturalpoland.com\\\/wp-content\\\/uploads\\\/ergothioneine.webp\",\"datePublished\":\"2024-01-18T14:27:26+00:00\",\"dateModified\":\"2025-12-22T10:34:03+00:00\",\"description\":\"Ergotiyonein, 2-merkaptohisditin trimetilbetain veya Ergot Alkaloidi olarak da bilinen, kozmetikte benzersiz bir aktif bile\u015fendir.\",\"breadcrumb\":{\"@id\":\"https:\\\/\\\/naturalpoland.com\\\/tr\\\/urunler\\\/kozmetik-hammaddeleri\\\/peptitler\\\/ergotiyonein\\\/#breadcrumb\"},\"inLanguage\":\"tr\",\"potentialAction\":[{\"@type\":\"ReadAction\",\"target\":[\"https:\\\/\\\/naturalpoland.com\\\/tr\\\/urunler\\\/kozmetik-hammaddeleri\\\/peptitler\\\/ergotiyonein\\\/\"]}]},{\"@type\":\"ImageObject\",\"inLanguage\":\"tr\",\"@id\":\"https:\\\/\\\/naturalpoland.com\\\/tr\\\/urunler\\\/kozmetik-hammaddeleri\\\/peptitler\\\/ergotiyonein\\\/#primaryimage\",\"url\":\"https:\\\/\\\/naturalpoland.com\\\/wp-content\\\/uploads\\\/ergothioneine.webp\",\"contentUrl\":\"https:\\\/\\\/naturalpoland.com\\\/wp-content\\\/uploads\\\/ergothioneine.webp\",\"width\":614,\"height\":614,\"caption\":\"Ergotiyonein\"},{\"@type\":\"BreadcrumbList\",\"@id\":\"https:\\\/\\\/naturalpoland.com\\\/tr\\\/urunler\\\/kozmetik-hammaddeleri\\\/peptitler\\\/ergotiyonein\\\/#breadcrumb\",\"itemListElement\":[{\"@type\":\"ListItem\",\"position\":1,\"name\":\"Ana Sayfa\",\"item\":\"https:\\\/\\\/naturalpoland.com\\\/tr\\\/\"},{\"@type\":\"ListItem\",\"position\":2,\"name\":\"\u00dcr\u00fcnler\",\"item\":\"https:\\\/\\\/naturalpoland.com\\\/tr\\\/urunler\\\/\"},{\"@type\":\"ListItem\",\"position\":3,\"name\":\"Ergotiyonein\"}]},{\"@type\":\"WebSite\",\"@id\":\"https:\\\/\\\/naturalpoland.com\\\/tr\\\/#website\",\"url\":\"https:\\\/\\\/naturalpoland.com\\\/tr\\\/\",\"name\":\"NATURAL POLAND - Hurtowy Dystrybutor Surowc\u00f3w\",\"description\":\"Surowce dla przemys\u0142u spo\u017cywczego, kosmetycznego i farmaceutycznego\",\"publisher\":{\"@id\":\"https:\\\/\\\/naturalpoland.com\\\/tr\\\/#organization\"},\"potentialAction\":[{\"@type\":\"SearchAction\",\"target\":{\"@type\":\"EntryPoint\",\"urlTemplate\":\"https:\\\/\\\/naturalpoland.com\\\/tr\\\/?s={search_term_string}\"},\"query-input\":{\"@type\":\"PropertyValueSpecification\",\"valueRequired\":true,\"valueName\":\"search_term_string\"}}],\"inLanguage\":\"tr\"},{\"@type\":\"Organization\",\"@id\":\"https:\\\/\\\/naturalpoland.com\\\/tr\\\/#organization\",\"name\":\"Natural Poland\",\"url\":\"https:\\\/\\\/naturalpoland.com\\\/tr\\\/\",\"logo\":{\"@type\":\"ImageObject\",\"inLanguage\":\"tr\",\"@id\":\"https:\\\/\\\/naturalpoland.com\\\/tr\\\/#\\\/schema\\\/logo\\\/image\\\/\",\"url\":\"https:\\\/\\\/naturalpoland.com\\\/wp-content\\\/uploads\\\/2021\\\/05\\\/natural-poland-icon.png\",\"contentUrl\":\"https:\\\/\\\/naturalpoland.com\\\/wp-content\\\/uploads\\\/2021\\\/05\\\/natural-poland-icon.png\",\"width\":512,\"height\":512,\"caption\":\"Natural Poland\"},\"image\":{\"@id\":\"https:\\\/\\\/naturalpoland.com\\\/tr\\\/#\\\/schema\\\/logo\\\/image\\\/\"},\"sameAs\":[\"https:\\\/\\\/www.facebook.com\\\/naturalpoland.b2b\",\"https:\\\/\\\/pl.linkedin.com\\\/company\\\/natural-poland\",\"https:\\\/\\\/www.youtube.com\\\/channel\\\/UCgeGGkvOMahZo-xu_MSEWxg\"]}]}<\/script>\n<!-- \/ Yoast SEO plugin. -->","yoast_head_json":{"title":"Ergotiyonein - Hurtowy Dystrybutor","description":"Ergotiyonein, 2-merkaptohisditin trimetilbetain veya Ergot Alkaloidi olarak da bilinen, kozmetikte benzersiz bir aktif bile\u015fendir.","robots":{"index":"index","follow":"follow","max-snippet":"max-snippet:-1","max-image-preview":"max-image-preview:large","max-video-preview":"max-video-preview:-1"},"canonical":"https:\/\/naturalpoland.com\/tr\/urunler\/kozmetik-hammaddeleri\/peptitler\/ergotiyonein\/","og_locale":"tr_TR","og_type":"article","og_title":"Ergotiyonein - Hurtowy Dystrybutor","og_description":"Ergotiyonein, 2-merkaptohisditin trimetilbetain veya Ergot Alkaloidi olarak da bilinen, kozmetikte benzersiz bir aktif bile\u015fendir.","og_url":"https:\/\/naturalpoland.com\/tr\/urunler\/kozmetik-hammaddeleri\/peptitler\/ergotiyonein\/","og_site_name":"NATURAL POLAND - Hurtowy Dystrybutor Surowc\u00f3w","article_publisher":"https:\/\/www.facebook.com\/naturalpoland.b2b","article_modified_time":"2025-12-22T10:34:03+00:00","og_image":[{"width":614,"height":614,"url":"https:\/\/naturalpoland.com\/wp-content\/uploads\/ergothioneine.webp","type":"image\/webp"}],"schema":{"@context":"https:\/\/schema.org","@graph":[{"@type":"WebPage","@id":"https:\/\/naturalpoland.com\/tr\/urunler\/kozmetik-hammaddeleri\/peptitler\/ergotiyonein\/","url":"https:\/\/naturalpoland.com\/tr\/urunler\/kozmetik-hammaddeleri\/peptitler\/ergotiyonein\/","name":"Ergotiyonein - Hurtowy Dystrybutor","isPartOf":{"@id":"https:\/\/naturalpoland.com\/tr\/#website"},"primaryImageOfPage":{"@id":"https:\/\/naturalpoland.com\/tr\/urunler\/kozmetik-hammaddeleri\/peptitler\/ergotiyonein\/#primaryimage"},"image":{"@id":"https:\/\/naturalpoland.com\/tr\/urunler\/kozmetik-hammaddeleri\/peptitler\/ergotiyonein\/#primaryimage"},"thumbnailUrl":"https:\/\/naturalpoland.com\/wp-content\/uploads\/ergothioneine.webp","datePublished":"2024-01-18T14:27:26+00:00","dateModified":"2025-12-22T10:34:03+00:00","description":"Ergotiyonein, 2-merkaptohisditin trimetilbetain veya Ergot Alkaloidi olarak da bilinen, kozmetikte benzersiz bir aktif bile\u015fendir.","breadcrumb":{"@id":"https:\/\/naturalpoland.com\/tr\/urunler\/kozmetik-hammaddeleri\/peptitler\/ergotiyonein\/#breadcrumb"},"inLanguage":"tr","potentialAction":[{"@type":"ReadAction","target":["https:\/\/naturalpoland.com\/tr\/urunler\/kozmetik-hammaddeleri\/peptitler\/ergotiyonein\/"]}]},{"@type":"ImageObject","inLanguage":"tr","@id":"https:\/\/naturalpoland.com\/tr\/urunler\/kozmetik-hammaddeleri\/peptitler\/ergotiyonein\/#primaryimage","url":"https:\/\/naturalpoland.com\/wp-content\/uploads\/ergothioneine.webp","contentUrl":"https:\/\/naturalpoland.com\/wp-content\/uploads\/ergothioneine.webp","width":614,"height":614,"caption":"Ergotiyonein"},{"@type":"BreadcrumbList","@id":"https:\/\/naturalpoland.com\/tr\/urunler\/kozmetik-hammaddeleri\/peptitler\/ergotiyonein\/#breadcrumb","itemListElement":[{"@type":"ListItem","position":1,"name":"Ana Sayfa","item":"https:\/\/naturalpoland.com\/tr\/"},{"@type":"ListItem","position":2,"name":"\u00dcr\u00fcnler","item":"https:\/\/naturalpoland.com\/tr\/urunler\/"},{"@type":"ListItem","position":3,"name":"Ergotiyonein"}]},{"@type":"WebSite","@id":"https:\/\/naturalpoland.com\/tr\/#website","url":"https:\/\/naturalpoland.com\/tr\/","name":"NATURAL POLAND - Hurtowy Dystrybutor Surowc\u00f3w","description":"Surowce dla przemys\u0142u spo\u017cywczego, kosmetycznego i farmaceutycznego","publisher":{"@id":"https:\/\/naturalpoland.com\/tr\/#organization"},"potentialAction":[{"@type":"SearchAction","target":{"@type":"EntryPoint","urlTemplate":"https:\/\/naturalpoland.com\/tr\/?s={search_term_string}"},"query-input":{"@type":"PropertyValueSpecification","valueRequired":true,"valueName":"search_term_string"}}],"inLanguage":"tr"},{"@type":"Organization","@id":"https:\/\/naturalpoland.com\/tr\/#organization","name":"Natural Poland","url":"https:\/\/naturalpoland.com\/tr\/","logo":{"@type":"ImageObject","inLanguage":"tr","@id":"https:\/\/naturalpoland.com\/tr\/#\/schema\/logo\/image\/","url":"https:\/\/naturalpoland.com\/wp-content\/uploads\/2021\/05\/natural-poland-icon.png","contentUrl":"https:\/\/naturalpoland.com\/wp-content\/uploads\/2021\/05\/natural-poland-icon.png","width":512,"height":512,"caption":"Natural Poland"},"image":{"@id":"https:\/\/naturalpoland.com\/tr\/#\/schema\/logo\/image\/"},"sameAs":["https:\/\/www.facebook.com\/naturalpoland.b2b","https:\/\/pl.linkedin.com\/company\/natural-poland","https:\/\/www.youtube.com\/channel\/UCgeGGkvOMahZo-xu_MSEWxg"]}]}},"_links":{"self":[{"href":"https:\/\/naturalpoland.com\/tr\/wp-json\/wp\/v2\/product\/44281","targetHints":{"allow":["GET"]}}],"collection":[{"href":"https:\/\/naturalpoland.com\/tr\/wp-json\/wp\/v2\/product"}],"about":[{"href":"https:\/\/naturalpoland.com\/tr\/wp-json\/wp\/v2\/types\/product"}],"wp:featuredmedia":[{"embeddable":true,"href":"https:\/\/naturalpoland.com\/tr\/wp-json\/wp\/v2\/media\/44282"}],"wp:attachment":[{"href":"https:\/\/naturalpoland.com\/tr\/wp-json\/wp\/v2\/media?parent=44281"}],"wp:term":[{"taxonomy":"product_brand","embeddable":true,"href":"https:\/\/naturalpoland.com\/tr\/wp-json\/wp\/v2\/product_brand?post=44281"},{"taxonomy":"product_cat","embeddable":true,"href":"https:\/\/naturalpoland.com\/tr\/wp-json\/wp\/v2\/product_cat?post=44281"},{"taxonomy":"product_tag","embeddable":true,"href":"https:\/\/naturalpoland.com\/tr\/wp-json\/wp\/v2\/product_tag?post=44281"}],"curies":[{"name":"wp","href":"https:\/\/api.w.org\/{rel}","templated":true}]}}