{"id":44285,"date":"2024-01-08T11:16:36","date_gmt":"2024-01-08T10:16:36","guid":{"rendered":"https:\/\/naturalpoland.com\/produkty\/kategorilenmemis\/hidroksipropil-tetrahidropirantriol\/"},"modified":"2025-12-22T11:34:29","modified_gmt":"2025-12-22T10:34:29","slug":"hidroksipropil-tetrahidropirantriol","status":"publish","type":"product","link":"https:\/\/naturalpoland.com\/tr\/urunler\/kozmetik-hammaddeleri\/peptitler\/hidroksipropil-tetrahidropirantriol\/","title":{"rendered":"Hidroksipropil tetrahidropirantriol"},"content":{"rendered":"<h2><strong>Etki mekanizmas\u0131:<\/strong><\/h2>\n<p>Hidroksipropil tetrahidropirantriol, h\u00fccre d\u0131\u015f\u0131 matris sentezini uyararak \u00e7al\u0131\u015f\u0131r. Epidermiste glikozaminoglikanlar\u0131n (GAG&#8217;lar) \u00fcretimini ind\u00fckler, dermis h\u00fccrelerinin tip IV ve VII kollajen \u00fcretimini h\u0131zland\u0131r\u0131r ve dermis ile epidermis aras\u0131ndaki ba\u011flant\u0131y\u0131 g\u00fc\u00e7lendirir. Bu bile\u015fen, epidermal adezyonu etkili bir \u015fekilde iyile\u015ftirerek cildin s\u0131k\u0131l\u0131\u011f\u0131n\u0131 ve esnekli\u011fini art\u0131r\u0131r.  <\/p>\n<h2><strong>Etkinlik deneyleri:<\/strong><\/h2>\n<p>Hunter Biotech firmas\u0131n\u0131n raporuna g\u00f6re, hidroksipropil tetrahidropirantriol kullan\u0131m\u0131n\u0131n, kontrol grubuna k\u0131yasla tip I kollajen \u00f6nc\u00fcs\u00fcn\u00fcn ekspresyonunu \u00f6nemli \u00f6l\u00e7\u00fcde art\u0131rd\u0131\u011f\u0131, bu da maddenin k\u0131r\u0131\u015f\u0131kl\u0131k kar\u015f\u0131t\u0131 etkinli\u011fini g\u00f6sterdi\u011fi tespit edilmi\u015ftir.<\/p>\n<h2><strong>Kullan\u0131m alanlar\u0131:<\/strong><\/h2>\n<p>Hidroksipropil tetrahidropirantriol, geni\u015f bir <strong>kozmetik ve bak\u0131m \u00fcr\u00fcnleri<\/strong> yelpazesinde kullan\u0131l\u0131r. \u00d6zellikle g\u00fcnd\u00fcz ve gece y\u00fcz kremleri, g\u00f6z serumu ve nemlendirici losyonlar gibi \u00fcr\u00fcnlerde kullan\u0131lmas\u0131 \u00f6nerilir. Ya\u015flanma kar\u015f\u0131t\u0131, nemlendirici ve s\u0131k\u0131la\u015ft\u0131r\u0131c\u0131 etkisi, cilt bak\u0131m\u0131nda etkili ve yenilik\u00e7i \u00e7\u00f6z\u00fcmler arayan premium kozmetik \u00fcreticilerinin tercih etti\u011fi bir bile\u015fen olmas\u0131n\u0131 sa\u011flar.  <\/p>\n<h2><strong>\u00d6nerilen konsantrasyon:<\/strong><\/h2>\n<p>Kozmetik \u00fcr\u00fcnlerde hidroksipropil tetrahidropirantriol\u00fcn \u00f6nerilen kullan\u0131m konsantrasyonu %0,1 ile %10 aras\u0131ndad\u0131r, bu da form\u00fcl\u00fcn bireysel ihtiya\u00e7lara ve \u00fcr\u00fcn hedeflerine g\u00f6re ayarlanmas\u0131na olanak tan\u0131r.<\/p>\n","protected":false},"excerpt":{"rendered":"<p>HYDROXYPROPYL TETRAHYDROPYRANTRIOL ticari ad\u0131yla da bilinen Hidroksipropil tetrahidropirantriol, biyolojik fermentasyon y\u00f6ntemiyle \u00fcretilen %98&#8217;in \u00fczerinde safl\u0131\u011fa sahip yenilik\u00e7i bir aktif bile\u015fendir. Benzersiz rejeneratif ve cilt gen\u00e7le\u015ftirici \u00f6zellikleri nedeniyle kozmetik end\u00fcstrisinde yayg\u0131n olarak kullan\u0131lan bir maddedir. <\/p>\n","protected":false},"featured_media":44286,"template":"","meta":{"_acf_changed":false},"product_brand":[],"product_cat":[9554],"product_tag":[],"class_list":{"0":"post-44285","1":"product","2":"type-product","3":"status-publish","4":"has-post-thumbnail","6":"product_cat-peptitler","7":"pa_metoda-pozyskiwania-biyolojik-fermantasyon","9":"first","10":"instock","11":"shipping-taxable","12":"product-type-simple"},"acf":[],"yoast_head":"<!-- This site is optimized with the Yoast SEO plugin v27.5 - https:\/\/yoast.com\/product\/yoast-seo-wordpress\/ -->\n<title>Hidroksipropil tetrahidropirantriol - Hurtowy Dystrybutor<\/title>\n<meta name=\"description\" content=\"Hidroksipropil tetrahidropirantriol, \u00e7e\u015fitli kozmetik \u00fcr\u00fcnlerde de\u011ferli bir katk\u0131 maddesi olan geli\u015fmi\u015f bir aktif bile\u015fendir.\" \/>\n<meta name=\"robots\" content=\"index, follow, max-snippet:-1, max-image-preview:large, max-video-preview:-1\" \/>\n<link rel=\"canonical\" href=\"https:\/\/naturalpoland.com\/tr\/urunler\/kozmetik-hammaddeleri\/peptitler\/hidroksipropil-tetrahidropirantriol\/\" \/>\n<meta property=\"og:locale\" content=\"tr_TR\" \/>\n<meta property=\"og:type\" content=\"article\" \/>\n<meta property=\"og:title\" content=\"Hidroksipropil tetrahidropirantriol - Hurtowy Dystrybutor\" \/>\n<meta property=\"og:description\" content=\"Hidroksipropil tetrahidropirantriol, \u00e7e\u015fitli kozmetik \u00fcr\u00fcnlerde de\u011ferli bir katk\u0131 maddesi olan geli\u015fmi\u015f bir aktif bile\u015fendir.\" \/>\n<meta property=\"og:url\" content=\"https:\/\/naturalpoland.com\/tr\/urunler\/kozmetik-hammaddeleri\/peptitler\/hidroksipropil-tetrahidropirantriol\/\" \/>\n<meta property=\"og:site_name\" content=\"NATURAL POLAND - Hurtowy Dystrybutor Surowc\u00f3w\" \/>\n<meta property=\"article:publisher\" content=\"https:\/\/www.facebook.com\/naturalpoland.b2b\" \/>\n<meta property=\"article:modified_time\" content=\"2025-12-22T10:34:29+00:00\" \/>\n<meta property=\"og:image\" content=\"https:\/\/naturalpoland.com\/wp-content\/uploads\/hydroxypropyl_tetrahydropyrantriol.webp\" \/>\n\t<meta property=\"og:image:width\" content=\"618\" \/>\n\t<meta property=\"og:image:height\" content=\"618\" \/>\n\t<meta property=\"og:image:type\" content=\"image\/webp\" \/>\n<script type=\"application\/ld+json\" class=\"yoast-schema-graph\">{\"@context\":\"https:\\\/\\\/schema.org\",\"@graph\":[{\"@type\":\"WebPage\",\"@id\":\"https:\\\/\\\/naturalpoland.com\\\/tr\\\/urunler\\\/kozmetik-hammaddeleri\\\/peptitler\\\/hidroksipropil-tetrahidropirantriol\\\/\",\"url\":\"https:\\\/\\\/naturalpoland.com\\\/tr\\\/urunler\\\/kozmetik-hammaddeleri\\\/peptitler\\\/hidroksipropil-tetrahidropirantriol\\\/\",\"name\":\"Hidroksipropil tetrahidropirantriol - Hurtowy Dystrybutor\",\"isPartOf\":{\"@id\":\"https:\\\/\\\/naturalpoland.com\\\/tr\\\/#website\"},\"primaryImageOfPage\":{\"@id\":\"https:\\\/\\\/naturalpoland.com\\\/tr\\\/urunler\\\/kozmetik-hammaddeleri\\\/peptitler\\\/hidroksipropil-tetrahidropirantriol\\\/#primaryimage\"},\"image\":{\"@id\":\"https:\\\/\\\/naturalpoland.com\\\/tr\\\/urunler\\\/kozmetik-hammaddeleri\\\/peptitler\\\/hidroksipropil-tetrahidropirantriol\\\/#primaryimage\"},\"thumbnailUrl\":\"https:\\\/\\\/naturalpoland.com\\\/wp-content\\\/uploads\\\/hydroxypropyl_tetrahydropyrantriol.webp\",\"datePublished\":\"2024-01-08T10:16:36+00:00\",\"dateModified\":\"2025-12-22T10:34:29+00:00\",\"description\":\"Hidroksipropil tetrahidropirantriol, \u00e7e\u015fitli kozmetik \u00fcr\u00fcnlerde de\u011ferli bir katk\u0131 maddesi olan geli\u015fmi\u015f bir aktif bile\u015fendir.\",\"breadcrumb\":{\"@id\":\"https:\\\/\\\/naturalpoland.com\\\/tr\\\/urunler\\\/kozmetik-hammaddeleri\\\/peptitler\\\/hidroksipropil-tetrahidropirantriol\\\/#breadcrumb\"},\"inLanguage\":\"tr\",\"potentialAction\":[{\"@type\":\"ReadAction\",\"target\":[\"https:\\\/\\\/naturalpoland.com\\\/tr\\\/urunler\\\/kozmetik-hammaddeleri\\\/peptitler\\\/hidroksipropil-tetrahidropirantriol\\\/\"]}]},{\"@type\":\"ImageObject\",\"inLanguage\":\"tr\",\"@id\":\"https:\\\/\\\/naturalpoland.com\\\/tr\\\/urunler\\\/kozmetik-hammaddeleri\\\/peptitler\\\/hidroksipropil-tetrahidropirantriol\\\/#primaryimage\",\"url\":\"https:\\\/\\\/naturalpoland.com\\\/wp-content\\\/uploads\\\/hydroxypropyl_tetrahydropyrantriol.webp\",\"contentUrl\":\"https:\\\/\\\/naturalpoland.com\\\/wp-content\\\/uploads\\\/hydroxypropyl_tetrahydropyrantriol.webp\",\"width\":618,\"height\":618,\"caption\":\"HYDROXYPROPYL_TETRAHYDROPYRANTRIOL\"},{\"@type\":\"BreadcrumbList\",\"@id\":\"https:\\\/\\\/naturalpoland.com\\\/tr\\\/urunler\\\/kozmetik-hammaddeleri\\\/peptitler\\\/hidroksipropil-tetrahidropirantriol\\\/#breadcrumb\",\"itemListElement\":[{\"@type\":\"ListItem\",\"position\":1,\"name\":\"Ana Sayfa\",\"item\":\"https:\\\/\\\/naturalpoland.com\\\/tr\\\/\"},{\"@type\":\"ListItem\",\"position\":2,\"name\":\"\u00dcr\u00fcnler\",\"item\":\"https:\\\/\\\/naturalpoland.com\\\/tr\\\/urunler\\\/\"},{\"@type\":\"ListItem\",\"position\":3,\"name\":\"Hidroksipropil tetrahidropirantriol\"}]},{\"@type\":\"WebSite\",\"@id\":\"https:\\\/\\\/naturalpoland.com\\\/tr\\\/#website\",\"url\":\"https:\\\/\\\/naturalpoland.com\\\/tr\\\/\",\"name\":\"NATURAL POLAND - Hurtowy Dystrybutor Surowc\u00f3w\",\"description\":\"Surowce dla przemys\u0142u spo\u017cywczego, kosmetycznego i farmaceutycznego\",\"publisher\":{\"@id\":\"https:\\\/\\\/naturalpoland.com\\\/tr\\\/#organization\"},\"potentialAction\":[{\"@type\":\"SearchAction\",\"target\":{\"@type\":\"EntryPoint\",\"urlTemplate\":\"https:\\\/\\\/naturalpoland.com\\\/tr\\\/?s={search_term_string}\"},\"query-input\":{\"@type\":\"PropertyValueSpecification\",\"valueRequired\":true,\"valueName\":\"search_term_string\"}}],\"inLanguage\":\"tr\"},{\"@type\":\"Organization\",\"@id\":\"https:\\\/\\\/naturalpoland.com\\\/tr\\\/#organization\",\"name\":\"Natural Poland\",\"url\":\"https:\\\/\\\/naturalpoland.com\\\/tr\\\/\",\"logo\":{\"@type\":\"ImageObject\",\"inLanguage\":\"tr\",\"@id\":\"https:\\\/\\\/naturalpoland.com\\\/tr\\\/#\\\/schema\\\/logo\\\/image\\\/\",\"url\":\"https:\\\/\\\/naturalpoland.com\\\/wp-content\\\/uploads\\\/2021\\\/05\\\/natural-poland-icon.png\",\"contentUrl\":\"https:\\\/\\\/naturalpoland.com\\\/wp-content\\\/uploads\\\/2021\\\/05\\\/natural-poland-icon.png\",\"width\":512,\"height\":512,\"caption\":\"Natural Poland\"},\"image\":{\"@id\":\"https:\\\/\\\/naturalpoland.com\\\/tr\\\/#\\\/schema\\\/logo\\\/image\\\/\"},\"sameAs\":[\"https:\\\/\\\/www.facebook.com\\\/naturalpoland.b2b\",\"https:\\\/\\\/pl.linkedin.com\\\/company\\\/natural-poland\",\"https:\\\/\\\/www.youtube.com\\\/channel\\\/UCgeGGkvOMahZo-xu_MSEWxg\"]}]}<\/script>\n<!-- \/ Yoast SEO plugin. -->","yoast_head_json":{"title":"Hidroksipropil tetrahidropirantriol - Hurtowy Dystrybutor","description":"Hidroksipropil tetrahidropirantriol, \u00e7e\u015fitli kozmetik \u00fcr\u00fcnlerde de\u011ferli bir katk\u0131 maddesi olan geli\u015fmi\u015f bir aktif bile\u015fendir.","robots":{"index":"index","follow":"follow","max-snippet":"max-snippet:-1","max-image-preview":"max-image-preview:large","max-video-preview":"max-video-preview:-1"},"canonical":"https:\/\/naturalpoland.com\/tr\/urunler\/kozmetik-hammaddeleri\/peptitler\/hidroksipropil-tetrahidropirantriol\/","og_locale":"tr_TR","og_type":"article","og_title":"Hidroksipropil tetrahidropirantriol - Hurtowy Dystrybutor","og_description":"Hidroksipropil tetrahidropirantriol, \u00e7e\u015fitli kozmetik \u00fcr\u00fcnlerde de\u011ferli bir katk\u0131 maddesi olan geli\u015fmi\u015f bir aktif bile\u015fendir.","og_url":"https:\/\/naturalpoland.com\/tr\/urunler\/kozmetik-hammaddeleri\/peptitler\/hidroksipropil-tetrahidropirantriol\/","og_site_name":"NATURAL POLAND - Hurtowy Dystrybutor Surowc\u00f3w","article_publisher":"https:\/\/www.facebook.com\/naturalpoland.b2b","article_modified_time":"2025-12-22T10:34:29+00:00","og_image":[{"width":618,"height":618,"url":"https:\/\/naturalpoland.com\/wp-content\/uploads\/hydroxypropyl_tetrahydropyrantriol.webp","type":"image\/webp"}],"schema":{"@context":"https:\/\/schema.org","@graph":[{"@type":"WebPage","@id":"https:\/\/naturalpoland.com\/tr\/urunler\/kozmetik-hammaddeleri\/peptitler\/hidroksipropil-tetrahidropirantriol\/","url":"https:\/\/naturalpoland.com\/tr\/urunler\/kozmetik-hammaddeleri\/peptitler\/hidroksipropil-tetrahidropirantriol\/","name":"Hidroksipropil tetrahidropirantriol - Hurtowy Dystrybutor","isPartOf":{"@id":"https:\/\/naturalpoland.com\/tr\/#website"},"primaryImageOfPage":{"@id":"https:\/\/naturalpoland.com\/tr\/urunler\/kozmetik-hammaddeleri\/peptitler\/hidroksipropil-tetrahidropirantriol\/#primaryimage"},"image":{"@id":"https:\/\/naturalpoland.com\/tr\/urunler\/kozmetik-hammaddeleri\/peptitler\/hidroksipropil-tetrahidropirantriol\/#primaryimage"},"thumbnailUrl":"https:\/\/naturalpoland.com\/wp-content\/uploads\/hydroxypropyl_tetrahydropyrantriol.webp","datePublished":"2024-01-08T10:16:36+00:00","dateModified":"2025-12-22T10:34:29+00:00","description":"Hidroksipropil tetrahidropirantriol, \u00e7e\u015fitli kozmetik \u00fcr\u00fcnlerde de\u011ferli bir katk\u0131 maddesi olan geli\u015fmi\u015f bir aktif bile\u015fendir.","breadcrumb":{"@id":"https:\/\/naturalpoland.com\/tr\/urunler\/kozmetik-hammaddeleri\/peptitler\/hidroksipropil-tetrahidropirantriol\/#breadcrumb"},"inLanguage":"tr","potentialAction":[{"@type":"ReadAction","target":["https:\/\/naturalpoland.com\/tr\/urunler\/kozmetik-hammaddeleri\/peptitler\/hidroksipropil-tetrahidropirantriol\/"]}]},{"@type":"ImageObject","inLanguage":"tr","@id":"https:\/\/naturalpoland.com\/tr\/urunler\/kozmetik-hammaddeleri\/peptitler\/hidroksipropil-tetrahidropirantriol\/#primaryimage","url":"https:\/\/naturalpoland.com\/wp-content\/uploads\/hydroxypropyl_tetrahydropyrantriol.webp","contentUrl":"https:\/\/naturalpoland.com\/wp-content\/uploads\/hydroxypropyl_tetrahydropyrantriol.webp","width":618,"height":618,"caption":"HYDROXYPROPYL_TETRAHYDROPYRANTRIOL"},{"@type":"BreadcrumbList","@id":"https:\/\/naturalpoland.com\/tr\/urunler\/kozmetik-hammaddeleri\/peptitler\/hidroksipropil-tetrahidropirantriol\/#breadcrumb","itemListElement":[{"@type":"ListItem","position":1,"name":"Ana Sayfa","item":"https:\/\/naturalpoland.com\/tr\/"},{"@type":"ListItem","position":2,"name":"\u00dcr\u00fcnler","item":"https:\/\/naturalpoland.com\/tr\/urunler\/"},{"@type":"ListItem","position":3,"name":"Hidroksipropil tetrahidropirantriol"}]},{"@type":"WebSite","@id":"https:\/\/naturalpoland.com\/tr\/#website","url":"https:\/\/naturalpoland.com\/tr\/","name":"NATURAL POLAND - Hurtowy Dystrybutor Surowc\u00f3w","description":"Surowce dla przemys\u0142u spo\u017cywczego, kosmetycznego i farmaceutycznego","publisher":{"@id":"https:\/\/naturalpoland.com\/tr\/#organization"},"potentialAction":[{"@type":"SearchAction","target":{"@type":"EntryPoint","urlTemplate":"https:\/\/naturalpoland.com\/tr\/?s={search_term_string}"},"query-input":{"@type":"PropertyValueSpecification","valueRequired":true,"valueName":"search_term_string"}}],"inLanguage":"tr"},{"@type":"Organization","@id":"https:\/\/naturalpoland.com\/tr\/#organization","name":"Natural Poland","url":"https:\/\/naturalpoland.com\/tr\/","logo":{"@type":"ImageObject","inLanguage":"tr","@id":"https:\/\/naturalpoland.com\/tr\/#\/schema\/logo\/image\/","url":"https:\/\/naturalpoland.com\/wp-content\/uploads\/2021\/05\/natural-poland-icon.png","contentUrl":"https:\/\/naturalpoland.com\/wp-content\/uploads\/2021\/05\/natural-poland-icon.png","width":512,"height":512,"caption":"Natural Poland"},"image":{"@id":"https:\/\/naturalpoland.com\/tr\/#\/schema\/logo\/image\/"},"sameAs":["https:\/\/www.facebook.com\/naturalpoland.b2b","https:\/\/pl.linkedin.com\/company\/natural-poland","https:\/\/www.youtube.com\/channel\/UCgeGGkvOMahZo-xu_MSEWxg"]}]}},"_links":{"self":[{"href":"https:\/\/naturalpoland.com\/tr\/wp-json\/wp\/v2\/product\/44285","targetHints":{"allow":["GET"]}}],"collection":[{"href":"https:\/\/naturalpoland.com\/tr\/wp-json\/wp\/v2\/product"}],"about":[{"href":"https:\/\/naturalpoland.com\/tr\/wp-json\/wp\/v2\/types\/product"}],"wp:featuredmedia":[{"embeddable":true,"href":"https:\/\/naturalpoland.com\/tr\/wp-json\/wp\/v2\/media\/44286"}],"wp:attachment":[{"href":"https:\/\/naturalpoland.com\/tr\/wp-json\/wp\/v2\/media?parent=44285"}],"wp:term":[{"taxonomy":"product_brand","embeddable":true,"href":"https:\/\/naturalpoland.com\/tr\/wp-json\/wp\/v2\/product_brand?post=44285"},{"taxonomy":"product_cat","embeddable":true,"href":"https:\/\/naturalpoland.com\/tr\/wp-json\/wp\/v2\/product_cat?post=44285"},{"taxonomy":"product_tag","embeddable":true,"href":"https:\/\/naturalpoland.com\/tr\/wp-json\/wp\/v2\/product_tag?post=44285"}],"curies":[{"name":"wp","href":"https:\/\/api.w.org\/{rel}","templated":true}]}}