{"id":44287,"date":"2024-01-16T15:47:23","date_gmt":"2024-01-16T14:47:23","guid":{"rendered":"https:\/\/naturalpoland.com\/produkty\/kategorilenmemis\/palmitoil-tripeptid-8\/"},"modified":"2025-12-22T11:34:35","modified_gmt":"2025-12-22T10:34:35","slug":"palmitoil-tripeptid-8","status":"publish","type":"product","link":"https:\/\/naturalpoland.com\/tr\/urunler\/kozmetik-hammaddeleri\/peptitler\/palmitoil-tripeptid-8\/","title":{"rendered":"Palmitoil Tripeptid-8"},"content":{"rendered":"<p>Palmitoil Tripeptid-8&#8217;in etki mekanizmas\u0131, IL-8 (interl\u00f6kin) ve TNF-\u03b1 (t\u00fcm\u00f6r nekroz fakt\u00f6r\u00fc) enflamatuar h\u00fccrelerinin olu\u015fumunu engelleyerek <strong>cilt kurulu\u011funu hafifletmeye, k\u0131zar\u0131kl\u0131\u011f\u0131 azaltmaya ve enflamatuar reaksiyon etkilerini azaltmaya<\/strong> katk\u0131da bulunur. Bu bile\u015fen sayesinde kozmetik \u00fcr\u00fcnler, cildin erken ya\u015flanma belirtileri ve cilt alerjileriyle m\u00fccadelede etkili bir \u00e7\u00f6z\u00fcm haline gelir. <\/p>\n<p>Palmitoil Tripeptid-8&#8217;in kullan\u0131m\u0131, jeller, losyonlar, AM\/PM kremleri, g\u00f6z alt\u0131 serumlar\u0131 ve y\u00fcz maskeleri gibi geni\u015f bir cilt bak\u0131m \u00fcr\u00fcn\u00fc yelpazesinde \u00f6nerilir. Bu \u00fcr\u00fcn, cilt tahri\u015flerinde rahatlama sa\u011flar, <strong>anti-enflamatuar, anti-alerjik etki g\u00f6sterir ve d\u0131\u015f uyaranlar\u0131n etkilerini hafifletir<\/strong>. <\/p>\n<p>Kozmetik \u00fcr\u00fcnlerde \u00f6nerilen katk\u0131 konsantrasyonu %0,0005 ile %0,01 aras\u0131ndad\u0131r. Palmitoil Tripeptid-8 \u00f6zellikle hassas, tahri\u015fe e\u011filimli ciltler i\u00e7in tasarlanm\u0131\u015f \u00fcr\u00fcnlerde ve cildin ya\u015flanma etkilerini hafifletmeyi ama\u00e7layan \u00fcr\u00fcnlerde \u00f6nerilir. <\/p>\n","protected":false},"excerpt":{"rendered":"<p>Palmitoil Tripeptid-8, kimyasallar, UV radyasyonu ve di\u011fer uyaranlar taraf\u0131ndan ind\u00fcklenen n\u00f6rodermatiti \u00f6nleyen yenilik\u00e7i bir kozmetik bile\u015fendir. \u2265%98 safl\u0131\u011f\u0131 ve biyolojik fermantasyona dayal\u0131 \u00fcretim y\u00f6ntemi sayesinde, bu peptit g\u00fc\u00e7l\u00fc anti-enflamatuar etki g\u00f6sterir. <\/p>\n","protected":false},"featured_media":44288,"template":"","meta":{"_acf_changed":false},"product_brand":[],"product_cat":[9554],"product_tag":[],"class_list":{"0":"post-44287","1":"product","2":"type-product","3":"status-publish","4":"has-post-thumbnail","6":"product_cat-peptitler","7":"pa_metoda-pozyskiwania-biyolojik-fermantasyon","9":"first","10":"instock","11":"shipping-taxable","12":"product-type-simple"},"acf":[],"yoast_head":"<!-- This site is optimized with the Yoast SEO plugin v27.5 - https:\/\/yoast.com\/product\/yoast-seo-wordpress\/ -->\n<title>Palmitoil Tripeptid-8 - Hurtowy Dystrybutor<\/title>\n<meta name=\"description\" content=\"Palmitoil Tripeptid-8, kimyasallar taraf\u0131ndan ind\u00fcklenen n\u00f6rodermatiti \u00f6nleyen yenilik\u00e7i bir kozmetik bile\u015fendir,\" \/>\n<meta name=\"robots\" content=\"index, follow, max-snippet:-1, max-image-preview:large, max-video-preview:-1\" \/>\n<link rel=\"canonical\" href=\"https:\/\/naturalpoland.com\/tr\/urunler\/kozmetik-hammaddeleri\/peptitler\/palmitoil-tripeptid-8\/\" \/>\n<meta property=\"og:locale\" content=\"tr_TR\" \/>\n<meta property=\"og:type\" content=\"article\" \/>\n<meta property=\"og:title\" content=\"Palmitoil Tripeptid-8 - Hurtowy Dystrybutor\" \/>\n<meta property=\"og:description\" content=\"Palmitoil Tripeptid-8, kimyasallar taraf\u0131ndan ind\u00fcklenen n\u00f6rodermatiti \u00f6nleyen yenilik\u00e7i bir kozmetik bile\u015fendir,\" \/>\n<meta property=\"og:url\" content=\"https:\/\/naturalpoland.com\/tr\/urunler\/kozmetik-hammaddeleri\/peptitler\/palmitoil-tripeptid-8\/\" \/>\n<meta property=\"og:site_name\" content=\"NATURAL POLAND - Hurtowy Dystrybutor Surowc\u00f3w\" \/>\n<meta property=\"article:publisher\" content=\"https:\/\/www.facebook.com\/naturalpoland.b2b\" \/>\n<meta property=\"article:modified_time\" content=\"2025-12-22T10:34:35+00:00\" \/>\n<meta property=\"og:image\" content=\"https:\/\/naturalpoland.com\/wp-content\/uploads\/palmitic_tripeptide-8.webp\" \/>\n\t<meta property=\"og:image:width\" content=\"618\" \/>\n\t<meta property=\"og:image:height\" content=\"618\" \/>\n\t<meta property=\"og:image:type\" content=\"image\/webp\" \/>\n<script type=\"application\/ld+json\" class=\"yoast-schema-graph\">{\"@context\":\"https:\\\/\\\/schema.org\",\"@graph\":[{\"@type\":\"WebPage\",\"@id\":\"https:\\\/\\\/naturalpoland.com\\\/tr\\\/urunler\\\/kozmetik-hammaddeleri\\\/peptitler\\\/palmitoil-tripeptid-8\\\/\",\"url\":\"https:\\\/\\\/naturalpoland.com\\\/tr\\\/urunler\\\/kozmetik-hammaddeleri\\\/peptitler\\\/palmitoil-tripeptid-8\\\/\",\"name\":\"Palmitoil Tripeptid-8 - Hurtowy Dystrybutor\",\"isPartOf\":{\"@id\":\"https:\\\/\\\/naturalpoland.com\\\/tr\\\/#website\"},\"primaryImageOfPage\":{\"@id\":\"https:\\\/\\\/naturalpoland.com\\\/tr\\\/urunler\\\/kozmetik-hammaddeleri\\\/peptitler\\\/palmitoil-tripeptid-8\\\/#primaryimage\"},\"image\":{\"@id\":\"https:\\\/\\\/naturalpoland.com\\\/tr\\\/urunler\\\/kozmetik-hammaddeleri\\\/peptitler\\\/palmitoil-tripeptid-8\\\/#primaryimage\"},\"thumbnailUrl\":\"https:\\\/\\\/naturalpoland.com\\\/wp-content\\\/uploads\\\/palmitic_tripeptide-8.webp\",\"datePublished\":\"2024-01-16T14:47:23+00:00\",\"dateModified\":\"2025-12-22T10:34:35+00:00\",\"description\":\"Palmitoil Tripeptid-8, kimyasallar taraf\u0131ndan ind\u00fcklenen n\u00f6rodermatiti \u00f6nleyen yenilik\u00e7i bir kozmetik bile\u015fendir,\",\"breadcrumb\":{\"@id\":\"https:\\\/\\\/naturalpoland.com\\\/tr\\\/urunler\\\/kozmetik-hammaddeleri\\\/peptitler\\\/palmitoil-tripeptid-8\\\/#breadcrumb\"},\"inLanguage\":\"tr\",\"potentialAction\":[{\"@type\":\"ReadAction\",\"target\":[\"https:\\\/\\\/naturalpoland.com\\\/tr\\\/urunler\\\/kozmetik-hammaddeleri\\\/peptitler\\\/palmitoil-tripeptid-8\\\/\"]}]},{\"@type\":\"ImageObject\",\"inLanguage\":\"tr\",\"@id\":\"https:\\\/\\\/naturalpoland.com\\\/tr\\\/urunler\\\/kozmetik-hammaddeleri\\\/peptitler\\\/palmitoil-tripeptid-8\\\/#primaryimage\",\"url\":\"https:\\\/\\\/naturalpoland.com\\\/wp-content\\\/uploads\\\/palmitic_tripeptide-8.webp\",\"contentUrl\":\"https:\\\/\\\/naturalpoland.com\\\/wp-content\\\/uploads\\\/palmitic_tripeptide-8.webp\",\"width\":618,\"height\":618,\"caption\":\"Palmitoil Tripeptid-8\"},{\"@type\":\"BreadcrumbList\",\"@id\":\"https:\\\/\\\/naturalpoland.com\\\/tr\\\/urunler\\\/kozmetik-hammaddeleri\\\/peptitler\\\/palmitoil-tripeptid-8\\\/#breadcrumb\",\"itemListElement\":[{\"@type\":\"ListItem\",\"position\":1,\"name\":\"Ana Sayfa\",\"item\":\"https:\\\/\\\/naturalpoland.com\\\/tr\\\/\"},{\"@type\":\"ListItem\",\"position\":2,\"name\":\"\u00dcr\u00fcnler\",\"item\":\"https:\\\/\\\/naturalpoland.com\\\/tr\\\/urunler\\\/\"},{\"@type\":\"ListItem\",\"position\":3,\"name\":\"Palmitoil Tripeptid-8\"}]},{\"@type\":\"WebSite\",\"@id\":\"https:\\\/\\\/naturalpoland.com\\\/tr\\\/#website\",\"url\":\"https:\\\/\\\/naturalpoland.com\\\/tr\\\/\",\"name\":\"NATURAL POLAND - Hurtowy Dystrybutor Surowc\u00f3w\",\"description\":\"Surowce dla przemys\u0142u spo\u017cywczego, kosmetycznego i farmaceutycznego\",\"publisher\":{\"@id\":\"https:\\\/\\\/naturalpoland.com\\\/tr\\\/#organization\"},\"potentialAction\":[{\"@type\":\"SearchAction\",\"target\":{\"@type\":\"EntryPoint\",\"urlTemplate\":\"https:\\\/\\\/naturalpoland.com\\\/tr\\\/?s={search_term_string}\"},\"query-input\":{\"@type\":\"PropertyValueSpecification\",\"valueRequired\":true,\"valueName\":\"search_term_string\"}}],\"inLanguage\":\"tr\"},{\"@type\":\"Organization\",\"@id\":\"https:\\\/\\\/naturalpoland.com\\\/tr\\\/#organization\",\"name\":\"Natural Poland\",\"url\":\"https:\\\/\\\/naturalpoland.com\\\/tr\\\/\",\"logo\":{\"@type\":\"ImageObject\",\"inLanguage\":\"tr\",\"@id\":\"https:\\\/\\\/naturalpoland.com\\\/tr\\\/#\\\/schema\\\/logo\\\/image\\\/\",\"url\":\"https:\\\/\\\/naturalpoland.com\\\/wp-content\\\/uploads\\\/2021\\\/05\\\/natural-poland-icon.png\",\"contentUrl\":\"https:\\\/\\\/naturalpoland.com\\\/wp-content\\\/uploads\\\/2021\\\/05\\\/natural-poland-icon.png\",\"width\":512,\"height\":512,\"caption\":\"Natural Poland\"},\"image\":{\"@id\":\"https:\\\/\\\/naturalpoland.com\\\/tr\\\/#\\\/schema\\\/logo\\\/image\\\/\"},\"sameAs\":[\"https:\\\/\\\/www.facebook.com\\\/naturalpoland.b2b\",\"https:\\\/\\\/pl.linkedin.com\\\/company\\\/natural-poland\",\"https:\\\/\\\/www.youtube.com\\\/channel\\\/UCgeGGkvOMahZo-xu_MSEWxg\"]}]}<\/script>\n<!-- \/ Yoast SEO plugin. -->","yoast_head_json":{"title":"Palmitoil Tripeptid-8 - Hurtowy Dystrybutor","description":"Palmitoil Tripeptid-8, kimyasallar taraf\u0131ndan ind\u00fcklenen n\u00f6rodermatiti \u00f6nleyen yenilik\u00e7i bir kozmetik bile\u015fendir,","robots":{"index":"index","follow":"follow","max-snippet":"max-snippet:-1","max-image-preview":"max-image-preview:large","max-video-preview":"max-video-preview:-1"},"canonical":"https:\/\/naturalpoland.com\/tr\/urunler\/kozmetik-hammaddeleri\/peptitler\/palmitoil-tripeptid-8\/","og_locale":"tr_TR","og_type":"article","og_title":"Palmitoil Tripeptid-8 - Hurtowy Dystrybutor","og_description":"Palmitoil Tripeptid-8, kimyasallar taraf\u0131ndan ind\u00fcklenen n\u00f6rodermatiti \u00f6nleyen yenilik\u00e7i bir kozmetik bile\u015fendir,","og_url":"https:\/\/naturalpoland.com\/tr\/urunler\/kozmetik-hammaddeleri\/peptitler\/palmitoil-tripeptid-8\/","og_site_name":"NATURAL POLAND - Hurtowy Dystrybutor Surowc\u00f3w","article_publisher":"https:\/\/www.facebook.com\/naturalpoland.b2b","article_modified_time":"2025-12-22T10:34:35+00:00","og_image":[{"width":618,"height":618,"url":"https:\/\/naturalpoland.com\/wp-content\/uploads\/palmitic_tripeptide-8.webp","type":"image\/webp"}],"schema":{"@context":"https:\/\/schema.org","@graph":[{"@type":"WebPage","@id":"https:\/\/naturalpoland.com\/tr\/urunler\/kozmetik-hammaddeleri\/peptitler\/palmitoil-tripeptid-8\/","url":"https:\/\/naturalpoland.com\/tr\/urunler\/kozmetik-hammaddeleri\/peptitler\/palmitoil-tripeptid-8\/","name":"Palmitoil Tripeptid-8 - Hurtowy Dystrybutor","isPartOf":{"@id":"https:\/\/naturalpoland.com\/tr\/#website"},"primaryImageOfPage":{"@id":"https:\/\/naturalpoland.com\/tr\/urunler\/kozmetik-hammaddeleri\/peptitler\/palmitoil-tripeptid-8\/#primaryimage"},"image":{"@id":"https:\/\/naturalpoland.com\/tr\/urunler\/kozmetik-hammaddeleri\/peptitler\/palmitoil-tripeptid-8\/#primaryimage"},"thumbnailUrl":"https:\/\/naturalpoland.com\/wp-content\/uploads\/palmitic_tripeptide-8.webp","datePublished":"2024-01-16T14:47:23+00:00","dateModified":"2025-12-22T10:34:35+00:00","description":"Palmitoil Tripeptid-8, kimyasallar taraf\u0131ndan ind\u00fcklenen n\u00f6rodermatiti \u00f6nleyen yenilik\u00e7i bir kozmetik bile\u015fendir,","breadcrumb":{"@id":"https:\/\/naturalpoland.com\/tr\/urunler\/kozmetik-hammaddeleri\/peptitler\/palmitoil-tripeptid-8\/#breadcrumb"},"inLanguage":"tr","potentialAction":[{"@type":"ReadAction","target":["https:\/\/naturalpoland.com\/tr\/urunler\/kozmetik-hammaddeleri\/peptitler\/palmitoil-tripeptid-8\/"]}]},{"@type":"ImageObject","inLanguage":"tr","@id":"https:\/\/naturalpoland.com\/tr\/urunler\/kozmetik-hammaddeleri\/peptitler\/palmitoil-tripeptid-8\/#primaryimage","url":"https:\/\/naturalpoland.com\/wp-content\/uploads\/palmitic_tripeptide-8.webp","contentUrl":"https:\/\/naturalpoland.com\/wp-content\/uploads\/palmitic_tripeptide-8.webp","width":618,"height":618,"caption":"Palmitoil Tripeptid-8"},{"@type":"BreadcrumbList","@id":"https:\/\/naturalpoland.com\/tr\/urunler\/kozmetik-hammaddeleri\/peptitler\/palmitoil-tripeptid-8\/#breadcrumb","itemListElement":[{"@type":"ListItem","position":1,"name":"Ana Sayfa","item":"https:\/\/naturalpoland.com\/tr\/"},{"@type":"ListItem","position":2,"name":"\u00dcr\u00fcnler","item":"https:\/\/naturalpoland.com\/tr\/urunler\/"},{"@type":"ListItem","position":3,"name":"Palmitoil Tripeptid-8"}]},{"@type":"WebSite","@id":"https:\/\/naturalpoland.com\/tr\/#website","url":"https:\/\/naturalpoland.com\/tr\/","name":"NATURAL POLAND - Hurtowy Dystrybutor Surowc\u00f3w","description":"Surowce dla przemys\u0142u spo\u017cywczego, kosmetycznego i farmaceutycznego","publisher":{"@id":"https:\/\/naturalpoland.com\/tr\/#organization"},"potentialAction":[{"@type":"SearchAction","target":{"@type":"EntryPoint","urlTemplate":"https:\/\/naturalpoland.com\/tr\/?s={search_term_string}"},"query-input":{"@type":"PropertyValueSpecification","valueRequired":true,"valueName":"search_term_string"}}],"inLanguage":"tr"},{"@type":"Organization","@id":"https:\/\/naturalpoland.com\/tr\/#organization","name":"Natural Poland","url":"https:\/\/naturalpoland.com\/tr\/","logo":{"@type":"ImageObject","inLanguage":"tr","@id":"https:\/\/naturalpoland.com\/tr\/#\/schema\/logo\/image\/","url":"https:\/\/naturalpoland.com\/wp-content\/uploads\/2021\/05\/natural-poland-icon.png","contentUrl":"https:\/\/naturalpoland.com\/wp-content\/uploads\/2021\/05\/natural-poland-icon.png","width":512,"height":512,"caption":"Natural Poland"},"image":{"@id":"https:\/\/naturalpoland.com\/tr\/#\/schema\/logo\/image\/"},"sameAs":["https:\/\/www.facebook.com\/naturalpoland.b2b","https:\/\/pl.linkedin.com\/company\/natural-poland","https:\/\/www.youtube.com\/channel\/UCgeGGkvOMahZo-xu_MSEWxg"]}]}},"_links":{"self":[{"href":"https:\/\/naturalpoland.com\/tr\/wp-json\/wp\/v2\/product\/44287","targetHints":{"allow":["GET"]}}],"collection":[{"href":"https:\/\/naturalpoland.com\/tr\/wp-json\/wp\/v2\/product"}],"about":[{"href":"https:\/\/naturalpoland.com\/tr\/wp-json\/wp\/v2\/types\/product"}],"wp:featuredmedia":[{"embeddable":true,"href":"https:\/\/naturalpoland.com\/tr\/wp-json\/wp\/v2\/media\/44288"}],"wp:attachment":[{"href":"https:\/\/naturalpoland.com\/tr\/wp-json\/wp\/v2\/media?parent=44287"}],"wp:term":[{"taxonomy":"product_brand","embeddable":true,"href":"https:\/\/naturalpoland.com\/tr\/wp-json\/wp\/v2\/product_brand?post=44287"},{"taxonomy":"product_cat","embeddable":true,"href":"https:\/\/naturalpoland.com\/tr\/wp-json\/wp\/v2\/product_cat?post=44287"},{"taxonomy":"product_tag","embeddable":true,"href":"https:\/\/naturalpoland.com\/tr\/wp-json\/wp\/v2\/product_tag?post=44287"}],"curies":[{"name":"wp","href":"https:\/\/api.w.org\/{rel}","templated":true}]}}