{"id":44289,"date":"2023-03-20T16:01:12","date_gmt":"2023-03-20T15:01:12","guid":{"rendered":"https:\/\/naturalpoland.com\/produkty\/kategorilenmemis\/asetil-heksapeptid-8\/"},"modified":"2025-12-22T11:34:53","modified_gmt":"2025-12-22T10:34:53","slug":"asetil-heksapeptid-8","status":"publish","type":"product","link":"https:\/\/naturalpoland.com\/tr\/urunler\/kozmetik-hammaddeleri\/peptitler\/asetil-heksapeptid-8\/","title":{"rendered":"Asetil heksapeptid-8"},"content":{"rendered":"<p>Asetil Heksapeptid-8, botoks gibi, <strong>bir<\/strong> <strong>n\u00f6rotransmitter inhibit\u00f6r\u00fcd\u00fcr<\/strong> &#8211; asetilkolin \u00fcretimini azaltarak y\u00fcz kaslar\u0131n\u0131n kas\u0131lmas\u0131n\u0131 ve felcini engeller. Sonu\u00e7 olarak, ciltteki mevcut k\u0131r\u0131\u015f\u0131kl\u0131klar\u0131n derinle\u015fmesini ve yenilerinin olu\u015fmas\u0131n\u0131 \u00f6nler. Botoksun aksine, etkisi <strong>invaziv de\u011fildir<\/strong> &#8211; Asetil Heksapeptid-8 cilde n\u00fcfuz edebilme \u00f6zelli\u011fine sahiptir ve enjeksiyon yerine <strong>dermokozmetik formunda kullan\u0131labilir<\/strong> (genellikle %10 konsantrasyonlu kremler).  <\/p>\n<p>Asetil Heksapeptid-8&#8217;in kullan\u0131m\u0131n\u0131 destekleyen di\u011fer fakt\u00f6rler <strong>g\u00fcvenli<\/strong> ve <strong>toksik olmamas\u0131d\u0131r<\/strong>. Bu nedenle, ciltteki k\u0131r\u0131\u015f\u0131kl\u0131klarla m\u00fccadele i\u00e7in invaziv olmayan, g\u00fcvenli ve a\u011fr\u0131s\u0131z bir y\u00f6ntem arayan ki\u015filer i\u00e7in m\u00fckemmel bir alternatiftir. Ne yaz\u0131k ki, elde edilen sonu\u00e7lar uzun \u00f6m\u00fcrl\u00fc de\u011fildir ve Asetil Heksapeptid-8 i\u00e7eren kozmetikler her g\u00fcn veya birka\u00e7 g\u00fcnde bir kullan\u0131lmal\u0131d\u0131r.  <\/p>\n","protected":false},"excerpt":{"rendered":"<p><strong>Asetil Heksapeptid-8<\/strong>, alt\u0131 amino asitten olu\u015fan ve bazen &#8220;yumu\u015fak botoks&#8221; veya &#8220;enjeksiyonsuz botoks&#8221; olarak adland\u0131r\u0131lan sentetik bir peptittir. Bu isimler, pop\u00fcler botoks olan botulinum toksinine benzer etki mekanizmas\u0131na sahip, kozmetik \u00fcr\u00fcnler aras\u0131nda benzersiz <strong>ya\u015flanma kar\u015f\u0131t\u0131 etkisinden<\/strong> kaynaklanmaktad\u0131r. <\/p>\n","protected":false},"featured_media":44290,"template":"","meta":{"_acf_changed":false},"product_brand":[],"product_cat":[9554],"product_tag":[],"class_list":{"0":"post-44289","1":"product","2":"type-product","3":"status-publish","4":"has-post-thumbnail","6":"product_cat-peptitler","8":"first","9":"instock","10":"shipping-taxable","11":"product-type-simple"},"acf":[],"yoast_head":"<!-- This site is optimized with the Yoast SEO plugin v27.5 - https:\/\/yoast.com\/product\/yoast-seo-wordpress\/ -->\n<title>Asetil heksapeptid-8 - Toptan Hammadde Distrib\u00fct\u00f6r\u00fc - NATURAL POLAND - Hurtowy Dystrybutor Surowc\u00f3w<\/title>\n<meta name=\"description\" content=\"Asetil Heksapeptid-8, alt\u0131 amino asitten olu\u015fan ve bazen &quot;yumu\u015fak botoks&quot; olarak adland\u0131r\u0131lan, ya\u015flanma kar\u015f\u0131t\u0131 etkiye sahip sentetik bir peptittir.\" \/>\n<meta name=\"robots\" content=\"index, follow, max-snippet:-1, max-image-preview:large, max-video-preview:-1\" \/>\n<link rel=\"canonical\" href=\"https:\/\/naturalpoland.com\/tr\/urunler\/kozmetik-hammaddeleri\/peptitler\/asetil-heksapeptid-8\/\" \/>\n<meta property=\"og:locale\" content=\"tr_TR\" \/>\n<meta property=\"og:type\" content=\"article\" \/>\n<meta property=\"og:title\" content=\"Asetil heksapeptid-8 - Toptan Hammadde Distrib\u00fct\u00f6r\u00fc - NATURAL POLAND - Hurtowy Dystrybutor Surowc\u00f3w\" \/>\n<meta property=\"og:description\" content=\"Asetil Heksapeptid-8, alt\u0131 amino asitten olu\u015fan ve bazen &quot;yumu\u015fak botoks&quot; olarak adland\u0131r\u0131lan, ya\u015flanma kar\u015f\u0131t\u0131 etkiye sahip sentetik bir peptittir.\" \/>\n<meta property=\"og:url\" content=\"https:\/\/naturalpoland.com\/tr\/urunler\/kozmetik-hammaddeleri\/peptitler\/asetil-heksapeptid-8\/\" \/>\n<meta property=\"og:site_name\" content=\"NATURAL POLAND - Hurtowy Dystrybutor Surowc\u00f3w\" \/>\n<meta property=\"article:publisher\" content=\"https:\/\/www.facebook.com\/naturalpoland.b2b\" \/>\n<meta property=\"article:modified_time\" content=\"2025-12-22T10:34:53+00:00\" \/>\n<meta property=\"og:image\" content=\"https:\/\/naturalpoland.com\/wp-content\/uploads\/Argirelina.jpg\" \/>\n\t<meta property=\"og:image:width\" content=\"600\" \/>\n\t<meta property=\"og:image:height\" content=\"600\" \/>\n\t<meta property=\"og:image:type\" content=\"image\/jpeg\" \/>\n<script type=\"application\/ld+json\" class=\"yoast-schema-graph\">{\"@context\":\"https:\\\/\\\/schema.org\",\"@graph\":[{\"@type\":\"WebPage\",\"@id\":\"https:\\\/\\\/naturalpoland.com\\\/tr\\\/urunler\\\/kozmetik-hammaddeleri\\\/peptitler\\\/asetil-heksapeptid-8\\\/\",\"url\":\"https:\\\/\\\/naturalpoland.com\\\/tr\\\/urunler\\\/kozmetik-hammaddeleri\\\/peptitler\\\/asetil-heksapeptid-8\\\/\",\"name\":\"Asetil heksapeptid-8 - Toptan Hammadde Distrib\u00fct\u00f6r\u00fc - NATURAL POLAND - Hurtowy Dystrybutor Surowc\u00f3w\",\"isPartOf\":{\"@id\":\"https:\\\/\\\/naturalpoland.com\\\/tr\\\/#website\"},\"primaryImageOfPage\":{\"@id\":\"https:\\\/\\\/naturalpoland.com\\\/tr\\\/urunler\\\/kozmetik-hammaddeleri\\\/peptitler\\\/asetil-heksapeptid-8\\\/#primaryimage\"},\"image\":{\"@id\":\"https:\\\/\\\/naturalpoland.com\\\/tr\\\/urunler\\\/kozmetik-hammaddeleri\\\/peptitler\\\/asetil-heksapeptid-8\\\/#primaryimage\"},\"thumbnailUrl\":\"https:\\\/\\\/naturalpoland.com\\\/wp-content\\\/uploads\\\/Argirelina.jpg\",\"datePublished\":\"2023-03-20T15:01:12+00:00\",\"dateModified\":\"2025-12-22T10:34:53+00:00\",\"description\":\"Asetil Heksapeptid-8, alt\u0131 amino asitten olu\u015fan ve bazen \\\"yumu\u015fak botoks\\\" olarak adland\u0131r\u0131lan, ya\u015flanma kar\u015f\u0131t\u0131 etkiye sahip sentetik bir peptittir.\",\"breadcrumb\":{\"@id\":\"https:\\\/\\\/naturalpoland.com\\\/tr\\\/urunler\\\/kozmetik-hammaddeleri\\\/peptitler\\\/asetil-heksapeptid-8\\\/#breadcrumb\"},\"inLanguage\":\"tr\",\"potentialAction\":[{\"@type\":\"ReadAction\",\"target\":[\"https:\\\/\\\/naturalpoland.com\\\/tr\\\/urunler\\\/kozmetik-hammaddeleri\\\/peptitler\\\/asetil-heksapeptid-8\\\/\"]}]},{\"@type\":\"ImageObject\",\"inLanguage\":\"tr\",\"@id\":\"https:\\\/\\\/naturalpoland.com\\\/tr\\\/urunler\\\/kozmetik-hammaddeleri\\\/peptitler\\\/asetil-heksapeptid-8\\\/#primaryimage\",\"url\":\"https:\\\/\\\/naturalpoland.com\\\/wp-content\\\/uploads\\\/Argirelina.jpg\",\"contentUrl\":\"https:\\\/\\\/naturalpoland.com\\\/wp-content\\\/uploads\\\/Argirelina.jpg\",\"width\":600,\"height\":600,\"caption\":\"Argirelin\"},{\"@type\":\"BreadcrumbList\",\"@id\":\"https:\\\/\\\/naturalpoland.com\\\/tr\\\/urunler\\\/kozmetik-hammaddeleri\\\/peptitler\\\/asetil-heksapeptid-8\\\/#breadcrumb\",\"itemListElement\":[{\"@type\":\"ListItem\",\"position\":1,\"name\":\"Ana Sayfa\",\"item\":\"https:\\\/\\\/naturalpoland.com\\\/tr\\\/\"},{\"@type\":\"ListItem\",\"position\":2,\"name\":\"\u00dcr\u00fcnler\",\"item\":\"https:\\\/\\\/naturalpoland.com\\\/tr\\\/urunler\\\/\"},{\"@type\":\"ListItem\",\"position\":3,\"name\":\"Asetil heksapeptid-8\"}]},{\"@type\":\"WebSite\",\"@id\":\"https:\\\/\\\/naturalpoland.com\\\/tr\\\/#website\",\"url\":\"https:\\\/\\\/naturalpoland.com\\\/tr\\\/\",\"name\":\"NATURAL POLAND - Hurtowy Dystrybutor Surowc\u00f3w\",\"description\":\"Surowce dla przemys\u0142u spo\u017cywczego, kosmetycznego i farmaceutycznego\",\"publisher\":{\"@id\":\"https:\\\/\\\/naturalpoland.com\\\/tr\\\/#organization\"},\"potentialAction\":[{\"@type\":\"SearchAction\",\"target\":{\"@type\":\"EntryPoint\",\"urlTemplate\":\"https:\\\/\\\/naturalpoland.com\\\/tr\\\/?s={search_term_string}\"},\"query-input\":{\"@type\":\"PropertyValueSpecification\",\"valueRequired\":true,\"valueName\":\"search_term_string\"}}],\"inLanguage\":\"tr\"},{\"@type\":\"Organization\",\"@id\":\"https:\\\/\\\/naturalpoland.com\\\/tr\\\/#organization\",\"name\":\"Natural Poland\",\"url\":\"https:\\\/\\\/naturalpoland.com\\\/tr\\\/\",\"logo\":{\"@type\":\"ImageObject\",\"inLanguage\":\"tr\",\"@id\":\"https:\\\/\\\/naturalpoland.com\\\/tr\\\/#\\\/schema\\\/logo\\\/image\\\/\",\"url\":\"https:\\\/\\\/naturalpoland.com\\\/wp-content\\\/uploads\\\/2021\\\/05\\\/natural-poland-icon.png\",\"contentUrl\":\"https:\\\/\\\/naturalpoland.com\\\/wp-content\\\/uploads\\\/2021\\\/05\\\/natural-poland-icon.png\",\"width\":512,\"height\":512,\"caption\":\"Natural Poland\"},\"image\":{\"@id\":\"https:\\\/\\\/naturalpoland.com\\\/tr\\\/#\\\/schema\\\/logo\\\/image\\\/\"},\"sameAs\":[\"https:\\\/\\\/www.facebook.com\\\/naturalpoland.b2b\",\"https:\\\/\\\/pl.linkedin.com\\\/company\\\/natural-poland\",\"https:\\\/\\\/www.youtube.com\\\/channel\\\/UCgeGGkvOMahZo-xu_MSEWxg\"]}]}<\/script>\n<!-- \/ Yoast SEO plugin. -->","yoast_head_json":{"title":"Asetil heksapeptid-8 - Toptan Hammadde Distrib\u00fct\u00f6r\u00fc - NATURAL POLAND - Hurtowy Dystrybutor Surowc\u00f3w","description":"Asetil Heksapeptid-8, alt\u0131 amino asitten olu\u015fan ve bazen \"yumu\u015fak botoks\" olarak adland\u0131r\u0131lan, ya\u015flanma kar\u015f\u0131t\u0131 etkiye sahip sentetik bir peptittir.","robots":{"index":"index","follow":"follow","max-snippet":"max-snippet:-1","max-image-preview":"max-image-preview:large","max-video-preview":"max-video-preview:-1"},"canonical":"https:\/\/naturalpoland.com\/tr\/urunler\/kozmetik-hammaddeleri\/peptitler\/asetil-heksapeptid-8\/","og_locale":"tr_TR","og_type":"article","og_title":"Asetil heksapeptid-8 - Toptan Hammadde Distrib\u00fct\u00f6r\u00fc - NATURAL POLAND - Hurtowy Dystrybutor Surowc\u00f3w","og_description":"Asetil Heksapeptid-8, alt\u0131 amino asitten olu\u015fan ve bazen \"yumu\u015fak botoks\" olarak adland\u0131r\u0131lan, ya\u015flanma kar\u015f\u0131t\u0131 etkiye sahip sentetik bir peptittir.","og_url":"https:\/\/naturalpoland.com\/tr\/urunler\/kozmetik-hammaddeleri\/peptitler\/asetil-heksapeptid-8\/","og_site_name":"NATURAL POLAND - Hurtowy Dystrybutor Surowc\u00f3w","article_publisher":"https:\/\/www.facebook.com\/naturalpoland.b2b","article_modified_time":"2025-12-22T10:34:53+00:00","og_image":[{"width":600,"height":600,"url":"https:\/\/naturalpoland.com\/wp-content\/uploads\/Argirelina.jpg","type":"image\/jpeg"}],"schema":{"@context":"https:\/\/schema.org","@graph":[{"@type":"WebPage","@id":"https:\/\/naturalpoland.com\/tr\/urunler\/kozmetik-hammaddeleri\/peptitler\/asetil-heksapeptid-8\/","url":"https:\/\/naturalpoland.com\/tr\/urunler\/kozmetik-hammaddeleri\/peptitler\/asetil-heksapeptid-8\/","name":"Asetil heksapeptid-8 - Toptan Hammadde Distrib\u00fct\u00f6r\u00fc - NATURAL POLAND - Hurtowy Dystrybutor Surowc\u00f3w","isPartOf":{"@id":"https:\/\/naturalpoland.com\/tr\/#website"},"primaryImageOfPage":{"@id":"https:\/\/naturalpoland.com\/tr\/urunler\/kozmetik-hammaddeleri\/peptitler\/asetil-heksapeptid-8\/#primaryimage"},"image":{"@id":"https:\/\/naturalpoland.com\/tr\/urunler\/kozmetik-hammaddeleri\/peptitler\/asetil-heksapeptid-8\/#primaryimage"},"thumbnailUrl":"https:\/\/naturalpoland.com\/wp-content\/uploads\/Argirelina.jpg","datePublished":"2023-03-20T15:01:12+00:00","dateModified":"2025-12-22T10:34:53+00:00","description":"Asetil Heksapeptid-8, alt\u0131 amino asitten olu\u015fan ve bazen \"yumu\u015fak botoks\" olarak adland\u0131r\u0131lan, ya\u015flanma kar\u015f\u0131t\u0131 etkiye sahip sentetik bir peptittir.","breadcrumb":{"@id":"https:\/\/naturalpoland.com\/tr\/urunler\/kozmetik-hammaddeleri\/peptitler\/asetil-heksapeptid-8\/#breadcrumb"},"inLanguage":"tr","potentialAction":[{"@type":"ReadAction","target":["https:\/\/naturalpoland.com\/tr\/urunler\/kozmetik-hammaddeleri\/peptitler\/asetil-heksapeptid-8\/"]}]},{"@type":"ImageObject","inLanguage":"tr","@id":"https:\/\/naturalpoland.com\/tr\/urunler\/kozmetik-hammaddeleri\/peptitler\/asetil-heksapeptid-8\/#primaryimage","url":"https:\/\/naturalpoland.com\/wp-content\/uploads\/Argirelina.jpg","contentUrl":"https:\/\/naturalpoland.com\/wp-content\/uploads\/Argirelina.jpg","width":600,"height":600,"caption":"Argirelin"},{"@type":"BreadcrumbList","@id":"https:\/\/naturalpoland.com\/tr\/urunler\/kozmetik-hammaddeleri\/peptitler\/asetil-heksapeptid-8\/#breadcrumb","itemListElement":[{"@type":"ListItem","position":1,"name":"Ana Sayfa","item":"https:\/\/naturalpoland.com\/tr\/"},{"@type":"ListItem","position":2,"name":"\u00dcr\u00fcnler","item":"https:\/\/naturalpoland.com\/tr\/urunler\/"},{"@type":"ListItem","position":3,"name":"Asetil heksapeptid-8"}]},{"@type":"WebSite","@id":"https:\/\/naturalpoland.com\/tr\/#website","url":"https:\/\/naturalpoland.com\/tr\/","name":"NATURAL POLAND - Hurtowy Dystrybutor Surowc\u00f3w","description":"Surowce dla przemys\u0142u spo\u017cywczego, kosmetycznego i farmaceutycznego","publisher":{"@id":"https:\/\/naturalpoland.com\/tr\/#organization"},"potentialAction":[{"@type":"SearchAction","target":{"@type":"EntryPoint","urlTemplate":"https:\/\/naturalpoland.com\/tr\/?s={search_term_string}"},"query-input":{"@type":"PropertyValueSpecification","valueRequired":true,"valueName":"search_term_string"}}],"inLanguage":"tr"},{"@type":"Organization","@id":"https:\/\/naturalpoland.com\/tr\/#organization","name":"Natural Poland","url":"https:\/\/naturalpoland.com\/tr\/","logo":{"@type":"ImageObject","inLanguage":"tr","@id":"https:\/\/naturalpoland.com\/tr\/#\/schema\/logo\/image\/","url":"https:\/\/naturalpoland.com\/wp-content\/uploads\/2021\/05\/natural-poland-icon.png","contentUrl":"https:\/\/naturalpoland.com\/wp-content\/uploads\/2021\/05\/natural-poland-icon.png","width":512,"height":512,"caption":"Natural Poland"},"image":{"@id":"https:\/\/naturalpoland.com\/tr\/#\/schema\/logo\/image\/"},"sameAs":["https:\/\/www.facebook.com\/naturalpoland.b2b","https:\/\/pl.linkedin.com\/company\/natural-poland","https:\/\/www.youtube.com\/channel\/UCgeGGkvOMahZo-xu_MSEWxg"]}]}},"_links":{"self":[{"href":"https:\/\/naturalpoland.com\/tr\/wp-json\/wp\/v2\/product\/44289","targetHints":{"allow":["GET"]}}],"collection":[{"href":"https:\/\/naturalpoland.com\/tr\/wp-json\/wp\/v2\/product"}],"about":[{"href":"https:\/\/naturalpoland.com\/tr\/wp-json\/wp\/v2\/types\/product"}],"wp:featuredmedia":[{"embeddable":true,"href":"https:\/\/naturalpoland.com\/tr\/wp-json\/wp\/v2\/media\/44290"}],"wp:attachment":[{"href":"https:\/\/naturalpoland.com\/tr\/wp-json\/wp\/v2\/media?parent=44289"}],"wp:term":[{"taxonomy":"product_brand","embeddable":true,"href":"https:\/\/naturalpoland.com\/tr\/wp-json\/wp\/v2\/product_brand?post=44289"},{"taxonomy":"product_cat","embeddable":true,"href":"https:\/\/naturalpoland.com\/tr\/wp-json\/wp\/v2\/product_cat?post=44289"},{"taxonomy":"product_tag","embeddable":true,"href":"https:\/\/naturalpoland.com\/tr\/wp-json\/wp\/v2\/product_tag?post=44289"}],"curies":[{"name":"wp","href":"https:\/\/api.w.org\/{rel}","templated":true}]}}