{"id":44291,"date":"2023-04-21T14:34:52","date_gmt":"2023-04-21T12:34:52","guid":{"rendered":"https:\/\/naturalpoland.com\/produkty\/kategorilenmemis\/tripeptid-38-palmitat\/"},"modified":"2025-12-22T11:34:56","modified_gmt":"2025-12-22T10:34:56","slug":"tripeptid-38-palmitat","status":"publish","type":"product","link":"https:\/\/naturalpoland.com\/tr\/urunler\/kozmetik-hammaddeleri\/peptitler\/tripeptid-38-palmitat\/","title":{"rendered":"Tripeptid-38 palmitat"},"content":{"rendered":"<p><strong>Tripeptid-38 palmitat (Palmitoyl Tripeptide-38)<\/strong>, laminin ve kolajende do\u011fal olarak bulunan bir sinyal peptididir. Cildin 6 ana yap\u0131 bile\u015feninin sentezini uyar\u0131r ve liflerin olgunla\u015fmas\u0131n\u0131 ve stabilizasyonunu olumlu etkiler. Bu \u00f6zellikler, tripeptid-38 palmitat\u0131n sadece k\u0131r\u0131\u015f\u0131kl\u0131klar\u0131 d\u00fczeltmeye yard\u0131mc\u0131 olmakla kalmay\u0131p, ayn\u0131 zamanda yenilerinin olu\u015fumunu da \u00f6nledi\u011fi anlam\u0131na gelir. Bu kokusuz, suda kolay \u00e7\u00f6z\u00fcnen bile\u015fen, hem olgun hem de gen\u00e7 ciltler i\u00e7in ya\u015flanma kar\u015f\u0131t\u0131 kozmetiklerde etkilidir.   <\/p>\n","protected":false},"excerpt":{"rendered":"<p>Peptitler, kozmetolojide pop\u00fcler olan biyolojik olarak aktif bile\u015fiklerdir. Epidermisten ge\u00e7meyi kolayla\u015ft\u0131ran k\u00fc\u00e7\u00fck boyutlar\u0131 ve cildin yap\u0131 h\u00fccrelerini etkileme yetenekleri, onlar\u0131 ya\u015flanma kar\u015f\u0131t\u0131 ve yenileyici kozmetiklerin m\u00fckemmel bir bile\u015feni haline getirir. <\/p>\n","protected":false},"featured_media":44292,"template":"","meta":{"_acf_changed":false},"product_brand":[],"product_cat":[9556,9554],"product_tag":[],"class_list":{"0":"post-44291","1":"product","2":"type-product","3":"status-publish","4":"has-post-thumbnail","6":"product_cat-aktif-maddeler","7":"product_cat-peptitler","9":"first","10":"instock","11":"shipping-taxable","12":"product-type-simple"},"acf":[],"yoast_head":"<!-- This site is optimized with the Yoast SEO plugin v27.5 - https:\/\/yoast.com\/product\/yoast-seo-wordpress\/ -->\n<title>Tripeptid-38 palmitat - Hurtowy Dystrybutor<\/title>\n<meta name=\"description\" content=\"Tripeptid-38 palmitat (Palmitoyl Tripeptide-38), laminin ve kolajende do\u011fal olarak bulunan bir sinyal peptididir.\" \/>\n<meta name=\"robots\" content=\"index, follow, max-snippet:-1, max-image-preview:large, max-video-preview:-1\" \/>\n<link rel=\"canonical\" href=\"https:\/\/naturalpoland.com\/tr\/urunler\/kozmetik-hammaddeleri\/peptitler\/tripeptid-38-palmitat\/\" \/>\n<meta property=\"og:locale\" content=\"tr_TR\" \/>\n<meta property=\"og:type\" content=\"article\" \/>\n<meta property=\"og:title\" content=\"Tripeptid-38 palmitat - Hurtowy Dystrybutor\" \/>\n<meta property=\"og:description\" content=\"Tripeptid-38 palmitat (Palmitoyl Tripeptide-38), laminin ve kolajende do\u011fal olarak bulunan bir sinyal peptididir.\" \/>\n<meta property=\"og:url\" content=\"https:\/\/naturalpoland.com\/tr\/urunler\/kozmetik-hammaddeleri\/peptitler\/tripeptid-38-palmitat\/\" \/>\n<meta property=\"og:site_name\" content=\"NATURAL POLAND - Hurtowy Dystrybutor Surowc\u00f3w\" \/>\n<meta property=\"article:publisher\" content=\"https:\/\/www.facebook.com\/naturalpoland.b2b\" \/>\n<meta property=\"article:modified_time\" content=\"2025-12-22T10:34:56+00:00\" \/>\n<meta property=\"og:image\" content=\"https:\/\/naturalpoland.com\/wp-content\/uploads\/Palmitynian-tripeptydu-38.jpg\" \/>\n\t<meta property=\"og:image:width\" content=\"500\" \/>\n\t<meta property=\"og:image:height\" content=\"500\" \/>\n\t<meta property=\"og:image:type\" content=\"image\/jpeg\" \/>\n<script type=\"application\/ld+json\" class=\"yoast-schema-graph\">{\"@context\":\"https:\\\/\\\/schema.org\",\"@graph\":[{\"@type\":\"WebPage\",\"@id\":\"https:\\\/\\\/naturalpoland.com\\\/tr\\\/urunler\\\/kozmetik-hammaddeleri\\\/peptitler\\\/tripeptid-38-palmitat\\\/\",\"url\":\"https:\\\/\\\/naturalpoland.com\\\/tr\\\/urunler\\\/kozmetik-hammaddeleri\\\/peptitler\\\/tripeptid-38-palmitat\\\/\",\"name\":\"Tripeptid-38 palmitat - Hurtowy Dystrybutor\",\"isPartOf\":{\"@id\":\"https:\\\/\\\/naturalpoland.com\\\/tr\\\/#website\"},\"primaryImageOfPage\":{\"@id\":\"https:\\\/\\\/naturalpoland.com\\\/tr\\\/urunler\\\/kozmetik-hammaddeleri\\\/peptitler\\\/tripeptid-38-palmitat\\\/#primaryimage\"},\"image\":{\"@id\":\"https:\\\/\\\/naturalpoland.com\\\/tr\\\/urunler\\\/kozmetik-hammaddeleri\\\/peptitler\\\/tripeptid-38-palmitat\\\/#primaryimage\"},\"thumbnailUrl\":\"https:\\\/\\\/naturalpoland.com\\\/wp-content\\\/uploads\\\/Palmitynian-tripeptydu-38.jpg\",\"datePublished\":\"2023-04-21T12:34:52+00:00\",\"dateModified\":\"2025-12-22T10:34:56+00:00\",\"description\":\"Tripeptid-38 palmitat (Palmitoyl Tripeptide-38), laminin ve kolajende do\u011fal olarak bulunan bir sinyal peptididir.\",\"breadcrumb\":{\"@id\":\"https:\\\/\\\/naturalpoland.com\\\/tr\\\/urunler\\\/kozmetik-hammaddeleri\\\/peptitler\\\/tripeptid-38-palmitat\\\/#breadcrumb\"},\"inLanguage\":\"tr\",\"potentialAction\":[{\"@type\":\"ReadAction\",\"target\":[\"https:\\\/\\\/naturalpoland.com\\\/tr\\\/urunler\\\/kozmetik-hammaddeleri\\\/peptitler\\\/tripeptid-38-palmitat\\\/\"]}]},{\"@type\":\"ImageObject\",\"inLanguage\":\"tr\",\"@id\":\"https:\\\/\\\/naturalpoland.com\\\/tr\\\/urunler\\\/kozmetik-hammaddeleri\\\/peptitler\\\/tripeptid-38-palmitat\\\/#primaryimage\",\"url\":\"https:\\\/\\\/naturalpoland.com\\\/wp-content\\\/uploads\\\/Palmitynian-tripeptydu-38.jpg\",\"contentUrl\":\"https:\\\/\\\/naturalpoland.com\\\/wp-content\\\/uploads\\\/Palmitynian-tripeptydu-38.jpg\",\"width\":500,\"height\":500,\"caption\":\"Tripeptid-38 palmitat\"},{\"@type\":\"BreadcrumbList\",\"@id\":\"https:\\\/\\\/naturalpoland.com\\\/tr\\\/urunler\\\/kozmetik-hammaddeleri\\\/peptitler\\\/tripeptid-38-palmitat\\\/#breadcrumb\",\"itemListElement\":[{\"@type\":\"ListItem\",\"position\":1,\"name\":\"Ana Sayfa\",\"item\":\"https:\\\/\\\/naturalpoland.com\\\/tr\\\/\"},{\"@type\":\"ListItem\",\"position\":2,\"name\":\"\u00dcr\u00fcnler\",\"item\":\"https:\\\/\\\/naturalpoland.com\\\/tr\\\/urunler\\\/\"},{\"@type\":\"ListItem\",\"position\":3,\"name\":\"Tripeptid-38 palmitat\"}]},{\"@type\":\"WebSite\",\"@id\":\"https:\\\/\\\/naturalpoland.com\\\/tr\\\/#website\",\"url\":\"https:\\\/\\\/naturalpoland.com\\\/tr\\\/\",\"name\":\"NATURAL POLAND - Hurtowy Dystrybutor Surowc\u00f3w\",\"description\":\"Surowce dla przemys\u0142u spo\u017cywczego, kosmetycznego i farmaceutycznego\",\"publisher\":{\"@id\":\"https:\\\/\\\/naturalpoland.com\\\/tr\\\/#organization\"},\"potentialAction\":[{\"@type\":\"SearchAction\",\"target\":{\"@type\":\"EntryPoint\",\"urlTemplate\":\"https:\\\/\\\/naturalpoland.com\\\/tr\\\/?s={search_term_string}\"},\"query-input\":{\"@type\":\"PropertyValueSpecification\",\"valueRequired\":true,\"valueName\":\"search_term_string\"}}],\"inLanguage\":\"tr\"},{\"@type\":\"Organization\",\"@id\":\"https:\\\/\\\/naturalpoland.com\\\/tr\\\/#organization\",\"name\":\"Natural Poland\",\"url\":\"https:\\\/\\\/naturalpoland.com\\\/tr\\\/\",\"logo\":{\"@type\":\"ImageObject\",\"inLanguage\":\"tr\",\"@id\":\"https:\\\/\\\/naturalpoland.com\\\/tr\\\/#\\\/schema\\\/logo\\\/image\\\/\",\"url\":\"https:\\\/\\\/naturalpoland.com\\\/wp-content\\\/uploads\\\/2021\\\/05\\\/natural-poland-icon.png\",\"contentUrl\":\"https:\\\/\\\/naturalpoland.com\\\/wp-content\\\/uploads\\\/2021\\\/05\\\/natural-poland-icon.png\",\"width\":512,\"height\":512,\"caption\":\"Natural Poland\"},\"image\":{\"@id\":\"https:\\\/\\\/naturalpoland.com\\\/tr\\\/#\\\/schema\\\/logo\\\/image\\\/\"},\"sameAs\":[\"https:\\\/\\\/www.facebook.com\\\/naturalpoland.b2b\",\"https:\\\/\\\/pl.linkedin.com\\\/company\\\/natural-poland\",\"https:\\\/\\\/www.youtube.com\\\/channel\\\/UCgeGGkvOMahZo-xu_MSEWxg\"]}]}<\/script>\n<!-- \/ Yoast SEO plugin. -->","yoast_head_json":{"title":"Tripeptid-38 palmitat - Hurtowy Dystrybutor","description":"Tripeptid-38 palmitat (Palmitoyl Tripeptide-38), laminin ve kolajende do\u011fal olarak bulunan bir sinyal peptididir.","robots":{"index":"index","follow":"follow","max-snippet":"max-snippet:-1","max-image-preview":"max-image-preview:large","max-video-preview":"max-video-preview:-1"},"canonical":"https:\/\/naturalpoland.com\/tr\/urunler\/kozmetik-hammaddeleri\/peptitler\/tripeptid-38-palmitat\/","og_locale":"tr_TR","og_type":"article","og_title":"Tripeptid-38 palmitat - Hurtowy Dystrybutor","og_description":"Tripeptid-38 palmitat (Palmitoyl Tripeptide-38), laminin ve kolajende do\u011fal olarak bulunan bir sinyal peptididir.","og_url":"https:\/\/naturalpoland.com\/tr\/urunler\/kozmetik-hammaddeleri\/peptitler\/tripeptid-38-palmitat\/","og_site_name":"NATURAL POLAND - Hurtowy Dystrybutor Surowc\u00f3w","article_publisher":"https:\/\/www.facebook.com\/naturalpoland.b2b","article_modified_time":"2025-12-22T10:34:56+00:00","og_image":[{"width":500,"height":500,"url":"https:\/\/naturalpoland.com\/wp-content\/uploads\/Palmitynian-tripeptydu-38.jpg","type":"image\/jpeg"}],"schema":{"@context":"https:\/\/schema.org","@graph":[{"@type":"WebPage","@id":"https:\/\/naturalpoland.com\/tr\/urunler\/kozmetik-hammaddeleri\/peptitler\/tripeptid-38-palmitat\/","url":"https:\/\/naturalpoland.com\/tr\/urunler\/kozmetik-hammaddeleri\/peptitler\/tripeptid-38-palmitat\/","name":"Tripeptid-38 palmitat - Hurtowy Dystrybutor","isPartOf":{"@id":"https:\/\/naturalpoland.com\/tr\/#website"},"primaryImageOfPage":{"@id":"https:\/\/naturalpoland.com\/tr\/urunler\/kozmetik-hammaddeleri\/peptitler\/tripeptid-38-palmitat\/#primaryimage"},"image":{"@id":"https:\/\/naturalpoland.com\/tr\/urunler\/kozmetik-hammaddeleri\/peptitler\/tripeptid-38-palmitat\/#primaryimage"},"thumbnailUrl":"https:\/\/naturalpoland.com\/wp-content\/uploads\/Palmitynian-tripeptydu-38.jpg","datePublished":"2023-04-21T12:34:52+00:00","dateModified":"2025-12-22T10:34:56+00:00","description":"Tripeptid-38 palmitat (Palmitoyl Tripeptide-38), laminin ve kolajende do\u011fal olarak bulunan bir sinyal peptididir.","breadcrumb":{"@id":"https:\/\/naturalpoland.com\/tr\/urunler\/kozmetik-hammaddeleri\/peptitler\/tripeptid-38-palmitat\/#breadcrumb"},"inLanguage":"tr","potentialAction":[{"@type":"ReadAction","target":["https:\/\/naturalpoland.com\/tr\/urunler\/kozmetik-hammaddeleri\/peptitler\/tripeptid-38-palmitat\/"]}]},{"@type":"ImageObject","inLanguage":"tr","@id":"https:\/\/naturalpoland.com\/tr\/urunler\/kozmetik-hammaddeleri\/peptitler\/tripeptid-38-palmitat\/#primaryimage","url":"https:\/\/naturalpoland.com\/wp-content\/uploads\/Palmitynian-tripeptydu-38.jpg","contentUrl":"https:\/\/naturalpoland.com\/wp-content\/uploads\/Palmitynian-tripeptydu-38.jpg","width":500,"height":500,"caption":"Tripeptid-38 palmitat"},{"@type":"BreadcrumbList","@id":"https:\/\/naturalpoland.com\/tr\/urunler\/kozmetik-hammaddeleri\/peptitler\/tripeptid-38-palmitat\/#breadcrumb","itemListElement":[{"@type":"ListItem","position":1,"name":"Ana Sayfa","item":"https:\/\/naturalpoland.com\/tr\/"},{"@type":"ListItem","position":2,"name":"\u00dcr\u00fcnler","item":"https:\/\/naturalpoland.com\/tr\/urunler\/"},{"@type":"ListItem","position":3,"name":"Tripeptid-38 palmitat"}]},{"@type":"WebSite","@id":"https:\/\/naturalpoland.com\/tr\/#website","url":"https:\/\/naturalpoland.com\/tr\/","name":"NATURAL POLAND - Hurtowy Dystrybutor Surowc\u00f3w","description":"Surowce dla przemys\u0142u spo\u017cywczego, kosmetycznego i farmaceutycznego","publisher":{"@id":"https:\/\/naturalpoland.com\/tr\/#organization"},"potentialAction":[{"@type":"SearchAction","target":{"@type":"EntryPoint","urlTemplate":"https:\/\/naturalpoland.com\/tr\/?s={search_term_string}"},"query-input":{"@type":"PropertyValueSpecification","valueRequired":true,"valueName":"search_term_string"}}],"inLanguage":"tr"},{"@type":"Organization","@id":"https:\/\/naturalpoland.com\/tr\/#organization","name":"Natural Poland","url":"https:\/\/naturalpoland.com\/tr\/","logo":{"@type":"ImageObject","inLanguage":"tr","@id":"https:\/\/naturalpoland.com\/tr\/#\/schema\/logo\/image\/","url":"https:\/\/naturalpoland.com\/wp-content\/uploads\/2021\/05\/natural-poland-icon.png","contentUrl":"https:\/\/naturalpoland.com\/wp-content\/uploads\/2021\/05\/natural-poland-icon.png","width":512,"height":512,"caption":"Natural Poland"},"image":{"@id":"https:\/\/naturalpoland.com\/tr\/#\/schema\/logo\/image\/"},"sameAs":["https:\/\/www.facebook.com\/naturalpoland.b2b","https:\/\/pl.linkedin.com\/company\/natural-poland","https:\/\/www.youtube.com\/channel\/UCgeGGkvOMahZo-xu_MSEWxg"]}]}},"_links":{"self":[{"href":"https:\/\/naturalpoland.com\/tr\/wp-json\/wp\/v2\/product\/44291","targetHints":{"allow":["GET"]}}],"collection":[{"href":"https:\/\/naturalpoland.com\/tr\/wp-json\/wp\/v2\/product"}],"about":[{"href":"https:\/\/naturalpoland.com\/tr\/wp-json\/wp\/v2\/types\/product"}],"wp:featuredmedia":[{"embeddable":true,"href":"https:\/\/naturalpoland.com\/tr\/wp-json\/wp\/v2\/media\/44292"}],"wp:attachment":[{"href":"https:\/\/naturalpoland.com\/tr\/wp-json\/wp\/v2\/media?parent=44291"}],"wp:term":[{"taxonomy":"product_brand","embeddable":true,"href":"https:\/\/naturalpoland.com\/tr\/wp-json\/wp\/v2\/product_brand?post=44291"},{"taxonomy":"product_cat","embeddable":true,"href":"https:\/\/naturalpoland.com\/tr\/wp-json\/wp\/v2\/product_cat?post=44291"},{"taxonomy":"product_tag","embeddable":true,"href":"https:\/\/naturalpoland.com\/tr\/wp-json\/wp\/v2\/product_tag?post=44291"}],"curies":[{"name":"wp","href":"https:\/\/api.w.org\/{rel}","templated":true}]}}