{"id":44293,"date":"2023-03-20T16:11:39","date_gmt":"2023-03-20T15:11:39","guid":{"rendered":"https:\/\/naturalpoland.com\/produkty\/kategorilenmemis\/bakir-peptitler\/"},"modified":"2025-12-22T11:35:01","modified_gmt":"2025-12-22T10:35:01","slug":"bakir-peptitler","status":"publish","type":"product","link":"https:\/\/naturalpoland.com\/tr\/urunler\/kozmetik-hammaddeleri\/peptitler\/bakir-peptitler\/","title":{"rendered":"Bak\u0131r Peptitler"},"content":{"rendered":"<h2>\u00d6zellikler<\/h2>\n<p>GHK-Cu bak\u0131r peptitleri, insan v\u00fccudunda do\u011fal olarak bulunan ve bak\u0131r ba\u011flama yetene\u011fine sahip tripeptitlerdir (glisin-histidin-lizin). Bak\u0131r peptitlerinin biyolojik aktivitesi, organizman\u0131n d\u00fczg\u00fcn i\u015fleyi\u015fi i\u00e7in gerekli olan bu elementle ili\u015fkilidir. <\/p>\n<p>\u0130yonlar\u0131 ba\u011flayarak ve dokulardaki bak\u0131r seviyelerini d\u00fczenleyerek, GHK-Cu <strong>kolajen sentezini art\u0131rma<\/strong>, <strong>kan damarlar\u0131n\u0131n ve sinirlerin rejenerasyonunu ve geli\u015fimini uyarma<\/strong>, elastin sentezini iyile\u015ftirme ve cildi olu\u015fturan fibroblastlar\u0131 olumlu etkileme yetene\u011fine sahiptir. Ayr\u0131ca, bak\u0131r peptitlerinin <strong>anti-enflamatuar<\/strong> ve <strong>anti-kanser<\/strong> etkileri de g\u00f6zlemlenmi\u015ftir. <\/p>\n<h2>Kullan\u0131m alanlar\u0131<\/h2>\n<p>\u0130nsan cildi \u00fczerindeki olumlu etkisi, bak\u0131r peptitlerinin <strong>kozmetik alan\u0131nda \u00e7ok y\u00f6nl\u00fc kullan\u0131m\u0131na<\/strong> olanak sa\u011flar. Bu, sadece cildin s\u0131k\u0131l\u0131\u011f\u0131n\u0131 art\u0131ran, k\u0131r\u0131\u015f\u0131kl\u0131klar\u0131 azaltan ve cilt tonunu iyile\u015ftiren tipik bak\u0131m \u00f6zelliklerini de\u011fil, ayn\u0131 zamanda yara iyile\u015fmesini ve rejenerasyonunu h\u0131zland\u0131ran, \u00fclserler dahil olmak \u00fczere sa\u00e7 b\u00fcy\u00fcmesini h\u0131zland\u0131ran ve sa\u00e7 d\u00f6k\u00fclmesini \u00f6nleyen etkilerini de kapsar.  <\/p>\n<p>Copper Tripeptide-1, a\u015fa\u011f\u0131dakileri form\u00fcle etmek i\u00e7in ideal bir aktif bile\u015fendir:<\/p>\n<ul>\n<li>Ya\u015flanma kar\u015f\u0131t\u0131 kremler,<\/li>\n<li>Yenileyici serumlar,<\/li>\n<li>Hassas ve sorunlu ciltler i\u00e7in bak\u0131m \u00fcr\u00fcnleri,<\/li>\n<li>Yara iyile\u015fmesini destekleyen ve dermatolojik i\u015flemler sonras\u0131 cilt bak\u0131m\u0131 i\u00e7in \u00fcr\u00fcnler.<\/li>\n<\/ul>\n","protected":false},"excerpt":{"rendered":"<p><strong>GHK-Cu bak\u0131r peptidi<\/strong> (INCI: <strong>Copper Tripeptide-1<\/strong>), esas olarak kozmetikte kullan\u0131lan, mavi renkli, y\u00fcksek safl\u0131kta bir bak\u0131r peptittir. \u00d6zellikle cilt bak\u0131m \u00fcr\u00fcnlerinde pop\u00fclerdir ve cildin onar\u0131m s\u00fcre\u00e7lerini destekler, kolajen sentezini uyar\u0131r ve cildin koruyucu bariyerini g\u00fc\u00e7lendirir. <\/p>\n","protected":false},"featured_media":44295,"template":"","meta":{"_acf_changed":false},"product_brand":[],"product_cat":[9557,9554],"product_tag":[],"class_list":{"0":"post-44293","1":"product","2":"type-product","3":"status-publish","4":"has-post-thumbnail","6":"product_cat-kozmetik-hammaddeleri-2","7":"product_cat-peptitler","9":"first","10":"instock","11":"shipping-taxable","12":"product-type-simple"},"acf":[],"yoast_head":"<!-- This site is optimized with the Yoast SEO plugin v27.6 - https:\/\/yoast.com\/product\/yoast-seo-wordpress\/ -->\n<title>Bak\u0131r Peptitler - NATURAL POLAND - Hurtowy Dystrybutor Surowc\u00f3w<\/title>\n<meta name=\"description\" content=\"GHK-Cu bak\u0131r peptitleri (INCI: Copper Tripeptide-1), insan v\u00fccudunda do\u011fal olarak bulunan ve bak\u0131r ba\u011flama yetene\u011fine sahip tripeptitlerdir.\" \/>\n<meta name=\"robots\" content=\"index, follow, max-snippet:-1, max-image-preview:large, max-video-preview:-1\" \/>\n<link rel=\"canonical\" href=\"https:\/\/naturalpoland.com\/tr\/urunler\/kozmetik-hammaddeleri\/peptitler\/bakir-peptitler\/\" \/>\n<meta property=\"og:locale\" content=\"tr_TR\" \/>\n<meta property=\"og:type\" content=\"article\" \/>\n<meta property=\"og:title\" content=\"Bak\u0131r Peptitler - NATURAL POLAND - Hurtowy Dystrybutor Surowc\u00f3w\" \/>\n<meta property=\"og:description\" content=\"GHK-Cu bak\u0131r peptitleri (INCI: Copper Tripeptide-1), insan v\u00fccudunda do\u011fal olarak bulunan ve bak\u0131r ba\u011flama yetene\u011fine sahip tripeptitlerdir.\" \/>\n<meta property=\"og:url\" content=\"https:\/\/naturalpoland.com\/tr\/urunler\/kozmetik-hammaddeleri\/peptitler\/bakir-peptitler\/\" \/>\n<meta property=\"og:site_name\" content=\"NATURAL POLAND - Hurtowy Dystrybutor Surowc\u00f3w\" \/>\n<meta property=\"article:publisher\" content=\"https:\/\/www.facebook.com\/naturalpoland.b2b\" \/>\n<meta property=\"article:modified_time\" content=\"2025-12-22T10:35:01+00:00\" \/>\n<meta property=\"og:image\" content=\"https:\/\/naturalpoland.com\/wp-content\/uploads\/peptydy-miedziowe.webp\" \/>\n\t<meta property=\"og:image:width\" content=\"619\" \/>\n\t<meta property=\"og:image:height\" content=\"619\" \/>\n\t<meta property=\"og:image:type\" content=\"image\/webp\" \/>\n<script type=\"application\/ld+json\" class=\"yoast-schema-graph\">{\"@context\":\"https:\\\/\\\/schema.org\",\"@graph\":[{\"@type\":\"WebPage\",\"@id\":\"https:\\\/\\\/naturalpoland.com\\\/tr\\\/urunler\\\/kozmetik-hammaddeleri\\\/peptitler\\\/bakir-peptitler\\\/\",\"url\":\"https:\\\/\\\/naturalpoland.com\\\/tr\\\/urunler\\\/kozmetik-hammaddeleri\\\/peptitler\\\/bakir-peptitler\\\/\",\"name\":\"Bak\u0131r Peptitler - NATURAL POLAND - Hurtowy Dystrybutor Surowc\u00f3w\",\"isPartOf\":{\"@id\":\"https:\\\/\\\/naturalpoland.com\\\/tr\\\/#website\"},\"primaryImageOfPage\":{\"@id\":\"https:\\\/\\\/naturalpoland.com\\\/tr\\\/urunler\\\/kozmetik-hammaddeleri\\\/peptitler\\\/bakir-peptitler\\\/#primaryimage\"},\"image\":{\"@id\":\"https:\\\/\\\/naturalpoland.com\\\/tr\\\/urunler\\\/kozmetik-hammaddeleri\\\/peptitler\\\/bakir-peptitler\\\/#primaryimage\"},\"thumbnailUrl\":\"https:\\\/\\\/naturalpoland.com\\\/wp-content\\\/uploads\\\/peptydy-miedziowe.webp\",\"datePublished\":\"2023-03-20T15:11:39+00:00\",\"dateModified\":\"2025-12-22T10:35:01+00:00\",\"description\":\"GHK-Cu bak\u0131r peptitleri (INCI: Copper Tripeptide-1), insan v\u00fccudunda do\u011fal olarak bulunan ve bak\u0131r ba\u011flama yetene\u011fine sahip tripeptitlerdir.\",\"breadcrumb\":{\"@id\":\"https:\\\/\\\/naturalpoland.com\\\/tr\\\/urunler\\\/kozmetik-hammaddeleri\\\/peptitler\\\/bakir-peptitler\\\/#breadcrumb\"},\"inLanguage\":\"tr\",\"potentialAction\":[{\"@type\":\"ReadAction\",\"target\":[\"https:\\\/\\\/naturalpoland.com\\\/tr\\\/urunler\\\/kozmetik-hammaddeleri\\\/peptitler\\\/bakir-peptitler\\\/\"]}]},{\"@type\":\"ImageObject\",\"inLanguage\":\"tr\",\"@id\":\"https:\\\/\\\/naturalpoland.com\\\/tr\\\/urunler\\\/kozmetik-hammaddeleri\\\/peptitler\\\/bakir-peptitler\\\/#primaryimage\",\"url\":\"https:\\\/\\\/naturalpoland.com\\\/wp-content\\\/uploads\\\/peptydy-miedziowe.webp\",\"contentUrl\":\"https:\\\/\\\/naturalpoland.com\\\/wp-content\\\/uploads\\\/peptydy-miedziowe.webp\",\"width\":619,\"height\":619,\"caption\":\"Bak\u0131r Peptitler\"},{\"@type\":\"BreadcrumbList\",\"@id\":\"https:\\\/\\\/naturalpoland.com\\\/tr\\\/urunler\\\/kozmetik-hammaddeleri\\\/peptitler\\\/bakir-peptitler\\\/#breadcrumb\",\"itemListElement\":[{\"@type\":\"ListItem\",\"position\":1,\"name\":\"Ana Sayfa\",\"item\":\"https:\\\/\\\/naturalpoland.com\\\/tr\\\/\"},{\"@type\":\"ListItem\",\"position\":2,\"name\":\"\u00dcr\u00fcnler\",\"item\":\"https:\\\/\\\/naturalpoland.com\\\/tr\\\/urunler\\\/\"},{\"@type\":\"ListItem\",\"position\":3,\"name\":\"Bak\u0131r Peptitler\"}]},{\"@type\":\"WebSite\",\"@id\":\"https:\\\/\\\/naturalpoland.com\\\/tr\\\/#website\",\"url\":\"https:\\\/\\\/naturalpoland.com\\\/tr\\\/\",\"name\":\"NATURAL POLAND - Hurtowy Dystrybutor Surowc\u00f3w\",\"description\":\"Surowce dla przemys\u0142u spo\u017cywczego, kosmetycznego i farmaceutycznego\",\"publisher\":{\"@id\":\"https:\\\/\\\/naturalpoland.com\\\/tr\\\/#organization\"},\"potentialAction\":[{\"@type\":\"SearchAction\",\"target\":{\"@type\":\"EntryPoint\",\"urlTemplate\":\"https:\\\/\\\/naturalpoland.com\\\/tr\\\/?s={search_term_string}\"},\"query-input\":{\"@type\":\"PropertyValueSpecification\",\"valueRequired\":true,\"valueName\":\"search_term_string\"}}],\"inLanguage\":\"tr\"},{\"@type\":\"Organization\",\"@id\":\"https:\\\/\\\/naturalpoland.com\\\/tr\\\/#organization\",\"name\":\"Natural Poland\",\"url\":\"https:\\\/\\\/naturalpoland.com\\\/tr\\\/\",\"logo\":{\"@type\":\"ImageObject\",\"inLanguage\":\"tr\",\"@id\":\"https:\\\/\\\/naturalpoland.com\\\/tr\\\/#\\\/schema\\\/logo\\\/image\\\/\",\"url\":\"https:\\\/\\\/naturalpoland.com\\\/wp-content\\\/uploads\\\/2021\\\/05\\\/natural-poland-icon.png\",\"contentUrl\":\"https:\\\/\\\/naturalpoland.com\\\/wp-content\\\/uploads\\\/2021\\\/05\\\/natural-poland-icon.png\",\"width\":512,\"height\":512,\"caption\":\"Natural Poland\"},\"image\":{\"@id\":\"https:\\\/\\\/naturalpoland.com\\\/tr\\\/#\\\/schema\\\/logo\\\/image\\\/\"},\"sameAs\":[\"https:\\\/\\\/www.facebook.com\\\/naturalpoland.b2b\",\"https:\\\/\\\/pl.linkedin.com\\\/company\\\/natural-poland\",\"https:\\\/\\\/www.youtube.com\\\/channel\\\/UCgeGGkvOMahZo-xu_MSEWxg\"]}]}<\/script>\n<!-- \/ Yoast SEO plugin. -->","yoast_head_json":{"title":"Bak\u0131r Peptitler - NATURAL POLAND - Hurtowy Dystrybutor Surowc\u00f3w","description":"GHK-Cu bak\u0131r peptitleri (INCI: Copper Tripeptide-1), insan v\u00fccudunda do\u011fal olarak bulunan ve bak\u0131r ba\u011flama yetene\u011fine sahip tripeptitlerdir.","robots":{"index":"index","follow":"follow","max-snippet":"max-snippet:-1","max-image-preview":"max-image-preview:large","max-video-preview":"max-video-preview:-1"},"canonical":"https:\/\/naturalpoland.com\/tr\/urunler\/kozmetik-hammaddeleri\/peptitler\/bakir-peptitler\/","og_locale":"tr_TR","og_type":"article","og_title":"Bak\u0131r Peptitler - NATURAL POLAND - Hurtowy Dystrybutor Surowc\u00f3w","og_description":"GHK-Cu bak\u0131r peptitleri (INCI: Copper Tripeptide-1), insan v\u00fccudunda do\u011fal olarak bulunan ve bak\u0131r ba\u011flama yetene\u011fine sahip tripeptitlerdir.","og_url":"https:\/\/naturalpoland.com\/tr\/urunler\/kozmetik-hammaddeleri\/peptitler\/bakir-peptitler\/","og_site_name":"NATURAL POLAND - Hurtowy Dystrybutor Surowc\u00f3w","article_publisher":"https:\/\/www.facebook.com\/naturalpoland.b2b","article_modified_time":"2025-12-22T10:35:01+00:00","og_image":[{"width":619,"height":619,"url":"https:\/\/naturalpoland.com\/wp-content\/uploads\/peptydy-miedziowe.webp","type":"image\/webp"}],"schema":{"@context":"https:\/\/schema.org","@graph":[{"@type":"WebPage","@id":"https:\/\/naturalpoland.com\/tr\/urunler\/kozmetik-hammaddeleri\/peptitler\/bakir-peptitler\/","url":"https:\/\/naturalpoland.com\/tr\/urunler\/kozmetik-hammaddeleri\/peptitler\/bakir-peptitler\/","name":"Bak\u0131r Peptitler - NATURAL POLAND - Hurtowy Dystrybutor Surowc\u00f3w","isPartOf":{"@id":"https:\/\/naturalpoland.com\/tr\/#website"},"primaryImageOfPage":{"@id":"https:\/\/naturalpoland.com\/tr\/urunler\/kozmetik-hammaddeleri\/peptitler\/bakir-peptitler\/#primaryimage"},"image":{"@id":"https:\/\/naturalpoland.com\/tr\/urunler\/kozmetik-hammaddeleri\/peptitler\/bakir-peptitler\/#primaryimage"},"thumbnailUrl":"https:\/\/naturalpoland.com\/wp-content\/uploads\/peptydy-miedziowe.webp","datePublished":"2023-03-20T15:11:39+00:00","dateModified":"2025-12-22T10:35:01+00:00","description":"GHK-Cu bak\u0131r peptitleri (INCI: Copper Tripeptide-1), insan v\u00fccudunda do\u011fal olarak bulunan ve bak\u0131r ba\u011flama yetene\u011fine sahip tripeptitlerdir.","breadcrumb":{"@id":"https:\/\/naturalpoland.com\/tr\/urunler\/kozmetik-hammaddeleri\/peptitler\/bakir-peptitler\/#breadcrumb"},"inLanguage":"tr","potentialAction":[{"@type":"ReadAction","target":["https:\/\/naturalpoland.com\/tr\/urunler\/kozmetik-hammaddeleri\/peptitler\/bakir-peptitler\/"]}]},{"@type":"ImageObject","inLanguage":"tr","@id":"https:\/\/naturalpoland.com\/tr\/urunler\/kozmetik-hammaddeleri\/peptitler\/bakir-peptitler\/#primaryimage","url":"https:\/\/naturalpoland.com\/wp-content\/uploads\/peptydy-miedziowe.webp","contentUrl":"https:\/\/naturalpoland.com\/wp-content\/uploads\/peptydy-miedziowe.webp","width":619,"height":619,"caption":"Bak\u0131r Peptitler"},{"@type":"BreadcrumbList","@id":"https:\/\/naturalpoland.com\/tr\/urunler\/kozmetik-hammaddeleri\/peptitler\/bakir-peptitler\/#breadcrumb","itemListElement":[{"@type":"ListItem","position":1,"name":"Ana Sayfa","item":"https:\/\/naturalpoland.com\/tr\/"},{"@type":"ListItem","position":2,"name":"\u00dcr\u00fcnler","item":"https:\/\/naturalpoland.com\/tr\/urunler\/"},{"@type":"ListItem","position":3,"name":"Bak\u0131r Peptitler"}]},{"@type":"WebSite","@id":"https:\/\/naturalpoland.com\/tr\/#website","url":"https:\/\/naturalpoland.com\/tr\/","name":"NATURAL POLAND - Hurtowy Dystrybutor Surowc\u00f3w","description":"Surowce dla przemys\u0142u spo\u017cywczego, kosmetycznego i farmaceutycznego","publisher":{"@id":"https:\/\/naturalpoland.com\/tr\/#organization"},"potentialAction":[{"@type":"SearchAction","target":{"@type":"EntryPoint","urlTemplate":"https:\/\/naturalpoland.com\/tr\/?s={search_term_string}"},"query-input":{"@type":"PropertyValueSpecification","valueRequired":true,"valueName":"search_term_string"}}],"inLanguage":"tr"},{"@type":"Organization","@id":"https:\/\/naturalpoland.com\/tr\/#organization","name":"Natural Poland","url":"https:\/\/naturalpoland.com\/tr\/","logo":{"@type":"ImageObject","inLanguage":"tr","@id":"https:\/\/naturalpoland.com\/tr\/#\/schema\/logo\/image\/","url":"https:\/\/naturalpoland.com\/wp-content\/uploads\/2021\/05\/natural-poland-icon.png","contentUrl":"https:\/\/naturalpoland.com\/wp-content\/uploads\/2021\/05\/natural-poland-icon.png","width":512,"height":512,"caption":"Natural Poland"},"image":{"@id":"https:\/\/naturalpoland.com\/tr\/#\/schema\/logo\/image\/"},"sameAs":["https:\/\/www.facebook.com\/naturalpoland.b2b","https:\/\/pl.linkedin.com\/company\/natural-poland","https:\/\/www.youtube.com\/channel\/UCgeGGkvOMahZo-xu_MSEWxg"]}]}},"_links":{"self":[{"href":"https:\/\/naturalpoland.com\/tr\/wp-json\/wp\/v2\/product\/44293","targetHints":{"allow":["GET"]}}],"collection":[{"href":"https:\/\/naturalpoland.com\/tr\/wp-json\/wp\/v2\/product"}],"about":[{"href":"https:\/\/naturalpoland.com\/tr\/wp-json\/wp\/v2\/types\/product"}],"wp:featuredmedia":[{"embeddable":true,"href":"https:\/\/naturalpoland.com\/tr\/wp-json\/wp\/v2\/media\/44295"}],"wp:attachment":[{"href":"https:\/\/naturalpoland.com\/tr\/wp-json\/wp\/v2\/media?parent=44293"}],"wp:term":[{"taxonomy":"product_brand","embeddable":true,"href":"https:\/\/naturalpoland.com\/tr\/wp-json\/wp\/v2\/product_brand?post=44293"},{"taxonomy":"product_cat","embeddable":true,"href":"https:\/\/naturalpoland.com\/tr\/wp-json\/wp\/v2\/product_cat?post=44293"},{"taxonomy":"product_tag","embeddable":true,"href":"https:\/\/naturalpoland.com\/tr\/wp-json\/wp\/v2\/product_tag?post=44293"}],"curies":[{"name":"wp","href":"https:\/\/api.w.org\/{rel}","templated":true}]}}