{"id":44305,"date":"2021-06-14T16:56:14","date_gmt":"2021-06-14T14:56:14","guid":{"rendered":"https:\/\/naturalpoland.com\/produkty\/kategorilenmemis\/graviola-ozutu\/"},"modified":"2025-12-22T11:38:48","modified_gmt":"2025-12-22T10:38:48","slug":"graviola-ozutu","status":"publish","type":"product","link":"https:\/\/naturalpoland.com\/tr\/urunler\/bitkisel-ekstraktlar\/graviola-ozutu\/","title":{"rendered":"Graviola \u00f6z\u00fct\u00fc"},"content":{"rendered":"<h2>Graviola \u00f6z\u00fct\u00fcn\u00fcn \u00f6zellikleri<\/h2>\n<p>Graviola \u00f6z\u00fct\u00fc, <strong>annonaceous acetogeninler<\/strong> gibi biyolojik olarak aktif bile\u015fikler ve C, B, E ve K vitaminleri ile magnezyum, fosfor, potasyum, demir ve \u00e7inko gibi mineraller i\u00e7erir. Bu bile\u015fikler, ba\u011f\u0131\u015f\u0131kl\u0131\u011f\u0131 g\u00fc\u00e7lendirmekten enfeksiyonlara kar\u015f\u0131 korumaya kadar bir\u00e7ok d\u00fczeyde v\u00fccudun i\u015fleyi\u015fini destekler.  <\/p>\n<h2>Graviola \u00f6z\u00fct\u00fcn\u00fcn etkisi<\/h2>\n<p>Graviola \u00f6z\u00fct\u00fcn\u00fcn en \u00f6nemli \u00f6zelli\u011fi <strong>antikanser \u00f6zellikleridir<\/strong>. \u00d6z\u00fctte b\u00fcy\u00fck miktarda bulunan acetogeninler, sa\u011fl\u0131kl\u0131 h\u00fccrelere zarar vermeden kanser h\u00fccrelerini se\u00e7ici olarak yok etme yetene\u011fine sahiptir. Graviola, meme, prostat, pankreas, akci\u011fer ve kolon kanseri gibi kanserlere kar\u015f\u0131 y\u00fcksek etkinlik g\u00f6sterir. Etki mekanizmas\u0131, kanser h\u00fccrelerinin zarlar\u0131nda bulunan enzimleri inhibe ederek daha fazla geli\u015fmelerini \u00f6nler. Ancak, graviolan\u0131n etkili yeni bir kanser ilac\u0131 geli\u015ftirmek i\u00e7in kullan\u0131lmas\u0131 \u00fczerine ara\u015ft\u0131rmalar hala devam etmektedir.    <\/p>\n<p>Graviola \u00f6z\u00fct\u00fc ayr\u0131ca g\u00fc\u00e7l\u00fc <strong>antibakteriyel ve antiparazitik \u00f6zelliklere<\/strong> sahiptir. Graviola tohumlar\u0131 geleneksel olarak parazitleri yok etmek i\u00e7in kullan\u0131l\u0131rken, meyve ve yaprak \u00f6z\u00fctleri bakteriyel ve mantar enfeksiyonlar\u0131yla m\u00fccadelede ve sedef hastal\u0131\u011f\u0131 veya egzama gibi cilt rahats\u0131zl\u0131klar\u0131n\u0131n tedavisinde kullan\u0131lm\u0131\u015ft\u0131r. \u00d6z\u00fct\u00fcn kullan\u0131m\u0131, i\u00e7 ve d\u0131\u015f enfeksiyonlar\u0131n eliminasyonunu sa\u011flar ve ba\u011f\u0131\u015f\u0131kl\u0131k sistemini g\u00fc\u00e7lendirir.  <\/p>\n<p>Graviola ayr\u0131ca kan bas\u0131nc\u0131n\u0131 d\u00fc\u015f\u00fcrerek ve kalp fonksiyonunu destekleyerek <strong>dola\u015f\u0131m sistemi<\/strong> \u00fczerinde olumlu etki g\u00f6sterir. Bitkideki bile\u015fikler kan damarlar\u0131n\u0131 geni\u015fleterek kalp at\u0131\u015f h\u0131z\u0131n\u0131 azalt\u0131r. \u00d6z\u00fct ayr\u0131ca kan \u015fekeri seviyesinin d\u00fczenlenmesini destekleyerek <strong>antidiyabetik etki<\/strong> g\u00f6sterir.  <\/p>\n<p>Graviola otunun <strong>sakinle\u015ftirici ve anksiyolitik \u00f6zellikleri<\/strong> nedeniyle, \u00f6z\u00fct stres, sinirsel gerginlik ve uykusuzlukla m\u00fccadelede do\u011fal bir destek olarak kullan\u0131labilir. D\u00fczenli kullan\u0131m uyku kalitesini art\u0131rmaya, sinirlilik halini hafifletmeye ve sakinle\u015ftirmeye yard\u0131mc\u0131 olur. <\/p>\n<p>Yan etkileri olmadan rahatlama sa\u011flayarak anti-enflamatuar ila\u00e7lara do\u011fal bir alternatif olarak kullan\u0131labilir, \u00e7\u00fcnk\u00fc <strong>anti-enflamatuar ve a\u011fr\u0131 kesici<\/strong> etki g\u00f6sterir.<\/p>\n<p>&nbsp;<\/p>\n","protected":false},"excerpt":{"rendered":"<p><strong>Graviola \u00f6z\u00fct\u00fc<\/strong>, <em>Annona muricata<\/em> olarak da bilinen graviola meyvesinden elde edilir. Bu, Orta ve G\u00fcney Amerika k\u00f6kenli, ola\u011fan\u00fcst\u00fc sa\u011fl\u0131k \u00f6zelliklerine sahip tropikal bir a\u011fa\u00e7t\u0131r. <\/p>\n","protected":false},"featured_media":44307,"template":"","meta":{"_acf_changed":false},"product_brand":[],"product_cat":[9531],"product_tag":[],"class_list":{"0":"post-44305","1":"product","2":"type-product","3":"status-publish","4":"has-post-thumbnail","6":"product_cat-bitkisel-ekstraktlar","7":"pa_czesc-rosliny-meyve","9":"first","10":"instock","11":"shipping-taxable","12":"product-type-simple"},"acf":[],"yoast_head":"<!-- This site is optimized with the Yoast SEO plugin v27.5 - https:\/\/yoast.com\/product\/yoast-seo-wordpress\/ -->\n<title>Graviola \u00f6z\u00fct\u00fc - NATURAL POLAND - Hurtowy Dystrybutor Surowc\u00f3w<\/title>\n<meta name=\"description\" content=\"Graviola \u00f6z\u00fct\u00fc, geni\u015f etki spektrumuna sahip ola\u011fan\u00fcst\u00fc bir \u00fcr\u00fcnd\u00fcr - antikanser, antibakteriyel, sakinle\u015ftirici ve g\u00fc\u00e7lendirici \u00f6zelliklere sahiptir.\" \/>\n<meta name=\"robots\" content=\"index, follow, max-snippet:-1, max-image-preview:large, max-video-preview:-1\" \/>\n<link rel=\"canonical\" href=\"https:\/\/naturalpoland.com\/tr\/urunler\/bitkisel-ekstraktlar\/graviola-ozutu\/\" \/>\n<meta property=\"og:locale\" content=\"tr_TR\" \/>\n<meta property=\"og:type\" content=\"article\" \/>\n<meta property=\"og:title\" content=\"Graviola \u00f6z\u00fct\u00fc - NATURAL POLAND - Hurtowy Dystrybutor Surowc\u00f3w\" \/>\n<meta property=\"og:description\" content=\"Graviola \u00f6z\u00fct\u00fc, geni\u015f etki spektrumuna sahip ola\u011fan\u00fcst\u00fc bir \u00fcr\u00fcnd\u00fcr - antikanser, antibakteriyel, sakinle\u015ftirici ve g\u00fc\u00e7lendirici \u00f6zelliklere sahiptir.\" \/>\n<meta property=\"og:url\" content=\"https:\/\/naturalpoland.com\/tr\/urunler\/bitkisel-ekstraktlar\/graviola-ozutu\/\" \/>\n<meta property=\"og:site_name\" content=\"NATURAL POLAND - Hurtowy Dystrybutor Surowc\u00f3w\" \/>\n<meta property=\"article:publisher\" content=\"https:\/\/www.facebook.com\/naturalpoland.b2b\" \/>\n<meta property=\"article:modified_time\" content=\"2025-12-22T10:38:48+00:00\" \/>\n<meta property=\"og:image\" content=\"https:\/\/naturalpoland.com\/wp-content\/uploads\/ekstrakt-z-gravioli.webp\" \/>\n\t<meta property=\"og:image:width\" content=\"619\" \/>\n\t<meta property=\"og:image:height\" content=\"619\" \/>\n\t<meta property=\"og:image:type\" content=\"image\/webp\" \/>\n<script type=\"application\/ld+json\" class=\"yoast-schema-graph\">{\"@context\":\"https:\\\/\\\/schema.org\",\"@graph\":[{\"@type\":\"WebPage\",\"@id\":\"https:\\\/\\\/naturalpoland.com\\\/tr\\\/urunler\\\/bitkisel-ekstraktlar\\\/graviola-ozutu\\\/\",\"url\":\"https:\\\/\\\/naturalpoland.com\\\/tr\\\/urunler\\\/bitkisel-ekstraktlar\\\/graviola-ozutu\\\/\",\"name\":\"Graviola \u00f6z\u00fct\u00fc - NATURAL POLAND - Hurtowy Dystrybutor Surowc\u00f3w\",\"isPartOf\":{\"@id\":\"https:\\\/\\\/naturalpoland.com\\\/tr\\\/#website\"},\"primaryImageOfPage\":{\"@id\":\"https:\\\/\\\/naturalpoland.com\\\/tr\\\/urunler\\\/bitkisel-ekstraktlar\\\/graviola-ozutu\\\/#primaryimage\"},\"image\":{\"@id\":\"https:\\\/\\\/naturalpoland.com\\\/tr\\\/urunler\\\/bitkisel-ekstraktlar\\\/graviola-ozutu\\\/#primaryimage\"},\"thumbnailUrl\":\"https:\\\/\\\/naturalpoland.com\\\/wp-content\\\/uploads\\\/ekstrakt-z-gravioli.webp\",\"datePublished\":\"2021-06-14T14:56:14+00:00\",\"dateModified\":\"2025-12-22T10:38:48+00:00\",\"description\":\"Graviola \u00f6z\u00fct\u00fc, geni\u015f etki spektrumuna sahip ola\u011fan\u00fcst\u00fc bir \u00fcr\u00fcnd\u00fcr - antikanser, antibakteriyel, sakinle\u015ftirici ve g\u00fc\u00e7lendirici \u00f6zelliklere sahiptir.\",\"breadcrumb\":{\"@id\":\"https:\\\/\\\/naturalpoland.com\\\/tr\\\/urunler\\\/bitkisel-ekstraktlar\\\/graviola-ozutu\\\/#breadcrumb\"},\"inLanguage\":\"tr\",\"potentialAction\":[{\"@type\":\"ReadAction\",\"target\":[\"https:\\\/\\\/naturalpoland.com\\\/tr\\\/urunler\\\/bitkisel-ekstraktlar\\\/graviola-ozutu\\\/\"]}]},{\"@type\":\"ImageObject\",\"inLanguage\":\"tr\",\"@id\":\"https:\\\/\\\/naturalpoland.com\\\/tr\\\/urunler\\\/bitkisel-ekstraktlar\\\/graviola-ozutu\\\/#primaryimage\",\"url\":\"https:\\\/\\\/naturalpoland.com\\\/wp-content\\\/uploads\\\/ekstrakt-z-gravioli.webp\",\"contentUrl\":\"https:\\\/\\\/naturalpoland.com\\\/wp-content\\\/uploads\\\/ekstrakt-z-gravioli.webp\",\"width\":619,\"height\":619,\"caption\":\"sar\u0131-kahverengi toz halinde graviola meyvesi \u00f6z\u00fct\u00fc\"},{\"@type\":\"BreadcrumbList\",\"@id\":\"https:\\\/\\\/naturalpoland.com\\\/tr\\\/urunler\\\/bitkisel-ekstraktlar\\\/graviola-ozutu\\\/#breadcrumb\",\"itemListElement\":[{\"@type\":\"ListItem\",\"position\":1,\"name\":\"Ana Sayfa\",\"item\":\"https:\\\/\\\/naturalpoland.com\\\/tr\\\/\"},{\"@type\":\"ListItem\",\"position\":2,\"name\":\"\u00dcr\u00fcnler\",\"item\":\"https:\\\/\\\/naturalpoland.com\\\/tr\\\/urunler\\\/\"},{\"@type\":\"ListItem\",\"position\":3,\"name\":\"Graviola \u00f6z\u00fct\u00fc\"}]},{\"@type\":\"WebSite\",\"@id\":\"https:\\\/\\\/naturalpoland.com\\\/tr\\\/#website\",\"url\":\"https:\\\/\\\/naturalpoland.com\\\/tr\\\/\",\"name\":\"NATURAL POLAND - Hurtowy Dystrybutor Surowc\u00f3w\",\"description\":\"Surowce dla przemys\u0142u spo\u017cywczego, kosmetycznego i farmaceutycznego\",\"publisher\":{\"@id\":\"https:\\\/\\\/naturalpoland.com\\\/tr\\\/#organization\"},\"potentialAction\":[{\"@type\":\"SearchAction\",\"target\":{\"@type\":\"EntryPoint\",\"urlTemplate\":\"https:\\\/\\\/naturalpoland.com\\\/tr\\\/?s={search_term_string}\"},\"query-input\":{\"@type\":\"PropertyValueSpecification\",\"valueRequired\":true,\"valueName\":\"search_term_string\"}}],\"inLanguage\":\"tr\"},{\"@type\":\"Organization\",\"@id\":\"https:\\\/\\\/naturalpoland.com\\\/tr\\\/#organization\",\"name\":\"Natural Poland\",\"url\":\"https:\\\/\\\/naturalpoland.com\\\/tr\\\/\",\"logo\":{\"@type\":\"ImageObject\",\"inLanguage\":\"tr\",\"@id\":\"https:\\\/\\\/naturalpoland.com\\\/tr\\\/#\\\/schema\\\/logo\\\/image\\\/\",\"url\":\"https:\\\/\\\/naturalpoland.com\\\/wp-content\\\/uploads\\\/2021\\\/05\\\/natural-poland-icon.png\",\"contentUrl\":\"https:\\\/\\\/naturalpoland.com\\\/wp-content\\\/uploads\\\/2021\\\/05\\\/natural-poland-icon.png\",\"width\":512,\"height\":512,\"caption\":\"Natural Poland\"},\"image\":{\"@id\":\"https:\\\/\\\/naturalpoland.com\\\/tr\\\/#\\\/schema\\\/logo\\\/image\\\/\"},\"sameAs\":[\"https:\\\/\\\/www.facebook.com\\\/naturalpoland.b2b\",\"https:\\\/\\\/pl.linkedin.com\\\/company\\\/natural-poland\",\"https:\\\/\\\/www.youtube.com\\\/channel\\\/UCgeGGkvOMahZo-xu_MSEWxg\"]}]}<\/script>\n<!-- \/ Yoast SEO plugin. -->","yoast_head_json":{"title":"Graviola \u00f6z\u00fct\u00fc - NATURAL POLAND - Hurtowy Dystrybutor Surowc\u00f3w","description":"Graviola \u00f6z\u00fct\u00fc, geni\u015f etki spektrumuna sahip ola\u011fan\u00fcst\u00fc bir \u00fcr\u00fcnd\u00fcr - antikanser, antibakteriyel, sakinle\u015ftirici ve g\u00fc\u00e7lendirici \u00f6zelliklere sahiptir.","robots":{"index":"index","follow":"follow","max-snippet":"max-snippet:-1","max-image-preview":"max-image-preview:large","max-video-preview":"max-video-preview:-1"},"canonical":"https:\/\/naturalpoland.com\/tr\/urunler\/bitkisel-ekstraktlar\/graviola-ozutu\/","og_locale":"tr_TR","og_type":"article","og_title":"Graviola \u00f6z\u00fct\u00fc - NATURAL POLAND - Hurtowy Dystrybutor Surowc\u00f3w","og_description":"Graviola \u00f6z\u00fct\u00fc, geni\u015f etki spektrumuna sahip ola\u011fan\u00fcst\u00fc bir \u00fcr\u00fcnd\u00fcr - antikanser, antibakteriyel, sakinle\u015ftirici ve g\u00fc\u00e7lendirici \u00f6zelliklere sahiptir.","og_url":"https:\/\/naturalpoland.com\/tr\/urunler\/bitkisel-ekstraktlar\/graviola-ozutu\/","og_site_name":"NATURAL POLAND - Hurtowy Dystrybutor Surowc\u00f3w","article_publisher":"https:\/\/www.facebook.com\/naturalpoland.b2b","article_modified_time":"2025-12-22T10:38:48+00:00","og_image":[{"width":619,"height":619,"url":"https:\/\/naturalpoland.com\/wp-content\/uploads\/ekstrakt-z-gravioli.webp","type":"image\/webp"}],"schema":{"@context":"https:\/\/schema.org","@graph":[{"@type":"WebPage","@id":"https:\/\/naturalpoland.com\/tr\/urunler\/bitkisel-ekstraktlar\/graviola-ozutu\/","url":"https:\/\/naturalpoland.com\/tr\/urunler\/bitkisel-ekstraktlar\/graviola-ozutu\/","name":"Graviola \u00f6z\u00fct\u00fc - NATURAL POLAND - Hurtowy Dystrybutor Surowc\u00f3w","isPartOf":{"@id":"https:\/\/naturalpoland.com\/tr\/#website"},"primaryImageOfPage":{"@id":"https:\/\/naturalpoland.com\/tr\/urunler\/bitkisel-ekstraktlar\/graviola-ozutu\/#primaryimage"},"image":{"@id":"https:\/\/naturalpoland.com\/tr\/urunler\/bitkisel-ekstraktlar\/graviola-ozutu\/#primaryimage"},"thumbnailUrl":"https:\/\/naturalpoland.com\/wp-content\/uploads\/ekstrakt-z-gravioli.webp","datePublished":"2021-06-14T14:56:14+00:00","dateModified":"2025-12-22T10:38:48+00:00","description":"Graviola \u00f6z\u00fct\u00fc, geni\u015f etki spektrumuna sahip ola\u011fan\u00fcst\u00fc bir \u00fcr\u00fcnd\u00fcr - antikanser, antibakteriyel, sakinle\u015ftirici ve g\u00fc\u00e7lendirici \u00f6zelliklere sahiptir.","breadcrumb":{"@id":"https:\/\/naturalpoland.com\/tr\/urunler\/bitkisel-ekstraktlar\/graviola-ozutu\/#breadcrumb"},"inLanguage":"tr","potentialAction":[{"@type":"ReadAction","target":["https:\/\/naturalpoland.com\/tr\/urunler\/bitkisel-ekstraktlar\/graviola-ozutu\/"]}]},{"@type":"ImageObject","inLanguage":"tr","@id":"https:\/\/naturalpoland.com\/tr\/urunler\/bitkisel-ekstraktlar\/graviola-ozutu\/#primaryimage","url":"https:\/\/naturalpoland.com\/wp-content\/uploads\/ekstrakt-z-gravioli.webp","contentUrl":"https:\/\/naturalpoland.com\/wp-content\/uploads\/ekstrakt-z-gravioli.webp","width":619,"height":619,"caption":"sar\u0131-kahverengi toz halinde graviola meyvesi \u00f6z\u00fct\u00fc"},{"@type":"BreadcrumbList","@id":"https:\/\/naturalpoland.com\/tr\/urunler\/bitkisel-ekstraktlar\/graviola-ozutu\/#breadcrumb","itemListElement":[{"@type":"ListItem","position":1,"name":"Ana Sayfa","item":"https:\/\/naturalpoland.com\/tr\/"},{"@type":"ListItem","position":2,"name":"\u00dcr\u00fcnler","item":"https:\/\/naturalpoland.com\/tr\/urunler\/"},{"@type":"ListItem","position":3,"name":"Graviola \u00f6z\u00fct\u00fc"}]},{"@type":"WebSite","@id":"https:\/\/naturalpoland.com\/tr\/#website","url":"https:\/\/naturalpoland.com\/tr\/","name":"NATURAL POLAND - Hurtowy Dystrybutor Surowc\u00f3w","description":"Surowce dla przemys\u0142u spo\u017cywczego, kosmetycznego i farmaceutycznego","publisher":{"@id":"https:\/\/naturalpoland.com\/tr\/#organization"},"potentialAction":[{"@type":"SearchAction","target":{"@type":"EntryPoint","urlTemplate":"https:\/\/naturalpoland.com\/tr\/?s={search_term_string}"},"query-input":{"@type":"PropertyValueSpecification","valueRequired":true,"valueName":"search_term_string"}}],"inLanguage":"tr"},{"@type":"Organization","@id":"https:\/\/naturalpoland.com\/tr\/#organization","name":"Natural Poland","url":"https:\/\/naturalpoland.com\/tr\/","logo":{"@type":"ImageObject","inLanguage":"tr","@id":"https:\/\/naturalpoland.com\/tr\/#\/schema\/logo\/image\/","url":"https:\/\/naturalpoland.com\/wp-content\/uploads\/2021\/05\/natural-poland-icon.png","contentUrl":"https:\/\/naturalpoland.com\/wp-content\/uploads\/2021\/05\/natural-poland-icon.png","width":512,"height":512,"caption":"Natural Poland"},"image":{"@id":"https:\/\/naturalpoland.com\/tr\/#\/schema\/logo\/image\/"},"sameAs":["https:\/\/www.facebook.com\/naturalpoland.b2b","https:\/\/pl.linkedin.com\/company\/natural-poland","https:\/\/www.youtube.com\/channel\/UCgeGGkvOMahZo-xu_MSEWxg"]}]}},"_links":{"self":[{"href":"https:\/\/naturalpoland.com\/tr\/wp-json\/wp\/v2\/product\/44305","targetHints":{"allow":["GET"]}}],"collection":[{"href":"https:\/\/naturalpoland.com\/tr\/wp-json\/wp\/v2\/product"}],"about":[{"href":"https:\/\/naturalpoland.com\/tr\/wp-json\/wp\/v2\/types\/product"}],"wp:featuredmedia":[{"embeddable":true,"href":"https:\/\/naturalpoland.com\/tr\/wp-json\/wp\/v2\/media\/44307"}],"wp:attachment":[{"href":"https:\/\/naturalpoland.com\/tr\/wp-json\/wp\/v2\/media?parent=44305"}],"wp:term":[{"taxonomy":"product_brand","embeddable":true,"href":"https:\/\/naturalpoland.com\/tr\/wp-json\/wp\/v2\/product_brand?post=44305"},{"taxonomy":"product_cat","embeddable":true,"href":"https:\/\/naturalpoland.com\/tr\/wp-json\/wp\/v2\/product_cat?post=44305"},{"taxonomy":"product_tag","embeddable":true,"href":"https:\/\/naturalpoland.com\/tr\/wp-json\/wp\/v2\/product_tag?post=44305"}],"curies":[{"name":"wp","href":"https:\/\/api.w.org\/{rel}","templated":true}]}}