{"id":44311,"date":"2021-06-17T12:12:42","date_gmt":"2021-06-17T10:12:42","guid":{"rendered":"https:\/\/naturalpoland.com\/produkty\/kategorilenmemis\/kakao-ozutu\/"},"modified":"2025-12-22T11:40:09","modified_gmt":"2025-12-22T10:40:09","slug":"kakao-ozutu","status":"publish","type":"product","link":"https:\/\/naturalpoland.com\/tr\/urunler\/bitkisel-ekstraktlar\/kakao-ozutu\/","title":{"rendered":"Kakao \u00f6z\u00fct\u00fc"},"content":{"rendered":"<p>Kakao \u00f6z\u00fct\u00fc, karakteristik koku ve tada sahip ince, sar\u0131-kahverengi bir toz formunda mevcuttur. Ana aktif bile\u015fenleri <a href=\"https:\/\/naturalpoland.com\/artykuly\/surowce-kosmetyczne\/jakie-role-odgrywaja-polifenole-w-ochronie-skory\/\">polifenoller<\/a>, <a href=\"https:\/\/naturalpoland.com\/artykuly\/produkty-naturalne\/czym-sa-i-jak-dzialaja-flawonoidy\/\">flavonoidler<\/a>, kafein, teobromin ve vitaminler (A, E, B grubu) ile mineraller (kalsiyum, demir, magnezyum, fosfor) i\u00e7erir. <\/p>\n<h2>Kakao \u00f6z\u00fct\u00fcn\u00fcn \u00f6zellikleri ve etkileri:<\/h2>\n<p><strong>Nemlendirme ve beslenme<\/strong><\/p>\n<p>Kakao \u00f6z\u00fct\u00fc, cilde gerekli besin maddelerini sa\u011flayarak yo\u011fun bir \u015fekilde nemlendirir ve besler. D\u00fczenli kullan\u0131m, cildin uygun nem seviyesini korumas\u0131na yard\u0131mc\u0131 olur. <\/p>\n<p><strong>\u015ei\u015flik ve g\u00f6z alt\u0131 morluklar\u0131n\u0131 azaltma<\/strong><\/p>\n<p>Mikro dola\u015f\u0131m\u0131 iyile\u015ftirme yetene\u011fi sayesinde, kakao \u00f6z\u00fct\u00fc kan damarlar\u0131n\u0131n ge\u00e7irgenli\u011fini ve nem kayb\u0131n\u0131 azalt\u0131r, bu da g\u00f6z alt\u0131 \u015fi\u015fliklerini ve morluklar\u0131n\u0131 etkili bir \u015fekilde azalt\u0131r.<\/p>\n<p><strong>Lipolitik etki<\/strong><\/p>\n<p>Kakao \u00f6z\u00fct\u00fc ya\u011f dokusunun metabolizmas\u0131n\u0131 uyar\u0131r, bu nedenle sel\u00fclit azaltmaya ve v\u00fccut \u015fekillendirmeye katk\u0131da bulunur. Lipolitik etkisi ya\u011f par\u00e7alanma s\u00fcre\u00e7lerini destekler, bu da onu zay\u0131flama ve sel\u00fclit kar\u015f\u0131t\u0131 \u00fcr\u00fcnlerde ideal bir bile\u015fen yapar. <\/p>\n<p><strong>Temizleme ve detoksifikasyon<\/strong><\/p>\n<p>Kakao \u00f6z\u00fct\u00fcndeki bile\u015fikler kan ve lenf dola\u015f\u0131m\u0131n\u0131 destekleyerek v\u00fccuttan toksinlerin at\u0131lmas\u0131n\u0131 kolayla\u015ft\u0131r\u0131r. Bunun sonucunda cilt daha temiz, daha parlak ve sa\u011fl\u0131kl\u0131 hale gelir. <\/p>\n<p><strong>UV korumas\u0131<\/strong><\/p>\n<p>Kakao \u00f6z\u00fct\u00fc fotoprotektif etki g\u00f6sterir, bu nedenle cilt ve sa\u00e7lar\u0131 zararl\u0131 UV \u0131\u015f\u0131nlar\u0131ndan korur. Bu, \u00f6zellikle boyal\u0131 sa\u00e7lar\u0131n rengini korumak ve cildin foto-ya\u015flanmas\u0131n\u0131 \u00f6nlemek i\u00e7in \u00f6nemlidir. <\/p>\n<p>&nbsp;<\/p>\n<h2>Kozmetikteki uygulamalar\u0131<\/h2>\n<p>Kakao \u00f6z\u00fct\u00fc sulu fazda \u00e7\u00f6z\u00fcn\u00fcr, bu da onu \u00e7e\u015fitli kozmetik form\u00fcllerde kullan\u0131m\u0131 kolay hale getirir. Losyonlar, serumlar, tonikler, \u015fampuanlar, sa\u00e7 kremleri ve y\u00fcz maskeleri gibi \u00fcr\u00fcnlerde aktif bile\u015fen olarak kullan\u0131labilir. <\/p>\n","protected":false},"excerpt":{"rendered":"<p>Y\u00fcksek kaliteli kakao \u00e7ekirde\u011fi (Theobroma cacao L.) \u00f6z\u00fct\u00fcn\u00fc stoklar\u0131m\u0131zda bulunduruyoruz. \u00dcr\u00fcn \u00c7in&#8217;den gelir ve su ekstraksiyonu i\u015flemiyle elde edilir. <\/p>\n","protected":false},"featured_media":44312,"template":"","meta":{"_acf_changed":false},"product_brand":[],"product_cat":[9531],"product_tag":[],"class_list":{"0":"post-44311","1":"product","2":"type-product","3":"status-publish","4":"has-post-thumbnail","6":"product_cat-bitkisel-ekstraktlar","7":"pa_certyfikaty-helal","8":"pa_certyfikaty-koser-sertifikasi","9":"pa_czesc-rosliny-cekirdekler","11":"first","12":"instock","13":"shipping-taxable","14":"product-type-simple"},"acf":[],"yoast_head":"<!-- This site is optimized with the Yoast SEO plugin v27.5 - https:\/\/yoast.com\/product\/yoast-seo-wordpress\/ -->\n<title>Kakao \u00f6z\u00fct\u00fc - NATURAL POLAND - Hurtowy Dystrybutor Surowc\u00f3w<\/title>\n<meta name=\"description\" content=\"Kakao \u00e7ekirde\u011fi \u00f6z\u00fct\u00fc, kalp hastal\u0131klar\u0131 ve Alzheimer hastal\u0131\u011f\u0131 riskini azaltmaktan sorumlu y\u00fcksek miktarda flavonol i\u00e7erir.\" \/>\n<meta name=\"robots\" content=\"index, follow, max-snippet:-1, max-image-preview:large, max-video-preview:-1\" \/>\n<link rel=\"canonical\" href=\"https:\/\/naturalpoland.com\/tr\/urunler\/bitkisel-ekstraktlar\/kakao-ozutu\/\" \/>\n<meta property=\"og:locale\" content=\"tr_TR\" \/>\n<meta property=\"og:type\" content=\"article\" \/>\n<meta property=\"og:title\" content=\"Kakao \u00f6z\u00fct\u00fc - NATURAL POLAND - Hurtowy Dystrybutor Surowc\u00f3w\" \/>\n<meta property=\"og:description\" content=\"Kakao \u00e7ekirde\u011fi \u00f6z\u00fct\u00fc, kalp hastal\u0131klar\u0131 ve Alzheimer hastal\u0131\u011f\u0131 riskini azaltmaktan sorumlu y\u00fcksek miktarda flavonol i\u00e7erir.\" \/>\n<meta property=\"og:url\" content=\"https:\/\/naturalpoland.com\/tr\/urunler\/bitkisel-ekstraktlar\/kakao-ozutu\/\" \/>\n<meta property=\"og:site_name\" content=\"NATURAL POLAND - Hurtowy Dystrybutor Surowc\u00f3w\" \/>\n<meta property=\"article:publisher\" content=\"https:\/\/www.facebook.com\/naturalpoland.b2b\" \/>\n<meta property=\"article:modified_time\" content=\"2025-12-22T10:40:09+00:00\" \/>\n<meta property=\"og:image\" content=\"https:\/\/naturalpoland.com\/wp-content\/uploads\/ekstrakt-z-kakao.jpg\" \/>\n\t<meta property=\"og:image:width\" content=\"650\" \/>\n\t<meta property=\"og:image:height\" content=\"572\" \/>\n\t<meta property=\"og:image:type\" content=\"image\/jpeg\" \/>\n<script type=\"application\/ld+json\" class=\"yoast-schema-graph\">{\"@context\":\"https:\\\/\\\/schema.org\",\"@graph\":[{\"@type\":\"WebPage\",\"@id\":\"https:\\\/\\\/naturalpoland.com\\\/tr\\\/urunler\\\/bitkisel-ekstraktlar\\\/kakao-ozutu\\\/\",\"url\":\"https:\\\/\\\/naturalpoland.com\\\/tr\\\/urunler\\\/bitkisel-ekstraktlar\\\/kakao-ozutu\\\/\",\"name\":\"Kakao \u00f6z\u00fct\u00fc - NATURAL POLAND - Hurtowy Dystrybutor Surowc\u00f3w\",\"isPartOf\":{\"@id\":\"https:\\\/\\\/naturalpoland.com\\\/tr\\\/#website\"},\"primaryImageOfPage\":{\"@id\":\"https:\\\/\\\/naturalpoland.com\\\/tr\\\/urunler\\\/bitkisel-ekstraktlar\\\/kakao-ozutu\\\/#primaryimage\"},\"image\":{\"@id\":\"https:\\\/\\\/naturalpoland.com\\\/tr\\\/urunler\\\/bitkisel-ekstraktlar\\\/kakao-ozutu\\\/#primaryimage\"},\"thumbnailUrl\":\"https:\\\/\\\/naturalpoland.com\\\/wp-content\\\/uploads\\\/ekstrakt-z-kakao.jpg\",\"datePublished\":\"2021-06-17T10:12:42+00:00\",\"dateModified\":\"2025-12-22T10:40:09+00:00\",\"description\":\"Kakao \u00e7ekirde\u011fi \u00f6z\u00fct\u00fc, kalp hastal\u0131klar\u0131 ve Alzheimer hastal\u0131\u011f\u0131 riskini azaltmaktan sorumlu y\u00fcksek miktarda flavonol i\u00e7erir.\",\"breadcrumb\":{\"@id\":\"https:\\\/\\\/naturalpoland.com\\\/tr\\\/urunler\\\/bitkisel-ekstraktlar\\\/kakao-ozutu\\\/#breadcrumb\"},\"inLanguage\":\"tr\",\"potentialAction\":[{\"@type\":\"ReadAction\",\"target\":[\"https:\\\/\\\/naturalpoland.com\\\/tr\\\/urunler\\\/bitkisel-ekstraktlar\\\/kakao-ozutu\\\/\"]}]},{\"@type\":\"ImageObject\",\"inLanguage\":\"tr\",\"@id\":\"https:\\\/\\\/naturalpoland.com\\\/tr\\\/urunler\\\/bitkisel-ekstraktlar\\\/kakao-ozutu\\\/#primaryimage\",\"url\":\"https:\\\/\\\/naturalpoland.com\\\/wp-content\\\/uploads\\\/ekstrakt-z-kakao.jpg\",\"contentUrl\":\"https:\\\/\\\/naturalpoland.com\\\/wp-content\\\/uploads\\\/ekstrakt-z-kakao.jpg\",\"width\":650,\"height\":572,\"caption\":\"kakao \u00f6z\u00fct\u00fc\"},{\"@type\":\"BreadcrumbList\",\"@id\":\"https:\\\/\\\/naturalpoland.com\\\/tr\\\/urunler\\\/bitkisel-ekstraktlar\\\/kakao-ozutu\\\/#breadcrumb\",\"itemListElement\":[{\"@type\":\"ListItem\",\"position\":1,\"name\":\"Ana Sayfa\",\"item\":\"https:\\\/\\\/naturalpoland.com\\\/tr\\\/\"},{\"@type\":\"ListItem\",\"position\":2,\"name\":\"\u00dcr\u00fcnler\",\"item\":\"https:\\\/\\\/naturalpoland.com\\\/tr\\\/urunler\\\/\"},{\"@type\":\"ListItem\",\"position\":3,\"name\":\"Kakao \u00f6z\u00fct\u00fc\"}]},{\"@type\":\"WebSite\",\"@id\":\"https:\\\/\\\/naturalpoland.com\\\/tr\\\/#website\",\"url\":\"https:\\\/\\\/naturalpoland.com\\\/tr\\\/\",\"name\":\"NATURAL POLAND - Hurtowy Dystrybutor Surowc\u00f3w\",\"description\":\"Surowce dla przemys\u0142u spo\u017cywczego, kosmetycznego i farmaceutycznego\",\"publisher\":{\"@id\":\"https:\\\/\\\/naturalpoland.com\\\/tr\\\/#organization\"},\"potentialAction\":[{\"@type\":\"SearchAction\",\"target\":{\"@type\":\"EntryPoint\",\"urlTemplate\":\"https:\\\/\\\/naturalpoland.com\\\/tr\\\/?s={search_term_string}\"},\"query-input\":{\"@type\":\"PropertyValueSpecification\",\"valueRequired\":true,\"valueName\":\"search_term_string\"}}],\"inLanguage\":\"tr\"},{\"@type\":\"Organization\",\"@id\":\"https:\\\/\\\/naturalpoland.com\\\/tr\\\/#organization\",\"name\":\"Natural Poland\",\"url\":\"https:\\\/\\\/naturalpoland.com\\\/tr\\\/\",\"logo\":{\"@type\":\"ImageObject\",\"inLanguage\":\"tr\",\"@id\":\"https:\\\/\\\/naturalpoland.com\\\/tr\\\/#\\\/schema\\\/logo\\\/image\\\/\",\"url\":\"https:\\\/\\\/naturalpoland.com\\\/wp-content\\\/uploads\\\/2021\\\/05\\\/natural-poland-icon.png\",\"contentUrl\":\"https:\\\/\\\/naturalpoland.com\\\/wp-content\\\/uploads\\\/2021\\\/05\\\/natural-poland-icon.png\",\"width\":512,\"height\":512,\"caption\":\"Natural Poland\"},\"image\":{\"@id\":\"https:\\\/\\\/naturalpoland.com\\\/tr\\\/#\\\/schema\\\/logo\\\/image\\\/\"},\"sameAs\":[\"https:\\\/\\\/www.facebook.com\\\/naturalpoland.b2b\",\"https:\\\/\\\/pl.linkedin.com\\\/company\\\/natural-poland\",\"https:\\\/\\\/www.youtube.com\\\/channel\\\/UCgeGGkvOMahZo-xu_MSEWxg\"]}]}<\/script>\n<!-- \/ Yoast SEO plugin. -->","yoast_head_json":{"title":"Kakao \u00f6z\u00fct\u00fc - NATURAL POLAND - Hurtowy Dystrybutor Surowc\u00f3w","description":"Kakao \u00e7ekirde\u011fi \u00f6z\u00fct\u00fc, kalp hastal\u0131klar\u0131 ve Alzheimer hastal\u0131\u011f\u0131 riskini azaltmaktan sorumlu y\u00fcksek miktarda flavonol i\u00e7erir.","robots":{"index":"index","follow":"follow","max-snippet":"max-snippet:-1","max-image-preview":"max-image-preview:large","max-video-preview":"max-video-preview:-1"},"canonical":"https:\/\/naturalpoland.com\/tr\/urunler\/bitkisel-ekstraktlar\/kakao-ozutu\/","og_locale":"tr_TR","og_type":"article","og_title":"Kakao \u00f6z\u00fct\u00fc - NATURAL POLAND - Hurtowy Dystrybutor Surowc\u00f3w","og_description":"Kakao \u00e7ekirde\u011fi \u00f6z\u00fct\u00fc, kalp hastal\u0131klar\u0131 ve Alzheimer hastal\u0131\u011f\u0131 riskini azaltmaktan sorumlu y\u00fcksek miktarda flavonol i\u00e7erir.","og_url":"https:\/\/naturalpoland.com\/tr\/urunler\/bitkisel-ekstraktlar\/kakao-ozutu\/","og_site_name":"NATURAL POLAND - Hurtowy Dystrybutor Surowc\u00f3w","article_publisher":"https:\/\/www.facebook.com\/naturalpoland.b2b","article_modified_time":"2025-12-22T10:40:09+00:00","og_image":[{"width":650,"height":572,"url":"https:\/\/naturalpoland.com\/wp-content\/uploads\/ekstrakt-z-kakao.jpg","type":"image\/jpeg"}],"schema":{"@context":"https:\/\/schema.org","@graph":[{"@type":"WebPage","@id":"https:\/\/naturalpoland.com\/tr\/urunler\/bitkisel-ekstraktlar\/kakao-ozutu\/","url":"https:\/\/naturalpoland.com\/tr\/urunler\/bitkisel-ekstraktlar\/kakao-ozutu\/","name":"Kakao \u00f6z\u00fct\u00fc - NATURAL POLAND - Hurtowy Dystrybutor Surowc\u00f3w","isPartOf":{"@id":"https:\/\/naturalpoland.com\/tr\/#website"},"primaryImageOfPage":{"@id":"https:\/\/naturalpoland.com\/tr\/urunler\/bitkisel-ekstraktlar\/kakao-ozutu\/#primaryimage"},"image":{"@id":"https:\/\/naturalpoland.com\/tr\/urunler\/bitkisel-ekstraktlar\/kakao-ozutu\/#primaryimage"},"thumbnailUrl":"https:\/\/naturalpoland.com\/wp-content\/uploads\/ekstrakt-z-kakao.jpg","datePublished":"2021-06-17T10:12:42+00:00","dateModified":"2025-12-22T10:40:09+00:00","description":"Kakao \u00e7ekirde\u011fi \u00f6z\u00fct\u00fc, kalp hastal\u0131klar\u0131 ve Alzheimer hastal\u0131\u011f\u0131 riskini azaltmaktan sorumlu y\u00fcksek miktarda flavonol i\u00e7erir.","breadcrumb":{"@id":"https:\/\/naturalpoland.com\/tr\/urunler\/bitkisel-ekstraktlar\/kakao-ozutu\/#breadcrumb"},"inLanguage":"tr","potentialAction":[{"@type":"ReadAction","target":["https:\/\/naturalpoland.com\/tr\/urunler\/bitkisel-ekstraktlar\/kakao-ozutu\/"]}]},{"@type":"ImageObject","inLanguage":"tr","@id":"https:\/\/naturalpoland.com\/tr\/urunler\/bitkisel-ekstraktlar\/kakao-ozutu\/#primaryimage","url":"https:\/\/naturalpoland.com\/wp-content\/uploads\/ekstrakt-z-kakao.jpg","contentUrl":"https:\/\/naturalpoland.com\/wp-content\/uploads\/ekstrakt-z-kakao.jpg","width":650,"height":572,"caption":"kakao \u00f6z\u00fct\u00fc"},{"@type":"BreadcrumbList","@id":"https:\/\/naturalpoland.com\/tr\/urunler\/bitkisel-ekstraktlar\/kakao-ozutu\/#breadcrumb","itemListElement":[{"@type":"ListItem","position":1,"name":"Ana Sayfa","item":"https:\/\/naturalpoland.com\/tr\/"},{"@type":"ListItem","position":2,"name":"\u00dcr\u00fcnler","item":"https:\/\/naturalpoland.com\/tr\/urunler\/"},{"@type":"ListItem","position":3,"name":"Kakao \u00f6z\u00fct\u00fc"}]},{"@type":"WebSite","@id":"https:\/\/naturalpoland.com\/tr\/#website","url":"https:\/\/naturalpoland.com\/tr\/","name":"NATURAL POLAND - Hurtowy Dystrybutor Surowc\u00f3w","description":"Surowce dla przemys\u0142u spo\u017cywczego, kosmetycznego i farmaceutycznego","publisher":{"@id":"https:\/\/naturalpoland.com\/tr\/#organization"},"potentialAction":[{"@type":"SearchAction","target":{"@type":"EntryPoint","urlTemplate":"https:\/\/naturalpoland.com\/tr\/?s={search_term_string}"},"query-input":{"@type":"PropertyValueSpecification","valueRequired":true,"valueName":"search_term_string"}}],"inLanguage":"tr"},{"@type":"Organization","@id":"https:\/\/naturalpoland.com\/tr\/#organization","name":"Natural Poland","url":"https:\/\/naturalpoland.com\/tr\/","logo":{"@type":"ImageObject","inLanguage":"tr","@id":"https:\/\/naturalpoland.com\/tr\/#\/schema\/logo\/image\/","url":"https:\/\/naturalpoland.com\/wp-content\/uploads\/2021\/05\/natural-poland-icon.png","contentUrl":"https:\/\/naturalpoland.com\/wp-content\/uploads\/2021\/05\/natural-poland-icon.png","width":512,"height":512,"caption":"Natural Poland"},"image":{"@id":"https:\/\/naturalpoland.com\/tr\/#\/schema\/logo\/image\/"},"sameAs":["https:\/\/www.facebook.com\/naturalpoland.b2b","https:\/\/pl.linkedin.com\/company\/natural-poland","https:\/\/www.youtube.com\/channel\/UCgeGGkvOMahZo-xu_MSEWxg"]}]}},"_links":{"self":[{"href":"https:\/\/naturalpoland.com\/tr\/wp-json\/wp\/v2\/product\/44311","targetHints":{"allow":["GET"]}}],"collection":[{"href":"https:\/\/naturalpoland.com\/tr\/wp-json\/wp\/v2\/product"}],"about":[{"href":"https:\/\/naturalpoland.com\/tr\/wp-json\/wp\/v2\/types\/product"}],"wp:featuredmedia":[{"embeddable":true,"href":"https:\/\/naturalpoland.com\/tr\/wp-json\/wp\/v2\/media\/44312"}],"wp:attachment":[{"href":"https:\/\/naturalpoland.com\/tr\/wp-json\/wp\/v2\/media?parent=44311"}],"wp:term":[{"taxonomy":"product_brand","embeddable":true,"href":"https:\/\/naturalpoland.com\/tr\/wp-json\/wp\/v2\/product_brand?post=44311"},{"taxonomy":"product_cat","embeddable":true,"href":"https:\/\/naturalpoland.com\/tr\/wp-json\/wp\/v2\/product_cat?post=44311"},{"taxonomy":"product_tag","embeddable":true,"href":"https:\/\/naturalpoland.com\/tr\/wp-json\/wp\/v2\/product_tag?post=44311"}],"curies":[{"name":"wp","href":"https:\/\/api.w.org\/{rel}","templated":true}]}}