{"id":44313,"date":"2021-05-11T13:47:00","date_gmt":"2021-05-11T11:47:00","guid":{"rendered":"https:\/\/naturalpoland.com\/produkty\/kategorilenmemis\/kakao-yagi\/"},"modified":"2025-12-22T11:40:32","modified_gmt":"2025-12-22T10:40:32","slug":"kakao-yagi","status":"publish","type":"product","link":"https:\/\/naturalpoland.com\/tr\/urunler\/kozmetik-hammaddeleri\/kozmetik-yaglari\/kakao-yagi\/","title":{"rendered":"Kakao Ya\u011f\u0131"},"content":{"rendered":"<h2>Kakao ya\u011f\u0131n\u0131n bile\u015fimi<\/h2>\n<p>Ya\u011f, oleik asit, stearik asit ve palmitik asit gibi doymu\u015f ve doymam\u0131\u015f ya\u011f asitleri i\u00e7erir. Bu asitler kakao ya\u011f\u0131n\u0131 nemlendirici ve onar\u0131c\u0131 \u00f6zelliklere sahip m\u00fckemmel bir emollient yapar. Polifenoller ve E vitamini dahil y\u00fcksek do\u011fal antioksidan i\u00e7eri\u011fi sayesinde g\u00fc\u00e7l\u00fc antioksidan etki g\u00f6sterir ve serbest radikalleri n\u00f6tralize ederek cilt ya\u015flanma s\u00fcre\u00e7lerini geciktirir. <\/p>\n<h3>Ya\u011f asidi i\u00e7eri\u011fi<\/h3>\n<table>\n<tbody>\n<tr>\n<th>AS\u0130T ADI<\/th>\n<th>C-Z\u0130NC\u0130R\u0130<\/th>\n<th>ARALIK (%)<\/th>\n<\/tr>\n<tr>\n<td>PALM\u0130T\u0130K<\/td>\n<td>C16:0<\/td>\n<td>23.0 \u2013 30.0<\/td>\n<\/tr>\n<tr>\n<td>STEAR\u0130K<\/td>\n<td>C18:0<\/td>\n<td>30.0 \u2013 37.0<\/td>\n<\/tr>\n<tr>\n<td>OLE\u0130K<\/td>\n<td>C18:1<\/td>\n<td>31.0 \u2013 39.0<\/td>\n<\/tr>\n<tr>\n<td>L\u0130NOLE\u0130K<\/td>\n<td>C18:2<\/td>\n<td>1.5 \u2013 4.5<\/td>\n<\/tr>\n<\/tbody>\n<\/table>\n<p>&nbsp;<\/p>\n<h2>\u00d6zellikler ve kullan\u0131m:<\/h2>\n<p><strong>kozmetik end\u00fcstrisinde:<\/strong><\/p>\n<p>Kakao ya\u011f\u0131n\u0131n d\u00fczenli kullan\u0131m\u0131 cildin elastikiyetini art\u0131r\u0131r, \u00e7atlaklar ve izlerle m\u00fccadelede yard\u0131mc\u0131 olur, cilt tonunu e\u015fitler ve nem kayb\u0131na kar\u015f\u0131 korur. Kozmetik olarak kuru, olgun ve hasarl\u0131 cilt i\u00e7in, AZS, sedef hastal\u0131\u011f\u0131 veya epidermis \u00e7atlaklar\u0131 gibi problemler i\u00e7in \u00f6nerilir. <\/p>\n<p>Ya\u011f do\u011fal UV filtresi (yakla\u015f\u0131k SPF 4) i\u00e7erir, bu nedenle g\u00fcne\u015f \u0131\u015f\u0131nlar\u0131na kar\u015f\u0131 hafif koruma sa\u011flar. Ayr\u0131ca gev\u015fetici masajlarda kullan\u0131lan \u00fcr\u00fcn olarak da i\u015fe yarar ve gerginlik ile stresi azaltmaya yard\u0131mc\u0131 olur. <\/p>\n<p>Sa\u00e7 bak\u0131m\u0131nda da p\u00fcr\u00fczs\u00fczl\u00fck, esneklik ve parlakl\u0131k veren maske olarak kullan\u0131labilir.<\/p>\n<p><strong>G\u0131da end\u00fcstrisinde:<\/strong><\/p>\n<p>Kakao ya\u011f\u0131 d\u00fc\u015f\u00fck erime s\u0131cakl\u0131\u011f\u0131 (30-35 \u00b0C) sayesinde \u00e7ikolata \u00fcretiminde ideal performans g\u00f6sterir, zengin lezzet ve a\u011f\u0131zda kolayca eriyen kremsi k\u0131vam sa\u011flar.<\/p>\n<p>\u00c7ok d\u00fc\u015f\u00fck serbest ya\u011f asidi i\u00e7eri\u011fi (%0,5), d\u00fc\u015f\u00fck peroksit de\u011feri (1,17 meq O2\/kg) ve minimal nem (%0,29) ile karakterize edilir. Bu nedenle karanl\u0131k ve serin yerde uygun \u015fekilde sakland\u0131\u011f\u0131nda iki y\u0131la kadar ac\u0131la\u015fmaya diren\u00e7li, stabil ve dayan\u0131kl\u0131 bitkisel ya\u011fd\u0131r. <\/p>\n","protected":false},"excerpt":{"rendered":"<p>Kakao ya\u011f\u0131, kakao a\u011fac\u0131n\u0131n (<em>Theobroma cacao<\/em>) \u00e7ekirdeklerinin so\u011fuk preslenmesiyle \u00fcretilir. Karakteristik tatl\u0131 kokusu ve a\u00e7\u0131k sar\u0131 rengiyle bilinir. <\/p>\n","protected":false},"featured_media":44315,"template":"","meta":{"_acf_changed":false},"product_brand":[],"product_cat":[9550],"product_tag":[],"class_list":{"0":"post-44313","1":"product","2":"type-product","3":"status-publish","4":"has-post-thumbnail","6":"product_cat-kozmetik-yaglari","7":"pa_grupa-substancji-emolyenler","9":"first","10":"instock","11":"shipping-taxable","12":"product-type-simple"},"acf":[],"yoast_head":"<!-- This site is optimized with the Yoast SEO plugin v27.5 - https:\/\/yoast.com\/product\/yoast-seo-wordpress\/ -->\n<title>Kakao Ya\u011f\u0131 - NATURAL POLAND - Hurtowy Dystrybutor Surowc\u00f3w<\/title>\n<meta name=\"description\" content=\"Kakao ya\u011f\u0131 kozmetik ve g\u0131da \u00fcr\u00fcn\u00fcd\u00fcr. Y\u00fcksek ya\u011f i\u00e7eri\u011fine sahiptir, bu nedenle besleyici ve onar\u0131c\u0131 \u00fcr\u00fcn olarak m\u00fckemmel performans g\u00f6sterir.\" \/>\n<meta name=\"robots\" content=\"index, follow, max-snippet:-1, max-image-preview:large, max-video-preview:-1\" \/>\n<link rel=\"canonical\" href=\"https:\/\/naturalpoland.com\/tr\/urunler\/kozmetik-hammaddeleri\/kozmetik-yaglari\/kakao-yagi\/\" \/>\n<meta property=\"og:locale\" content=\"tr_TR\" \/>\n<meta property=\"og:type\" content=\"article\" \/>\n<meta property=\"og:title\" content=\"Kakao Ya\u011f\u0131 - NATURAL POLAND - Hurtowy Dystrybutor Surowc\u00f3w\" \/>\n<meta property=\"og:description\" content=\"Kakao ya\u011f\u0131 kozmetik ve g\u0131da \u00fcr\u00fcn\u00fcd\u00fcr. Y\u00fcksek ya\u011f i\u00e7eri\u011fine sahiptir, bu nedenle besleyici ve onar\u0131c\u0131 \u00fcr\u00fcn olarak m\u00fckemmel performans g\u00f6sterir.\" \/>\n<meta property=\"og:url\" content=\"https:\/\/naturalpoland.com\/tr\/urunler\/kozmetik-hammaddeleri\/kozmetik-yaglari\/kakao-yagi\/\" \/>\n<meta property=\"og:site_name\" content=\"NATURAL POLAND - Hurtowy Dystrybutor Surowc\u00f3w\" \/>\n<meta property=\"article:publisher\" content=\"https:\/\/www.facebook.com\/naturalpoland.b2b\" \/>\n<meta property=\"article:modified_time\" content=\"2025-12-22T10:40:32+00:00\" \/>\n<meta property=\"og:image\" content=\"https:\/\/naturalpoland.com\/wp-content\/uploads\/maslo-kakaowe.webp\" \/>\n\t<meta property=\"og:image:width\" content=\"619\" \/>\n\t<meta property=\"og:image:height\" content=\"619\" \/>\n\t<meta property=\"og:image:type\" content=\"image\/webp\" \/>\n<script type=\"application\/ld+json\" class=\"yoast-schema-graph\">{\"@context\":\"https:\\\/\\\/schema.org\",\"@graph\":[{\"@type\":\"WebPage\",\"@id\":\"https:\\\/\\\/naturalpoland.com\\\/tr\\\/urunler\\\/kozmetik-hammaddeleri\\\/kozmetik-yaglari\\\/kakao-yagi\\\/\",\"url\":\"https:\\\/\\\/naturalpoland.com\\\/tr\\\/urunler\\\/kozmetik-hammaddeleri\\\/kozmetik-yaglari\\\/kakao-yagi\\\/\",\"name\":\"Kakao Ya\u011f\u0131 - NATURAL POLAND - Hurtowy Dystrybutor Surowc\u00f3w\",\"isPartOf\":{\"@id\":\"https:\\\/\\\/naturalpoland.com\\\/tr\\\/#website\"},\"primaryImageOfPage\":{\"@id\":\"https:\\\/\\\/naturalpoland.com\\\/tr\\\/urunler\\\/kozmetik-hammaddeleri\\\/kozmetik-yaglari\\\/kakao-yagi\\\/#primaryimage\"},\"image\":{\"@id\":\"https:\\\/\\\/naturalpoland.com\\\/tr\\\/urunler\\\/kozmetik-hammaddeleri\\\/kozmetik-yaglari\\\/kakao-yagi\\\/#primaryimage\"},\"thumbnailUrl\":\"https:\\\/\\\/naturalpoland.com\\\/wp-content\\\/uploads\\\/maslo-kakaowe.webp\",\"datePublished\":\"2021-05-11T11:47:00+00:00\",\"dateModified\":\"2025-12-22T10:40:32+00:00\",\"description\":\"Kakao ya\u011f\u0131 kozmetik ve g\u0131da \u00fcr\u00fcn\u00fcd\u00fcr. Y\u00fcksek ya\u011f i\u00e7eri\u011fine sahiptir, bu nedenle besleyici ve onar\u0131c\u0131 \u00fcr\u00fcn olarak m\u00fckemmel performans g\u00f6sterir.\",\"breadcrumb\":{\"@id\":\"https:\\\/\\\/naturalpoland.com\\\/tr\\\/urunler\\\/kozmetik-hammaddeleri\\\/kozmetik-yaglari\\\/kakao-yagi\\\/#breadcrumb\"},\"inLanguage\":\"tr\",\"potentialAction\":[{\"@type\":\"ReadAction\",\"target\":[\"https:\\\/\\\/naturalpoland.com\\\/tr\\\/urunler\\\/kozmetik-hammaddeleri\\\/kozmetik-yaglari\\\/kakao-yagi\\\/\"]}]},{\"@type\":\"ImageObject\",\"inLanguage\":\"tr\",\"@id\":\"https:\\\/\\\/naturalpoland.com\\\/tr\\\/urunler\\\/kozmetik-hammaddeleri\\\/kozmetik-yaglari\\\/kakao-yagi\\\/#primaryimage\",\"url\":\"https:\\\/\\\/naturalpoland.com\\\/wp-content\\\/uploads\\\/maslo-kakaowe.webp\",\"contentUrl\":\"https:\\\/\\\/naturalpoland.com\\\/wp-content\\\/uploads\\\/maslo-kakaowe.webp\",\"width\":619,\"height\":619,\"caption\":\"kakao ya\u011f\u0131\"},{\"@type\":\"BreadcrumbList\",\"@id\":\"https:\\\/\\\/naturalpoland.com\\\/tr\\\/urunler\\\/kozmetik-hammaddeleri\\\/kozmetik-yaglari\\\/kakao-yagi\\\/#breadcrumb\",\"itemListElement\":[{\"@type\":\"ListItem\",\"position\":1,\"name\":\"Ana Sayfa\",\"item\":\"https:\\\/\\\/naturalpoland.com\\\/tr\\\/\"},{\"@type\":\"ListItem\",\"position\":2,\"name\":\"\u00dcr\u00fcnler\",\"item\":\"https:\\\/\\\/naturalpoland.com\\\/tr\\\/urunler\\\/\"},{\"@type\":\"ListItem\",\"position\":3,\"name\":\"Kakao Ya\u011f\u0131\"}]},{\"@type\":\"WebSite\",\"@id\":\"https:\\\/\\\/naturalpoland.com\\\/tr\\\/#website\",\"url\":\"https:\\\/\\\/naturalpoland.com\\\/tr\\\/\",\"name\":\"NATURAL POLAND - Hurtowy Dystrybutor Surowc\u00f3w\",\"description\":\"Surowce dla przemys\u0142u spo\u017cywczego, kosmetycznego i farmaceutycznego\",\"publisher\":{\"@id\":\"https:\\\/\\\/naturalpoland.com\\\/tr\\\/#organization\"},\"potentialAction\":[{\"@type\":\"SearchAction\",\"target\":{\"@type\":\"EntryPoint\",\"urlTemplate\":\"https:\\\/\\\/naturalpoland.com\\\/tr\\\/?s={search_term_string}\"},\"query-input\":{\"@type\":\"PropertyValueSpecification\",\"valueRequired\":true,\"valueName\":\"search_term_string\"}}],\"inLanguage\":\"tr\"},{\"@type\":\"Organization\",\"@id\":\"https:\\\/\\\/naturalpoland.com\\\/tr\\\/#organization\",\"name\":\"Natural Poland\",\"url\":\"https:\\\/\\\/naturalpoland.com\\\/tr\\\/\",\"logo\":{\"@type\":\"ImageObject\",\"inLanguage\":\"tr\",\"@id\":\"https:\\\/\\\/naturalpoland.com\\\/tr\\\/#\\\/schema\\\/logo\\\/image\\\/\",\"url\":\"https:\\\/\\\/naturalpoland.com\\\/wp-content\\\/uploads\\\/2021\\\/05\\\/natural-poland-icon.png\",\"contentUrl\":\"https:\\\/\\\/naturalpoland.com\\\/wp-content\\\/uploads\\\/2021\\\/05\\\/natural-poland-icon.png\",\"width\":512,\"height\":512,\"caption\":\"Natural Poland\"},\"image\":{\"@id\":\"https:\\\/\\\/naturalpoland.com\\\/tr\\\/#\\\/schema\\\/logo\\\/image\\\/\"},\"sameAs\":[\"https:\\\/\\\/www.facebook.com\\\/naturalpoland.b2b\",\"https:\\\/\\\/pl.linkedin.com\\\/company\\\/natural-poland\",\"https:\\\/\\\/www.youtube.com\\\/channel\\\/UCgeGGkvOMahZo-xu_MSEWxg\"]}]}<\/script>\n<!-- \/ Yoast SEO plugin. -->","yoast_head_json":{"title":"Kakao Ya\u011f\u0131 - NATURAL POLAND - Hurtowy Dystrybutor Surowc\u00f3w","description":"Kakao ya\u011f\u0131 kozmetik ve g\u0131da \u00fcr\u00fcn\u00fcd\u00fcr. Y\u00fcksek ya\u011f i\u00e7eri\u011fine sahiptir, bu nedenle besleyici ve onar\u0131c\u0131 \u00fcr\u00fcn olarak m\u00fckemmel performans g\u00f6sterir.","robots":{"index":"index","follow":"follow","max-snippet":"max-snippet:-1","max-image-preview":"max-image-preview:large","max-video-preview":"max-video-preview:-1"},"canonical":"https:\/\/naturalpoland.com\/tr\/urunler\/kozmetik-hammaddeleri\/kozmetik-yaglari\/kakao-yagi\/","og_locale":"tr_TR","og_type":"article","og_title":"Kakao Ya\u011f\u0131 - NATURAL POLAND - Hurtowy Dystrybutor Surowc\u00f3w","og_description":"Kakao ya\u011f\u0131 kozmetik ve g\u0131da \u00fcr\u00fcn\u00fcd\u00fcr. Y\u00fcksek ya\u011f i\u00e7eri\u011fine sahiptir, bu nedenle besleyici ve onar\u0131c\u0131 \u00fcr\u00fcn olarak m\u00fckemmel performans g\u00f6sterir.","og_url":"https:\/\/naturalpoland.com\/tr\/urunler\/kozmetik-hammaddeleri\/kozmetik-yaglari\/kakao-yagi\/","og_site_name":"NATURAL POLAND - Hurtowy Dystrybutor Surowc\u00f3w","article_publisher":"https:\/\/www.facebook.com\/naturalpoland.b2b","article_modified_time":"2025-12-22T10:40:32+00:00","og_image":[{"width":619,"height":619,"url":"https:\/\/naturalpoland.com\/wp-content\/uploads\/maslo-kakaowe.webp","type":"image\/webp"}],"schema":{"@context":"https:\/\/schema.org","@graph":[{"@type":"WebPage","@id":"https:\/\/naturalpoland.com\/tr\/urunler\/kozmetik-hammaddeleri\/kozmetik-yaglari\/kakao-yagi\/","url":"https:\/\/naturalpoland.com\/tr\/urunler\/kozmetik-hammaddeleri\/kozmetik-yaglari\/kakao-yagi\/","name":"Kakao Ya\u011f\u0131 - NATURAL POLAND - Hurtowy Dystrybutor Surowc\u00f3w","isPartOf":{"@id":"https:\/\/naturalpoland.com\/tr\/#website"},"primaryImageOfPage":{"@id":"https:\/\/naturalpoland.com\/tr\/urunler\/kozmetik-hammaddeleri\/kozmetik-yaglari\/kakao-yagi\/#primaryimage"},"image":{"@id":"https:\/\/naturalpoland.com\/tr\/urunler\/kozmetik-hammaddeleri\/kozmetik-yaglari\/kakao-yagi\/#primaryimage"},"thumbnailUrl":"https:\/\/naturalpoland.com\/wp-content\/uploads\/maslo-kakaowe.webp","datePublished":"2021-05-11T11:47:00+00:00","dateModified":"2025-12-22T10:40:32+00:00","description":"Kakao ya\u011f\u0131 kozmetik ve g\u0131da \u00fcr\u00fcn\u00fcd\u00fcr. Y\u00fcksek ya\u011f i\u00e7eri\u011fine sahiptir, bu nedenle besleyici ve onar\u0131c\u0131 \u00fcr\u00fcn olarak m\u00fckemmel performans g\u00f6sterir.","breadcrumb":{"@id":"https:\/\/naturalpoland.com\/tr\/urunler\/kozmetik-hammaddeleri\/kozmetik-yaglari\/kakao-yagi\/#breadcrumb"},"inLanguage":"tr","potentialAction":[{"@type":"ReadAction","target":["https:\/\/naturalpoland.com\/tr\/urunler\/kozmetik-hammaddeleri\/kozmetik-yaglari\/kakao-yagi\/"]}]},{"@type":"ImageObject","inLanguage":"tr","@id":"https:\/\/naturalpoland.com\/tr\/urunler\/kozmetik-hammaddeleri\/kozmetik-yaglari\/kakao-yagi\/#primaryimage","url":"https:\/\/naturalpoland.com\/wp-content\/uploads\/maslo-kakaowe.webp","contentUrl":"https:\/\/naturalpoland.com\/wp-content\/uploads\/maslo-kakaowe.webp","width":619,"height":619,"caption":"kakao ya\u011f\u0131"},{"@type":"BreadcrumbList","@id":"https:\/\/naturalpoland.com\/tr\/urunler\/kozmetik-hammaddeleri\/kozmetik-yaglari\/kakao-yagi\/#breadcrumb","itemListElement":[{"@type":"ListItem","position":1,"name":"Ana Sayfa","item":"https:\/\/naturalpoland.com\/tr\/"},{"@type":"ListItem","position":2,"name":"\u00dcr\u00fcnler","item":"https:\/\/naturalpoland.com\/tr\/urunler\/"},{"@type":"ListItem","position":3,"name":"Kakao Ya\u011f\u0131"}]},{"@type":"WebSite","@id":"https:\/\/naturalpoland.com\/tr\/#website","url":"https:\/\/naturalpoland.com\/tr\/","name":"NATURAL POLAND - Hurtowy Dystrybutor Surowc\u00f3w","description":"Surowce dla przemys\u0142u spo\u017cywczego, kosmetycznego i farmaceutycznego","publisher":{"@id":"https:\/\/naturalpoland.com\/tr\/#organization"},"potentialAction":[{"@type":"SearchAction","target":{"@type":"EntryPoint","urlTemplate":"https:\/\/naturalpoland.com\/tr\/?s={search_term_string}"},"query-input":{"@type":"PropertyValueSpecification","valueRequired":true,"valueName":"search_term_string"}}],"inLanguage":"tr"},{"@type":"Organization","@id":"https:\/\/naturalpoland.com\/tr\/#organization","name":"Natural Poland","url":"https:\/\/naturalpoland.com\/tr\/","logo":{"@type":"ImageObject","inLanguage":"tr","@id":"https:\/\/naturalpoland.com\/tr\/#\/schema\/logo\/image\/","url":"https:\/\/naturalpoland.com\/wp-content\/uploads\/2021\/05\/natural-poland-icon.png","contentUrl":"https:\/\/naturalpoland.com\/wp-content\/uploads\/2021\/05\/natural-poland-icon.png","width":512,"height":512,"caption":"Natural Poland"},"image":{"@id":"https:\/\/naturalpoland.com\/tr\/#\/schema\/logo\/image\/"},"sameAs":["https:\/\/www.facebook.com\/naturalpoland.b2b","https:\/\/pl.linkedin.com\/company\/natural-poland","https:\/\/www.youtube.com\/channel\/UCgeGGkvOMahZo-xu_MSEWxg"]}]}},"_links":{"self":[{"href":"https:\/\/naturalpoland.com\/tr\/wp-json\/wp\/v2\/product\/44313","targetHints":{"allow":["GET"]}}],"collection":[{"href":"https:\/\/naturalpoland.com\/tr\/wp-json\/wp\/v2\/product"}],"about":[{"href":"https:\/\/naturalpoland.com\/tr\/wp-json\/wp\/v2\/types\/product"}],"wp:featuredmedia":[{"embeddable":true,"href":"https:\/\/naturalpoland.com\/tr\/wp-json\/wp\/v2\/media\/44315"}],"wp:attachment":[{"href":"https:\/\/naturalpoland.com\/tr\/wp-json\/wp\/v2\/media?parent=44313"}],"wp:term":[{"taxonomy":"product_brand","embeddable":true,"href":"https:\/\/naturalpoland.com\/tr\/wp-json\/wp\/v2\/product_brand?post=44313"},{"taxonomy":"product_cat","embeddable":true,"href":"https:\/\/naturalpoland.com\/tr\/wp-json\/wp\/v2\/product_cat?post=44313"},{"taxonomy":"product_tag","embeddable":true,"href":"https:\/\/naturalpoland.com\/tr\/wp-json\/wp\/v2\/product_tag?post=44313"}],"curies":[{"name":"wp","href":"https:\/\/api.w.org\/{rel}","templated":true}]}}