{"id":44326,"date":"2021-05-11T13:55:48","date_gmt":"2021-05-11T11:55:48","guid":{"rendered":"https:\/\/naturalpoland.com\/produkty\/kategorilenmemis\/sci-sodyum-kokoil-izetionat\/"},"modified":"2025-12-22T11:42:59","modified_gmt":"2025-12-22T10:42:59","slug":"sci-sodyum-kokoil-izetionat","status":"publish","type":"product","link":"https:\/\/naturalpoland.com\/tr\/urunler\/kozmetik-hammaddeleri\/kozmetik-hammaddeleri-2\/sci-sodyum-kokoil-izetionat\/","title":{"rendered":"SCI (Sodyum Kokoil \u0130zetionat)"},"content":{"rendered":"<p>SCI (Sodyum Kokoil \u0130zetionat), ayn\u0131 zamanda <strong>sodyum kokoil izetionat<\/strong> olarak da bilinen, kat\u0131 formda anyonik bir y\u00fczey aktif maddedir. Cilt, sa\u00e7 ve g\u00f6zler i\u00e7in yumu\u015fak olup, sabun ve temizleme s\u0131v\u0131lar\u0131 gibi hassas temizlik \u00fcr\u00fcnlerinin bile\u015feni olarak m\u00fckemmel performans g\u00f6sterir. Ayr\u0131ca \u00e7ocuk kozmetiklerinde de kullan\u0131labilir.  <\/p>\n<p>SCI su ile birle\u015fti\u011finde, banyodan gelen keyifli hisleri art\u0131ran g\u00fczel, kararl\u0131 bir k\u00f6p\u00fck olu\u015fturur. Sodyum Kokoil \u0130zetionat biyolojik olarak par\u00e7alanabilir ve \u00e7evre dostudur. <\/p>\n<p>Beyaz veya a\u00e7\u0131k sar\u0131 toz formunda sunulan \u00fcr\u00fcn\u00fcm\u00fcz, analiz ile do\u011frulanan kalite gereksinimlerini kar\u015f\u0131lar &#8211; %80&#8217;den fazla aktif bile\u015fen i\u00e7erir.<\/p>\n<p>&nbsp;<\/p>\n<p>&nbsp;<\/p>\n","protected":false},"excerpt":{"rendered":"<p>G\u00fcvenli ve do\u011fal kozmetik \u00fcr\u00fcnlerinde kullan\u0131lan anyonik y\u00fczey aktif madde <strong>SCI<\/strong>&#8216;nin (<strong>Sodyum Kokoil \u0130zetionat<\/strong>) toptan da\u011f\u0131t\u0131c\u0131s\u0131y\u0131z.<\/p>\n<p><span style=\"font-size: 14.4px;\">Bu madde insan sa\u011fl\u0131\u011f\u0131 ve \u00e7evre i\u00e7in tamamen g\u00fcvenlidir.<\/span><\/p>\n","protected":false},"featured_media":44328,"template":"","meta":{"_acf_changed":false},"product_brand":[],"product_cat":[9557],"product_tag":[],"class_list":{"0":"post-44326","1":"product","2":"type-product","3":"status-publish","4":"has-post-thumbnail","6":"product_cat-kozmetik-hammaddeleri-2","8":"first","9":"instock","10":"shipping-taxable","11":"product-type-simple"},"acf":[],"yoast_head":"<!-- This site is optimized with the Yoast SEO plugin v27.6 - https:\/\/yoast.com\/product\/yoast-seo-wordpress\/ -->\n<title>SCI (Sodyum Kokoil \u0130zetionat) - NATURAL POLAND - Hurtowy Dystrybutor Surowc\u00f3w<\/title>\n<meta name=\"description\" content=\"Sodyum Kokoil \u0130zetionat (SCI), do\u011fal kozmetik ve hassas temizlik \u00fcr\u00fcnleri \u00fcretimi i\u00e7in kullan\u0131lan yumu\u015fak, anyonik bir y\u00fczey aktif maddedir.\" \/>\n<meta name=\"robots\" content=\"index, follow, max-snippet:-1, max-image-preview:large, max-video-preview:-1\" \/>\n<link rel=\"canonical\" href=\"https:\/\/naturalpoland.com\/tr\/urunler\/kozmetik-hammaddeleri\/kozmetik-hammaddeleri-2\/sci-sodyum-kokoil-izetionat\/\" \/>\n<meta property=\"og:locale\" content=\"tr_TR\" \/>\n<meta property=\"og:type\" content=\"article\" \/>\n<meta property=\"og:title\" content=\"SCI (Sodyum Kokoil \u0130zetionat) - NATURAL POLAND - Hurtowy Dystrybutor Surowc\u00f3w\" \/>\n<meta property=\"og:description\" content=\"Sodyum Kokoil \u0130zetionat (SCI), do\u011fal kozmetik ve hassas temizlik \u00fcr\u00fcnleri \u00fcretimi i\u00e7in kullan\u0131lan yumu\u015fak, anyonik bir y\u00fczey aktif maddedir.\" \/>\n<meta property=\"og:url\" content=\"https:\/\/naturalpoland.com\/tr\/urunler\/kozmetik-hammaddeleri\/kozmetik-hammaddeleri-2\/sci-sodyum-kokoil-izetionat\/\" \/>\n<meta property=\"og:site_name\" content=\"NATURAL POLAND - Hurtowy Dystrybutor Surowc\u00f3w\" \/>\n<meta property=\"article:publisher\" content=\"https:\/\/www.facebook.com\/naturalpoland.b2b\" \/>\n<meta property=\"article:modified_time\" content=\"2025-12-22T10:42:59+00:00\" \/>\n<meta property=\"og:image\" content=\"https:\/\/naturalpoland.com\/wp-content\/uploads\/powder_sodium_cocoyl_isethionate.webp\" \/>\n\t<meta property=\"og:image:width\" content=\"350\" \/>\n\t<meta property=\"og:image:height\" content=\"350\" \/>\n\t<meta property=\"og:image:type\" content=\"image\/webp\" \/>\n<script type=\"application\/ld+json\" class=\"yoast-schema-graph\">{\"@context\":\"https:\\\/\\\/schema.org\",\"@graph\":[{\"@type\":\"WebPage\",\"@id\":\"https:\\\/\\\/naturalpoland.com\\\/tr\\\/urunler\\\/kozmetik-hammaddeleri\\\/kozmetik-hammaddeleri-2\\\/sci-sodyum-kokoil-izetionat\\\/\",\"url\":\"https:\\\/\\\/naturalpoland.com\\\/tr\\\/urunler\\\/kozmetik-hammaddeleri\\\/kozmetik-hammaddeleri-2\\\/sci-sodyum-kokoil-izetionat\\\/\",\"name\":\"SCI (Sodyum Kokoil \u0130zetionat) - NATURAL POLAND - Hurtowy Dystrybutor Surowc\u00f3w\",\"isPartOf\":{\"@id\":\"https:\\\/\\\/naturalpoland.com\\\/tr\\\/#website\"},\"primaryImageOfPage\":{\"@id\":\"https:\\\/\\\/naturalpoland.com\\\/tr\\\/urunler\\\/kozmetik-hammaddeleri\\\/kozmetik-hammaddeleri-2\\\/sci-sodyum-kokoil-izetionat\\\/#primaryimage\"},\"image\":{\"@id\":\"https:\\\/\\\/naturalpoland.com\\\/tr\\\/urunler\\\/kozmetik-hammaddeleri\\\/kozmetik-hammaddeleri-2\\\/sci-sodyum-kokoil-izetionat\\\/#primaryimage\"},\"thumbnailUrl\":\"https:\\\/\\\/naturalpoland.com\\\/wp-content\\\/uploads\\\/powder_sodium_cocoyl_isethionate.webp\",\"datePublished\":\"2021-05-11T11:55:48+00:00\",\"dateModified\":\"2025-12-22T10:42:59+00:00\",\"description\":\"Sodyum Kokoil \u0130zetionat (SCI), do\u011fal kozmetik ve hassas temizlik \u00fcr\u00fcnleri \u00fcretimi i\u00e7in kullan\u0131lan yumu\u015fak, anyonik bir y\u00fczey aktif maddedir.\",\"breadcrumb\":{\"@id\":\"https:\\\/\\\/naturalpoland.com\\\/tr\\\/urunler\\\/kozmetik-hammaddeleri\\\/kozmetik-hammaddeleri-2\\\/sci-sodyum-kokoil-izetionat\\\/#breadcrumb\"},\"inLanguage\":\"tr\",\"potentialAction\":[{\"@type\":\"ReadAction\",\"target\":[\"https:\\\/\\\/naturalpoland.com\\\/tr\\\/urunler\\\/kozmetik-hammaddeleri\\\/kozmetik-hammaddeleri-2\\\/sci-sodyum-kokoil-izetionat\\\/\"]}]},{\"@type\":\"ImageObject\",\"inLanguage\":\"tr\",\"@id\":\"https:\\\/\\\/naturalpoland.com\\\/tr\\\/urunler\\\/kozmetik-hammaddeleri\\\/kozmetik-hammaddeleri-2\\\/sci-sodyum-kokoil-izetionat\\\/#primaryimage\",\"url\":\"https:\\\/\\\/naturalpoland.com\\\/wp-content\\\/uploads\\\/powder_sodium_cocoyl_isethionate.webp\",\"contentUrl\":\"https:\\\/\\\/naturalpoland.com\\\/wp-content\\\/uploads\\\/powder_sodium_cocoyl_isethionate.webp\",\"width\":350,\"height\":350,\"caption\":\"Sodyum Kokoil \u0130zetionat (SCI) tozu\"},{\"@type\":\"BreadcrumbList\",\"@id\":\"https:\\\/\\\/naturalpoland.com\\\/tr\\\/urunler\\\/kozmetik-hammaddeleri\\\/kozmetik-hammaddeleri-2\\\/sci-sodyum-kokoil-izetionat\\\/#breadcrumb\",\"itemListElement\":[{\"@type\":\"ListItem\",\"position\":1,\"name\":\"Ana Sayfa\",\"item\":\"https:\\\/\\\/naturalpoland.com\\\/tr\\\/\"},{\"@type\":\"ListItem\",\"position\":2,\"name\":\"\u00dcr\u00fcnler\",\"item\":\"https:\\\/\\\/naturalpoland.com\\\/tr\\\/urunler\\\/\"},{\"@type\":\"ListItem\",\"position\":3,\"name\":\"SCI (Sodyum Kokoil \u0130zetionat)\"}]},{\"@type\":\"WebSite\",\"@id\":\"https:\\\/\\\/naturalpoland.com\\\/tr\\\/#website\",\"url\":\"https:\\\/\\\/naturalpoland.com\\\/tr\\\/\",\"name\":\"NATURAL POLAND - Hurtowy Dystrybutor Surowc\u00f3w\",\"description\":\"Surowce dla przemys\u0142u spo\u017cywczego, kosmetycznego i farmaceutycznego\",\"publisher\":{\"@id\":\"https:\\\/\\\/naturalpoland.com\\\/tr\\\/#organization\"},\"potentialAction\":[{\"@type\":\"SearchAction\",\"target\":{\"@type\":\"EntryPoint\",\"urlTemplate\":\"https:\\\/\\\/naturalpoland.com\\\/tr\\\/?s={search_term_string}\"},\"query-input\":{\"@type\":\"PropertyValueSpecification\",\"valueRequired\":true,\"valueName\":\"search_term_string\"}}],\"inLanguage\":\"tr\"},{\"@type\":\"Organization\",\"@id\":\"https:\\\/\\\/naturalpoland.com\\\/tr\\\/#organization\",\"name\":\"Natural Poland\",\"url\":\"https:\\\/\\\/naturalpoland.com\\\/tr\\\/\",\"logo\":{\"@type\":\"ImageObject\",\"inLanguage\":\"tr\",\"@id\":\"https:\\\/\\\/naturalpoland.com\\\/tr\\\/#\\\/schema\\\/logo\\\/image\\\/\",\"url\":\"https:\\\/\\\/naturalpoland.com\\\/wp-content\\\/uploads\\\/2021\\\/05\\\/natural-poland-icon.png\",\"contentUrl\":\"https:\\\/\\\/naturalpoland.com\\\/wp-content\\\/uploads\\\/2021\\\/05\\\/natural-poland-icon.png\",\"width\":512,\"height\":512,\"caption\":\"Natural Poland\"},\"image\":{\"@id\":\"https:\\\/\\\/naturalpoland.com\\\/tr\\\/#\\\/schema\\\/logo\\\/image\\\/\"},\"sameAs\":[\"https:\\\/\\\/www.facebook.com\\\/naturalpoland.b2b\",\"https:\\\/\\\/pl.linkedin.com\\\/company\\\/natural-poland\",\"https:\\\/\\\/www.youtube.com\\\/channel\\\/UCgeGGkvOMahZo-xu_MSEWxg\"]}]}<\/script>\n<!-- \/ Yoast SEO plugin. -->","yoast_head_json":{"title":"SCI (Sodyum Kokoil \u0130zetionat) - NATURAL POLAND - Hurtowy Dystrybutor Surowc\u00f3w","description":"Sodyum Kokoil \u0130zetionat (SCI), do\u011fal kozmetik ve hassas temizlik \u00fcr\u00fcnleri \u00fcretimi i\u00e7in kullan\u0131lan yumu\u015fak, anyonik bir y\u00fczey aktif maddedir.","robots":{"index":"index","follow":"follow","max-snippet":"max-snippet:-1","max-image-preview":"max-image-preview:large","max-video-preview":"max-video-preview:-1"},"canonical":"https:\/\/naturalpoland.com\/tr\/urunler\/kozmetik-hammaddeleri\/kozmetik-hammaddeleri-2\/sci-sodyum-kokoil-izetionat\/","og_locale":"tr_TR","og_type":"article","og_title":"SCI (Sodyum Kokoil \u0130zetionat) - NATURAL POLAND - Hurtowy Dystrybutor Surowc\u00f3w","og_description":"Sodyum Kokoil \u0130zetionat (SCI), do\u011fal kozmetik ve hassas temizlik \u00fcr\u00fcnleri \u00fcretimi i\u00e7in kullan\u0131lan yumu\u015fak, anyonik bir y\u00fczey aktif maddedir.","og_url":"https:\/\/naturalpoland.com\/tr\/urunler\/kozmetik-hammaddeleri\/kozmetik-hammaddeleri-2\/sci-sodyum-kokoil-izetionat\/","og_site_name":"NATURAL POLAND - Hurtowy Dystrybutor Surowc\u00f3w","article_publisher":"https:\/\/www.facebook.com\/naturalpoland.b2b","article_modified_time":"2025-12-22T10:42:59+00:00","og_image":[{"width":350,"height":350,"url":"https:\/\/naturalpoland.com\/wp-content\/uploads\/powder_sodium_cocoyl_isethionate.webp","type":"image\/webp"}],"schema":{"@context":"https:\/\/schema.org","@graph":[{"@type":"WebPage","@id":"https:\/\/naturalpoland.com\/tr\/urunler\/kozmetik-hammaddeleri\/kozmetik-hammaddeleri-2\/sci-sodyum-kokoil-izetionat\/","url":"https:\/\/naturalpoland.com\/tr\/urunler\/kozmetik-hammaddeleri\/kozmetik-hammaddeleri-2\/sci-sodyum-kokoil-izetionat\/","name":"SCI (Sodyum Kokoil \u0130zetionat) - NATURAL POLAND - Hurtowy Dystrybutor Surowc\u00f3w","isPartOf":{"@id":"https:\/\/naturalpoland.com\/tr\/#website"},"primaryImageOfPage":{"@id":"https:\/\/naturalpoland.com\/tr\/urunler\/kozmetik-hammaddeleri\/kozmetik-hammaddeleri-2\/sci-sodyum-kokoil-izetionat\/#primaryimage"},"image":{"@id":"https:\/\/naturalpoland.com\/tr\/urunler\/kozmetik-hammaddeleri\/kozmetik-hammaddeleri-2\/sci-sodyum-kokoil-izetionat\/#primaryimage"},"thumbnailUrl":"https:\/\/naturalpoland.com\/wp-content\/uploads\/powder_sodium_cocoyl_isethionate.webp","datePublished":"2021-05-11T11:55:48+00:00","dateModified":"2025-12-22T10:42:59+00:00","description":"Sodyum Kokoil \u0130zetionat (SCI), do\u011fal kozmetik ve hassas temizlik \u00fcr\u00fcnleri \u00fcretimi i\u00e7in kullan\u0131lan yumu\u015fak, anyonik bir y\u00fczey aktif maddedir.","breadcrumb":{"@id":"https:\/\/naturalpoland.com\/tr\/urunler\/kozmetik-hammaddeleri\/kozmetik-hammaddeleri-2\/sci-sodyum-kokoil-izetionat\/#breadcrumb"},"inLanguage":"tr","potentialAction":[{"@type":"ReadAction","target":["https:\/\/naturalpoland.com\/tr\/urunler\/kozmetik-hammaddeleri\/kozmetik-hammaddeleri-2\/sci-sodyum-kokoil-izetionat\/"]}]},{"@type":"ImageObject","inLanguage":"tr","@id":"https:\/\/naturalpoland.com\/tr\/urunler\/kozmetik-hammaddeleri\/kozmetik-hammaddeleri-2\/sci-sodyum-kokoil-izetionat\/#primaryimage","url":"https:\/\/naturalpoland.com\/wp-content\/uploads\/powder_sodium_cocoyl_isethionate.webp","contentUrl":"https:\/\/naturalpoland.com\/wp-content\/uploads\/powder_sodium_cocoyl_isethionate.webp","width":350,"height":350,"caption":"Sodyum Kokoil \u0130zetionat (SCI) tozu"},{"@type":"BreadcrumbList","@id":"https:\/\/naturalpoland.com\/tr\/urunler\/kozmetik-hammaddeleri\/kozmetik-hammaddeleri-2\/sci-sodyum-kokoil-izetionat\/#breadcrumb","itemListElement":[{"@type":"ListItem","position":1,"name":"Ana Sayfa","item":"https:\/\/naturalpoland.com\/tr\/"},{"@type":"ListItem","position":2,"name":"\u00dcr\u00fcnler","item":"https:\/\/naturalpoland.com\/tr\/urunler\/"},{"@type":"ListItem","position":3,"name":"SCI (Sodyum Kokoil \u0130zetionat)"}]},{"@type":"WebSite","@id":"https:\/\/naturalpoland.com\/tr\/#website","url":"https:\/\/naturalpoland.com\/tr\/","name":"NATURAL POLAND - Hurtowy Dystrybutor Surowc\u00f3w","description":"Surowce dla przemys\u0142u spo\u017cywczego, kosmetycznego i farmaceutycznego","publisher":{"@id":"https:\/\/naturalpoland.com\/tr\/#organization"},"potentialAction":[{"@type":"SearchAction","target":{"@type":"EntryPoint","urlTemplate":"https:\/\/naturalpoland.com\/tr\/?s={search_term_string}"},"query-input":{"@type":"PropertyValueSpecification","valueRequired":true,"valueName":"search_term_string"}}],"inLanguage":"tr"},{"@type":"Organization","@id":"https:\/\/naturalpoland.com\/tr\/#organization","name":"Natural Poland","url":"https:\/\/naturalpoland.com\/tr\/","logo":{"@type":"ImageObject","inLanguage":"tr","@id":"https:\/\/naturalpoland.com\/tr\/#\/schema\/logo\/image\/","url":"https:\/\/naturalpoland.com\/wp-content\/uploads\/2021\/05\/natural-poland-icon.png","contentUrl":"https:\/\/naturalpoland.com\/wp-content\/uploads\/2021\/05\/natural-poland-icon.png","width":512,"height":512,"caption":"Natural Poland"},"image":{"@id":"https:\/\/naturalpoland.com\/tr\/#\/schema\/logo\/image\/"},"sameAs":["https:\/\/www.facebook.com\/naturalpoland.b2b","https:\/\/pl.linkedin.com\/company\/natural-poland","https:\/\/www.youtube.com\/channel\/UCgeGGkvOMahZo-xu_MSEWxg"]}]}},"_links":{"self":[{"href":"https:\/\/naturalpoland.com\/tr\/wp-json\/wp\/v2\/product\/44326","targetHints":{"allow":["GET"]}}],"collection":[{"href":"https:\/\/naturalpoland.com\/tr\/wp-json\/wp\/v2\/product"}],"about":[{"href":"https:\/\/naturalpoland.com\/tr\/wp-json\/wp\/v2\/types\/product"}],"wp:featuredmedia":[{"embeddable":true,"href":"https:\/\/naturalpoland.com\/tr\/wp-json\/wp\/v2\/media\/44328"}],"wp:attachment":[{"href":"https:\/\/naturalpoland.com\/tr\/wp-json\/wp\/v2\/media?parent=44326"}],"wp:term":[{"taxonomy":"product_brand","embeddable":true,"href":"https:\/\/naturalpoland.com\/tr\/wp-json\/wp\/v2\/product_brand?post=44326"},{"taxonomy":"product_cat","embeddable":true,"href":"https:\/\/naturalpoland.com\/tr\/wp-json\/wp\/v2\/product_cat?post=44326"},{"taxonomy":"product_tag","embeddable":true,"href":"https:\/\/naturalpoland.com\/tr\/wp-json\/wp\/v2\/product_tag?post=44326"}],"curies":[{"name":"wp","href":"https:\/\/api.w.org\/{rel}","templated":true}]}}