{"id":44329,"date":"2025-12-22T11:44:55","date_gmt":"2025-12-22T10:44:55","guid":{"rendered":"https:\/\/naturalpoland.com\/produkty\/kategorilenmemis\/yesil-cay-ozutu\/"},"modified":"2025-12-22T11:45:05","modified_gmt":"2025-12-22T10:45:05","slug":"yesil-cay-ozutu","status":"publish","type":"product","link":"https:\/\/naturalpoland.com\/tr\/urunler\/gida-hammaddeleri\/uretim-hammaddeleri\/yesil-cay-ozutu\/","title":{"rendered":"Ye\u015fil \u00c7ay \u00d6z\u00fct\u00fc"},"content":{"rendered":"<h2>Zastosowanie i w\u0142a\u015bciwo\u015bci ekstraktu z zielonej herbaty<\/h2>\n<p>Zielona herbata jest powszechnie ceniona ze wzgl\u0119du na swoje prozdrowotne w\u0142a\u015bciwo\u015bci, dlatego te\u017c pije j\u0105 wiele os\u00f3b. Podobn\u0105 opini\u0119 ma ekstrakt z zielonej herbaty, kt\u00f3ry wspomaga metabolizm t\u0142uszcz\u00f3w, wspomaga organizm w walce ze szkodliwymi wolnymi rodnikami, chroni sk\u00f3r\u0119 przed promieniowaniem UV, a tak\u017ce utrzymuje poziom cholesterolu we krwi na w\u0142a\u015bciwym poziomie. Wyci\u0105g z zielonej herbaty jest szczeg\u00f3lnie polecany osobom przechodz\u0105cym przez proces odchudzania. Zielona herbata zawiera te\u017c pewne ilo\u015bci kofeiny przez co dzia\u0142a na organizm pobudzaj\u0105co. Dodaje nie tylko energii, ale r\u00f3wnie\u017c pobudza metabolizm.<\/p>\n<p>Zielona herbata, otrzymywana z niefermentowanych li\u015bci herbaty chi\u0144skiej (<em>Camellia sinensis<\/em>), uwa\u017cana jest za jeden z najzdrowszych napoj\u00f3w na \u015bwiecie. Pozyskiwany z niej ekstrakt charakteryzuje si\u0119 nie tylko cennymi w\u0142a\u015bciwo\u015bciami leczniczymi, ale znajduje te\u017c szerokie zastosowanie w przemy\u015ble kosmetycznym.<\/p>\n<h2>Zwi\u0105zki polifenolowe w zielonej herbacie<\/h2>\n<p><strong>W\u0142a\u015bciwo\u015bci zielonej herbaty wynikaj\u0105 przede wszystkim z wysokiej zawarto\u015bci zwi\u0105zk\u00f3w polifenolowych<\/strong>. Zawarto\u015b\u0107 flawonoid\u00f3w mo\u017ce wynosi\u0107 do 30-36% suchej masy li\u015bci. Najwa\u017cniejsz\u0105 rol\u0119 odgrywaj\u0105, stanowi\u0105ce ok. 80% zespo\u0142u flawonoid\u00f3w, zwi\u0105zki katechinowe (flawanole): galusan epigalokatechiny, epigalokatechina, galusan epikatechiny i epikatechina.<\/p>\n<p>Zwi\u0105zki te charakteryzuj\u0105 si\u0119 bardzo <strong>silnym dzia\u0142aniem antyoksydacyjnym<\/strong>, wynikaj\u0105cym ze zdolno\u015bci do wymiatania i ograniczania produkcji wolnych rodnik\u00f3w, a tak\u017ce cenionym w kosmetyce <strong>dzia\u0142aniem przeciwobrz\u0119kowym<\/strong>.<\/p>\n<p>Dodatkowo, w ni\u017cszych st\u0119\u017ceniach, obecne s\u0105 tak\u017ce inne <strong><a href=\"https:\/\/naturalpoland.pl\/artykuly\/produkty-naturalne\/czym-sa-i-jak-dzialaja-flawonoidy\/\">flawonoidy<\/a> <\/strong>\u2013 <strong>kemferol, rutyna, kwercetyna, mirycetyna oraz ich glikozydy<\/strong> \u2013 wykazuj\u0105ce m.in. <strong>dzia\u0142anie przeciwutleniaj\u0105ce i hamuj\u0105ce agregacj\u0119 p\u0142ytek krwi<\/strong>.<\/p>\n<h2>W\u0142a\u015bciwo\u015bci lecznicze zielonej herbaty<\/h2>\n<p>Ze wzgl\u0119du na sw\u00f3j sk\u0142ad chemiczny, ekstrakt z zielonej herbaty jest ch\u0119tnie wykorzystywany <a href=\"https:\/\/naturalpoland.com\/tr\/kategori\/gida-hammaddeleri\/\">w przemy\u015ble spo\u017cywczym<\/a> i <a href=\"https:\/\/naturalpoland.com\/tr\/kategori\/farmasotik-hammaddeler\/\">farmaceutycznym<\/a>. Picie zielonej herbaty lub przyjmowanie ekstraktu jako suplementu diety (kapsu\u0142ki, tabletki) jest szczeg\u00f3lnie zalecane osobom, kt\u00f3re chc\u0105 <strong>zrzuci\u0107 zb\u0119dne kilogramy<\/strong>, a tak\u017ce zadba\u0107 o <strong>profilaktyk\u0119 chor\u00f3b sercowo-naczyniowych<\/strong>. Ekstrakt z zielonej herbaty wykazuje dzia\u0142anie <strong>przeciwmia\u017cd\u017cycowe<\/strong>, ochronne na naczynia krwiono\u015bne, <strong>obni\u017ca poziom cholesterolu i trigliceryd\u00f3w<\/strong>, hamuje wzrost kom\u00f3rek t\u0142uszczowych i ogranicza wch\u0142anianie t\u0142uszcz\u00f3w. W\u0142a\u015bciwo\u015bci te sprawiaj\u0105, \u017ce regularne przyjmowanie ekstraktu z zielonej herbaty sprzyja stabilizacji masy cia\u0142a, zapobiega odk\u0142adaniu si\u0119 tkanki t\u0142uszczowej i zmniejsza ryzyko chor\u00f3b uk\u0142adu sercowo-naczyniowego.<\/p>\n<p>Do innych, korzystnych w\u0142a\u015bciwo\u015bci ekstraktu nale\u017cy jego<strong> dzia\u0142anie neurodegeneracyjne<\/strong>. Dzia\u0142anie antyoksydacyjne, rozszerzaj\u0105ce naczynia krwiono\u015bne i detoksykacyjne (zdolno\u015b\u0107 do chelatowania jon\u00f3w metali) stawia go w gronie potencjalnych \u015brodk\u00f3w terapeutycznych w chorobie Alzheimera, Parkinsona i post\u0119puj\u0105cej sklerozie. Wyniki bada\u0144 wskazuj\u0105 tak\u017ce na mo\u017cliwe <strong>dzia\u0142anie przeciwnowotworowe ekstraktu<\/strong>, wspierane przez statystyki pokazuj\u0105ce korelacj\u0119 mi\u0119dzy wysokim spo\u017cyciem zielonej herbaty w krajach azjatyckich, a nisk\u0105 zapadalno\u015bci\u0105 na choroby nowotworowe.<\/p>\n<h2>Wyci\u0105g z zielonej herbaty &#8211; w\u0142a\u015bciwo\u015bci kosmetyczne<\/h2>\n<p>Ekstrakt z zielonej herbaty nie musi by\u0107 stosowany jedynie doustnie. Wykazuje on tak\u017ce korzystny wp\u0142yw na sk\u00f3r\u0119 i jej przydatki, dzi\u0119ki czemu jest sk\u0142adnikiem cenionym przez przemys\u0142 farmaceutyczny.<\/p>\n<p>Zawarte w ekstrakcie z zielonej herbaty zwi\u0105zki wykazuj\u0105 szereg w\u0142a\u015bciwo\u015bci takich jak:<\/p>\n<ul>\n<li><strong>dzia\u0142anie przeciwzapalne<\/strong>,<\/li>\n<li><strong>przeciwbakteryjne<\/strong>,<\/li>\n<li><strong>antyoksydacyjne<\/strong>,<\/li>\n<li><strong>korzystnie wp\u0142ywaj\u0105 na mikrokr\u0105\u017cenie sk\u00f3ry<\/strong>,<\/li>\n<li><strong>ograniczaj\u0105 aktywno\u015b\u0107 gruczo\u0142\u00f3w \u0142ojowych<\/strong>.<\/li>\n<\/ul>\n<p>Mo\u017cna go wi\u0119c znale\u017a\u0107 mi\u0119dzy innymi w tonikach, balsamach nawil\u017caj\u0105cych, preparatach do w\u0142os\u00f3w, \u017celach pod prysznic czy kremach nawil\u017caj\u0105cych.<\/p>\n<p>W kosmetyce wyci\u0105g z zielonej herbaty wykazuje bardzo szerokie dzia\u0142anie. Silne dzia\u0142anie nawil\u017caj\u0105ce i antyoksydacyjne czyni\u0105 go <strong>odpowiednim sk\u0142adnikiem preparat\u00f3w <em>anti-aging<\/em><\/strong> do sk\u00f3ry dojrza\u0142ej, a jednocze\u015bnie dzi\u0119ki w\u0142a\u015bciwo\u015bciom przeciw\u0142ojotokowym i przeciwbakteryjnym jest <strong>ceniony w kosmetykach do cery m\u0142odej, tr\u0105dzikowej<\/strong>.<\/p>\n<p>Z tymi w\u0142a\u015bciwo\u015bciami wi\u0105\u017c\u0119 si\u0119 te\u017c mo\u017cliwo\u015b\u0107 stosowania ekstraktu z zielonej herbaty w <strong>piel\u0119gnacji w\u0142os\u00f3w i sk\u00f3ry g\u0142owy<\/strong> \u2013 dzia\u0142a on <strong>przeciw\u0142upie\u017cowo<\/strong> i <strong>ogranicza przet\u0142uszczanie<\/strong>.<\/p>\n<p>Na sk\u00f3r\u0119 mo\u017cna go te\u017c stosowa\u0107 bardziej leczniczo \u2013 <strong>\u0142agodzi podra\u017cnienia<\/strong>, <strong>zmniejsza opuchlizn\u0119<\/strong> i zaczerwienienia, <strong>wspomaga gojenie ran<\/strong> i <strong>dzia\u0142a przeciwzapalnie<\/strong>. Ta ostatnia w\u0142a\u015bciwo\u015b\u0107 bywa te\u017c wykorzystywana w p\u0142ynach do higieny intymnej i preparatach do piel\u0119gnacji okolic oczu.<\/p>\n<p>Produkty zawieraj\u0105ce wyci\u0105g z zielonej herbaty doceni\u0105 tak\u017ce wielbiciele zdrowej opalenizny \u2013 podczas opalania <strong>chroni przed szkodliwym dzia\u0142aniem promieniowania UV<\/strong>, a stymuluj\u0105c syntez\u0119 melaniny sprawdza si\u0119 tak\u017ce jako naturalny sk\u0142adnik samoopalaczy.<\/p>\n<p><strong>Bibliografia:<\/strong><\/p>\n<ol>\n<li style=\"list-style-type: none;\">Arct J, Tomaszewska K, Pytkowska K (2016). Zielona Herbata. <em>Pol J Cosmetol<\/em>, 19(2): 110-115<\/li>\n<li>Ca\u0142ka J, Zasadowski A, Juranek J. (2008). Niekt\u00f3re aspekty leczniczego dzia\u0142ania zielonej herbaty. <em>Bromat. Chem. Toksykol<\/em>, 41: 5-14.<\/li>\n<li>Matysek-Nawrocka M, Cyrankiewicz P. (2016). Substancje biologicznie aktywne pozyskiwane z herbaty, kawy i kakao oraz ich zastosowanie w kosmetykach. <em>Post Fitoter<\/em>, 17(2): 139-144.<\/li>\n<\/ol>\n<h4><strong>AUTOR ARTYKU\u0141U:<\/strong><\/h4>\n<p><strong>DR N. FARM. KATARZYNA KIMEL<\/strong><br \/>\nDoktor nauk farmaceutycznych, kt\u00f3rej zainteresowania naukowe skupiaj\u0105 si\u0119 na badaniach lek\u00f3w ro\u015blinnych i substancji biologicznie czynnych pochodzenia naturalnego. Mi\u0142o\u015bniczka podr\u00f3\u017cy i sp\u0119dzania wolnego czasu na \u0142onie natury.<\/p>\n","protected":false},"excerpt":{"rendered":"<p>Ye\u015fil \u00c7ay \u00d6z\u00fct\u00fc (Camellia Sinensis Yaprak \u00d6z\u00fct\u00fc), kuru a\u011f\u0131rl\u0131kta %85 &#8211; %95 \u00f6z\u00fct i\u00e7eri\u011fine sahiptir. \u00dcr\u00fcn, ila\u00e7, kozmetik, g\u0131da ve laboratuvar end\u00fcstrilerinde kullan\u0131m i\u00e7in tasarlanm\u0131\u015ft\u0131r. Bu bitkisel \u00f6z\u00fct toz formunda mevcuttur.  <\/p>\n","protected":false},"featured_media":44331,"template":"","meta":{"_acf_changed":false},"product_brand":[],"product_cat":[9531,9572],"product_tag":[],"class_list":{"0":"post-44329","1":"product","2":"type-product","3":"status-publish","4":"has-post-thumbnail","6":"product_cat-bitkisel-ekstraktlar","7":"product_cat-uretim-hammaddeleri","8":"pa_czesc-rosliny-yapraklar-2","9":"pa_grupa-substancji-antioksidanlar","10":"pa_skladnik-aktywny-ec","11":"pa_skladnik-aktywny-ecg","12":"pa_skladnik-aktywny-egcg","14":"first","15":"instock","16":"shipping-taxable","17":"product-type-simple"},"acf":[],"yoast_head":"<!-- This site is optimized with the Yoast SEO plugin v27.5 - https:\/\/yoast.com\/product\/yoast-seo-wordpress\/ -->\n<title>Ye\u015fil \u00c7ay \u00d6z\u00fct\u00fc - NATURAL POLAND - Hurtowy Dystrybutor Surowc\u00f3w<\/title>\n<meta name=\"description\" content=\"Ye\u015fil \u00c7ay \u00d6z\u00fct\u00fc (Camellia Sinensis Yaprak \u00d6z\u00fct\u00fc), kuru a\u011f\u0131rl\u0131kta - \u00f6z\u00fct i\u00e7eri\u011fine sahip olup toz formunda mevcuttur.\" \/>\n<meta name=\"robots\" content=\"index, follow, max-snippet:-1, max-image-preview:large, max-video-preview:-1\" \/>\n<link rel=\"canonical\" href=\"https:\/\/naturalpoland.com\/tr\/urunler\/gida-hammaddeleri\/uretim-hammaddeleri\/yesil-cay-ozutu\/\" \/>\n<meta property=\"og:locale\" content=\"tr_TR\" \/>\n<meta property=\"og:type\" content=\"article\" \/>\n<meta property=\"og:title\" content=\"Ye\u015fil \u00c7ay \u00d6z\u00fct\u00fc - NATURAL POLAND - Hurtowy Dystrybutor Surowc\u00f3w\" \/>\n<meta property=\"og:description\" content=\"Ye\u015fil \u00c7ay \u00d6z\u00fct\u00fc (Camellia Sinensis Yaprak \u00d6z\u00fct\u00fc), kuru a\u011f\u0131rl\u0131kta - \u00f6z\u00fct i\u00e7eri\u011fine sahip olup toz formunda mevcuttur.\" \/>\n<meta property=\"og:url\" content=\"https:\/\/naturalpoland.com\/tr\/urunler\/gida-hammaddeleri\/uretim-hammaddeleri\/yesil-cay-ozutu\/\" \/>\n<meta property=\"og:site_name\" content=\"NATURAL POLAND - Hurtowy Dystrybutor Surowc\u00f3w\" \/>\n<meta property=\"article:publisher\" content=\"https:\/\/www.facebook.com\/naturalpoland.b2b\" \/>\n<meta property=\"article:modified_time\" content=\"2025-12-22T10:45:05+00:00\" \/>\n<meta property=\"og:image\" content=\"https:\/\/naturalpoland.com\/wp-content\/uploads\/ekstrakt-z-zielonej-herbaty.webp\" \/>\n\t<meta property=\"og:image:width\" content=\"350\" \/>\n\t<meta property=\"og:image:height\" content=\"350\" \/>\n\t<meta property=\"og:image:type\" content=\"image\/webp\" \/>\n<script type=\"application\/ld+json\" class=\"yoast-schema-graph\">{\"@context\":\"https:\\\/\\\/schema.org\",\"@graph\":[{\"@type\":\"WebPage\",\"@id\":\"https:\\\/\\\/naturalpoland.com\\\/tr\\\/urunler\\\/gida-hammaddeleri\\\/uretim-hammaddeleri\\\/yesil-cay-ozutu\\\/\",\"url\":\"https:\\\/\\\/naturalpoland.com\\\/tr\\\/urunler\\\/gida-hammaddeleri\\\/uretim-hammaddeleri\\\/yesil-cay-ozutu\\\/\",\"name\":\"Ye\u015fil \u00c7ay \u00d6z\u00fct\u00fc - NATURAL POLAND - Hurtowy Dystrybutor Surowc\u00f3w\",\"isPartOf\":{\"@id\":\"https:\\\/\\\/naturalpoland.com\\\/tr\\\/#website\"},\"primaryImageOfPage\":{\"@id\":\"https:\\\/\\\/naturalpoland.com\\\/tr\\\/urunler\\\/gida-hammaddeleri\\\/uretim-hammaddeleri\\\/yesil-cay-ozutu\\\/#primaryimage\"},\"image\":{\"@id\":\"https:\\\/\\\/naturalpoland.com\\\/tr\\\/urunler\\\/gida-hammaddeleri\\\/uretim-hammaddeleri\\\/yesil-cay-ozutu\\\/#primaryimage\"},\"thumbnailUrl\":\"https:\\\/\\\/naturalpoland.com\\\/wp-content\\\/uploads\\\/ekstrakt-z-zielonej-herbaty.webp\",\"datePublished\":\"2025-12-22T10:44:55+00:00\",\"dateModified\":\"2025-12-22T10:45:05+00:00\",\"description\":\"Ye\u015fil \u00c7ay \u00d6z\u00fct\u00fc (Camellia Sinensis Yaprak \u00d6z\u00fct\u00fc), kuru a\u011f\u0131rl\u0131kta - \u00f6z\u00fct i\u00e7eri\u011fine sahip olup toz formunda mevcuttur.\",\"breadcrumb\":{\"@id\":\"https:\\\/\\\/naturalpoland.com\\\/tr\\\/urunler\\\/gida-hammaddeleri\\\/uretim-hammaddeleri\\\/yesil-cay-ozutu\\\/#breadcrumb\"},\"inLanguage\":\"tr\",\"potentialAction\":[{\"@type\":\"ReadAction\",\"target\":[\"https:\\\/\\\/naturalpoland.com\\\/tr\\\/urunler\\\/gida-hammaddeleri\\\/uretim-hammaddeleri\\\/yesil-cay-ozutu\\\/\"]}]},{\"@type\":\"ImageObject\",\"inLanguage\":\"tr\",\"@id\":\"https:\\\/\\\/naturalpoland.com\\\/tr\\\/urunler\\\/gida-hammaddeleri\\\/uretim-hammaddeleri\\\/yesil-cay-ozutu\\\/#primaryimage\",\"url\":\"https:\\\/\\\/naturalpoland.com\\\/wp-content\\\/uploads\\\/ekstrakt-z-zielonej-herbaty.webp\",\"contentUrl\":\"https:\\\/\\\/naturalpoland.com\\\/wp-content\\\/uploads\\\/ekstrakt-z-zielonej-herbaty.webp\",\"width\":350,\"height\":350,\"caption\":\"ye\u015fil \u00e7ay \u00f6z\u00fc\"},{\"@type\":\"BreadcrumbList\",\"@id\":\"https:\\\/\\\/naturalpoland.com\\\/tr\\\/urunler\\\/gida-hammaddeleri\\\/uretim-hammaddeleri\\\/yesil-cay-ozutu\\\/#breadcrumb\",\"itemListElement\":[{\"@type\":\"ListItem\",\"position\":1,\"name\":\"Ana Sayfa\",\"item\":\"https:\\\/\\\/naturalpoland.com\\\/tr\\\/\"},{\"@type\":\"ListItem\",\"position\":2,\"name\":\"\u00dcr\u00fcnler\",\"item\":\"https:\\\/\\\/naturalpoland.com\\\/tr\\\/urunler\\\/\"},{\"@type\":\"ListItem\",\"position\":3,\"name\":\"Ye\u015fil \u00c7ay \u00d6z\u00fct\u00fc\"}]},{\"@type\":\"WebSite\",\"@id\":\"https:\\\/\\\/naturalpoland.com\\\/tr\\\/#website\",\"url\":\"https:\\\/\\\/naturalpoland.com\\\/tr\\\/\",\"name\":\"NATURAL POLAND - Hurtowy Dystrybutor Surowc\u00f3w\",\"description\":\"Surowce dla przemys\u0142u spo\u017cywczego, kosmetycznego i farmaceutycznego\",\"publisher\":{\"@id\":\"https:\\\/\\\/naturalpoland.com\\\/tr\\\/#organization\"},\"potentialAction\":[{\"@type\":\"SearchAction\",\"target\":{\"@type\":\"EntryPoint\",\"urlTemplate\":\"https:\\\/\\\/naturalpoland.com\\\/tr\\\/?s={search_term_string}\"},\"query-input\":{\"@type\":\"PropertyValueSpecification\",\"valueRequired\":true,\"valueName\":\"search_term_string\"}}],\"inLanguage\":\"tr\"},{\"@type\":\"Organization\",\"@id\":\"https:\\\/\\\/naturalpoland.com\\\/tr\\\/#organization\",\"name\":\"Natural Poland\",\"url\":\"https:\\\/\\\/naturalpoland.com\\\/tr\\\/\",\"logo\":{\"@type\":\"ImageObject\",\"inLanguage\":\"tr\",\"@id\":\"https:\\\/\\\/naturalpoland.com\\\/tr\\\/#\\\/schema\\\/logo\\\/image\\\/\",\"url\":\"https:\\\/\\\/naturalpoland.com\\\/wp-content\\\/uploads\\\/2021\\\/05\\\/natural-poland-icon.png\",\"contentUrl\":\"https:\\\/\\\/naturalpoland.com\\\/wp-content\\\/uploads\\\/2021\\\/05\\\/natural-poland-icon.png\",\"width\":512,\"height\":512,\"caption\":\"Natural Poland\"},\"image\":{\"@id\":\"https:\\\/\\\/naturalpoland.com\\\/tr\\\/#\\\/schema\\\/logo\\\/image\\\/\"},\"sameAs\":[\"https:\\\/\\\/www.facebook.com\\\/naturalpoland.b2b\",\"https:\\\/\\\/pl.linkedin.com\\\/company\\\/natural-poland\",\"https:\\\/\\\/www.youtube.com\\\/channel\\\/UCgeGGkvOMahZo-xu_MSEWxg\"]}]}<\/script>\n<!-- \/ Yoast SEO plugin. -->","yoast_head_json":{"title":"Ye\u015fil \u00c7ay \u00d6z\u00fct\u00fc - NATURAL POLAND - Hurtowy Dystrybutor Surowc\u00f3w","description":"Ye\u015fil \u00c7ay \u00d6z\u00fct\u00fc (Camellia Sinensis Yaprak \u00d6z\u00fct\u00fc), kuru a\u011f\u0131rl\u0131kta - \u00f6z\u00fct i\u00e7eri\u011fine sahip olup toz formunda mevcuttur.","robots":{"index":"index","follow":"follow","max-snippet":"max-snippet:-1","max-image-preview":"max-image-preview:large","max-video-preview":"max-video-preview:-1"},"canonical":"https:\/\/naturalpoland.com\/tr\/urunler\/gida-hammaddeleri\/uretim-hammaddeleri\/yesil-cay-ozutu\/","og_locale":"tr_TR","og_type":"article","og_title":"Ye\u015fil \u00c7ay \u00d6z\u00fct\u00fc - NATURAL POLAND - Hurtowy Dystrybutor Surowc\u00f3w","og_description":"Ye\u015fil \u00c7ay \u00d6z\u00fct\u00fc (Camellia Sinensis Yaprak \u00d6z\u00fct\u00fc), kuru a\u011f\u0131rl\u0131kta - \u00f6z\u00fct i\u00e7eri\u011fine sahip olup toz formunda mevcuttur.","og_url":"https:\/\/naturalpoland.com\/tr\/urunler\/gida-hammaddeleri\/uretim-hammaddeleri\/yesil-cay-ozutu\/","og_site_name":"NATURAL POLAND - Hurtowy Dystrybutor Surowc\u00f3w","article_publisher":"https:\/\/www.facebook.com\/naturalpoland.b2b","article_modified_time":"2025-12-22T10:45:05+00:00","og_image":[{"width":350,"height":350,"url":"https:\/\/naturalpoland.com\/wp-content\/uploads\/ekstrakt-z-zielonej-herbaty.webp","type":"image\/webp"}],"schema":{"@context":"https:\/\/schema.org","@graph":[{"@type":"WebPage","@id":"https:\/\/naturalpoland.com\/tr\/urunler\/gida-hammaddeleri\/uretim-hammaddeleri\/yesil-cay-ozutu\/","url":"https:\/\/naturalpoland.com\/tr\/urunler\/gida-hammaddeleri\/uretim-hammaddeleri\/yesil-cay-ozutu\/","name":"Ye\u015fil \u00c7ay \u00d6z\u00fct\u00fc - NATURAL POLAND - Hurtowy Dystrybutor Surowc\u00f3w","isPartOf":{"@id":"https:\/\/naturalpoland.com\/tr\/#website"},"primaryImageOfPage":{"@id":"https:\/\/naturalpoland.com\/tr\/urunler\/gida-hammaddeleri\/uretim-hammaddeleri\/yesil-cay-ozutu\/#primaryimage"},"image":{"@id":"https:\/\/naturalpoland.com\/tr\/urunler\/gida-hammaddeleri\/uretim-hammaddeleri\/yesil-cay-ozutu\/#primaryimage"},"thumbnailUrl":"https:\/\/naturalpoland.com\/wp-content\/uploads\/ekstrakt-z-zielonej-herbaty.webp","datePublished":"2025-12-22T10:44:55+00:00","dateModified":"2025-12-22T10:45:05+00:00","description":"Ye\u015fil \u00c7ay \u00d6z\u00fct\u00fc (Camellia Sinensis Yaprak \u00d6z\u00fct\u00fc), kuru a\u011f\u0131rl\u0131kta - \u00f6z\u00fct i\u00e7eri\u011fine sahip olup toz formunda mevcuttur.","breadcrumb":{"@id":"https:\/\/naturalpoland.com\/tr\/urunler\/gida-hammaddeleri\/uretim-hammaddeleri\/yesil-cay-ozutu\/#breadcrumb"},"inLanguage":"tr","potentialAction":[{"@type":"ReadAction","target":["https:\/\/naturalpoland.com\/tr\/urunler\/gida-hammaddeleri\/uretim-hammaddeleri\/yesil-cay-ozutu\/"]}]},{"@type":"ImageObject","inLanguage":"tr","@id":"https:\/\/naturalpoland.com\/tr\/urunler\/gida-hammaddeleri\/uretim-hammaddeleri\/yesil-cay-ozutu\/#primaryimage","url":"https:\/\/naturalpoland.com\/wp-content\/uploads\/ekstrakt-z-zielonej-herbaty.webp","contentUrl":"https:\/\/naturalpoland.com\/wp-content\/uploads\/ekstrakt-z-zielonej-herbaty.webp","width":350,"height":350,"caption":"ye\u015fil \u00e7ay \u00f6z\u00fc"},{"@type":"BreadcrumbList","@id":"https:\/\/naturalpoland.com\/tr\/urunler\/gida-hammaddeleri\/uretim-hammaddeleri\/yesil-cay-ozutu\/#breadcrumb","itemListElement":[{"@type":"ListItem","position":1,"name":"Ana Sayfa","item":"https:\/\/naturalpoland.com\/tr\/"},{"@type":"ListItem","position":2,"name":"\u00dcr\u00fcnler","item":"https:\/\/naturalpoland.com\/tr\/urunler\/"},{"@type":"ListItem","position":3,"name":"Ye\u015fil \u00c7ay \u00d6z\u00fct\u00fc"}]},{"@type":"WebSite","@id":"https:\/\/naturalpoland.com\/tr\/#website","url":"https:\/\/naturalpoland.com\/tr\/","name":"NATURAL POLAND - Hurtowy Dystrybutor Surowc\u00f3w","description":"Surowce dla przemys\u0142u spo\u017cywczego, kosmetycznego i farmaceutycznego","publisher":{"@id":"https:\/\/naturalpoland.com\/tr\/#organization"},"potentialAction":[{"@type":"SearchAction","target":{"@type":"EntryPoint","urlTemplate":"https:\/\/naturalpoland.com\/tr\/?s={search_term_string}"},"query-input":{"@type":"PropertyValueSpecification","valueRequired":true,"valueName":"search_term_string"}}],"inLanguage":"tr"},{"@type":"Organization","@id":"https:\/\/naturalpoland.com\/tr\/#organization","name":"Natural Poland","url":"https:\/\/naturalpoland.com\/tr\/","logo":{"@type":"ImageObject","inLanguage":"tr","@id":"https:\/\/naturalpoland.com\/tr\/#\/schema\/logo\/image\/","url":"https:\/\/naturalpoland.com\/wp-content\/uploads\/2021\/05\/natural-poland-icon.png","contentUrl":"https:\/\/naturalpoland.com\/wp-content\/uploads\/2021\/05\/natural-poland-icon.png","width":512,"height":512,"caption":"Natural Poland"},"image":{"@id":"https:\/\/naturalpoland.com\/tr\/#\/schema\/logo\/image\/"},"sameAs":["https:\/\/www.facebook.com\/naturalpoland.b2b","https:\/\/pl.linkedin.com\/company\/natural-poland","https:\/\/www.youtube.com\/channel\/UCgeGGkvOMahZo-xu_MSEWxg"]}]}},"_links":{"self":[{"href":"https:\/\/naturalpoland.com\/tr\/wp-json\/wp\/v2\/product\/44329","targetHints":{"allow":["GET"]}}],"collection":[{"href":"https:\/\/naturalpoland.com\/tr\/wp-json\/wp\/v2\/product"}],"about":[{"href":"https:\/\/naturalpoland.com\/tr\/wp-json\/wp\/v2\/types\/product"}],"wp:featuredmedia":[{"embeddable":true,"href":"https:\/\/naturalpoland.com\/tr\/wp-json\/wp\/v2\/media\/44331"}],"wp:attachment":[{"href":"https:\/\/naturalpoland.com\/tr\/wp-json\/wp\/v2\/media?parent=44329"}],"wp:term":[{"taxonomy":"product_brand","embeddable":true,"href":"https:\/\/naturalpoland.com\/tr\/wp-json\/wp\/v2\/product_brand?post=44329"},{"taxonomy":"product_cat","embeddable":true,"href":"https:\/\/naturalpoland.com\/tr\/wp-json\/wp\/v2\/product_cat?post=44329"},{"taxonomy":"product_tag","embeddable":true,"href":"https:\/\/naturalpoland.com\/tr\/wp-json\/wp\/v2\/product_tag?post=44329"}],"curies":[{"name":"wp","href":"https:\/\/api.w.org\/{rel}","templated":true}]}}