{"id":44332,"date":"2021-05-21T10:54:11","date_gmt":"2021-05-21T08:54:11","guid":{"rendered":"https:\/\/naturalpoland.com\/produkty\/kategorilenmemis\/askorbil-tetraizopalmitat\/"},"modified":"2025-12-22T11:48:12","modified_gmt":"2025-12-22T10:48:12","slug":"askorbil-tetraizopalmitat","status":"publish","type":"product","link":"https:\/\/naturalpoland.com\/tr\/urunler\/kozmetik-hammaddeleri\/kozmetik-hammaddeleri-2\/askorbil-tetraizopalmitat\/","title":{"rendered":"Askorbil Tetraizopalmitat"},"content":{"rendered":"<p>Bu C vitamini form\u00fcl\u00fc \u00e7ok stabildir ve hassas ciltler i\u00e7in m\u00fckemmeldir &#8211; lekelerle m\u00fccadelede olduk\u00e7a etkilidir. Askorbil Tetraizopalmitat, cildin derin katmanlar\u0131na n\u00fcfuz eden sar\u0131 bir ya\u011f formunda bulunur. Ya\u011f \u00e7ok verimlidir ve g\u00fcnl\u00fck kullan\u0131lan kozmetiklere, kremlere veya maskelere eklenen birka\u00e7 damla bile etkinliklerini g\u00f6zle g\u00f6r\u00fcl\u00fcr \u015fekilde art\u0131rabilir.  <\/p>\n<h2><span class=\"ui-provider vk b c d e f g h i j k l m n o p q r s t u v w x y z ab ac ae af ag ah ai aj ak\" dir=\"ltr\">Askorbil Tetraizopalmitat &#8211; \u00f6zellikleri<\/span><\/h2>\n<p><span class=\"ui-provider vk b c d e f g h i j k l m n o p q r s t u v w x y z ab ac ae af ag ah ai aj ak\" dir=\"ltr\">Askorbil Tetraizopalmitat<\/span>, C vitamininin olduk\u00e7a stabil bir formudur ve L-askorbik asidin bir analo\u011fu olarak kabul edilir. Cildinizdeki enzimler bu C vitamini formunu saf C vitamini olarak bilinen askorbik aside d\u00f6n\u00fc\u015ft\u00fcr\u00fcr. <\/p>\n<p>Saf C vitamininin (askorbik asit) aksine, <span class=\"ui-provider vk b c d e f g h i j k l m n o p q r s t u v w x y z ab ac ae af ag ah ai aj ak\" dir=\"ltr\">Askorbil Tetraizopalmitat<\/span> ya\u011fda \u00e7\u00f6z\u00fcn\u00fcr. Bu \u00f6zelli\u011fi sayesinde cilde derinlemesine n\u00fcfuz eder ve ciltte do\u011fal olarak bulunan veya cilt bak\u0131m \u00fcr\u00fcnlerinde bulunan <strong><a href=\"https:\/\/naturalpoland.pl\/produkty\/produkty-dla-przemyslu-kosmetycznego\/surowce-kosmetyczne\/witamina-e\/\">E vitamini<\/a><\/strong> (tokoferol) ile i\u015fbirli\u011fi yaparak, suda \u00e7\u00f6z\u00fcn\u00fcr askorbik asitten farkl\u0131 bir yolla cildin temel destek sistemini hedefler. <\/p>\n<p>Baz\u0131 bilim insanlar\u0131, <span class=\"ui-provider vk b c d e f g h i j k l m n o p q r s t u v w x y z ab ac ae af ag ah ai aj ak\" dir=\"ltr\">Askorbil Tetraizopalmitat<\/span>&#8216;\u0131n i\u00e7erdi\u011fi ya\u011f asitlerinin penetrasyonu kolayla\u015ft\u0131rmas\u0131 nedeniyle cilde daha fazla afinite g\u00f6sterdi\u011fini iddia ediyor. Ya\u015flanma kar\u015f\u0131t\u0131 etkinli\u011fi ve faydalar\u0131 art\u0131rmak i\u00e7in di\u011fer C vitamini formlar\u0131, <strong><a href=\"https:\/\/naturalpoland.pl\/produkty\/produkty-dla-przemyslu-kosmetycznego\/surowce-kosmetyczne\/witamina-e\/\">E vitamini<\/a><\/strong> ve <strong><a href=\"https:\/\/naturalpoland.pl\/produkty\/produkty-dla-przemyslu-kosmetycznego\/surowce-kosmetyczne\/retinol\/\">retinol<\/a><\/strong> ile m\u00fckemmel \u015fekilde birle\u015fir. <\/p>\n<h2><span class=\"ui-provider vk b c d e f g h i j k l m n o p q r s t u v w x y z ab ac ae af ag ah ai aj ak\" dir=\"ltr\">Askorbil Tetraizopalmitat &#8211; kullan\u0131m\u0131<\/span><\/h2>\n<p>E\u011fer ama\u00e7 <strong>lekelerle m\u00fccadele<\/strong> ise, ara\u015ft\u0131rmalar optimal sonu\u00e7lar i\u00e7in %5 veya daha fazla konsantrasyona ihtiya\u00e7 oldu\u011funu g\u00f6steriyor. pH 6 veya daha d\u00fc\u015f\u00fck de\u011ferlerde form\u00fcle edildi\u011finde en etkilidir ve niasinamid ve meyan k\u00f6k\u00fc gibi leke azalt\u0131c\u0131 di\u011fer bile\u015fenlerle birlikte kullan\u0131labilir, bu kombinasyonlar\u0131n sinerjik sonu\u00e7lar sa\u011flad\u0131\u011f\u0131 kan\u0131tlanm\u0131\u015ft\u0131r. Asl\u0131nda, %30 konsantrasyonda Askorbil Tetraizopalmitat&#8217;\u0131n di\u011fer leke azalt\u0131c\u0131 bile\u015fenlerle birlikte kullan\u0131ld\u0131\u011f\u0131nda, melasma e\u011filimli ciltlerde bile inat\u00e7\u0131 lekeleri iyile\u015ftirdi\u011fi g\u00f6sterilmi\u015ftir.  <\/p>\n<p>&nbsp;<\/p>\n<p><span class=\"ui-provider vk b c d e f g h i j k l m n o p q r s t u v w x y z ab ac ae af ag ah ai aj ak\" dir=\"ltr\">Askorbil Tetraizopalmitat<\/span> hafif ya\u011fl\u0131 bir k\u0131vama sahiptir ve renksizden a\u00e7\u0131k sar\u0131ya kadar de\u011fi\u015fen bir g\u00f6r\u00fcn\u00fcme sahip olabilir. Su bazl\u0131 form\u00fcllerde kullan\u0131labilir, ancak ideal biyoyararlan\u0131m i\u00e7in silikonlar veya ya\u011flarla birle\u015ftirilmelidir. <\/p>\n","protected":false},"excerpt":{"rendered":"<p>Askorbil Tetraizopalmitat, \u015fimdi ya\u011f formunda bulunan bir C vitamini t\u00fcrevidir. C vitamini v\u00fccudun i\u015fleyi\u015fi i\u00e7in son derece \u00f6nemlidir. Bu t\u00fcrevi, en etkili etkiye ve cilt taraf\u0131ndan en y\u00fcksek emilime sahiptir.  <\/p>\n<p>\u0130la\u00e7, kozmetik ve laboratuvar end\u00fcstrilerinde kullan\u0131lmak \u00fczere tasarlanm\u0131\u015f bir maddedir.<\/p>\n","protected":false},"featured_media":44333,"template":"","meta":{"_acf_changed":false},"product_brand":[],"product_cat":[9557,9542],"product_tag":[],"class_list":{"0":"post-44332","1":"product","2":"type-product","3":"status-publish","4":"has-post-thumbnail","6":"product_cat-kozmetik-hammaddeleri-2","7":"product_cat-vitaminler","9":"first","10":"instock","11":"shipping-taxable","12":"product-type-simple"},"acf":[],"yoast_head":"<!-- This site is optimized with the Yoast SEO plugin v27.5 - https:\/\/yoast.com\/product\/yoast-seo-wordpress\/ -->\n<title>Askorbil Tetraizopalmitat - Hurtowy Dystrybutor<\/title>\n<meta name=\"description\" content=\"Askorbil Tetraizopalmitat, ya\u011f formunda bulunan bir C vitamini t\u00fcrevidir. C vitamini v\u00fccudun i\u015fleyi\u015fi i\u00e7in son derece \u00f6nemlidir.\" \/>\n<meta name=\"robots\" content=\"index, follow, max-snippet:-1, max-image-preview:large, max-video-preview:-1\" \/>\n<link rel=\"canonical\" href=\"https:\/\/naturalpoland.com\/tr\/urunler\/kozmetik-hammaddeleri\/kozmetik-hammaddeleri-2\/askorbil-tetraizopalmitat\/\" \/>\n<meta property=\"og:locale\" content=\"tr_TR\" \/>\n<meta property=\"og:type\" content=\"article\" \/>\n<meta property=\"og:title\" content=\"Askorbil Tetraizopalmitat - Hurtowy Dystrybutor\" \/>\n<meta property=\"og:description\" content=\"Askorbil Tetraizopalmitat, ya\u011f formunda bulunan bir C vitamini t\u00fcrevidir. C vitamini v\u00fccudun i\u015fleyi\u015fi i\u00e7in son derece \u00f6nemlidir.\" \/>\n<meta property=\"og:url\" content=\"https:\/\/naturalpoland.com\/tr\/urunler\/kozmetik-hammaddeleri\/kozmetik-hammaddeleri-2\/askorbil-tetraizopalmitat\/\" \/>\n<meta property=\"og:site_name\" content=\"NATURAL POLAND - Hurtowy Dystrybutor Surowc\u00f3w\" \/>\n<meta property=\"article:publisher\" content=\"https:\/\/www.facebook.com\/naturalpoland.b2b\" \/>\n<meta property=\"article:modified_time\" content=\"2025-12-22T10:48:12+00:00\" \/>\n<meta property=\"og:image\" content=\"https:\/\/naturalpoland.com\/wp-content\/uploads\/tetraizopalmitynian-askorbylu.jpg\" \/>\n\t<meta property=\"og:image:width\" content=\"650\" \/>\n\t<meta property=\"og:image:height\" content=\"650\" \/>\n\t<meta property=\"og:image:type\" content=\"image\/jpeg\" \/>\n<script type=\"application\/ld+json\" class=\"yoast-schema-graph\">{\"@context\":\"https:\\\/\\\/schema.org\",\"@graph\":[{\"@type\":\"WebPage\",\"@id\":\"https:\\\/\\\/naturalpoland.com\\\/tr\\\/urunler\\\/kozmetik-hammaddeleri\\\/kozmetik-hammaddeleri-2\\\/askorbil-tetraizopalmitat\\\/\",\"url\":\"https:\\\/\\\/naturalpoland.com\\\/tr\\\/urunler\\\/kozmetik-hammaddeleri\\\/kozmetik-hammaddeleri-2\\\/askorbil-tetraizopalmitat\\\/\",\"name\":\"Askorbil Tetraizopalmitat - Hurtowy Dystrybutor\",\"isPartOf\":{\"@id\":\"https:\\\/\\\/naturalpoland.com\\\/tr\\\/#website\"},\"primaryImageOfPage\":{\"@id\":\"https:\\\/\\\/naturalpoland.com\\\/tr\\\/urunler\\\/kozmetik-hammaddeleri\\\/kozmetik-hammaddeleri-2\\\/askorbil-tetraizopalmitat\\\/#primaryimage\"},\"image\":{\"@id\":\"https:\\\/\\\/naturalpoland.com\\\/tr\\\/urunler\\\/kozmetik-hammaddeleri\\\/kozmetik-hammaddeleri-2\\\/askorbil-tetraizopalmitat\\\/#primaryimage\"},\"thumbnailUrl\":\"https:\\\/\\\/naturalpoland.com\\\/wp-content\\\/uploads\\\/tetraizopalmitynian-askorbylu.jpg\",\"datePublished\":\"2021-05-21T08:54:11+00:00\",\"dateModified\":\"2025-12-22T10:48:12+00:00\",\"description\":\"Askorbil Tetraizopalmitat, ya\u011f formunda bulunan bir C vitamini t\u00fcrevidir. C vitamini v\u00fccudun i\u015fleyi\u015fi i\u00e7in son derece \u00f6nemlidir.\",\"breadcrumb\":{\"@id\":\"https:\\\/\\\/naturalpoland.com\\\/tr\\\/urunler\\\/kozmetik-hammaddeleri\\\/kozmetik-hammaddeleri-2\\\/askorbil-tetraizopalmitat\\\/#breadcrumb\"},\"inLanguage\":\"tr\",\"potentialAction\":[{\"@type\":\"ReadAction\",\"target\":[\"https:\\\/\\\/naturalpoland.com\\\/tr\\\/urunler\\\/kozmetik-hammaddeleri\\\/kozmetik-hammaddeleri-2\\\/askorbil-tetraizopalmitat\\\/\"]}]},{\"@type\":\"ImageObject\",\"inLanguage\":\"tr\",\"@id\":\"https:\\\/\\\/naturalpoland.com\\\/tr\\\/urunler\\\/kozmetik-hammaddeleri\\\/kozmetik-hammaddeleri-2\\\/askorbil-tetraizopalmitat\\\/#primaryimage\",\"url\":\"https:\\\/\\\/naturalpoland.com\\\/wp-content\\\/uploads\\\/tetraizopalmitynian-askorbylu.jpg\",\"contentUrl\":\"https:\\\/\\\/naturalpoland.com\\\/wp-content\\\/uploads\\\/tetraizopalmitynian-askorbylu.jpg\",\"width\":650,\"height\":650,\"caption\":\"askorbil tetraizopalmitat\"},{\"@type\":\"BreadcrumbList\",\"@id\":\"https:\\\/\\\/naturalpoland.com\\\/tr\\\/urunler\\\/kozmetik-hammaddeleri\\\/kozmetik-hammaddeleri-2\\\/askorbil-tetraizopalmitat\\\/#breadcrumb\",\"itemListElement\":[{\"@type\":\"ListItem\",\"position\":1,\"name\":\"Ana Sayfa\",\"item\":\"https:\\\/\\\/naturalpoland.com\\\/tr\\\/\"},{\"@type\":\"ListItem\",\"position\":2,\"name\":\"\u00dcr\u00fcnler\",\"item\":\"https:\\\/\\\/naturalpoland.com\\\/tr\\\/urunler\\\/\"},{\"@type\":\"ListItem\",\"position\":3,\"name\":\"Askorbil Tetraizopalmitat\"}]},{\"@type\":\"WebSite\",\"@id\":\"https:\\\/\\\/naturalpoland.com\\\/tr\\\/#website\",\"url\":\"https:\\\/\\\/naturalpoland.com\\\/tr\\\/\",\"name\":\"NATURAL POLAND - Hurtowy Dystrybutor Surowc\u00f3w\",\"description\":\"Surowce dla przemys\u0142u spo\u017cywczego, kosmetycznego i farmaceutycznego\",\"publisher\":{\"@id\":\"https:\\\/\\\/naturalpoland.com\\\/tr\\\/#organization\"},\"potentialAction\":[{\"@type\":\"SearchAction\",\"target\":{\"@type\":\"EntryPoint\",\"urlTemplate\":\"https:\\\/\\\/naturalpoland.com\\\/tr\\\/?s={search_term_string}\"},\"query-input\":{\"@type\":\"PropertyValueSpecification\",\"valueRequired\":true,\"valueName\":\"search_term_string\"}}],\"inLanguage\":\"tr\"},{\"@type\":\"Organization\",\"@id\":\"https:\\\/\\\/naturalpoland.com\\\/tr\\\/#organization\",\"name\":\"Natural Poland\",\"url\":\"https:\\\/\\\/naturalpoland.com\\\/tr\\\/\",\"logo\":{\"@type\":\"ImageObject\",\"inLanguage\":\"tr\",\"@id\":\"https:\\\/\\\/naturalpoland.com\\\/tr\\\/#\\\/schema\\\/logo\\\/image\\\/\",\"url\":\"https:\\\/\\\/naturalpoland.com\\\/wp-content\\\/uploads\\\/2021\\\/05\\\/natural-poland-icon.png\",\"contentUrl\":\"https:\\\/\\\/naturalpoland.com\\\/wp-content\\\/uploads\\\/2021\\\/05\\\/natural-poland-icon.png\",\"width\":512,\"height\":512,\"caption\":\"Natural Poland\"},\"image\":{\"@id\":\"https:\\\/\\\/naturalpoland.com\\\/tr\\\/#\\\/schema\\\/logo\\\/image\\\/\"},\"sameAs\":[\"https:\\\/\\\/www.facebook.com\\\/naturalpoland.b2b\",\"https:\\\/\\\/pl.linkedin.com\\\/company\\\/natural-poland\",\"https:\\\/\\\/www.youtube.com\\\/channel\\\/UCgeGGkvOMahZo-xu_MSEWxg\"]}]}<\/script>\n<!-- \/ Yoast SEO plugin. -->","yoast_head_json":{"title":"Askorbil Tetraizopalmitat - Hurtowy Dystrybutor","description":"Askorbil Tetraizopalmitat, ya\u011f formunda bulunan bir C vitamini t\u00fcrevidir. C vitamini v\u00fccudun i\u015fleyi\u015fi i\u00e7in son derece \u00f6nemlidir.","robots":{"index":"index","follow":"follow","max-snippet":"max-snippet:-1","max-image-preview":"max-image-preview:large","max-video-preview":"max-video-preview:-1"},"canonical":"https:\/\/naturalpoland.com\/tr\/urunler\/kozmetik-hammaddeleri\/kozmetik-hammaddeleri-2\/askorbil-tetraizopalmitat\/","og_locale":"tr_TR","og_type":"article","og_title":"Askorbil Tetraizopalmitat - Hurtowy Dystrybutor","og_description":"Askorbil Tetraizopalmitat, ya\u011f formunda bulunan bir C vitamini t\u00fcrevidir. C vitamini v\u00fccudun i\u015fleyi\u015fi i\u00e7in son derece \u00f6nemlidir.","og_url":"https:\/\/naturalpoland.com\/tr\/urunler\/kozmetik-hammaddeleri\/kozmetik-hammaddeleri-2\/askorbil-tetraizopalmitat\/","og_site_name":"NATURAL POLAND - Hurtowy Dystrybutor Surowc\u00f3w","article_publisher":"https:\/\/www.facebook.com\/naturalpoland.b2b","article_modified_time":"2025-12-22T10:48:12+00:00","og_image":[{"width":650,"height":650,"url":"https:\/\/naturalpoland.com\/wp-content\/uploads\/tetraizopalmitynian-askorbylu.jpg","type":"image\/jpeg"}],"schema":{"@context":"https:\/\/schema.org","@graph":[{"@type":"WebPage","@id":"https:\/\/naturalpoland.com\/tr\/urunler\/kozmetik-hammaddeleri\/kozmetik-hammaddeleri-2\/askorbil-tetraizopalmitat\/","url":"https:\/\/naturalpoland.com\/tr\/urunler\/kozmetik-hammaddeleri\/kozmetik-hammaddeleri-2\/askorbil-tetraizopalmitat\/","name":"Askorbil Tetraizopalmitat - Hurtowy Dystrybutor","isPartOf":{"@id":"https:\/\/naturalpoland.com\/tr\/#website"},"primaryImageOfPage":{"@id":"https:\/\/naturalpoland.com\/tr\/urunler\/kozmetik-hammaddeleri\/kozmetik-hammaddeleri-2\/askorbil-tetraizopalmitat\/#primaryimage"},"image":{"@id":"https:\/\/naturalpoland.com\/tr\/urunler\/kozmetik-hammaddeleri\/kozmetik-hammaddeleri-2\/askorbil-tetraizopalmitat\/#primaryimage"},"thumbnailUrl":"https:\/\/naturalpoland.com\/wp-content\/uploads\/tetraizopalmitynian-askorbylu.jpg","datePublished":"2021-05-21T08:54:11+00:00","dateModified":"2025-12-22T10:48:12+00:00","description":"Askorbil Tetraizopalmitat, ya\u011f formunda bulunan bir C vitamini t\u00fcrevidir. C vitamini v\u00fccudun i\u015fleyi\u015fi i\u00e7in son derece \u00f6nemlidir.","breadcrumb":{"@id":"https:\/\/naturalpoland.com\/tr\/urunler\/kozmetik-hammaddeleri\/kozmetik-hammaddeleri-2\/askorbil-tetraizopalmitat\/#breadcrumb"},"inLanguage":"tr","potentialAction":[{"@type":"ReadAction","target":["https:\/\/naturalpoland.com\/tr\/urunler\/kozmetik-hammaddeleri\/kozmetik-hammaddeleri-2\/askorbil-tetraizopalmitat\/"]}]},{"@type":"ImageObject","inLanguage":"tr","@id":"https:\/\/naturalpoland.com\/tr\/urunler\/kozmetik-hammaddeleri\/kozmetik-hammaddeleri-2\/askorbil-tetraizopalmitat\/#primaryimage","url":"https:\/\/naturalpoland.com\/wp-content\/uploads\/tetraizopalmitynian-askorbylu.jpg","contentUrl":"https:\/\/naturalpoland.com\/wp-content\/uploads\/tetraizopalmitynian-askorbylu.jpg","width":650,"height":650,"caption":"askorbil tetraizopalmitat"},{"@type":"BreadcrumbList","@id":"https:\/\/naturalpoland.com\/tr\/urunler\/kozmetik-hammaddeleri\/kozmetik-hammaddeleri-2\/askorbil-tetraizopalmitat\/#breadcrumb","itemListElement":[{"@type":"ListItem","position":1,"name":"Ana Sayfa","item":"https:\/\/naturalpoland.com\/tr\/"},{"@type":"ListItem","position":2,"name":"\u00dcr\u00fcnler","item":"https:\/\/naturalpoland.com\/tr\/urunler\/"},{"@type":"ListItem","position":3,"name":"Askorbil Tetraizopalmitat"}]},{"@type":"WebSite","@id":"https:\/\/naturalpoland.com\/tr\/#website","url":"https:\/\/naturalpoland.com\/tr\/","name":"NATURAL POLAND - Hurtowy Dystrybutor Surowc\u00f3w","description":"Surowce dla przemys\u0142u spo\u017cywczego, kosmetycznego i farmaceutycznego","publisher":{"@id":"https:\/\/naturalpoland.com\/tr\/#organization"},"potentialAction":[{"@type":"SearchAction","target":{"@type":"EntryPoint","urlTemplate":"https:\/\/naturalpoland.com\/tr\/?s={search_term_string}"},"query-input":{"@type":"PropertyValueSpecification","valueRequired":true,"valueName":"search_term_string"}}],"inLanguage":"tr"},{"@type":"Organization","@id":"https:\/\/naturalpoland.com\/tr\/#organization","name":"Natural Poland","url":"https:\/\/naturalpoland.com\/tr\/","logo":{"@type":"ImageObject","inLanguage":"tr","@id":"https:\/\/naturalpoland.com\/tr\/#\/schema\/logo\/image\/","url":"https:\/\/naturalpoland.com\/wp-content\/uploads\/2021\/05\/natural-poland-icon.png","contentUrl":"https:\/\/naturalpoland.com\/wp-content\/uploads\/2021\/05\/natural-poland-icon.png","width":512,"height":512,"caption":"Natural Poland"},"image":{"@id":"https:\/\/naturalpoland.com\/tr\/#\/schema\/logo\/image\/"},"sameAs":["https:\/\/www.facebook.com\/naturalpoland.b2b","https:\/\/pl.linkedin.com\/company\/natural-poland","https:\/\/www.youtube.com\/channel\/UCgeGGkvOMahZo-xu_MSEWxg"]}]}},"_links":{"self":[{"href":"https:\/\/naturalpoland.com\/tr\/wp-json\/wp\/v2\/product\/44332","targetHints":{"allow":["GET"]}}],"collection":[{"href":"https:\/\/naturalpoland.com\/tr\/wp-json\/wp\/v2\/product"}],"about":[{"href":"https:\/\/naturalpoland.com\/tr\/wp-json\/wp\/v2\/types\/product"}],"wp:featuredmedia":[{"embeddable":true,"href":"https:\/\/naturalpoland.com\/tr\/wp-json\/wp\/v2\/media\/44333"}],"wp:attachment":[{"href":"https:\/\/naturalpoland.com\/tr\/wp-json\/wp\/v2\/media?parent=44332"}],"wp:term":[{"taxonomy":"product_brand","embeddable":true,"href":"https:\/\/naturalpoland.com\/tr\/wp-json\/wp\/v2\/product_brand?post=44332"},{"taxonomy":"product_cat","embeddable":true,"href":"https:\/\/naturalpoland.com\/tr\/wp-json\/wp\/v2\/product_cat?post=44332"},{"taxonomy":"product_tag","embeddable":true,"href":"https:\/\/naturalpoland.com\/tr\/wp-json\/wp\/v2\/product_tag?post=44332"}],"curies":[{"name":"wp","href":"https:\/\/api.w.org\/{rel}","templated":true}]}}