{"id":44336,"date":"2021-05-11T13:58:31","date_gmt":"2021-05-11T11:58:31","guid":{"rendered":"https:\/\/naturalpoland.com\/produkty\/kategorilenmemis\/balmumu\/"},"modified":"2025-12-22T11:49:07","modified_gmt":"2025-12-22T10:49:07","slug":"balmumu","status":"publish","type":"product","link":"https:\/\/naturalpoland.com\/tr\/urunler\/mumlar\/balmumu\/","title":{"rendered":"Balmumu"},"content":{"rendered":"<h2>\u00d6zellikler:<\/h2>\n<ol>\n<li>Balmumu, do\u011fal bir yumu\u015fat\u0131c\u0131 olarak \u00e7al\u0131\u015f\u0131r ve ciltte nem tutmaya ve d\u0131\u015f etkenlere kar\u015f\u0131 korumaya yard\u0131mc\u0131 olan koruyucu bir bariyer olu\u015fturur.<\/li>\n<li>Kozmetik \u00fcr\u00fcnlerin k\u0131vam\u0131n\u0131 iyile\u015ftirir, onlara uygun sertlik ve esneklik kazand\u0131r\u0131r.<\/li>\n<li>Antibakteriyel ve antienflamatuar \u00f6zelliklere sahiptir.<\/li>\n<\/ol>\n<h2>Kullan\u0131m:<\/h2>\n<p><b>Bak\u0131m Kozmetikleri<\/b><\/p>\n<p>Beyaz balmumu tanecikleri, krem, losyon, merhem, y\u00fcz ve v\u00fccut maskeleri ve di\u011fer cilt bak\u0131m \u00fcr\u00fcnlerinin \u00fcretiminde yayg\u0131n olarak kullan\u0131l\u0131r.<\/p>\n<p>Koruyucu ve nemlendirici \u00f6zellikleri sayesinde balmumu, dudak koruyucular\u0131, dudak balsamlar\u0131 ve dudak maskelerinin bile\u015fenidir.<\/p>\n<p><strong>Farmas\u00f6tik Preparatlar<\/strong><\/p>\n<p>Balmumu, cilt rejenerasyonunu destekleyen ve enfeksiyonlara kar\u015f\u0131 koruyucu \u00f6zellikleri sayesinde merhem, tedavi edici krem ve di\u011fer dermatolojik preparatlar\u0131n baz\u0131 olarak eczac\u0131l\u0131kta da kullan\u0131l\u0131r.<\/p>\n","protected":false},"excerpt":{"rendered":"<p>Beyaz balmumu tanecikleri (<em>Cera alba<\/em>), de\u011ferli \u00f6zelliklerini korurken a\u00e7\u0131k bir renk elde etmek i\u00e7in a\u011fartma i\u015fleminden ge\u00e7irilmi\u015f do\u011fal ar\u0131 mumudur. <\/p>\n","protected":false},"featured_media":44339,"template":"","meta":{"_acf_changed":false},"product_brand":[],"product_cat":[9573],"product_tag":[],"class_list":{"0":"post-44336","1":"product","2":"type-product","3":"status-publish","4":"has-post-thumbnail","6":"product_cat-mumlar","7":"pa_grupa-substancji-emolyenler","9":"first","10":"instock","11":"shipping-taxable","12":"product-type-simple"},"acf":[],"yoast_head":"<!-- This site is optimized with the Yoast SEO plugin v27.5 - https:\/\/yoast.com\/product\/yoast-seo-wordpress\/ -->\n<title>Balmumu - NATURAL POLAND - Hurtowy Dystrybutor Surowc\u00f3w<\/title>\n<meta name=\"description\" content=\"Balmumu, kozmetik \u00fcr\u00fcnlerde kullan\u0131m i\u00e7in g\u00fcvenli bir \u00fcr\u00fcnd\u00fcr, kimyasal madde veya katk\u0131 maddesi i\u00e7ermez. G\u00f6zle temas\u0131ndan ka\u00e7\u0131n\u0131n\u0131z.\" \/>\n<meta name=\"robots\" content=\"index, follow, max-snippet:-1, max-image-preview:large, max-video-preview:-1\" \/>\n<link rel=\"canonical\" href=\"https:\/\/naturalpoland.com\/tr\/urunler\/mumlar\/balmumu\/\" \/>\n<meta property=\"og:locale\" content=\"tr_TR\" \/>\n<meta property=\"og:type\" content=\"article\" \/>\n<meta property=\"og:title\" content=\"Balmumu - NATURAL POLAND - Hurtowy Dystrybutor Surowc\u00f3w\" \/>\n<meta property=\"og:description\" content=\"Balmumu, kozmetik \u00fcr\u00fcnlerde kullan\u0131m i\u00e7in g\u00fcvenli bir \u00fcr\u00fcnd\u00fcr, kimyasal madde veya katk\u0131 maddesi i\u00e7ermez. G\u00f6zle temas\u0131ndan ka\u00e7\u0131n\u0131n\u0131z.\" \/>\n<meta property=\"og:url\" content=\"https:\/\/naturalpoland.com\/tr\/urunler\/mumlar\/balmumu\/\" \/>\n<meta property=\"og:site_name\" content=\"NATURAL POLAND - Hurtowy Dystrybutor Surowc\u00f3w\" \/>\n<meta property=\"article:publisher\" content=\"https:\/\/www.facebook.com\/naturalpoland.b2b\" \/>\n<meta property=\"article:modified_time\" content=\"2025-12-22T10:49:07+00:00\" \/>\n<meta property=\"og:image\" content=\"https:\/\/naturalpoland.com\/wp-content\/uploads\/wosk-pszczeli-bialy-w-perelkach.webp\" \/>\n\t<meta property=\"og:image:width\" content=\"613\" \/>\n\t<meta property=\"og:image:height\" content=\"613\" \/>\n\t<meta property=\"og:image:type\" content=\"image\/webp\" \/>\n<script type=\"application\/ld+json\" class=\"yoast-schema-graph\">{\"@context\":\"https:\\\/\\\/schema.org\",\"@graph\":[{\"@type\":\"WebPage\",\"@id\":\"https:\\\/\\\/naturalpoland.com\\\/tr\\\/urunler\\\/mumlar\\\/balmumu\\\/\",\"url\":\"https:\\\/\\\/naturalpoland.com\\\/tr\\\/urunler\\\/mumlar\\\/balmumu\\\/\",\"name\":\"Balmumu - NATURAL POLAND - Hurtowy Dystrybutor Surowc\u00f3w\",\"isPartOf\":{\"@id\":\"https:\\\/\\\/naturalpoland.com\\\/tr\\\/#website\"},\"primaryImageOfPage\":{\"@id\":\"https:\\\/\\\/naturalpoland.com\\\/tr\\\/urunler\\\/mumlar\\\/balmumu\\\/#primaryimage\"},\"image\":{\"@id\":\"https:\\\/\\\/naturalpoland.com\\\/tr\\\/urunler\\\/mumlar\\\/balmumu\\\/#primaryimage\"},\"thumbnailUrl\":\"https:\\\/\\\/naturalpoland.com\\\/wp-content\\\/uploads\\\/wosk-pszczeli-bialy-w-perelkach.webp\",\"datePublished\":\"2021-05-11T11:58:31+00:00\",\"dateModified\":\"2025-12-22T10:49:07+00:00\",\"description\":\"Balmumu, kozmetik \u00fcr\u00fcnlerde kullan\u0131m i\u00e7in g\u00fcvenli bir \u00fcr\u00fcnd\u00fcr, kimyasal madde veya katk\u0131 maddesi i\u00e7ermez. G\u00f6zle temas\u0131ndan ka\u00e7\u0131n\u0131n\u0131z.\",\"breadcrumb\":{\"@id\":\"https:\\\/\\\/naturalpoland.com\\\/tr\\\/urunler\\\/mumlar\\\/balmumu\\\/#breadcrumb\"},\"inLanguage\":\"tr\",\"potentialAction\":[{\"@type\":\"ReadAction\",\"target\":[\"https:\\\/\\\/naturalpoland.com\\\/tr\\\/urunler\\\/mumlar\\\/balmumu\\\/\"]}]},{\"@type\":\"ImageObject\",\"inLanguage\":\"tr\",\"@id\":\"https:\\\/\\\/naturalpoland.com\\\/tr\\\/urunler\\\/mumlar\\\/balmumu\\\/#primaryimage\",\"url\":\"https:\\\/\\\/naturalpoland.com\\\/wp-content\\\/uploads\\\/wosk-pszczeli-bialy-w-perelkach.webp\",\"contentUrl\":\"https:\\\/\\\/naturalpoland.com\\\/wp-content\\\/uploads\\\/wosk-pszczeli-bialy-w-perelkach.webp\",\"width\":613,\"height\":613,\"caption\":\"Tanecik formunda beyaz balmumu\"},{\"@type\":\"BreadcrumbList\",\"@id\":\"https:\\\/\\\/naturalpoland.com\\\/tr\\\/urunler\\\/mumlar\\\/balmumu\\\/#breadcrumb\",\"itemListElement\":[{\"@type\":\"ListItem\",\"position\":1,\"name\":\"Ana Sayfa\",\"item\":\"https:\\\/\\\/naturalpoland.com\\\/tr\\\/\"},{\"@type\":\"ListItem\",\"position\":2,\"name\":\"\u00dcr\u00fcnler\",\"item\":\"https:\\\/\\\/naturalpoland.com\\\/tr\\\/urunler\\\/\"},{\"@type\":\"ListItem\",\"position\":3,\"name\":\"Balmumu\"}]},{\"@type\":\"WebSite\",\"@id\":\"https:\\\/\\\/naturalpoland.com\\\/tr\\\/#website\",\"url\":\"https:\\\/\\\/naturalpoland.com\\\/tr\\\/\",\"name\":\"NATURAL POLAND - Hurtowy Dystrybutor Surowc\u00f3w\",\"description\":\"Surowce dla przemys\u0142u spo\u017cywczego, kosmetycznego i farmaceutycznego\",\"publisher\":{\"@id\":\"https:\\\/\\\/naturalpoland.com\\\/tr\\\/#organization\"},\"potentialAction\":[{\"@type\":\"SearchAction\",\"target\":{\"@type\":\"EntryPoint\",\"urlTemplate\":\"https:\\\/\\\/naturalpoland.com\\\/tr\\\/?s={search_term_string}\"},\"query-input\":{\"@type\":\"PropertyValueSpecification\",\"valueRequired\":true,\"valueName\":\"search_term_string\"}}],\"inLanguage\":\"tr\"},{\"@type\":\"Organization\",\"@id\":\"https:\\\/\\\/naturalpoland.com\\\/tr\\\/#organization\",\"name\":\"Natural Poland\",\"url\":\"https:\\\/\\\/naturalpoland.com\\\/tr\\\/\",\"logo\":{\"@type\":\"ImageObject\",\"inLanguage\":\"tr\",\"@id\":\"https:\\\/\\\/naturalpoland.com\\\/tr\\\/#\\\/schema\\\/logo\\\/image\\\/\",\"url\":\"https:\\\/\\\/naturalpoland.com\\\/wp-content\\\/uploads\\\/2021\\\/05\\\/natural-poland-icon.png\",\"contentUrl\":\"https:\\\/\\\/naturalpoland.com\\\/wp-content\\\/uploads\\\/2021\\\/05\\\/natural-poland-icon.png\",\"width\":512,\"height\":512,\"caption\":\"Natural Poland\"},\"image\":{\"@id\":\"https:\\\/\\\/naturalpoland.com\\\/tr\\\/#\\\/schema\\\/logo\\\/image\\\/\"},\"sameAs\":[\"https:\\\/\\\/www.facebook.com\\\/naturalpoland.b2b\",\"https:\\\/\\\/pl.linkedin.com\\\/company\\\/natural-poland\",\"https:\\\/\\\/www.youtube.com\\\/channel\\\/UCgeGGkvOMahZo-xu_MSEWxg\"]}]}<\/script>\n<!-- \/ Yoast SEO plugin. -->","yoast_head_json":{"title":"Balmumu - NATURAL POLAND - Hurtowy Dystrybutor Surowc\u00f3w","description":"Balmumu, kozmetik \u00fcr\u00fcnlerde kullan\u0131m i\u00e7in g\u00fcvenli bir \u00fcr\u00fcnd\u00fcr, kimyasal madde veya katk\u0131 maddesi i\u00e7ermez. G\u00f6zle temas\u0131ndan ka\u00e7\u0131n\u0131n\u0131z.","robots":{"index":"index","follow":"follow","max-snippet":"max-snippet:-1","max-image-preview":"max-image-preview:large","max-video-preview":"max-video-preview:-1"},"canonical":"https:\/\/naturalpoland.com\/tr\/urunler\/mumlar\/balmumu\/","og_locale":"tr_TR","og_type":"article","og_title":"Balmumu - NATURAL POLAND - Hurtowy Dystrybutor Surowc\u00f3w","og_description":"Balmumu, kozmetik \u00fcr\u00fcnlerde kullan\u0131m i\u00e7in g\u00fcvenli bir \u00fcr\u00fcnd\u00fcr, kimyasal madde veya katk\u0131 maddesi i\u00e7ermez. G\u00f6zle temas\u0131ndan ka\u00e7\u0131n\u0131n\u0131z.","og_url":"https:\/\/naturalpoland.com\/tr\/urunler\/mumlar\/balmumu\/","og_site_name":"NATURAL POLAND - Hurtowy Dystrybutor Surowc\u00f3w","article_publisher":"https:\/\/www.facebook.com\/naturalpoland.b2b","article_modified_time":"2025-12-22T10:49:07+00:00","og_image":[{"width":613,"height":613,"url":"https:\/\/naturalpoland.com\/wp-content\/uploads\/wosk-pszczeli-bialy-w-perelkach.webp","type":"image\/webp"}],"schema":{"@context":"https:\/\/schema.org","@graph":[{"@type":"WebPage","@id":"https:\/\/naturalpoland.com\/tr\/urunler\/mumlar\/balmumu\/","url":"https:\/\/naturalpoland.com\/tr\/urunler\/mumlar\/balmumu\/","name":"Balmumu - NATURAL POLAND - Hurtowy Dystrybutor Surowc\u00f3w","isPartOf":{"@id":"https:\/\/naturalpoland.com\/tr\/#website"},"primaryImageOfPage":{"@id":"https:\/\/naturalpoland.com\/tr\/urunler\/mumlar\/balmumu\/#primaryimage"},"image":{"@id":"https:\/\/naturalpoland.com\/tr\/urunler\/mumlar\/balmumu\/#primaryimage"},"thumbnailUrl":"https:\/\/naturalpoland.com\/wp-content\/uploads\/wosk-pszczeli-bialy-w-perelkach.webp","datePublished":"2021-05-11T11:58:31+00:00","dateModified":"2025-12-22T10:49:07+00:00","description":"Balmumu, kozmetik \u00fcr\u00fcnlerde kullan\u0131m i\u00e7in g\u00fcvenli bir \u00fcr\u00fcnd\u00fcr, kimyasal madde veya katk\u0131 maddesi i\u00e7ermez. G\u00f6zle temas\u0131ndan ka\u00e7\u0131n\u0131n\u0131z.","breadcrumb":{"@id":"https:\/\/naturalpoland.com\/tr\/urunler\/mumlar\/balmumu\/#breadcrumb"},"inLanguage":"tr","potentialAction":[{"@type":"ReadAction","target":["https:\/\/naturalpoland.com\/tr\/urunler\/mumlar\/balmumu\/"]}]},{"@type":"ImageObject","inLanguage":"tr","@id":"https:\/\/naturalpoland.com\/tr\/urunler\/mumlar\/balmumu\/#primaryimage","url":"https:\/\/naturalpoland.com\/wp-content\/uploads\/wosk-pszczeli-bialy-w-perelkach.webp","contentUrl":"https:\/\/naturalpoland.com\/wp-content\/uploads\/wosk-pszczeli-bialy-w-perelkach.webp","width":613,"height":613,"caption":"Tanecik formunda beyaz balmumu"},{"@type":"BreadcrumbList","@id":"https:\/\/naturalpoland.com\/tr\/urunler\/mumlar\/balmumu\/#breadcrumb","itemListElement":[{"@type":"ListItem","position":1,"name":"Ana Sayfa","item":"https:\/\/naturalpoland.com\/tr\/"},{"@type":"ListItem","position":2,"name":"\u00dcr\u00fcnler","item":"https:\/\/naturalpoland.com\/tr\/urunler\/"},{"@type":"ListItem","position":3,"name":"Balmumu"}]},{"@type":"WebSite","@id":"https:\/\/naturalpoland.com\/tr\/#website","url":"https:\/\/naturalpoland.com\/tr\/","name":"NATURAL POLAND - Hurtowy Dystrybutor Surowc\u00f3w","description":"Surowce dla przemys\u0142u spo\u017cywczego, kosmetycznego i farmaceutycznego","publisher":{"@id":"https:\/\/naturalpoland.com\/tr\/#organization"},"potentialAction":[{"@type":"SearchAction","target":{"@type":"EntryPoint","urlTemplate":"https:\/\/naturalpoland.com\/tr\/?s={search_term_string}"},"query-input":{"@type":"PropertyValueSpecification","valueRequired":true,"valueName":"search_term_string"}}],"inLanguage":"tr"},{"@type":"Organization","@id":"https:\/\/naturalpoland.com\/tr\/#organization","name":"Natural Poland","url":"https:\/\/naturalpoland.com\/tr\/","logo":{"@type":"ImageObject","inLanguage":"tr","@id":"https:\/\/naturalpoland.com\/tr\/#\/schema\/logo\/image\/","url":"https:\/\/naturalpoland.com\/wp-content\/uploads\/2021\/05\/natural-poland-icon.png","contentUrl":"https:\/\/naturalpoland.com\/wp-content\/uploads\/2021\/05\/natural-poland-icon.png","width":512,"height":512,"caption":"Natural Poland"},"image":{"@id":"https:\/\/naturalpoland.com\/tr\/#\/schema\/logo\/image\/"},"sameAs":["https:\/\/www.facebook.com\/naturalpoland.b2b","https:\/\/pl.linkedin.com\/company\/natural-poland","https:\/\/www.youtube.com\/channel\/UCgeGGkvOMahZo-xu_MSEWxg"]}]}},"_links":{"self":[{"href":"https:\/\/naturalpoland.com\/tr\/wp-json\/wp\/v2\/product\/44336","targetHints":{"allow":["GET"]}}],"collection":[{"href":"https:\/\/naturalpoland.com\/tr\/wp-json\/wp\/v2\/product"}],"about":[{"href":"https:\/\/naturalpoland.com\/tr\/wp-json\/wp\/v2\/types\/product"}],"wp:featuredmedia":[{"embeddable":true,"href":"https:\/\/naturalpoland.com\/tr\/wp-json\/wp\/v2\/media\/44339"}],"wp:attachment":[{"href":"https:\/\/naturalpoland.com\/tr\/wp-json\/wp\/v2\/media?parent=44336"}],"wp:term":[{"taxonomy":"product_brand","embeddable":true,"href":"https:\/\/naturalpoland.com\/tr\/wp-json\/wp\/v2\/product_brand?post=44336"},{"taxonomy":"product_cat","embeddable":true,"href":"https:\/\/naturalpoland.com\/tr\/wp-json\/wp\/v2\/product_cat?post=44336"},{"taxonomy":"product_tag","embeddable":true,"href":"https:\/\/naturalpoland.com\/tr\/wp-json\/wp\/v2\/product_tag?post=44336"}],"curies":[{"name":"wp","href":"https:\/\/api.w.org\/{rel}","templated":true}]}}