{"id":44344,"date":"2021-05-11T13:51:22","date_gmt":"2021-05-11T11:51:22","guid":{"rendered":"https:\/\/naturalpoland.com\/produkty\/kategorilenmemis\/aycicegi-tohumu-yagi\/"},"modified":"2025-12-22T11:50:46","modified_gmt":"2025-12-22T10:50:46","slug":"aycicegi-tohumu-yagi","status":"publish","type":"product","link":"https:\/\/naturalpoland.com\/tr\/urunler\/gida-ve-kozmetik-yaglari\/aycicegi-tohumu-yagi\/","title":{"rendered":"Ay\u00e7i\u00e7e\u011fi Tohumu Ya\u011f\u0131"},"content":{"rendered":"<h2>\u00d6zellikler ve bile\u015fim:<\/h2>\n<p>So\u011fuk s\u0131k\u0131m ay\u00e7i\u00e7e\u011fi ya\u011f\u0131, de\u011ferli doymam\u0131\u015f ya\u011f asitleri, \u00f6zellikle linoleik asit (omega-6) kayna\u011f\u0131d\u0131r. Bunun yan\u0131nda dola\u015f\u0131m ve sinir sistemi fonksiyonlar\u0131n\u0131 destekleyen ve &#8220;k\u00f6t\u00fc&#8221; LDL kolesterol seviyesini d\u00fc\u015f\u00fcrmeye katk\u0131da bulunan oleik asit (omega-9) de bulunur. Bu \u00f6zellikler sayesinde ay\u00e7i\u00e7e\u011fi ya\u011f\u0131 <strong>kalp sa\u011fl\u0131\u011f\u0131n\u0131 olumlu etkiler<\/strong>, ayr\u0131ca <strong>hormonal dengeyi destekler<\/strong> ve <strong>sa\u011fl\u0131kl\u0131 cilt<\/strong> sa\u011flar.  <\/p>\n<p><strong>Ya\u011f asidi bile\u015fimi:<\/strong><\/p>\n<ul>\n<li>Linoleik asit (omega-6): %58,84<\/li>\n<li>Oleik asit (omega-9): %29,36<\/li>\n<li>Palmitik asit: %6,97<\/li>\n<li>Stearik asit: %3,52<\/li>\n<li>Linolenik asit (omega-3): %0,13<\/li>\n<\/ul>\n<p>Ay\u00e7i\u00e7e\u011fi tohumu ya\u011f\u0131 ayr\u0131ca &#8220;gen\u00e7lik vitamini&#8221; olarak bilinen E vitamini a\u00e7\u0131s\u0131ndan zengindir. Bu vitamin <strong>serbest radikalleri n\u00f6tralize eder<\/strong>, cilt ya\u015flanma s\u00fcrecini yava\u015flat\u0131r ve doku rejenerasyonunu destekler. B grubu vitaminler ve lesitin i\u00e7eri\u011fi sayesinde <strong>beyin fonksiyonlar\u0131n\u0131<\/strong> ve <strong>cilt ile sa\u00e7 sa\u011fl\u0131\u011f\u0131n\u0131<\/strong> olumlu etkiler. <\/p>\n<p>Ay\u00e7i\u00e7e\u011fi ya\u011f\u0131 ayr\u0131ca cilt sa\u011fl\u0131\u011f\u0131na katk\u0131da bulunan ve <strong>anti-enflamatuar etkiyi<\/strong> destekleyen fitosterol ve karotenoidlerin do\u011fal kayna\u011f\u0131d\u0131r.<\/p>\n<h2>Ay\u00e7i\u00e7e\u011fi ya\u011f\u0131n\u0131n kullan\u0131m alanlar\u0131:<\/h2>\n<p><strong>G\u0131da end\u00fcstrisi:<\/strong><\/p>\n<p>So\u011fuk s\u0131k\u0131m ay\u00e7i\u00e7e\u011fi ya\u011f\u0131, so\u011fuk yemeklere m\u00fckemmel uyum sa\u011flayan karakteristik, hafif f\u0131nd\u0131ks\u0131 tada sahiptir. Sos, dip, marine ve salatalarda m\u00fckemmel performans g\u00f6sterir. Y\u00fcksek s\u0131cakl\u0131k de\u011ferli besin \u00f6\u011felerini tahrip etti\u011fi i\u00e7in k\u0131zartma veya f\u0131r\u0131nlamada kullan\u0131lmamal\u0131d\u0131r. En iyi \u015fekilde mutfakta so\u011fuk yemeklere, \u00f6rne\u011fin \u00e7i\u011f salatalara, soslara veya mayoneze eklenti olarak kullan\u0131larak ek lezzet ve sa\u011fl\u0131k de\u011feri kazand\u0131r\u0131r.   <\/p>\n<p><strong>Kozmetik end\u00fcstrisi:<\/strong><\/p>\n<p>Ay\u00e7i\u00e7e\u011fi tohumu ya\u011f\u0131 do\u011fal kozmetikte s\u0131kl\u0131kla kullan\u0131l\u0131r. Nemlendirici ve rejeneratif \u00f6zelliklere sahiptir, bu nedenle kuru ve hassas cilt bak\u0131m\u0131nda ve sa\u00e7 ya\u011flama baz\u0131 olarak uygundur. <\/p>\n<p>Ayr\u0131ca bu ya\u011f enflamatuar durumlar\u0131 hafifletmeye yard\u0131mc\u0131 olur ve antioksidan \u00f6zellikleri ya\u015flanma belirtileriyle m\u00fccadeleyi destekler. Do\u011frudan cilde uygulanabilir, nemlendirme ve rejenerasyon gerektiren b\u00f6lgelere nazik\u00e7e masaj yap\u0131labilir, ayr\u0131ca maskeler, kremler ve balsamlara eklenerek kendi bak\u0131m form\u00fcllerinizi olu\u015fturabilirsiniz. <\/p>\n","protected":false},"excerpt":{"rendered":"<p>So\u011fuk s\u0131k\u0131m <strong>ay\u00e7i\u00e7e\u011fi ya\u011f\u0131<\/strong>, ay\u00e7i\u00e7e\u011fi tohumlar\u0131ndan (<em>Helianthus Annuus<\/em>) elde edilen rafine edilmemi\u015f bitkisel ya\u011fd\u0131r. Y\u00fcksek s\u0131cakl\u0131k uygulanmadan yap\u0131lan so\u011fuk s\u0131k\u0131m i\u015flemi, tohumlarda bulunan do\u011fal \u00f6zelliklerin ve besin \u00f6\u011felerinin korunmas\u0131n\u0131 sa\u011flar. Bu ya\u011f hi\u00e7bir kimyasal katk\u0131, koruyucu madde i\u00e7ermez ve tamamen do\u011fald\u0131r.  <\/p>\n","protected":false},"featured_media":44346,"template":"","meta":{"_acf_changed":false},"product_brand":[],"product_cat":[9532],"product_tag":[],"class_list":{"0":"post-44344","1":"product","2":"type-product","3":"status-publish","4":"has-post-thumbnail","6":"product_cat-gida-ve-kozmetik-yaglari","8":"first","9":"instock","10":"shipping-taxable","11":"product-type-simple"},"acf":[],"yoast_head":"<!-- This site is optimized with the Yoast SEO plugin v27.6 - https:\/\/yoast.com\/product\/yoast-seo-wordpress\/ -->\n<title>Ay\u00e7i\u00e7e\u011fi Tohumu Ya\u011f\u0131 - NATURAL POLAND - Hurtowy Dystrybutor Surowc\u00f3w<\/title>\n<meta name=\"description\" content=\"So\u011fuk s\u0131k\u0131m ay\u00e7i\u00e7e\u011fi tohumu ya\u011f\u0131, ay\u00e7i\u00e7e\u011fi tohumlar\u0131ndan (Helianthus Annuus) elde edilen y\u00fcksek kaliteli, rafine edilmemi\u015f bitkisel ya\u011fd\u0131r.\" \/>\n<meta name=\"robots\" content=\"index, follow, max-snippet:-1, max-image-preview:large, max-video-preview:-1\" \/>\n<link rel=\"canonical\" href=\"https:\/\/naturalpoland.com\/tr\/urunler\/gida-ve-kozmetik-yaglari\/aycicegi-tohumu-yagi\/\" \/>\n<meta property=\"og:locale\" content=\"tr_TR\" \/>\n<meta property=\"og:type\" content=\"article\" \/>\n<meta property=\"og:title\" content=\"Ay\u00e7i\u00e7e\u011fi Tohumu Ya\u011f\u0131 - NATURAL POLAND - Hurtowy Dystrybutor Surowc\u00f3w\" \/>\n<meta property=\"og:description\" content=\"So\u011fuk s\u0131k\u0131m ay\u00e7i\u00e7e\u011fi tohumu ya\u011f\u0131, ay\u00e7i\u00e7e\u011fi tohumlar\u0131ndan (Helianthus Annuus) elde edilen y\u00fcksek kaliteli, rafine edilmemi\u015f bitkisel ya\u011fd\u0131r.\" \/>\n<meta property=\"og:url\" content=\"https:\/\/naturalpoland.com\/tr\/urunler\/gida-ve-kozmetik-yaglari\/aycicegi-tohumu-yagi\/\" \/>\n<meta property=\"og:site_name\" content=\"NATURAL POLAND - Hurtowy Dystrybutor Surowc\u00f3w\" \/>\n<meta property=\"article:publisher\" content=\"https:\/\/www.facebook.com\/naturalpoland.b2b\" \/>\n<meta property=\"article:modified_time\" content=\"2025-12-22T10:50:46+00:00\" \/>\n<meta property=\"og:image\" content=\"https:\/\/naturalpoland.com\/wp-content\/uploads\/olej-slonecznikowy.webp\" \/>\n\t<meta property=\"og:image:width\" content=\"619\" \/>\n\t<meta property=\"og:image:height\" content=\"619\" \/>\n\t<meta property=\"og:image:type\" content=\"image\/webp\" \/>\n<script type=\"application\/ld+json\" class=\"yoast-schema-graph\">{\"@context\":\"https:\\\/\\\/schema.org\",\"@graph\":[{\"@type\":\"WebPage\",\"@id\":\"https:\\\/\\\/naturalpoland.com\\\/tr\\\/urunler\\\/gida-ve-kozmetik-yaglari\\\/aycicegi-tohumu-yagi\\\/\",\"url\":\"https:\\\/\\\/naturalpoland.com\\\/tr\\\/urunler\\\/gida-ve-kozmetik-yaglari\\\/aycicegi-tohumu-yagi\\\/\",\"name\":\"Ay\u00e7i\u00e7e\u011fi Tohumu Ya\u011f\u0131 - NATURAL POLAND - Hurtowy Dystrybutor Surowc\u00f3w\",\"isPartOf\":{\"@id\":\"https:\\\/\\\/naturalpoland.com\\\/tr\\\/#website\"},\"primaryImageOfPage\":{\"@id\":\"https:\\\/\\\/naturalpoland.com\\\/tr\\\/urunler\\\/gida-ve-kozmetik-yaglari\\\/aycicegi-tohumu-yagi\\\/#primaryimage\"},\"image\":{\"@id\":\"https:\\\/\\\/naturalpoland.com\\\/tr\\\/urunler\\\/gida-ve-kozmetik-yaglari\\\/aycicegi-tohumu-yagi\\\/#primaryimage\"},\"thumbnailUrl\":\"https:\\\/\\\/naturalpoland.com\\\/wp-content\\\/uploads\\\/olej-slonecznikowy.webp\",\"datePublished\":\"2021-05-11T11:51:22+00:00\",\"dateModified\":\"2025-12-22T10:50:46+00:00\",\"description\":\"So\u011fuk s\u0131k\u0131m ay\u00e7i\u00e7e\u011fi tohumu ya\u011f\u0131, ay\u00e7i\u00e7e\u011fi tohumlar\u0131ndan (Helianthus Annuus) elde edilen y\u00fcksek kaliteli, rafine edilmemi\u015f bitkisel ya\u011fd\u0131r.\",\"breadcrumb\":{\"@id\":\"https:\\\/\\\/naturalpoland.com\\\/tr\\\/urunler\\\/gida-ve-kozmetik-yaglari\\\/aycicegi-tohumu-yagi\\\/#breadcrumb\"},\"inLanguage\":\"tr\",\"potentialAction\":[{\"@type\":\"ReadAction\",\"target\":[\"https:\\\/\\\/naturalpoland.com\\\/tr\\\/urunler\\\/gida-ve-kozmetik-yaglari\\\/aycicegi-tohumu-yagi\\\/\"]}]},{\"@type\":\"ImageObject\",\"inLanguage\":\"tr\",\"@id\":\"https:\\\/\\\/naturalpoland.com\\\/tr\\\/urunler\\\/gida-ve-kozmetik-yaglari\\\/aycicegi-tohumu-yagi\\\/#primaryimage\",\"url\":\"https:\\\/\\\/naturalpoland.com\\\/wp-content\\\/uploads\\\/olej-slonecznikowy.webp\",\"contentUrl\":\"https:\\\/\\\/naturalpoland.com\\\/wp-content\\\/uploads\\\/olej-slonecznikowy.webp\",\"width\":619,\"height\":619,\"caption\":\"ay\u00e7i\u00e7e\u011fi ya\u011f\u0131\"},{\"@type\":\"BreadcrumbList\",\"@id\":\"https:\\\/\\\/naturalpoland.com\\\/tr\\\/urunler\\\/gida-ve-kozmetik-yaglari\\\/aycicegi-tohumu-yagi\\\/#breadcrumb\",\"itemListElement\":[{\"@type\":\"ListItem\",\"position\":1,\"name\":\"Ana Sayfa\",\"item\":\"https:\\\/\\\/naturalpoland.com\\\/tr\\\/\"},{\"@type\":\"ListItem\",\"position\":2,\"name\":\"\u00dcr\u00fcnler\",\"item\":\"https:\\\/\\\/naturalpoland.com\\\/tr\\\/urunler\\\/\"},{\"@type\":\"ListItem\",\"position\":3,\"name\":\"Ay\u00e7i\u00e7e\u011fi Tohumu Ya\u011f\u0131\"}]},{\"@type\":\"WebSite\",\"@id\":\"https:\\\/\\\/naturalpoland.com\\\/tr\\\/#website\",\"url\":\"https:\\\/\\\/naturalpoland.com\\\/tr\\\/\",\"name\":\"NATURAL POLAND - Hurtowy Dystrybutor Surowc\u00f3w\",\"description\":\"Surowce dla przemys\u0142u spo\u017cywczego, kosmetycznego i farmaceutycznego\",\"publisher\":{\"@id\":\"https:\\\/\\\/naturalpoland.com\\\/tr\\\/#organization\"},\"potentialAction\":[{\"@type\":\"SearchAction\",\"target\":{\"@type\":\"EntryPoint\",\"urlTemplate\":\"https:\\\/\\\/naturalpoland.com\\\/tr\\\/?s={search_term_string}\"},\"query-input\":{\"@type\":\"PropertyValueSpecification\",\"valueRequired\":true,\"valueName\":\"search_term_string\"}}],\"inLanguage\":\"tr\"},{\"@type\":\"Organization\",\"@id\":\"https:\\\/\\\/naturalpoland.com\\\/tr\\\/#organization\",\"name\":\"Natural Poland\",\"url\":\"https:\\\/\\\/naturalpoland.com\\\/tr\\\/\",\"logo\":{\"@type\":\"ImageObject\",\"inLanguage\":\"tr\",\"@id\":\"https:\\\/\\\/naturalpoland.com\\\/tr\\\/#\\\/schema\\\/logo\\\/image\\\/\",\"url\":\"https:\\\/\\\/naturalpoland.com\\\/wp-content\\\/uploads\\\/2021\\\/05\\\/natural-poland-icon.png\",\"contentUrl\":\"https:\\\/\\\/naturalpoland.com\\\/wp-content\\\/uploads\\\/2021\\\/05\\\/natural-poland-icon.png\",\"width\":512,\"height\":512,\"caption\":\"Natural Poland\"},\"image\":{\"@id\":\"https:\\\/\\\/naturalpoland.com\\\/tr\\\/#\\\/schema\\\/logo\\\/image\\\/\"},\"sameAs\":[\"https:\\\/\\\/www.facebook.com\\\/naturalpoland.b2b\",\"https:\\\/\\\/pl.linkedin.com\\\/company\\\/natural-poland\",\"https:\\\/\\\/www.youtube.com\\\/channel\\\/UCgeGGkvOMahZo-xu_MSEWxg\"]}]}<\/script>\n<!-- \/ Yoast SEO plugin. -->","yoast_head_json":{"title":"Ay\u00e7i\u00e7e\u011fi Tohumu Ya\u011f\u0131 - NATURAL POLAND - Hurtowy Dystrybutor Surowc\u00f3w","description":"So\u011fuk s\u0131k\u0131m ay\u00e7i\u00e7e\u011fi tohumu ya\u011f\u0131, ay\u00e7i\u00e7e\u011fi tohumlar\u0131ndan (Helianthus Annuus) elde edilen y\u00fcksek kaliteli, rafine edilmemi\u015f bitkisel ya\u011fd\u0131r.","robots":{"index":"index","follow":"follow","max-snippet":"max-snippet:-1","max-image-preview":"max-image-preview:large","max-video-preview":"max-video-preview:-1"},"canonical":"https:\/\/naturalpoland.com\/tr\/urunler\/gida-ve-kozmetik-yaglari\/aycicegi-tohumu-yagi\/","og_locale":"tr_TR","og_type":"article","og_title":"Ay\u00e7i\u00e7e\u011fi Tohumu Ya\u011f\u0131 - NATURAL POLAND - Hurtowy Dystrybutor Surowc\u00f3w","og_description":"So\u011fuk s\u0131k\u0131m ay\u00e7i\u00e7e\u011fi tohumu ya\u011f\u0131, ay\u00e7i\u00e7e\u011fi tohumlar\u0131ndan (Helianthus Annuus) elde edilen y\u00fcksek kaliteli, rafine edilmemi\u015f bitkisel ya\u011fd\u0131r.","og_url":"https:\/\/naturalpoland.com\/tr\/urunler\/gida-ve-kozmetik-yaglari\/aycicegi-tohumu-yagi\/","og_site_name":"NATURAL POLAND - Hurtowy Dystrybutor Surowc\u00f3w","article_publisher":"https:\/\/www.facebook.com\/naturalpoland.b2b","article_modified_time":"2025-12-22T10:50:46+00:00","og_image":[{"width":619,"height":619,"url":"https:\/\/naturalpoland.com\/wp-content\/uploads\/olej-slonecznikowy.webp","type":"image\/webp"}],"schema":{"@context":"https:\/\/schema.org","@graph":[{"@type":"WebPage","@id":"https:\/\/naturalpoland.com\/tr\/urunler\/gida-ve-kozmetik-yaglari\/aycicegi-tohumu-yagi\/","url":"https:\/\/naturalpoland.com\/tr\/urunler\/gida-ve-kozmetik-yaglari\/aycicegi-tohumu-yagi\/","name":"Ay\u00e7i\u00e7e\u011fi Tohumu Ya\u011f\u0131 - NATURAL POLAND - Hurtowy Dystrybutor Surowc\u00f3w","isPartOf":{"@id":"https:\/\/naturalpoland.com\/tr\/#website"},"primaryImageOfPage":{"@id":"https:\/\/naturalpoland.com\/tr\/urunler\/gida-ve-kozmetik-yaglari\/aycicegi-tohumu-yagi\/#primaryimage"},"image":{"@id":"https:\/\/naturalpoland.com\/tr\/urunler\/gida-ve-kozmetik-yaglari\/aycicegi-tohumu-yagi\/#primaryimage"},"thumbnailUrl":"https:\/\/naturalpoland.com\/wp-content\/uploads\/olej-slonecznikowy.webp","datePublished":"2021-05-11T11:51:22+00:00","dateModified":"2025-12-22T10:50:46+00:00","description":"So\u011fuk s\u0131k\u0131m ay\u00e7i\u00e7e\u011fi tohumu ya\u011f\u0131, ay\u00e7i\u00e7e\u011fi tohumlar\u0131ndan (Helianthus Annuus) elde edilen y\u00fcksek kaliteli, rafine edilmemi\u015f bitkisel ya\u011fd\u0131r.","breadcrumb":{"@id":"https:\/\/naturalpoland.com\/tr\/urunler\/gida-ve-kozmetik-yaglari\/aycicegi-tohumu-yagi\/#breadcrumb"},"inLanguage":"tr","potentialAction":[{"@type":"ReadAction","target":["https:\/\/naturalpoland.com\/tr\/urunler\/gida-ve-kozmetik-yaglari\/aycicegi-tohumu-yagi\/"]}]},{"@type":"ImageObject","inLanguage":"tr","@id":"https:\/\/naturalpoland.com\/tr\/urunler\/gida-ve-kozmetik-yaglari\/aycicegi-tohumu-yagi\/#primaryimage","url":"https:\/\/naturalpoland.com\/wp-content\/uploads\/olej-slonecznikowy.webp","contentUrl":"https:\/\/naturalpoland.com\/wp-content\/uploads\/olej-slonecznikowy.webp","width":619,"height":619,"caption":"ay\u00e7i\u00e7e\u011fi ya\u011f\u0131"},{"@type":"BreadcrumbList","@id":"https:\/\/naturalpoland.com\/tr\/urunler\/gida-ve-kozmetik-yaglari\/aycicegi-tohumu-yagi\/#breadcrumb","itemListElement":[{"@type":"ListItem","position":1,"name":"Ana Sayfa","item":"https:\/\/naturalpoland.com\/tr\/"},{"@type":"ListItem","position":2,"name":"\u00dcr\u00fcnler","item":"https:\/\/naturalpoland.com\/tr\/urunler\/"},{"@type":"ListItem","position":3,"name":"Ay\u00e7i\u00e7e\u011fi Tohumu Ya\u011f\u0131"}]},{"@type":"WebSite","@id":"https:\/\/naturalpoland.com\/tr\/#website","url":"https:\/\/naturalpoland.com\/tr\/","name":"NATURAL POLAND - Hurtowy Dystrybutor Surowc\u00f3w","description":"Surowce dla przemys\u0142u spo\u017cywczego, kosmetycznego i farmaceutycznego","publisher":{"@id":"https:\/\/naturalpoland.com\/tr\/#organization"},"potentialAction":[{"@type":"SearchAction","target":{"@type":"EntryPoint","urlTemplate":"https:\/\/naturalpoland.com\/tr\/?s={search_term_string}"},"query-input":{"@type":"PropertyValueSpecification","valueRequired":true,"valueName":"search_term_string"}}],"inLanguage":"tr"},{"@type":"Organization","@id":"https:\/\/naturalpoland.com\/tr\/#organization","name":"Natural Poland","url":"https:\/\/naturalpoland.com\/tr\/","logo":{"@type":"ImageObject","inLanguage":"tr","@id":"https:\/\/naturalpoland.com\/tr\/#\/schema\/logo\/image\/","url":"https:\/\/naturalpoland.com\/wp-content\/uploads\/2021\/05\/natural-poland-icon.png","contentUrl":"https:\/\/naturalpoland.com\/wp-content\/uploads\/2021\/05\/natural-poland-icon.png","width":512,"height":512,"caption":"Natural Poland"},"image":{"@id":"https:\/\/naturalpoland.com\/tr\/#\/schema\/logo\/image\/"},"sameAs":["https:\/\/www.facebook.com\/naturalpoland.b2b","https:\/\/pl.linkedin.com\/company\/natural-poland","https:\/\/www.youtube.com\/channel\/UCgeGGkvOMahZo-xu_MSEWxg"]}]}},"_links":{"self":[{"href":"https:\/\/naturalpoland.com\/tr\/wp-json\/wp\/v2\/product\/44344","targetHints":{"allow":["GET"]}}],"collection":[{"href":"https:\/\/naturalpoland.com\/tr\/wp-json\/wp\/v2\/product"}],"about":[{"href":"https:\/\/naturalpoland.com\/tr\/wp-json\/wp\/v2\/types\/product"}],"wp:featuredmedia":[{"embeddable":true,"href":"https:\/\/naturalpoland.com\/tr\/wp-json\/wp\/v2\/media\/44346"}],"wp:attachment":[{"href":"https:\/\/naturalpoland.com\/tr\/wp-json\/wp\/v2\/media?parent=44344"}],"wp:term":[{"taxonomy":"product_brand","embeddable":true,"href":"https:\/\/naturalpoland.com\/tr\/wp-json\/wp\/v2\/product_brand?post=44344"},{"taxonomy":"product_cat","embeddable":true,"href":"https:\/\/naturalpoland.com\/tr\/wp-json\/wp\/v2\/product_cat?post=44344"},{"taxonomy":"product_tag","embeddable":true,"href":"https:\/\/naturalpoland.com\/tr\/wp-json\/wp\/v2\/product_tag?post=44344"}],"curies":[{"name":"wp","href":"https:\/\/api.w.org\/{rel}","templated":true}]}}