{"id":44347,"date":"2021-05-11T13:39:22","date_gmt":"2021-05-11T11:39:22","guid":{"rendered":"https:\/\/naturalpoland.com\/produkty\/kategorilenmemis\/ginkgo-biloba-japon-ihlamuru-ekstresi\/"},"modified":"2025-12-22T11:51:10","modified_gmt":"2025-12-22T10:51:10","slug":"ginkgo-biloba-japon-ihlamuru-ekstresi","status":"publish","type":"product","link":"https:\/\/naturalpoland.com\/tr\/urunler\/bitkisel-ekstraktlar\/ginkgo-biloba-japon-ihlamuru-ekstresi\/","title":{"rendered":"Ginkgo biloba (Japon \u0131hlamuru) ekstresi"},"content":{"rendered":"<h2>Ekstrenin \u00f6zellikleri ve bile\u015fimi<\/h2>\n<p>Ginkgo ekstresi, kahverengi-sar\u0131 renkli, hafif ac\u0131 tada sahip ince bir tozdur. <a href=\"https:\/\/naturalpoland.com\/artykuly\/produkty-naturalne\/czym-sa-i-jak-dzialaja-flawonoidy\/\">Flavonoidler<\/a> (<strong><a href=\"https:\/\/naturalpoland.com\/produkty\/produkty-dla-przemyslu-farmaceutycznego-i-medycznego\/dodatki-do-suplementow-diety\/quercesol-kwercetyna\/\">quercetin<\/a><\/strong>, kaempferol), terpenler, <a href=\"https:\/\/naturalpoland.com\/artykuly\/produkty-naturalne\/wlasciwosci-i-zastosowanie-kwasow-fenolowych\/\">fenolik asitler<\/a> ve serbest radikallerle sava\u015fta v\u00fccudu destekleyen antioksidanlar gibi biyoaktif maddeler i\u00e7erir. Antioksidan \u00f6zellikleri sayesinde DNA&#8217;y\u0131 korumaya ve h\u00fccre yenilenmesine yard\u0131mc\u0131 olarak ya\u015flanma s\u00fcrecini geciktirir.  <\/p>\n<h2>Etki ve kullan\u0131m<\/h2>\n<p>Ginkgo ekstresi a\u015fa\u011f\u0131daki alanlarda olumlu etki g\u00f6sterir:<\/p>\n<ul>\n<li><strong>sinir sistemi ve bili\u015fsel i\u015flevler<\/strong>: haf\u0131za, konsantrasyon ve bili\u015fsel s\u00fcre\u00e7leri destekler, bu da ya\u015fl\u0131 ki\u015filer veya yo\u011fun zihinsel \u00e7aba gerektiren d\u00f6nemlerde ideal bir destek sa\u011flar.<\/li>\n<li><strong>dola\u015f\u0131m sistemi<\/strong>: periferik dola\u015f\u0131m\u0131 ve mikro dola\u015f\u0131m\u0131 iyile\u015ftirir, kan damarlar\u0131n\u0131n sa\u011fl\u0131\u011f\u0131n\u0131 ve beyin fonksiyonlar\u0131n\u0131 destekler. Kan viskozitesini d\u00fc\u015f\u00fcr\u00fcr, p\u0131ht\u0131 riskini azalt\u0131r ve \u00fcreme organlar\u0131n\u0131n kan dola\u015f\u0131m\u0131n\u0131 destekleyebilir. <\/li>\n<li><strong>cilt sa\u011fl\u0131\u011f\u0131<\/strong>: antioksidanlar ve anti-enflamatuar \u00f6zellikleri sayesinde cildi oksidatif strese kar\u015f\u0131 korur, elastikiyetini destekler ve ya\u015flanma kar\u015f\u0131t\u0131 etki g\u00f6sterir. Sel\u00fclit kar\u015f\u0131t\u0131 ve s\u0131k\u0131la\u015ft\u0131r\u0131c\u0131 kozmetiklerde bile\u015fen olarak kullan\u0131labilir. <\/li>\n<\/ul>\n<h2>G\u00fcvenlik ve kullan\u0131m \u00f6nerileri<\/h2>\n<p>Ginkgo biloba ekstresi uygun dozda kullan\u0131ld\u0131\u011f\u0131nda g\u00fcvenli kabul edilir, ancak kan suland\u0131r\u0131c\u0131 ila\u00e7 kullanan ki\u015filerin doktorlar\u0131na dan\u0131\u015fmas\u0131 \u00f6nerilir.<\/p>\n","protected":false},"excerpt":{"rendered":"<p><strong>Ginkgo biloba ekstresi<\/strong> (Japon \u0131hlamuru ekstresi), do\u011fal t\u0131pta y\u00fczy\u0131llard\u0131r kullan\u0131lan ginkgo a\u011fac\u0131n\u0131n yapraklar\u0131ndan elde edilir. Ekstre, sinir sistemi ve dola\u015f\u0131m sisteminin \u00e7al\u0131\u015fmas\u0131n\u0131 destekler. <\/p>\n","protected":false},"featured_media":44349,"template":"","meta":{"_acf_changed":false},"product_brand":[],"product_cat":[9531],"product_tag":[],"class_list":{"0":"post-44347","1":"product","2":"type-product","3":"status-publish","4":"has-post-thumbnail","6":"product_cat-bitkisel-ekstraktlar","7":"pa_czesc-rosliny-yapraklar-2","9":"first","10":"instock","11":"shipping-taxable","12":"product-type-simple"},"acf":[],"yoast_head":"<!-- This site is optimized with the Yoast SEO plugin v27.5 - https:\/\/yoast.com\/product\/yoast-seo-wordpress\/ -->\n<title>Ginkgo biloba (Japon \u0131hlamuru) ekstresi - NATURAL POLAND - Hurtowy Dystrybutor Surowc\u00f3w<\/title>\n<meta name=\"description\" content=\"Ginkgo biloba ekstresi, sinir sistemi ve dola\u015f\u0131m sa\u011fl\u0131\u011f\u0131n\u0131 ve cilt durumunu \u00f6nemseyen ki\u015filer i\u00e7in bir bile\u015fendir.\" \/>\n<meta name=\"robots\" content=\"index, follow, max-snippet:-1, max-image-preview:large, max-video-preview:-1\" \/>\n<link rel=\"canonical\" href=\"https:\/\/naturalpoland.com\/tr\/urunler\/bitkisel-ekstraktlar\/ginkgo-biloba-japon-ihlamuru-ekstresi\/\" \/>\n<meta property=\"og:locale\" content=\"tr_TR\" \/>\n<meta property=\"og:type\" content=\"article\" \/>\n<meta property=\"og:title\" content=\"Ginkgo biloba (Japon \u0131hlamuru) ekstresi - NATURAL POLAND - Hurtowy Dystrybutor Surowc\u00f3w\" \/>\n<meta property=\"og:description\" content=\"Ginkgo biloba ekstresi, sinir sistemi ve dola\u015f\u0131m sa\u011fl\u0131\u011f\u0131n\u0131 ve cilt durumunu \u00f6nemseyen ki\u015filer i\u00e7in bir bile\u015fendir.\" \/>\n<meta property=\"og:url\" content=\"https:\/\/naturalpoland.com\/tr\/urunler\/bitkisel-ekstraktlar\/ginkgo-biloba-japon-ihlamuru-ekstresi\/\" \/>\n<meta property=\"og:site_name\" content=\"NATURAL POLAND - Hurtowy Dystrybutor Surowc\u00f3w\" \/>\n<meta property=\"article:publisher\" content=\"https:\/\/www.facebook.com\/naturalpoland.b2b\" \/>\n<meta property=\"article:modified_time\" content=\"2025-12-22T10:51:10+00:00\" \/>\n<meta property=\"og:image\" content=\"https:\/\/naturalpoland.com\/wp-content\/uploads\/ekstrakt-ginkgo-biloba.webp\" \/>\n\t<meta property=\"og:image:width\" content=\"614\" \/>\n\t<meta property=\"og:image:height\" content=\"614\" \/>\n\t<meta property=\"og:image:type\" content=\"image\/webp\" \/>\n<script type=\"application\/ld+json\" class=\"yoast-schema-graph\">{\"@context\":\"https:\\\/\\\/schema.org\",\"@graph\":[{\"@type\":\"WebPage\",\"@id\":\"https:\\\/\\\/naturalpoland.com\\\/tr\\\/urunler\\\/bitkisel-ekstraktlar\\\/ginkgo-biloba-japon-ihlamuru-ekstresi\\\/\",\"url\":\"https:\\\/\\\/naturalpoland.com\\\/tr\\\/urunler\\\/bitkisel-ekstraktlar\\\/ginkgo-biloba-japon-ihlamuru-ekstresi\\\/\",\"name\":\"Ginkgo biloba (Japon \u0131hlamuru) ekstresi - NATURAL POLAND - Hurtowy Dystrybutor Surowc\u00f3w\",\"isPartOf\":{\"@id\":\"https:\\\/\\\/naturalpoland.com\\\/tr\\\/#website\"},\"primaryImageOfPage\":{\"@id\":\"https:\\\/\\\/naturalpoland.com\\\/tr\\\/urunler\\\/bitkisel-ekstraktlar\\\/ginkgo-biloba-japon-ihlamuru-ekstresi\\\/#primaryimage\"},\"image\":{\"@id\":\"https:\\\/\\\/naturalpoland.com\\\/tr\\\/urunler\\\/bitkisel-ekstraktlar\\\/ginkgo-biloba-japon-ihlamuru-ekstresi\\\/#primaryimage\"},\"thumbnailUrl\":\"https:\\\/\\\/naturalpoland.com\\\/wp-content\\\/uploads\\\/ekstrakt-ginkgo-biloba.webp\",\"datePublished\":\"2021-05-11T11:39:22+00:00\",\"dateModified\":\"2025-12-22T10:51:10+00:00\",\"description\":\"Ginkgo biloba ekstresi, sinir sistemi ve dola\u015f\u0131m sa\u011fl\u0131\u011f\u0131n\u0131 ve cilt durumunu \u00f6nemseyen ki\u015filer i\u00e7in bir bile\u015fendir.\",\"breadcrumb\":{\"@id\":\"https:\\\/\\\/naturalpoland.com\\\/tr\\\/urunler\\\/bitkisel-ekstraktlar\\\/ginkgo-biloba-japon-ihlamuru-ekstresi\\\/#breadcrumb\"},\"inLanguage\":\"tr\",\"potentialAction\":[{\"@type\":\"ReadAction\",\"target\":[\"https:\\\/\\\/naturalpoland.com\\\/tr\\\/urunler\\\/bitkisel-ekstraktlar\\\/ginkgo-biloba-japon-ihlamuru-ekstresi\\\/\"]}]},{\"@type\":\"ImageObject\",\"inLanguage\":\"tr\",\"@id\":\"https:\\\/\\\/naturalpoland.com\\\/tr\\\/urunler\\\/bitkisel-ekstraktlar\\\/ginkgo-biloba-japon-ihlamuru-ekstresi\\\/#primaryimage\",\"url\":\"https:\\\/\\\/naturalpoland.com\\\/wp-content\\\/uploads\\\/ekstrakt-ginkgo-biloba.webp\",\"contentUrl\":\"https:\\\/\\\/naturalpoland.com\\\/wp-content\\\/uploads\\\/ekstrakt-ginkgo-biloba.webp\",\"width\":614,\"height\":614,\"caption\":\"Ginkgo biloba yaprak ekstresi\"},{\"@type\":\"BreadcrumbList\",\"@id\":\"https:\\\/\\\/naturalpoland.com\\\/tr\\\/urunler\\\/bitkisel-ekstraktlar\\\/ginkgo-biloba-japon-ihlamuru-ekstresi\\\/#breadcrumb\",\"itemListElement\":[{\"@type\":\"ListItem\",\"position\":1,\"name\":\"Ana Sayfa\",\"item\":\"https:\\\/\\\/naturalpoland.com\\\/tr\\\/\"},{\"@type\":\"ListItem\",\"position\":2,\"name\":\"\u00dcr\u00fcnler\",\"item\":\"https:\\\/\\\/naturalpoland.com\\\/tr\\\/urunler\\\/\"},{\"@type\":\"ListItem\",\"position\":3,\"name\":\"Ginkgo biloba (Japon \u0131hlamuru) ekstresi\"}]},{\"@type\":\"WebSite\",\"@id\":\"https:\\\/\\\/naturalpoland.com\\\/tr\\\/#website\",\"url\":\"https:\\\/\\\/naturalpoland.com\\\/tr\\\/\",\"name\":\"NATURAL POLAND - Hurtowy Dystrybutor Surowc\u00f3w\",\"description\":\"Surowce dla przemys\u0142u spo\u017cywczego, kosmetycznego i farmaceutycznego\",\"publisher\":{\"@id\":\"https:\\\/\\\/naturalpoland.com\\\/tr\\\/#organization\"},\"potentialAction\":[{\"@type\":\"SearchAction\",\"target\":{\"@type\":\"EntryPoint\",\"urlTemplate\":\"https:\\\/\\\/naturalpoland.com\\\/tr\\\/?s={search_term_string}\"},\"query-input\":{\"@type\":\"PropertyValueSpecification\",\"valueRequired\":true,\"valueName\":\"search_term_string\"}}],\"inLanguage\":\"tr\"},{\"@type\":\"Organization\",\"@id\":\"https:\\\/\\\/naturalpoland.com\\\/tr\\\/#organization\",\"name\":\"Natural Poland\",\"url\":\"https:\\\/\\\/naturalpoland.com\\\/tr\\\/\",\"logo\":{\"@type\":\"ImageObject\",\"inLanguage\":\"tr\",\"@id\":\"https:\\\/\\\/naturalpoland.com\\\/tr\\\/#\\\/schema\\\/logo\\\/image\\\/\",\"url\":\"https:\\\/\\\/naturalpoland.com\\\/wp-content\\\/uploads\\\/2021\\\/05\\\/natural-poland-icon.png\",\"contentUrl\":\"https:\\\/\\\/naturalpoland.com\\\/wp-content\\\/uploads\\\/2021\\\/05\\\/natural-poland-icon.png\",\"width\":512,\"height\":512,\"caption\":\"Natural Poland\"},\"image\":{\"@id\":\"https:\\\/\\\/naturalpoland.com\\\/tr\\\/#\\\/schema\\\/logo\\\/image\\\/\"},\"sameAs\":[\"https:\\\/\\\/www.facebook.com\\\/naturalpoland.b2b\",\"https:\\\/\\\/pl.linkedin.com\\\/company\\\/natural-poland\",\"https:\\\/\\\/www.youtube.com\\\/channel\\\/UCgeGGkvOMahZo-xu_MSEWxg\"]}]}<\/script>\n<!-- \/ Yoast SEO plugin. -->","yoast_head_json":{"title":"Ginkgo biloba (Japon \u0131hlamuru) ekstresi - NATURAL POLAND - Hurtowy Dystrybutor Surowc\u00f3w","description":"Ginkgo biloba ekstresi, sinir sistemi ve dola\u015f\u0131m sa\u011fl\u0131\u011f\u0131n\u0131 ve cilt durumunu \u00f6nemseyen ki\u015filer i\u00e7in bir bile\u015fendir.","robots":{"index":"index","follow":"follow","max-snippet":"max-snippet:-1","max-image-preview":"max-image-preview:large","max-video-preview":"max-video-preview:-1"},"canonical":"https:\/\/naturalpoland.com\/tr\/urunler\/bitkisel-ekstraktlar\/ginkgo-biloba-japon-ihlamuru-ekstresi\/","og_locale":"tr_TR","og_type":"article","og_title":"Ginkgo biloba (Japon \u0131hlamuru) ekstresi - NATURAL POLAND - Hurtowy Dystrybutor Surowc\u00f3w","og_description":"Ginkgo biloba ekstresi, sinir sistemi ve dola\u015f\u0131m sa\u011fl\u0131\u011f\u0131n\u0131 ve cilt durumunu \u00f6nemseyen ki\u015filer i\u00e7in bir bile\u015fendir.","og_url":"https:\/\/naturalpoland.com\/tr\/urunler\/bitkisel-ekstraktlar\/ginkgo-biloba-japon-ihlamuru-ekstresi\/","og_site_name":"NATURAL POLAND - Hurtowy Dystrybutor Surowc\u00f3w","article_publisher":"https:\/\/www.facebook.com\/naturalpoland.b2b","article_modified_time":"2025-12-22T10:51:10+00:00","og_image":[{"width":614,"height":614,"url":"https:\/\/naturalpoland.com\/wp-content\/uploads\/ekstrakt-ginkgo-biloba.webp","type":"image\/webp"}],"schema":{"@context":"https:\/\/schema.org","@graph":[{"@type":"WebPage","@id":"https:\/\/naturalpoland.com\/tr\/urunler\/bitkisel-ekstraktlar\/ginkgo-biloba-japon-ihlamuru-ekstresi\/","url":"https:\/\/naturalpoland.com\/tr\/urunler\/bitkisel-ekstraktlar\/ginkgo-biloba-japon-ihlamuru-ekstresi\/","name":"Ginkgo biloba (Japon \u0131hlamuru) ekstresi - NATURAL POLAND - Hurtowy Dystrybutor Surowc\u00f3w","isPartOf":{"@id":"https:\/\/naturalpoland.com\/tr\/#website"},"primaryImageOfPage":{"@id":"https:\/\/naturalpoland.com\/tr\/urunler\/bitkisel-ekstraktlar\/ginkgo-biloba-japon-ihlamuru-ekstresi\/#primaryimage"},"image":{"@id":"https:\/\/naturalpoland.com\/tr\/urunler\/bitkisel-ekstraktlar\/ginkgo-biloba-japon-ihlamuru-ekstresi\/#primaryimage"},"thumbnailUrl":"https:\/\/naturalpoland.com\/wp-content\/uploads\/ekstrakt-ginkgo-biloba.webp","datePublished":"2021-05-11T11:39:22+00:00","dateModified":"2025-12-22T10:51:10+00:00","description":"Ginkgo biloba ekstresi, sinir sistemi ve dola\u015f\u0131m sa\u011fl\u0131\u011f\u0131n\u0131 ve cilt durumunu \u00f6nemseyen ki\u015filer i\u00e7in bir bile\u015fendir.","breadcrumb":{"@id":"https:\/\/naturalpoland.com\/tr\/urunler\/bitkisel-ekstraktlar\/ginkgo-biloba-japon-ihlamuru-ekstresi\/#breadcrumb"},"inLanguage":"tr","potentialAction":[{"@type":"ReadAction","target":["https:\/\/naturalpoland.com\/tr\/urunler\/bitkisel-ekstraktlar\/ginkgo-biloba-japon-ihlamuru-ekstresi\/"]}]},{"@type":"ImageObject","inLanguage":"tr","@id":"https:\/\/naturalpoland.com\/tr\/urunler\/bitkisel-ekstraktlar\/ginkgo-biloba-japon-ihlamuru-ekstresi\/#primaryimage","url":"https:\/\/naturalpoland.com\/wp-content\/uploads\/ekstrakt-ginkgo-biloba.webp","contentUrl":"https:\/\/naturalpoland.com\/wp-content\/uploads\/ekstrakt-ginkgo-biloba.webp","width":614,"height":614,"caption":"Ginkgo biloba yaprak ekstresi"},{"@type":"BreadcrumbList","@id":"https:\/\/naturalpoland.com\/tr\/urunler\/bitkisel-ekstraktlar\/ginkgo-biloba-japon-ihlamuru-ekstresi\/#breadcrumb","itemListElement":[{"@type":"ListItem","position":1,"name":"Ana Sayfa","item":"https:\/\/naturalpoland.com\/tr\/"},{"@type":"ListItem","position":2,"name":"\u00dcr\u00fcnler","item":"https:\/\/naturalpoland.com\/tr\/urunler\/"},{"@type":"ListItem","position":3,"name":"Ginkgo biloba (Japon \u0131hlamuru) ekstresi"}]},{"@type":"WebSite","@id":"https:\/\/naturalpoland.com\/tr\/#website","url":"https:\/\/naturalpoland.com\/tr\/","name":"NATURAL POLAND - Hurtowy Dystrybutor Surowc\u00f3w","description":"Surowce dla przemys\u0142u spo\u017cywczego, kosmetycznego i farmaceutycznego","publisher":{"@id":"https:\/\/naturalpoland.com\/tr\/#organization"},"potentialAction":[{"@type":"SearchAction","target":{"@type":"EntryPoint","urlTemplate":"https:\/\/naturalpoland.com\/tr\/?s={search_term_string}"},"query-input":{"@type":"PropertyValueSpecification","valueRequired":true,"valueName":"search_term_string"}}],"inLanguage":"tr"},{"@type":"Organization","@id":"https:\/\/naturalpoland.com\/tr\/#organization","name":"Natural Poland","url":"https:\/\/naturalpoland.com\/tr\/","logo":{"@type":"ImageObject","inLanguage":"tr","@id":"https:\/\/naturalpoland.com\/tr\/#\/schema\/logo\/image\/","url":"https:\/\/naturalpoland.com\/wp-content\/uploads\/2021\/05\/natural-poland-icon.png","contentUrl":"https:\/\/naturalpoland.com\/wp-content\/uploads\/2021\/05\/natural-poland-icon.png","width":512,"height":512,"caption":"Natural Poland"},"image":{"@id":"https:\/\/naturalpoland.com\/tr\/#\/schema\/logo\/image\/"},"sameAs":["https:\/\/www.facebook.com\/naturalpoland.b2b","https:\/\/pl.linkedin.com\/company\/natural-poland","https:\/\/www.youtube.com\/channel\/UCgeGGkvOMahZo-xu_MSEWxg"]}]}},"_links":{"self":[{"href":"https:\/\/naturalpoland.com\/tr\/wp-json\/wp\/v2\/product\/44347","targetHints":{"allow":["GET"]}}],"collection":[{"href":"https:\/\/naturalpoland.com\/tr\/wp-json\/wp\/v2\/product"}],"about":[{"href":"https:\/\/naturalpoland.com\/tr\/wp-json\/wp\/v2\/types\/product"}],"wp:featuredmedia":[{"embeddable":true,"href":"https:\/\/naturalpoland.com\/tr\/wp-json\/wp\/v2\/media\/44349"}],"wp:attachment":[{"href":"https:\/\/naturalpoland.com\/tr\/wp-json\/wp\/v2\/media?parent=44347"}],"wp:term":[{"taxonomy":"product_brand","embeddable":true,"href":"https:\/\/naturalpoland.com\/tr\/wp-json\/wp\/v2\/product_brand?post=44347"},{"taxonomy":"product_cat","embeddable":true,"href":"https:\/\/naturalpoland.com\/tr\/wp-json\/wp\/v2\/product_cat?post=44347"},{"taxonomy":"product_tag","embeddable":true,"href":"https:\/\/naturalpoland.com\/tr\/wp-json\/wp\/v2\/product_tag?post=44347"}],"curies":[{"name":"wp","href":"https:\/\/api.w.org\/{rel}","templated":true}]}}