{"id":44350,"date":"2024-09-20T15:29:05","date_gmt":"2024-09-20T13:29:05","guid":{"rendered":"https:\/\/naturalpoland.com\/produkty\/kategorilenmemis\/trehaloz\/"},"modified":"2025-12-22T11:51:51","modified_gmt":"2025-12-22T10:51:51","slug":"trehaloz","status":"publish","type":"product","link":"https:\/\/naturalpoland.com\/tr\/urunler\/kozmetik-hammaddeleri\/kozmetik-hammaddeleri-2\/trehaloz\/","title":{"rendered":"Trehaloz"},"content":{"rendered":"<h2>Trehalozun \u00f6zellikleri<\/h2>\n<p>Trehaloz iki glukoz molek\u00fcl\u00fcnden olu\u015fur ve bitkiler, mantarlar ve b\u00f6cekler dahil bir\u00e7ok organizmada do\u011fal olarak bulunur. \u00c7\u00f6l bitkilerinin a\u015f\u0131r\u0131 ko\u015fullarda hayatta kalabilmesi, trehalozun su ba\u011flama yetene\u011fi sayesindedir. Kozmetik \u00fcr\u00fcnlerde trehaloz, epidermiste suyu ba\u011flayan ve buharla\u015fmas\u0131n\u0131 \u00f6nleyen nemlendirici bir madde olan <strong>humektan<\/strong> olarak i\u015flev g\u00f6r\u00fcr.  <\/p>\n<p>Trehaloz ayn\u0131 zamanda <strong>koruyucu bir i\u015fleve<\/strong> sahiptir. Cilt h\u00fccrelerini oksidatif strese ve serbest radikallerin neden oldu\u011fu hasara kar\u015f\u0131 korur &#8211; bu da ya\u015flanma s\u00fcrecini yava\u015flat\u0131r. <\/p>\n<p>\u00dcr\u00fcn ayn\u0131 zamanda etkili bir <strong>antioksidan<\/strong> olup cildin hidrolipid bariyerinin yenilenmesine yard\u0131mc\u0131 olur. Trehaloz, cildi UV \u0131\u015f\u0131nlar\u0131, hava kirlili\u011fi ve di\u011fer \u00e7evresel kirleticiler gibi zararl\u0131 d\u0131\u015f etkenlerden korur. <\/p>\n<h2>Kozmetik \u00fcr\u00fcnlerde kullan\u0131m\u0131<\/h2>\n<p>Trehaloz <strong>y\u00fcz, v\u00fccut ve sa\u00e7 bak\u0131m kozmetiklerinde<\/strong> kullan\u0131l\u0131r. \u00d6zellikle kuru, hassas, susuz veya ya\u015flanma belirtileri g\u00f6steren ciltler i\u00e7in \u00f6nerilir. Nemlendirici kremlerin, serum, maske ve losyonlar\u0131n, \u00f6zellikle ya\u015flanma kar\u015f\u0131t\u0131 kozmetik \u00fcr\u00fcnlerin bile\u015feni olarak kullan\u0131labilir.  <\/p>\n<p>Trehaloz, ya\u011fl\u0131 ve akneye e\u011filimli ciltler i\u00e7in de faydal\u0131d\u0131r \u00e7\u00fcnk\u00fc g\u00f6zenekleri t\u0131kamadan cildi nemlendirir ve sebum \u00fcretiminin d\u00fczenlenmesine yard\u0131mc\u0131 olur.<\/p>\n<p>Trehaloz ayr\u0131ca egzama, sedef hastal\u0131\u011f\u0131 veya atopik dermatit (AD) gibi cilt sorunlar\u0131nda yat\u0131\u015ft\u0131r\u0131c\u0131 etkiye sahiptir. K\u0131zar\u0131kl\u0131k, tahri\u015f, gerginlik ve ka\u015f\u0131nt\u0131y\u0131 azaltmaya yard\u0131mc\u0131 olur. <\/p>\n<h3>Trehalozun yenilik\u00e7i kullan\u0131mlar\u0131<\/h3>\n<p>Kozmetiklerdeki geleneksel kullan\u0131mlar\u0131n\u0131n yan\u0131 s\u0131ra trehaloz, g\u00f6zya\u015f\u0131 filminin yenilenmesine yard\u0131mc\u0131 olan <strong>g\u00f6z damlalar\u0131<\/strong> ve sa\u00e7lar\u0131 a\u015f\u0131r\u0131 kurumaya ve mekanik hasara kar\u015f\u0131 koruyan <strong>sa\u00e7 nemlendirici \u00fcr\u00fcnleri<\/strong> gibi daha geli\u015fmi\u015f \u00fcr\u00fcnlerde de yer bulur. Sa\u00e7 kozmetiklerinde trehaloz, sa\u00e7lar\u0131 nemlendirir, parlakl\u0131k verir ve \u015fekillendirme s\u0131ras\u0131ndaki y\u00fcksek s\u0131cakl\u0131k gibi d\u0131\u015f etkenlerin zararl\u0131 etkilerine kar\u015f\u0131 korur. <\/p>\n<p>Kozmetoloji ve dermatolojide trehaloz s\u0131kl\u0131kla soyulmaya ve kurulu\u011fa neden olabilen <strong><a href=\"https:\/\/naturalpoland.com\/tr\/kategori\/kozmetik-hammaddeleri\/asitler\/\">asit<\/a> veya <a href=\"https:\/\/naturalpoland.com\/produkty\/produkty-dla-przemyslu-kosmetycznego\/surowce-kosmetyczne\/retinol\/\">retinol<\/a> i\u00e7eren tedavilerden sonra cilt rejenerasyonunu destekleyici<\/strong> bir bile\u015fen olarak kullan\u0131l\u0131r. Bu durumda nemlendirici ve yat\u0131\u015ft\u0131r\u0131c\u0131 etki g\u00f6sterir ve cildin koruyucu tabakas\u0131n\u0131n yenilenmesine yard\u0131mc\u0131 olur. <\/p>\n","protected":false},"excerpt":{"rendered":"<p>Trehaloz, kozmetik end\u00fcstrisinde pop\u00fclerlik kazanm\u0131\u015f do\u011fal bir disakkarittir. Nemlendirici, koruyucu ve yenileyici \u00f6zelliklere sahiptir. <\/p>\n","protected":false},"featured_media":44351,"template":"","meta":{"_acf_changed":false},"product_brand":[],"product_cat":[9557],"product_tag":[],"class_list":{"0":"post-44350","1":"product","2":"type-product","3":"status-publish","4":"has-post-thumbnail","6":"product_cat-kozmetik-hammaddeleri-2","8":"first","9":"instock","10":"shipping-taxable","11":"product-type-simple"},"acf":[],"yoast_head":"<!-- This site is optimized with the Yoast SEO plugin v27.5 - https:\/\/yoast.com\/product\/yoast-seo-wordpress\/ -->\n<title>Trehaloz - NATURAL POLAND - Hurtowy Dystrybutor Surowc\u00f3w<\/title>\n<meta name=\"description\" content=\"Trehaloz \u00f6zellikle kuru, susuz, hassas ve ya\u015flanma belirtileri g\u00f6steren ciltlerin bak\u0131m\u0131 i\u00e7in \u00f6nerilir. G\u00f6z damlalar\u0131nda da kullan\u0131l\u0131r.\" \/>\n<meta name=\"robots\" content=\"index, follow, max-snippet:-1, max-image-preview:large, max-video-preview:-1\" \/>\n<link rel=\"canonical\" href=\"https:\/\/naturalpoland.com\/tr\/urunler\/kozmetik-hammaddeleri\/kozmetik-hammaddeleri-2\/trehaloz\/\" \/>\n<meta property=\"og:locale\" content=\"tr_TR\" \/>\n<meta property=\"og:type\" content=\"article\" \/>\n<meta property=\"og:title\" content=\"Trehaloz - NATURAL POLAND - Hurtowy Dystrybutor Surowc\u00f3w\" \/>\n<meta property=\"og:description\" content=\"Trehaloz \u00f6zellikle kuru, susuz, hassas ve ya\u015flanma belirtileri g\u00f6steren ciltlerin bak\u0131m\u0131 i\u00e7in \u00f6nerilir. G\u00f6z damlalar\u0131nda da kullan\u0131l\u0131r.\" \/>\n<meta property=\"og:url\" content=\"https:\/\/naturalpoland.com\/tr\/urunler\/kozmetik-hammaddeleri\/kozmetik-hammaddeleri-2\/trehaloz\/\" \/>\n<meta property=\"og:site_name\" content=\"NATURAL POLAND - Hurtowy Dystrybutor Surowc\u00f3w\" \/>\n<meta property=\"article:publisher\" content=\"https:\/\/www.facebook.com\/naturalpoland.b2b\" \/>\n<meta property=\"article:modified_time\" content=\"2025-12-22T10:51:51+00:00\" \/>\n<meta property=\"og:image\" content=\"https:\/\/naturalpoland.com\/wp-content\/uploads\/trehaloza.webp\" \/>\n\t<meta property=\"og:image:width\" content=\"619\" \/>\n\t<meta property=\"og:image:height\" content=\"619\" \/>\n\t<meta property=\"og:image:type\" content=\"image\/webp\" \/>\n<script type=\"application\/ld+json\" class=\"yoast-schema-graph\">{\"@context\":\"https:\\\/\\\/schema.org\",\"@graph\":[{\"@type\":\"WebPage\",\"@id\":\"https:\\\/\\\/naturalpoland.com\\\/tr\\\/urunler\\\/kozmetik-hammaddeleri\\\/kozmetik-hammaddeleri-2\\\/trehaloz\\\/\",\"url\":\"https:\\\/\\\/naturalpoland.com\\\/tr\\\/urunler\\\/kozmetik-hammaddeleri\\\/kozmetik-hammaddeleri-2\\\/trehaloz\\\/\",\"name\":\"Trehaloz - NATURAL POLAND - Hurtowy Dystrybutor Surowc\u00f3w\",\"isPartOf\":{\"@id\":\"https:\\\/\\\/naturalpoland.com\\\/tr\\\/#website\"},\"primaryImageOfPage\":{\"@id\":\"https:\\\/\\\/naturalpoland.com\\\/tr\\\/urunler\\\/kozmetik-hammaddeleri\\\/kozmetik-hammaddeleri-2\\\/trehaloz\\\/#primaryimage\"},\"image\":{\"@id\":\"https:\\\/\\\/naturalpoland.com\\\/tr\\\/urunler\\\/kozmetik-hammaddeleri\\\/kozmetik-hammaddeleri-2\\\/trehaloz\\\/#primaryimage\"},\"thumbnailUrl\":\"https:\\\/\\\/naturalpoland.com\\\/wp-content\\\/uploads\\\/trehaloza.webp\",\"datePublished\":\"2024-09-20T13:29:05+00:00\",\"dateModified\":\"2025-12-22T10:51:51+00:00\",\"description\":\"Trehaloz \u00f6zellikle kuru, susuz, hassas ve ya\u015flanma belirtileri g\u00f6steren ciltlerin bak\u0131m\u0131 i\u00e7in \u00f6nerilir. G\u00f6z damlalar\u0131nda da kullan\u0131l\u0131r.\",\"breadcrumb\":{\"@id\":\"https:\\\/\\\/naturalpoland.com\\\/tr\\\/urunler\\\/kozmetik-hammaddeleri\\\/kozmetik-hammaddeleri-2\\\/trehaloz\\\/#breadcrumb\"},\"inLanguage\":\"tr\",\"potentialAction\":[{\"@type\":\"ReadAction\",\"target\":[\"https:\\\/\\\/naturalpoland.com\\\/tr\\\/urunler\\\/kozmetik-hammaddeleri\\\/kozmetik-hammaddeleri-2\\\/trehaloz\\\/\"]}]},{\"@type\":\"ImageObject\",\"inLanguage\":\"tr\",\"@id\":\"https:\\\/\\\/naturalpoland.com\\\/tr\\\/urunler\\\/kozmetik-hammaddeleri\\\/kozmetik-hammaddeleri-2\\\/trehaloz\\\/#primaryimage\",\"url\":\"https:\\\/\\\/naturalpoland.com\\\/wp-content\\\/uploads\\\/trehaloza.webp\",\"contentUrl\":\"https:\\\/\\\/naturalpoland.com\\\/wp-content\\\/uploads\\\/trehaloza.webp\",\"width\":619,\"height\":619,\"caption\":\"Trehaloz\"},{\"@type\":\"BreadcrumbList\",\"@id\":\"https:\\\/\\\/naturalpoland.com\\\/tr\\\/urunler\\\/kozmetik-hammaddeleri\\\/kozmetik-hammaddeleri-2\\\/trehaloz\\\/#breadcrumb\",\"itemListElement\":[{\"@type\":\"ListItem\",\"position\":1,\"name\":\"Ana Sayfa\",\"item\":\"https:\\\/\\\/naturalpoland.com\\\/tr\\\/\"},{\"@type\":\"ListItem\",\"position\":2,\"name\":\"\u00dcr\u00fcnler\",\"item\":\"https:\\\/\\\/naturalpoland.com\\\/tr\\\/urunler\\\/\"},{\"@type\":\"ListItem\",\"position\":3,\"name\":\"Trehaloz\"}]},{\"@type\":\"WebSite\",\"@id\":\"https:\\\/\\\/naturalpoland.com\\\/tr\\\/#website\",\"url\":\"https:\\\/\\\/naturalpoland.com\\\/tr\\\/\",\"name\":\"NATURAL POLAND - Hurtowy Dystrybutor Surowc\u00f3w\",\"description\":\"Surowce dla przemys\u0142u spo\u017cywczego, kosmetycznego i farmaceutycznego\",\"publisher\":{\"@id\":\"https:\\\/\\\/naturalpoland.com\\\/tr\\\/#organization\"},\"potentialAction\":[{\"@type\":\"SearchAction\",\"target\":{\"@type\":\"EntryPoint\",\"urlTemplate\":\"https:\\\/\\\/naturalpoland.com\\\/tr\\\/?s={search_term_string}\"},\"query-input\":{\"@type\":\"PropertyValueSpecification\",\"valueRequired\":true,\"valueName\":\"search_term_string\"}}],\"inLanguage\":\"tr\"},{\"@type\":\"Organization\",\"@id\":\"https:\\\/\\\/naturalpoland.com\\\/tr\\\/#organization\",\"name\":\"Natural Poland\",\"url\":\"https:\\\/\\\/naturalpoland.com\\\/tr\\\/\",\"logo\":{\"@type\":\"ImageObject\",\"inLanguage\":\"tr\",\"@id\":\"https:\\\/\\\/naturalpoland.com\\\/tr\\\/#\\\/schema\\\/logo\\\/image\\\/\",\"url\":\"https:\\\/\\\/naturalpoland.com\\\/wp-content\\\/uploads\\\/2021\\\/05\\\/natural-poland-icon.png\",\"contentUrl\":\"https:\\\/\\\/naturalpoland.com\\\/wp-content\\\/uploads\\\/2021\\\/05\\\/natural-poland-icon.png\",\"width\":512,\"height\":512,\"caption\":\"Natural Poland\"},\"image\":{\"@id\":\"https:\\\/\\\/naturalpoland.com\\\/tr\\\/#\\\/schema\\\/logo\\\/image\\\/\"},\"sameAs\":[\"https:\\\/\\\/www.facebook.com\\\/naturalpoland.b2b\",\"https:\\\/\\\/pl.linkedin.com\\\/company\\\/natural-poland\",\"https:\\\/\\\/www.youtube.com\\\/channel\\\/UCgeGGkvOMahZo-xu_MSEWxg\"]}]}<\/script>\n<!-- \/ Yoast SEO plugin. -->","yoast_head_json":{"title":"Trehaloz - NATURAL POLAND - Hurtowy Dystrybutor Surowc\u00f3w","description":"Trehaloz \u00f6zellikle kuru, susuz, hassas ve ya\u015flanma belirtileri g\u00f6steren ciltlerin bak\u0131m\u0131 i\u00e7in \u00f6nerilir. G\u00f6z damlalar\u0131nda da kullan\u0131l\u0131r.","robots":{"index":"index","follow":"follow","max-snippet":"max-snippet:-1","max-image-preview":"max-image-preview:large","max-video-preview":"max-video-preview:-1"},"canonical":"https:\/\/naturalpoland.com\/tr\/urunler\/kozmetik-hammaddeleri\/kozmetik-hammaddeleri-2\/trehaloz\/","og_locale":"tr_TR","og_type":"article","og_title":"Trehaloz - NATURAL POLAND - Hurtowy Dystrybutor Surowc\u00f3w","og_description":"Trehaloz \u00f6zellikle kuru, susuz, hassas ve ya\u015flanma belirtileri g\u00f6steren ciltlerin bak\u0131m\u0131 i\u00e7in \u00f6nerilir. G\u00f6z damlalar\u0131nda da kullan\u0131l\u0131r.","og_url":"https:\/\/naturalpoland.com\/tr\/urunler\/kozmetik-hammaddeleri\/kozmetik-hammaddeleri-2\/trehaloz\/","og_site_name":"NATURAL POLAND - Hurtowy Dystrybutor Surowc\u00f3w","article_publisher":"https:\/\/www.facebook.com\/naturalpoland.b2b","article_modified_time":"2025-12-22T10:51:51+00:00","og_image":[{"width":619,"height":619,"url":"https:\/\/naturalpoland.com\/wp-content\/uploads\/trehaloza.webp","type":"image\/webp"}],"schema":{"@context":"https:\/\/schema.org","@graph":[{"@type":"WebPage","@id":"https:\/\/naturalpoland.com\/tr\/urunler\/kozmetik-hammaddeleri\/kozmetik-hammaddeleri-2\/trehaloz\/","url":"https:\/\/naturalpoland.com\/tr\/urunler\/kozmetik-hammaddeleri\/kozmetik-hammaddeleri-2\/trehaloz\/","name":"Trehaloz - NATURAL POLAND - Hurtowy Dystrybutor Surowc\u00f3w","isPartOf":{"@id":"https:\/\/naturalpoland.com\/tr\/#website"},"primaryImageOfPage":{"@id":"https:\/\/naturalpoland.com\/tr\/urunler\/kozmetik-hammaddeleri\/kozmetik-hammaddeleri-2\/trehaloz\/#primaryimage"},"image":{"@id":"https:\/\/naturalpoland.com\/tr\/urunler\/kozmetik-hammaddeleri\/kozmetik-hammaddeleri-2\/trehaloz\/#primaryimage"},"thumbnailUrl":"https:\/\/naturalpoland.com\/wp-content\/uploads\/trehaloza.webp","datePublished":"2024-09-20T13:29:05+00:00","dateModified":"2025-12-22T10:51:51+00:00","description":"Trehaloz \u00f6zellikle kuru, susuz, hassas ve ya\u015flanma belirtileri g\u00f6steren ciltlerin bak\u0131m\u0131 i\u00e7in \u00f6nerilir. G\u00f6z damlalar\u0131nda da kullan\u0131l\u0131r.","breadcrumb":{"@id":"https:\/\/naturalpoland.com\/tr\/urunler\/kozmetik-hammaddeleri\/kozmetik-hammaddeleri-2\/trehaloz\/#breadcrumb"},"inLanguage":"tr","potentialAction":[{"@type":"ReadAction","target":["https:\/\/naturalpoland.com\/tr\/urunler\/kozmetik-hammaddeleri\/kozmetik-hammaddeleri-2\/trehaloz\/"]}]},{"@type":"ImageObject","inLanguage":"tr","@id":"https:\/\/naturalpoland.com\/tr\/urunler\/kozmetik-hammaddeleri\/kozmetik-hammaddeleri-2\/trehaloz\/#primaryimage","url":"https:\/\/naturalpoland.com\/wp-content\/uploads\/trehaloza.webp","contentUrl":"https:\/\/naturalpoland.com\/wp-content\/uploads\/trehaloza.webp","width":619,"height":619,"caption":"Trehaloz"},{"@type":"BreadcrumbList","@id":"https:\/\/naturalpoland.com\/tr\/urunler\/kozmetik-hammaddeleri\/kozmetik-hammaddeleri-2\/trehaloz\/#breadcrumb","itemListElement":[{"@type":"ListItem","position":1,"name":"Ana Sayfa","item":"https:\/\/naturalpoland.com\/tr\/"},{"@type":"ListItem","position":2,"name":"\u00dcr\u00fcnler","item":"https:\/\/naturalpoland.com\/tr\/urunler\/"},{"@type":"ListItem","position":3,"name":"Trehaloz"}]},{"@type":"WebSite","@id":"https:\/\/naturalpoland.com\/tr\/#website","url":"https:\/\/naturalpoland.com\/tr\/","name":"NATURAL POLAND - Hurtowy Dystrybutor Surowc\u00f3w","description":"Surowce dla przemys\u0142u spo\u017cywczego, kosmetycznego i farmaceutycznego","publisher":{"@id":"https:\/\/naturalpoland.com\/tr\/#organization"},"potentialAction":[{"@type":"SearchAction","target":{"@type":"EntryPoint","urlTemplate":"https:\/\/naturalpoland.com\/tr\/?s={search_term_string}"},"query-input":{"@type":"PropertyValueSpecification","valueRequired":true,"valueName":"search_term_string"}}],"inLanguage":"tr"},{"@type":"Organization","@id":"https:\/\/naturalpoland.com\/tr\/#organization","name":"Natural Poland","url":"https:\/\/naturalpoland.com\/tr\/","logo":{"@type":"ImageObject","inLanguage":"tr","@id":"https:\/\/naturalpoland.com\/tr\/#\/schema\/logo\/image\/","url":"https:\/\/naturalpoland.com\/wp-content\/uploads\/2021\/05\/natural-poland-icon.png","contentUrl":"https:\/\/naturalpoland.com\/wp-content\/uploads\/2021\/05\/natural-poland-icon.png","width":512,"height":512,"caption":"Natural Poland"},"image":{"@id":"https:\/\/naturalpoland.com\/tr\/#\/schema\/logo\/image\/"},"sameAs":["https:\/\/www.facebook.com\/naturalpoland.b2b","https:\/\/pl.linkedin.com\/company\/natural-poland","https:\/\/www.youtube.com\/channel\/UCgeGGkvOMahZo-xu_MSEWxg"]}]}},"_links":{"self":[{"href":"https:\/\/naturalpoland.com\/tr\/wp-json\/wp\/v2\/product\/44350","targetHints":{"allow":["GET"]}}],"collection":[{"href":"https:\/\/naturalpoland.com\/tr\/wp-json\/wp\/v2\/product"}],"about":[{"href":"https:\/\/naturalpoland.com\/tr\/wp-json\/wp\/v2\/types\/product"}],"wp:featuredmedia":[{"embeddable":true,"href":"https:\/\/naturalpoland.com\/tr\/wp-json\/wp\/v2\/media\/44351"}],"wp:attachment":[{"href":"https:\/\/naturalpoland.com\/tr\/wp-json\/wp\/v2\/media?parent=44350"}],"wp:term":[{"taxonomy":"product_brand","embeddable":true,"href":"https:\/\/naturalpoland.com\/tr\/wp-json\/wp\/v2\/product_brand?post=44350"},{"taxonomy":"product_cat","embeddable":true,"href":"https:\/\/naturalpoland.com\/tr\/wp-json\/wp\/v2\/product_cat?post=44350"},{"taxonomy":"product_tag","embeddable":true,"href":"https:\/\/naturalpoland.com\/tr\/wp-json\/wp\/v2\/product_tag?post=44350"}],"curies":[{"name":"wp","href":"https:\/\/api.w.org\/{rel}","templated":true}]}}