{"id":44352,"date":"2021-05-21T13:05:33","date_gmt":"2021-05-21T11:05:33","guid":{"rendered":"https:\/\/naturalpoland.com\/produkty\/kategorilenmemis\/poly-suga-mulse\/"},"modified":"2025-12-22T11:52:30","modified_gmt":"2025-12-22T10:52:30","slug":"poly-suga-mulse","status":"publish","type":"product","link":"https:\/\/naturalpoland.com\/tr\/urunler\/kozmetik-hammaddeleri\/kozmetik-hammaddeleri-2\/poly-suga-mulse\/","title":{"rendered":"Poly Suga Mulse"},"content":{"rendered":"<p>Poly Suga\u00aeMulse D9, hidrofilik, \u015feffaf ve n\u00f6tr kokulu bir s\u0131v\u0131d\u0131r. Suda kolayca \u00e7\u00f6z\u00fcn\u00fcr ve bir\u00e7ok y\u00fczey aktif madde (noniyonik, katyonik ve anyonik) ile uyumludur. Parf\u00fcm kompozisyonlar\u0131n\u0131 ve <a href=\"https:\/\/naturalpoland.com\/tr\/kategori\/kozmetik-hammaddeleri\/ucucu-yaglar\/\">u\u00e7ucu ya\u011flar\u0131<\/a> em\u00fclsifiye etmede etkilidir, bu da su bazl\u0131 \u00fcr\u00fcnlerde homojen da\u011f\u0131l\u0131m sa\u011flar.  <\/p>\n<h3>\u00d6zellikler<\/h3>\n<ul>\n<li>Poly Suga\u00aeMulse D9, ECOCERT onayl\u0131d\u0131r. ISO 16128 y\u00f6nergelerine uygun olup y\u00fcksek do\u011fall\u0131k seviyesi (indeks 1) garantiler. <\/li>\n<li>Y\u00fcz kozmetikleri, makyaj temizleyiciler ve cilt temizleme \u00fcr\u00fcnleri i\u00e7in uygundur. G\u00f6z ve cilt i\u00e7in naziktir. <\/li>\n<li>Y\u00fcksek elektrolit, asit ve baz i\u00e7eren ortamlarda \u00f6zelliklerini korur.<\/li>\n<\/ul>\n<h3>Kozmetiklerde kullan\u0131m\u0131:<\/h3>\n<ol>\n<li>Deodorant ve antiperspirantlarda koku maddelerini \u00e7\u00f6z\u00fcn\u00fcrle\u015ftirir ve y\u00fcksek elektrolit i\u00e7eren form\u00fclleri stabilize eder.<\/li>\n<li>\u015eampuan ve sa\u00e7 kremlerinde em\u00fclgat\u00f6r olarak, sa\u00e7lar\u0131 a\u011f\u0131rla\u015ft\u0131rmadan besleyici ve koku bile\u015fenlerinin homojen da\u011f\u0131l\u0131m\u0131n\u0131 sa\u011flar.<\/li>\n<li>Cildi kurutmadan kir ve makyaj\u0131 etkili bir \u015fekilde temizleyen yumu\u015fak temizleme em\u00fclsiyonlar\u0131 olu\u015fturmay\u0131 kolayla\u015ft\u0131r\u0131r.<\/li>\n<\/ol>\n<h3><\/h3>\n","protected":false},"excerpt":{"rendered":"<p><strong>Poly Suga\u00aeMulse D9<\/strong>, geli\u015fmi\u015f, do\u011fal bir em\u00fclgat\u00f6r ve \u00e7\u00f6z\u00fcn\u00fcrle\u015ftiricidir. \u00d6zellikle y\u00fcksek ekolojik ve dermatolojik gereksinimleri olan kozmetik \u00fcr\u00fcnlerde kullan\u0131m i\u00e7in tasarlanm\u0131\u015ft\u0131r. \u00dcr\u00fcn %100 bitkisel hammaddelerden \u00fcretilmi\u015ftir ve PEG i\u00e7ermez.  <\/p>\n","protected":false},"featured_media":44353,"template":"","meta":{"_acf_changed":false},"product_brand":[],"product_cat":[9557],"product_tag":[],"class_list":{"0":"post-44352","1":"product","2":"type-product","3":"status-publish","4":"has-post-thumbnail","6":"product_cat-kozmetik-hammaddeleri-2","7":"pa_grupa-substancji-emulgatorler","9":"first","10":"instock","11":"shipping-taxable","12":"product-type-simple"},"acf":[],"yoast_head":"<!-- This site is optimized with the Yoast SEO plugin v27.6 - https:\/\/yoast.com\/product\/yoast-seo-wordpress\/ -->\n<title>Poly Suga Mulse - NATURAL POLAND - Hurtowy Dystrybutor Surowc\u00f3w<\/title>\n<meta name=\"description\" content=\"Poly Suga\u00aeMulse D9, kozmetik \u00fcr\u00fcnlerde geni\u015f kullan\u0131m alan\u0131na sahip geli\u015fmi\u015f, do\u011fal bir em\u00fclgat\u00f6r ve \u00e7\u00f6z\u00fcn\u00fcrle\u015ftiricidir.\" \/>\n<meta name=\"robots\" content=\"index, follow, max-snippet:-1, max-image-preview:large, max-video-preview:-1\" \/>\n<link rel=\"canonical\" href=\"https:\/\/naturalpoland.com\/tr\/urunler\/kozmetik-hammaddeleri\/kozmetik-hammaddeleri-2\/poly-suga-mulse\/\" \/>\n<meta property=\"og:locale\" content=\"tr_TR\" \/>\n<meta property=\"og:type\" content=\"article\" \/>\n<meta property=\"og:title\" content=\"Poly Suga Mulse - NATURAL POLAND - Hurtowy Dystrybutor Surowc\u00f3w\" \/>\n<meta property=\"og:description\" content=\"Poly Suga\u00aeMulse D9, kozmetik \u00fcr\u00fcnlerde geni\u015f kullan\u0131m alan\u0131na sahip geli\u015fmi\u015f, do\u011fal bir em\u00fclgat\u00f6r ve \u00e7\u00f6z\u00fcn\u00fcrle\u015ftiricidir.\" \/>\n<meta property=\"og:url\" content=\"https:\/\/naturalpoland.com\/tr\/urunler\/kozmetik-hammaddeleri\/kozmetik-hammaddeleri-2\/poly-suga-mulse\/\" \/>\n<meta property=\"og:site_name\" content=\"NATURAL POLAND - Hurtowy Dystrybutor Surowc\u00f3w\" \/>\n<meta property=\"article:publisher\" content=\"https:\/\/www.facebook.com\/naturalpoland.b2b\" \/>\n<meta property=\"article:modified_time\" content=\"2025-12-22T10:52:30+00:00\" \/>\n<meta property=\"og:image\" content=\"https:\/\/naturalpoland.com\/wp-content\/uploads\/poly-suga-mulse.webp\" \/>\n\t<meta property=\"og:image:width\" content=\"1024\" \/>\n\t<meta property=\"og:image:height\" content=\"1024\" \/>\n\t<meta property=\"og:image:type\" content=\"image\/webp\" \/>\n<script type=\"application\/ld+json\" class=\"yoast-schema-graph\">{\"@context\":\"https:\\\/\\\/schema.org\",\"@graph\":[{\"@type\":\"WebPage\",\"@id\":\"https:\\\/\\\/naturalpoland.com\\\/tr\\\/urunler\\\/kozmetik-hammaddeleri\\\/kozmetik-hammaddeleri-2\\\/poly-suga-mulse\\\/\",\"url\":\"https:\\\/\\\/naturalpoland.com\\\/tr\\\/urunler\\\/kozmetik-hammaddeleri\\\/kozmetik-hammaddeleri-2\\\/poly-suga-mulse\\\/\",\"name\":\"Poly Suga Mulse - NATURAL POLAND - Hurtowy Dystrybutor Surowc\u00f3w\",\"isPartOf\":{\"@id\":\"https:\\\/\\\/naturalpoland.com\\\/tr\\\/#website\"},\"primaryImageOfPage\":{\"@id\":\"https:\\\/\\\/naturalpoland.com\\\/tr\\\/urunler\\\/kozmetik-hammaddeleri\\\/kozmetik-hammaddeleri-2\\\/poly-suga-mulse\\\/#primaryimage\"},\"image\":{\"@id\":\"https:\\\/\\\/naturalpoland.com\\\/tr\\\/urunler\\\/kozmetik-hammaddeleri\\\/kozmetik-hammaddeleri-2\\\/poly-suga-mulse\\\/#primaryimage\"},\"thumbnailUrl\":\"https:\\\/\\\/naturalpoland.com\\\/wp-content\\\/uploads\\\/poly-suga-mulse.webp\",\"datePublished\":\"2021-05-21T11:05:33+00:00\",\"dateModified\":\"2025-12-22T10:52:30+00:00\",\"description\":\"Poly Suga\u00aeMulse D9, kozmetik \u00fcr\u00fcnlerde geni\u015f kullan\u0131m alan\u0131na sahip geli\u015fmi\u015f, do\u011fal bir em\u00fclgat\u00f6r ve \u00e7\u00f6z\u00fcn\u00fcrle\u015ftiricidir.\",\"breadcrumb\":{\"@id\":\"https:\\\/\\\/naturalpoland.com\\\/tr\\\/urunler\\\/kozmetik-hammaddeleri\\\/kozmetik-hammaddeleri-2\\\/poly-suga-mulse\\\/#breadcrumb\"},\"inLanguage\":\"tr\",\"potentialAction\":[{\"@type\":\"ReadAction\",\"target\":[\"https:\\\/\\\/naturalpoland.com\\\/tr\\\/urunler\\\/kozmetik-hammaddeleri\\\/kozmetik-hammaddeleri-2\\\/poly-suga-mulse\\\/\"]}]},{\"@type\":\"ImageObject\",\"inLanguage\":\"tr\",\"@id\":\"https:\\\/\\\/naturalpoland.com\\\/tr\\\/urunler\\\/kozmetik-hammaddeleri\\\/kozmetik-hammaddeleri-2\\\/poly-suga-mulse\\\/#primaryimage\",\"url\":\"https:\\\/\\\/naturalpoland.com\\\/wp-content\\\/uploads\\\/poly-suga-mulse.webp\",\"contentUrl\":\"https:\\\/\\\/naturalpoland.com\\\/wp-content\\\/uploads\\\/poly-suga-mulse.webp\",\"width\":1024,\"height\":1024,\"caption\":\"Poly Suga Mulse\"},{\"@type\":\"BreadcrumbList\",\"@id\":\"https:\\\/\\\/naturalpoland.com\\\/tr\\\/urunler\\\/kozmetik-hammaddeleri\\\/kozmetik-hammaddeleri-2\\\/poly-suga-mulse\\\/#breadcrumb\",\"itemListElement\":[{\"@type\":\"ListItem\",\"position\":1,\"name\":\"Ana Sayfa\",\"item\":\"https:\\\/\\\/naturalpoland.com\\\/tr\\\/\"},{\"@type\":\"ListItem\",\"position\":2,\"name\":\"\u00dcr\u00fcnler\",\"item\":\"https:\\\/\\\/naturalpoland.com\\\/tr\\\/urunler\\\/\"},{\"@type\":\"ListItem\",\"position\":3,\"name\":\"Poly Suga Mulse\"}]},{\"@type\":\"WebSite\",\"@id\":\"https:\\\/\\\/naturalpoland.com\\\/tr\\\/#website\",\"url\":\"https:\\\/\\\/naturalpoland.com\\\/tr\\\/\",\"name\":\"NATURAL POLAND - Hurtowy Dystrybutor Surowc\u00f3w\",\"description\":\"Surowce dla przemys\u0142u spo\u017cywczego, kosmetycznego i farmaceutycznego\",\"publisher\":{\"@id\":\"https:\\\/\\\/naturalpoland.com\\\/tr\\\/#organization\"},\"potentialAction\":[{\"@type\":\"SearchAction\",\"target\":{\"@type\":\"EntryPoint\",\"urlTemplate\":\"https:\\\/\\\/naturalpoland.com\\\/tr\\\/?s={search_term_string}\"},\"query-input\":{\"@type\":\"PropertyValueSpecification\",\"valueRequired\":true,\"valueName\":\"search_term_string\"}}],\"inLanguage\":\"tr\"},{\"@type\":\"Organization\",\"@id\":\"https:\\\/\\\/naturalpoland.com\\\/tr\\\/#organization\",\"name\":\"Natural Poland\",\"url\":\"https:\\\/\\\/naturalpoland.com\\\/tr\\\/\",\"logo\":{\"@type\":\"ImageObject\",\"inLanguage\":\"tr\",\"@id\":\"https:\\\/\\\/naturalpoland.com\\\/tr\\\/#\\\/schema\\\/logo\\\/image\\\/\",\"url\":\"https:\\\/\\\/naturalpoland.com\\\/wp-content\\\/uploads\\\/2021\\\/05\\\/natural-poland-icon.png\",\"contentUrl\":\"https:\\\/\\\/naturalpoland.com\\\/wp-content\\\/uploads\\\/2021\\\/05\\\/natural-poland-icon.png\",\"width\":512,\"height\":512,\"caption\":\"Natural Poland\"},\"image\":{\"@id\":\"https:\\\/\\\/naturalpoland.com\\\/tr\\\/#\\\/schema\\\/logo\\\/image\\\/\"},\"sameAs\":[\"https:\\\/\\\/www.facebook.com\\\/naturalpoland.b2b\",\"https:\\\/\\\/pl.linkedin.com\\\/company\\\/natural-poland\",\"https:\\\/\\\/www.youtube.com\\\/channel\\\/UCgeGGkvOMahZo-xu_MSEWxg\"]}]}<\/script>\n<!-- \/ Yoast SEO plugin. -->","yoast_head_json":{"title":"Poly Suga Mulse - NATURAL POLAND - Hurtowy Dystrybutor Surowc\u00f3w","description":"Poly Suga\u00aeMulse D9, kozmetik \u00fcr\u00fcnlerde geni\u015f kullan\u0131m alan\u0131na sahip geli\u015fmi\u015f, do\u011fal bir em\u00fclgat\u00f6r ve \u00e7\u00f6z\u00fcn\u00fcrle\u015ftiricidir.","robots":{"index":"index","follow":"follow","max-snippet":"max-snippet:-1","max-image-preview":"max-image-preview:large","max-video-preview":"max-video-preview:-1"},"canonical":"https:\/\/naturalpoland.com\/tr\/urunler\/kozmetik-hammaddeleri\/kozmetik-hammaddeleri-2\/poly-suga-mulse\/","og_locale":"tr_TR","og_type":"article","og_title":"Poly Suga Mulse - NATURAL POLAND - Hurtowy Dystrybutor Surowc\u00f3w","og_description":"Poly Suga\u00aeMulse D9, kozmetik \u00fcr\u00fcnlerde geni\u015f kullan\u0131m alan\u0131na sahip geli\u015fmi\u015f, do\u011fal bir em\u00fclgat\u00f6r ve \u00e7\u00f6z\u00fcn\u00fcrle\u015ftiricidir.","og_url":"https:\/\/naturalpoland.com\/tr\/urunler\/kozmetik-hammaddeleri\/kozmetik-hammaddeleri-2\/poly-suga-mulse\/","og_site_name":"NATURAL POLAND - Hurtowy Dystrybutor Surowc\u00f3w","article_publisher":"https:\/\/www.facebook.com\/naturalpoland.b2b","article_modified_time":"2025-12-22T10:52:30+00:00","og_image":[{"width":1024,"height":1024,"url":"https:\/\/naturalpoland.com\/wp-content\/uploads\/poly-suga-mulse.webp","type":"image\/webp"}],"schema":{"@context":"https:\/\/schema.org","@graph":[{"@type":"WebPage","@id":"https:\/\/naturalpoland.com\/tr\/urunler\/kozmetik-hammaddeleri\/kozmetik-hammaddeleri-2\/poly-suga-mulse\/","url":"https:\/\/naturalpoland.com\/tr\/urunler\/kozmetik-hammaddeleri\/kozmetik-hammaddeleri-2\/poly-suga-mulse\/","name":"Poly Suga Mulse - NATURAL POLAND - Hurtowy Dystrybutor Surowc\u00f3w","isPartOf":{"@id":"https:\/\/naturalpoland.com\/tr\/#website"},"primaryImageOfPage":{"@id":"https:\/\/naturalpoland.com\/tr\/urunler\/kozmetik-hammaddeleri\/kozmetik-hammaddeleri-2\/poly-suga-mulse\/#primaryimage"},"image":{"@id":"https:\/\/naturalpoland.com\/tr\/urunler\/kozmetik-hammaddeleri\/kozmetik-hammaddeleri-2\/poly-suga-mulse\/#primaryimage"},"thumbnailUrl":"https:\/\/naturalpoland.com\/wp-content\/uploads\/poly-suga-mulse.webp","datePublished":"2021-05-21T11:05:33+00:00","dateModified":"2025-12-22T10:52:30+00:00","description":"Poly Suga\u00aeMulse D9, kozmetik \u00fcr\u00fcnlerde geni\u015f kullan\u0131m alan\u0131na sahip geli\u015fmi\u015f, do\u011fal bir em\u00fclgat\u00f6r ve \u00e7\u00f6z\u00fcn\u00fcrle\u015ftiricidir.","breadcrumb":{"@id":"https:\/\/naturalpoland.com\/tr\/urunler\/kozmetik-hammaddeleri\/kozmetik-hammaddeleri-2\/poly-suga-mulse\/#breadcrumb"},"inLanguage":"tr","potentialAction":[{"@type":"ReadAction","target":["https:\/\/naturalpoland.com\/tr\/urunler\/kozmetik-hammaddeleri\/kozmetik-hammaddeleri-2\/poly-suga-mulse\/"]}]},{"@type":"ImageObject","inLanguage":"tr","@id":"https:\/\/naturalpoland.com\/tr\/urunler\/kozmetik-hammaddeleri\/kozmetik-hammaddeleri-2\/poly-suga-mulse\/#primaryimage","url":"https:\/\/naturalpoland.com\/wp-content\/uploads\/poly-suga-mulse.webp","contentUrl":"https:\/\/naturalpoland.com\/wp-content\/uploads\/poly-suga-mulse.webp","width":1024,"height":1024,"caption":"Poly Suga Mulse"},{"@type":"BreadcrumbList","@id":"https:\/\/naturalpoland.com\/tr\/urunler\/kozmetik-hammaddeleri\/kozmetik-hammaddeleri-2\/poly-suga-mulse\/#breadcrumb","itemListElement":[{"@type":"ListItem","position":1,"name":"Ana Sayfa","item":"https:\/\/naturalpoland.com\/tr\/"},{"@type":"ListItem","position":2,"name":"\u00dcr\u00fcnler","item":"https:\/\/naturalpoland.com\/tr\/urunler\/"},{"@type":"ListItem","position":3,"name":"Poly Suga Mulse"}]},{"@type":"WebSite","@id":"https:\/\/naturalpoland.com\/tr\/#website","url":"https:\/\/naturalpoland.com\/tr\/","name":"NATURAL POLAND - Hurtowy Dystrybutor Surowc\u00f3w","description":"Surowce dla przemys\u0142u spo\u017cywczego, kosmetycznego i farmaceutycznego","publisher":{"@id":"https:\/\/naturalpoland.com\/tr\/#organization"},"potentialAction":[{"@type":"SearchAction","target":{"@type":"EntryPoint","urlTemplate":"https:\/\/naturalpoland.com\/tr\/?s={search_term_string}"},"query-input":{"@type":"PropertyValueSpecification","valueRequired":true,"valueName":"search_term_string"}}],"inLanguage":"tr"},{"@type":"Organization","@id":"https:\/\/naturalpoland.com\/tr\/#organization","name":"Natural Poland","url":"https:\/\/naturalpoland.com\/tr\/","logo":{"@type":"ImageObject","inLanguage":"tr","@id":"https:\/\/naturalpoland.com\/tr\/#\/schema\/logo\/image\/","url":"https:\/\/naturalpoland.com\/wp-content\/uploads\/2021\/05\/natural-poland-icon.png","contentUrl":"https:\/\/naturalpoland.com\/wp-content\/uploads\/2021\/05\/natural-poland-icon.png","width":512,"height":512,"caption":"Natural Poland"},"image":{"@id":"https:\/\/naturalpoland.com\/tr\/#\/schema\/logo\/image\/"},"sameAs":["https:\/\/www.facebook.com\/naturalpoland.b2b","https:\/\/pl.linkedin.com\/company\/natural-poland","https:\/\/www.youtube.com\/channel\/UCgeGGkvOMahZo-xu_MSEWxg"]}]}},"_links":{"self":[{"href":"https:\/\/naturalpoland.com\/tr\/wp-json\/wp\/v2\/product\/44352","targetHints":{"allow":["GET"]}}],"collection":[{"href":"https:\/\/naturalpoland.com\/tr\/wp-json\/wp\/v2\/product"}],"about":[{"href":"https:\/\/naturalpoland.com\/tr\/wp-json\/wp\/v2\/types\/product"}],"wp:featuredmedia":[{"embeddable":true,"href":"https:\/\/naturalpoland.com\/tr\/wp-json\/wp\/v2\/media\/44353"}],"wp:attachment":[{"href":"https:\/\/naturalpoland.com\/tr\/wp-json\/wp\/v2\/media?parent=44352"}],"wp:term":[{"taxonomy":"product_brand","embeddable":true,"href":"https:\/\/naturalpoland.com\/tr\/wp-json\/wp\/v2\/product_brand?post=44352"},{"taxonomy":"product_cat","embeddable":true,"href":"https:\/\/naturalpoland.com\/tr\/wp-json\/wp\/v2\/product_cat?post=44352"},{"taxonomy":"product_tag","embeddable":true,"href":"https:\/\/naturalpoland.com\/tr\/wp-json\/wp\/v2\/product_tag?post=44352"}],"curies":[{"name":"wp","href":"https:\/\/api.w.org\/{rel}","templated":true}]}}