{"id":44354,"date":"2021-05-11T13:42:58","date_gmt":"2021-05-11T11:42:58","guid":{"rendered":"https:\/\/naturalpoland.com\/produkty\/kategorilenmemis\/ghassoul-rhassoul-kili\/"},"modified":"2025-12-22T11:53:43","modified_gmt":"2025-12-22T10:53:43","slug":"ghassoul-rhassoul-kili","status":"publish","type":"product","link":"https:\/\/naturalpoland.com\/tr\/urunler\/kozmetik-hammaddeleri\/kozmetik-killer\/ghassoul-rhassoul-kili\/","title":{"rendered":"Ghassoul (Rhassoul) Kili"},"content":{"rendered":"<p>Ghassoul kili ba\u015flang\u0131\u00e7ta cilt, sa\u00e7 ve y\u00fcz temizli\u011finde kullan\u0131lm\u0131\u015f olup g\u00fcn\u00fcm\u00fczde d\u00fcnya genelindeki SPA merkezlerinde yayg\u0131n olarak kullan\u0131lmaktad\u0131r.<\/p>\n<h2>\u00dcr\u00fcn \u00d6zellikleri<\/h2>\n<p>Ghassoul kili, do\u011fal kahverengi-k\u0131rm\u0131z\u0131 rengi ve topraks\u0131 kokusuyla benzersiz bir karaktere sahiptir. \u0130nce toz formunda bulunur. Uygulamas\u0131 kolayd\u0131r ve maske ve di\u011fer temizleyici kozmetik \u00fcr\u00fcnlerin yap\u0131m\u0131 i\u00e7in idealdir. Temel \u00f6zellikleri sayesinde Ghassoul kili, cilt ve sa\u00e7 y\u00fczeyindeki ya\u011f ve kirleri etkili bir \u015fekilde emer.   <\/p>\n<h2>Bile\u015fimi ve Etkisi<\/h2>\n<p>Ghassoul kili, bile\u015fiminin yakla\u015f\u0131k %58&#8217;ini olu\u015fturan <strong>silika<\/strong> (SiO2) ve %25&#8217;ini olu\u015fturan <strong>magnezyum oksit<\/strong> (MgO) gibi mineraller a\u00e7\u0131s\u0131ndan olduk\u00e7a zengindir. Ayr\u0131ca cildin yenilenme s\u00fcrecini destekleyen ve yat\u0131\u015ft\u0131r\u0131c\u0131 \u00f6zelliklere sahip olan <strong>al\u00fcminyum<\/strong> (Al2O3) ve <strong>kalsiyum<\/strong> (CaO) da k\u00fc\u00e7\u00fck miktarlarda bulunur. Bu do\u011fal mineral bile\u015fenler, cildin do\u011fal koruyucu bariyerini desteklerken ayn\u0131 zamanda besler.  <\/p>\n<h2>Kozmetikteki uygulamalar\u0131<\/h2>\n<p>Ghassoul kili \u00f6zellikle ya\u011fl\u0131, karma ve akneye e\u011filimli ciltler i\u00e7in \u00f6nerilir. Bu kil bazl\u0131 \u00fcr\u00fcnlerin d\u00fczenli kullan\u0131m\u0131, cilt durumunda \u00f6nemli bir iyile\u015fmeye, sebum \u00fcretiminin azalmas\u0131na ve ya\u011f bezlerinin d\u00fczenlenmesine katk\u0131da bulunabilir. Antibakteriyel ve antifungal \u00f6zellikleri sayesinde \u00e7e\u015fitli cilt enfeksiyonlar\u0131yla m\u00fccadelede etkilidir.  <\/p>\n","protected":false},"excerpt":{"rendered":"<p>Fas lav kili olarak da bilinen Ghassoul kili, y\u00fczy\u0131llard\u0131r benzersiz temizleme \u00f6zellikleriyle de\u011fer verilen %100 organik bir \u00fcr\u00fcnd\u00fcr.<\/p>\n","protected":false},"featured_media":44355,"template":"","meta":{"_acf_changed":false},"product_brand":[],"product_cat":[9546],"product_tag":[],"class_list":{"0":"post-44354","1":"product","2":"type-product","3":"status-publish","4":"has-post-thumbnail","6":"product_cat-kozmetik-killer","7":"pa_grupa-substancji-mineraller","9":"first","10":"instock","11":"shipping-taxable","12":"product-type-simple"},"acf":[],"yoast_head":"<!-- This site is optimized with the Yoast SEO plugin v27.6 - https:\/\/yoast.com\/product\/yoast-seo-wordpress\/ -->\n<title>Ghassoul (Rhassoul) Kili - Hurtowy Dystrybutor<\/title>\n<meta name=\"description\" content=\"Ghassoul kili, Fas lav kili olarak da bilinen, d\u00fcnya genelindeki SPA merkezlerinde yayg\u0131n olarak kullan\u0131lan 0 organik bir \u00fcr\u00fcnd\u00fcr.\" \/>\n<meta name=\"robots\" content=\"index, follow, max-snippet:-1, max-image-preview:large, max-video-preview:-1\" \/>\n<link rel=\"canonical\" href=\"https:\/\/naturalpoland.com\/tr\/urunler\/kozmetik-hammaddeleri\/kozmetik-killer\/ghassoul-rhassoul-kili\/\" \/>\n<meta property=\"og:locale\" content=\"tr_TR\" \/>\n<meta property=\"og:type\" content=\"article\" \/>\n<meta property=\"og:title\" content=\"Ghassoul (Rhassoul) Kili - Hurtowy Dystrybutor\" \/>\n<meta property=\"og:description\" content=\"Ghassoul kili, Fas lav kili olarak da bilinen, d\u00fcnya genelindeki SPA merkezlerinde yayg\u0131n olarak kullan\u0131lan 0 organik bir \u00fcr\u00fcnd\u00fcr.\" \/>\n<meta property=\"og:url\" content=\"https:\/\/naturalpoland.com\/tr\/urunler\/kozmetik-hammaddeleri\/kozmetik-killer\/ghassoul-rhassoul-kili\/\" \/>\n<meta property=\"og:site_name\" content=\"NATURAL POLAND - Hurtowy Dystrybutor Surowc\u00f3w\" \/>\n<meta property=\"article:publisher\" content=\"https:\/\/www.facebook.com\/naturalpoland.b2b\" \/>\n<meta property=\"article:modified_time\" content=\"2025-12-22T10:53:43+00:00\" \/>\n<meta property=\"og:image\" content=\"https:\/\/naturalpoland.com\/wp-content\/uploads\/2021\/05\/ghassoul-clay.png\" \/>\n\t<meta property=\"og:image:width\" content=\"425\" \/>\n\t<meta property=\"og:image:height\" content=\"282\" \/>\n\t<meta property=\"og:image:type\" content=\"image\/png\" \/>\n<script type=\"application\/ld+json\" class=\"yoast-schema-graph\">{\"@context\":\"https:\\\/\\\/schema.org\",\"@graph\":[{\"@type\":\"WebPage\",\"@id\":\"https:\\\/\\\/naturalpoland.com\\\/tr\\\/urunler\\\/kozmetik-hammaddeleri\\\/kozmetik-killer\\\/ghassoul-rhassoul-kili\\\/\",\"url\":\"https:\\\/\\\/naturalpoland.com\\\/tr\\\/urunler\\\/kozmetik-hammaddeleri\\\/kozmetik-killer\\\/ghassoul-rhassoul-kili\\\/\",\"name\":\"Ghassoul (Rhassoul) Kili - Hurtowy Dystrybutor\",\"isPartOf\":{\"@id\":\"https:\\\/\\\/naturalpoland.com\\\/tr\\\/#website\"},\"primaryImageOfPage\":{\"@id\":\"https:\\\/\\\/naturalpoland.com\\\/tr\\\/urunler\\\/kozmetik-hammaddeleri\\\/kozmetik-killer\\\/ghassoul-rhassoul-kili\\\/#primaryimage\"},\"image\":{\"@id\":\"https:\\\/\\\/naturalpoland.com\\\/tr\\\/urunler\\\/kozmetik-hammaddeleri\\\/kozmetik-killer\\\/ghassoul-rhassoul-kili\\\/#primaryimage\"},\"thumbnailUrl\":\"https:\\\/\\\/naturalpoland.com\\\/wp-content\\\/uploads\\\/2021\\\/05\\\/ghassoul-clay.png\",\"datePublished\":\"2021-05-11T11:42:58+00:00\",\"dateModified\":\"2025-12-22T10:53:43+00:00\",\"description\":\"Ghassoul kili, Fas lav kili olarak da bilinen, d\u00fcnya genelindeki SPA merkezlerinde yayg\u0131n olarak kullan\u0131lan 0 organik bir \u00fcr\u00fcnd\u00fcr.\",\"breadcrumb\":{\"@id\":\"https:\\\/\\\/naturalpoland.com\\\/tr\\\/urunler\\\/kozmetik-hammaddeleri\\\/kozmetik-killer\\\/ghassoul-rhassoul-kili\\\/#breadcrumb\"},\"inLanguage\":\"tr\",\"potentialAction\":[{\"@type\":\"ReadAction\",\"target\":[\"https:\\\/\\\/naturalpoland.com\\\/tr\\\/urunler\\\/kozmetik-hammaddeleri\\\/kozmetik-killer\\\/ghassoul-rhassoul-kili\\\/\"]}]},{\"@type\":\"ImageObject\",\"inLanguage\":\"tr\",\"@id\":\"https:\\\/\\\/naturalpoland.com\\\/tr\\\/urunler\\\/kozmetik-hammaddeleri\\\/kozmetik-killer\\\/ghassoul-rhassoul-kili\\\/#primaryimage\",\"url\":\"https:\\\/\\\/naturalpoland.com\\\/wp-content\\\/uploads\\\/2021\\\/05\\\/ghassoul-clay.png\",\"contentUrl\":\"https:\\\/\\\/naturalpoland.com\\\/wp-content\\\/uploads\\\/2021\\\/05\\\/ghassoul-clay.png\",\"width\":425,\"height\":282,\"caption\":\"Ghassoul (Rhassoul) Kili\"},{\"@type\":\"BreadcrumbList\",\"@id\":\"https:\\\/\\\/naturalpoland.com\\\/tr\\\/urunler\\\/kozmetik-hammaddeleri\\\/kozmetik-killer\\\/ghassoul-rhassoul-kili\\\/#breadcrumb\",\"itemListElement\":[{\"@type\":\"ListItem\",\"position\":1,\"name\":\"Ana Sayfa\",\"item\":\"https:\\\/\\\/naturalpoland.com\\\/tr\\\/\"},{\"@type\":\"ListItem\",\"position\":2,\"name\":\"\u00dcr\u00fcnler\",\"item\":\"https:\\\/\\\/naturalpoland.com\\\/tr\\\/urunler\\\/\"},{\"@type\":\"ListItem\",\"position\":3,\"name\":\"Ghassoul (Rhassoul) Kili\"}]},{\"@type\":\"WebSite\",\"@id\":\"https:\\\/\\\/naturalpoland.com\\\/tr\\\/#website\",\"url\":\"https:\\\/\\\/naturalpoland.com\\\/tr\\\/\",\"name\":\"NATURAL POLAND - Hurtowy Dystrybutor Surowc\u00f3w\",\"description\":\"Surowce dla przemys\u0142u spo\u017cywczego, kosmetycznego i farmaceutycznego\",\"publisher\":{\"@id\":\"https:\\\/\\\/naturalpoland.com\\\/tr\\\/#organization\"},\"potentialAction\":[{\"@type\":\"SearchAction\",\"target\":{\"@type\":\"EntryPoint\",\"urlTemplate\":\"https:\\\/\\\/naturalpoland.com\\\/tr\\\/?s={search_term_string}\"},\"query-input\":{\"@type\":\"PropertyValueSpecification\",\"valueRequired\":true,\"valueName\":\"search_term_string\"}}],\"inLanguage\":\"tr\"},{\"@type\":\"Organization\",\"@id\":\"https:\\\/\\\/naturalpoland.com\\\/tr\\\/#organization\",\"name\":\"Natural Poland\",\"url\":\"https:\\\/\\\/naturalpoland.com\\\/tr\\\/\",\"logo\":{\"@type\":\"ImageObject\",\"inLanguage\":\"tr\",\"@id\":\"https:\\\/\\\/naturalpoland.com\\\/tr\\\/#\\\/schema\\\/logo\\\/image\\\/\",\"url\":\"https:\\\/\\\/naturalpoland.com\\\/wp-content\\\/uploads\\\/2021\\\/05\\\/natural-poland-icon.png\",\"contentUrl\":\"https:\\\/\\\/naturalpoland.com\\\/wp-content\\\/uploads\\\/2021\\\/05\\\/natural-poland-icon.png\",\"width\":512,\"height\":512,\"caption\":\"Natural Poland\"},\"image\":{\"@id\":\"https:\\\/\\\/naturalpoland.com\\\/tr\\\/#\\\/schema\\\/logo\\\/image\\\/\"},\"sameAs\":[\"https:\\\/\\\/www.facebook.com\\\/naturalpoland.b2b\",\"https:\\\/\\\/pl.linkedin.com\\\/company\\\/natural-poland\",\"https:\\\/\\\/www.youtube.com\\\/channel\\\/UCgeGGkvOMahZo-xu_MSEWxg\"]}]}<\/script>\n<!-- \/ Yoast SEO plugin. -->","yoast_head_json":{"title":"Ghassoul (Rhassoul) Kili - Hurtowy Dystrybutor","description":"Ghassoul kili, Fas lav kili olarak da bilinen, d\u00fcnya genelindeki SPA merkezlerinde yayg\u0131n olarak kullan\u0131lan 0 organik bir \u00fcr\u00fcnd\u00fcr.","robots":{"index":"index","follow":"follow","max-snippet":"max-snippet:-1","max-image-preview":"max-image-preview:large","max-video-preview":"max-video-preview:-1"},"canonical":"https:\/\/naturalpoland.com\/tr\/urunler\/kozmetik-hammaddeleri\/kozmetik-killer\/ghassoul-rhassoul-kili\/","og_locale":"tr_TR","og_type":"article","og_title":"Ghassoul (Rhassoul) Kili - Hurtowy Dystrybutor","og_description":"Ghassoul kili, Fas lav kili olarak da bilinen, d\u00fcnya genelindeki SPA merkezlerinde yayg\u0131n olarak kullan\u0131lan 0 organik bir \u00fcr\u00fcnd\u00fcr.","og_url":"https:\/\/naturalpoland.com\/tr\/urunler\/kozmetik-hammaddeleri\/kozmetik-killer\/ghassoul-rhassoul-kili\/","og_site_name":"NATURAL POLAND - Hurtowy Dystrybutor Surowc\u00f3w","article_publisher":"https:\/\/www.facebook.com\/naturalpoland.b2b","article_modified_time":"2025-12-22T10:53:43+00:00","og_image":[{"width":425,"height":282,"url":"https:\/\/naturalpoland.com\/wp-content\/uploads\/2021\/05\/ghassoul-clay.png","type":"image\/png"}],"schema":{"@context":"https:\/\/schema.org","@graph":[{"@type":"WebPage","@id":"https:\/\/naturalpoland.com\/tr\/urunler\/kozmetik-hammaddeleri\/kozmetik-killer\/ghassoul-rhassoul-kili\/","url":"https:\/\/naturalpoland.com\/tr\/urunler\/kozmetik-hammaddeleri\/kozmetik-killer\/ghassoul-rhassoul-kili\/","name":"Ghassoul (Rhassoul) Kili - Hurtowy Dystrybutor","isPartOf":{"@id":"https:\/\/naturalpoland.com\/tr\/#website"},"primaryImageOfPage":{"@id":"https:\/\/naturalpoland.com\/tr\/urunler\/kozmetik-hammaddeleri\/kozmetik-killer\/ghassoul-rhassoul-kili\/#primaryimage"},"image":{"@id":"https:\/\/naturalpoland.com\/tr\/urunler\/kozmetik-hammaddeleri\/kozmetik-killer\/ghassoul-rhassoul-kili\/#primaryimage"},"thumbnailUrl":"https:\/\/naturalpoland.com\/wp-content\/uploads\/2021\/05\/ghassoul-clay.png","datePublished":"2021-05-11T11:42:58+00:00","dateModified":"2025-12-22T10:53:43+00:00","description":"Ghassoul kili, Fas lav kili olarak da bilinen, d\u00fcnya genelindeki SPA merkezlerinde yayg\u0131n olarak kullan\u0131lan 0 organik bir \u00fcr\u00fcnd\u00fcr.","breadcrumb":{"@id":"https:\/\/naturalpoland.com\/tr\/urunler\/kozmetik-hammaddeleri\/kozmetik-killer\/ghassoul-rhassoul-kili\/#breadcrumb"},"inLanguage":"tr","potentialAction":[{"@type":"ReadAction","target":["https:\/\/naturalpoland.com\/tr\/urunler\/kozmetik-hammaddeleri\/kozmetik-killer\/ghassoul-rhassoul-kili\/"]}]},{"@type":"ImageObject","inLanguage":"tr","@id":"https:\/\/naturalpoland.com\/tr\/urunler\/kozmetik-hammaddeleri\/kozmetik-killer\/ghassoul-rhassoul-kili\/#primaryimage","url":"https:\/\/naturalpoland.com\/wp-content\/uploads\/2021\/05\/ghassoul-clay.png","contentUrl":"https:\/\/naturalpoland.com\/wp-content\/uploads\/2021\/05\/ghassoul-clay.png","width":425,"height":282,"caption":"Ghassoul (Rhassoul) Kili"},{"@type":"BreadcrumbList","@id":"https:\/\/naturalpoland.com\/tr\/urunler\/kozmetik-hammaddeleri\/kozmetik-killer\/ghassoul-rhassoul-kili\/#breadcrumb","itemListElement":[{"@type":"ListItem","position":1,"name":"Ana Sayfa","item":"https:\/\/naturalpoland.com\/tr\/"},{"@type":"ListItem","position":2,"name":"\u00dcr\u00fcnler","item":"https:\/\/naturalpoland.com\/tr\/urunler\/"},{"@type":"ListItem","position":3,"name":"Ghassoul (Rhassoul) Kili"}]},{"@type":"WebSite","@id":"https:\/\/naturalpoland.com\/tr\/#website","url":"https:\/\/naturalpoland.com\/tr\/","name":"NATURAL POLAND - Hurtowy Dystrybutor Surowc\u00f3w","description":"Surowce dla przemys\u0142u spo\u017cywczego, kosmetycznego i farmaceutycznego","publisher":{"@id":"https:\/\/naturalpoland.com\/tr\/#organization"},"potentialAction":[{"@type":"SearchAction","target":{"@type":"EntryPoint","urlTemplate":"https:\/\/naturalpoland.com\/tr\/?s={search_term_string}"},"query-input":{"@type":"PropertyValueSpecification","valueRequired":true,"valueName":"search_term_string"}}],"inLanguage":"tr"},{"@type":"Organization","@id":"https:\/\/naturalpoland.com\/tr\/#organization","name":"Natural Poland","url":"https:\/\/naturalpoland.com\/tr\/","logo":{"@type":"ImageObject","inLanguage":"tr","@id":"https:\/\/naturalpoland.com\/tr\/#\/schema\/logo\/image\/","url":"https:\/\/naturalpoland.com\/wp-content\/uploads\/2021\/05\/natural-poland-icon.png","contentUrl":"https:\/\/naturalpoland.com\/wp-content\/uploads\/2021\/05\/natural-poland-icon.png","width":512,"height":512,"caption":"Natural Poland"},"image":{"@id":"https:\/\/naturalpoland.com\/tr\/#\/schema\/logo\/image\/"},"sameAs":["https:\/\/www.facebook.com\/naturalpoland.b2b","https:\/\/pl.linkedin.com\/company\/natural-poland","https:\/\/www.youtube.com\/channel\/UCgeGGkvOMahZo-xu_MSEWxg"]}]}},"_links":{"self":[{"href":"https:\/\/naturalpoland.com\/tr\/wp-json\/wp\/v2\/product\/44354","targetHints":{"allow":["GET"]}}],"collection":[{"href":"https:\/\/naturalpoland.com\/tr\/wp-json\/wp\/v2\/product"}],"about":[{"href":"https:\/\/naturalpoland.com\/tr\/wp-json\/wp\/v2\/types\/product"}],"wp:featuredmedia":[{"embeddable":true,"href":"https:\/\/naturalpoland.com\/tr\/wp-json\/wp\/v2\/media\/44355"}],"wp:attachment":[{"href":"https:\/\/naturalpoland.com\/tr\/wp-json\/wp\/v2\/media?parent=44354"}],"wp:term":[{"taxonomy":"product_brand","embeddable":true,"href":"https:\/\/naturalpoland.com\/tr\/wp-json\/wp\/v2\/product_brand?post=44354"},{"taxonomy":"product_cat","embeddable":true,"href":"https:\/\/naturalpoland.com\/tr\/wp-json\/wp\/v2\/product_cat?post=44354"},{"taxonomy":"product_tag","embeddable":true,"href":"https:\/\/naturalpoland.com\/tr\/wp-json\/wp\/v2\/product_tag?post=44354"}],"curies":[{"name":"wp","href":"https:\/\/api.w.org\/{rel}","templated":true}]}}