{"id":44356,"date":"2024-07-09T13:48:53","date_gmt":"2024-07-09T11:48:53","guid":{"rendered":"https:\/\/naturalpoland.com\/produkty\/kategorilenmemis\/pirinc-unu\/"},"modified":"2025-12-22T11:53:49","modified_gmt":"2025-12-22T10:53:49","slug":"pirinc-unu","status":"publish","type":"product","link":"https:\/\/naturalpoland.com\/tr\/urunler\/gida-hammaddeleri\/uretim-hammaddeleri\/pirinc-unu\/","title":{"rendered":"Pirin\u00e7 unu"},"content":{"rendered":"<h2>\u00d6zellikler<\/h2>\n<p>Pirin\u00e7 unu, pirince \u00f6zg\u00fc beyaz rengi ve ak\u0131\u015fkan k\u0131vam\u0131 ile karakteristiktir. Do\u011fal bir tada sahip olup di\u011fer malzemelerin tad\u0131n\u0131 etkilemeden m\u00fckemmel uyum sa\u011flar. Yabanc\u0131 koku ve tat i\u00e7ermez.  <\/p>\n<h2>Kullan\u0131m alanlar\u0131<\/h2>\n<p>Pirin\u00e7 unu son derece \u00e7ok y\u00f6nl\u00fcd\u00fcr &#8211; \u00e7orba ve soslar i\u00e7in m\u00fckemmel bir <strong>k\u0131vam art\u0131r\u0131c\u0131<\/strong> olmas\u0131n\u0131n yan\u0131 s\u0131ra ekmek, kek ve makarna gibi <strong>f\u0131r\u0131n \u00fcr\u00fcnlerinin bile\u015feni<\/strong> olarak da kullan\u0131l\u0131r. Ayr\u0131ca noodle ve \u00e7e\u015fitli pirin\u00e7 kekleri dahil olmak \u00fczere Asya yemeklerinin yap\u0131m\u0131nda yayg\u0131n bir tercihtir. Ek olarak, glutensiz bira \u00fcretiminde ve \u00e7\u00f6lyak hastalar\u0131 i\u00e7in <strong>di\u011fer unlar\u0131n alternatifi<\/strong> olarak kullan\u0131l\u0131r.  <\/p>\n<h2>Besin de\u011ferleri<\/h2>\n<p>Pirin\u00e7 unu, karbonhidrat a\u00e7\u0131s\u0131ndan zengin olup diyette enerji verici bir bile\u015fendir. Az miktarda protein, ya\u011f ve sindirime yard\u0131mc\u0131 olan lif i\u00e7erir. D\u00fc\u015f\u00fck ya\u011fl\u0131 bir \u00fcr\u00fcnd\u00fcr ve minimum sodyum i\u00e7eri\u011fi ile tuz t\u00fcketimini s\u0131n\u0131rland\u0131rmas\u0131 gereken ki\u015filer i\u00e7in de uygundur.  <\/p>\n<h3>100g i\u00e7in besin de\u011ferleri:<\/h3>\n<ul>\n<li><strong>Enerji de\u011feri<\/strong>: 1481kJ \/ 349 kcal<\/li>\n<li><strong>Ya\u011f<\/strong>: 1,0 g (doymu\u015f ya\u011f asitleri 0,2 g)<\/li>\n<li><strong>Karbonhidrat<\/strong>: 77 g (\u015feker 0,2 g)<\/li>\n<li><strong>Protein<\/strong>: 7,6 g<\/li>\n<li><strong>Tuz<\/strong>: 0,01 g<\/li>\n<\/ul>\n","protected":false},"excerpt":{"rendered":"<p>Pirin\u00e7 unu, pirin\u00e7 tanelerinden \u00fcretilir ve beyaz, ak\u0131\u015fkan bir toz formundad\u0131r. Gluten i\u00e7eren geleneksel unlar i\u00e7in sa\u011fl\u0131kl\u0131, glutensiz bir alternatiftir. <\/p>\n","protected":false},"featured_media":44358,"template":"","meta":{"_acf_changed":false},"product_brand":[],"product_cat":[9534,9572],"product_tag":[],"class_list":{"0":"post-44356","1":"product","2":"type-product","3":"status-publish","4":"has-post-thumbnail","6":"product_cat-hazir-urunler","7":"product_cat-uretim-hammaddeleri","9":"first","10":"instock","11":"shipping-taxable","12":"product-type-simple"},"acf":[],"yoast_head":"<!-- This site is optimized with the Yoast SEO plugin v27.5 - https:\/\/yoast.com\/product\/yoast-seo-wordpress\/ -->\n<title>Pirin\u00e7 unu - NATURAL POLAND - Hurtowy Dystrybutor Surowc\u00f3w<\/title>\n<meta name=\"description\" content=\"Pirin\u00e7 unu, karbonhidrat a\u00e7\u0131s\u0131ndan zengin olup diyette enerji verici bir bile\u015fendir. Az miktarda protein, ya\u011f ve lif i\u00e7erir.\" \/>\n<meta name=\"robots\" content=\"index, follow, max-snippet:-1, max-image-preview:large, max-video-preview:-1\" \/>\n<link rel=\"canonical\" href=\"https:\/\/naturalpoland.com\/tr\/urunler\/gida-hammaddeleri\/uretim-hammaddeleri\/pirinc-unu\/\" \/>\n<meta property=\"og:locale\" content=\"tr_TR\" \/>\n<meta property=\"og:type\" content=\"article\" \/>\n<meta property=\"og:title\" content=\"Pirin\u00e7 unu - NATURAL POLAND - Hurtowy Dystrybutor Surowc\u00f3w\" \/>\n<meta property=\"og:description\" content=\"Pirin\u00e7 unu, karbonhidrat a\u00e7\u0131s\u0131ndan zengin olup diyette enerji verici bir bile\u015fendir. Az miktarda protein, ya\u011f ve lif i\u00e7erir.\" \/>\n<meta property=\"og:url\" content=\"https:\/\/naturalpoland.com\/tr\/urunler\/gida-hammaddeleri\/uretim-hammaddeleri\/pirinc-unu\/\" \/>\n<meta property=\"og:site_name\" content=\"NATURAL POLAND - Hurtowy Dystrybutor Surowc\u00f3w\" \/>\n<meta property=\"article:publisher\" content=\"https:\/\/www.facebook.com\/naturalpoland.b2b\" \/>\n<meta property=\"article:modified_time\" content=\"2025-12-22T10:53:49+00:00\" \/>\n<meta property=\"og:image\" content=\"https:\/\/naturalpoland.com\/wp-content\/uploads\/maka-ryzowa-1.webp\" \/>\n\t<meta property=\"og:image:width\" content=\"350\" \/>\n\t<meta property=\"og:image:height\" content=\"350\" \/>\n\t<meta property=\"og:image:type\" content=\"image\/webp\" \/>\n<script type=\"application\/ld+json\" class=\"yoast-schema-graph\">{\"@context\":\"https:\\\/\\\/schema.org\",\"@graph\":[{\"@type\":\"WebPage\",\"@id\":\"https:\\\/\\\/naturalpoland.com\\\/tr\\\/urunler\\\/gida-hammaddeleri\\\/uretim-hammaddeleri\\\/pirinc-unu\\\/\",\"url\":\"https:\\\/\\\/naturalpoland.com\\\/tr\\\/urunler\\\/gida-hammaddeleri\\\/uretim-hammaddeleri\\\/pirinc-unu\\\/\",\"name\":\"Pirin\u00e7 unu - NATURAL POLAND - Hurtowy Dystrybutor Surowc\u00f3w\",\"isPartOf\":{\"@id\":\"https:\\\/\\\/naturalpoland.com\\\/tr\\\/#website\"},\"primaryImageOfPage\":{\"@id\":\"https:\\\/\\\/naturalpoland.com\\\/tr\\\/urunler\\\/gida-hammaddeleri\\\/uretim-hammaddeleri\\\/pirinc-unu\\\/#primaryimage\"},\"image\":{\"@id\":\"https:\\\/\\\/naturalpoland.com\\\/tr\\\/urunler\\\/gida-hammaddeleri\\\/uretim-hammaddeleri\\\/pirinc-unu\\\/#primaryimage\"},\"thumbnailUrl\":\"https:\\\/\\\/naturalpoland.com\\\/wp-content\\\/uploads\\\/maka-ryzowa-1.webp\",\"datePublished\":\"2024-07-09T11:48:53+00:00\",\"dateModified\":\"2025-12-22T10:53:49+00:00\",\"description\":\"Pirin\u00e7 unu, karbonhidrat a\u00e7\u0131s\u0131ndan zengin olup diyette enerji verici bir bile\u015fendir. Az miktarda protein, ya\u011f ve lif i\u00e7erir.\",\"breadcrumb\":{\"@id\":\"https:\\\/\\\/naturalpoland.com\\\/tr\\\/urunler\\\/gida-hammaddeleri\\\/uretim-hammaddeleri\\\/pirinc-unu\\\/#breadcrumb\"},\"inLanguage\":\"tr\",\"potentialAction\":[{\"@type\":\"ReadAction\",\"target\":[\"https:\\\/\\\/naturalpoland.com\\\/tr\\\/urunler\\\/gida-hammaddeleri\\\/uretim-hammaddeleri\\\/pirinc-unu\\\/\"]}]},{\"@type\":\"ImageObject\",\"inLanguage\":\"tr\",\"@id\":\"https:\\\/\\\/naturalpoland.com\\\/tr\\\/urunler\\\/gida-hammaddeleri\\\/uretim-hammaddeleri\\\/pirinc-unu\\\/#primaryimage\",\"url\":\"https:\\\/\\\/naturalpoland.com\\\/wp-content\\\/uploads\\\/maka-ryzowa-1.webp\",\"contentUrl\":\"https:\\\/\\\/naturalpoland.com\\\/wp-content\\\/uploads\\\/maka-ryzowa-1.webp\",\"width\":350,\"height\":350,\"caption\":\"Pirin\u00e7 unu\"},{\"@type\":\"BreadcrumbList\",\"@id\":\"https:\\\/\\\/naturalpoland.com\\\/tr\\\/urunler\\\/gida-hammaddeleri\\\/uretim-hammaddeleri\\\/pirinc-unu\\\/#breadcrumb\",\"itemListElement\":[{\"@type\":\"ListItem\",\"position\":1,\"name\":\"Ana Sayfa\",\"item\":\"https:\\\/\\\/naturalpoland.com\\\/tr\\\/\"},{\"@type\":\"ListItem\",\"position\":2,\"name\":\"\u00dcr\u00fcnler\",\"item\":\"https:\\\/\\\/naturalpoland.com\\\/tr\\\/urunler\\\/\"},{\"@type\":\"ListItem\",\"position\":3,\"name\":\"Pirin\u00e7 unu\"}]},{\"@type\":\"WebSite\",\"@id\":\"https:\\\/\\\/naturalpoland.com\\\/tr\\\/#website\",\"url\":\"https:\\\/\\\/naturalpoland.com\\\/tr\\\/\",\"name\":\"NATURAL POLAND - Hurtowy Dystrybutor Surowc\u00f3w\",\"description\":\"Surowce dla przemys\u0142u spo\u017cywczego, kosmetycznego i farmaceutycznego\",\"publisher\":{\"@id\":\"https:\\\/\\\/naturalpoland.com\\\/tr\\\/#organization\"},\"potentialAction\":[{\"@type\":\"SearchAction\",\"target\":{\"@type\":\"EntryPoint\",\"urlTemplate\":\"https:\\\/\\\/naturalpoland.com\\\/tr\\\/?s={search_term_string}\"},\"query-input\":{\"@type\":\"PropertyValueSpecification\",\"valueRequired\":true,\"valueName\":\"search_term_string\"}}],\"inLanguage\":\"tr\"},{\"@type\":\"Organization\",\"@id\":\"https:\\\/\\\/naturalpoland.com\\\/tr\\\/#organization\",\"name\":\"Natural Poland\",\"url\":\"https:\\\/\\\/naturalpoland.com\\\/tr\\\/\",\"logo\":{\"@type\":\"ImageObject\",\"inLanguage\":\"tr\",\"@id\":\"https:\\\/\\\/naturalpoland.com\\\/tr\\\/#\\\/schema\\\/logo\\\/image\\\/\",\"url\":\"https:\\\/\\\/naturalpoland.com\\\/wp-content\\\/uploads\\\/2021\\\/05\\\/natural-poland-icon.png\",\"contentUrl\":\"https:\\\/\\\/naturalpoland.com\\\/wp-content\\\/uploads\\\/2021\\\/05\\\/natural-poland-icon.png\",\"width\":512,\"height\":512,\"caption\":\"Natural Poland\"},\"image\":{\"@id\":\"https:\\\/\\\/naturalpoland.com\\\/tr\\\/#\\\/schema\\\/logo\\\/image\\\/\"},\"sameAs\":[\"https:\\\/\\\/www.facebook.com\\\/naturalpoland.b2b\",\"https:\\\/\\\/pl.linkedin.com\\\/company\\\/natural-poland\",\"https:\\\/\\\/www.youtube.com\\\/channel\\\/UCgeGGkvOMahZo-xu_MSEWxg\"]}]}<\/script>\n<!-- \/ Yoast SEO plugin. -->","yoast_head_json":{"title":"Pirin\u00e7 unu - NATURAL POLAND - Hurtowy Dystrybutor Surowc\u00f3w","description":"Pirin\u00e7 unu, karbonhidrat a\u00e7\u0131s\u0131ndan zengin olup diyette enerji verici bir bile\u015fendir. Az miktarda protein, ya\u011f ve lif i\u00e7erir.","robots":{"index":"index","follow":"follow","max-snippet":"max-snippet:-1","max-image-preview":"max-image-preview:large","max-video-preview":"max-video-preview:-1"},"canonical":"https:\/\/naturalpoland.com\/tr\/urunler\/gida-hammaddeleri\/uretim-hammaddeleri\/pirinc-unu\/","og_locale":"tr_TR","og_type":"article","og_title":"Pirin\u00e7 unu - NATURAL POLAND - Hurtowy Dystrybutor Surowc\u00f3w","og_description":"Pirin\u00e7 unu, karbonhidrat a\u00e7\u0131s\u0131ndan zengin olup diyette enerji verici bir bile\u015fendir. Az miktarda protein, ya\u011f ve lif i\u00e7erir.","og_url":"https:\/\/naturalpoland.com\/tr\/urunler\/gida-hammaddeleri\/uretim-hammaddeleri\/pirinc-unu\/","og_site_name":"NATURAL POLAND - Hurtowy Dystrybutor Surowc\u00f3w","article_publisher":"https:\/\/www.facebook.com\/naturalpoland.b2b","article_modified_time":"2025-12-22T10:53:49+00:00","og_image":[{"width":350,"height":350,"url":"https:\/\/naturalpoland.com\/wp-content\/uploads\/maka-ryzowa-1.webp","type":"image\/webp"}],"schema":{"@context":"https:\/\/schema.org","@graph":[{"@type":"WebPage","@id":"https:\/\/naturalpoland.com\/tr\/urunler\/gida-hammaddeleri\/uretim-hammaddeleri\/pirinc-unu\/","url":"https:\/\/naturalpoland.com\/tr\/urunler\/gida-hammaddeleri\/uretim-hammaddeleri\/pirinc-unu\/","name":"Pirin\u00e7 unu - NATURAL POLAND - Hurtowy Dystrybutor Surowc\u00f3w","isPartOf":{"@id":"https:\/\/naturalpoland.com\/tr\/#website"},"primaryImageOfPage":{"@id":"https:\/\/naturalpoland.com\/tr\/urunler\/gida-hammaddeleri\/uretim-hammaddeleri\/pirinc-unu\/#primaryimage"},"image":{"@id":"https:\/\/naturalpoland.com\/tr\/urunler\/gida-hammaddeleri\/uretim-hammaddeleri\/pirinc-unu\/#primaryimage"},"thumbnailUrl":"https:\/\/naturalpoland.com\/wp-content\/uploads\/maka-ryzowa-1.webp","datePublished":"2024-07-09T11:48:53+00:00","dateModified":"2025-12-22T10:53:49+00:00","description":"Pirin\u00e7 unu, karbonhidrat a\u00e7\u0131s\u0131ndan zengin olup diyette enerji verici bir bile\u015fendir. Az miktarda protein, ya\u011f ve lif i\u00e7erir.","breadcrumb":{"@id":"https:\/\/naturalpoland.com\/tr\/urunler\/gida-hammaddeleri\/uretim-hammaddeleri\/pirinc-unu\/#breadcrumb"},"inLanguage":"tr","potentialAction":[{"@type":"ReadAction","target":["https:\/\/naturalpoland.com\/tr\/urunler\/gida-hammaddeleri\/uretim-hammaddeleri\/pirinc-unu\/"]}]},{"@type":"ImageObject","inLanguage":"tr","@id":"https:\/\/naturalpoland.com\/tr\/urunler\/gida-hammaddeleri\/uretim-hammaddeleri\/pirinc-unu\/#primaryimage","url":"https:\/\/naturalpoland.com\/wp-content\/uploads\/maka-ryzowa-1.webp","contentUrl":"https:\/\/naturalpoland.com\/wp-content\/uploads\/maka-ryzowa-1.webp","width":350,"height":350,"caption":"Pirin\u00e7 unu"},{"@type":"BreadcrumbList","@id":"https:\/\/naturalpoland.com\/tr\/urunler\/gida-hammaddeleri\/uretim-hammaddeleri\/pirinc-unu\/#breadcrumb","itemListElement":[{"@type":"ListItem","position":1,"name":"Ana Sayfa","item":"https:\/\/naturalpoland.com\/tr\/"},{"@type":"ListItem","position":2,"name":"\u00dcr\u00fcnler","item":"https:\/\/naturalpoland.com\/tr\/urunler\/"},{"@type":"ListItem","position":3,"name":"Pirin\u00e7 unu"}]},{"@type":"WebSite","@id":"https:\/\/naturalpoland.com\/tr\/#website","url":"https:\/\/naturalpoland.com\/tr\/","name":"NATURAL POLAND - Hurtowy Dystrybutor Surowc\u00f3w","description":"Surowce dla przemys\u0142u spo\u017cywczego, kosmetycznego i farmaceutycznego","publisher":{"@id":"https:\/\/naturalpoland.com\/tr\/#organization"},"potentialAction":[{"@type":"SearchAction","target":{"@type":"EntryPoint","urlTemplate":"https:\/\/naturalpoland.com\/tr\/?s={search_term_string}"},"query-input":{"@type":"PropertyValueSpecification","valueRequired":true,"valueName":"search_term_string"}}],"inLanguage":"tr"},{"@type":"Organization","@id":"https:\/\/naturalpoland.com\/tr\/#organization","name":"Natural Poland","url":"https:\/\/naturalpoland.com\/tr\/","logo":{"@type":"ImageObject","inLanguage":"tr","@id":"https:\/\/naturalpoland.com\/tr\/#\/schema\/logo\/image\/","url":"https:\/\/naturalpoland.com\/wp-content\/uploads\/2021\/05\/natural-poland-icon.png","contentUrl":"https:\/\/naturalpoland.com\/wp-content\/uploads\/2021\/05\/natural-poland-icon.png","width":512,"height":512,"caption":"Natural Poland"},"image":{"@id":"https:\/\/naturalpoland.com\/tr\/#\/schema\/logo\/image\/"},"sameAs":["https:\/\/www.facebook.com\/naturalpoland.b2b","https:\/\/pl.linkedin.com\/company\/natural-poland","https:\/\/www.youtube.com\/channel\/UCgeGGkvOMahZo-xu_MSEWxg"]}]}},"_links":{"self":[{"href":"https:\/\/naturalpoland.com\/tr\/wp-json\/wp\/v2\/product\/44356","targetHints":{"allow":["GET"]}}],"collection":[{"href":"https:\/\/naturalpoland.com\/tr\/wp-json\/wp\/v2\/product"}],"about":[{"href":"https:\/\/naturalpoland.com\/tr\/wp-json\/wp\/v2\/types\/product"}],"wp:featuredmedia":[{"embeddable":true,"href":"https:\/\/naturalpoland.com\/tr\/wp-json\/wp\/v2\/media\/44358"}],"wp:attachment":[{"href":"https:\/\/naturalpoland.com\/tr\/wp-json\/wp\/v2\/media?parent=44356"}],"wp:term":[{"taxonomy":"product_brand","embeddable":true,"href":"https:\/\/naturalpoland.com\/tr\/wp-json\/wp\/v2\/product_brand?post=44356"},{"taxonomy":"product_cat","embeddable":true,"href":"https:\/\/naturalpoland.com\/tr\/wp-json\/wp\/v2\/product_cat?post=44356"},{"taxonomy":"product_tag","embeddable":true,"href":"https:\/\/naturalpoland.com\/tr\/wp-json\/wp\/v2\/product_tag?post=44356"}],"curies":[{"name":"wp","href":"https:\/\/api.w.org\/{rel}","templated":true}]}}