{"id":44359,"date":"2021-05-11T13:43:21","date_gmt":"2021-05-11T11:43:21","guid":{"rendered":"https:\/\/naturalpoland.com\/produkty\/kategorilenmemis\/yesil-kil\/"},"modified":"2025-12-22T11:53:56","modified_gmt":"2025-12-22T10:53:56","slug":"yesil-kil","status":"publish","type":"product","link":"https:\/\/naturalpoland.com\/tr\/urunler\/kozmetik-hammaddeleri\/kozmetik-killer\/yesil-kil\/","title":{"rendered":"Ye\u015fil kil"},"content":{"rendered":"<p>Ye\u015fil kil hem tek ba\u015f\u0131na hem de \u00e7e\u015fitli kozmetik \u00fcr\u00fcnlerin bile\u015feni olarak kullan\u0131labilir. \u00d6zellikle problemli ve akne e\u011filimli ciltler i\u00e7in \u00f6nerilir. <\/p>\n<h2>\u00d6zellikler ve bile\u015fim<\/h2>\n<p>Ye\u015fil kil, do\u011fal mineral bile\u015fiminin sonucu olan karakteristik ye\u015fil rengi ve toprak kokusuna sahiptir. Al\u00fcminyum, demir ve magnezyumun do\u011fal silikat\u0131d\u0131r ve bile\u015fiminin %60&#8217;\u0131ndan fazlas\u0131n\u0131 olu\u015fturan <g id=\"gid_0\">silika<\/g> (SiO2) gibi bir\u00e7ok mineral a\u00e7\u0131s\u0131ndan zengindir. Ayr\u0131ca emici ve temizleyici \u00f6zellikleriyle bilinen \u00f6nemli miktarlarda <strong>al\u00fcminyum oksit<\/strong> (Al2O3) ve <strong>demir oksit<\/strong> (Fe2O3) i\u00e7erir.  <\/p>\n<h2>\u00d6zellikler ve kullan\u0131m<\/h2>\n<p>Ye\u015fil kil, sebum \u00fcretimini azaltmada ve iltihabi durumlar\u0131 yat\u0131\u015ft\u0131rmada etkili bir ajan haline getiren <strong>antibakteriyel \u00f6zellikleri<\/strong> ile de\u011ferlidir. Cilt lezyonlar\u0131n\u0131n daha h\u0131zl\u0131 iyile\u015fmesine yard\u0131mc\u0131 olur ve aknenin ortadan kald\u0131r\u0131lmas\u0131na katk\u0131da bulunabilir. Cilt y\u00fczeyindeki kirlilikleri ve toksinleri emme yetene\u011fine sahiptir, bu nedenle \u00f6zellikle ya\u011fl\u0131 ve karma ciltler i\u00e7in maske ve peeling bile\u015feni olarak kullan\u0131l\u0131r.  <\/p>\n<p>Ye\u015fil kil ayr\u0131ca g\u00f6zenekleri temizlemeye ve cildi tazelemeye yard\u0131mc\u0131 olan, cildi temiz ve mat b\u0131rakan bir maske olarak tek ba\u015f\u0131na kullan\u0131m i\u00e7in de \u00f6nerilir. Yenileyici ve besleyici \u00f6zellikleri sayesinde cilt h\u00fccrelerinin yenilenmesini destekleyen ve cildi zararl\u0131 d\u0131\u015f etkenlerden koruyan v\u00fccut bak\u0131m \u00fcr\u00fcnlerinde de kullan\u0131l\u0131r. <\/p>\n<p>Kil, sentetik katk\u0131 maddeleri ve koruyuculardan ar\u0131nd\u0131r\u0131lm\u0131\u015ft\u0131r, bu da onu \u00e7ok hassas ciltli ki\u015filer i\u00e7in bile uygun hale getirir.<\/p>\n","protected":false},"excerpt":{"rendered":"<p><strong>Ye\u015fil kil<\/strong>, <strong>montmorillonit<\/strong> olarak da bilinir ve temizleyici ve iyile\u015ftirici \u00f6zellikleri sayesinde pop\u00fclerlik kazanm\u0131\u015ft\u0131r.<\/p>\n","protected":false},"featured_media":44360,"template":"","meta":{"_acf_changed":false},"product_brand":[],"product_cat":[9546],"product_tag":[],"class_list":{"0":"post-44359","1":"product","2":"type-product","3":"status-publish","4":"has-post-thumbnail","6":"product_cat-kozmetik-killer","8":"first","9":"instock","10":"shipping-taxable","11":"product-type-simple"},"acf":[],"yoast_head":"<!-- This site is optimized with the Yoast SEO plugin v27.5 - https:\/\/yoast.com\/product\/yoast-seo-wordpress\/ -->\n<title>Ye\u015fil kil - Hurtowy Dystrybutor<\/title>\n<meta name=\"description\" content=\"Ye\u015fil kil hem tek ba\u015f\u0131na hem de akne sorunu ya\u015fayan ki\u015filer i\u00e7in \u00e7e\u015fitli kozmetik \u00fcr\u00fcnlerin bile\u015feni olarak kullan\u0131labilir.\" \/>\n<meta name=\"robots\" content=\"index, follow, max-snippet:-1, max-image-preview:large, max-video-preview:-1\" \/>\n<link rel=\"canonical\" href=\"https:\/\/naturalpoland.com\/tr\/urunler\/kozmetik-hammaddeleri\/kozmetik-killer\/yesil-kil\/\" \/>\n<meta property=\"og:locale\" content=\"tr_TR\" \/>\n<meta property=\"og:type\" content=\"article\" \/>\n<meta property=\"og:title\" content=\"Ye\u015fil kil - Hurtowy Dystrybutor\" \/>\n<meta property=\"og:description\" content=\"Ye\u015fil kil hem tek ba\u015f\u0131na hem de akne sorunu ya\u015fayan ki\u015filer i\u00e7in \u00e7e\u015fitli kozmetik \u00fcr\u00fcnlerin bile\u015feni olarak kullan\u0131labilir.\" \/>\n<meta property=\"og:url\" content=\"https:\/\/naturalpoland.com\/tr\/urunler\/kozmetik-hammaddeleri\/kozmetik-killer\/yesil-kil\/\" \/>\n<meta property=\"og:site_name\" content=\"NATURAL POLAND - Hurtowy Dystrybutor Surowc\u00f3w\" \/>\n<meta property=\"article:publisher\" content=\"https:\/\/www.facebook.com\/naturalpoland.b2b\" \/>\n<meta property=\"article:modified_time\" content=\"2025-12-22T10:53:56+00:00\" \/>\n<meta property=\"og:image\" content=\"https:\/\/naturalpoland.com\/wp-content\/uploads\/2021\/05\/green-clay.jpg\" \/>\n\t<meta property=\"og:image:width\" content=\"264\" \/>\n\t<meta property=\"og:image:height\" content=\"247\" \/>\n\t<meta property=\"og:image:type\" content=\"image\/jpeg\" \/>\n<script type=\"application\/ld+json\" class=\"yoast-schema-graph\">{\"@context\":\"https:\\\/\\\/schema.org\",\"@graph\":[{\"@type\":\"WebPage\",\"@id\":\"https:\\\/\\\/naturalpoland.com\\\/tr\\\/urunler\\\/kozmetik-hammaddeleri\\\/kozmetik-killer\\\/yesil-kil\\\/\",\"url\":\"https:\\\/\\\/naturalpoland.com\\\/tr\\\/urunler\\\/kozmetik-hammaddeleri\\\/kozmetik-killer\\\/yesil-kil\\\/\",\"name\":\"Ye\u015fil kil - Hurtowy Dystrybutor\",\"isPartOf\":{\"@id\":\"https:\\\/\\\/naturalpoland.com\\\/tr\\\/#website\"},\"primaryImageOfPage\":{\"@id\":\"https:\\\/\\\/naturalpoland.com\\\/tr\\\/urunler\\\/kozmetik-hammaddeleri\\\/kozmetik-killer\\\/yesil-kil\\\/#primaryimage\"},\"image\":{\"@id\":\"https:\\\/\\\/naturalpoland.com\\\/tr\\\/urunler\\\/kozmetik-hammaddeleri\\\/kozmetik-killer\\\/yesil-kil\\\/#primaryimage\"},\"thumbnailUrl\":\"https:\\\/\\\/naturalpoland.com\\\/wp-content\\\/uploads\\\/2021\\\/05\\\/green-clay.jpg\",\"datePublished\":\"2021-05-11T11:43:21+00:00\",\"dateModified\":\"2025-12-22T10:53:56+00:00\",\"description\":\"Ye\u015fil kil hem tek ba\u015f\u0131na hem de akne sorunu ya\u015fayan ki\u015filer i\u00e7in \u00e7e\u015fitli kozmetik \u00fcr\u00fcnlerin bile\u015feni olarak kullan\u0131labilir.\",\"breadcrumb\":{\"@id\":\"https:\\\/\\\/naturalpoland.com\\\/tr\\\/urunler\\\/kozmetik-hammaddeleri\\\/kozmetik-killer\\\/yesil-kil\\\/#breadcrumb\"},\"inLanguage\":\"tr\",\"potentialAction\":[{\"@type\":\"ReadAction\",\"target\":[\"https:\\\/\\\/naturalpoland.com\\\/tr\\\/urunler\\\/kozmetik-hammaddeleri\\\/kozmetik-killer\\\/yesil-kil\\\/\"]}]},{\"@type\":\"ImageObject\",\"inLanguage\":\"tr\",\"@id\":\"https:\\\/\\\/naturalpoland.com\\\/tr\\\/urunler\\\/kozmetik-hammaddeleri\\\/kozmetik-killer\\\/yesil-kil\\\/#primaryimage\",\"url\":\"https:\\\/\\\/naturalpoland.com\\\/wp-content\\\/uploads\\\/2021\\\/05\\\/green-clay.jpg\",\"contentUrl\":\"https:\\\/\\\/naturalpoland.com\\\/wp-content\\\/uploads\\\/2021\\\/05\\\/green-clay.jpg\",\"width\":264,\"height\":247,\"caption\":\"Ye\u015fil kil\"},{\"@type\":\"BreadcrumbList\",\"@id\":\"https:\\\/\\\/naturalpoland.com\\\/tr\\\/urunler\\\/kozmetik-hammaddeleri\\\/kozmetik-killer\\\/yesil-kil\\\/#breadcrumb\",\"itemListElement\":[{\"@type\":\"ListItem\",\"position\":1,\"name\":\"Ana Sayfa\",\"item\":\"https:\\\/\\\/naturalpoland.com\\\/tr\\\/\"},{\"@type\":\"ListItem\",\"position\":2,\"name\":\"\u00dcr\u00fcnler\",\"item\":\"https:\\\/\\\/naturalpoland.com\\\/tr\\\/urunler\\\/\"},{\"@type\":\"ListItem\",\"position\":3,\"name\":\"Ye\u015fil kil\"}]},{\"@type\":\"WebSite\",\"@id\":\"https:\\\/\\\/naturalpoland.com\\\/tr\\\/#website\",\"url\":\"https:\\\/\\\/naturalpoland.com\\\/tr\\\/\",\"name\":\"NATURAL POLAND - Hurtowy Dystrybutor Surowc\u00f3w\",\"description\":\"Surowce dla przemys\u0142u spo\u017cywczego, kosmetycznego i farmaceutycznego\",\"publisher\":{\"@id\":\"https:\\\/\\\/naturalpoland.com\\\/tr\\\/#organization\"},\"potentialAction\":[{\"@type\":\"SearchAction\",\"target\":{\"@type\":\"EntryPoint\",\"urlTemplate\":\"https:\\\/\\\/naturalpoland.com\\\/tr\\\/?s={search_term_string}\"},\"query-input\":{\"@type\":\"PropertyValueSpecification\",\"valueRequired\":true,\"valueName\":\"search_term_string\"}}],\"inLanguage\":\"tr\"},{\"@type\":\"Organization\",\"@id\":\"https:\\\/\\\/naturalpoland.com\\\/tr\\\/#organization\",\"name\":\"Natural Poland\",\"url\":\"https:\\\/\\\/naturalpoland.com\\\/tr\\\/\",\"logo\":{\"@type\":\"ImageObject\",\"inLanguage\":\"tr\",\"@id\":\"https:\\\/\\\/naturalpoland.com\\\/tr\\\/#\\\/schema\\\/logo\\\/image\\\/\",\"url\":\"https:\\\/\\\/naturalpoland.com\\\/wp-content\\\/uploads\\\/2021\\\/05\\\/natural-poland-icon.png\",\"contentUrl\":\"https:\\\/\\\/naturalpoland.com\\\/wp-content\\\/uploads\\\/2021\\\/05\\\/natural-poland-icon.png\",\"width\":512,\"height\":512,\"caption\":\"Natural Poland\"},\"image\":{\"@id\":\"https:\\\/\\\/naturalpoland.com\\\/tr\\\/#\\\/schema\\\/logo\\\/image\\\/\"},\"sameAs\":[\"https:\\\/\\\/www.facebook.com\\\/naturalpoland.b2b\",\"https:\\\/\\\/pl.linkedin.com\\\/company\\\/natural-poland\",\"https:\\\/\\\/www.youtube.com\\\/channel\\\/UCgeGGkvOMahZo-xu_MSEWxg\"]}]}<\/script>\n<!-- \/ Yoast SEO plugin. -->","yoast_head_json":{"title":"Ye\u015fil kil - Hurtowy Dystrybutor","description":"Ye\u015fil kil hem tek ba\u015f\u0131na hem de akne sorunu ya\u015fayan ki\u015filer i\u00e7in \u00e7e\u015fitli kozmetik \u00fcr\u00fcnlerin bile\u015feni olarak kullan\u0131labilir.","robots":{"index":"index","follow":"follow","max-snippet":"max-snippet:-1","max-image-preview":"max-image-preview:large","max-video-preview":"max-video-preview:-1"},"canonical":"https:\/\/naturalpoland.com\/tr\/urunler\/kozmetik-hammaddeleri\/kozmetik-killer\/yesil-kil\/","og_locale":"tr_TR","og_type":"article","og_title":"Ye\u015fil kil - Hurtowy Dystrybutor","og_description":"Ye\u015fil kil hem tek ba\u015f\u0131na hem de akne sorunu ya\u015fayan ki\u015filer i\u00e7in \u00e7e\u015fitli kozmetik \u00fcr\u00fcnlerin bile\u015feni olarak kullan\u0131labilir.","og_url":"https:\/\/naturalpoland.com\/tr\/urunler\/kozmetik-hammaddeleri\/kozmetik-killer\/yesil-kil\/","og_site_name":"NATURAL POLAND - Hurtowy Dystrybutor Surowc\u00f3w","article_publisher":"https:\/\/www.facebook.com\/naturalpoland.b2b","article_modified_time":"2025-12-22T10:53:56+00:00","og_image":[{"width":264,"height":247,"url":"https:\/\/naturalpoland.com\/wp-content\/uploads\/2021\/05\/green-clay.jpg","type":"image\/jpeg"}],"schema":{"@context":"https:\/\/schema.org","@graph":[{"@type":"WebPage","@id":"https:\/\/naturalpoland.com\/tr\/urunler\/kozmetik-hammaddeleri\/kozmetik-killer\/yesil-kil\/","url":"https:\/\/naturalpoland.com\/tr\/urunler\/kozmetik-hammaddeleri\/kozmetik-killer\/yesil-kil\/","name":"Ye\u015fil kil - Hurtowy Dystrybutor","isPartOf":{"@id":"https:\/\/naturalpoland.com\/tr\/#website"},"primaryImageOfPage":{"@id":"https:\/\/naturalpoland.com\/tr\/urunler\/kozmetik-hammaddeleri\/kozmetik-killer\/yesil-kil\/#primaryimage"},"image":{"@id":"https:\/\/naturalpoland.com\/tr\/urunler\/kozmetik-hammaddeleri\/kozmetik-killer\/yesil-kil\/#primaryimage"},"thumbnailUrl":"https:\/\/naturalpoland.com\/wp-content\/uploads\/2021\/05\/green-clay.jpg","datePublished":"2021-05-11T11:43:21+00:00","dateModified":"2025-12-22T10:53:56+00:00","description":"Ye\u015fil kil hem tek ba\u015f\u0131na hem de akne sorunu ya\u015fayan ki\u015filer i\u00e7in \u00e7e\u015fitli kozmetik \u00fcr\u00fcnlerin bile\u015feni olarak kullan\u0131labilir.","breadcrumb":{"@id":"https:\/\/naturalpoland.com\/tr\/urunler\/kozmetik-hammaddeleri\/kozmetik-killer\/yesil-kil\/#breadcrumb"},"inLanguage":"tr","potentialAction":[{"@type":"ReadAction","target":["https:\/\/naturalpoland.com\/tr\/urunler\/kozmetik-hammaddeleri\/kozmetik-killer\/yesil-kil\/"]}]},{"@type":"ImageObject","inLanguage":"tr","@id":"https:\/\/naturalpoland.com\/tr\/urunler\/kozmetik-hammaddeleri\/kozmetik-killer\/yesil-kil\/#primaryimage","url":"https:\/\/naturalpoland.com\/wp-content\/uploads\/2021\/05\/green-clay.jpg","contentUrl":"https:\/\/naturalpoland.com\/wp-content\/uploads\/2021\/05\/green-clay.jpg","width":264,"height":247,"caption":"Ye\u015fil kil"},{"@type":"BreadcrumbList","@id":"https:\/\/naturalpoland.com\/tr\/urunler\/kozmetik-hammaddeleri\/kozmetik-killer\/yesil-kil\/#breadcrumb","itemListElement":[{"@type":"ListItem","position":1,"name":"Ana Sayfa","item":"https:\/\/naturalpoland.com\/tr\/"},{"@type":"ListItem","position":2,"name":"\u00dcr\u00fcnler","item":"https:\/\/naturalpoland.com\/tr\/urunler\/"},{"@type":"ListItem","position":3,"name":"Ye\u015fil kil"}]},{"@type":"WebSite","@id":"https:\/\/naturalpoland.com\/tr\/#website","url":"https:\/\/naturalpoland.com\/tr\/","name":"NATURAL POLAND - Hurtowy Dystrybutor Surowc\u00f3w","description":"Surowce dla przemys\u0142u spo\u017cywczego, kosmetycznego i farmaceutycznego","publisher":{"@id":"https:\/\/naturalpoland.com\/tr\/#organization"},"potentialAction":[{"@type":"SearchAction","target":{"@type":"EntryPoint","urlTemplate":"https:\/\/naturalpoland.com\/tr\/?s={search_term_string}"},"query-input":{"@type":"PropertyValueSpecification","valueRequired":true,"valueName":"search_term_string"}}],"inLanguage":"tr"},{"@type":"Organization","@id":"https:\/\/naturalpoland.com\/tr\/#organization","name":"Natural Poland","url":"https:\/\/naturalpoland.com\/tr\/","logo":{"@type":"ImageObject","inLanguage":"tr","@id":"https:\/\/naturalpoland.com\/tr\/#\/schema\/logo\/image\/","url":"https:\/\/naturalpoland.com\/wp-content\/uploads\/2021\/05\/natural-poland-icon.png","contentUrl":"https:\/\/naturalpoland.com\/wp-content\/uploads\/2021\/05\/natural-poland-icon.png","width":512,"height":512,"caption":"Natural Poland"},"image":{"@id":"https:\/\/naturalpoland.com\/tr\/#\/schema\/logo\/image\/"},"sameAs":["https:\/\/www.facebook.com\/naturalpoland.b2b","https:\/\/pl.linkedin.com\/company\/natural-poland","https:\/\/www.youtube.com\/channel\/UCgeGGkvOMahZo-xu_MSEWxg"]}]}},"_links":{"self":[{"href":"https:\/\/naturalpoland.com\/tr\/wp-json\/wp\/v2\/product\/44359","targetHints":{"allow":["GET"]}}],"collection":[{"href":"https:\/\/naturalpoland.com\/tr\/wp-json\/wp\/v2\/product"}],"about":[{"href":"https:\/\/naturalpoland.com\/tr\/wp-json\/wp\/v2\/types\/product"}],"wp:featuredmedia":[{"embeddable":true,"href":"https:\/\/naturalpoland.com\/tr\/wp-json\/wp\/v2\/media\/44360"}],"wp:attachment":[{"href":"https:\/\/naturalpoland.com\/tr\/wp-json\/wp\/v2\/media?parent=44359"}],"wp:term":[{"taxonomy":"product_brand","embeddable":true,"href":"https:\/\/naturalpoland.com\/tr\/wp-json\/wp\/v2\/product_brand?post=44359"},{"taxonomy":"product_cat","embeddable":true,"href":"https:\/\/naturalpoland.com\/tr\/wp-json\/wp\/v2\/product_cat?post=44359"},{"taxonomy":"product_tag","embeddable":true,"href":"https:\/\/naturalpoland.com\/tr\/wp-json\/wp\/v2\/product_tag?post=44359"}],"curies":[{"name":"wp","href":"https:\/\/api.w.org\/{rel}","templated":true}]}}