{"id":44364,"date":"2021-05-11T13:44:59","date_gmt":"2021-05-11T11:44:59","guid":{"rendered":"https:\/\/naturalpoland.com\/produkty\/kategorilenmemis\/sodyum-hiyaluronat\/"},"modified":"2026-02-05T12:10:16","modified_gmt":"2026-02-05T11:10:16","slug":"sodyum-hiyaluronat","status":"publish","type":"product","link":"https:\/\/naturalpoland.com\/tr\/urunler\/kozmetik-hammaddeleri\/kozmetik-hammaddeleri-2\/sodyum-hiyaluronat\/","title":{"rendered":"Sodyum Hiyal\u00fcronat"},"content":{"rendered":"<p>Sodyum hiyal\u00fcronat, benzersiz <strong>su tutma \u00f6zellikleri<\/strong> sayesinde cilde nemlendirme ve s\u0131k\u0131l\u0131k sa\u011flad\u0131\u011f\u0131 i\u00e7in bir\u00e7ok kozmetik ve medikal \u00fcr\u00fcnde bile\u015fen olarak kullan\u0131lmaktad\u0131r. Kullan\u0131m alan\u0131 geni\u015ftir ve sodyum hiyal\u00fcronat\u0131n farkl\u0131 formlar\u0131n\u0131 anlamak, belirli ihtiya\u00e7lar i\u00e7in en iyi \u00fcr\u00fcn\u00fcn se\u00e7ilmesinde yard\u0131mc\u0131 olacakt\u0131r. <\/p>\n<h2>Teklifimizde bulunan sodyum hiyal\u00fcronat formlar\u0131:<\/h2>\n<p><strong>LMW (D\u00fc\u015f\u00fck Molek\u00fcler A\u011f\u0131rl\u0131k):<\/strong><\/p>\n<ul>\n<li>LMW1: 8K Da\u201320K Da<\/li>\n<li>LMW2: 20K Da\u201350K Da<\/li>\n<li>LMW3: 50K Da\u2013100K Da<\/li>\n<\/ul>\n<p>Bu molek\u00fcller daha k\u00fc\u00e7\u00fckt\u00fcr, bu da cildin derin katmanlar\u0131na n\u00fcfuz etmelerini kolayla\u015ft\u0131r\u0131r, yo\u011fun nemlendirme ve v\u00fccudun kendi hiyal\u00fcronik asit \u00fcretiminin stim\u00fclasyonunu sa\u011flar.<\/p>\n<p><strong>CLMW (\u00c7apraz Ba\u011fl\u0131 D\u00fc\u015f\u00fck Molek\u00fcler A\u011f\u0131rl\u0131k):<\/strong><\/p>\n<ul>\n<li>100K~500K Da<\/li>\n<\/ul>\n<p>Ciltte nemi daha uzun s\u00fcre tutan, uzun s\u00fcreli nemlendirici etkiler sa\u011flayan daha g\u00fc\u00e7l\u00fc ve dayan\u0131kl\u0131 molek\u00fcler a\u011flar olu\u015fturur.<\/p>\n<p><strong>CMMW (Orta Molek\u00fcler A\u011f\u0131rl\u0131k):<\/strong><\/p>\n<ul>\n<li>0.5M~0.8M Da<\/li>\n<\/ul>\n<p>Penetrasyon ve uzun s\u00fcreli nemlendirme aras\u0131nda ideal denge, cildin elastikiyetini ve rejenerasyon kabiliyetini destekler.<\/p>\n<p><strong>MMW (Orta-Y\u00fcksek Molek\u00fcler A\u011f\u0131rl\u0131k):<\/strong><\/p>\n<ul>\n<li>0.8M~1.5M Da<\/li>\n<\/ul>\n<p>Cilt y\u00fczeyinde konsantre etki g\u00f6stererek zararl\u0131 d\u0131\u015f etkenlerden koruyucu bariyer olu\u015fturur.<\/p>\n<p><strong>CHMW (\u00c7apraz Ba\u011fl\u0131 Y\u00fcksek Molek\u00fcler A\u011f\u0131rl\u0131k):<\/strong><\/p>\n<ul>\n<li>1.5M~1.8M Da<\/li>\n<\/ul>\n<p>Ortopedik ve oftalmolojik \u00fcr\u00fcnlerde \u00f6zellikle de\u011ferli olan ola\u011fan\u00fcst\u00fc viskoelastik \u00f6zellikler sa\u011flar.<\/p>\n<p><strong>HMW (Y\u00fcksek Molek\u00fcler A\u011f\u0131rl\u0131k):<\/strong><\/p>\n<ul>\n<li>1.8M~3.0M Da<\/li>\n<\/ul>\n<p>En b\u00fcy\u00fck koruma ve en g\u00fc\u00e7l\u00fc film olu\u015fturucu \u00f6zellikler sunar, \u00e7ok kuru ve hasarl\u0131 cilt i\u00e7in ideal uygulamalard\u0131r.<\/p>\n<h2>Sodyum hiyal\u00fcronat\u0131n kullan\u0131m alanlar\u0131:<\/h2>\n<ol>\n<li><strong>Kozmetik:<\/strong>\n<ul>\n<li>Krem, balsam, serum ve maskelere katk\u0131 maddesi olarak sodyum hiyal\u00fcronat yo\u011fun nemlendirme sa\u011flar, p\u00fcr\u00fczs\u00fczle\u015ftirir ve cildin genel durumunu iyile\u015ftirir.<\/li>\n<li>Ayr\u0131ca ya\u015flanma kar\u015f\u0131t\u0131 \u00fcr\u00fcnlerde kullan\u0131larak ince \u00e7izgi ve k\u0131r\u0131\u015f\u0131kl\u0131klar\u0131n azalt\u0131lmas\u0131n\u0131 destekler.<\/li>\n<\/ul>\n<\/li>\n<li><strong>Estetik t\u0131p ve ortopedi:<\/strong>\n<ul>\n<li>Eklem rahats\u0131zl\u0131klar\u0131n\u0131 hafifletici preparatlar\u0131n bile\u015feni olarak.<\/li>\n<li>Viskoelastik \u00f6zellikleri sayesinde g\u00f6z ameliyatlar\u0131nda ve romatizmal hastal\u0131klar\u0131n tedavisinde de kullan\u0131lmaktad\u0131r.<\/li>\n<\/ul>\n<\/li>\n<li><strong>Farmas\u00f6tik uygulamalar:<\/strong>\n<ul>\n<li>G\u00f6z preparatlar\u0131nda ve yara iyile\u015fmesini destekleyici \u00fcr\u00fcnlerde.<\/li>\n<\/ul>\n<\/li>\n<\/ol>\n<p>Sodyum hiyal\u00fcronat, \u00e7ok y\u00f6nl\u00fc etkisi sayesinde sadece etkili bir kozmetik bile\u015feni de\u011fil, ayn\u0131 zamanda t\u0131pta de\u011ferli bir bile\u015fiktir. Farkl\u0131 molek\u00fcler a\u011f\u0131rl\u0131klara sahip \u00fcr\u00fcnler, etki etkisinin belirli ihtiya\u00e7lara uyarlanmas\u0131na olanak tan\u0131r, hem an\u0131nda nemlendirme hem de uzun s\u00fcreli anti-aging etkiler sa\u011flar. <\/p>\n<p>Ayr\u0131ca bak\u0131n\u0131z: <strong><a href=\"https:\/\/naturalpoland.com\/tr\/urunler\/kozmetik-hammaddeleri\/kozmetik-hammaddeleri-2\/hyaluronik-asit-cozeltisi-hyaluronik-jel\/\">Hiyal\u00fcronik asit \u00e7\u00f6zeltisi (Hiyal\u00fcronik jel) &#8211; Mevcut konsantrasyonlar: %1, %1,5, %3, %5, %7.<\/a><\/strong><\/p>\n<p>&nbsp;<\/p>\n<h2>G\u0131da s\u0131n\u0131f\u0131 sodyum hiyal\u00fcronat (Food Grade MMW)<\/h2>\n<p>G\u0131da s\u0131n\u0131f\u0131 sodium hyaluronate orta molek\u00fcler a\u011f\u0131rl\u0131\u011fa 0,8\u20131,5 MDa sahiptir. <em>Streptococcus zooepidemicus<\/em> fermentasyonundan elde edilir. Hiyal\u00fcronik asidin tuzudur. <\/p>\n<p>Suda m\u00fckemmel \u00e7\u00f6z\u00fcn\u00fcrl\u00fck, kokusuzluk ve \u00e7ok y\u00fcksek \u00e7\u00f6zelti berrakl\u0131\u011f\u0131 ile karakterize edilir. Minimum %95 saf sodyum hiyal\u00fcronat ve en az %46 gl\u00fckuronik asit i\u00e7erir, bunlar kilit biyolojik aktif bile\u015fenlerdir. Y\u00fcksek termal stabiliteye sahiptir, GMO i\u00e7ermez, hayvansal k\u00f6kenli de\u011fildir ve vegan ve vejetaryenler i\u00e7in gereksinimlere uygundur.  <\/p>\n<p><strong data-start=\"182\" data-end=\"237\">G\u0131da ama\u00e7l\u0131 hiyal\u00fcronik asit (sodyum tuzu formunda)<\/strong> diyet takviyeleri, nutras\u00f6tik \u00fcr\u00fcnler ve sa\u011fl\u0131k destekleyici g\u0131dalarda kullan\u0131lmaktad\u0131r. T\u00fcketim sonras\u0131 v\u00fccuttaki hiyal\u00fcronik asit seviyesini art\u0131rabilir, cildin nemlendirilmesi, elastikiyeti ve yumu\u015fakl\u0131\u011f\u0131 \u00fczerinde olumlu etki g\u00f6sterir. Ayr\u0131ca eklemler \u00fczerinde koruyucu etki g\u00f6sterir, ya\u015flanma s\u00fcre\u00e7lerini geciktirir, ateroskleroz profilaksisini destekler ve n\u00f6roprotektif \u00f6zellikler g\u00f6sterebilir. A\u011f\u0131zdan al\u0131m ayr\u0131ca dola\u015f\u0131m sistemi fonksiyonlar\u0131n\u0131 destekler ve beyin dejeneratif de\u011fi\u015fikliklerini \u00f6nleyebilir.   <\/p>\n<p>\u00dcr\u00fcn h\u0131zl\u0131 \u00e7\u00f6z\u00fcnme, y\u0131\u011f\u0131n yo\u011funlu\u011fu kontrol\u00fc imkan\u0131 ve y\u00fcksek mikrobiyolojik safl\u0131k ile \u00f6ne \u00e7\u0131kmaktad\u0131r. Kaps\u00fcl, toz ve tabletlerde aktif nemlendirici ve doku rejenerasyonunu destekleyici bile\u015fen olarak kullan\u0131m i\u00e7in \u00f6nerilmektedir. <\/p>\n","protected":false},"excerpt":{"rendered":"<h4><strong>Sodyum hiyal\u00fcronat<\/strong>, <strong>hiyal\u00fcronik asit<\/strong> olarak da bilinen, sa\u011fl\u0131k ve g\u00fczelli\u011fi destekleyen \u00e7ok fonksiyonlu bir bile\u015fendir.<\/h4>\n","protected":false},"featured_media":44367,"template":"","meta":{"_acf_changed":false},"product_brand":[],"product_cat":[9540,9557],"product_tag":[],"class_list":{"0":"post-44364","1":"product","2":"type-product","3":"status-publish","4":"has-post-thumbnail","6":"product_cat-takviye-edici-gida-bilesenleri","7":"product_cat-kozmetik-hammaddeleri-2","9":"first","10":"instock","11":"shipping-taxable","12":"product-type-simple"},"acf":[],"yoast_head":"<!-- This site is optimized with the Yoast SEO plugin v27.5 - https:\/\/yoast.com\/product\/yoast-seo-wordpress\/ -->\n<title>Sodyum Hiyal\u00fcronat - NATURAL POLAND - Hurtowy Dystrybutor Surowc\u00f3w<\/title>\n<meta name=\"description\" content=\"Sodyum hiyal\u00fcronat, hiyal\u00fcronik asit olarak da bilinen, sa\u011fl\u0131k ve g\u00fczelli\u011fi destekleyen vazge\u00e7ilmez bir bile\u015fen olan \u00e7ok fonksiyonlu bir maddedir.\" \/>\n<meta name=\"robots\" content=\"index, follow, max-snippet:-1, max-image-preview:large, max-video-preview:-1\" \/>\n<link rel=\"canonical\" href=\"https:\/\/naturalpoland.com\/tr\/urunler\/kozmetik-hammaddeleri\/kozmetik-hammaddeleri-2\/sodyum-hiyaluronat\/\" \/>\n<meta property=\"og:locale\" content=\"tr_TR\" \/>\n<meta property=\"og:type\" content=\"article\" \/>\n<meta property=\"og:title\" content=\"Sodyum Hiyal\u00fcronat - NATURAL POLAND - Hurtowy Dystrybutor Surowc\u00f3w\" \/>\n<meta property=\"og:description\" content=\"Sodyum hiyal\u00fcronat, hiyal\u00fcronik asit olarak da bilinen, sa\u011fl\u0131k ve g\u00fczelli\u011fi destekleyen vazge\u00e7ilmez bir bile\u015fen olan \u00e7ok fonksiyonlu bir maddedir.\" \/>\n<meta property=\"og:url\" content=\"https:\/\/naturalpoland.com\/tr\/urunler\/kozmetik-hammaddeleri\/kozmetik-hammaddeleri-2\/sodyum-hiyaluronat\/\" \/>\n<meta property=\"og:site_name\" content=\"NATURAL POLAND - Hurtowy Dystrybutor Surowc\u00f3w\" \/>\n<meta property=\"article:publisher\" content=\"https:\/\/www.facebook.com\/naturalpoland.b2b\" \/>\n<meta property=\"article:modified_time\" content=\"2026-02-05T11:10:16+00:00\" \/>\n<meta property=\"og:image\" content=\"https:\/\/naturalpoland.com\/wp-content\/uploads\/hialuronian-sodu.webp\" \/>\n\t<meta property=\"og:image:width\" content=\"590\" \/>\n\t<meta property=\"og:image:height\" content=\"590\" \/>\n\t<meta property=\"og:image:type\" content=\"image\/webp\" \/>\n<script type=\"application\/ld+json\" class=\"yoast-schema-graph\">{\"@context\":\"https:\\\/\\\/schema.org\",\"@graph\":[{\"@type\":\"WebPage\",\"@id\":\"https:\\\/\\\/naturalpoland.com\\\/tr\\\/urunler\\\/kozmetik-hammaddeleri\\\/kozmetik-hammaddeleri-2\\\/sodyum-hiyaluronat\\\/\",\"url\":\"https:\\\/\\\/naturalpoland.com\\\/tr\\\/urunler\\\/kozmetik-hammaddeleri\\\/kozmetik-hammaddeleri-2\\\/sodyum-hiyaluronat\\\/\",\"name\":\"Sodyum Hiyal\u00fcronat - NATURAL POLAND - Hurtowy Dystrybutor Surowc\u00f3w\",\"isPartOf\":{\"@id\":\"https:\\\/\\\/naturalpoland.com\\\/tr\\\/#website\"},\"primaryImageOfPage\":{\"@id\":\"https:\\\/\\\/naturalpoland.com\\\/tr\\\/urunler\\\/kozmetik-hammaddeleri\\\/kozmetik-hammaddeleri-2\\\/sodyum-hiyaluronat\\\/#primaryimage\"},\"image\":{\"@id\":\"https:\\\/\\\/naturalpoland.com\\\/tr\\\/urunler\\\/kozmetik-hammaddeleri\\\/kozmetik-hammaddeleri-2\\\/sodyum-hiyaluronat\\\/#primaryimage\"},\"thumbnailUrl\":\"https:\\\/\\\/naturalpoland.com\\\/wp-content\\\/uploads\\\/hialuronian-sodu.webp\",\"datePublished\":\"2021-05-11T11:44:59+00:00\",\"dateModified\":\"2026-02-05T11:10:16+00:00\",\"description\":\"Sodyum hiyal\u00fcronat, hiyal\u00fcronik asit olarak da bilinen, sa\u011fl\u0131k ve g\u00fczelli\u011fi destekleyen vazge\u00e7ilmez bir bile\u015fen olan \u00e7ok fonksiyonlu bir maddedir.\",\"breadcrumb\":{\"@id\":\"https:\\\/\\\/naturalpoland.com\\\/tr\\\/urunler\\\/kozmetik-hammaddeleri\\\/kozmetik-hammaddeleri-2\\\/sodyum-hiyaluronat\\\/#breadcrumb\"},\"inLanguage\":\"tr\",\"potentialAction\":[{\"@type\":\"ReadAction\",\"target\":[\"https:\\\/\\\/naturalpoland.com\\\/tr\\\/urunler\\\/kozmetik-hammaddeleri\\\/kozmetik-hammaddeleri-2\\\/sodyum-hiyaluronat\\\/\"]}]},{\"@type\":\"ImageObject\",\"inLanguage\":\"tr\",\"@id\":\"https:\\\/\\\/naturalpoland.com\\\/tr\\\/urunler\\\/kozmetik-hammaddeleri\\\/kozmetik-hammaddeleri-2\\\/sodyum-hiyaluronat\\\/#primaryimage\",\"url\":\"https:\\\/\\\/naturalpoland.com\\\/wp-content\\\/uploads\\\/hialuronian-sodu.webp\",\"contentUrl\":\"https:\\\/\\\/naturalpoland.com\\\/wp-content\\\/uploads\\\/hialuronian-sodu.webp\",\"width\":590,\"height\":590,\"caption\":\"sodyum hiyal\u00fcronat\"},{\"@type\":\"BreadcrumbList\",\"@id\":\"https:\\\/\\\/naturalpoland.com\\\/tr\\\/urunler\\\/kozmetik-hammaddeleri\\\/kozmetik-hammaddeleri-2\\\/sodyum-hiyaluronat\\\/#breadcrumb\",\"itemListElement\":[{\"@type\":\"ListItem\",\"position\":1,\"name\":\"Ana Sayfa\",\"item\":\"https:\\\/\\\/naturalpoland.com\\\/tr\\\/\"},{\"@type\":\"ListItem\",\"position\":2,\"name\":\"\u00dcr\u00fcnler\",\"item\":\"https:\\\/\\\/naturalpoland.com\\\/tr\\\/urunler\\\/\"},{\"@type\":\"ListItem\",\"position\":3,\"name\":\"Sodyum Hiyal\u00fcronat\"}]},{\"@type\":\"WebSite\",\"@id\":\"https:\\\/\\\/naturalpoland.com\\\/tr\\\/#website\",\"url\":\"https:\\\/\\\/naturalpoland.com\\\/tr\\\/\",\"name\":\"NATURAL POLAND - Hurtowy Dystrybutor Surowc\u00f3w\",\"description\":\"Surowce dla przemys\u0142u spo\u017cywczego, kosmetycznego i farmaceutycznego\",\"publisher\":{\"@id\":\"https:\\\/\\\/naturalpoland.com\\\/tr\\\/#organization\"},\"potentialAction\":[{\"@type\":\"SearchAction\",\"target\":{\"@type\":\"EntryPoint\",\"urlTemplate\":\"https:\\\/\\\/naturalpoland.com\\\/tr\\\/?s={search_term_string}\"},\"query-input\":{\"@type\":\"PropertyValueSpecification\",\"valueRequired\":true,\"valueName\":\"search_term_string\"}}],\"inLanguage\":\"tr\"},{\"@type\":\"Organization\",\"@id\":\"https:\\\/\\\/naturalpoland.com\\\/tr\\\/#organization\",\"name\":\"Natural Poland\",\"url\":\"https:\\\/\\\/naturalpoland.com\\\/tr\\\/\",\"logo\":{\"@type\":\"ImageObject\",\"inLanguage\":\"tr\",\"@id\":\"https:\\\/\\\/naturalpoland.com\\\/tr\\\/#\\\/schema\\\/logo\\\/image\\\/\",\"url\":\"https:\\\/\\\/naturalpoland.com\\\/wp-content\\\/uploads\\\/2021\\\/05\\\/natural-poland-icon.png\",\"contentUrl\":\"https:\\\/\\\/naturalpoland.com\\\/wp-content\\\/uploads\\\/2021\\\/05\\\/natural-poland-icon.png\",\"width\":512,\"height\":512,\"caption\":\"Natural Poland\"},\"image\":{\"@id\":\"https:\\\/\\\/naturalpoland.com\\\/tr\\\/#\\\/schema\\\/logo\\\/image\\\/\"},\"sameAs\":[\"https:\\\/\\\/www.facebook.com\\\/naturalpoland.b2b\",\"https:\\\/\\\/pl.linkedin.com\\\/company\\\/natural-poland\",\"https:\\\/\\\/www.youtube.com\\\/channel\\\/UCgeGGkvOMahZo-xu_MSEWxg\"]}]}<\/script>\n<!-- \/ Yoast SEO plugin. -->","yoast_head_json":{"title":"Sodyum Hiyal\u00fcronat - NATURAL POLAND - Hurtowy Dystrybutor Surowc\u00f3w","description":"Sodyum hiyal\u00fcronat, hiyal\u00fcronik asit olarak da bilinen, sa\u011fl\u0131k ve g\u00fczelli\u011fi destekleyen vazge\u00e7ilmez bir bile\u015fen olan \u00e7ok fonksiyonlu bir maddedir.","robots":{"index":"index","follow":"follow","max-snippet":"max-snippet:-1","max-image-preview":"max-image-preview:large","max-video-preview":"max-video-preview:-1"},"canonical":"https:\/\/naturalpoland.com\/tr\/urunler\/kozmetik-hammaddeleri\/kozmetik-hammaddeleri-2\/sodyum-hiyaluronat\/","og_locale":"tr_TR","og_type":"article","og_title":"Sodyum Hiyal\u00fcronat - NATURAL POLAND - Hurtowy Dystrybutor Surowc\u00f3w","og_description":"Sodyum hiyal\u00fcronat, hiyal\u00fcronik asit olarak da bilinen, sa\u011fl\u0131k ve g\u00fczelli\u011fi destekleyen vazge\u00e7ilmez bir bile\u015fen olan \u00e7ok fonksiyonlu bir maddedir.","og_url":"https:\/\/naturalpoland.com\/tr\/urunler\/kozmetik-hammaddeleri\/kozmetik-hammaddeleri-2\/sodyum-hiyaluronat\/","og_site_name":"NATURAL POLAND - Hurtowy Dystrybutor Surowc\u00f3w","article_publisher":"https:\/\/www.facebook.com\/naturalpoland.b2b","article_modified_time":"2026-02-05T11:10:16+00:00","og_image":[{"width":590,"height":590,"url":"https:\/\/naturalpoland.com\/wp-content\/uploads\/hialuronian-sodu.webp","type":"image\/webp"}],"schema":{"@context":"https:\/\/schema.org","@graph":[{"@type":"WebPage","@id":"https:\/\/naturalpoland.com\/tr\/urunler\/kozmetik-hammaddeleri\/kozmetik-hammaddeleri-2\/sodyum-hiyaluronat\/","url":"https:\/\/naturalpoland.com\/tr\/urunler\/kozmetik-hammaddeleri\/kozmetik-hammaddeleri-2\/sodyum-hiyaluronat\/","name":"Sodyum Hiyal\u00fcronat - NATURAL POLAND - Hurtowy Dystrybutor Surowc\u00f3w","isPartOf":{"@id":"https:\/\/naturalpoland.com\/tr\/#website"},"primaryImageOfPage":{"@id":"https:\/\/naturalpoland.com\/tr\/urunler\/kozmetik-hammaddeleri\/kozmetik-hammaddeleri-2\/sodyum-hiyaluronat\/#primaryimage"},"image":{"@id":"https:\/\/naturalpoland.com\/tr\/urunler\/kozmetik-hammaddeleri\/kozmetik-hammaddeleri-2\/sodyum-hiyaluronat\/#primaryimage"},"thumbnailUrl":"https:\/\/naturalpoland.com\/wp-content\/uploads\/hialuronian-sodu.webp","datePublished":"2021-05-11T11:44:59+00:00","dateModified":"2026-02-05T11:10:16+00:00","description":"Sodyum hiyal\u00fcronat, hiyal\u00fcronik asit olarak da bilinen, sa\u011fl\u0131k ve g\u00fczelli\u011fi destekleyen vazge\u00e7ilmez bir bile\u015fen olan \u00e7ok fonksiyonlu bir maddedir.","breadcrumb":{"@id":"https:\/\/naturalpoland.com\/tr\/urunler\/kozmetik-hammaddeleri\/kozmetik-hammaddeleri-2\/sodyum-hiyaluronat\/#breadcrumb"},"inLanguage":"tr","potentialAction":[{"@type":"ReadAction","target":["https:\/\/naturalpoland.com\/tr\/urunler\/kozmetik-hammaddeleri\/kozmetik-hammaddeleri-2\/sodyum-hiyaluronat\/"]}]},{"@type":"ImageObject","inLanguage":"tr","@id":"https:\/\/naturalpoland.com\/tr\/urunler\/kozmetik-hammaddeleri\/kozmetik-hammaddeleri-2\/sodyum-hiyaluronat\/#primaryimage","url":"https:\/\/naturalpoland.com\/wp-content\/uploads\/hialuronian-sodu.webp","contentUrl":"https:\/\/naturalpoland.com\/wp-content\/uploads\/hialuronian-sodu.webp","width":590,"height":590,"caption":"sodyum hiyal\u00fcronat"},{"@type":"BreadcrumbList","@id":"https:\/\/naturalpoland.com\/tr\/urunler\/kozmetik-hammaddeleri\/kozmetik-hammaddeleri-2\/sodyum-hiyaluronat\/#breadcrumb","itemListElement":[{"@type":"ListItem","position":1,"name":"Ana Sayfa","item":"https:\/\/naturalpoland.com\/tr\/"},{"@type":"ListItem","position":2,"name":"\u00dcr\u00fcnler","item":"https:\/\/naturalpoland.com\/tr\/urunler\/"},{"@type":"ListItem","position":3,"name":"Sodyum Hiyal\u00fcronat"}]},{"@type":"WebSite","@id":"https:\/\/naturalpoland.com\/tr\/#website","url":"https:\/\/naturalpoland.com\/tr\/","name":"NATURAL POLAND - Hurtowy Dystrybutor Surowc\u00f3w","description":"Surowce dla przemys\u0142u spo\u017cywczego, kosmetycznego i farmaceutycznego","publisher":{"@id":"https:\/\/naturalpoland.com\/tr\/#organization"},"potentialAction":[{"@type":"SearchAction","target":{"@type":"EntryPoint","urlTemplate":"https:\/\/naturalpoland.com\/tr\/?s={search_term_string}"},"query-input":{"@type":"PropertyValueSpecification","valueRequired":true,"valueName":"search_term_string"}}],"inLanguage":"tr"},{"@type":"Organization","@id":"https:\/\/naturalpoland.com\/tr\/#organization","name":"Natural Poland","url":"https:\/\/naturalpoland.com\/tr\/","logo":{"@type":"ImageObject","inLanguage":"tr","@id":"https:\/\/naturalpoland.com\/tr\/#\/schema\/logo\/image\/","url":"https:\/\/naturalpoland.com\/wp-content\/uploads\/2021\/05\/natural-poland-icon.png","contentUrl":"https:\/\/naturalpoland.com\/wp-content\/uploads\/2021\/05\/natural-poland-icon.png","width":512,"height":512,"caption":"Natural Poland"},"image":{"@id":"https:\/\/naturalpoland.com\/tr\/#\/schema\/logo\/image\/"},"sameAs":["https:\/\/www.facebook.com\/naturalpoland.b2b","https:\/\/pl.linkedin.com\/company\/natural-poland","https:\/\/www.youtube.com\/channel\/UCgeGGkvOMahZo-xu_MSEWxg"]}]}},"_links":{"self":[{"href":"https:\/\/naturalpoland.com\/tr\/wp-json\/wp\/v2\/product\/44364","targetHints":{"allow":["GET"]}}],"collection":[{"href":"https:\/\/naturalpoland.com\/tr\/wp-json\/wp\/v2\/product"}],"about":[{"href":"https:\/\/naturalpoland.com\/tr\/wp-json\/wp\/v2\/types\/product"}],"wp:featuredmedia":[{"embeddable":true,"href":"https:\/\/naturalpoland.com\/tr\/wp-json\/wp\/v2\/media\/44367"}],"wp:attachment":[{"href":"https:\/\/naturalpoland.com\/tr\/wp-json\/wp\/v2\/media?parent=44364"}],"wp:term":[{"taxonomy":"product_brand","embeddable":true,"href":"https:\/\/naturalpoland.com\/tr\/wp-json\/wp\/v2\/product_brand?post=44364"},{"taxonomy":"product_cat","embeddable":true,"href":"https:\/\/naturalpoland.com\/tr\/wp-json\/wp\/v2\/product_cat?post=44364"},{"taxonomy":"product_tag","embeddable":true,"href":"https:\/\/naturalpoland.com\/tr\/wp-json\/wp\/v2\/product_tag?post=44364"}],"curies":[{"name":"wp","href":"https:\/\/api.w.org\/{rel}","templated":true}]}}