{"id":44368,"date":"2024-03-26T08:23:36","date_gmt":"2024-03-26T07:23:36","guid":{"rendered":"https:\/\/naturalpoland.com\/produkty\/kategorilenmemis\/akkermansia-muciniphila-akk11\/"},"modified":"2026-01-15T12:26:47","modified_gmt":"2026-01-15T11:26:47","slug":"akkermansia-muciniphila-akk11","status":"publish","type":"product","link":"https:\/\/naturalpoland.com\/tr\/urunler\/kozmetik-hammaddeleri\/probiyotikler\/akkermansia-muciniphila-akk11\/","title":{"rendered":"Akkermansia Muciniphila Akk11"},"content":{"rendered":"<p><strong>Akkermansia Muciniphila Akk11<\/strong> bakteri su\u015fu, organizman\u0131n biyolojik bariyerleri ve mikrobiyom ile etkile\u015fimleri ba\u011flam\u0131nda yo\u011fun bilimsel ara\u015ft\u0131rmalara konu olan bakteri grubuna aittir.<\/p>\n<p>\u00dcr\u00fcn, al\u0131c\u0131n\u0131n faaliyet profiline ba\u011fl\u0131 olarak ileri ara\u015ft\u0131rma-geli\u015ftirme, uygulama ve form\u00fclasyon \u00e7al\u0131\u015fmalar\u0131 i\u00e7in tasarlanm\u0131\u015f stabil, kuru bakteriyel biyok\u00fctle formunda sunulmaktad\u0131r.<\/p>\n<h2>Kozmetikte \u00d6zellikler ve Etki<\/h2>\n<p>Akkermansia muciniphila bilimsel literat\u00fcrde, \u00f6zellikle <strong>mikrobiyolojik dengenin korunmas\u0131<\/strong> ve <strong>biyolojik bariyerlerin b\u00fct\u00fcnl\u00fc\u011f\u00fc<\/strong> konular\u0131ndaki rol\u00fc a\u00e7\u0131s\u0131ndan geni\u015f \u00e7apta tan\u0131mlanmaktad\u0131r. Bu nedenle bu su\u015f sadece g\u0131da sekt\u00f6r\u00fcnde de\u011fil, mikrobiyom ve t\u00fcrevleri \u00fczerine yap\u0131lan di\u011fer ara\u015ft\u0131rma alanlar\u0131nda da ilgi \u00e7ekmektedir. <\/p>\n<p>Son y\u0131llarda mikrobiyolojik bile\u015fenler ve t\u00fcrevlerine olan ilgi, suplementasyon ile do\u011frudan ilgili olmayan sekt\u00f6rlerde de artmaktad\u0131r; bu da mikrobiyomdan ilham alan yeni nesil hammaddeler \u00fczerine kavramsal projeler ve ara\u015ft\u0131rmalar\u0131 i\u00e7ermektedir.<\/p>\n<p>Benimsenen stratejiye ve d\u00fczenleyici \u00e7er\u00e7evelere ba\u011fl\u0131 olarak, Akkermansia muciniphila Akk11 a\u015fa\u011f\u0131daki konularda ileri \u00e7al\u0131\u015fmalar i\u00e7in ba\u015flang\u0131\u00e7 noktas\u0131 olu\u015fturabilir:<\/p>\n<ul>\n<li>mikrobiyomdan ilham alan hammaddeler,<\/li>\n<li>biyoteknolojik bile\u015fenler,<\/li>\n<li>mikroorganizma fraksiyonlar\u0131, metabolitleri veya t\u00fcrevleri,<\/li>\n<li>mikrobiyoloji ve biyolojik bariyerler biliminin sinerjisine dayanan form\u00fclasyon konseptleri.<\/li>\n<\/ul>\n<p>Hammaddenin kullan\u0131m kapsam\u0131 ve y\u00f6ntemi, al\u0131c\u0131n\u0131n i\u015f modeli ve hedef pazar\u0131na ba\u011fl\u0131d\u0131r.<\/p>\n","protected":false},"excerpt":{"rendered":"<p><strong>Akkermansia muciniphila Akk11<\/strong>, kontroll\u00fc fermentasyon ve liyofilizasyon s\u00fcre\u00e7leri kullan\u0131larak elde edilen modern bir mikrobiyolojik hammaddedir.<\/p>\n","protected":false},"featured_media":44369,"template":"","meta":{"_acf_changed":false},"product_brand":[],"product_cat":[9555],"product_tag":[],"class_list":{"0":"post-44368","1":"product","2":"type-product","3":"status-publish","4":"has-post-thumbnail","6":"product_cat-probiyotikler","7":"pa_grupa-substancji-probiyotik-bakteriler","9":"first","10":"instock","11":"shipping-taxable","12":"product-type-simple"},"acf":[],"yoast_head":"<!-- This site is optimized with the Yoast SEO plugin v27.6 - https:\/\/yoast.com\/product\/yoast-seo-wordpress\/ -->\n<title>Akkermansia Muciniphila Akk11 - NATURAL POLAND - Hurtowy Dystrybutor Surowc\u00f3w<\/title>\n<meta name=\"description\" content=\"Akkermansia muciniphila Akk11, kontroll\u00fc fermentasyon ve liyofilizasyon s\u00fcre\u00e7leri kullan\u0131larak elde edilen modern bir mikrobiyolojik hammaddedir.\" \/>\n<meta name=\"robots\" content=\"index, follow, max-snippet:-1, max-image-preview:large, max-video-preview:-1\" \/>\n<link rel=\"canonical\" href=\"https:\/\/naturalpoland.com\/tr\/urunler\/kozmetik-hammaddeleri\/probiyotikler\/akkermansia-muciniphila-akk11\/\" \/>\n<meta property=\"og:locale\" content=\"tr_TR\" \/>\n<meta property=\"og:type\" content=\"article\" \/>\n<meta property=\"og:title\" content=\"Akkermansia Muciniphila Akk11 - NATURAL POLAND - Hurtowy Dystrybutor Surowc\u00f3w\" \/>\n<meta property=\"og:description\" content=\"Akkermansia muciniphila Akk11, kontroll\u00fc fermentasyon ve liyofilizasyon s\u00fcre\u00e7leri kullan\u0131larak elde edilen modern bir mikrobiyolojik hammaddedir.\" \/>\n<meta property=\"og:url\" content=\"https:\/\/naturalpoland.com\/tr\/urunler\/kozmetik-hammaddeleri\/probiyotikler\/akkermansia-muciniphila-akk11\/\" \/>\n<meta property=\"og:site_name\" content=\"NATURAL POLAND - Hurtowy Dystrybutor Surowc\u00f3w\" \/>\n<meta property=\"article:publisher\" content=\"https:\/\/www.facebook.com\/naturalpoland.b2b\" \/>\n<meta property=\"article:modified_time\" content=\"2026-01-15T11:26:47+00:00\" \/>\n<meta property=\"og:image\" content=\"https:\/\/naturalpoland.com\/wp-content\/uploads\/akkermansia-muciniphila.webp\" \/>\n\t<meta property=\"og:image:width\" content=\"1024\" \/>\n\t<meta property=\"og:image:height\" content=\"1024\" \/>\n\t<meta property=\"og:image:type\" content=\"image\/webp\" \/>\n<script type=\"application\/ld+json\" class=\"yoast-schema-graph\">{\"@context\":\"https:\\\/\\\/schema.org\",\"@graph\":[{\"@type\":\"WebPage\",\"@id\":\"https:\\\/\\\/naturalpoland.com\\\/tr\\\/urunler\\\/kozmetik-hammaddeleri\\\/probiyotikler\\\/akkermansia-muciniphila-akk11\\\/\",\"url\":\"https:\\\/\\\/naturalpoland.com\\\/tr\\\/urunler\\\/kozmetik-hammaddeleri\\\/probiyotikler\\\/akkermansia-muciniphila-akk11\\\/\",\"name\":\"Akkermansia Muciniphila Akk11 - NATURAL POLAND - Hurtowy Dystrybutor Surowc\u00f3w\",\"isPartOf\":{\"@id\":\"https:\\\/\\\/naturalpoland.com\\\/tr\\\/#website\"},\"primaryImageOfPage\":{\"@id\":\"https:\\\/\\\/naturalpoland.com\\\/tr\\\/urunler\\\/kozmetik-hammaddeleri\\\/probiyotikler\\\/akkermansia-muciniphila-akk11\\\/#primaryimage\"},\"image\":{\"@id\":\"https:\\\/\\\/naturalpoland.com\\\/tr\\\/urunler\\\/kozmetik-hammaddeleri\\\/probiyotikler\\\/akkermansia-muciniphila-akk11\\\/#primaryimage\"},\"thumbnailUrl\":\"https:\\\/\\\/naturalpoland.com\\\/wp-content\\\/uploads\\\/akkermansia-muciniphila.webp\",\"datePublished\":\"2024-03-26T07:23:36+00:00\",\"dateModified\":\"2026-01-15T11:26:47+00:00\",\"description\":\"Akkermansia muciniphila Akk11, kontroll\u00fc fermentasyon ve liyofilizasyon s\u00fcre\u00e7leri kullan\u0131larak elde edilen modern bir mikrobiyolojik hammaddedir.\",\"breadcrumb\":{\"@id\":\"https:\\\/\\\/naturalpoland.com\\\/tr\\\/urunler\\\/kozmetik-hammaddeleri\\\/probiyotikler\\\/akkermansia-muciniphila-akk11\\\/#breadcrumb\"},\"inLanguage\":\"tr\",\"potentialAction\":[{\"@type\":\"ReadAction\",\"target\":[\"https:\\\/\\\/naturalpoland.com\\\/tr\\\/urunler\\\/kozmetik-hammaddeleri\\\/probiyotikler\\\/akkermansia-muciniphila-akk11\\\/\"]}]},{\"@type\":\"ImageObject\",\"inLanguage\":\"tr\",\"@id\":\"https:\\\/\\\/naturalpoland.com\\\/tr\\\/urunler\\\/kozmetik-hammaddeleri\\\/probiyotikler\\\/akkermansia-muciniphila-akk11\\\/#primaryimage\",\"url\":\"https:\\\/\\\/naturalpoland.com\\\/wp-content\\\/uploads\\\/akkermansia-muciniphila.webp\",\"contentUrl\":\"https:\\\/\\\/naturalpoland.com\\\/wp-content\\\/uploads\\\/akkermansia-muciniphila.webp\",\"width\":1024,\"height\":1024,\"caption\":\"Akkermansia muciniphila\"},{\"@type\":\"BreadcrumbList\",\"@id\":\"https:\\\/\\\/naturalpoland.com\\\/tr\\\/urunler\\\/kozmetik-hammaddeleri\\\/probiyotikler\\\/akkermansia-muciniphila-akk11\\\/#breadcrumb\",\"itemListElement\":[{\"@type\":\"ListItem\",\"position\":1,\"name\":\"Ana Sayfa\",\"item\":\"https:\\\/\\\/naturalpoland.com\\\/tr\\\/\"},{\"@type\":\"ListItem\",\"position\":2,\"name\":\"\u00dcr\u00fcnler\",\"item\":\"https:\\\/\\\/naturalpoland.com\\\/tr\\\/urunler\\\/\"},{\"@type\":\"ListItem\",\"position\":3,\"name\":\"Akkermansia Muciniphila Akk11\"}]},{\"@type\":\"WebSite\",\"@id\":\"https:\\\/\\\/naturalpoland.com\\\/tr\\\/#website\",\"url\":\"https:\\\/\\\/naturalpoland.com\\\/tr\\\/\",\"name\":\"NATURAL POLAND - Hurtowy Dystrybutor Surowc\u00f3w\",\"description\":\"Surowce dla przemys\u0142u spo\u017cywczego, kosmetycznego i farmaceutycznego\",\"publisher\":{\"@id\":\"https:\\\/\\\/naturalpoland.com\\\/tr\\\/#organization\"},\"potentialAction\":[{\"@type\":\"SearchAction\",\"target\":{\"@type\":\"EntryPoint\",\"urlTemplate\":\"https:\\\/\\\/naturalpoland.com\\\/tr\\\/?s={search_term_string}\"},\"query-input\":{\"@type\":\"PropertyValueSpecification\",\"valueRequired\":true,\"valueName\":\"search_term_string\"}}],\"inLanguage\":\"tr\"},{\"@type\":\"Organization\",\"@id\":\"https:\\\/\\\/naturalpoland.com\\\/tr\\\/#organization\",\"name\":\"Natural Poland\",\"url\":\"https:\\\/\\\/naturalpoland.com\\\/tr\\\/\",\"logo\":{\"@type\":\"ImageObject\",\"inLanguage\":\"tr\",\"@id\":\"https:\\\/\\\/naturalpoland.com\\\/tr\\\/#\\\/schema\\\/logo\\\/image\\\/\",\"url\":\"https:\\\/\\\/naturalpoland.com\\\/wp-content\\\/uploads\\\/2021\\\/05\\\/natural-poland-icon.png\",\"contentUrl\":\"https:\\\/\\\/naturalpoland.com\\\/wp-content\\\/uploads\\\/2021\\\/05\\\/natural-poland-icon.png\",\"width\":512,\"height\":512,\"caption\":\"Natural Poland\"},\"image\":{\"@id\":\"https:\\\/\\\/naturalpoland.com\\\/tr\\\/#\\\/schema\\\/logo\\\/image\\\/\"},\"sameAs\":[\"https:\\\/\\\/www.facebook.com\\\/naturalpoland.b2b\",\"https:\\\/\\\/pl.linkedin.com\\\/company\\\/natural-poland\",\"https:\\\/\\\/www.youtube.com\\\/channel\\\/UCgeGGkvOMahZo-xu_MSEWxg\"]}]}<\/script>\n<!-- \/ Yoast SEO plugin. -->","yoast_head_json":{"title":"Akkermansia Muciniphila Akk11 - NATURAL POLAND - Hurtowy Dystrybutor Surowc\u00f3w","description":"Akkermansia muciniphila Akk11, kontroll\u00fc fermentasyon ve liyofilizasyon s\u00fcre\u00e7leri kullan\u0131larak elde edilen modern bir mikrobiyolojik hammaddedir.","robots":{"index":"index","follow":"follow","max-snippet":"max-snippet:-1","max-image-preview":"max-image-preview:large","max-video-preview":"max-video-preview:-1"},"canonical":"https:\/\/naturalpoland.com\/tr\/urunler\/kozmetik-hammaddeleri\/probiyotikler\/akkermansia-muciniphila-akk11\/","og_locale":"tr_TR","og_type":"article","og_title":"Akkermansia Muciniphila Akk11 - NATURAL POLAND - Hurtowy Dystrybutor Surowc\u00f3w","og_description":"Akkermansia muciniphila Akk11, kontroll\u00fc fermentasyon ve liyofilizasyon s\u00fcre\u00e7leri kullan\u0131larak elde edilen modern bir mikrobiyolojik hammaddedir.","og_url":"https:\/\/naturalpoland.com\/tr\/urunler\/kozmetik-hammaddeleri\/probiyotikler\/akkermansia-muciniphila-akk11\/","og_site_name":"NATURAL POLAND - Hurtowy Dystrybutor Surowc\u00f3w","article_publisher":"https:\/\/www.facebook.com\/naturalpoland.b2b","article_modified_time":"2026-01-15T11:26:47+00:00","og_image":[{"width":1024,"height":1024,"url":"https:\/\/naturalpoland.com\/wp-content\/uploads\/akkermansia-muciniphila.webp","type":"image\/webp"}],"schema":{"@context":"https:\/\/schema.org","@graph":[{"@type":"WebPage","@id":"https:\/\/naturalpoland.com\/tr\/urunler\/kozmetik-hammaddeleri\/probiyotikler\/akkermansia-muciniphila-akk11\/","url":"https:\/\/naturalpoland.com\/tr\/urunler\/kozmetik-hammaddeleri\/probiyotikler\/akkermansia-muciniphila-akk11\/","name":"Akkermansia Muciniphila Akk11 - NATURAL POLAND - Hurtowy Dystrybutor Surowc\u00f3w","isPartOf":{"@id":"https:\/\/naturalpoland.com\/tr\/#website"},"primaryImageOfPage":{"@id":"https:\/\/naturalpoland.com\/tr\/urunler\/kozmetik-hammaddeleri\/probiyotikler\/akkermansia-muciniphila-akk11\/#primaryimage"},"image":{"@id":"https:\/\/naturalpoland.com\/tr\/urunler\/kozmetik-hammaddeleri\/probiyotikler\/akkermansia-muciniphila-akk11\/#primaryimage"},"thumbnailUrl":"https:\/\/naturalpoland.com\/wp-content\/uploads\/akkermansia-muciniphila.webp","datePublished":"2024-03-26T07:23:36+00:00","dateModified":"2026-01-15T11:26:47+00:00","description":"Akkermansia muciniphila Akk11, kontroll\u00fc fermentasyon ve liyofilizasyon s\u00fcre\u00e7leri kullan\u0131larak elde edilen modern bir mikrobiyolojik hammaddedir.","breadcrumb":{"@id":"https:\/\/naturalpoland.com\/tr\/urunler\/kozmetik-hammaddeleri\/probiyotikler\/akkermansia-muciniphila-akk11\/#breadcrumb"},"inLanguage":"tr","potentialAction":[{"@type":"ReadAction","target":["https:\/\/naturalpoland.com\/tr\/urunler\/kozmetik-hammaddeleri\/probiyotikler\/akkermansia-muciniphila-akk11\/"]}]},{"@type":"ImageObject","inLanguage":"tr","@id":"https:\/\/naturalpoland.com\/tr\/urunler\/kozmetik-hammaddeleri\/probiyotikler\/akkermansia-muciniphila-akk11\/#primaryimage","url":"https:\/\/naturalpoland.com\/wp-content\/uploads\/akkermansia-muciniphila.webp","contentUrl":"https:\/\/naturalpoland.com\/wp-content\/uploads\/akkermansia-muciniphila.webp","width":1024,"height":1024,"caption":"Akkermansia muciniphila"},{"@type":"BreadcrumbList","@id":"https:\/\/naturalpoland.com\/tr\/urunler\/kozmetik-hammaddeleri\/probiyotikler\/akkermansia-muciniphila-akk11\/#breadcrumb","itemListElement":[{"@type":"ListItem","position":1,"name":"Ana Sayfa","item":"https:\/\/naturalpoland.com\/tr\/"},{"@type":"ListItem","position":2,"name":"\u00dcr\u00fcnler","item":"https:\/\/naturalpoland.com\/tr\/urunler\/"},{"@type":"ListItem","position":3,"name":"Akkermansia Muciniphila Akk11"}]},{"@type":"WebSite","@id":"https:\/\/naturalpoland.com\/tr\/#website","url":"https:\/\/naturalpoland.com\/tr\/","name":"NATURAL POLAND - Hurtowy Dystrybutor Surowc\u00f3w","description":"Surowce dla przemys\u0142u spo\u017cywczego, kosmetycznego i farmaceutycznego","publisher":{"@id":"https:\/\/naturalpoland.com\/tr\/#organization"},"potentialAction":[{"@type":"SearchAction","target":{"@type":"EntryPoint","urlTemplate":"https:\/\/naturalpoland.com\/tr\/?s={search_term_string}"},"query-input":{"@type":"PropertyValueSpecification","valueRequired":true,"valueName":"search_term_string"}}],"inLanguage":"tr"},{"@type":"Organization","@id":"https:\/\/naturalpoland.com\/tr\/#organization","name":"Natural Poland","url":"https:\/\/naturalpoland.com\/tr\/","logo":{"@type":"ImageObject","inLanguage":"tr","@id":"https:\/\/naturalpoland.com\/tr\/#\/schema\/logo\/image\/","url":"https:\/\/naturalpoland.com\/wp-content\/uploads\/2021\/05\/natural-poland-icon.png","contentUrl":"https:\/\/naturalpoland.com\/wp-content\/uploads\/2021\/05\/natural-poland-icon.png","width":512,"height":512,"caption":"Natural Poland"},"image":{"@id":"https:\/\/naturalpoland.com\/tr\/#\/schema\/logo\/image\/"},"sameAs":["https:\/\/www.facebook.com\/naturalpoland.b2b","https:\/\/pl.linkedin.com\/company\/natural-poland","https:\/\/www.youtube.com\/channel\/UCgeGGkvOMahZo-xu_MSEWxg"]}]}},"_links":{"self":[{"href":"https:\/\/naturalpoland.com\/tr\/wp-json\/wp\/v2\/product\/44368","targetHints":{"allow":["GET"]}}],"collection":[{"href":"https:\/\/naturalpoland.com\/tr\/wp-json\/wp\/v2\/product"}],"about":[{"href":"https:\/\/naturalpoland.com\/tr\/wp-json\/wp\/v2\/types\/product"}],"wp:featuredmedia":[{"embeddable":true,"href":"https:\/\/naturalpoland.com\/tr\/wp-json\/wp\/v2\/media\/44369"}],"wp:attachment":[{"href":"https:\/\/naturalpoland.com\/tr\/wp-json\/wp\/v2\/media?parent=44368"}],"wp:term":[{"taxonomy":"product_brand","embeddable":true,"href":"https:\/\/naturalpoland.com\/tr\/wp-json\/wp\/v2\/product_brand?post=44368"},{"taxonomy":"product_cat","embeddable":true,"href":"https:\/\/naturalpoland.com\/tr\/wp-json\/wp\/v2\/product_cat?post=44368"},{"taxonomy":"product_tag","embeddable":true,"href":"https:\/\/naturalpoland.com\/tr\/wp-json\/wp\/v2\/product_tag?post=44368"}],"curies":[{"name":"wp","href":"https:\/\/api.w.org\/{rel}","templated":true}]}}