{"id":44370,"date":"2023-05-12T15:52:48","date_gmt":"2023-05-12T13:52:48","guid":{"rendered":"https:\/\/naturalpoland.com\/produkty\/kategorilenmemis\/turkiye-kuyrugu-mantari-coriolus-versicolor\/"},"modified":"2025-12-22T11:56:36","modified_gmt":"2025-12-22T10:56:36","slug":"turkiye-kuyrugu-mantari-coriolus-versicolor","status":"publish","type":"product","link":"https:\/\/naturalpoland.com\/tr\/urunler\/farmasotik-hammaddeler\/mantar-ekstraktlari\/turkiye-kuyrugu-mantari-coriolus-versicolor\/","title":{"rendered":"T\u00fcrkiye kuyru\u011fu mantar\u0131 (Coriolus versicolor)"},"content":{"rendered":"<p>T\u00fcrkiye kuyru\u011fu mantar\u0131 yenilemeyen bir mantar olmas\u0131na ra\u011fmen, Coriolus&#8217;un t\u0131bbi \u00f6zellikleri antik \u00c7in&#8217;de fark edilmi\u015fti. \u00d6ncelikle fiziksel ve zihinsel sa\u011fl\u0131\u011f\u0131 g\u00fc\u00e7lendiren ve ya\u015fam enerjisi veren bir bile\u015fen olarak kullan\u0131l\u0131yordu. 1960&#8217;lardan beri Japonya ve Kore&#8217;de g\u00fc\u00e7l\u00fc ba\u011f\u0131\u015f\u0131kl\u0131k uyar\u0131c\u0131 ve anti-kanser \u00f6zellikleri de takdir ediliyor ve <em>Coriolus versicolor<\/em> \u00f6z\u00fc standart kanser tedavisine dahil ediliyor.   <\/p>\n<h2>\u00d6z\u00fct\u00fcn \u00f6zellikleri<\/h2>\n<p>T\u00fcrkiye kuyru\u011fu mantar\u0131 \u00f6z\u00fct\u00fc, mantar\u0131n meyve g\u00f6vdesinden elde edilir. \u00dcr\u00fcn, polisakarit i\u00e7eri\u011fi a\u00e7\u0131s\u0131ndan standardize edilmi\u015ftir. Bu bile\u015fikler ba\u011f\u0131\u015f\u0131kl\u0131k sisteminin i\u015flevini destekler ve anti-enflamatuar ve karaci\u011fer koruyucu \u00f6zellikler g\u00f6sterir. Anti-enflamatuar etkisi v\u00fccuttaki kronik iltihaplanmalar\u0131 hafifletebilir.   <\/p>\n<p>Anti-kanser \u00f6zelliklerinin yan\u0131 s\u0131ra, <em>Coriolus versicolor<\/em> \u00d6z\u00fct\u00fc kemoterapi ve radyoterapinin olumsuz etkilerini azaltmak i\u00e7in de kullan\u0131labilir.<\/p>\n","protected":false},"excerpt":{"rendered":"<p><strong>T\u00fcrkiye kuyru\u011fu mantar\u0131 \u00f6z\u00fct\u00fc<\/strong> (<em>Coriolus versicolor<\/em>), Asya, Kuzey Amerika ve Avrupa&#8217;n\u0131n \u0131l\u0131man iklimlerinde yaprak d\u00f6ken a\u011fa\u00e7larda bulunan odun \u00e7\u00fcr\u00fcten bir mantard\u0131r. Polonya ormanlar\u0131nda da g\u00f6r\u00fclebilir. <\/p>\n","protected":false},"featured_media":44372,"template":"","meta":{"_acf_changed":false},"product_brand":[],"product_cat":[9541],"product_tag":[],"class_list":{"0":"post-44370","1":"product","2":"type-product","3":"status-publish","4":"has-post-thumbnail","6":"product_cat-mantar-ekstraktlari","7":"pa_czesc-rosliny-meyve-govdesi","8":"pa_skladnik-aktywny-polisakaritler","10":"first","11":"instock","12":"shipping-taxable","13":"product-type-simple"},"acf":[],"yoast_head":"<!-- This site is optimized with the Yoast SEO plugin v27.5 - https:\/\/yoast.com\/product\/yoast-seo-wordpress\/ -->\n<title>T\u00fcrkiye kuyru\u011fu mantar\u0131 (Coriolus versicolor) - NATURAL POLAND - Hurtowy Dystrybutor Surowc\u00f3w<\/title>\n<meta name=\"description\" content=\"T\u00fcrkiye kuyru\u011fu mantar\u0131 (Coriolus versicolor) ba\u011f\u0131\u015f\u0131kl\u0131k sistemi fonksiyonlar\u0131n\u0131 destekler ve anti-kanser etkisi g\u00f6sterir.\" \/>\n<meta name=\"robots\" content=\"index, follow, max-snippet:-1, max-image-preview:large, max-video-preview:-1\" \/>\n<link rel=\"canonical\" href=\"https:\/\/naturalpoland.com\/tr\/urunler\/farmasotik-hammaddeler\/mantar-ekstraktlari\/turkiye-kuyrugu-mantari-coriolus-versicolor\/\" \/>\n<meta property=\"og:locale\" content=\"tr_TR\" \/>\n<meta property=\"og:type\" content=\"article\" \/>\n<meta property=\"og:title\" content=\"T\u00fcrkiye kuyru\u011fu mantar\u0131 (Coriolus versicolor) - NATURAL POLAND - Hurtowy Dystrybutor Surowc\u00f3w\" \/>\n<meta property=\"og:description\" content=\"T\u00fcrkiye kuyru\u011fu mantar\u0131 (Coriolus versicolor) ba\u011f\u0131\u015f\u0131kl\u0131k sistemi fonksiyonlar\u0131n\u0131 destekler ve anti-kanser etkisi g\u00f6sterir.\" \/>\n<meta property=\"og:url\" content=\"https:\/\/naturalpoland.com\/tr\/urunler\/farmasotik-hammaddeler\/mantar-ekstraktlari\/turkiye-kuyrugu-mantari-coriolus-versicolor\/\" \/>\n<meta property=\"og:site_name\" content=\"NATURAL POLAND - Hurtowy Dystrybutor Surowc\u00f3w\" \/>\n<meta property=\"article:publisher\" content=\"https:\/\/www.facebook.com\/naturalpoland.b2b\" \/>\n<meta property=\"article:modified_time\" content=\"2025-12-22T10:56:36+00:00\" \/>\n<meta property=\"og:image\" content=\"https:\/\/naturalpoland.com\/wp-content\/uploads\/ekstrakt-z-wrosniaka-roznobarwnego.webp\" \/>\n\t<meta property=\"og:image:width\" content=\"614\" \/>\n\t<meta property=\"og:image:height\" content=\"614\" \/>\n\t<meta property=\"og:image:type\" content=\"image\/webp\" \/>\n<script type=\"application\/ld+json\" class=\"yoast-schema-graph\">{\"@context\":\"https:\\\/\\\/schema.org\",\"@graph\":[{\"@type\":\"WebPage\",\"@id\":\"https:\\\/\\\/naturalpoland.com\\\/tr\\\/urunler\\\/farmasotik-hammaddeler\\\/mantar-ekstraktlari\\\/turkiye-kuyrugu-mantari-coriolus-versicolor\\\/\",\"url\":\"https:\\\/\\\/naturalpoland.com\\\/tr\\\/urunler\\\/farmasotik-hammaddeler\\\/mantar-ekstraktlari\\\/turkiye-kuyrugu-mantari-coriolus-versicolor\\\/\",\"name\":\"T\u00fcrkiye kuyru\u011fu mantar\u0131 (Coriolus versicolor) - NATURAL POLAND - Hurtowy Dystrybutor Surowc\u00f3w\",\"isPartOf\":{\"@id\":\"https:\\\/\\\/naturalpoland.com\\\/tr\\\/#website\"},\"primaryImageOfPage\":{\"@id\":\"https:\\\/\\\/naturalpoland.com\\\/tr\\\/urunler\\\/farmasotik-hammaddeler\\\/mantar-ekstraktlari\\\/turkiye-kuyrugu-mantari-coriolus-versicolor\\\/#primaryimage\"},\"image\":{\"@id\":\"https:\\\/\\\/naturalpoland.com\\\/tr\\\/urunler\\\/farmasotik-hammaddeler\\\/mantar-ekstraktlari\\\/turkiye-kuyrugu-mantari-coriolus-versicolor\\\/#primaryimage\"},\"thumbnailUrl\":\"https:\\\/\\\/naturalpoland.com\\\/wp-content\\\/uploads\\\/ekstrakt-z-wrosniaka-roznobarwnego.webp\",\"datePublished\":\"2023-05-12T13:52:48+00:00\",\"dateModified\":\"2025-12-22T10:56:36+00:00\",\"description\":\"T\u00fcrkiye kuyru\u011fu mantar\u0131 (Coriolus versicolor) ba\u011f\u0131\u015f\u0131kl\u0131k sistemi fonksiyonlar\u0131n\u0131 destekler ve anti-kanser etkisi g\u00f6sterir.\",\"breadcrumb\":{\"@id\":\"https:\\\/\\\/naturalpoland.com\\\/tr\\\/urunler\\\/farmasotik-hammaddeler\\\/mantar-ekstraktlari\\\/turkiye-kuyrugu-mantari-coriolus-versicolor\\\/#breadcrumb\"},\"inLanguage\":\"tr\",\"potentialAction\":[{\"@type\":\"ReadAction\",\"target\":[\"https:\\\/\\\/naturalpoland.com\\\/tr\\\/urunler\\\/farmasotik-hammaddeler\\\/mantar-ekstraktlari\\\/turkiye-kuyrugu-mantari-coriolus-versicolor\\\/\"]}]},{\"@type\":\"ImageObject\",\"inLanguage\":\"tr\",\"@id\":\"https:\\\/\\\/naturalpoland.com\\\/tr\\\/urunler\\\/farmasotik-hammaddeler\\\/mantar-ekstraktlari\\\/turkiye-kuyrugu-mantari-coriolus-versicolor\\\/#primaryimage\",\"url\":\"https:\\\/\\\/naturalpoland.com\\\/wp-content\\\/uploads\\\/ekstrakt-z-wrosniaka-roznobarwnego.webp\",\"contentUrl\":\"https:\\\/\\\/naturalpoland.com\\\/wp-content\\\/uploads\\\/ekstrakt-z-wrosniaka-roznobarwnego.webp\",\"width\":614,\"height\":614,\"caption\":\"T\u00fcrkiye kuyru\u011fu mantar\u0131 \u00f6z\u00fct\u00fc\"},{\"@type\":\"BreadcrumbList\",\"@id\":\"https:\\\/\\\/naturalpoland.com\\\/tr\\\/urunler\\\/farmasotik-hammaddeler\\\/mantar-ekstraktlari\\\/turkiye-kuyrugu-mantari-coriolus-versicolor\\\/#breadcrumb\",\"itemListElement\":[{\"@type\":\"ListItem\",\"position\":1,\"name\":\"Ana Sayfa\",\"item\":\"https:\\\/\\\/naturalpoland.com\\\/tr\\\/\"},{\"@type\":\"ListItem\",\"position\":2,\"name\":\"\u00dcr\u00fcnler\",\"item\":\"https:\\\/\\\/naturalpoland.com\\\/tr\\\/urunler\\\/\"},{\"@type\":\"ListItem\",\"position\":3,\"name\":\"T\u00fcrkiye kuyru\u011fu mantar\u0131 (Coriolus versicolor)\"}]},{\"@type\":\"WebSite\",\"@id\":\"https:\\\/\\\/naturalpoland.com\\\/tr\\\/#website\",\"url\":\"https:\\\/\\\/naturalpoland.com\\\/tr\\\/\",\"name\":\"NATURAL POLAND - Hurtowy Dystrybutor Surowc\u00f3w\",\"description\":\"Surowce dla przemys\u0142u spo\u017cywczego, kosmetycznego i farmaceutycznego\",\"publisher\":{\"@id\":\"https:\\\/\\\/naturalpoland.com\\\/tr\\\/#organization\"},\"potentialAction\":[{\"@type\":\"SearchAction\",\"target\":{\"@type\":\"EntryPoint\",\"urlTemplate\":\"https:\\\/\\\/naturalpoland.com\\\/tr\\\/?s={search_term_string}\"},\"query-input\":{\"@type\":\"PropertyValueSpecification\",\"valueRequired\":true,\"valueName\":\"search_term_string\"}}],\"inLanguage\":\"tr\"},{\"@type\":\"Organization\",\"@id\":\"https:\\\/\\\/naturalpoland.com\\\/tr\\\/#organization\",\"name\":\"Natural Poland\",\"url\":\"https:\\\/\\\/naturalpoland.com\\\/tr\\\/\",\"logo\":{\"@type\":\"ImageObject\",\"inLanguage\":\"tr\",\"@id\":\"https:\\\/\\\/naturalpoland.com\\\/tr\\\/#\\\/schema\\\/logo\\\/image\\\/\",\"url\":\"https:\\\/\\\/naturalpoland.com\\\/wp-content\\\/uploads\\\/2021\\\/05\\\/natural-poland-icon.png\",\"contentUrl\":\"https:\\\/\\\/naturalpoland.com\\\/wp-content\\\/uploads\\\/2021\\\/05\\\/natural-poland-icon.png\",\"width\":512,\"height\":512,\"caption\":\"Natural Poland\"},\"image\":{\"@id\":\"https:\\\/\\\/naturalpoland.com\\\/tr\\\/#\\\/schema\\\/logo\\\/image\\\/\"},\"sameAs\":[\"https:\\\/\\\/www.facebook.com\\\/naturalpoland.b2b\",\"https:\\\/\\\/pl.linkedin.com\\\/company\\\/natural-poland\",\"https:\\\/\\\/www.youtube.com\\\/channel\\\/UCgeGGkvOMahZo-xu_MSEWxg\"]}]}<\/script>\n<!-- \/ Yoast SEO plugin. -->","yoast_head_json":{"title":"T\u00fcrkiye kuyru\u011fu mantar\u0131 (Coriolus versicolor) - NATURAL POLAND - Hurtowy Dystrybutor Surowc\u00f3w","description":"T\u00fcrkiye kuyru\u011fu mantar\u0131 (Coriolus versicolor) ba\u011f\u0131\u015f\u0131kl\u0131k sistemi fonksiyonlar\u0131n\u0131 destekler ve anti-kanser etkisi g\u00f6sterir.","robots":{"index":"index","follow":"follow","max-snippet":"max-snippet:-1","max-image-preview":"max-image-preview:large","max-video-preview":"max-video-preview:-1"},"canonical":"https:\/\/naturalpoland.com\/tr\/urunler\/farmasotik-hammaddeler\/mantar-ekstraktlari\/turkiye-kuyrugu-mantari-coriolus-versicolor\/","og_locale":"tr_TR","og_type":"article","og_title":"T\u00fcrkiye kuyru\u011fu mantar\u0131 (Coriolus versicolor) - NATURAL POLAND - Hurtowy Dystrybutor Surowc\u00f3w","og_description":"T\u00fcrkiye kuyru\u011fu mantar\u0131 (Coriolus versicolor) ba\u011f\u0131\u015f\u0131kl\u0131k sistemi fonksiyonlar\u0131n\u0131 destekler ve anti-kanser etkisi g\u00f6sterir.","og_url":"https:\/\/naturalpoland.com\/tr\/urunler\/farmasotik-hammaddeler\/mantar-ekstraktlari\/turkiye-kuyrugu-mantari-coriolus-versicolor\/","og_site_name":"NATURAL POLAND - Hurtowy Dystrybutor Surowc\u00f3w","article_publisher":"https:\/\/www.facebook.com\/naturalpoland.b2b","article_modified_time":"2025-12-22T10:56:36+00:00","og_image":[{"width":614,"height":614,"url":"https:\/\/naturalpoland.com\/wp-content\/uploads\/ekstrakt-z-wrosniaka-roznobarwnego.webp","type":"image\/webp"}],"schema":{"@context":"https:\/\/schema.org","@graph":[{"@type":"WebPage","@id":"https:\/\/naturalpoland.com\/tr\/urunler\/farmasotik-hammaddeler\/mantar-ekstraktlari\/turkiye-kuyrugu-mantari-coriolus-versicolor\/","url":"https:\/\/naturalpoland.com\/tr\/urunler\/farmasotik-hammaddeler\/mantar-ekstraktlari\/turkiye-kuyrugu-mantari-coriolus-versicolor\/","name":"T\u00fcrkiye kuyru\u011fu mantar\u0131 (Coriolus versicolor) - NATURAL POLAND - Hurtowy Dystrybutor Surowc\u00f3w","isPartOf":{"@id":"https:\/\/naturalpoland.com\/tr\/#website"},"primaryImageOfPage":{"@id":"https:\/\/naturalpoland.com\/tr\/urunler\/farmasotik-hammaddeler\/mantar-ekstraktlari\/turkiye-kuyrugu-mantari-coriolus-versicolor\/#primaryimage"},"image":{"@id":"https:\/\/naturalpoland.com\/tr\/urunler\/farmasotik-hammaddeler\/mantar-ekstraktlari\/turkiye-kuyrugu-mantari-coriolus-versicolor\/#primaryimage"},"thumbnailUrl":"https:\/\/naturalpoland.com\/wp-content\/uploads\/ekstrakt-z-wrosniaka-roznobarwnego.webp","datePublished":"2023-05-12T13:52:48+00:00","dateModified":"2025-12-22T10:56:36+00:00","description":"T\u00fcrkiye kuyru\u011fu mantar\u0131 (Coriolus versicolor) ba\u011f\u0131\u015f\u0131kl\u0131k sistemi fonksiyonlar\u0131n\u0131 destekler ve anti-kanser etkisi g\u00f6sterir.","breadcrumb":{"@id":"https:\/\/naturalpoland.com\/tr\/urunler\/farmasotik-hammaddeler\/mantar-ekstraktlari\/turkiye-kuyrugu-mantari-coriolus-versicolor\/#breadcrumb"},"inLanguage":"tr","potentialAction":[{"@type":"ReadAction","target":["https:\/\/naturalpoland.com\/tr\/urunler\/farmasotik-hammaddeler\/mantar-ekstraktlari\/turkiye-kuyrugu-mantari-coriolus-versicolor\/"]}]},{"@type":"ImageObject","inLanguage":"tr","@id":"https:\/\/naturalpoland.com\/tr\/urunler\/farmasotik-hammaddeler\/mantar-ekstraktlari\/turkiye-kuyrugu-mantari-coriolus-versicolor\/#primaryimage","url":"https:\/\/naturalpoland.com\/wp-content\/uploads\/ekstrakt-z-wrosniaka-roznobarwnego.webp","contentUrl":"https:\/\/naturalpoland.com\/wp-content\/uploads\/ekstrakt-z-wrosniaka-roznobarwnego.webp","width":614,"height":614,"caption":"T\u00fcrkiye kuyru\u011fu mantar\u0131 \u00f6z\u00fct\u00fc"},{"@type":"BreadcrumbList","@id":"https:\/\/naturalpoland.com\/tr\/urunler\/farmasotik-hammaddeler\/mantar-ekstraktlari\/turkiye-kuyrugu-mantari-coriolus-versicolor\/#breadcrumb","itemListElement":[{"@type":"ListItem","position":1,"name":"Ana Sayfa","item":"https:\/\/naturalpoland.com\/tr\/"},{"@type":"ListItem","position":2,"name":"\u00dcr\u00fcnler","item":"https:\/\/naturalpoland.com\/tr\/urunler\/"},{"@type":"ListItem","position":3,"name":"T\u00fcrkiye kuyru\u011fu mantar\u0131 (Coriolus versicolor)"}]},{"@type":"WebSite","@id":"https:\/\/naturalpoland.com\/tr\/#website","url":"https:\/\/naturalpoland.com\/tr\/","name":"NATURAL POLAND - Hurtowy Dystrybutor Surowc\u00f3w","description":"Surowce dla przemys\u0142u spo\u017cywczego, kosmetycznego i farmaceutycznego","publisher":{"@id":"https:\/\/naturalpoland.com\/tr\/#organization"},"potentialAction":[{"@type":"SearchAction","target":{"@type":"EntryPoint","urlTemplate":"https:\/\/naturalpoland.com\/tr\/?s={search_term_string}"},"query-input":{"@type":"PropertyValueSpecification","valueRequired":true,"valueName":"search_term_string"}}],"inLanguage":"tr"},{"@type":"Organization","@id":"https:\/\/naturalpoland.com\/tr\/#organization","name":"Natural Poland","url":"https:\/\/naturalpoland.com\/tr\/","logo":{"@type":"ImageObject","inLanguage":"tr","@id":"https:\/\/naturalpoland.com\/tr\/#\/schema\/logo\/image\/","url":"https:\/\/naturalpoland.com\/wp-content\/uploads\/2021\/05\/natural-poland-icon.png","contentUrl":"https:\/\/naturalpoland.com\/wp-content\/uploads\/2021\/05\/natural-poland-icon.png","width":512,"height":512,"caption":"Natural Poland"},"image":{"@id":"https:\/\/naturalpoland.com\/tr\/#\/schema\/logo\/image\/"},"sameAs":["https:\/\/www.facebook.com\/naturalpoland.b2b","https:\/\/pl.linkedin.com\/company\/natural-poland","https:\/\/www.youtube.com\/channel\/UCgeGGkvOMahZo-xu_MSEWxg"]}]}},"_links":{"self":[{"href":"https:\/\/naturalpoland.com\/tr\/wp-json\/wp\/v2\/product\/44370","targetHints":{"allow":["GET"]}}],"collection":[{"href":"https:\/\/naturalpoland.com\/tr\/wp-json\/wp\/v2\/product"}],"about":[{"href":"https:\/\/naturalpoland.com\/tr\/wp-json\/wp\/v2\/types\/product"}],"wp:featuredmedia":[{"embeddable":true,"href":"https:\/\/naturalpoland.com\/tr\/wp-json\/wp\/v2\/media\/44372"}],"wp:attachment":[{"href":"https:\/\/naturalpoland.com\/tr\/wp-json\/wp\/v2\/media?parent=44370"}],"wp:term":[{"taxonomy":"product_brand","embeddable":true,"href":"https:\/\/naturalpoland.com\/tr\/wp-json\/wp\/v2\/product_brand?post=44370"},{"taxonomy":"product_cat","embeddable":true,"href":"https:\/\/naturalpoland.com\/tr\/wp-json\/wp\/v2\/product_cat?post=44370"},{"taxonomy":"product_tag","embeddable":true,"href":"https:\/\/naturalpoland.com\/tr\/wp-json\/wp\/v2\/product_tag?post=44370"}],"curies":[{"name":"wp","href":"https:\/\/api.w.org\/{rel}","templated":true}]}}