{"id":44373,"date":"2023-05-12T16:12:18","date_gmt":"2023-05-12T14:12:18","guid":{"rendered":"https:\/\/naturalpoland.com\/produkty\/kategorilenmemis\/maitake-mantari-grifola-frondosa\/"},"modified":"2025-12-22T11:56:42","modified_gmt":"2025-12-22T10:56:42","slug":"maitake-mantari-grifola-frondosa","status":"publish","type":"product","link":"https:\/\/naturalpoland.com\/tr\/urunler\/farmasotik-hammaddeler\/mantar-ekstraktlari\/maitake-mantari-grifola-frondosa\/","title":{"rendered":"Maitake Mantar\u0131 (Grifola frondosa)"},"content":{"rendered":"<p><strong>Maitake \u00f6z\u00fct\u00fc<\/strong> bu nadir mantar\u0131n meyve g\u00f6vdelerinden elde edilir. \u00dcr\u00fcn polisakarit i\u00e7eri\u011fi a\u00e7\u0131s\u0131ndan standardize edilmi\u015ftir. <\/p>\n<h2>Maitake Mantar\u0131 \u00f6z\u00fct\u00fcn\u00fcn kullan\u0131m alanlar\u0131:<\/h2>\n<p><span style=\"font-size: 14.4px;\">Geleneksel \u00c7in ve Japon t\u0131bb\u0131nda Maitake mantarlar\u0131<\/span><strong style=\"font-size: 14.4px;\"> uzun \u00f6m\u00fcr mantar\u0131<\/strong> olarak kabul edilirdi<span style=\"font-size: 14.4px;\">. Terap\u00f6tik \u00f6zellikleri \u00f6ncelikle tonik ve adaptojenik etkileriyle, ya\u015fam enerjisi veren ve v\u00fccudu g\u00fc\u00e7lendiren \u00f6zellikleriyle ili\u015fkilendirilirdi. Modern ara\u015ft\u0131rmalar, sa\u011fl\u0131\u011fa yararl\u0131 \u00f6zelliklerini do\u011frulamakta ve ayr\u0131ca adaptojenik etkiler atfetmektedir. <\/span><\/p>\n<p>Maitake \u00f6z\u00fct\u00fc \u015fu ama\u00e7larla kullan\u0131l\u0131r:<\/p>\n<ul>\n<li><strong>glukoz ve kolesterol metabolizmas\u0131n\u0131n d\u00fczenlenmesinde<\/strong>, bu \u00f6zellikle metabolik sendrom \u00f6nlemede \u00f6nemlidir. Maitake kan \u015fekerini d\u00fc\u015f\u00fcr\u00fcr ve normal kolesterol seviyelerinin korunmas\u0131na yard\u0131mc\u0131 olur, <\/li>\n<li><strong>ba\u011f\u0131\u015f\u0131kl\u0131\u011f\u0131 g\u00fc\u00e7lendirmede<\/strong> \u2013 Maitake&#8217;de bulunan polisakaritler ba\u011f\u0131\u015f\u0131kl\u0131k d\u00fczenleyici etkiye sahiptir,<\/li>\n<li><strong>kanser tedavisi s\u0131ras\u0131nda<\/strong> \u2013 ara\u015ft\u0131rmalar, Maitake&#8217;nin \u00f6zellikle meme kanseri durumunda kanser tedavilerine faydal\u0131 bir destek olabilece\u011fini g\u00f6stermektedir. Aktif bile\u015fenleri, v\u00fccudun tedavinin yan etkilerine kar\u015f\u0131 koymas\u0131na yard\u0131mc\u0131 olur. <\/li>\n<li><strong>adaptojenik etkide<\/strong> \u2013 Maitake, v\u00fccudun strese uyum sa\u011flamas\u0131na yard\u0131mc\u0131 olur ve bili\u015fsel i\u015flevleri, haf\u0131zay\u0131 ve ruh halini iyile\u015ftirir.<\/li>\n<\/ul>\n","protected":false},"excerpt":{"rendered":"<p><strong>Maitake mantar\u0131 (<\/strong><em><strong>Grifola frondosa),<\/strong><\/em> ayn\u0131 zamanda <strong>yaprak mantar\u0131<\/strong> olarak da bilinir, yaprak d\u00f6ken a\u011fa\u00e7lar\u0131n k\u00f6k ve g\u00f6vdelerinde yeti\u015fen yenilebilir bir odun \u00e7\u00fcr\u00fcten mantard\u0131r. Avrupa&#8217;da nadir ve korunan bir t\u00fcrd\u00fcr, ayn\u0131 zamanda Asya&#8217;da da yeti\u015ftirilir ve yemek haz\u0131rlamada kullan\u0131l\u0131r. <\/p>\n","protected":false},"featured_media":44375,"template":"","meta":{"_acf_changed":false},"product_brand":[],"product_cat":[9541],"product_tag":[],"class_list":{"0":"post-44373","1":"product","2":"type-product","3":"status-publish","4":"has-post-thumbnail","6":"product_cat-mantar-ekstraktlari","7":"pa_czesc-rosliny-meyve-govdesi","8":"pa_skladnik-aktywny-polisakaritler","10":"first","11":"instock","12":"shipping-taxable","13":"product-type-simple"},"acf":[],"yoast_head":"<!-- This site is optimized with the Yoast SEO plugin v27.5 - https:\/\/yoast.com\/product\/yoast-seo-wordpress\/ -->\n<title>Maitake Mantar\u0131 (Grifola frondosa) - NATURAL POLAND - Hurtowy Dystrybutor Surowc\u00f3w<\/title>\n<meta name=\"robots\" content=\"index, follow, max-snippet:-1, max-image-preview:large, max-video-preview:-1\" \/>\n<link rel=\"canonical\" href=\"https:\/\/naturalpoland.com\/tr\/urunler\/farmasotik-hammaddeler\/mantar-ekstraktlari\/maitake-mantari-grifola-frondosa\/\" \/>\n<meta property=\"og:locale\" content=\"tr_TR\" \/>\n<meta property=\"og:type\" content=\"article\" \/>\n<meta property=\"og:title\" content=\"Maitake Mantar\u0131 (Grifola frondosa) - NATURAL POLAND - Hurtowy Dystrybutor Surowc\u00f3w\" \/>\n<meta property=\"og:description\" content=\"Maitake mantar\u0131 (Grifola frondosa), ayn\u0131 zamanda yaprak mantar\u0131 olarak da bilinir, yaprak d\u00f6ken a\u011fa\u00e7lar\u0131n k\u00f6k ve g\u00f6vdelerinde yeti\u015fen yenilebilir bir odun \u00e7\u00fcr\u00fcten mantard\u0131r. Avrupa&#039;da nadir ve korunan bir t\u00fcrd\u00fcr, ayn\u0131 zamanda Asya&#039;da da yeti\u015ftirilir ve yemek haz\u0131rlamada kullan\u0131l\u0131r.\" \/>\n<meta property=\"og:url\" content=\"https:\/\/naturalpoland.com\/tr\/urunler\/farmasotik-hammaddeler\/mantar-ekstraktlari\/maitake-mantari-grifola-frondosa\/\" \/>\n<meta property=\"og:site_name\" content=\"NATURAL POLAND - Hurtowy Dystrybutor Surowc\u00f3w\" \/>\n<meta property=\"article:publisher\" content=\"https:\/\/www.facebook.com\/naturalpoland.b2b\" \/>\n<meta property=\"article:modified_time\" content=\"2025-12-22T10:56:42+00:00\" \/>\n<meta property=\"og:image\" content=\"https:\/\/naturalpoland.com\/wp-content\/uploads\/ekstrakt-z-maitake.webp\" \/>\n\t<meta property=\"og:image:width\" content=\"614\" \/>\n\t<meta property=\"og:image:height\" content=\"614\" \/>\n\t<meta property=\"og:image:type\" content=\"image\/webp\" \/>\n<script type=\"application\/ld+json\" class=\"yoast-schema-graph\">{\"@context\":\"https:\\\/\\\/schema.org\",\"@graph\":[{\"@type\":\"WebPage\",\"@id\":\"https:\\\/\\\/naturalpoland.com\\\/tr\\\/urunler\\\/farmasotik-hammaddeler\\\/mantar-ekstraktlari\\\/maitake-mantari-grifola-frondosa\\\/\",\"url\":\"https:\\\/\\\/naturalpoland.com\\\/tr\\\/urunler\\\/farmasotik-hammaddeler\\\/mantar-ekstraktlari\\\/maitake-mantari-grifola-frondosa\\\/\",\"name\":\"Maitake Mantar\u0131 (Grifola frondosa) - NATURAL POLAND - Hurtowy Dystrybutor Surowc\u00f3w\",\"isPartOf\":{\"@id\":\"https:\\\/\\\/naturalpoland.com\\\/tr\\\/#website\"},\"primaryImageOfPage\":{\"@id\":\"https:\\\/\\\/naturalpoland.com\\\/tr\\\/urunler\\\/farmasotik-hammaddeler\\\/mantar-ekstraktlari\\\/maitake-mantari-grifola-frondosa\\\/#primaryimage\"},\"image\":{\"@id\":\"https:\\\/\\\/naturalpoland.com\\\/tr\\\/urunler\\\/farmasotik-hammaddeler\\\/mantar-ekstraktlari\\\/maitake-mantari-grifola-frondosa\\\/#primaryimage\"},\"thumbnailUrl\":\"https:\\\/\\\/naturalpoland.com\\\/wp-content\\\/uploads\\\/ekstrakt-z-maitake.webp\",\"datePublished\":\"2023-05-12T14:12:18+00:00\",\"dateModified\":\"2025-12-22T10:56:42+00:00\",\"breadcrumb\":{\"@id\":\"https:\\\/\\\/naturalpoland.com\\\/tr\\\/urunler\\\/farmasotik-hammaddeler\\\/mantar-ekstraktlari\\\/maitake-mantari-grifola-frondosa\\\/#breadcrumb\"},\"inLanguage\":\"tr\",\"potentialAction\":[{\"@type\":\"ReadAction\",\"target\":[\"https:\\\/\\\/naturalpoland.com\\\/tr\\\/urunler\\\/farmasotik-hammaddeler\\\/mantar-ekstraktlari\\\/maitake-mantari-grifola-frondosa\\\/\"]}]},{\"@type\":\"ImageObject\",\"inLanguage\":\"tr\",\"@id\":\"https:\\\/\\\/naturalpoland.com\\\/tr\\\/urunler\\\/farmasotik-hammaddeler\\\/mantar-ekstraktlari\\\/maitake-mantari-grifola-frondosa\\\/#primaryimage\",\"url\":\"https:\\\/\\\/naturalpoland.com\\\/wp-content\\\/uploads\\\/ekstrakt-z-maitake.webp\",\"contentUrl\":\"https:\\\/\\\/naturalpoland.com\\\/wp-content\\\/uploads\\\/ekstrakt-z-maitake.webp\",\"width\":614,\"height\":614,\"caption\":\"maitake mantar\u0131 \u00f6z\u00fct\u00fc\"},{\"@type\":\"BreadcrumbList\",\"@id\":\"https:\\\/\\\/naturalpoland.com\\\/tr\\\/urunler\\\/farmasotik-hammaddeler\\\/mantar-ekstraktlari\\\/maitake-mantari-grifola-frondosa\\\/#breadcrumb\",\"itemListElement\":[{\"@type\":\"ListItem\",\"position\":1,\"name\":\"Ana Sayfa\",\"item\":\"https:\\\/\\\/naturalpoland.com\\\/tr\\\/\"},{\"@type\":\"ListItem\",\"position\":2,\"name\":\"\u00dcr\u00fcnler\",\"item\":\"https:\\\/\\\/naturalpoland.com\\\/tr\\\/urunler\\\/\"},{\"@type\":\"ListItem\",\"position\":3,\"name\":\"Maitake Mantar\u0131 (Grifola frondosa)\"}]},{\"@type\":\"WebSite\",\"@id\":\"https:\\\/\\\/naturalpoland.com\\\/tr\\\/#website\",\"url\":\"https:\\\/\\\/naturalpoland.com\\\/tr\\\/\",\"name\":\"NATURAL POLAND - Hurtowy Dystrybutor Surowc\u00f3w\",\"description\":\"Surowce dla przemys\u0142u spo\u017cywczego, kosmetycznego i farmaceutycznego\",\"publisher\":{\"@id\":\"https:\\\/\\\/naturalpoland.com\\\/tr\\\/#organization\"},\"potentialAction\":[{\"@type\":\"SearchAction\",\"target\":{\"@type\":\"EntryPoint\",\"urlTemplate\":\"https:\\\/\\\/naturalpoland.com\\\/tr\\\/?s={search_term_string}\"},\"query-input\":{\"@type\":\"PropertyValueSpecification\",\"valueRequired\":true,\"valueName\":\"search_term_string\"}}],\"inLanguage\":\"tr\"},{\"@type\":\"Organization\",\"@id\":\"https:\\\/\\\/naturalpoland.com\\\/tr\\\/#organization\",\"name\":\"Natural Poland\",\"url\":\"https:\\\/\\\/naturalpoland.com\\\/tr\\\/\",\"logo\":{\"@type\":\"ImageObject\",\"inLanguage\":\"tr\",\"@id\":\"https:\\\/\\\/naturalpoland.com\\\/tr\\\/#\\\/schema\\\/logo\\\/image\\\/\",\"url\":\"https:\\\/\\\/naturalpoland.com\\\/wp-content\\\/uploads\\\/2021\\\/05\\\/natural-poland-icon.png\",\"contentUrl\":\"https:\\\/\\\/naturalpoland.com\\\/wp-content\\\/uploads\\\/2021\\\/05\\\/natural-poland-icon.png\",\"width\":512,\"height\":512,\"caption\":\"Natural Poland\"},\"image\":{\"@id\":\"https:\\\/\\\/naturalpoland.com\\\/tr\\\/#\\\/schema\\\/logo\\\/image\\\/\"},\"sameAs\":[\"https:\\\/\\\/www.facebook.com\\\/naturalpoland.b2b\",\"https:\\\/\\\/pl.linkedin.com\\\/company\\\/natural-poland\",\"https:\\\/\\\/www.youtube.com\\\/channel\\\/UCgeGGkvOMahZo-xu_MSEWxg\"]}]}<\/script>\n<!-- \/ Yoast SEO plugin. -->","yoast_head_json":{"title":"Maitake Mantar\u0131 (Grifola frondosa) - NATURAL POLAND - Hurtowy Dystrybutor Surowc\u00f3w","robots":{"index":"index","follow":"follow","max-snippet":"max-snippet:-1","max-image-preview":"max-image-preview:large","max-video-preview":"max-video-preview:-1"},"canonical":"https:\/\/naturalpoland.com\/tr\/urunler\/farmasotik-hammaddeler\/mantar-ekstraktlari\/maitake-mantari-grifola-frondosa\/","og_locale":"tr_TR","og_type":"article","og_title":"Maitake Mantar\u0131 (Grifola frondosa) - NATURAL POLAND - Hurtowy Dystrybutor Surowc\u00f3w","og_description":"Maitake mantar\u0131 (Grifola frondosa), ayn\u0131 zamanda yaprak mantar\u0131 olarak da bilinir, yaprak d\u00f6ken a\u011fa\u00e7lar\u0131n k\u00f6k ve g\u00f6vdelerinde yeti\u015fen yenilebilir bir odun \u00e7\u00fcr\u00fcten mantard\u0131r. Avrupa'da nadir ve korunan bir t\u00fcrd\u00fcr, ayn\u0131 zamanda Asya'da da yeti\u015ftirilir ve yemek haz\u0131rlamada kullan\u0131l\u0131r.","og_url":"https:\/\/naturalpoland.com\/tr\/urunler\/farmasotik-hammaddeler\/mantar-ekstraktlari\/maitake-mantari-grifola-frondosa\/","og_site_name":"NATURAL POLAND - Hurtowy Dystrybutor Surowc\u00f3w","article_publisher":"https:\/\/www.facebook.com\/naturalpoland.b2b","article_modified_time":"2025-12-22T10:56:42+00:00","og_image":[{"width":614,"height":614,"url":"https:\/\/naturalpoland.com\/wp-content\/uploads\/ekstrakt-z-maitake.webp","type":"image\/webp"}],"schema":{"@context":"https:\/\/schema.org","@graph":[{"@type":"WebPage","@id":"https:\/\/naturalpoland.com\/tr\/urunler\/farmasotik-hammaddeler\/mantar-ekstraktlari\/maitake-mantari-grifola-frondosa\/","url":"https:\/\/naturalpoland.com\/tr\/urunler\/farmasotik-hammaddeler\/mantar-ekstraktlari\/maitake-mantari-grifola-frondosa\/","name":"Maitake Mantar\u0131 (Grifola frondosa) - NATURAL POLAND - Hurtowy Dystrybutor Surowc\u00f3w","isPartOf":{"@id":"https:\/\/naturalpoland.com\/tr\/#website"},"primaryImageOfPage":{"@id":"https:\/\/naturalpoland.com\/tr\/urunler\/farmasotik-hammaddeler\/mantar-ekstraktlari\/maitake-mantari-grifola-frondosa\/#primaryimage"},"image":{"@id":"https:\/\/naturalpoland.com\/tr\/urunler\/farmasotik-hammaddeler\/mantar-ekstraktlari\/maitake-mantari-grifola-frondosa\/#primaryimage"},"thumbnailUrl":"https:\/\/naturalpoland.com\/wp-content\/uploads\/ekstrakt-z-maitake.webp","datePublished":"2023-05-12T14:12:18+00:00","dateModified":"2025-12-22T10:56:42+00:00","breadcrumb":{"@id":"https:\/\/naturalpoland.com\/tr\/urunler\/farmasotik-hammaddeler\/mantar-ekstraktlari\/maitake-mantari-grifola-frondosa\/#breadcrumb"},"inLanguage":"tr","potentialAction":[{"@type":"ReadAction","target":["https:\/\/naturalpoland.com\/tr\/urunler\/farmasotik-hammaddeler\/mantar-ekstraktlari\/maitake-mantari-grifola-frondosa\/"]}]},{"@type":"ImageObject","inLanguage":"tr","@id":"https:\/\/naturalpoland.com\/tr\/urunler\/farmasotik-hammaddeler\/mantar-ekstraktlari\/maitake-mantari-grifola-frondosa\/#primaryimage","url":"https:\/\/naturalpoland.com\/wp-content\/uploads\/ekstrakt-z-maitake.webp","contentUrl":"https:\/\/naturalpoland.com\/wp-content\/uploads\/ekstrakt-z-maitake.webp","width":614,"height":614,"caption":"maitake mantar\u0131 \u00f6z\u00fct\u00fc"},{"@type":"BreadcrumbList","@id":"https:\/\/naturalpoland.com\/tr\/urunler\/farmasotik-hammaddeler\/mantar-ekstraktlari\/maitake-mantari-grifola-frondosa\/#breadcrumb","itemListElement":[{"@type":"ListItem","position":1,"name":"Ana Sayfa","item":"https:\/\/naturalpoland.com\/tr\/"},{"@type":"ListItem","position":2,"name":"\u00dcr\u00fcnler","item":"https:\/\/naturalpoland.com\/tr\/urunler\/"},{"@type":"ListItem","position":3,"name":"Maitake Mantar\u0131 (Grifola frondosa)"}]},{"@type":"WebSite","@id":"https:\/\/naturalpoland.com\/tr\/#website","url":"https:\/\/naturalpoland.com\/tr\/","name":"NATURAL POLAND - Hurtowy Dystrybutor Surowc\u00f3w","description":"Surowce dla przemys\u0142u spo\u017cywczego, kosmetycznego i farmaceutycznego","publisher":{"@id":"https:\/\/naturalpoland.com\/tr\/#organization"},"potentialAction":[{"@type":"SearchAction","target":{"@type":"EntryPoint","urlTemplate":"https:\/\/naturalpoland.com\/tr\/?s={search_term_string}"},"query-input":{"@type":"PropertyValueSpecification","valueRequired":true,"valueName":"search_term_string"}}],"inLanguage":"tr"},{"@type":"Organization","@id":"https:\/\/naturalpoland.com\/tr\/#organization","name":"Natural Poland","url":"https:\/\/naturalpoland.com\/tr\/","logo":{"@type":"ImageObject","inLanguage":"tr","@id":"https:\/\/naturalpoland.com\/tr\/#\/schema\/logo\/image\/","url":"https:\/\/naturalpoland.com\/wp-content\/uploads\/2021\/05\/natural-poland-icon.png","contentUrl":"https:\/\/naturalpoland.com\/wp-content\/uploads\/2021\/05\/natural-poland-icon.png","width":512,"height":512,"caption":"Natural Poland"},"image":{"@id":"https:\/\/naturalpoland.com\/tr\/#\/schema\/logo\/image\/"},"sameAs":["https:\/\/www.facebook.com\/naturalpoland.b2b","https:\/\/pl.linkedin.com\/company\/natural-poland","https:\/\/www.youtube.com\/channel\/UCgeGGkvOMahZo-xu_MSEWxg"]}]}},"_links":{"self":[{"href":"https:\/\/naturalpoland.com\/tr\/wp-json\/wp\/v2\/product\/44373","targetHints":{"allow":["GET"]}}],"collection":[{"href":"https:\/\/naturalpoland.com\/tr\/wp-json\/wp\/v2\/product"}],"about":[{"href":"https:\/\/naturalpoland.com\/tr\/wp-json\/wp\/v2\/types\/product"}],"wp:featuredmedia":[{"embeddable":true,"href":"https:\/\/naturalpoland.com\/tr\/wp-json\/wp\/v2\/media\/44375"}],"wp:attachment":[{"href":"https:\/\/naturalpoland.com\/tr\/wp-json\/wp\/v2\/media?parent=44373"}],"wp:term":[{"taxonomy":"product_brand","embeddable":true,"href":"https:\/\/naturalpoland.com\/tr\/wp-json\/wp\/v2\/product_brand?post=44373"},{"taxonomy":"product_cat","embeddable":true,"href":"https:\/\/naturalpoland.com\/tr\/wp-json\/wp\/v2\/product_cat?post=44373"},{"taxonomy":"product_tag","embeddable":true,"href":"https:\/\/naturalpoland.com\/tr\/wp-json\/wp\/v2\/product_tag?post=44373"}],"curies":[{"name":"wp","href":"https:\/\/api.w.org\/{rel}","templated":true}]}}