{"id":44376,"date":"2023-03-06T12:57:44","date_gmt":"2023-03-06T11:57:44","guid":{"rendered":"https:\/\/naturalpoland.com\/produkty\/kategorilenmemis\/reishi-mantari-ganoderma-lucidum\/"},"modified":"2025-12-22T11:57:07","modified_gmt":"2025-12-22T10:57:07","slug":"reishi-mantari-ganoderma-lucidum","status":"publish","type":"product","link":"https:\/\/naturalpoland.com\/tr\/urunler\/farmasotik-hammaddeler\/mantar-ekstraktlari\/reishi-mantari-ganoderma-lucidum\/","title":{"rendered":"Reishi Mantar\u0131 (Ganoderma lucidum)"},"content":{"rendered":"<p>Reishi \u00f6z\u00fct\u00fc dola\u015f\u0131m sistemini destekler &#8211; trigliserit seviyesini d\u00fc\u015f\u00fcr\u00fcrken iyi kolesterol HDL&#8217;yi y\u00fckselterek kan kolesterol seviyesini d\u00fczenler. Saponinler ve baz\u0131 polisakkaritler i\u00e7erdi\u011finden, baz\u0131 kanser h\u00fccrelerinin geli\u015fimini engelleyebilir. <\/p>\n<p>Geleneksel \u00c7in t\u0131bb\u0131nda Reishi mantar\u0131 (<em>Ganoderma lucidum<\/em>) kanser tedavisine yard\u0131mc\u0131 olarak kullan\u0131l\u0131r ve t\u00fcketimi daha d\u00fc\u015f\u00fck \u00f6l\u00fcm oran\u0131 ve artan uzun \u00f6m\u00fcrle ili\u015fkilidir. Reishi&#8217;den izole edilen baz\u0131 triterpenler kanser h\u00fccrelerine kar\u015f\u0131 toksik etki g\u00f6sterirken, i\u00e7erdi\u011fi polisakkaritler ba\u011f\u0131\u015f\u0131kl\u0131k sistemini uyar\u0131r. <\/p>\n<p><em>Ganoderma lucidum<\/em> \u00f6z\u00fctlerinin t\u00fcketimi kan bas\u0131nc\u0131n\u0131 d\u00fc\u015f\u00fcrebilir ve ateroskleroza kar\u015f\u0131 etkili olabilir.<\/p>\n<p>Su ekstraksiyonu i\u015flemi sayesinde, \u00fcr\u00fcn Reishi mantar\u0131n\u0131n t\u00fcm temel aktif bile\u015fenlerini kolayca sindirilebilir formda korur. \u00d6z\u00fctteki polisakkarit i\u00e7eri\u011fi, v\u00fccudun ba\u011f\u0131\u015f\u0131kl\u0131k sistemini destekleyen etkisinde kilit bir fakt\u00f6rd\u00fcr. Bu polisakkaritler ayr\u0131ca \u00f6z\u00fct\u00fcn antienflamatuar ve antioksidan etkisinde de \u00f6nemlidir, v\u00fccudu serbest radikallerden korur ve do\u011fal rejenerasyon yetene\u011fini destekler.  <\/p>\n<p>&nbsp;<\/p>\n","protected":false},"excerpt":{"rendered":"<p><strong>Reishi (Ganoderma lucidum)<\/strong> mantar\u0131 \u00f6z\u00fct\u00fc, g\u00fc\u00e7l\u00fc antioksidan, antienflamatuar ve sinir sistemini destekleyici \u00f6zelliklere sahiptir.<\/p>\n","protected":false},"featured_media":44183,"template":"","meta":{"_acf_changed":false},"product_brand":[],"product_cat":[9541],"product_tag":[],"class_list":{"0":"post-44376","1":"product","2":"type-product","3":"status-publish","4":"has-post-thumbnail","6":"product_cat-mantar-ekstraktlari","8":"first","9":"instock","10":"shipping-taxable","11":"product-type-simple"},"acf":[],"yoast_head":"<!-- This site is optimized with the Yoast SEO plugin v27.5 - https:\/\/yoast.com\/product\/yoast-seo-wordpress\/ -->\n<title>Reishi Mantar\u0131 (Ganoderma lucidum) - Hurtowy Dystrybutor<\/title>\n<meta name=\"description\" content=\"Reishi mantar\u0131 olarak da bilinen Ganoderma Lucidum \u00f6z\u00fct\u00fc, y\u00fcksek polisakkarit i\u00e7eri\u011fine sahip \u00f6zel bir \u00fcr\u00fcnd\u00fcr.\" \/>\n<meta name=\"robots\" content=\"index, follow, max-snippet:-1, max-image-preview:large, max-video-preview:-1\" \/>\n<link rel=\"canonical\" href=\"https:\/\/naturalpoland.com\/tr\/urunler\/farmasotik-hammaddeler\/mantar-ekstraktlari\/reishi-mantari-ganoderma-lucidum\/\" \/>\n<meta property=\"og:locale\" content=\"tr_TR\" \/>\n<meta property=\"og:type\" content=\"article\" \/>\n<meta property=\"og:title\" content=\"Reishi Mantar\u0131 (Ganoderma lucidum) - Hurtowy Dystrybutor\" \/>\n<meta property=\"og:description\" content=\"Reishi mantar\u0131 olarak da bilinen Ganoderma Lucidum \u00f6z\u00fct\u00fc, y\u00fcksek polisakkarit i\u00e7eri\u011fine sahip \u00f6zel bir \u00fcr\u00fcnd\u00fcr.\" \/>\n<meta property=\"og:url\" content=\"https:\/\/naturalpoland.com\/tr\/urunler\/farmasotik-hammaddeler\/mantar-ekstraktlari\/reishi-mantari-ganoderma-lucidum\/\" \/>\n<meta property=\"og:site_name\" content=\"NATURAL POLAND - Hurtowy Dystrybutor Surowc\u00f3w\" \/>\n<meta property=\"article:publisher\" content=\"https:\/\/www.facebook.com\/naturalpoland.b2b\" \/>\n<meta property=\"article:modified_time\" content=\"2025-12-22T10:57:07+00:00\" \/>\n<meta property=\"og:image\" content=\"https:\/\/naturalpoland.com\/wp-content\/uploads\/ekstrakt-grzybowy-reishi.jpg\" \/>\n\t<meta property=\"og:image:width\" content=\"650\" \/>\n\t<meta property=\"og:image:height\" content=\"650\" \/>\n\t<meta property=\"og:image:type\" content=\"image\/jpeg\" \/>\n<script type=\"application\/ld+json\" class=\"yoast-schema-graph\">{\"@context\":\"https:\\\/\\\/schema.org\",\"@graph\":[{\"@type\":\"WebPage\",\"@id\":\"https:\\\/\\\/naturalpoland.com\\\/tr\\\/urunler\\\/farmasotik-hammaddeler\\\/mantar-ekstraktlari\\\/reishi-mantari-ganoderma-lucidum\\\/\",\"url\":\"https:\\\/\\\/naturalpoland.com\\\/tr\\\/urunler\\\/farmasotik-hammaddeler\\\/mantar-ekstraktlari\\\/reishi-mantari-ganoderma-lucidum\\\/\",\"name\":\"Reishi Mantar\u0131 (Ganoderma lucidum) - Hurtowy Dystrybutor\",\"isPartOf\":{\"@id\":\"https:\\\/\\\/naturalpoland.com\\\/tr\\\/#website\"},\"primaryImageOfPage\":{\"@id\":\"https:\\\/\\\/naturalpoland.com\\\/tr\\\/urunler\\\/farmasotik-hammaddeler\\\/mantar-ekstraktlari\\\/reishi-mantari-ganoderma-lucidum\\\/#primaryimage\"},\"image\":{\"@id\":\"https:\\\/\\\/naturalpoland.com\\\/tr\\\/urunler\\\/farmasotik-hammaddeler\\\/mantar-ekstraktlari\\\/reishi-mantari-ganoderma-lucidum\\\/#primaryimage\"},\"thumbnailUrl\":\"https:\\\/\\\/naturalpoland.com\\\/wp-content\\\/uploads\\\/ekstrakt-grzybowy-reishi.jpg\",\"datePublished\":\"2023-03-06T11:57:44+00:00\",\"dateModified\":\"2025-12-22T10:57:07+00:00\",\"description\":\"Reishi mantar\u0131 olarak da bilinen Ganoderma Lucidum \u00f6z\u00fct\u00fc, y\u00fcksek polisakkarit i\u00e7eri\u011fine sahip \u00f6zel bir \u00fcr\u00fcnd\u00fcr.\",\"breadcrumb\":{\"@id\":\"https:\\\/\\\/naturalpoland.com\\\/tr\\\/urunler\\\/farmasotik-hammaddeler\\\/mantar-ekstraktlari\\\/reishi-mantari-ganoderma-lucidum\\\/#breadcrumb\"},\"inLanguage\":\"tr\",\"potentialAction\":[{\"@type\":\"ReadAction\",\"target\":[\"https:\\\/\\\/naturalpoland.com\\\/tr\\\/urunler\\\/farmasotik-hammaddeler\\\/mantar-ekstraktlari\\\/reishi-mantari-ganoderma-lucidum\\\/\"]}]},{\"@type\":\"ImageObject\",\"inLanguage\":\"tr\",\"@id\":\"https:\\\/\\\/naturalpoland.com\\\/tr\\\/urunler\\\/farmasotik-hammaddeler\\\/mantar-ekstraktlari\\\/reishi-mantari-ganoderma-lucidum\\\/#primaryimage\",\"url\":\"https:\\\/\\\/naturalpoland.com\\\/wp-content\\\/uploads\\\/ekstrakt-grzybowy-reishi.jpg\",\"contentUrl\":\"https:\\\/\\\/naturalpoland.com\\\/wp-content\\\/uploads\\\/ekstrakt-grzybowy-reishi.jpg\",\"width\":650,\"height\":650,\"caption\":\"Reishi (Ganoderma lucidum)\"},{\"@type\":\"BreadcrumbList\",\"@id\":\"https:\\\/\\\/naturalpoland.com\\\/tr\\\/urunler\\\/farmasotik-hammaddeler\\\/mantar-ekstraktlari\\\/reishi-mantari-ganoderma-lucidum\\\/#breadcrumb\",\"itemListElement\":[{\"@type\":\"ListItem\",\"position\":1,\"name\":\"Ana Sayfa\",\"item\":\"https:\\\/\\\/naturalpoland.com\\\/tr\\\/\"},{\"@type\":\"ListItem\",\"position\":2,\"name\":\"\u00dcr\u00fcnler\",\"item\":\"https:\\\/\\\/naturalpoland.com\\\/tr\\\/urunler\\\/\"},{\"@type\":\"ListItem\",\"position\":3,\"name\":\"Reishi Mantar\u0131 (Ganoderma lucidum)\"}]},{\"@type\":\"WebSite\",\"@id\":\"https:\\\/\\\/naturalpoland.com\\\/tr\\\/#website\",\"url\":\"https:\\\/\\\/naturalpoland.com\\\/tr\\\/\",\"name\":\"NATURAL POLAND - Hurtowy Dystrybutor Surowc\u00f3w\",\"description\":\"Surowce dla przemys\u0142u spo\u017cywczego, kosmetycznego i farmaceutycznego\",\"publisher\":{\"@id\":\"https:\\\/\\\/naturalpoland.com\\\/tr\\\/#organization\"},\"potentialAction\":[{\"@type\":\"SearchAction\",\"target\":{\"@type\":\"EntryPoint\",\"urlTemplate\":\"https:\\\/\\\/naturalpoland.com\\\/tr\\\/?s={search_term_string}\"},\"query-input\":{\"@type\":\"PropertyValueSpecification\",\"valueRequired\":true,\"valueName\":\"search_term_string\"}}],\"inLanguage\":\"tr\"},{\"@type\":\"Organization\",\"@id\":\"https:\\\/\\\/naturalpoland.com\\\/tr\\\/#organization\",\"name\":\"Natural Poland\",\"url\":\"https:\\\/\\\/naturalpoland.com\\\/tr\\\/\",\"logo\":{\"@type\":\"ImageObject\",\"inLanguage\":\"tr\",\"@id\":\"https:\\\/\\\/naturalpoland.com\\\/tr\\\/#\\\/schema\\\/logo\\\/image\\\/\",\"url\":\"https:\\\/\\\/naturalpoland.com\\\/wp-content\\\/uploads\\\/2021\\\/05\\\/natural-poland-icon.png\",\"contentUrl\":\"https:\\\/\\\/naturalpoland.com\\\/wp-content\\\/uploads\\\/2021\\\/05\\\/natural-poland-icon.png\",\"width\":512,\"height\":512,\"caption\":\"Natural Poland\"},\"image\":{\"@id\":\"https:\\\/\\\/naturalpoland.com\\\/tr\\\/#\\\/schema\\\/logo\\\/image\\\/\"},\"sameAs\":[\"https:\\\/\\\/www.facebook.com\\\/naturalpoland.b2b\",\"https:\\\/\\\/pl.linkedin.com\\\/company\\\/natural-poland\",\"https:\\\/\\\/www.youtube.com\\\/channel\\\/UCgeGGkvOMahZo-xu_MSEWxg\"]}]}<\/script>\n<!-- \/ Yoast SEO plugin. -->","yoast_head_json":{"title":"Reishi Mantar\u0131 (Ganoderma lucidum) - Hurtowy Dystrybutor","description":"Reishi mantar\u0131 olarak da bilinen Ganoderma Lucidum \u00f6z\u00fct\u00fc, y\u00fcksek polisakkarit i\u00e7eri\u011fine sahip \u00f6zel bir \u00fcr\u00fcnd\u00fcr.","robots":{"index":"index","follow":"follow","max-snippet":"max-snippet:-1","max-image-preview":"max-image-preview:large","max-video-preview":"max-video-preview:-1"},"canonical":"https:\/\/naturalpoland.com\/tr\/urunler\/farmasotik-hammaddeler\/mantar-ekstraktlari\/reishi-mantari-ganoderma-lucidum\/","og_locale":"tr_TR","og_type":"article","og_title":"Reishi Mantar\u0131 (Ganoderma lucidum) - Hurtowy Dystrybutor","og_description":"Reishi mantar\u0131 olarak da bilinen Ganoderma Lucidum \u00f6z\u00fct\u00fc, y\u00fcksek polisakkarit i\u00e7eri\u011fine sahip \u00f6zel bir \u00fcr\u00fcnd\u00fcr.","og_url":"https:\/\/naturalpoland.com\/tr\/urunler\/farmasotik-hammaddeler\/mantar-ekstraktlari\/reishi-mantari-ganoderma-lucidum\/","og_site_name":"NATURAL POLAND - Hurtowy Dystrybutor Surowc\u00f3w","article_publisher":"https:\/\/www.facebook.com\/naturalpoland.b2b","article_modified_time":"2025-12-22T10:57:07+00:00","og_image":[{"width":650,"height":650,"url":"https:\/\/naturalpoland.com\/wp-content\/uploads\/ekstrakt-grzybowy-reishi.jpg","type":"image\/jpeg"}],"schema":{"@context":"https:\/\/schema.org","@graph":[{"@type":"WebPage","@id":"https:\/\/naturalpoland.com\/tr\/urunler\/farmasotik-hammaddeler\/mantar-ekstraktlari\/reishi-mantari-ganoderma-lucidum\/","url":"https:\/\/naturalpoland.com\/tr\/urunler\/farmasotik-hammaddeler\/mantar-ekstraktlari\/reishi-mantari-ganoderma-lucidum\/","name":"Reishi Mantar\u0131 (Ganoderma lucidum) - Hurtowy Dystrybutor","isPartOf":{"@id":"https:\/\/naturalpoland.com\/tr\/#website"},"primaryImageOfPage":{"@id":"https:\/\/naturalpoland.com\/tr\/urunler\/farmasotik-hammaddeler\/mantar-ekstraktlari\/reishi-mantari-ganoderma-lucidum\/#primaryimage"},"image":{"@id":"https:\/\/naturalpoland.com\/tr\/urunler\/farmasotik-hammaddeler\/mantar-ekstraktlari\/reishi-mantari-ganoderma-lucidum\/#primaryimage"},"thumbnailUrl":"https:\/\/naturalpoland.com\/wp-content\/uploads\/ekstrakt-grzybowy-reishi.jpg","datePublished":"2023-03-06T11:57:44+00:00","dateModified":"2025-12-22T10:57:07+00:00","description":"Reishi mantar\u0131 olarak da bilinen Ganoderma Lucidum \u00f6z\u00fct\u00fc, y\u00fcksek polisakkarit i\u00e7eri\u011fine sahip \u00f6zel bir \u00fcr\u00fcnd\u00fcr.","breadcrumb":{"@id":"https:\/\/naturalpoland.com\/tr\/urunler\/farmasotik-hammaddeler\/mantar-ekstraktlari\/reishi-mantari-ganoderma-lucidum\/#breadcrumb"},"inLanguage":"tr","potentialAction":[{"@type":"ReadAction","target":["https:\/\/naturalpoland.com\/tr\/urunler\/farmasotik-hammaddeler\/mantar-ekstraktlari\/reishi-mantari-ganoderma-lucidum\/"]}]},{"@type":"ImageObject","inLanguage":"tr","@id":"https:\/\/naturalpoland.com\/tr\/urunler\/farmasotik-hammaddeler\/mantar-ekstraktlari\/reishi-mantari-ganoderma-lucidum\/#primaryimage","url":"https:\/\/naturalpoland.com\/wp-content\/uploads\/ekstrakt-grzybowy-reishi.jpg","contentUrl":"https:\/\/naturalpoland.com\/wp-content\/uploads\/ekstrakt-grzybowy-reishi.jpg","width":650,"height":650,"caption":"Reishi (Ganoderma lucidum)"},{"@type":"BreadcrumbList","@id":"https:\/\/naturalpoland.com\/tr\/urunler\/farmasotik-hammaddeler\/mantar-ekstraktlari\/reishi-mantari-ganoderma-lucidum\/#breadcrumb","itemListElement":[{"@type":"ListItem","position":1,"name":"Ana Sayfa","item":"https:\/\/naturalpoland.com\/tr\/"},{"@type":"ListItem","position":2,"name":"\u00dcr\u00fcnler","item":"https:\/\/naturalpoland.com\/tr\/urunler\/"},{"@type":"ListItem","position":3,"name":"Reishi Mantar\u0131 (Ganoderma lucidum)"}]},{"@type":"WebSite","@id":"https:\/\/naturalpoland.com\/tr\/#website","url":"https:\/\/naturalpoland.com\/tr\/","name":"NATURAL POLAND - Hurtowy Dystrybutor Surowc\u00f3w","description":"Surowce dla przemys\u0142u spo\u017cywczego, kosmetycznego i farmaceutycznego","publisher":{"@id":"https:\/\/naturalpoland.com\/tr\/#organization"},"potentialAction":[{"@type":"SearchAction","target":{"@type":"EntryPoint","urlTemplate":"https:\/\/naturalpoland.com\/tr\/?s={search_term_string}"},"query-input":{"@type":"PropertyValueSpecification","valueRequired":true,"valueName":"search_term_string"}}],"inLanguage":"tr"},{"@type":"Organization","@id":"https:\/\/naturalpoland.com\/tr\/#organization","name":"Natural Poland","url":"https:\/\/naturalpoland.com\/tr\/","logo":{"@type":"ImageObject","inLanguage":"tr","@id":"https:\/\/naturalpoland.com\/tr\/#\/schema\/logo\/image\/","url":"https:\/\/naturalpoland.com\/wp-content\/uploads\/2021\/05\/natural-poland-icon.png","contentUrl":"https:\/\/naturalpoland.com\/wp-content\/uploads\/2021\/05\/natural-poland-icon.png","width":512,"height":512,"caption":"Natural Poland"},"image":{"@id":"https:\/\/naturalpoland.com\/tr\/#\/schema\/logo\/image\/"},"sameAs":["https:\/\/www.facebook.com\/naturalpoland.b2b","https:\/\/pl.linkedin.com\/company\/natural-poland","https:\/\/www.youtube.com\/channel\/UCgeGGkvOMahZo-xu_MSEWxg"]}]}},"_links":{"self":[{"href":"https:\/\/naturalpoland.com\/tr\/wp-json\/wp\/v2\/product\/44376","targetHints":{"allow":["GET"]}}],"collection":[{"href":"https:\/\/naturalpoland.com\/tr\/wp-json\/wp\/v2\/product"}],"about":[{"href":"https:\/\/naturalpoland.com\/tr\/wp-json\/wp\/v2\/types\/product"}],"wp:featuredmedia":[{"embeddable":true,"href":"https:\/\/naturalpoland.com\/tr\/wp-json\/wp\/v2\/media\/44183"}],"wp:attachment":[{"href":"https:\/\/naturalpoland.com\/tr\/wp-json\/wp\/v2\/media?parent=44376"}],"wp:term":[{"taxonomy":"product_brand","embeddable":true,"href":"https:\/\/naturalpoland.com\/tr\/wp-json\/wp\/v2\/product_brand?post=44376"},{"taxonomy":"product_cat","embeddable":true,"href":"https:\/\/naturalpoland.com\/tr\/wp-json\/wp\/v2\/product_cat?post=44376"},{"taxonomy":"product_tag","embeddable":true,"href":"https:\/\/naturalpoland.com\/tr\/wp-json\/wp\/v2\/product_tag?post=44376"}],"curies":[{"name":"wp","href":"https:\/\/api.w.org\/{rel}","templated":true}]}}