{"id":44377,"date":"2023-03-06T14:56:55","date_gmt":"2023-03-06T13:56:55","guid":{"rendered":"https:\/\/naturalpoland.com\/produkty\/kategorilenmemis\/aslan-yelesi-lions-mane\/"},"modified":"2025-12-22T11:57:12","modified_gmt":"2025-12-22T10:57:12","slug":"aslan-yelesi-lions-mane","status":"publish","type":"product","link":"https:\/\/naturalpoland.com\/tr\/urunler\/farmasotik-hammaddeler\/mantar-ekstraktlari\/aslan-yelesi-lions-mane\/","title":{"rendered":"Aslan Yelesi &#8211; Lion&#8217;s Mane"},"content":{"rendered":"<p>Aslan Yelesi&#8217;nde bulunan herisenon ve erinasin terpenoidlerinin, sinir b\u00fcy\u00fcme fakt\u00f6r\u00fcn\u00fcn (NGF) sentezini uyard\u0131\u011f\u0131 tespit edilmi\u015ftir &#8211; bu da beyinde yeni sinaptik ba\u011flant\u0131lar\u0131n olu\u015fmas\u0131n\u0131 sa\u011flayarak n\u00f6rodejeneratif hastal\u0131klar\u0131n geli\u015fimini engelleyebilir. Lion&#8217;s Mane ayr\u0131ca antidepresan ve anksiyolitik etkilere sahip olabilir. <\/p>\n<h2>Aslan Yelesi &#8211; Lion&#8217;s Mane&#8217;in \u00d6zellikleri<\/h2>\n<ul>\n<li>nootropik etkiye sahiptir &#8211; n\u00f6ron \u00fcretimini ve rejenerasyonunu ve beyin neuroplastisitesini art\u0131r\u0131r<\/li>\n<li>haf\u0131za ve bili\u015fsel yetenekleri geli\u015ftirir<\/li>\n<li>ruh halini iyile\u015ftirebilir ve kayg\u0131y\u0131 azaltabilir<\/li>\n<li>i\u00e7erdi\u011fi polisakkaritler sayesinde iltihab\u0131 azalt\u0131r, mide mukozas\u0131n\u0131 korur<\/li>\n<\/ul>\n<h2>Hericium erinaceus Ekstrakt\u0131n\u0131n Kullan\u0131m Alanlar\u0131<\/h2>\n<ul>\n<li>Sinir sistemini destekleyen, bili\u015fsel i\u015flevleri geli\u015ftiren g\u0131da takviyeleri<\/li>\n<li>Antiinflamatuar ve antioksidan \u00f6zellikli farmas\u00f6tik preparatlar<\/li>\n<li>Koruyucu ve yenileyici cilt bak\u0131m \u00fcr\u00fcnleri<\/li>\n<\/ul>\n<p>&nbsp;<\/p>\n","protected":false},"excerpt":{"rendered":"<p><strong>Hericium erinaceus (Aslan Yelesi) &#8211; Lion&#8217;s Mane mantar\u0131 ekstrakt\u0131<\/strong>, geleneksel \u00c7in t\u0131bb\u0131n\u0131n vital mantarlar\u0131ndan biridir. Hem mantar hem de fermente miseli, polisakkaritler, proteinler, lektinler, fenoller ve terpenoidler dahil olmak \u00fczere \u00e7e\u015fitli biyoaktif molek\u00fcl s\u0131n\u0131flar\u0131 \u00fcretir.<\/p>\n","protected":false},"featured_media":44378,"template":"","meta":{"_acf_changed":false},"product_brand":[],"product_cat":[9541],"product_tag":[],"class_list":{"0":"post-44377","1":"product","2":"type-product","3":"status-publish","4":"has-post-thumbnail","6":"product_cat-mantar-ekstraktlari","7":"pa_czesc-rosliny-meyve-govdesi","8":"pa_skladnik-aktywny-polisakaritler","10":"first","11":"instock","12":"shipping-taxable","13":"product-type-simple"},"acf":[],"yoast_head":"<!-- This site is optimized with the Yoast SEO plugin v27.5 - https:\/\/yoast.com\/product\/yoast-seo-wordpress\/ -->\n<title>Aslan Yelesi - Lion&#039;s Mane - NATURAL POLAND - Hurtowy Dystrybutor Surowc\u00f3w<\/title>\n<meta name=\"description\" content=\"Hericium erinaceus mantar\u0131ndan elde edilen ekstrakt, Aslan Yelesi veya Lion&#039;s Mane olarak da bilinir.\" \/>\n<meta name=\"robots\" content=\"index, follow, max-snippet:-1, max-image-preview:large, max-video-preview:-1\" \/>\n<link rel=\"canonical\" href=\"https:\/\/naturalpoland.com\/tr\/urunler\/farmasotik-hammaddeler\/mantar-ekstraktlari\/aslan-yelesi-lions-mane\/\" \/>\n<meta property=\"og:locale\" content=\"tr_TR\" \/>\n<meta property=\"og:type\" content=\"article\" \/>\n<meta property=\"og:title\" content=\"Aslan Yelesi - Lion&#039;s Mane - NATURAL POLAND - Hurtowy Dystrybutor Surowc\u00f3w\" \/>\n<meta property=\"og:description\" content=\"Hericium erinaceus mantar\u0131ndan elde edilen ekstrakt, Aslan Yelesi veya Lion&#039;s Mane olarak da bilinir.\" \/>\n<meta property=\"og:url\" content=\"https:\/\/naturalpoland.com\/tr\/urunler\/farmasotik-hammaddeler\/mantar-ekstraktlari\/aslan-yelesi-lions-mane\/\" \/>\n<meta property=\"og:site_name\" content=\"NATURAL POLAND - Hurtowy Dystrybutor Surowc\u00f3w\" \/>\n<meta property=\"article:publisher\" content=\"https:\/\/www.facebook.com\/naturalpoland.b2b\" \/>\n<meta property=\"article:modified_time\" content=\"2025-12-22T10:57:12+00:00\" \/>\n<meta property=\"og:image\" content=\"https:\/\/naturalpoland.com\/wp-content\/uploads\/soplowka-jezowata-Lions-mane.jpg\" \/>\n\t<meta property=\"og:image:width\" content=\"650\" \/>\n\t<meta property=\"og:image:height\" content=\"650\" \/>\n\t<meta property=\"og:image:type\" content=\"image\/jpeg\" \/>\n<script type=\"application\/ld+json\" class=\"yoast-schema-graph\">{\"@context\":\"https:\\\/\\\/schema.org\",\"@graph\":[{\"@type\":\"WebPage\",\"@id\":\"https:\\\/\\\/naturalpoland.com\\\/tr\\\/urunler\\\/farmasotik-hammaddeler\\\/mantar-ekstraktlari\\\/aslan-yelesi-lions-mane\\\/\",\"url\":\"https:\\\/\\\/naturalpoland.com\\\/tr\\\/urunler\\\/farmasotik-hammaddeler\\\/mantar-ekstraktlari\\\/aslan-yelesi-lions-mane\\\/\",\"name\":\"Aslan Yelesi - Lion's Mane - NATURAL POLAND - Hurtowy Dystrybutor Surowc\u00f3w\",\"isPartOf\":{\"@id\":\"https:\\\/\\\/naturalpoland.com\\\/tr\\\/#website\"},\"primaryImageOfPage\":{\"@id\":\"https:\\\/\\\/naturalpoland.com\\\/tr\\\/urunler\\\/farmasotik-hammaddeler\\\/mantar-ekstraktlari\\\/aslan-yelesi-lions-mane\\\/#primaryimage\"},\"image\":{\"@id\":\"https:\\\/\\\/naturalpoland.com\\\/tr\\\/urunler\\\/farmasotik-hammaddeler\\\/mantar-ekstraktlari\\\/aslan-yelesi-lions-mane\\\/#primaryimage\"},\"thumbnailUrl\":\"https:\\\/\\\/naturalpoland.com\\\/wp-content\\\/uploads\\\/soplowka-jezowata-Lions-mane.jpg\",\"datePublished\":\"2023-03-06T13:56:55+00:00\",\"dateModified\":\"2025-12-22T10:57:12+00:00\",\"description\":\"Hericium erinaceus mantar\u0131ndan elde edilen ekstrakt, Aslan Yelesi veya Lion's Mane olarak da bilinir.\",\"breadcrumb\":{\"@id\":\"https:\\\/\\\/naturalpoland.com\\\/tr\\\/urunler\\\/farmasotik-hammaddeler\\\/mantar-ekstraktlari\\\/aslan-yelesi-lions-mane\\\/#breadcrumb\"},\"inLanguage\":\"tr\",\"potentialAction\":[{\"@type\":\"ReadAction\",\"target\":[\"https:\\\/\\\/naturalpoland.com\\\/tr\\\/urunler\\\/farmasotik-hammaddeler\\\/mantar-ekstraktlari\\\/aslan-yelesi-lions-mane\\\/\"]}]},{\"@type\":\"ImageObject\",\"inLanguage\":\"tr\",\"@id\":\"https:\\\/\\\/naturalpoland.com\\\/tr\\\/urunler\\\/farmasotik-hammaddeler\\\/mantar-ekstraktlari\\\/aslan-yelesi-lions-mane\\\/#primaryimage\",\"url\":\"https:\\\/\\\/naturalpoland.com\\\/wp-content\\\/uploads\\\/soplowka-jezowata-Lions-mane.jpg\",\"contentUrl\":\"https:\\\/\\\/naturalpoland.com\\\/wp-content\\\/uploads\\\/soplowka-jezowata-Lions-mane.jpg\",\"width\":650,\"height\":650,\"caption\":\"Aslan Yelesi - Lion's Mane (Hericium erinaceus)\"},{\"@type\":\"BreadcrumbList\",\"@id\":\"https:\\\/\\\/naturalpoland.com\\\/tr\\\/urunler\\\/farmasotik-hammaddeler\\\/mantar-ekstraktlari\\\/aslan-yelesi-lions-mane\\\/#breadcrumb\",\"itemListElement\":[{\"@type\":\"ListItem\",\"position\":1,\"name\":\"Ana Sayfa\",\"item\":\"https:\\\/\\\/naturalpoland.com\\\/tr\\\/\"},{\"@type\":\"ListItem\",\"position\":2,\"name\":\"\u00dcr\u00fcnler\",\"item\":\"https:\\\/\\\/naturalpoland.com\\\/tr\\\/urunler\\\/\"},{\"@type\":\"ListItem\",\"position\":3,\"name\":\"Aslan Yelesi &#8211; Lion&#8217;s Mane\"}]},{\"@type\":\"WebSite\",\"@id\":\"https:\\\/\\\/naturalpoland.com\\\/tr\\\/#website\",\"url\":\"https:\\\/\\\/naturalpoland.com\\\/tr\\\/\",\"name\":\"NATURAL POLAND - Hurtowy Dystrybutor Surowc\u00f3w\",\"description\":\"Surowce dla przemys\u0142u spo\u017cywczego, kosmetycznego i farmaceutycznego\",\"publisher\":{\"@id\":\"https:\\\/\\\/naturalpoland.com\\\/tr\\\/#organization\"},\"potentialAction\":[{\"@type\":\"SearchAction\",\"target\":{\"@type\":\"EntryPoint\",\"urlTemplate\":\"https:\\\/\\\/naturalpoland.com\\\/tr\\\/?s={search_term_string}\"},\"query-input\":{\"@type\":\"PropertyValueSpecification\",\"valueRequired\":true,\"valueName\":\"search_term_string\"}}],\"inLanguage\":\"tr\"},{\"@type\":\"Organization\",\"@id\":\"https:\\\/\\\/naturalpoland.com\\\/tr\\\/#organization\",\"name\":\"Natural Poland\",\"url\":\"https:\\\/\\\/naturalpoland.com\\\/tr\\\/\",\"logo\":{\"@type\":\"ImageObject\",\"inLanguage\":\"tr\",\"@id\":\"https:\\\/\\\/naturalpoland.com\\\/tr\\\/#\\\/schema\\\/logo\\\/image\\\/\",\"url\":\"https:\\\/\\\/naturalpoland.com\\\/wp-content\\\/uploads\\\/2021\\\/05\\\/natural-poland-icon.png\",\"contentUrl\":\"https:\\\/\\\/naturalpoland.com\\\/wp-content\\\/uploads\\\/2021\\\/05\\\/natural-poland-icon.png\",\"width\":512,\"height\":512,\"caption\":\"Natural Poland\"},\"image\":{\"@id\":\"https:\\\/\\\/naturalpoland.com\\\/tr\\\/#\\\/schema\\\/logo\\\/image\\\/\"},\"sameAs\":[\"https:\\\/\\\/www.facebook.com\\\/naturalpoland.b2b\",\"https:\\\/\\\/pl.linkedin.com\\\/company\\\/natural-poland\",\"https:\\\/\\\/www.youtube.com\\\/channel\\\/UCgeGGkvOMahZo-xu_MSEWxg\"]}]}<\/script>\n<!-- \/ Yoast SEO plugin. -->","yoast_head_json":{"title":"Aslan Yelesi - Lion's Mane - NATURAL POLAND - Hurtowy Dystrybutor Surowc\u00f3w","description":"Hericium erinaceus mantar\u0131ndan elde edilen ekstrakt, Aslan Yelesi veya Lion's Mane olarak da bilinir.","robots":{"index":"index","follow":"follow","max-snippet":"max-snippet:-1","max-image-preview":"max-image-preview:large","max-video-preview":"max-video-preview:-1"},"canonical":"https:\/\/naturalpoland.com\/tr\/urunler\/farmasotik-hammaddeler\/mantar-ekstraktlari\/aslan-yelesi-lions-mane\/","og_locale":"tr_TR","og_type":"article","og_title":"Aslan Yelesi - Lion's Mane - NATURAL POLAND - Hurtowy Dystrybutor Surowc\u00f3w","og_description":"Hericium erinaceus mantar\u0131ndan elde edilen ekstrakt, Aslan Yelesi veya Lion's Mane olarak da bilinir.","og_url":"https:\/\/naturalpoland.com\/tr\/urunler\/farmasotik-hammaddeler\/mantar-ekstraktlari\/aslan-yelesi-lions-mane\/","og_site_name":"NATURAL POLAND - Hurtowy Dystrybutor Surowc\u00f3w","article_publisher":"https:\/\/www.facebook.com\/naturalpoland.b2b","article_modified_time":"2025-12-22T10:57:12+00:00","og_image":[{"width":650,"height":650,"url":"https:\/\/naturalpoland.com\/wp-content\/uploads\/soplowka-jezowata-Lions-mane.jpg","type":"image\/jpeg"}],"schema":{"@context":"https:\/\/schema.org","@graph":[{"@type":"WebPage","@id":"https:\/\/naturalpoland.com\/tr\/urunler\/farmasotik-hammaddeler\/mantar-ekstraktlari\/aslan-yelesi-lions-mane\/","url":"https:\/\/naturalpoland.com\/tr\/urunler\/farmasotik-hammaddeler\/mantar-ekstraktlari\/aslan-yelesi-lions-mane\/","name":"Aslan Yelesi - Lion's Mane - NATURAL POLAND - Hurtowy Dystrybutor Surowc\u00f3w","isPartOf":{"@id":"https:\/\/naturalpoland.com\/tr\/#website"},"primaryImageOfPage":{"@id":"https:\/\/naturalpoland.com\/tr\/urunler\/farmasotik-hammaddeler\/mantar-ekstraktlari\/aslan-yelesi-lions-mane\/#primaryimage"},"image":{"@id":"https:\/\/naturalpoland.com\/tr\/urunler\/farmasotik-hammaddeler\/mantar-ekstraktlari\/aslan-yelesi-lions-mane\/#primaryimage"},"thumbnailUrl":"https:\/\/naturalpoland.com\/wp-content\/uploads\/soplowka-jezowata-Lions-mane.jpg","datePublished":"2023-03-06T13:56:55+00:00","dateModified":"2025-12-22T10:57:12+00:00","description":"Hericium erinaceus mantar\u0131ndan elde edilen ekstrakt, Aslan Yelesi veya Lion's Mane olarak da bilinir.","breadcrumb":{"@id":"https:\/\/naturalpoland.com\/tr\/urunler\/farmasotik-hammaddeler\/mantar-ekstraktlari\/aslan-yelesi-lions-mane\/#breadcrumb"},"inLanguage":"tr","potentialAction":[{"@type":"ReadAction","target":["https:\/\/naturalpoland.com\/tr\/urunler\/farmasotik-hammaddeler\/mantar-ekstraktlari\/aslan-yelesi-lions-mane\/"]}]},{"@type":"ImageObject","inLanguage":"tr","@id":"https:\/\/naturalpoland.com\/tr\/urunler\/farmasotik-hammaddeler\/mantar-ekstraktlari\/aslan-yelesi-lions-mane\/#primaryimage","url":"https:\/\/naturalpoland.com\/wp-content\/uploads\/soplowka-jezowata-Lions-mane.jpg","contentUrl":"https:\/\/naturalpoland.com\/wp-content\/uploads\/soplowka-jezowata-Lions-mane.jpg","width":650,"height":650,"caption":"Aslan Yelesi - Lion's Mane (Hericium erinaceus)"},{"@type":"BreadcrumbList","@id":"https:\/\/naturalpoland.com\/tr\/urunler\/farmasotik-hammaddeler\/mantar-ekstraktlari\/aslan-yelesi-lions-mane\/#breadcrumb","itemListElement":[{"@type":"ListItem","position":1,"name":"Ana Sayfa","item":"https:\/\/naturalpoland.com\/tr\/"},{"@type":"ListItem","position":2,"name":"\u00dcr\u00fcnler","item":"https:\/\/naturalpoland.com\/tr\/urunler\/"},{"@type":"ListItem","position":3,"name":"Aslan Yelesi &#8211; Lion&#8217;s Mane"}]},{"@type":"WebSite","@id":"https:\/\/naturalpoland.com\/tr\/#website","url":"https:\/\/naturalpoland.com\/tr\/","name":"NATURAL POLAND - Hurtowy Dystrybutor Surowc\u00f3w","description":"Surowce dla przemys\u0142u spo\u017cywczego, kosmetycznego i farmaceutycznego","publisher":{"@id":"https:\/\/naturalpoland.com\/tr\/#organization"},"potentialAction":[{"@type":"SearchAction","target":{"@type":"EntryPoint","urlTemplate":"https:\/\/naturalpoland.com\/tr\/?s={search_term_string}"},"query-input":{"@type":"PropertyValueSpecification","valueRequired":true,"valueName":"search_term_string"}}],"inLanguage":"tr"},{"@type":"Organization","@id":"https:\/\/naturalpoland.com\/tr\/#organization","name":"Natural Poland","url":"https:\/\/naturalpoland.com\/tr\/","logo":{"@type":"ImageObject","inLanguage":"tr","@id":"https:\/\/naturalpoland.com\/tr\/#\/schema\/logo\/image\/","url":"https:\/\/naturalpoland.com\/wp-content\/uploads\/2021\/05\/natural-poland-icon.png","contentUrl":"https:\/\/naturalpoland.com\/wp-content\/uploads\/2021\/05\/natural-poland-icon.png","width":512,"height":512,"caption":"Natural Poland"},"image":{"@id":"https:\/\/naturalpoland.com\/tr\/#\/schema\/logo\/image\/"},"sameAs":["https:\/\/www.facebook.com\/naturalpoland.b2b","https:\/\/pl.linkedin.com\/company\/natural-poland","https:\/\/www.youtube.com\/channel\/UCgeGGkvOMahZo-xu_MSEWxg"]}]}},"_links":{"self":[{"href":"https:\/\/naturalpoland.com\/tr\/wp-json\/wp\/v2\/product\/44377","targetHints":{"allow":["GET"]}}],"collection":[{"href":"https:\/\/naturalpoland.com\/tr\/wp-json\/wp\/v2\/product"}],"about":[{"href":"https:\/\/naturalpoland.com\/tr\/wp-json\/wp\/v2\/types\/product"}],"wp:featuredmedia":[{"embeddable":true,"href":"https:\/\/naturalpoland.com\/tr\/wp-json\/wp\/v2\/media\/44378"}],"wp:attachment":[{"href":"https:\/\/naturalpoland.com\/tr\/wp-json\/wp\/v2\/media?parent=44377"}],"wp:term":[{"taxonomy":"product_brand","embeddable":true,"href":"https:\/\/naturalpoland.com\/tr\/wp-json\/wp\/v2\/product_brand?post=44377"},{"taxonomy":"product_cat","embeddable":true,"href":"https:\/\/naturalpoland.com\/tr\/wp-json\/wp\/v2\/product_cat?post=44377"},{"taxonomy":"product_tag","embeddable":true,"href":"https:\/\/naturalpoland.com\/tr\/wp-json\/wp\/v2\/product_tag?post=44377"}],"curies":[{"name":"wp","href":"https:\/\/api.w.org\/{rel}","templated":true}]}}