{"id":44379,"date":"2023-03-16T11:45:33","date_gmt":"2023-03-16T10:45:33","guid":{"rendered":"https:\/\/naturalpoland.com\/produkty\/kategorilenmemis\/tremella-fuciformis-mantari-ozutu\/"},"modified":"2025-12-22T11:57:16","modified_gmt":"2025-12-22T10:57:16","slug":"tremella-fuciformis-mantari-ozutu","status":"publish","type":"product","link":"https:\/\/naturalpoland.com\/tr\/urunler\/farmasotik-hammaddeler\/mantar-ekstraktlari\/tremella-fuciformis-mantari-ozutu\/","title":{"rendered":"Tremella fuciformis mantar\u0131 \u00f6z\u00fct\u00fc"},"content":{"rendered":"<p>Bu Tremella \u00f6z\u00fct\u00fc, bilimsel ara\u015ft\u0131rmalarda cilt sa\u011fl\u0131\u011f\u0131 ve genel ba\u011f\u0131\u015f\u0131kl\u0131k \u00fczerinde ola\u011fan\u00fcst\u00fc etkileri g\u00f6sterilen polisakaritler i\u00e7eri\u011fi nedeniyle \u00f6zellikle de\u011ferlidir. Polisakaritler, nemlendirici etkisinden sorumlu temel aktif bile\u015fenlerdir ve bu da onu sentetik <a href=\"https:\/\/naturalpoland.com\/tr\/urunler\/kozmetik-hammaddeleri\/kozmetik-hammaddeleri-2\/hyaluronik-asit-cozeltisi-hyaluronik-jel\/\">hyal\u00fcronik asit<\/a> i\u00e7in do\u011fal bir alternatif haline getirir. Ayr\u0131ca, tremella polisakaritleri, cildin nemini ve esnekli\u011fini optimize ederek ya\u015flanma kar\u015f\u0131t\u0131 etki g\u00f6sterir, bu da k\u0131r\u0131\u015f\u0131kl\u0131klar\u0131n azalmas\u0131na ve genel cilt durumunun iyile\u015fmesine katk\u0131da bulunur.  <\/p>\n<p>Adaptojenik \u00f6zellikleri sayesinde, Tremella fuciformis \u00f6z\u00fct\u00fc ba\u011f\u0131\u015f\u0131kl\u0131\u011f\u0131 destekler ve organizman\u0131n \u00e7evresel ve fizyolojik strese adaptasyonunu iyile\u015ftirir. Bu, ba\u011f\u0131\u015f\u0131kl\u0131k sistemi \u00fczerindeki mod\u00fcle edici etkisiyle ilgilidir ve hastal\u0131klara kar\u015f\u0131 direnci ve daha h\u0131zl\u0131 iyile\u015fme yetene\u011fini do\u011frudan etkileyebilir. <\/p>\n<h2>Tremella fuciformis \u00f6z\u00fct\u00fcn\u00fcn kullan\u0131m\u0131<\/h2>\n<p>T\u0131bbi uygulamalar ba\u011flam\u0131nda, Tremella fuciformis kolesterol ve kan \u015fekeri seviyeleri \u00fczerindeki etkisi a\u00e7\u0131s\u0131ndan ara\u015ft\u0131r\u0131lmaktad\u0131r. Bu \u00f6z\u00fct, tip 2 diyabet ve hiperkolesterolemi gibi medeniyet hastal\u0131klar\u0131n\u0131n \u00f6nlenmesine ve tedavisine katk\u0131da bulunabilir. Ayr\u0131ca ba\u011f\u0131rsak sa\u011fl\u0131\u011f\u0131 ve v\u00fccudun detoksifikasyon s\u00fcre\u00e7leri \u00fczerinde de faydal\u0131 etkileri vard\u0131r.  <\/p>\n<p>Besin takviyesi \u00fcretiminde, Tremella fuciformis \u00f6z\u00fct\u00fc a\u015fa\u011f\u0131daki alanlarda do\u011fal destek arayan ki\u015filer i\u00e7in form\u00fcller olu\u015fturmak i\u00e7in kullan\u0131labilir:<\/p>\n<ul>\n<li>cilt sa\u011fl\u0131\u011f\u0131,<\/li>\n<li>ba\u011f\u0131\u015f\u0131kl\u0131k,<\/li>\n<li>stres y\u00f6netimi,<\/li>\n<li>metabolik parametrelerin iyile\u015ftirilmesi.<\/li>\n<\/ul>\n<p>\u00c7ok y\u00f6nl\u00fcl\u00fc\u011f\u00fc ve g\u00fc\u00e7l\u00fc biyolojik etkisi, onu sa\u011fl\u0131\u011f\u0131 ve iyi hissetmeyi destekleyen yenilik\u00e7i \u00fcr\u00fcnler i\u00e7in \u00e7ekici bir bile\u015fen haline getiriyor.<\/p>\n<p>Tremella fuciformis \u00f6z\u00fct\u00fc, en y\u00fcksek safl\u0131k ve g\u00fcvenlik standartlar\u0131na \u00f6zen g\u00f6sterilerek \u00fcretilmektedir. \u00dcr\u00fcn GDO, a\u011f\u0131r metaller ve mikotoksinlerden ar\u0131nd\u0131r\u0131lm\u0131\u015ft\u0131r. Bu, y\u00fcksek kalitesini ve kullan\u0131m g\u00fcvenli\u011fini garanti eder.  <\/p>\n","protected":false},"excerpt":{"rendered":"<p>Asya k\u00f6kenli tremella mantar\u0131 (<em>Tremella fuciformis<\/em>, kar mantar\u0131) binlerce y\u0131ld\u0131r Geleneksel \u00c7in T\u0131bb\u0131nda de\u011fer g\u00f6rmektedir ve \u015fu anda kozmetik ve ila\u00e7 end\u00fcstrisinde de artan bir ilgi g\u00f6rmektedir.<\/p>\n","protected":false},"featured_media":44380,"template":"","meta":{"_acf_changed":false},"product_brand":[],"product_cat":[9541],"product_tag":[],"class_list":{"0":"post-44379","1":"product","2":"type-product","3":"status-publish","4":"has-post-thumbnail","6":"product_cat-mantar-ekstraktlari","7":"pa_czesc-rosliny-meyve-govdesi","9":"first","10":"instock","11":"shipping-taxable","12":"product-type-simple"},"acf":[],"yoast_head":"<!-- This site is optimized with the Yoast SEO plugin v27.5 - https:\/\/yoast.com\/product\/yoast-seo-wordpress\/ -->\n<title>Tremella fuciformis mantar\u0131 \u00f6z\u00fct\u00fc - Hurtowy Dystrybutor<\/title>\n<meta name=\"description\" content=\"Tremella fuciformis mantar\u0131 \u00f6z\u00fct\u00fc, zengin bir biyolojik profile ve Asya geleneksel t\u0131bb\u0131nda uzun bir kullan\u0131m ge\u00e7mi\u015fine sahip bir bile\u015fendir.\" \/>\n<meta name=\"robots\" content=\"index, follow, max-snippet:-1, max-image-preview:large, max-video-preview:-1\" \/>\n<link rel=\"canonical\" href=\"https:\/\/naturalpoland.com\/tr\/urunler\/farmasotik-hammaddeler\/mantar-ekstraktlari\/tremella-fuciformis-mantari-ozutu\/\" \/>\n<meta property=\"og:locale\" content=\"tr_TR\" \/>\n<meta property=\"og:type\" content=\"article\" \/>\n<meta property=\"og:title\" content=\"Tremella fuciformis mantar\u0131 \u00f6z\u00fct\u00fc - Hurtowy Dystrybutor\" \/>\n<meta property=\"og:description\" content=\"Tremella fuciformis mantar\u0131 \u00f6z\u00fct\u00fc, zengin bir biyolojik profile ve Asya geleneksel t\u0131bb\u0131nda uzun bir kullan\u0131m ge\u00e7mi\u015fine sahip bir bile\u015fendir.\" \/>\n<meta property=\"og:url\" content=\"https:\/\/naturalpoland.com\/tr\/urunler\/farmasotik-hammaddeler\/mantar-ekstraktlari\/tremella-fuciformis-mantari-ozutu\/\" \/>\n<meta property=\"og:site_name\" content=\"NATURAL POLAND - Hurtowy Dystrybutor Surowc\u00f3w\" \/>\n<meta property=\"article:publisher\" content=\"https:\/\/www.facebook.com\/naturalpoland.b2b\" \/>\n<meta property=\"article:modified_time\" content=\"2025-12-22T10:57:16+00:00\" \/>\n<meta property=\"og:image\" content=\"https:\/\/naturalpoland.com\/wp-content\/uploads\/grzyb-tremella.jpg\" \/>\n\t<meta property=\"og:image:width\" content=\"600\" \/>\n\t<meta property=\"og:image:height\" content=\"600\" \/>\n\t<meta property=\"og:image:type\" content=\"image\/jpeg\" \/>\n<script type=\"application\/ld+json\" class=\"yoast-schema-graph\">{\"@context\":\"https:\\\/\\\/schema.org\",\"@graph\":[{\"@type\":\"WebPage\",\"@id\":\"https:\\\/\\\/naturalpoland.com\\\/tr\\\/urunler\\\/farmasotik-hammaddeler\\\/mantar-ekstraktlari\\\/tremella-fuciformis-mantari-ozutu\\\/\",\"url\":\"https:\\\/\\\/naturalpoland.com\\\/tr\\\/urunler\\\/farmasotik-hammaddeler\\\/mantar-ekstraktlari\\\/tremella-fuciformis-mantari-ozutu\\\/\",\"name\":\"Tremella fuciformis mantar\u0131 \u00f6z\u00fct\u00fc - Hurtowy Dystrybutor\",\"isPartOf\":{\"@id\":\"https:\\\/\\\/naturalpoland.com\\\/tr\\\/#website\"},\"primaryImageOfPage\":{\"@id\":\"https:\\\/\\\/naturalpoland.com\\\/tr\\\/urunler\\\/farmasotik-hammaddeler\\\/mantar-ekstraktlari\\\/tremella-fuciformis-mantari-ozutu\\\/#primaryimage\"},\"image\":{\"@id\":\"https:\\\/\\\/naturalpoland.com\\\/tr\\\/urunler\\\/farmasotik-hammaddeler\\\/mantar-ekstraktlari\\\/tremella-fuciformis-mantari-ozutu\\\/#primaryimage\"},\"thumbnailUrl\":\"https:\\\/\\\/naturalpoland.com\\\/wp-content\\\/uploads\\\/grzyb-tremella.jpg\",\"datePublished\":\"2023-03-16T10:45:33+00:00\",\"dateModified\":\"2025-12-22T10:57:16+00:00\",\"description\":\"Tremella fuciformis mantar\u0131 \u00f6z\u00fct\u00fc, zengin bir biyolojik profile ve Asya geleneksel t\u0131bb\u0131nda uzun bir kullan\u0131m ge\u00e7mi\u015fine sahip bir bile\u015fendir.\",\"breadcrumb\":{\"@id\":\"https:\\\/\\\/naturalpoland.com\\\/tr\\\/urunler\\\/farmasotik-hammaddeler\\\/mantar-ekstraktlari\\\/tremella-fuciformis-mantari-ozutu\\\/#breadcrumb\"},\"inLanguage\":\"tr\",\"potentialAction\":[{\"@type\":\"ReadAction\",\"target\":[\"https:\\\/\\\/naturalpoland.com\\\/tr\\\/urunler\\\/farmasotik-hammaddeler\\\/mantar-ekstraktlari\\\/tremella-fuciformis-mantari-ozutu\\\/\"]}]},{\"@type\":\"ImageObject\",\"inLanguage\":\"tr\",\"@id\":\"https:\\\/\\\/naturalpoland.com\\\/tr\\\/urunler\\\/farmasotik-hammaddeler\\\/mantar-ekstraktlari\\\/tremella-fuciformis-mantari-ozutu\\\/#primaryimage\",\"url\":\"https:\\\/\\\/naturalpoland.com\\\/wp-content\\\/uploads\\\/grzyb-tremella.jpg\",\"contentUrl\":\"https:\\\/\\\/naturalpoland.com\\\/wp-content\\\/uploads\\\/grzyb-tremella.jpg\",\"width\":600,\"height\":600,\"caption\":\"tremella mantar\u0131\"},{\"@type\":\"BreadcrumbList\",\"@id\":\"https:\\\/\\\/naturalpoland.com\\\/tr\\\/urunler\\\/farmasotik-hammaddeler\\\/mantar-ekstraktlari\\\/tremella-fuciformis-mantari-ozutu\\\/#breadcrumb\",\"itemListElement\":[{\"@type\":\"ListItem\",\"position\":1,\"name\":\"Ana Sayfa\",\"item\":\"https:\\\/\\\/naturalpoland.com\\\/tr\\\/\"},{\"@type\":\"ListItem\",\"position\":2,\"name\":\"\u00dcr\u00fcnler\",\"item\":\"https:\\\/\\\/naturalpoland.com\\\/tr\\\/urunler\\\/\"},{\"@type\":\"ListItem\",\"position\":3,\"name\":\"Tremella fuciformis mantar\u0131 \u00f6z\u00fct\u00fc\"}]},{\"@type\":\"WebSite\",\"@id\":\"https:\\\/\\\/naturalpoland.com\\\/tr\\\/#website\",\"url\":\"https:\\\/\\\/naturalpoland.com\\\/tr\\\/\",\"name\":\"NATURAL POLAND - Hurtowy Dystrybutor Surowc\u00f3w\",\"description\":\"Surowce dla przemys\u0142u spo\u017cywczego, kosmetycznego i farmaceutycznego\",\"publisher\":{\"@id\":\"https:\\\/\\\/naturalpoland.com\\\/tr\\\/#organization\"},\"potentialAction\":[{\"@type\":\"SearchAction\",\"target\":{\"@type\":\"EntryPoint\",\"urlTemplate\":\"https:\\\/\\\/naturalpoland.com\\\/tr\\\/?s={search_term_string}\"},\"query-input\":{\"@type\":\"PropertyValueSpecification\",\"valueRequired\":true,\"valueName\":\"search_term_string\"}}],\"inLanguage\":\"tr\"},{\"@type\":\"Organization\",\"@id\":\"https:\\\/\\\/naturalpoland.com\\\/tr\\\/#organization\",\"name\":\"Natural Poland\",\"url\":\"https:\\\/\\\/naturalpoland.com\\\/tr\\\/\",\"logo\":{\"@type\":\"ImageObject\",\"inLanguage\":\"tr\",\"@id\":\"https:\\\/\\\/naturalpoland.com\\\/tr\\\/#\\\/schema\\\/logo\\\/image\\\/\",\"url\":\"https:\\\/\\\/naturalpoland.com\\\/wp-content\\\/uploads\\\/2021\\\/05\\\/natural-poland-icon.png\",\"contentUrl\":\"https:\\\/\\\/naturalpoland.com\\\/wp-content\\\/uploads\\\/2021\\\/05\\\/natural-poland-icon.png\",\"width\":512,\"height\":512,\"caption\":\"Natural Poland\"},\"image\":{\"@id\":\"https:\\\/\\\/naturalpoland.com\\\/tr\\\/#\\\/schema\\\/logo\\\/image\\\/\"},\"sameAs\":[\"https:\\\/\\\/www.facebook.com\\\/naturalpoland.b2b\",\"https:\\\/\\\/pl.linkedin.com\\\/company\\\/natural-poland\",\"https:\\\/\\\/www.youtube.com\\\/channel\\\/UCgeGGkvOMahZo-xu_MSEWxg\"]}]}<\/script>\n<!-- \/ Yoast SEO plugin. -->","yoast_head_json":{"title":"Tremella fuciformis mantar\u0131 \u00f6z\u00fct\u00fc - Hurtowy Dystrybutor","description":"Tremella fuciformis mantar\u0131 \u00f6z\u00fct\u00fc, zengin bir biyolojik profile ve Asya geleneksel t\u0131bb\u0131nda uzun bir kullan\u0131m ge\u00e7mi\u015fine sahip bir bile\u015fendir.","robots":{"index":"index","follow":"follow","max-snippet":"max-snippet:-1","max-image-preview":"max-image-preview:large","max-video-preview":"max-video-preview:-1"},"canonical":"https:\/\/naturalpoland.com\/tr\/urunler\/farmasotik-hammaddeler\/mantar-ekstraktlari\/tremella-fuciformis-mantari-ozutu\/","og_locale":"tr_TR","og_type":"article","og_title":"Tremella fuciformis mantar\u0131 \u00f6z\u00fct\u00fc - Hurtowy Dystrybutor","og_description":"Tremella fuciformis mantar\u0131 \u00f6z\u00fct\u00fc, zengin bir biyolojik profile ve Asya geleneksel t\u0131bb\u0131nda uzun bir kullan\u0131m ge\u00e7mi\u015fine sahip bir bile\u015fendir.","og_url":"https:\/\/naturalpoland.com\/tr\/urunler\/farmasotik-hammaddeler\/mantar-ekstraktlari\/tremella-fuciformis-mantari-ozutu\/","og_site_name":"NATURAL POLAND - Hurtowy Dystrybutor Surowc\u00f3w","article_publisher":"https:\/\/www.facebook.com\/naturalpoland.b2b","article_modified_time":"2025-12-22T10:57:16+00:00","og_image":[{"width":600,"height":600,"url":"https:\/\/naturalpoland.com\/wp-content\/uploads\/grzyb-tremella.jpg","type":"image\/jpeg"}],"schema":{"@context":"https:\/\/schema.org","@graph":[{"@type":"WebPage","@id":"https:\/\/naturalpoland.com\/tr\/urunler\/farmasotik-hammaddeler\/mantar-ekstraktlari\/tremella-fuciformis-mantari-ozutu\/","url":"https:\/\/naturalpoland.com\/tr\/urunler\/farmasotik-hammaddeler\/mantar-ekstraktlari\/tremella-fuciformis-mantari-ozutu\/","name":"Tremella fuciformis mantar\u0131 \u00f6z\u00fct\u00fc - Hurtowy Dystrybutor","isPartOf":{"@id":"https:\/\/naturalpoland.com\/tr\/#website"},"primaryImageOfPage":{"@id":"https:\/\/naturalpoland.com\/tr\/urunler\/farmasotik-hammaddeler\/mantar-ekstraktlari\/tremella-fuciformis-mantari-ozutu\/#primaryimage"},"image":{"@id":"https:\/\/naturalpoland.com\/tr\/urunler\/farmasotik-hammaddeler\/mantar-ekstraktlari\/tremella-fuciformis-mantari-ozutu\/#primaryimage"},"thumbnailUrl":"https:\/\/naturalpoland.com\/wp-content\/uploads\/grzyb-tremella.jpg","datePublished":"2023-03-16T10:45:33+00:00","dateModified":"2025-12-22T10:57:16+00:00","description":"Tremella fuciformis mantar\u0131 \u00f6z\u00fct\u00fc, zengin bir biyolojik profile ve Asya geleneksel t\u0131bb\u0131nda uzun bir kullan\u0131m ge\u00e7mi\u015fine sahip bir bile\u015fendir.","breadcrumb":{"@id":"https:\/\/naturalpoland.com\/tr\/urunler\/farmasotik-hammaddeler\/mantar-ekstraktlari\/tremella-fuciformis-mantari-ozutu\/#breadcrumb"},"inLanguage":"tr","potentialAction":[{"@type":"ReadAction","target":["https:\/\/naturalpoland.com\/tr\/urunler\/farmasotik-hammaddeler\/mantar-ekstraktlari\/tremella-fuciformis-mantari-ozutu\/"]}]},{"@type":"ImageObject","inLanguage":"tr","@id":"https:\/\/naturalpoland.com\/tr\/urunler\/farmasotik-hammaddeler\/mantar-ekstraktlari\/tremella-fuciformis-mantari-ozutu\/#primaryimage","url":"https:\/\/naturalpoland.com\/wp-content\/uploads\/grzyb-tremella.jpg","contentUrl":"https:\/\/naturalpoland.com\/wp-content\/uploads\/grzyb-tremella.jpg","width":600,"height":600,"caption":"tremella mantar\u0131"},{"@type":"BreadcrumbList","@id":"https:\/\/naturalpoland.com\/tr\/urunler\/farmasotik-hammaddeler\/mantar-ekstraktlari\/tremella-fuciformis-mantari-ozutu\/#breadcrumb","itemListElement":[{"@type":"ListItem","position":1,"name":"Ana Sayfa","item":"https:\/\/naturalpoland.com\/tr\/"},{"@type":"ListItem","position":2,"name":"\u00dcr\u00fcnler","item":"https:\/\/naturalpoland.com\/tr\/urunler\/"},{"@type":"ListItem","position":3,"name":"Tremella fuciformis mantar\u0131 \u00f6z\u00fct\u00fc"}]},{"@type":"WebSite","@id":"https:\/\/naturalpoland.com\/tr\/#website","url":"https:\/\/naturalpoland.com\/tr\/","name":"NATURAL POLAND - Hurtowy Dystrybutor Surowc\u00f3w","description":"Surowce dla przemys\u0142u spo\u017cywczego, kosmetycznego i farmaceutycznego","publisher":{"@id":"https:\/\/naturalpoland.com\/tr\/#organization"},"potentialAction":[{"@type":"SearchAction","target":{"@type":"EntryPoint","urlTemplate":"https:\/\/naturalpoland.com\/tr\/?s={search_term_string}"},"query-input":{"@type":"PropertyValueSpecification","valueRequired":true,"valueName":"search_term_string"}}],"inLanguage":"tr"},{"@type":"Organization","@id":"https:\/\/naturalpoland.com\/tr\/#organization","name":"Natural Poland","url":"https:\/\/naturalpoland.com\/tr\/","logo":{"@type":"ImageObject","inLanguage":"tr","@id":"https:\/\/naturalpoland.com\/tr\/#\/schema\/logo\/image\/","url":"https:\/\/naturalpoland.com\/wp-content\/uploads\/2021\/05\/natural-poland-icon.png","contentUrl":"https:\/\/naturalpoland.com\/wp-content\/uploads\/2021\/05\/natural-poland-icon.png","width":512,"height":512,"caption":"Natural Poland"},"image":{"@id":"https:\/\/naturalpoland.com\/tr\/#\/schema\/logo\/image\/"},"sameAs":["https:\/\/www.facebook.com\/naturalpoland.b2b","https:\/\/pl.linkedin.com\/company\/natural-poland","https:\/\/www.youtube.com\/channel\/UCgeGGkvOMahZo-xu_MSEWxg"]}]}},"_links":{"self":[{"href":"https:\/\/naturalpoland.com\/tr\/wp-json\/wp\/v2\/product\/44379","targetHints":{"allow":["GET"]}}],"collection":[{"href":"https:\/\/naturalpoland.com\/tr\/wp-json\/wp\/v2\/product"}],"about":[{"href":"https:\/\/naturalpoland.com\/tr\/wp-json\/wp\/v2\/types\/product"}],"wp:featuredmedia":[{"embeddable":true,"href":"https:\/\/naturalpoland.com\/tr\/wp-json\/wp\/v2\/media\/44380"}],"wp:attachment":[{"href":"https:\/\/naturalpoland.com\/tr\/wp-json\/wp\/v2\/media?parent=44379"}],"wp:term":[{"taxonomy":"product_brand","embeddable":true,"href":"https:\/\/naturalpoland.com\/tr\/wp-json\/wp\/v2\/product_brand?post=44379"},{"taxonomy":"product_cat","embeddable":true,"href":"https:\/\/naturalpoland.com\/tr\/wp-json\/wp\/v2\/product_cat?post=44379"},{"taxonomy":"product_tag","embeddable":true,"href":"https:\/\/naturalpoland.com\/tr\/wp-json\/wp\/v2\/product_tag?post=44379"}],"curies":[{"name":"wp","href":"https:\/\/api.w.org\/{rel}","templated":true}]}}