{"id":44381,"date":"2023-05-12T15:17:11","date_gmt":"2023-05-12T13:17:11","guid":{"rendered":"https:\/\/naturalpoland.com\/produkty\/kategorilenmemis\/chaga-mantari-inonotus-obliquus\/"},"modified":"2025-12-22T11:57:20","modified_gmt":"2025-12-22T10:57:20","slug":"chaga-mantari-inonotus-obliquus","status":"publish","type":"product","link":"https:\/\/naturalpoland.com\/tr\/urunler\/farmasotik-hammaddeler\/mantar-ekstraktlari\/chaga-mantari-inonotus-obliquus\/","title":{"rendered":"Chaga Mantar\u0131 (Inonotus obliquus)"},"content":{"rendered":"<p>Chaga mantar\u0131 do\u011fal olarak kuzey yar\u0131mk\u00fcrede, \u00f6zellikle Sibirya, Kuzey \u00c7in, Kanada ve \u0130skandinav \u00fclkelerindeki hu\u015f a\u011fa\u00e7lar\u0131nda yeti\u015fir. Bu b\u00f6lgelerin yerli halklar\u0131 taraf\u0131ndan geleneksel t\u0131pta ve koruyucu rit\u00fcellerde kullan\u0131lm\u0131\u015f, bu nedenle &#8220;boreal ormanlar\u0131n hediyesi&#8221; olarak an\u0131lm\u0131\u015ft\u0131r. <\/p>\n<h2>Chaga \u00d6z\u00fct\u00fcn\u00fcn \u00d6zellikleri<\/h2>\n<p>Modern ara\u015ft\u0131rmalar, \u00f6zellikle <strong>polisakaritler<\/strong>, <strong>organik asitler<\/strong>, <strong>melanin<\/strong> ve <strong>antioksidanlar<\/strong> bak\u0131m\u0131ndan zengin olan Chaga \u00f6z\u00fct\u00fcn\u00fcn ola\u011fan\u00fcst\u00fc \u00f6zelliklerini do\u011frulamaktad\u0131r. Bu bile\u015fikler ba\u011f\u0131\u015f\u0131kl\u0131k d\u00fczenleyici, adaptojenik ve g\u00fc\u00e7l\u00fc antioksidan etkilere sahiptir. \u00d6z\u00fct, do\u011fal ba\u011f\u0131\u015f\u0131kl\u0131\u011f\u0131 destekler, h\u00fccreleri oksidatif strese kar\u015f\u0131 korur ve antiviral ve antienflamatuar etki g\u00f6sterir.  <\/p>\n<h2>Kullan\u0131m alanlar\u0131<\/h2>\n<p>Chaga \u00f6z\u00fct\u00fcn\u00fcn kullan\u0131m alan\u0131 geni\u015ftir. Kan \u015fekeri ve kolesterol seviyelerinin d\u00fczenlenmesini destekleyebilir, karaci\u011fer fonksiyonlar\u0131na yard\u0131mc\u0131 olabilir ve n\u00f6roprotektif etkisi sayesinde haf\u0131za ve konsantrasyonu iyile\u015ftirebilir. \u00d6zellikle, v\u00fccudun do\u011fal savunma mekanizmalar\u0131n\u0131 destekleyen biyoaktif bile\u015fiklerin y\u00fcksek i\u00e7eri\u011finden kaynaklanan antikanser potansiyeli dikkat \u00e7ekmektedir.  <\/p>\n<p>\u00d6z\u00fct, mantar meyve g\u00f6vdesinden etanol-su ekstraksiyonu ile elde edilir ve ta\u015f\u0131y\u0131c\u0131 olarak maltodekstrin i\u00e7erir. \u00dcr\u00fcn GDO, a\u011f\u0131r metal ve mikrobiyolojik kirliliklerden ar\u0131nd\u0131r\u0131lm\u0131\u015ft\u0131r. <\/p>\n","protected":false},"excerpt":{"rendered":"<p><g>Chaga \u00f6z\u00fct\u00fc<\/g>, <g>Inonotus obliquus<\/g> mantar\u0131n\u0131n meyve g\u00f6vdesinden elde edilen bir hammaddedir.<\/p>\n","protected":false},"featured_media":44383,"template":"","meta":{"_acf_changed":false},"product_brand":[],"product_cat":[9541],"product_tag":[],"class_list":{"0":"post-44381","1":"product","2":"type-product","3":"status-publish","4":"has-post-thumbnail","6":"product_cat-mantar-ekstraktlari","7":"pa_czesc-rosliny-meyve-govdesi","8":"pa_metoda-pozyskiwania-etanol-su-ekstraksiyonu","9":"pa_skladnik-aktywny-polisakaritler","11":"first","12":"instock","13":"shipping-taxable","14":"product-type-simple"},"acf":[],"yoast_head":"<!-- This site is optimized with the Yoast SEO plugin v27.5 - https:\/\/yoast.com\/product\/yoast-seo-wordpress\/ -->\n<title>Chaga Mantar\u0131 (Inonotus obliquus) - Hurtowy Dystrybutor<\/title>\n<meta name=\"description\" content=\"Chaga \u00f6z\u00fct\u00fc, Inonotus obliquus mantar\u0131n\u0131n meyve g\u00f6vdesinden etanol-su ekstraksiyonu ile elde edilen bir hammaddedir.\" \/>\n<meta name=\"robots\" content=\"index, follow, max-snippet:-1, max-image-preview:large, max-video-preview:-1\" \/>\n<link rel=\"canonical\" href=\"https:\/\/naturalpoland.com\/tr\/urunler\/farmasotik-hammaddeler\/mantar-ekstraktlari\/chaga-mantari-inonotus-obliquus\/\" \/>\n<meta property=\"og:locale\" content=\"tr_TR\" \/>\n<meta property=\"og:type\" content=\"article\" \/>\n<meta property=\"og:title\" content=\"Chaga Mantar\u0131 (Inonotus obliquus) - Hurtowy Dystrybutor\" \/>\n<meta property=\"og:description\" content=\"Chaga \u00f6z\u00fct\u00fc, Inonotus obliquus mantar\u0131n\u0131n meyve g\u00f6vdesinden etanol-su ekstraksiyonu ile elde edilen bir hammaddedir.\" \/>\n<meta property=\"og:url\" content=\"https:\/\/naturalpoland.com\/tr\/urunler\/farmasotik-hammaddeler\/mantar-ekstraktlari\/chaga-mantari-inonotus-obliquus\/\" \/>\n<meta property=\"og:site_name\" content=\"NATURAL POLAND - Hurtowy Dystrybutor Surowc\u00f3w\" \/>\n<meta property=\"article:publisher\" content=\"https:\/\/www.facebook.com\/naturalpoland.b2b\" \/>\n<meta property=\"article:modified_time\" content=\"2025-12-22T10:57:20+00:00\" \/>\n<meta property=\"og:image\" content=\"https:\/\/naturalpoland.com\/wp-content\/uploads\/ekstrakt-z-chaga.webp\" \/>\n\t<meta property=\"og:image:width\" content=\"1024\" \/>\n\t<meta property=\"og:image:height\" content=\"1024\" \/>\n\t<meta property=\"og:image:type\" content=\"image\/webp\" \/>\n<script type=\"application\/ld+json\" class=\"yoast-schema-graph\">{\"@context\":\"https:\\\/\\\/schema.org\",\"@graph\":[{\"@type\":\"WebPage\",\"@id\":\"https:\\\/\\\/naturalpoland.com\\\/tr\\\/urunler\\\/farmasotik-hammaddeler\\\/mantar-ekstraktlari\\\/chaga-mantari-inonotus-obliquus\\\/\",\"url\":\"https:\\\/\\\/naturalpoland.com\\\/tr\\\/urunler\\\/farmasotik-hammaddeler\\\/mantar-ekstraktlari\\\/chaga-mantari-inonotus-obliquus\\\/\",\"name\":\"Chaga Mantar\u0131 (Inonotus obliquus) - Hurtowy Dystrybutor\",\"isPartOf\":{\"@id\":\"https:\\\/\\\/naturalpoland.com\\\/tr\\\/#website\"},\"primaryImageOfPage\":{\"@id\":\"https:\\\/\\\/naturalpoland.com\\\/tr\\\/urunler\\\/farmasotik-hammaddeler\\\/mantar-ekstraktlari\\\/chaga-mantari-inonotus-obliquus\\\/#primaryimage\"},\"image\":{\"@id\":\"https:\\\/\\\/naturalpoland.com\\\/tr\\\/urunler\\\/farmasotik-hammaddeler\\\/mantar-ekstraktlari\\\/chaga-mantari-inonotus-obliquus\\\/#primaryimage\"},\"thumbnailUrl\":\"https:\\\/\\\/naturalpoland.com\\\/wp-content\\\/uploads\\\/ekstrakt-z-chaga.webp\",\"datePublished\":\"2023-05-12T13:17:11+00:00\",\"dateModified\":\"2025-12-22T10:57:20+00:00\",\"description\":\"Chaga \u00f6z\u00fct\u00fc, Inonotus obliquus mantar\u0131n\u0131n meyve g\u00f6vdesinden etanol-su ekstraksiyonu ile elde edilen bir hammaddedir.\",\"breadcrumb\":{\"@id\":\"https:\\\/\\\/naturalpoland.com\\\/tr\\\/urunler\\\/farmasotik-hammaddeler\\\/mantar-ekstraktlari\\\/chaga-mantari-inonotus-obliquus\\\/#breadcrumb\"},\"inLanguage\":\"tr\",\"potentialAction\":[{\"@type\":\"ReadAction\",\"target\":[\"https:\\\/\\\/naturalpoland.com\\\/tr\\\/urunler\\\/farmasotik-hammaddeler\\\/mantar-ekstraktlari\\\/chaga-mantari-inonotus-obliquus\\\/\"]}]},{\"@type\":\"ImageObject\",\"inLanguage\":\"tr\",\"@id\":\"https:\\\/\\\/naturalpoland.com\\\/tr\\\/urunler\\\/farmasotik-hammaddeler\\\/mantar-ekstraktlari\\\/chaga-mantari-inonotus-obliquus\\\/#primaryimage\",\"url\":\"https:\\\/\\\/naturalpoland.com\\\/wp-content\\\/uploads\\\/ekstrakt-z-chaga.webp\",\"contentUrl\":\"https:\\\/\\\/naturalpoland.com\\\/wp-content\\\/uploads\\\/ekstrakt-z-chaga.webp\",\"width\":1024,\"height\":1024,\"caption\":\"chaga mantar\u0131 toz \u00f6z\u00fct\u00fc\"},{\"@type\":\"BreadcrumbList\",\"@id\":\"https:\\\/\\\/naturalpoland.com\\\/tr\\\/urunler\\\/farmasotik-hammaddeler\\\/mantar-ekstraktlari\\\/chaga-mantari-inonotus-obliquus\\\/#breadcrumb\",\"itemListElement\":[{\"@type\":\"ListItem\",\"position\":1,\"name\":\"Ana Sayfa\",\"item\":\"https:\\\/\\\/naturalpoland.com\\\/tr\\\/\"},{\"@type\":\"ListItem\",\"position\":2,\"name\":\"\u00dcr\u00fcnler\",\"item\":\"https:\\\/\\\/naturalpoland.com\\\/tr\\\/urunler\\\/\"},{\"@type\":\"ListItem\",\"position\":3,\"name\":\"Chaga Mantar\u0131 (Inonotus obliquus)\"}]},{\"@type\":\"WebSite\",\"@id\":\"https:\\\/\\\/naturalpoland.com\\\/tr\\\/#website\",\"url\":\"https:\\\/\\\/naturalpoland.com\\\/tr\\\/\",\"name\":\"NATURAL POLAND - Hurtowy Dystrybutor Surowc\u00f3w\",\"description\":\"Surowce dla przemys\u0142u spo\u017cywczego, kosmetycznego i farmaceutycznego\",\"publisher\":{\"@id\":\"https:\\\/\\\/naturalpoland.com\\\/tr\\\/#organization\"},\"potentialAction\":[{\"@type\":\"SearchAction\",\"target\":{\"@type\":\"EntryPoint\",\"urlTemplate\":\"https:\\\/\\\/naturalpoland.com\\\/tr\\\/?s={search_term_string}\"},\"query-input\":{\"@type\":\"PropertyValueSpecification\",\"valueRequired\":true,\"valueName\":\"search_term_string\"}}],\"inLanguage\":\"tr\"},{\"@type\":\"Organization\",\"@id\":\"https:\\\/\\\/naturalpoland.com\\\/tr\\\/#organization\",\"name\":\"Natural Poland\",\"url\":\"https:\\\/\\\/naturalpoland.com\\\/tr\\\/\",\"logo\":{\"@type\":\"ImageObject\",\"inLanguage\":\"tr\",\"@id\":\"https:\\\/\\\/naturalpoland.com\\\/tr\\\/#\\\/schema\\\/logo\\\/image\\\/\",\"url\":\"https:\\\/\\\/naturalpoland.com\\\/wp-content\\\/uploads\\\/2021\\\/05\\\/natural-poland-icon.png\",\"contentUrl\":\"https:\\\/\\\/naturalpoland.com\\\/wp-content\\\/uploads\\\/2021\\\/05\\\/natural-poland-icon.png\",\"width\":512,\"height\":512,\"caption\":\"Natural Poland\"},\"image\":{\"@id\":\"https:\\\/\\\/naturalpoland.com\\\/tr\\\/#\\\/schema\\\/logo\\\/image\\\/\"},\"sameAs\":[\"https:\\\/\\\/www.facebook.com\\\/naturalpoland.b2b\",\"https:\\\/\\\/pl.linkedin.com\\\/company\\\/natural-poland\",\"https:\\\/\\\/www.youtube.com\\\/channel\\\/UCgeGGkvOMahZo-xu_MSEWxg\"]}]}<\/script>\n<!-- \/ Yoast SEO plugin. -->","yoast_head_json":{"title":"Chaga Mantar\u0131 (Inonotus obliquus) - Hurtowy Dystrybutor","description":"Chaga \u00f6z\u00fct\u00fc, Inonotus obliquus mantar\u0131n\u0131n meyve g\u00f6vdesinden etanol-su ekstraksiyonu ile elde edilen bir hammaddedir.","robots":{"index":"index","follow":"follow","max-snippet":"max-snippet:-1","max-image-preview":"max-image-preview:large","max-video-preview":"max-video-preview:-1"},"canonical":"https:\/\/naturalpoland.com\/tr\/urunler\/farmasotik-hammaddeler\/mantar-ekstraktlari\/chaga-mantari-inonotus-obliquus\/","og_locale":"tr_TR","og_type":"article","og_title":"Chaga Mantar\u0131 (Inonotus obliquus) - Hurtowy Dystrybutor","og_description":"Chaga \u00f6z\u00fct\u00fc, Inonotus obliquus mantar\u0131n\u0131n meyve g\u00f6vdesinden etanol-su ekstraksiyonu ile elde edilen bir hammaddedir.","og_url":"https:\/\/naturalpoland.com\/tr\/urunler\/farmasotik-hammaddeler\/mantar-ekstraktlari\/chaga-mantari-inonotus-obliquus\/","og_site_name":"NATURAL POLAND - Hurtowy Dystrybutor Surowc\u00f3w","article_publisher":"https:\/\/www.facebook.com\/naturalpoland.b2b","article_modified_time":"2025-12-22T10:57:20+00:00","og_image":[{"width":1024,"height":1024,"url":"https:\/\/naturalpoland.com\/wp-content\/uploads\/ekstrakt-z-chaga.webp","type":"image\/webp"}],"schema":{"@context":"https:\/\/schema.org","@graph":[{"@type":"WebPage","@id":"https:\/\/naturalpoland.com\/tr\/urunler\/farmasotik-hammaddeler\/mantar-ekstraktlari\/chaga-mantari-inonotus-obliquus\/","url":"https:\/\/naturalpoland.com\/tr\/urunler\/farmasotik-hammaddeler\/mantar-ekstraktlari\/chaga-mantari-inonotus-obliquus\/","name":"Chaga Mantar\u0131 (Inonotus obliquus) - Hurtowy Dystrybutor","isPartOf":{"@id":"https:\/\/naturalpoland.com\/tr\/#website"},"primaryImageOfPage":{"@id":"https:\/\/naturalpoland.com\/tr\/urunler\/farmasotik-hammaddeler\/mantar-ekstraktlari\/chaga-mantari-inonotus-obliquus\/#primaryimage"},"image":{"@id":"https:\/\/naturalpoland.com\/tr\/urunler\/farmasotik-hammaddeler\/mantar-ekstraktlari\/chaga-mantari-inonotus-obliquus\/#primaryimage"},"thumbnailUrl":"https:\/\/naturalpoland.com\/wp-content\/uploads\/ekstrakt-z-chaga.webp","datePublished":"2023-05-12T13:17:11+00:00","dateModified":"2025-12-22T10:57:20+00:00","description":"Chaga \u00f6z\u00fct\u00fc, Inonotus obliquus mantar\u0131n\u0131n meyve g\u00f6vdesinden etanol-su ekstraksiyonu ile elde edilen bir hammaddedir.","breadcrumb":{"@id":"https:\/\/naturalpoland.com\/tr\/urunler\/farmasotik-hammaddeler\/mantar-ekstraktlari\/chaga-mantari-inonotus-obliquus\/#breadcrumb"},"inLanguage":"tr","potentialAction":[{"@type":"ReadAction","target":["https:\/\/naturalpoland.com\/tr\/urunler\/farmasotik-hammaddeler\/mantar-ekstraktlari\/chaga-mantari-inonotus-obliquus\/"]}]},{"@type":"ImageObject","inLanguage":"tr","@id":"https:\/\/naturalpoland.com\/tr\/urunler\/farmasotik-hammaddeler\/mantar-ekstraktlari\/chaga-mantari-inonotus-obliquus\/#primaryimage","url":"https:\/\/naturalpoland.com\/wp-content\/uploads\/ekstrakt-z-chaga.webp","contentUrl":"https:\/\/naturalpoland.com\/wp-content\/uploads\/ekstrakt-z-chaga.webp","width":1024,"height":1024,"caption":"chaga mantar\u0131 toz \u00f6z\u00fct\u00fc"},{"@type":"BreadcrumbList","@id":"https:\/\/naturalpoland.com\/tr\/urunler\/farmasotik-hammaddeler\/mantar-ekstraktlari\/chaga-mantari-inonotus-obliquus\/#breadcrumb","itemListElement":[{"@type":"ListItem","position":1,"name":"Ana Sayfa","item":"https:\/\/naturalpoland.com\/tr\/"},{"@type":"ListItem","position":2,"name":"\u00dcr\u00fcnler","item":"https:\/\/naturalpoland.com\/tr\/urunler\/"},{"@type":"ListItem","position":3,"name":"Chaga Mantar\u0131 (Inonotus obliquus)"}]},{"@type":"WebSite","@id":"https:\/\/naturalpoland.com\/tr\/#website","url":"https:\/\/naturalpoland.com\/tr\/","name":"NATURAL POLAND - Hurtowy Dystrybutor Surowc\u00f3w","description":"Surowce dla przemys\u0142u spo\u017cywczego, kosmetycznego i farmaceutycznego","publisher":{"@id":"https:\/\/naturalpoland.com\/tr\/#organization"},"potentialAction":[{"@type":"SearchAction","target":{"@type":"EntryPoint","urlTemplate":"https:\/\/naturalpoland.com\/tr\/?s={search_term_string}"},"query-input":{"@type":"PropertyValueSpecification","valueRequired":true,"valueName":"search_term_string"}}],"inLanguage":"tr"},{"@type":"Organization","@id":"https:\/\/naturalpoland.com\/tr\/#organization","name":"Natural Poland","url":"https:\/\/naturalpoland.com\/tr\/","logo":{"@type":"ImageObject","inLanguage":"tr","@id":"https:\/\/naturalpoland.com\/tr\/#\/schema\/logo\/image\/","url":"https:\/\/naturalpoland.com\/wp-content\/uploads\/2021\/05\/natural-poland-icon.png","contentUrl":"https:\/\/naturalpoland.com\/wp-content\/uploads\/2021\/05\/natural-poland-icon.png","width":512,"height":512,"caption":"Natural Poland"},"image":{"@id":"https:\/\/naturalpoland.com\/tr\/#\/schema\/logo\/image\/"},"sameAs":["https:\/\/www.facebook.com\/naturalpoland.b2b","https:\/\/pl.linkedin.com\/company\/natural-poland","https:\/\/www.youtube.com\/channel\/UCgeGGkvOMahZo-xu_MSEWxg"]}]}},"_links":{"self":[{"href":"https:\/\/naturalpoland.com\/tr\/wp-json\/wp\/v2\/product\/44381","targetHints":{"allow":["GET"]}}],"collection":[{"href":"https:\/\/naturalpoland.com\/tr\/wp-json\/wp\/v2\/product"}],"about":[{"href":"https:\/\/naturalpoland.com\/tr\/wp-json\/wp\/v2\/types\/product"}],"wp:featuredmedia":[{"embeddable":true,"href":"https:\/\/naturalpoland.com\/tr\/wp-json\/wp\/v2\/media\/44383"}],"wp:attachment":[{"href":"https:\/\/naturalpoland.com\/tr\/wp-json\/wp\/v2\/media?parent=44381"}],"wp:term":[{"taxonomy":"product_brand","embeddable":true,"href":"https:\/\/naturalpoland.com\/tr\/wp-json\/wp\/v2\/product_brand?post=44381"},{"taxonomy":"product_cat","embeddable":true,"href":"https:\/\/naturalpoland.com\/tr\/wp-json\/wp\/v2\/product_cat?post=44381"},{"taxonomy":"product_tag","embeddable":true,"href":"https:\/\/naturalpoland.com\/tr\/wp-json\/wp\/v2\/product_tag?post=44381"}],"curies":[{"name":"wp","href":"https:\/\/api.w.org\/{rel}","templated":true}]}}